{"id":8643,"date":"2022-11-18T10:18:26","date_gmt":"2022-11-18T09:18:26","guid":{"rendered":"https:\/\/fcaresystems.com\/producten\/generatoren\/viridex-rf-generator\/"},"modified":"2023-12-22T10:46:47","modified_gmt":"2023-12-22T09:46:47","slug":"viridex-rf-generator","status":"publish","type":"page","link":"https:\/\/fcaresystems.com\/nl\/producten\/generatoren\/viridex-rf-generator\/","title":{"rendered":"Viridex\u00aeRF generator"},"content":{"rendered":"\n<div class=\"wp-block-fcs-core-container o-container\">\n<div class=\"wp-block-fcs-core-spacer u-padding-md-lg u-padding-md\"><\/div>\n\n\n\n<div class=\"wp-block-group c-breadcrumb\"><div class=\"wp-block-group__inner-container is-layout-flow wp-block-group-is-layout-flow\"><span><span><a href=\"https:\/\/fcaresystems.com\/nl\/\">Home<\/a><\/span><\/span>\n<\/div><\/div>\n\n\n\n<div class=\"wp-block-fcs-core-spacer u-padding-md-lg u-padding-md\"><\/div>\n\n\n\n<div class=\"wp-block-columns is-style-largegap is-layout-flex wp-container-core-columns-is-layout-9d6595d7 wp-block-columns-is-layout-flex\">\n<div class=\"wp-block-column is-layout-flow wp-block-column-is-layout-flow\"><div class=\"c-slider-gallery\"><div class=\"c-slider-wrapper\"><div class=\"c-slider c-slider-slick c-slider-slick-for o-block\" ref=\"slickSlide\"><a data-fancybox=\"gallery\" data-caption=\"Viridex\u00aeRF skin treatments\" href=\"https:\/\/fcaresystems.com\/wp-content\/uploads\/2023\/01\/00VIRIDEXRF_Viridex-RF-generator_01-1.jpg\"><img decoding=\"async\" src=\"https:\/\/fcaresystems.com\/wp-content\/uploads\/2023\/01\/00VIRIDEXRF_Viridex-RF-generator_01-1.jpg\" title=\"Viridex\u00aeRF skin treatments\"  \/><\/a><a data-fancybox=\"gallery\" data-caption=\"Viridex\u00aeRF skin treatment device\" href=\"https:\/\/fcaresystems.com\/wp-content\/uploads\/2022\/11\/Viridex-RF-skin-treatment-device-2.jpg\"><img decoding=\"async\" src=\"https:\/\/fcaresystems.com\/wp-content\/uploads\/2022\/11\/Viridex-RF-skin-treatment-device-2.jpg\" title=\"Viridex\u00aeRF skin treatment device\"  \/><\/a><a data-fancybox=\"gallery\" data-caption=\"Viridex\u00aeRF skin therapy\" href=\"https:\/\/fcaresystems.com\/wp-content\/uploads\/2022\/11\/Viridex-RF-skin-therapy-1.jpg\"><img decoding=\"async\" src=\"https:\/\/fcaresystems.com\/wp-content\/uploads\/2022\/11\/Viridex-RF-skin-therapy-1.jpg\" title=\"Viridex\u00aeRF skin therapy\"  \/><\/a><\/div><\/div><div class=\"c-slider-nav-container\"><div class=\"c-slider c-slider-slick c-slider-slick-nav u-margin-top-sm\" ref=\"slickNav\"><div><img decoding=\"async\" class=\"\" src=\"https:\/\/fcaresystems.com\/wp-content\/uploads\/2023\/01\/00VIRIDEXRF_Viridex-RF-generator_01-1.jpg\" srcset=\"\" alt=\"\" \/><\/div><div><img decoding=\"async\" class=\"\" src=\"https:\/\/fcaresystems.com\/wp-content\/uploads\/2022\/11\/Viridex-RF-skin-treatment-device-2.jpg\" srcset=\"\" alt=\"\" \/><\/div><div><img decoding=\"async\" class=\"\" src=\"https:\/\/fcaresystems.com\/wp-content\/uploads\/2022\/11\/Viridex-RF-skin-therapy-1.jpg\" srcset=\"\" alt=\"\" \/><\/div><\/div><\/div><\/div>\n\n\n<div class=\"wp-block-fcs-core-spacer u-padding-md-lg u-padding-md\"><\/div>\n\n\n\n<h3 class=\"wp-block-heading has-secondary-color has-text-color\">Technische specificaties<\/h3>\n\n\n\n<p>Technologie: monopolaire RF-generator<br>Uitgangsfrequentie:&nbsp; 4 MHz<br>Afmetingen: (b) 360 mm x (d) 280 mm x (h) 120 mm<br>Voedingsspanning: 115-230 V \/ 50-60 Hz<br>Max. ingangsvermogen: 125 VA<br>Uitgangsinstelling: 25 W<br>Gewicht: \u00b1 4 kg<\/p>\n\n\n\n<p><strong>Product-REF: <\/strong>00VIRIDEXRF<\/p>\n\n\n\n<div class=\"wp-block-fcs-core-spacer u-padding-sm-lg u-padding-md\"><\/div>\n<\/div>\n\n\n\n<div class=\"wp-block-column is-layout-flow wp-block-column-is-layout-flow\">\n<figure class=\"wp-block-image size-full is-resized\"><img decoding=\"async\" src=\"https:\/\/fcaresystems.com\/wp-content\/uploads\/2022\/11\/Viridex-RF.svg\" alt=\"\" class=\"wp-image-1058\" style=\"width:137px;height:24px\"\/><\/figure>\n\n\n\n<div class=\"wp-block-fcs-core-spacer u-padding-xs-lg u-padding-xs\"><\/div>\n\n\n\n<h1 class=\"wp-block-heading has-secondary-color has-text-color\">Viridex\u00aeRF generator voor huidtherapie<\/h1>\n\n\n\n<p>Cryochirurgie? Laserchirurgie? Elektrocauterisatie? Uv-therapie? Door de steeds groeiende verzameling behandelingsopties vragen kleinere klinieken voor cosmetische dermatologie zich vaak af waar ze moeten beginnen. Ook nadat de vaak aanzienlijke hindernis van de aanvankelijke investering is geslecht, worden artsen geconfronteerd met de kosten voor onderhoud en verbruiksartikelen voor een duizelingwekkend spectrum aan verschillende instrumenten, om nog maar te zwijgen van de tijd en arbeidskosten die gepaard gaan met het opleiden van alle medewerkers voor de nieuwe ingrepen. Natuurlijk is specialisatie in slechts een handvol huidbehandelingen een oplossing, maar weinig praktijken kunnen zich de luxe permitteren om hun potenti\u00eble klantenkring zodanig te beperken.<\/p>\n\n\n\n<p>Hier bij F Care Systems willen we dat cosmetische dermatologen over alles tegelijk kunnen beschikken. Daarom presenteren we met trots de Viridex\u00aeRF: een totaaloplossing voor alles wat met radiofrequentie-energie te maken heeft. Met behulp van gerichte radiofrequentie-energie en een verzameling speciaal ontworpen micronaalden kunnen dermatologen tal van <mark style=\"background-color:rgba(0, 0, 0, 0)\" class=\"has-inline-color has-primary-color\"><a href=\"https:\/\/fcaresystems.com\/nl\/patienteninformatie\/huidaandoeningen\/\">huidaandoeningen<\/a><\/mark> behandelen, waaronder (maar niet beperkt tot):<\/p>\n\n\n\n<ul class=\"wp-block-list\">\n<li>Teleangi\u00ebctasie\u00ebn<\/li>\n\n\n\n<li>Rimpels<\/li>\n\n\n\n<li>Striemen<\/li>\n\n\n\n<li>Ouderdomsvlekken<\/li>\n\n\n\n<li>Angiomen<\/li>\n\n\n\n<li>Rosacea<\/li>\n\n\n\n<li>Fibromen<\/li>\n\n\n\n<li>Steelwratjes<\/li>\n<\/ul>\n\n\n\n<p>Roep eenvoudig de betreffende behandeling op het touchscreen op en de Viridex\u00aeRF past automatisch de vooraf ingestelde standaardparameters toe, die u kunt aanpassen aan de individuele anatomie van uw pati\u00ebnt.<\/p>\n\n\n\n<div class=\"wp-block-fcs-core-spacer u-padding-sm-lg u-padding-xs\"><\/div>\n<\/div>\n<\/div>\n\n\n\n<figure class=\"wp-block-table\"><table><thead><tr><th><strong>Behandelingstype<\/strong><\/th><th><strong>Vermogen<\/strong><\/th><th><strong>Pulsduur<\/strong><\/th><th class=\"has-text-align-left\" data-align=\"left\"><strong>Naald<\/strong><\/th><\/tr><\/thead><tbody><tr><td>Teleangi\u00ebctasie\u00ebn (gezicht) <br>max \u00d8 0,3 mm<\/td><td>5 W<\/td><td>0,2 s<\/td><td class=\"has-text-align-left\" data-align=\"left\"><br>K3i (0,075 mm)<\/td><\/tr><tr><td>Teleangi\u00ebctasie\u00ebn (benen) <br>max \u00d8 1 mm<\/td><td>8 W<br>(5-12 W, afhankelijk van adergrootte en huidtype)<\/td><td>0,3 s<\/td><td class=\"has-text-align-left\" data-align=\"left\">K6i (0,150 mm)<\/td><\/tr><tr><td>Haar verwijderen<\/td><td>8 W<\/td><td>0,2 s<\/td><td class=\"has-text-align-left\" data-align=\"left\">K3i (0,075 mm)<\/td><\/tr><tr><td>Rimpels<\/td><td>10 W<\/td><td>continu<\/td><td class=\"has-text-align-left\" data-align=\"left\">K3i (0,075 mm)<\/td><\/tr><tr><td>Fibromen<\/td><td>13 W<\/td><td>0,3 s<\/td><td class=\"has-text-align-left\" data-align=\"left\">K6i (0,150 mm)<\/td><\/tr><tr><td>Angiomen<\/td><td>8 W<\/td><td>0,3 s<\/td><td class=\"has-text-align-left\" data-align=\"left\">K6i (0,150 mm)<\/td><\/tr><tr><td>Ouderdomsvlekken<\/td><td>6 W<br>(6 W tot 15 W, afhankelijk van huidtype, vlekgrootte en kleur)<\/td><td>0,5 s<\/td><td class=\"has-text-align-left\" data-align=\"left\">L-vormige naald<\/td><\/tr><tr><td>Striemen<\/td><td>6 W<\/td><td>continu<\/td><td class=\"has-text-align-left\" data-align=\"left\">K6i (0,150 mm)<\/td><\/tr><\/tbody><\/table><\/figure>\n\n\n\n<div class=\"wp-block-fcs-core-spacer u-padding-xl-lg u-padding-md\"><\/div>\n<\/div>\n\n\n\n<div class=\"wp-block-group has-secondary-background-color has-background\"><div class=\"wp-block-group__inner-container is-layout-constrained wp-block-group-is-layout-constrained\">\n<div class=\"wp-block-fcs-core-spacer u-padding-md-lg u-padding-md\"><\/div>\n\n\n\n<div class=\"wp-block-fcs-core-container o-container\">\n<figure class=\"wp-block-image size-full is-resized\"><img decoding=\"async\" src=\"https:\/\/fcaresystems.com\/wp-content\/uploads\/2022\/11\/icon-doctor-white.svg\" alt=\"\" class=\"wp-image-392\" style=\"width:46px;height:48px\"\/><\/figure>\n\n\n\n<div class=\"wp-block-fcs-core-spacer u-padding-xxs-lg u-padding-sm\"><\/div>\n\n\n\n<div class=\"wp-block-columns is-layout-flex wp-container-core-columns-is-layout-9d6595d7 wp-block-columns-is-layout-flex\">\n<div class=\"wp-block-column is-layout-flow wp-block-column-is-layout-flow\" style=\"flex-basis:56%\">\n<h2 class=\"wp-block-heading u-margin-none has-white-color has-text-color\">Ik heb dit nodig voor mijn praktijk<\/h2>\n\n\n\n<div class=\"wp-block-fcs-core-spacer u-padding-xxs-lg u-padding-xs\"><\/div>\n<\/div>\n\n\n\n<div class=\"wp-block-column is-vertically-aligned-bottom is-layout-flow wp-block-column-is-layout-flow\">\n<div class=\"wp-block-buttons is-content-justification-left is-layout-flex wp-container-core-buttons-is-layout-fdcfc74e wp-block-buttons-is-layout-flex\">\n<div class=\"wp-block-button alignright\"><a class=\"wp-block-button__link has-primary-background-color has-background wp-element-button\" href=\"https:\/\/fcaresystems.com\/nl\/producten\/bestel-product\/\">Dit product bestellen<\/a><\/div>\n\n\n\n<div class=\"wp-block-button alignright is-style-outline is-style-outline--1\"><a class=\"wp-block-button__link has-white-color has-text-color wp-element-button\" href=\"https:\/\/fcaresystems.com\/nl\/producten\/\">Bekijk alle producten<\/a><\/div>\n<\/div>\n<\/div>\n<\/div>\n<\/div>\n\n\n\n<div class=\"wp-block-fcs-core-spacer u-padding-md-lg u-padding-md\"><\/div>\n<\/div><\/div>\n\n\n\n<div class=\"wp-block-fcs-core-spacer u-padding-xl-lg u-padding-md\"><\/div>\n\n\n\n<div class=\"wp-block-fcs-core-container o-container\">\n<h2 class=\"wp-block-heading is-style-underline has-secondary-color has-text-color\">Gerelateerde verbruiksartikelen<\/h2>\n\n\n\n<div class=\"wp-block-fcs-core-spacer u-padding-xs-lg u-padding-xs\"><\/div>\n\n\n\n<div class=\"o-grid o-grid-3-lg o-grid-gap-s\"><div class=\"c-card__wrapper\">\n    <a href=\"https:\/\/fcaresystems.com\/nl\/producten\/verbruiksartikelen\/rf-naalden\/\" class=\"c-card c-card--product\">\n    <figure>\n    <img decoding=\"async\" src=\"https:\/\/fcaresystems.com\/wp-content\/uploads\/2022\/11\/needle-holder-skin-therapy.jpg\" alt=\"\" title=\"\" width=\"1080\" height=\"810\" loading=\"lazy\" \/>\n    <\/figure>\n        <div class=\"u-padding-sm o-flex o-flex-column o-flex-justify-content-between o-flex-grow\">\n            <div>\n                <h3>RF naalden en naaldhouder<\/h3>\n                <p>Ultrafijne naalden voor het uitvoeren van delicate dermatologische ingrepen.<\/p>\n            <\/div>\n            <p class=\"c-button-link c-button-link--icon u-margin-none\">Lees verder<\/p>\n        <\/div>\n    <\/a>\n<\/div><\/div>\n\n\n\n<div class=\"wp-block-fcs-core-spacer u-padding-xl-lg u-padding-md\"><\/div>\n\n\n\n<h2 class=\"wp-block-heading is-style-underline has-secondary-color has-text-color\">Gerelateerde behandeling<\/h2>\n\n\n\n<div class=\"wp-block-fcs-core-spacer u-padding-xs-lg u-padding-sm\"><\/div>\n\n\n\n<div class=\"wp-block-columns is-layout-flex wp-container-core-columns-is-layout-9d6595d7 wp-block-columns-is-layout-flex\">\n<div class=\"wp-block-column is-layout-flow wp-block-column-is-layout-flow\">\n<h3 class=\"wp-block-heading has-secondary-color has-text-color\">Esthetische Dermatologie | RF-huidtherapie<\/h3>\n\n\n\n<p>De parameter-voorinstellingen van de Viridex\u00aeRF maken een minimaal invasieve behandeling van tal van huidaandoeningen mogelijk met \u00e9\u00e9n druk op de knop.<br>Vraag naar meer specifieke informatie over RF-toepassingen in de esthetische dermatologie:<\/p>\n\n\n\n<div class=\"wp-block-buttons is-layout-flex wp-block-buttons-is-layout-flex\">\n<div class=\"wp-block-button\"><a class=\"wp-block-button__link has-primary-background-color has-background wp-element-button\" href=\"https:\/\/fcaresystems.com\/nl\/minimaal-invasieve-behandelingen\/esthetische-dermatologie\/radiofrequentie-huidtherapie\/\">Meer weten over RF-huidtherapie<\/a><\/div>\n<\/div>\n<\/div>\n\n\n\n<div class=\"wp-block-column is-layout-flow wp-block-column-is-layout-flow\">\n<div class=\"wp-block-fcs-core-spacer u-padding-xs-lg u-padding-sm\"><\/div>\n<\/div>\n<\/div>\n<\/div>\n\n\n\n<div class=\"wp-block-fcs-core-spacer u-padding-xxl-lg u-padding-md\"><\/div>\n","protected":false},"excerpt":{"rendered":"<p>Biedt een groot aantal plug-and-play-voorinstellingen, speciaal voor esthetische dermatologie.<\/p>\n","protected":false},"author":1,"featured_media":6005,"parent":8606,"menu_order":0,"comment_status":"closed","ping_status":"closed","template":"","meta":{"_color_hex":"","_color_slug":"","footnotes":""},"class_list":["post-8643","page","type-page","status-publish","has-post-thumbnail","hentry"],"yoast_head":"<!-- This site is optimized with the Yoast SEO plugin v27.0 - https:\/\/yoast.com\/product\/yoast-seo-wordpress\/ -->\n<title>Viridex\u00aeRF generator | F Care Systems<\/title>\n<meta name=\"description\" content=\"De Viridex\u00aeRF is een innovatieve alles-in-\u00e9\u00e9n radiofrequentiegenerator voor de behandeling van uiteenlopende huidaandoeningen.\" \/>\n<meta name=\"robots\" content=\"index, follow, max-snippet:-1, max-image-preview:large, max-video-preview:-1\" \/>\n<link rel=\"canonical\" href=\"https:\/\/fcaresystems.com\/nl\/producten\/generatoren\/viridex-rf-generator\/\" \/>\n<meta property=\"og:locale\" content=\"nl_NL\" \/>\n<meta property=\"og:type\" content=\"article\" \/>\n<meta property=\"og:title\" content=\"Viridex\u00aeRF generator | F Care Systems\" \/>\n<meta property=\"og:description\" content=\"De Viridex\u00aeRF is een innovatieve alles-in-\u00e9\u00e9n radiofrequentiegenerator voor de behandeling van uiteenlopende huidaandoeningen.\" \/>\n<meta property=\"og:url\" content=\"https:\/\/fcaresystems.com\/nl\/producten\/generatoren\/viridex-rf-generator\/\" \/>\n<meta property=\"og:site_name\" content=\"F Care Systems\" \/>\n<meta property=\"article:modified_time\" content=\"2023-12-22T09:46:47+00:00\" \/>\n<meta property=\"og:image\" content=\"https:\/\/fcaresystems.com\/wp-content\/uploads\/2023\/01\/00VIRIDEXRF_Viridex-RF-generator_01-1.jpg\" \/>\n\t<meta property=\"og:image:width\" content=\"1080\" \/>\n\t<meta property=\"og:image:height\" content=\"810\" \/>\n\t<meta property=\"og:image:type\" content=\"image\/jpeg\" \/>\n<meta name=\"twitter:card\" content=\"summary_large_image\" \/>\n<meta name=\"twitter:label1\" content=\"Geschatte leestijd\" \/>\n\t<meta name=\"twitter:data1\" content=\"3 minuten\" \/>\n<script type=\"application\/ld+json\" class=\"yoast-schema-graph\">{\"@context\":\"https:\/\/schema.org\",\"@graph\":[{\"@type\":\"WebPage\",\"@id\":\"https:\/\/fcaresystems.com\/nl\/producten\/generatoren\/viridex-rf-generator\/\",\"url\":\"https:\/\/fcaresystems.com\/nl\/producten\/generatoren\/viridex-rf-generator\/\",\"name\":\"Viridex\u00aeRF generator | F Care Systems\",\"isPartOf\":{\"@id\":\"https:\/\/fcaresystems.com\/nl\/#website\"},\"primaryImageOfPage\":{\"@id\":\"https:\/\/fcaresystems.com\/nl\/producten\/generatoren\/viridex-rf-generator\/#primaryimage\"},\"image\":{\"@id\":\"https:\/\/fcaresystems.com\/nl\/producten\/generatoren\/viridex-rf-generator\/#primaryimage\"},\"thumbnailUrl\":\"https:\/\/fcaresystems.com\/wp-content\/uploads\/2023\/01\/00VIRIDEXRF_Viridex-RF-generator_01-1.jpg\",\"datePublished\":\"2022-11-18T09:18:26+00:00\",\"dateModified\":\"2023-12-22T09:46:47+00:00\",\"description\":\"De Viridex\u00aeRF is een innovatieve alles-in-\u00e9\u00e9n radiofrequentiegenerator voor de behandeling van uiteenlopende huidaandoeningen.\",\"breadcrumb\":{\"@id\":\"https:\/\/fcaresystems.com\/nl\/producten\/generatoren\/viridex-rf-generator\/#breadcrumb\"},\"inLanguage\":\"nl-NL\",\"potentialAction\":[{\"@type\":\"ReadAction\",\"target\":[\"https:\/\/fcaresystems.com\/nl\/producten\/generatoren\/viridex-rf-generator\/\"]}]},{\"@type\":\"ImageObject\",\"inLanguage\":\"nl-NL\",\"@id\":\"https:\/\/fcaresystems.com\/nl\/producten\/generatoren\/viridex-rf-generator\/#primaryimage\",\"url\":\"https:\/\/fcaresystems.com\/wp-content\/uploads\/2023\/01\/00VIRIDEXRF_Viridex-RF-generator_01-1.jpg\",\"contentUrl\":\"https:\/\/fcaresystems.com\/wp-content\/uploads\/2023\/01\/00VIRIDEXRF_Viridex-RF-generator_01-1.jpg\",\"width\":1080,\"height\":810,\"caption\":\"Viridex\u00aeRF skin treatments\"},{\"@type\":\"BreadcrumbList\",\"@id\":\"https:\/\/fcaresystems.com\/nl\/producten\/generatoren\/viridex-rf-generator\/#breadcrumb\",\"itemListElement\":[{\"@type\":\"ListItem\",\"position\":1,\"name\":\"Home\",\"item\":\"https:\/\/fcaresystems.com\/nl\/\"},{\"@type\":\"ListItem\",\"position\":2,\"name\":\"Producten\",\"item\":\"https:\/\/fcaresystems.com\/nl\/producten\/\"},{\"@type\":\"ListItem\",\"position\":3,\"name\":\"Generatoren\",\"item\":\"https:\/\/fcaresystems.com\/nl\/producten\/generatoren\/\"},{\"@type\":\"ListItem\",\"position\":4,\"name\":\"Viridex\u00aeRF generator\"}]},{\"@type\":\"WebSite\",\"@id\":\"https:\/\/fcaresystems.com\/nl\/#website\",\"url\":\"https:\/\/fcaresystems.com\/nl\/\",\"name\":\"F Care Systems\",\"description\":\"radiofrequency medical devices\",\"publisher\":{\"@id\":\"https:\/\/fcaresystems.com\/nl\/#organization\"},\"potentialAction\":[{\"@type\":\"SearchAction\",\"target\":{\"@type\":\"EntryPoint\",\"urlTemplate\":\"https:\/\/fcaresystems.com\/nl\/?s={search_term_string}\"},\"query-input\":{\"@type\":\"PropertyValueSpecification\",\"valueRequired\":true,\"valueName\":\"search_term_string\"}}],\"inLanguage\":\"nl-NL\"},{\"@type\":\"Organization\",\"@id\":\"https:\/\/fcaresystems.com\/nl\/#organization\",\"name\":\"F Care Systems\",\"url\":\"https:\/\/fcaresystems.com\/nl\/\",\"logo\":{\"@type\":\"ImageObject\",\"inLanguage\":\"nl-NL\",\"@id\":\"https:\/\/fcaresystems.com\/nl\/#\/schema\/logo\/image\/\",\"url\":\"https:\/\/fcaresystems.com\/wp-content\/uploads\/2022\/11\/logo-2.svg\",\"contentUrl\":\"https:\/\/fcaresystems.com\/wp-content\/uploads\/2022\/11\/logo-2.svg\",\"caption\":\"F Care Systems\"},\"image\":{\"@id\":\"https:\/\/fcaresystems.com\/nl\/#\/schema\/logo\/image\/\"}}]}<\/script>\n<!-- \/ Yoast SEO plugin. -->","yoast_head_json":{"title":"Viridex\u00aeRF generator | F Care Systems","description":"De Viridex\u00aeRF is een innovatieve alles-in-\u00e9\u00e9n radiofrequentiegenerator voor de behandeling van uiteenlopende huidaandoeningen.","robots":{"index":"index","follow":"follow","max-snippet":"max-snippet:-1","max-image-preview":"max-image-preview:large","max-video-preview":"max-video-preview:-1"},"canonical":"https:\/\/fcaresystems.com\/nl\/producten\/generatoren\/viridex-rf-generator\/","og_locale":"nl_NL","og_type":"article","og_title":"Viridex\u00aeRF generator | F Care Systems","og_description":"De Viridex\u00aeRF is een innovatieve alles-in-\u00e9\u00e9n radiofrequentiegenerator voor de behandeling van uiteenlopende huidaandoeningen.","og_url":"https:\/\/fcaresystems.com\/nl\/producten\/generatoren\/viridex-rf-generator\/","og_site_name":"F Care Systems","article_modified_time":"2023-12-22T09:46:47+00:00","og_image":[{"width":1080,"height":810,"url":"https:\/\/fcaresystems.com\/wp-content\/uploads\/2023\/01\/00VIRIDEXRF_Viridex-RF-generator_01-1.jpg","type":"image\/jpeg"}],"twitter_card":"summary_large_image","twitter_misc":{"Geschatte leestijd":"3 minuten"},"schema":{"@context":"https:\/\/schema.org","@graph":[{"@type":"WebPage","@id":"https:\/\/fcaresystems.com\/nl\/producten\/generatoren\/viridex-rf-generator\/","url":"https:\/\/fcaresystems.com\/nl\/producten\/generatoren\/viridex-rf-generator\/","name":"Viridex\u00aeRF generator | F Care Systems","isPartOf":{"@id":"https:\/\/fcaresystems.com\/nl\/#website"},"primaryImageOfPage":{"@id":"https:\/\/fcaresystems.com\/nl\/producten\/generatoren\/viridex-rf-generator\/#primaryimage"},"image":{"@id":"https:\/\/fcaresystems.com\/nl\/producten\/generatoren\/viridex-rf-generator\/#primaryimage"},"thumbnailUrl":"https:\/\/fcaresystems.com\/wp-content\/uploads\/2023\/01\/00VIRIDEXRF_Viridex-RF-generator_01-1.jpg","datePublished":"2022-11-18T09:18:26+00:00","dateModified":"2023-12-22T09:46:47+00:00","description":"De Viridex\u00aeRF is een innovatieve alles-in-\u00e9\u00e9n radiofrequentiegenerator voor de behandeling van uiteenlopende huidaandoeningen.","breadcrumb":{"@id":"https:\/\/fcaresystems.com\/nl\/producten\/generatoren\/viridex-rf-generator\/#breadcrumb"},"inLanguage":"nl-NL","potentialAction":[{"@type":"ReadAction","target":["https:\/\/fcaresystems.com\/nl\/producten\/generatoren\/viridex-rf-generator\/"]}]},{"@type":"ImageObject","inLanguage":"nl-NL","@id":"https:\/\/fcaresystems.com\/nl\/producten\/generatoren\/viridex-rf-generator\/#primaryimage","url":"https:\/\/fcaresystems.com\/wp-content\/uploads\/2023\/01\/00VIRIDEXRF_Viridex-RF-generator_01-1.jpg","contentUrl":"https:\/\/fcaresystems.com\/wp-content\/uploads\/2023\/01\/00VIRIDEXRF_Viridex-RF-generator_01-1.jpg","width":1080,"height":810,"caption":"Viridex\u00aeRF skin treatments"},{"@type":"BreadcrumbList","@id":"https:\/\/fcaresystems.com\/nl\/producten\/generatoren\/viridex-rf-generator\/#breadcrumb","itemListElement":[{"@type":"ListItem","position":1,"name":"Home","item":"https:\/\/fcaresystems.com\/nl\/"},{"@type":"ListItem","position":2,"name":"Producten","item":"https:\/\/fcaresystems.com\/nl\/producten\/"},{"@type":"ListItem","position":3,"name":"Generatoren","item":"https:\/\/fcaresystems.com\/nl\/producten\/generatoren\/"},{"@type":"ListItem","position":4,"name":"Viridex\u00aeRF generator"}]},{"@type":"WebSite","@id":"https:\/\/fcaresystems.com\/nl\/#website","url":"https:\/\/fcaresystems.com\/nl\/","name":"F Care Systems","description":"radiofrequency medical devices","publisher":{"@id":"https:\/\/fcaresystems.com\/nl\/#organization"},"potentialAction":[{"@type":"SearchAction","target":{"@type":"EntryPoint","urlTemplate":"https:\/\/fcaresystems.com\/nl\/?s={search_term_string}"},"query-input":{"@type":"PropertyValueSpecification","valueRequired":true,"valueName":"search_term_string"}}],"inLanguage":"nl-NL"},{"@type":"Organization","@id":"https:\/\/fcaresystems.com\/nl\/#organization","name":"F Care Systems","url":"https:\/\/fcaresystems.com\/nl\/","logo":{"@type":"ImageObject","inLanguage":"nl-NL","@id":"https:\/\/fcaresystems.com\/nl\/#\/schema\/logo\/image\/","url":"https:\/\/fcaresystems.com\/wp-content\/uploads\/2022\/11\/logo-2.svg","contentUrl":"https:\/\/fcaresystems.com\/wp-content\/uploads\/2022\/11\/logo-2.svg","caption":"F Care Systems"},"image":{"@id":"https:\/\/fcaresystems.com\/nl\/#\/schema\/logo\/image\/"}}]}},"_links":{"self":[{"href":"https:\/\/fcaresystems.com\/nl\/wp-json\/wp\/v2\/pages\/8643","targetHints":{"allow":["GET"]}}],"collection":[{"href":"https:\/\/fcaresystems.com\/nl\/wp-json\/wp\/v2\/pages"}],"about":[{"href":"https:\/\/fcaresystems.com\/nl\/wp-json\/wp\/v2\/types\/page"}],"author":[{"embeddable":true,"href":"https:\/\/fcaresystems.com\/nl\/wp-json\/wp\/v2\/users\/1"}],"replies":[{"embeddable":true,"href":"https:\/\/fcaresystems.com\/nl\/wp-json\/wp\/v2\/comments?post=8643"}],"version-history":[{"count":9,"href":"https:\/\/fcaresystems.com\/nl\/wp-json\/wp\/v2\/pages\/8643\/revisions"}],"predecessor-version":[{"id":13074,"href":"https:\/\/fcaresystems.com\/nl\/wp-json\/wp\/v2\/pages\/8643\/revisions\/13074"}],"up":[{"embeddable":true,"href":"https:\/\/fcaresystems.com\/nl\/wp-json\/wp\/v2\/pages\/8606"}],"wp:featuredmedia":[{"embeddable":true,"href":"https:\/\/fcaresystems.com\/nl\/wp-json\/wp\/v2\/media\/6005"}],"wp:attachment":[{"href":"https:\/\/fcaresystems.com\/nl\/wp-json\/wp\/v2\/media?parent=8643"}],"curies":[{"name":"wp","href":"https:\/\/api.w.org\/{rel}","templated":true}]}}