{"id":8560,"date":"2022-11-18T13:08:15","date_gmt":"2022-11-18T12:08:15","guid":{"rendered":"https:\/\/fcaresystems.com\/rf-needles\/"},"modified":"2024-06-20T09:46:53","modified_gmt":"2024-06-20T07:46:53","slug":"rf-naalden","status":"publish","type":"page","link":"https:\/\/fcaresystems.com\/nl\/producten\/verbruiksartikelen\/rf-naalden\/","title":{"rendered":"RF naalden en naaldhouder"},"content":{"rendered":"\n<div class=\"wp-block-fcs-core-container o-container\">\n<div class=\"wp-block-fcs-core-spacer u-padding-md-lg u-padding-md\"><\/div>\n\n\n\n<div class=\"wp-block-group c-breadcrumb\"><div class=\"wp-block-group__inner-container is-layout-flow wp-block-group-is-layout-flow\"><span><span><a href=\"https:\/\/fcaresystems.com\/nl\/\">Home<\/a><\/span><\/span>\n<\/div><\/div>\n\n\n\n<div class=\"wp-block-fcs-core-spacer u-padding-md-lg u-padding-md\"><\/div>\n\n\n\n<div class=\"wp-block-columns is-style-largegap is-layout-flex wp-container-core-columns-is-layout-9d6595d7 wp-block-columns-is-layout-flex\">\n<div class=\"wp-block-column is-layout-flow wp-block-column-is-layout-flow\"><div class=\"c-slider-gallery\"><div class=\"c-slider-wrapper\"><div class=\"c-slider c-slider-slick c-slider-slick-for o-block\" ref=\"slickSlide\"><a data-fancybox=\"gallery\" data-caption=\"Needle holder skin therapy\" href=\"https:\/\/fcaresystems.com\/wp-content\/uploads\/2022\/11\/needle-holder-skin-therapy.jpg\"><img decoding=\"async\" src=\"https:\/\/fcaresystems.com\/wp-content\/uploads\/2022\/11\/needle-holder-skin-therapy.jpg\" title=\"Needle holder skin therapy\"  \/><\/a><a data-fancybox=\"gallery\" data-caption=\"Needle holder skin treatment\" href=\"https:\/\/fcaresystems.com\/wp-content\/uploads\/2022\/11\/needle-holder-skin-treatment.jpg\"><img decoding=\"async\" src=\"https:\/\/fcaresystems.com\/wp-content\/uploads\/2022\/11\/needle-holder-skin-treatment.jpg\" title=\"Needle holder skin treatment\"  \/><\/a><a data-fancybox=\"gallery\" data-caption=\"Needle holder skin treatment + cable EVRF MedRF4000\" href=\"https:\/\/fcaresystems.com\/wp-content\/uploads\/2022\/11\/needle-holder-skin-treatment-cable-EVRF-MedRF4000.jpg\"><img decoding=\"async\" src=\"https:\/\/fcaresystems.com\/wp-content\/uploads\/2022\/11\/needle-holder-skin-treatment-cable-EVRF-MedRF4000.jpg\" title=\"Needle holder skin treatment + cable EVRF MedRF4000\"  \/><\/a><a data-fancybox=\"gallery\" data-caption=\"Needle holder skin treatment + cable Viridex RF\" href=\"https:\/\/fcaresystems.com\/wp-content\/uploads\/2022\/11\/needle-holder-skin-treatment-cable-Viridex-RF.jpg\"><img decoding=\"async\" src=\"https:\/\/fcaresystems.com\/wp-content\/uploads\/2022\/11\/needle-holder-skin-treatment-cable-Viridex-RF.jpg\" title=\"Needle holder skin treatment + cable Viridex RF\"  \/><\/a><a data-fancybox=\"gallery\" data-caption=\"needle skin therapy inox\" href=\"https:\/\/fcaresystems.com\/wp-content\/uploads\/2022\/11\/needle-skin-therapy-inox.jpg\"><img decoding=\"async\" src=\"https:\/\/fcaresystems.com\/wp-content\/uploads\/2022\/11\/needle-skin-therapy-inox.jpg\" title=\"needle skin therapy inox\"  \/><\/a><a data-fancybox=\"gallery\" data-caption=\"needles skin therapy gold\" href=\"https:\/\/fcaresystems.com\/wp-content\/uploads\/2022\/11\/needles-skin-therapy-K3i.jpg\"><img decoding=\"async\" src=\"https:\/\/fcaresystems.com\/wp-content\/uploads\/2022\/11\/needles-skin-therapy-K3i.jpg\" title=\"needles skin therapy gold\"  \/><\/a><a data-fancybox=\"gallery\" data-caption=\"needles skin therapy gold\" href=\"https:\/\/fcaresystems.com\/wp-content\/uploads\/2022\/11\/needle-skin-therapy-gold.jpg\"><img decoding=\"async\" src=\"https:\/\/fcaresystems.com\/wp-content\/uploads\/2022\/11\/needle-skin-therapy-gold.jpg\" title=\"needles skin therapy gold\"  \/><\/a><a data-fancybox=\"gallery\" data-caption=\"needles skin therapy gold\" href=\"https:\/\/fcaresystems.com\/wp-content\/uploads\/2022\/11\/needles-skin-therapy-K3G.jpg\"><img decoding=\"async\" src=\"https:\/\/fcaresystems.com\/wp-content\/uploads\/2022\/11\/needles-skin-therapy-K3G.jpg\" title=\"needles skin therapy gold\"  \/><\/a><\/div><\/div><div class=\"c-slider-nav-container\"><div class=\"c-slider c-slider-slick c-slider-slick-nav u-margin-top-sm\" ref=\"slickNav\"><div><img decoding=\"async\" class=\"\" src=\"https:\/\/fcaresystems.com\/wp-content\/uploads\/2022\/11\/needle-holder-skin-therapy.jpg\" srcset=\"\" alt=\"\" \/><\/div><div><img decoding=\"async\" class=\"\" src=\"https:\/\/fcaresystems.com\/wp-content\/uploads\/2022\/11\/needle-holder-skin-treatment.jpg\" srcset=\"\" alt=\"\" \/><\/div><div><img decoding=\"async\" class=\"\" src=\"https:\/\/fcaresystems.com\/wp-content\/uploads\/2022\/11\/needle-holder-skin-treatment-cable-EVRF-MedRF4000.jpg\" srcset=\"\" alt=\"\" \/><\/div><div><img decoding=\"async\" class=\"\" src=\"https:\/\/fcaresystems.com\/wp-content\/uploads\/2022\/11\/needle-holder-skin-treatment-cable-Viridex-RF.jpg\" srcset=\"\" alt=\"\" \/><\/div><div><img decoding=\"async\" class=\"\" src=\"https:\/\/fcaresystems.com\/wp-content\/uploads\/2022\/11\/needle-skin-therapy-inox.jpg\" srcset=\"\" alt=\"\" \/><\/div><div><img decoding=\"async\" class=\"\" src=\"https:\/\/fcaresystems.com\/wp-content\/uploads\/2022\/11\/needles-skin-therapy-K3i.jpg\" srcset=\"\" alt=\"\" \/><\/div><div><img decoding=\"async\" class=\"\" src=\"https:\/\/fcaresystems.com\/wp-content\/uploads\/2022\/11\/needle-skin-therapy-gold.jpg\" srcset=\"\" alt=\"\" \/><\/div><div><img decoding=\"async\" class=\"\" src=\"https:\/\/fcaresystems.com\/wp-content\/uploads\/2022\/11\/needles-skin-therapy-K3G.jpg\" srcset=\"\" alt=\"\" \/><\/div><\/div><\/div><\/div>\n\n\n<div class=\"wp-block-fcs-core-spacer u-padding-md-lg u-padding-md\"><\/div>\n\n\n\n<div class=\"wp-block-fcs-core-icon-buttons c-buttons--icon\">\n<a href=\"#popmake-10435\" class=\"wp-block-fcs-core-icon-button c-button c-button--icon-inline is-style-small\"><img decoding=\"async\" src=\"https:\/\/fcaresystems.com\/wp-content\/uploads\/2022\/11\/icon-download.svg\"\/>Download Quick User Guide<\/a>\n<\/div>\n\n\n\n<div class=\"wp-block-fcs-core-spacer u-padding-md-lg u-padding-md\"><\/div>\n<\/div>\n\n\n\n<div class=\"wp-block-column is-layout-flow wp-block-column-is-layout-flow\">\n<h1 class=\"wp-block-heading has-secondary-color has-text-color\">RF-naalden en naaldhouder<\/h1>\n\n\n\n<p>Radiofrequentie-energie is onmisbaar geworden op het gebied van <mark style=\"background-color:rgba(0, 0, 0, 0)\" class=\"has-inline-color has-primary-color\"><a href=\"https:\/\/fcaresystems.com\/nl\/minimaal-invasieve-behandelingen\/esthetische-dermatologie\/radiofrequentie-huidtherapie\/\">esthetische dermatologie<\/a><\/mark>, met toepassingen vari\u00ebrend van teleangi\u00ebctasie\u00ebn en kersenwratjes tot steelwratjes. Bij zulke delicate ingrepen gaat het om de &#8216;kleine&#8217; dingen: ultraprecieze RF-naalden en een praktische naaldhouder van het stylustype.<\/p>\n\n\n\n<p>De punten van onze wegwerpnaalden zijn net genoeg afgerond dat ze niet verder doordringen dan bedoeld. De ge\u00efsoleerde versies hebben een coating van medische kwaliteit van minder dan een micrometer dik, die ongecontroleerde warmteverspreiding voorkomt om het risico op korstvorming en hyperpigmentatie te beperken; de gouden varianten zijn verguld met nikkelvrij, hypoallergeen 24 karaats goud voor de behandeling van pati\u00ebnten met een nikkelallergie.<\/p>\n\n\n\n<p>The points of our disposable needles are rounded just enough to keep them from penetrating further than intended. The insulated versions feature a medical-grade coating less than one micron thick, which prevents uncontrolled heat spread to reduce the risk of scabbing and hyperpigmentation; the gold varieties are plated with nickel-free, hypoallergenic 24K gold for treating patients with nickel allergies.&nbsp;<\/p>\n\n\n\n<div class=\"wp-block-fcs-core-spacer u-padding-xxs-lg u-padding-xs\"><\/div>\n\n\n\n<p>Het inbrengen van een naald in de herbruikbare naaldhouder gaat in drie eenvoudige stappen:<\/p>\n\n\n\n<ol class=\"wp-block-list\">\n<li>Houd de uitwerpknop ingedrukt.<\/li>\n\n\n\n<li>Steek de naald in de spankop en laat de knop los.<\/li>\n\n\n\n<li>Houd de naaldhouder rechtop en druk nogmaals op de knop&nbsp;\u2013 de naald valt in de juiste positie.<\/li>\n<\/ol>\n\n\n\n<div class=\"wp-block-fcs-core-spacer u-padding-md-lg u-padding-xs\"><\/div>\n\n\n\n<h3 class=\"wp-block-heading has-secondary-color has-text-color\"><strong>Technische specificaties<\/strong> | Naaldhouder<\/h3>\n\n\n\n<p>Lengte naaldhouder: 110 mm<br>Lengte snoer: 2,5 m<\/p>\n\n\n\n<div class=\"wp-block-fcs-core-spacer u-padding-xxs-lg u-padding-xs\"><\/div>\n\n\n\n<p><strong>REF producten:<\/strong><br>02ALGBALLETNAALDH (naaldhouder)<br>06EVRFLKANLDH (vervangende aansluitkabel voor Viridex\u00ae RF)<br>06OUTPUTKAB (vervangende aansluitkabel voor EVRF\u00ae en MedRF4000\u00ae)<\/p>\n\n\n\n<p class=\"has-small-font-size\">De naaldhouder is inbegrepen bij de Viridex\u00ae RF-, EVRF\u00ae-en MedRF4000\u00ae-generator.<\/p>\n\n\n\n<div class=\"wp-block-fcs-core-spacer u-padding-xs-lg u-padding-xs\"><\/div>\n\n\n\n<h3 class=\"wp-block-heading has-secondary-color has-text-color\"><strong>Technische specificaties<\/strong> | Naalden<\/h3>\n\n\n\n<p>Naalddiameters: 0,075 mm (K3i) \/ 0,15 mm (K6i)<br>Diameter naaldschacht: 1,25 mm<\/p>\n\n\n\n<div class=\"wp-block-fcs-core-spacer u-padding-xxs-lg u-padding-xs\"><\/div>\n\n\n\n<p><strong>REF producten:<\/strong><br>05BALLETK3iN (50 stuks K3i ge\u00efsoleerde naalden)<br>05BALLETK3G (50 stuks K3 vergulde naalden)<br>05BALLETK6iN (50 stuks K6i ge\u00efsoleerde naalden)<br>05BALLETK6G (50 stuks K6 vergulde naalden)<\/p>\n<\/div>\n<\/div>\n\n\n\n<div class=\"wp-block-fcs-core-spacer u-padding-xl-lg u-padding-md\"><\/div>\n<\/div>\n\n\n\n<div class=\"wp-block-group has-secondary-background-color has-background\"><div class=\"wp-block-group__inner-container is-layout-constrained wp-block-group-is-layout-constrained\">\n<div class=\"wp-block-fcs-core-spacer u-padding-md-lg u-padding-md\"><\/div>\n\n\n\n<div class=\"wp-block-fcs-core-container o-container\">\n<figure class=\"wp-block-image size-full is-resized\"><img decoding=\"async\" src=\"https:\/\/fcaresystems.com\/wp-content\/uploads\/2022\/11\/icon-doctor-white.svg\" alt=\"\" class=\"wp-image-392\" style=\"width:46px;height:48px\"\/><\/figure>\n\n\n\n<div class=\"wp-block-fcs-core-spacer u-padding-xxs-lg u-padding-sm\"><\/div>\n\n\n\n<div class=\"wp-block-columns is-layout-flex wp-container-core-columns-is-layout-9d6595d7 wp-block-columns-is-layout-flex\">\n<div class=\"wp-block-column is-layout-flow wp-block-column-is-layout-flow\" style=\"flex-basis:56%\">\n<h2 class=\"wp-block-heading u-margin-none has-white-color has-text-color\">Ik heb dit nodig voor mijn praktijk<\/h2>\n\n\n\n<div class=\"wp-block-fcs-core-spacer u-padding-xxs-lg u-padding-xs\"><\/div>\n<\/div>\n\n\n\n<div class=\"wp-block-column is-vertically-aligned-bottom is-layout-flow wp-block-column-is-layout-flow\">\n<div class=\"wp-block-buttons is-content-justification-left is-layout-flex wp-container-core-buttons-is-layout-fdcfc74e wp-block-buttons-is-layout-flex\">\n<div class=\"wp-block-button alignright\"><a class=\"wp-block-button__link has-primary-background-color has-background wp-element-button\" href=\"https:\/\/fcaresystems.com\/nl\/producten\/bestel-product\/\">Bestel dit product<\/a><\/div>\n\n\n\n<div class=\"wp-block-button alignright is-style-outline is-style-outline--1\"><a class=\"wp-block-button__link has-white-color has-text-color wp-element-button\" href=\"https:\/\/fcaresystems.com\/nl\/producten\/\">Bekijk alle producten<\/a><\/div>\n<\/div>\n<\/div>\n<\/div>\n<\/div>\n\n\n\n<div class=\"wp-block-fcs-core-spacer u-padding-md-lg u-padding-md\"><\/div>\n<\/div><\/div>\n\n\n\n<div class=\"wp-block-fcs-core-spacer u-padding-xl-lg u-padding-md\"><\/div>\n\n\n\n<div class=\"wp-block-fcs-core-container o-container\">\n<h2 class=\"wp-block-heading is-style-underline has-secondary-color has-text-color\">Gerelateerde behandeling<\/h2>\n\n\n\n<div class=\"wp-block-fcs-core-spacer u-padding-xs-lg u-padding-sm\"><\/div>\n\n\n\n<div class=\"wp-block-columns is-layout-flex wp-container-core-columns-is-layout-9d6595d7 wp-block-columns-is-layout-flex\">\n<div class=\"wp-block-column is-layout-flow wp-block-column-is-layout-flow\">\n<h3 class=\"wp-block-heading has-secondary-color has-text-color\"><a href=\"https:\/\/fcaresystems.com\/nl\/minimaal-invasieve-behandelingen\/esthetische-dermatologie\/radiofrequentie-huidtherapie\/\" rel=\"nofollow\">Radiofrequentie huidtherapie<\/a><\/h3>\n\n\n\n<p><strong><a href=\"https:\/\/fcaresystems.com\/nl\/minimaal-invasieve-behandelingen\/esthetische-dermatologie\/radiofrequentie-huidtherapie\/\"><mark style=\"background-color:rgba(0, 0, 0, 0)\" class=\"has-inline-color has-primary-color\">Klik hier<\/mark> <\/a><\/strong>om meer te lezen over de vele toepassingen van radiofrequentie-energie in esthetische dermatologie.<\/p>\n\n\n\n<p>Onze naalden en naaldhouder zijn compatibel met de <mark style=\"background-color:rgba(0, 0, 0, 0)\" class=\"has-inline-color has-primary-color\"><a href=\"https:\/\/fcaresystems.com\/nl\/producten\/generatoren\/viridex-rf-generator\/\">Viridex\u00ae RF<\/a>&#8211;<\/mark>, &nbsp;de <mark style=\"background-color:rgba(0, 0, 0, 0)\" class=\"has-inline-color has-primary-color\"><a href=\"https:\/\/fcaresystems.com\/nl\/producten\/generatoren\/evrf-radiofrequentiegenerator\/\">EVRF\u00ae<\/a>&#8211;<\/mark> en de veelzijdige<mark style=\"background-color:rgba(0, 0, 0, 0)\" class=\"has-inline-color has-primary-color\"><a href=\"https:\/\/fcaresystems.com\/nl\/producten\/generatoren\/medrf4000-rf-generator\/\"> MedRF4000\u00ae-generator.<\/a><\/mark><\/p>\n<\/div>\n\n\n\n<div class=\"wp-block-column is-layout-flow wp-block-column-is-layout-flow\">\n<figure class=\"wp-block-image size-large\"><a href=\"https:\/\/youtu.be\/5I7geP1c8TI\" target=\"_blank\" rel=\"noreferrer noopener\"><img loading=\"lazy\" decoding=\"async\" width=\"1024\" height=\"576\" src=\"https:\/\/fcaresystems.com\/wp-content\/uploads\/2023\/01\/Thumbn-Veineo-skin-disorders-1-1024x576.jpg\" alt=\"\" class=\"wp-image-6675\" srcset=\"https:\/\/fcaresystems.com\/wp-content\/uploads\/2023\/01\/Thumbn-Veineo-skin-disorders-1-1024x576.jpg 1024w, https:\/\/fcaresystems.com\/wp-content\/uploads\/2023\/01\/Thumbn-Veineo-skin-disorders-1-300x169.jpg 300w, https:\/\/fcaresystems.com\/wp-content\/uploads\/2023\/01\/Thumbn-Veineo-skin-disorders-1-768x432.jpg 768w, https:\/\/fcaresystems.com\/wp-content\/uploads\/2023\/01\/Thumbn-Veineo-skin-disorders-1.jpg 1280w\" sizes=\"auto, (max-width: 1024px) 100vw, 1024px\" \/><\/a><\/figure>\n<\/div>\n<\/div>\n<\/div>\n\n\n\n<div class=\"wp-block-fcs-core-spacer u-padding-xxl-lg u-padding-md\"><\/div>\n","protected":false},"excerpt":{"rendered":"<p>Ultrafijne naalden voor het uitvoeren van delicate dermatologische ingrepen.<\/p>\n","protected":false},"author":1,"featured_media":5145,"parent":8601,"menu_order":0,"comment_status":"closed","ping_status":"closed","template":"","meta":{"_color_hex":"","_color_slug":"","footnotes":""},"class_list":["post-8560","page","type-page","status-publish","has-post-thumbnail","hentry"],"yoast_head":"<!-- This site is optimized with the Yoast SEO plugin v27.0 - https:\/\/yoast.com\/product\/yoast-seo-wordpress\/ -->\n<title>RF naalden en naaldhouder | F Care Systems<\/title>\n<meta name=\"description\" content=\"Informatie over de naalden en de naaldhouder die in de esthetische dermatologie worden gebruikt met de Viridex\u00aeRF.\" \/>\n<meta name=\"robots\" content=\"index, follow, max-snippet:-1, max-image-preview:large, max-video-preview:-1\" \/>\n<link rel=\"canonical\" href=\"https:\/\/fcaresystems.com\/nl\/producten\/verbruiksartikelen\/rf-naalden\/\" \/>\n<meta property=\"og:locale\" content=\"nl_NL\" \/>\n<meta property=\"og:type\" content=\"article\" \/>\n<meta property=\"og:title\" content=\"RF naalden en naaldhouder | F Care Systems\" \/>\n<meta property=\"og:description\" content=\"Informatie over de naalden en de naaldhouder die in de esthetische dermatologie worden gebruikt met de Viridex\u00aeRF.\" \/>\n<meta property=\"og:url\" content=\"https:\/\/fcaresystems.com\/nl\/producten\/verbruiksartikelen\/rf-naalden\/\" \/>\n<meta property=\"og:site_name\" content=\"F Care Systems\" \/>\n<meta property=\"article:modified_time\" content=\"2024-06-20T07:46:53+00:00\" \/>\n<meta property=\"og:image\" content=\"https:\/\/fcaresystems.com\/wp-content\/uploads\/2022\/11\/needle-holder-skin-therapy.jpg\" \/>\n\t<meta property=\"og:image:width\" content=\"1080\" \/>\n\t<meta property=\"og:image:height\" content=\"810\" \/>\n\t<meta property=\"og:image:type\" content=\"image\/jpeg\" \/>\n<meta name=\"twitter:card\" content=\"summary_large_image\" \/>\n<meta name=\"twitter:label1\" content=\"Geschatte leestijd\" \/>\n\t<meta name=\"twitter:data1\" content=\"3 minuten\" \/>\n<script type=\"application\/ld+json\" class=\"yoast-schema-graph\">{\"@context\":\"https:\/\/schema.org\",\"@graph\":[{\"@type\":\"WebPage\",\"@id\":\"https:\/\/fcaresystems.com\/nl\/producten\/verbruiksartikelen\/rf-naalden\/\",\"url\":\"https:\/\/fcaresystems.com\/nl\/producten\/verbruiksartikelen\/rf-naalden\/\",\"name\":\"RF naalden en naaldhouder | F Care Systems\",\"isPartOf\":{\"@id\":\"https:\/\/fcaresystems.com\/nl\/#website\"},\"primaryImageOfPage\":{\"@id\":\"https:\/\/fcaresystems.com\/nl\/producten\/verbruiksartikelen\/rf-naalden\/#primaryimage\"},\"image\":{\"@id\":\"https:\/\/fcaresystems.com\/nl\/producten\/verbruiksartikelen\/rf-naalden\/#primaryimage\"},\"thumbnailUrl\":\"https:\/\/fcaresystems.com\/wp-content\/uploads\/2022\/11\/needle-holder-skin-therapy.jpg\",\"datePublished\":\"2022-11-18T12:08:15+00:00\",\"dateModified\":\"2024-06-20T07:46:53+00:00\",\"description\":\"Informatie over de naalden en de naaldhouder die in de esthetische dermatologie worden gebruikt met de Viridex\u00aeRF.\",\"breadcrumb\":{\"@id\":\"https:\/\/fcaresystems.com\/nl\/producten\/verbruiksartikelen\/rf-naalden\/#breadcrumb\"},\"inLanguage\":\"nl-NL\",\"potentialAction\":[{\"@type\":\"ReadAction\",\"target\":[\"https:\/\/fcaresystems.com\/nl\/producten\/verbruiksartikelen\/rf-naalden\/\"]}]},{\"@type\":\"ImageObject\",\"inLanguage\":\"nl-NL\",\"@id\":\"https:\/\/fcaresystems.com\/nl\/producten\/verbruiksartikelen\/rf-naalden\/#primaryimage\",\"url\":\"https:\/\/fcaresystems.com\/wp-content\/uploads\/2022\/11\/needle-holder-skin-therapy.jpg\",\"contentUrl\":\"https:\/\/fcaresystems.com\/wp-content\/uploads\/2022\/11\/needle-holder-skin-therapy.jpg\",\"width\":1080,\"height\":810,\"caption\":\"Needle holder skin therapy\"},{\"@type\":\"BreadcrumbList\",\"@id\":\"https:\/\/fcaresystems.com\/nl\/producten\/verbruiksartikelen\/rf-naalden\/#breadcrumb\",\"itemListElement\":[{\"@type\":\"ListItem\",\"position\":1,\"name\":\"Home\",\"item\":\"https:\/\/fcaresystems.com\/nl\/\"},{\"@type\":\"ListItem\",\"position\":2,\"name\":\"Producten\",\"item\":\"https:\/\/fcaresystems.com\/nl\/producten\/\"},{\"@type\":\"ListItem\",\"position\":3,\"name\":\"Verbruiksartikelen\",\"item\":\"https:\/\/fcaresystems.com\/nl\/producten\/verbruiksartikelen\/\"},{\"@type\":\"ListItem\",\"position\":4,\"name\":\"RF naalden en naaldhouder\"}]},{\"@type\":\"WebSite\",\"@id\":\"https:\/\/fcaresystems.com\/nl\/#website\",\"url\":\"https:\/\/fcaresystems.com\/nl\/\",\"name\":\"F Care Systems\",\"description\":\"radiofrequency medical devices\",\"publisher\":{\"@id\":\"https:\/\/fcaresystems.com\/nl\/#organization\"},\"potentialAction\":[{\"@type\":\"SearchAction\",\"target\":{\"@type\":\"EntryPoint\",\"urlTemplate\":\"https:\/\/fcaresystems.com\/nl\/?s={search_term_string}\"},\"query-input\":{\"@type\":\"PropertyValueSpecification\",\"valueRequired\":true,\"valueName\":\"search_term_string\"}}],\"inLanguage\":\"nl-NL\"},{\"@type\":\"Organization\",\"@id\":\"https:\/\/fcaresystems.com\/nl\/#organization\",\"name\":\"F Care Systems\",\"url\":\"https:\/\/fcaresystems.com\/nl\/\",\"logo\":{\"@type\":\"ImageObject\",\"inLanguage\":\"nl-NL\",\"@id\":\"https:\/\/fcaresystems.com\/nl\/#\/schema\/logo\/image\/\",\"url\":\"https:\/\/fcaresystems.com\/wp-content\/uploads\/2022\/11\/logo-2.svg\",\"contentUrl\":\"https:\/\/fcaresystems.com\/wp-content\/uploads\/2022\/11\/logo-2.svg\",\"caption\":\"F Care Systems\"},\"image\":{\"@id\":\"https:\/\/fcaresystems.com\/nl\/#\/schema\/logo\/image\/\"}}]}<\/script>\n<!-- \/ Yoast SEO plugin. -->","yoast_head_json":{"title":"RF naalden en naaldhouder | F Care Systems","description":"Informatie over de naalden en de naaldhouder die in de esthetische dermatologie worden gebruikt met de Viridex\u00aeRF.","robots":{"index":"index","follow":"follow","max-snippet":"max-snippet:-1","max-image-preview":"max-image-preview:large","max-video-preview":"max-video-preview:-1"},"canonical":"https:\/\/fcaresystems.com\/nl\/producten\/verbruiksartikelen\/rf-naalden\/","og_locale":"nl_NL","og_type":"article","og_title":"RF naalden en naaldhouder | F Care Systems","og_description":"Informatie over de naalden en de naaldhouder die in de esthetische dermatologie worden gebruikt met de Viridex\u00aeRF.","og_url":"https:\/\/fcaresystems.com\/nl\/producten\/verbruiksartikelen\/rf-naalden\/","og_site_name":"F Care Systems","article_modified_time":"2024-06-20T07:46:53+00:00","og_image":[{"width":1080,"height":810,"url":"https:\/\/fcaresystems.com\/wp-content\/uploads\/2022\/11\/needle-holder-skin-therapy.jpg","type":"image\/jpeg"}],"twitter_card":"summary_large_image","twitter_misc":{"Geschatte leestijd":"3 minuten"},"schema":{"@context":"https:\/\/schema.org","@graph":[{"@type":"WebPage","@id":"https:\/\/fcaresystems.com\/nl\/producten\/verbruiksartikelen\/rf-naalden\/","url":"https:\/\/fcaresystems.com\/nl\/producten\/verbruiksartikelen\/rf-naalden\/","name":"RF naalden en naaldhouder | F Care Systems","isPartOf":{"@id":"https:\/\/fcaresystems.com\/nl\/#website"},"primaryImageOfPage":{"@id":"https:\/\/fcaresystems.com\/nl\/producten\/verbruiksartikelen\/rf-naalden\/#primaryimage"},"image":{"@id":"https:\/\/fcaresystems.com\/nl\/producten\/verbruiksartikelen\/rf-naalden\/#primaryimage"},"thumbnailUrl":"https:\/\/fcaresystems.com\/wp-content\/uploads\/2022\/11\/needle-holder-skin-therapy.jpg","datePublished":"2022-11-18T12:08:15+00:00","dateModified":"2024-06-20T07:46:53+00:00","description":"Informatie over de naalden en de naaldhouder die in de esthetische dermatologie worden gebruikt met de Viridex\u00aeRF.","breadcrumb":{"@id":"https:\/\/fcaresystems.com\/nl\/producten\/verbruiksartikelen\/rf-naalden\/#breadcrumb"},"inLanguage":"nl-NL","potentialAction":[{"@type":"ReadAction","target":["https:\/\/fcaresystems.com\/nl\/producten\/verbruiksartikelen\/rf-naalden\/"]}]},{"@type":"ImageObject","inLanguage":"nl-NL","@id":"https:\/\/fcaresystems.com\/nl\/producten\/verbruiksartikelen\/rf-naalden\/#primaryimage","url":"https:\/\/fcaresystems.com\/wp-content\/uploads\/2022\/11\/needle-holder-skin-therapy.jpg","contentUrl":"https:\/\/fcaresystems.com\/wp-content\/uploads\/2022\/11\/needle-holder-skin-therapy.jpg","width":1080,"height":810,"caption":"Needle holder skin therapy"},{"@type":"BreadcrumbList","@id":"https:\/\/fcaresystems.com\/nl\/producten\/verbruiksartikelen\/rf-naalden\/#breadcrumb","itemListElement":[{"@type":"ListItem","position":1,"name":"Home","item":"https:\/\/fcaresystems.com\/nl\/"},{"@type":"ListItem","position":2,"name":"Producten","item":"https:\/\/fcaresystems.com\/nl\/producten\/"},{"@type":"ListItem","position":3,"name":"Verbruiksartikelen","item":"https:\/\/fcaresystems.com\/nl\/producten\/verbruiksartikelen\/"},{"@type":"ListItem","position":4,"name":"RF naalden en naaldhouder"}]},{"@type":"WebSite","@id":"https:\/\/fcaresystems.com\/nl\/#website","url":"https:\/\/fcaresystems.com\/nl\/","name":"F Care Systems","description":"radiofrequency medical devices","publisher":{"@id":"https:\/\/fcaresystems.com\/nl\/#organization"},"potentialAction":[{"@type":"SearchAction","target":{"@type":"EntryPoint","urlTemplate":"https:\/\/fcaresystems.com\/nl\/?s={search_term_string}"},"query-input":{"@type":"PropertyValueSpecification","valueRequired":true,"valueName":"search_term_string"}}],"inLanguage":"nl-NL"},{"@type":"Organization","@id":"https:\/\/fcaresystems.com\/nl\/#organization","name":"F Care Systems","url":"https:\/\/fcaresystems.com\/nl\/","logo":{"@type":"ImageObject","inLanguage":"nl-NL","@id":"https:\/\/fcaresystems.com\/nl\/#\/schema\/logo\/image\/","url":"https:\/\/fcaresystems.com\/wp-content\/uploads\/2022\/11\/logo-2.svg","contentUrl":"https:\/\/fcaresystems.com\/wp-content\/uploads\/2022\/11\/logo-2.svg","caption":"F Care Systems"},"image":{"@id":"https:\/\/fcaresystems.com\/nl\/#\/schema\/logo\/image\/"}}]}},"_links":{"self":[{"href":"https:\/\/fcaresystems.com\/nl\/wp-json\/wp\/v2\/pages\/8560","targetHints":{"allow":["GET"]}}],"collection":[{"href":"https:\/\/fcaresystems.com\/nl\/wp-json\/wp\/v2\/pages"}],"about":[{"href":"https:\/\/fcaresystems.com\/nl\/wp-json\/wp\/v2\/types\/page"}],"author":[{"embeddable":true,"href":"https:\/\/fcaresystems.com\/nl\/wp-json\/wp\/v2\/users\/1"}],"replies":[{"embeddable":true,"href":"https:\/\/fcaresystems.com\/nl\/wp-json\/wp\/v2\/comments?post=8560"}],"version-history":[{"count":16,"href":"https:\/\/fcaresystems.com\/nl\/wp-json\/wp\/v2\/pages\/8560\/revisions"}],"predecessor-version":[{"id":13556,"href":"https:\/\/fcaresystems.com\/nl\/wp-json\/wp\/v2\/pages\/8560\/revisions\/13556"}],"up":[{"embeddable":true,"href":"https:\/\/fcaresystems.com\/nl\/wp-json\/wp\/v2\/pages\/8601"}],"wp:featuredmedia":[{"embeddable":true,"href":"https:\/\/fcaresystems.com\/nl\/wp-json\/wp\/v2\/media\/5145"}],"wp:attachment":[{"href":"https:\/\/fcaresystems.com\/nl\/wp-json\/wp\/v2\/media?parent=8560"}],"curies":[{"name":"wp","href":"https:\/\/api.w.org\/{rel}","templated":true}]}}