{"id":9564,"date":"2022-11-18T13:39:34","date_gmt":"2022-11-18T12:39:34","guid":{"rendered":"https:\/\/fcaresystems.com\/sur-nous\/press-room\/"},"modified":"2023-07-06T09:39:09","modified_gmt":"2023-07-06T07:39:09","slug":"coin-presse","status":"publish","type":"page","link":"https:\/\/fcaresystems.com\/fr\/sur-nous\/coin-presse\/","title":{"rendered":"Coin presse"},"content":{"rendered":"\n<section class=\"wp-block-fcs-core-header is-style-gradient\"><header class=\"c-header c-header-wrapper c-header-wrapper-s\"><figure class=\"c-header-img \"><img decoding=\"async\" src=\"https:\/\/fcaresystems.com\/wp-content\/uploads\/2023\/01\/Hero_Press-2.jpg\" class=\"c-header-img\"\/><figcaption class=\"c-header-content\"><div class=\"o-container\">\n<div class=\"wp-block-fcs-core-spacer u-padding-sm-lg u-padding-sm\"><\/div>\n\n\n\n<div class=\"wp-block-group c-breadcrumb\"><div class=\"wp-block-group__inner-container is-layout-flow wp-block-group-is-layout-flow\"><span><span><a href=\"https:\/\/fcaresystems.com\/fr\/\">Home<\/a><\/span><\/span>\n<\/div><\/div>\n\n\n\n<div class=\"wp-block-fcs-core-spacer u-padding-sm-lg u-padding-md\"><\/div>\n\n\n\n<h1 class=\"wp-block-heading\">Coin presse<\/h1>\n<\/div><\/figcaption><\/figure><\/header><\/section>\n\n\n\n<div class=\"wp-block-fcs-core-container o-container\">\n<div class=\"wp-block-fcs-core-spacer u-padding-lg-lg u-padding-md\"><\/div>\n\n\n\n<h2 class=\"wp-block-heading has-primary-color has-text-color\">Bienvenue chers journalistes&nbsp;!<\/h2>\n\n\n\n<div class=\"wp-block-columns is-layout-flex wp-container-core-columns-is-layout-9d6595d7 wp-block-columns-is-layout-flex\">\n<div class=\"wp-block-column is-layout-flow wp-block-column-is-layout-flow\" style=\"flex-basis:66.66%\">\n<p>Merci de l\u2019int\u00e9r\u00eat que vous portez \u00e0 F Care Systems. Si vous avez des questions concernant les communiqu\u00e9s de presse et autres documents ci-dessous, n\u2019h\u00e9sitez pas \u00e0 nous contacter :<\/p>\n\n\n\n<div class=\"wp-block-fcs-core-spacer u-padding-sm-lg u-padding-xs\"><\/div>\n\n\n\n<h2 class=\"wp-block-heading has-primary-color has-text-color\">Contact presse<\/h2>\n\n\n\n<p><strong>Alexandra De Keyser<\/strong><br>Manager Marketing et sp\u00e9cialiste produits<br><a href=\"mailto:alexandra.dk@fcaresystems.com\" target=\"_blank\" rel=\"noreferrer noopener\">alexandra.dk@fcaresystems.com<\/a><br>+32 (0)473 86 00 91<\/p>\n\n\n\n<div class=\"wp-block-fcs-core-spacer u-padding-xs-lg u-padding-sm\"><\/div>\n\n\n\n<p><strong>Micha\u00ebl Pierre<\/strong><br>Directeur g\u00e9n\u00e9ral<br><a href=\"mailto:michael.pierre@fcaresystems.com\" target=\"_blank\" rel=\"noreferrer noopener\">micha\u00ebl.pierre@fcaresystems.com<\/a><br>+32 (0)473 83 05 09<\/p>\n\n\n\n<div class=\"wp-block-fcs-core-spacer u-padding-xs-lg u-padding-sm\"><\/div>\n\n\n\n<p><strong>F Care Systems NV<\/strong><br>Uitbreidingsstraat 42-46<br>2600 Berchem (Antwerp)<br>BELGIQUE<br>+32 (0)3 451 51 45<\/p>\n\n\n\n<p>www.fcaresystems.com<\/p>\n<\/div>\n\n\n\n<div class=\"wp-block-column is-layout-flow wp-block-column-is-layout-flow\" style=\"flex-basis:33.33%\"><\/div>\n<\/div>\n<\/div>\n\n\n\n<div class=\"wp-block-fcs-core-container o-container\">\n<div class=\"wp-block-fcs-core-spacer u-padding-sm-lg Geen witruimte\"><\/div>\n\n\n\n<h2 class=\"wp-block-heading has-text-align-left has-primary-color has-text-color\">T\u00e9l\u00e9chargements<\/h2>\n\n\n\n<div class=\"wp-block-fcs-core-spacer u-padding-xs-lg u-padding-sm\"><\/div>\n\n\n\n<hr class=\"wp-block-separator has-text-color has-grey-color has-alpha-channel-opacity has-grey-background-color has-background is-style-wide\"\/>\n\n\n\n<figure class=\"wp-block-gallery has-nested-images columns-default is-cropped wp-block-gallery-1 is-layout-flex wp-block-gallery-is-layout-flex\">\n<figure class=\"wp-block-image size-large\"><a href=\"https:\/\/fcaresystems.com\/wp-content\/uploads\/2023\/01\/Veineo-radiofrequency-ablation-varicose-veins-1024x989.jpg\" target=\"_blank\" rel=\"noreferrer noopener\"><img loading=\"lazy\" decoding=\"async\" width=\"1024\" height=\"989\" data-id=\"4471\" src=\"https:\/\/fcaresystems.com\/wp-content\/uploads\/2023\/01\/Veineo-radiofrequency-ablation-varicose-veins-1024x989.jpg\" alt=\"\" class=\"wp-image-4471\" srcset=\"https:\/\/fcaresystems.com\/wp-content\/uploads\/2023\/01\/Veineo-radiofrequency-ablation-varicose-veins-1024x989.jpg 1024w, https:\/\/fcaresystems.com\/wp-content\/uploads\/2023\/01\/Veineo-radiofrequency-ablation-varicose-veins-300x290.jpg 300w, https:\/\/fcaresystems.com\/wp-content\/uploads\/2023\/01\/Veineo-radiofrequency-ablation-varicose-veins-768x742.jpg 768w, https:\/\/fcaresystems.com\/wp-content\/uploads\/2023\/01\/Veineo-radiofrequency-ablation-varicose-veins-1536x1484.jpg 1536w, https:\/\/fcaresystems.com\/wp-content\/uploads\/2023\/01\/Veineo-radiofrequency-ablation-varicose-veins-2048x1979.jpg 2048w\" sizes=\"auto, (max-width: 1024px) 100vw, 1024px\" \/><\/a><figcaption class=\"wp-element-caption\">proc\u00e9dure Veineo<\/figcaption><\/figure>\n\n\n\n<figure class=\"wp-block-image size-large is-style-default\"><a href=\"https:\/\/fcaresystems.com\/wp-content\/uploads\/2023\/01\/Hero_Rafaelo-RFA-haemorrhoids--1024x768.jpg\" target=\"_blank\" rel=\"noreferrer noopener\"><img loading=\"lazy\" decoding=\"async\" width=\"1024\" height=\"768\" data-id=\"4438\" src=\"https:\/\/fcaresystems.com\/wp-content\/uploads\/2023\/01\/Hero_Rafaelo-RFA-haemorrhoids--1024x768.jpg\" alt=\"\" class=\"wp-image-4438\" srcset=\"https:\/\/fcaresystems.com\/wp-content\/uploads\/2023\/01\/Hero_Rafaelo-RFA-haemorrhoids--1024x768.jpg 1024w, https:\/\/fcaresystems.com\/wp-content\/uploads\/2023\/01\/Hero_Rafaelo-RFA-haemorrhoids--300x225.jpg 300w, https:\/\/fcaresystems.com\/wp-content\/uploads\/2023\/01\/Hero_Rafaelo-RFA-haemorrhoids--768x576.jpg 768w, https:\/\/fcaresystems.com\/wp-content\/uploads\/2023\/01\/Hero_Rafaelo-RFA-haemorrhoids--1536x1152.jpg 1536w, https:\/\/fcaresystems.com\/wp-content\/uploads\/2023\/01\/Hero_Rafaelo-RFA-haemorrhoids--2048x1536.jpg 2048w\" sizes=\"auto, (max-width: 1024px) 100vw, 1024px\" \/><\/a><figcaption class=\"wp-element-caption\">atelier Rafaelo<\/figcaption><\/figure>\n\n\n\n<figure class=\"wp-block-image size-large\"><a href=\"https:\/\/fcaresystems.com\/wp-content\/uploads\/2023\/01\/Treatments-anal-fistulas-RFA-1024x768.jpg\" target=\"_blank\" rel=\"noreferrer noopener\"><img loading=\"lazy\" decoding=\"async\" width=\"1024\" height=\"768\" data-id=\"4440\" src=\"https:\/\/fcaresystems.com\/wp-content\/uploads\/2023\/01\/Treatments-anal-fistulas-RFA-1024x768.jpg\" alt=\"\" class=\"wp-image-4440\" srcset=\"https:\/\/fcaresystems.com\/wp-content\/uploads\/2023\/01\/Treatments-anal-fistulas-RFA-1024x768.jpg 1024w, https:\/\/fcaresystems.com\/wp-content\/uploads\/2023\/01\/Treatments-anal-fistulas-RFA-300x225.jpg 300w, https:\/\/fcaresystems.com\/wp-content\/uploads\/2023\/01\/Treatments-anal-fistulas-RFA-768x576.jpg 768w, https:\/\/fcaresystems.com\/wp-content\/uploads\/2023\/01\/Treatments-anal-fistulas-RFA-1536x1152.jpg 1536w, https:\/\/fcaresystems.com\/wp-content\/uploads\/2023\/01\/Treatments-anal-fistulas-RFA-2048x1536.jpg 2048w\" sizes=\"auto, (max-width: 1024px) 100vw, 1024px\" \/><\/a><figcaption class=\"wp-element-caption\">proc\u00e9dure Fistura<\/figcaption><\/figure>\n\n\n\n<figure class=\"wp-block-image size-large\"><a href=\"https:\/\/fcaresystems.com\/wp-content\/uploads\/2023\/01\/Veineo-RF-ablation-varicose-veins-1024x989.jpg\" target=\"_blank\" rel=\"noreferrer noopener\"><img loading=\"lazy\" decoding=\"async\" width=\"1024\" height=\"989\" data-id=\"4472\" src=\"https:\/\/fcaresystems.com\/wp-content\/uploads\/2023\/01\/Veineo-RF-ablation-varicose-veins-1024x989.jpg\" alt=\"\" class=\"wp-image-4472\" srcset=\"https:\/\/fcaresystems.com\/wp-content\/uploads\/2023\/01\/Veineo-RF-ablation-varicose-veins-1024x989.jpg 1024w, https:\/\/fcaresystems.com\/wp-content\/uploads\/2023\/01\/Veineo-RF-ablation-varicose-veins-300x290.jpg 300w, https:\/\/fcaresystems.com\/wp-content\/uploads\/2023\/01\/Veineo-RF-ablation-varicose-veins-768x742.jpg 768w, https:\/\/fcaresystems.com\/wp-content\/uploads\/2023\/01\/Veineo-RF-ablation-varicose-veins-1536x1484.jpg 1536w, https:\/\/fcaresystems.com\/wp-content\/uploads\/2023\/01\/Veineo-RF-ablation-varicose-veins-2048x1979.jpg 2048w\" sizes=\"auto, (max-width: 1024px) 100vw, 1024px\" \/><\/a><figcaption class=\"wp-element-caption\">proc\u00e9dure Veineo<\/figcaption><\/figure>\n\n\n\n<figure class=\"wp-block-image size-large\"><a href=\"https:\/\/fcaresystems.com\/wp-content\/uploads\/2023\/01\/Rafaelo-Treatment-1024x989.jpg\" target=\"_blank\" rel=\"noreferrer noopener\"><img loading=\"lazy\" decoding=\"async\" width=\"1024\" height=\"989\" data-id=\"4470\" src=\"https:\/\/fcaresystems.com\/wp-content\/uploads\/2023\/01\/Rafaelo-Treatment-1024x989.jpg\" alt=\"\" class=\"wp-image-4470\" srcset=\"https:\/\/fcaresystems.com\/wp-content\/uploads\/2023\/01\/Rafaelo-Treatment-1024x989.jpg 1024w, https:\/\/fcaresystems.com\/wp-content\/uploads\/2023\/01\/Rafaelo-Treatment-300x290.jpg 300w, https:\/\/fcaresystems.com\/wp-content\/uploads\/2023\/01\/Rafaelo-Treatment-768x742.jpg 768w, https:\/\/fcaresystems.com\/wp-content\/uploads\/2023\/01\/Rafaelo-Treatment-1536x1484.jpg 1536w, https:\/\/fcaresystems.com\/wp-content\/uploads\/2023\/01\/Rafaelo-Treatment-2048x1979.jpg 2048w\" sizes=\"auto, (max-width: 1024px) 100vw, 1024px\" \/><\/a><figcaption class=\"wp-element-caption\">proc\u00e9dure Rafaelo<\/figcaption><\/figure>\n\n\n\n<figure class=\"wp-block-image size-large\"><a href=\"https:\/\/fcaresystems.com\/wp-content\/uploads\/2022\/12\/00MEDRF4000_MedRF4000_screen-Varicose-veins-989x1024.jpg\" target=\"_blank\" rel=\"noreferrer noopener\"><img loading=\"lazy\" decoding=\"async\" width=\"989\" height=\"1024\" data-id=\"3071\" src=\"https:\/\/fcaresystems.com\/wp-content\/uploads\/2022\/12\/00MEDRF4000_MedRF4000_screen-Varicose-veins-989x1024.jpg\" alt=\"\" class=\"wp-image-3071\" srcset=\"https:\/\/fcaresystems.com\/wp-content\/uploads\/2022\/12\/00MEDRF4000_MedRF4000_screen-Varicose-veins-989x1024.jpg 989w, https:\/\/fcaresystems.com\/wp-content\/uploads\/2022\/12\/00MEDRF4000_MedRF4000_screen-Varicose-veins-290x300.jpg 290w, https:\/\/fcaresystems.com\/wp-content\/uploads\/2022\/12\/00MEDRF4000_MedRF4000_screen-Varicose-veins-768x795.jpg 768w, https:\/\/fcaresystems.com\/wp-content\/uploads\/2022\/12\/00MEDRF4000_MedRF4000_screen-Varicose-veins-1484x1536.jpg 1484w, https:\/\/fcaresystems.com\/wp-content\/uploads\/2022\/12\/00MEDRF4000_MedRF4000_screen-Varicose-veins-1979x2048.jpg 1979w\" sizes=\"auto, (max-width: 989px) 100vw, 989px\" \/><\/a><figcaption class=\"wp-element-caption\">g\u00e9n\u00e9rateur MedRF4000<\/figcaption><\/figure>\n\n\n\n<figure class=\"wp-block-image size-large\"><a href=\"https:\/\/fcaresystems.com\/wp-content\/uploads\/2023\/01\/Illustraties-press_Veineo-989x1024.jpg\" target=\"_blank\" rel=\"noreferrer noopener\"><img loading=\"lazy\" decoding=\"async\" width=\"989\" height=\"1024\" data-id=\"4469\" src=\"https:\/\/fcaresystems.com\/wp-content\/uploads\/2023\/01\/Illustraties-press_Veineo-989x1024.jpg\" alt=\"\" class=\"wp-image-4469\" srcset=\"https:\/\/fcaresystems.com\/wp-content\/uploads\/2023\/01\/Illustraties-press_Veineo-989x1024.jpg 989w, https:\/\/fcaresystems.com\/wp-content\/uploads\/2023\/01\/Illustraties-press_Veineo-290x300.jpg 290w, https:\/\/fcaresystems.com\/wp-content\/uploads\/2023\/01\/Illustraties-press_Veineo-768x795.jpg 768w, https:\/\/fcaresystems.com\/wp-content\/uploads\/2023\/01\/Illustraties-press_Veineo-1484x1536.jpg 1484w, https:\/\/fcaresystems.com\/wp-content\/uploads\/2023\/01\/Illustraties-press_Veineo-1979x2048.jpg 1979w\" sizes=\"auto, (max-width: 989px) 100vw, 989px\" \/><\/a><\/figure>\n\n\n\n<figure class=\"wp-block-image size-large\"><a href=\"https:\/\/fcaresystems.com\/wp-content\/uploads\/2023\/01\/Illustraties-press_Rafaelo-989x1024.jpg\" target=\"_blank\" rel=\"noreferrer noopener\"><img loading=\"lazy\" decoding=\"async\" width=\"989\" height=\"1024\" data-id=\"4468\" src=\"https:\/\/fcaresystems.com\/wp-content\/uploads\/2023\/01\/Illustraties-press_Rafaelo-989x1024.jpg\" alt=\"\" class=\"wp-image-4468\" srcset=\"https:\/\/fcaresystems.com\/wp-content\/uploads\/2023\/01\/Illustraties-press_Rafaelo-989x1024.jpg 989w, https:\/\/fcaresystems.com\/wp-content\/uploads\/2023\/01\/Illustraties-press_Rafaelo-290x300.jpg 290w, https:\/\/fcaresystems.com\/wp-content\/uploads\/2023\/01\/Illustraties-press_Rafaelo-768x795.jpg 768w, https:\/\/fcaresystems.com\/wp-content\/uploads\/2023\/01\/Illustraties-press_Rafaelo-1484x1536.jpg 1484w, https:\/\/fcaresystems.com\/wp-content\/uploads\/2023\/01\/Illustraties-press_Rafaelo-1979x2048.jpg 1979w\" sizes=\"auto, (max-width: 989px) 100vw, 989px\" \/><\/a><\/figure>\n\n\n\n<figure class=\"wp-block-image size-large\"><a href=\"https:\/\/fcaresystems.com\/wp-content\/uploads\/2023\/01\/Illustraties-press_Fistura-989x1024.jpg\" target=\"_blank\" rel=\"noreferrer noopener\"><img loading=\"lazy\" decoding=\"async\" width=\"989\" height=\"1024\" data-id=\"4467\" src=\"https:\/\/fcaresystems.com\/wp-content\/uploads\/2023\/01\/Illustraties-press_Fistura-989x1024.jpg\" alt=\"\" class=\"wp-image-4467\" srcset=\"https:\/\/fcaresystems.com\/wp-content\/uploads\/2023\/01\/Illustraties-press_Fistura-989x1024.jpg 989w, https:\/\/fcaresystems.com\/wp-content\/uploads\/2023\/01\/Illustraties-press_Fistura-290x300.jpg 290w, https:\/\/fcaresystems.com\/wp-content\/uploads\/2023\/01\/Illustraties-press_Fistura-768x795.jpg 768w, https:\/\/fcaresystems.com\/wp-content\/uploads\/2023\/01\/Illustraties-press_Fistura-1484x1536.jpg 1484w, https:\/\/fcaresystems.com\/wp-content\/uploads\/2023\/01\/Illustraties-press_Fistura-1979x2048.jpg 1979w\" sizes=\"auto, (max-width: 989px) 100vw, 989px\" \/><\/a><\/figure>\n<\/figure>\n\n\n\n<div class=\"wp-block-fcs-core-spacer u-padding-sm-lg Geen witruimte\"><\/div>\n\n\n\n<h2 class=\"wp-block-heading has-text-align-left has-primary-color has-text-color\">Logos<\/h2>\n\n\n\n<div class=\"wp-block-fcs-core-spacer u-padding-xs-lg u-padding-sm\"><\/div>\n\n\n\n<div class=\"wp-block-file\"><a id=\"wp-block-file--media-e301e8ce-3375-42c3-832b-fe2bcf985fae\" href=\"https:\/\/fcaresystems.com\/wp-content\/uploads\/2023\/01\/F-Care-Systems-CMYK_Logo-Colour-CMYK.pdf\" target=\"_blank\" rel=\"noreferrer noopener\">F Care Systems logo_CMYK<\/a><a href=\"https:\/\/fcaresystems.com\/wp-content\/uploads\/2023\/01\/F-Care-Systems-CMYK_Logo-Colour-CMYK.pdf\" class=\"wp-block-file__button wp-element-button\" download aria-describedby=\"wp-block-file--media-e301e8ce-3375-42c3-832b-fe2bcf985fae\"><strong><mark style=\"background-color:rgba(0, 0, 0, 0)\" class=\"has-inline-color has-primary-color\">T\u00e9l\u00e9charger<\/mark><\/strong><\/a><\/div>\n\n\n\n<div class=\"wp-block-file\"><a id=\"wp-block-file--media-e301e8ce-3375-42c3-832b-fe2bcf985fae\" href=\"https:\/\/fcaresystems.com\/wp-content\/uploads\/2023\/01\/Logo-Colour-400PX-RGB.png\" target=\"_blank\" rel=\"noreferrer noopener\">F Care Systems logo_RGB<\/a><a href=\"https:\/\/fcaresystems.com\/wp-content\/uploads\/2023\/01\/Logo-Colour-400PX-RGB.png\" class=\"wp-block-file__button wp-element-button\" download aria-describedby=\"wp-block-file--media-e301e8ce-3375-42c3-832b-fe2bcf985fae\"><strong><mark style=\"background-color:rgba(0, 0, 0, 0)\" class=\"has-inline-color has-primary-color\">T\u00e9l\u00e9charger<\/mark><\/strong><\/a><\/div>\n\n\n\n<div class=\"wp-block-fcs-core-spacer u-padding-xl-lg u-padding-md\"><\/div>\n<\/div>\n\n\n\n<div class=\"wp-block-group has-secondary-background-color has-background\"><div class=\"wp-block-group__inner-container is-layout-constrained wp-block-group-is-layout-constrained\">\n<div class=\"wp-block-fcs-core-container o-container\">\n<div class=\"wp-block-fcs-core-spacer u-padding-xl-lg u-padding-md\"><\/div>\n\n\n\n<h2 class=\"wp-block-heading has-text-align-center has-white-color has-text-color\">En savoir plus?<\/h2>\n\n\n\n<div class=\"wp-block-buttons is-content-justification-center is-layout-flex wp-container-core-buttons-is-layout-16018d1d wp-block-buttons-is-layout-flex\">\n<div class=\"wp-block-button is-style-fill\"><a class=\"wp-block-button__link has-primary-background-color has-background wp-element-button\" href=\"https:\/\/fcaresystems.com\/fr\/contact\/\">Contactez-nous<\/a><\/div>\n<\/div>\n\n\n\n<div class=\"wp-block-fcs-core-spacer u-padding-xl-lg u-padding-md\"><\/div>\n<\/div>\n<\/div><\/div>\n","protected":false},"excerpt":{"rendered":"","protected":false},"author":1,"featured_media":0,"parent":6369,"menu_order":4,"comment_status":"closed","ping_status":"closed","template":"","meta":{"_color_hex":"","_color_slug":"","footnotes":""},"class_list":["post-9564","page","type-page","status-publish","hentry"],"yoast_head":"<!-- This site is optimized with the Yoast SEO plugin v27.0 - https:\/\/yoast.com\/product\/yoast-seo-wordpress\/ -->\n<title>Coin presse | F Care Systems<\/title>\n<meta name=\"description\" content=\"Communiqu\u00e9s de presse de F Care Systems et autres ressources pour les journalistes.\" \/>\n<meta name=\"robots\" content=\"index, follow, max-snippet:-1, max-image-preview:large, max-video-preview:-1\" \/>\n<link rel=\"canonical\" href=\"https:\/\/fcaresystems.com\/fr\/sur-nous\/coin-presse\/\" \/>\n<meta property=\"og:locale\" content=\"fr_FR\" \/>\n<meta property=\"og:type\" content=\"article\" \/>\n<meta property=\"og:title\" content=\"Coin presse | F Care Systems\" \/>\n<meta property=\"og:description\" content=\"Communiqu\u00e9s de presse de F Care Systems et autres ressources pour les journalistes.\" \/>\n<meta property=\"og:url\" content=\"https:\/\/fcaresystems.com\/fr\/sur-nous\/coin-presse\/\" \/>\n<meta property=\"og:site_name\" content=\"F Care Systems\" \/>\n<meta property=\"article:modified_time\" content=\"2023-07-06T07:39:09+00:00\" \/>\n<meta property=\"og:image\" content=\"https:\/\/fcaresystems.com\/wp-content\/uploads\/2023\/01\/Hero_Press-2.jpg\" \/>\n<meta name=\"twitter:card\" content=\"summary_large_image\" \/>\n<meta name=\"twitter:label1\" content=\"Dur\u00e9e de lecture estim\u00e9e\" \/>\n\t<meta name=\"twitter:data1\" content=\"3 minutes\" \/>\n<script type=\"application\/ld+json\" class=\"yoast-schema-graph\">{\"@context\":\"https:\/\/schema.org\",\"@graph\":[{\"@type\":\"WebPage\",\"@id\":\"https:\/\/fcaresystems.com\/fr\/sur-nous\/coin-presse\/\",\"url\":\"https:\/\/fcaresystems.com\/fr\/sur-nous\/coin-presse\/\",\"name\":\"Coin presse | F Care Systems\",\"isPartOf\":{\"@id\":\"https:\/\/fcaresystems.com\/fr\/#website\"},\"primaryImageOfPage\":{\"@id\":\"https:\/\/fcaresystems.com\/fr\/sur-nous\/coin-presse\/#primaryimage\"},\"image\":{\"@id\":\"https:\/\/fcaresystems.com\/fr\/sur-nous\/coin-presse\/#primaryimage\"},\"thumbnailUrl\":\"https:\/\/fcaresystems.com\/wp-content\/uploads\/2023\/01\/Hero_Press-2.jpg\",\"datePublished\":\"2022-11-18T12:39:34+00:00\",\"dateModified\":\"2023-07-06T07:39:09+00:00\",\"description\":\"Communiqu\u00e9s de presse de F Care Systems et autres ressources pour les journalistes.\",\"breadcrumb\":{\"@id\":\"https:\/\/fcaresystems.com\/fr\/sur-nous\/coin-presse\/#breadcrumb\"},\"inLanguage\":\"fr-FR\",\"potentialAction\":[{\"@type\":\"ReadAction\",\"target\":[\"https:\/\/fcaresystems.com\/fr\/sur-nous\/coin-presse\/\"]}]},{\"@type\":\"ImageObject\",\"inLanguage\":\"fr-FR\",\"@id\":\"https:\/\/fcaresystems.com\/fr\/sur-nous\/coin-presse\/#primaryimage\",\"url\":\"https:\/\/fcaresystems.com\/wp-content\/uploads\/2023\/01\/Hero_Press-2.jpg\",\"contentUrl\":\"https:\/\/fcaresystems.com\/wp-content\/uploads\/2023\/01\/Hero_Press-2.jpg\"},{\"@type\":\"BreadcrumbList\",\"@id\":\"https:\/\/fcaresystems.com\/fr\/sur-nous\/coin-presse\/#breadcrumb\",\"itemListElement\":[{\"@type\":\"ListItem\",\"position\":1,\"name\":\"Home\",\"item\":\"https:\/\/fcaresystems.com\/fr\/\"},{\"@type\":\"ListItem\",\"position\":2,\"name\":\"Sur nous\",\"item\":\"https:\/\/fcaresystems.com\/fr\/sur-nous\/\"},{\"@type\":\"ListItem\",\"position\":3,\"name\":\"Coin presse\"}]},{\"@type\":\"WebSite\",\"@id\":\"https:\/\/fcaresystems.com\/fr\/#website\",\"url\":\"https:\/\/fcaresystems.com\/fr\/\",\"name\":\"F Care Systems\",\"description\":\"\",\"publisher\":{\"@id\":\"https:\/\/fcaresystems.com\/fr\/#organization\"},\"potentialAction\":[{\"@type\":\"SearchAction\",\"target\":{\"@type\":\"EntryPoint\",\"urlTemplate\":\"https:\/\/fcaresystems.com\/fr\/?s={search_term_string}\"},\"query-input\":{\"@type\":\"PropertyValueSpecification\",\"valueRequired\":true,\"valueName\":\"search_term_string\"}}],\"inLanguage\":\"fr-FR\"},{\"@type\":\"Organization\",\"@id\":\"https:\/\/fcaresystems.com\/fr\/#organization\",\"name\":\"F Care Systems\",\"url\":\"https:\/\/fcaresystems.com\/fr\/\",\"logo\":{\"@type\":\"ImageObject\",\"inLanguage\":\"fr-FR\",\"@id\":\"https:\/\/fcaresystems.com\/fr\/#\/schema\/logo\/image\/\",\"url\":\"https:\/\/fcaresystems.com\/wp-content\/uploads\/2022\/11\/logo-2.svg\",\"contentUrl\":\"https:\/\/fcaresystems.com\/wp-content\/uploads\/2022\/11\/logo-2.svg\",\"caption\":\"F Care Systems\"},\"image\":{\"@id\":\"https:\/\/fcaresystems.com\/fr\/#\/schema\/logo\/image\/\"}}]}<\/script>\n<!-- \/ Yoast SEO plugin. -->","yoast_head_json":{"title":"Coin presse | F Care Systems","description":"Communiqu\u00e9s de presse de F Care Systems et autres ressources pour les journalistes.","robots":{"index":"index","follow":"follow","max-snippet":"max-snippet:-1","max-image-preview":"max-image-preview:large","max-video-preview":"max-video-preview:-1"},"canonical":"https:\/\/fcaresystems.com\/fr\/sur-nous\/coin-presse\/","og_locale":"fr_FR","og_type":"article","og_title":"Coin presse | F Care Systems","og_description":"Communiqu\u00e9s de presse de F Care Systems et autres ressources pour les journalistes.","og_url":"https:\/\/fcaresystems.com\/fr\/sur-nous\/coin-presse\/","og_site_name":"F Care Systems","article_modified_time":"2023-07-06T07:39:09+00:00","og_image":[{"url":"https:\/\/fcaresystems.com\/wp-content\/uploads\/2023\/01\/Hero_Press-2.jpg","type":"","width":"","height":""}],"twitter_card":"summary_large_image","twitter_misc":{"Dur\u00e9e de lecture estim\u00e9e":"3 minutes"},"schema":{"@context":"https:\/\/schema.org","@graph":[{"@type":"WebPage","@id":"https:\/\/fcaresystems.com\/fr\/sur-nous\/coin-presse\/","url":"https:\/\/fcaresystems.com\/fr\/sur-nous\/coin-presse\/","name":"Coin presse | F Care Systems","isPartOf":{"@id":"https:\/\/fcaresystems.com\/fr\/#website"},"primaryImageOfPage":{"@id":"https:\/\/fcaresystems.com\/fr\/sur-nous\/coin-presse\/#primaryimage"},"image":{"@id":"https:\/\/fcaresystems.com\/fr\/sur-nous\/coin-presse\/#primaryimage"},"thumbnailUrl":"https:\/\/fcaresystems.com\/wp-content\/uploads\/2023\/01\/Hero_Press-2.jpg","datePublished":"2022-11-18T12:39:34+00:00","dateModified":"2023-07-06T07:39:09+00:00","description":"Communiqu\u00e9s de presse de F Care Systems et autres ressources pour les journalistes.","breadcrumb":{"@id":"https:\/\/fcaresystems.com\/fr\/sur-nous\/coin-presse\/#breadcrumb"},"inLanguage":"fr-FR","potentialAction":[{"@type":"ReadAction","target":["https:\/\/fcaresystems.com\/fr\/sur-nous\/coin-presse\/"]}]},{"@type":"ImageObject","inLanguage":"fr-FR","@id":"https:\/\/fcaresystems.com\/fr\/sur-nous\/coin-presse\/#primaryimage","url":"https:\/\/fcaresystems.com\/wp-content\/uploads\/2023\/01\/Hero_Press-2.jpg","contentUrl":"https:\/\/fcaresystems.com\/wp-content\/uploads\/2023\/01\/Hero_Press-2.jpg"},{"@type":"BreadcrumbList","@id":"https:\/\/fcaresystems.com\/fr\/sur-nous\/coin-presse\/#breadcrumb","itemListElement":[{"@type":"ListItem","position":1,"name":"Home","item":"https:\/\/fcaresystems.com\/fr\/"},{"@type":"ListItem","position":2,"name":"Sur nous","item":"https:\/\/fcaresystems.com\/fr\/sur-nous\/"},{"@type":"ListItem","position":3,"name":"Coin presse"}]},{"@type":"WebSite","@id":"https:\/\/fcaresystems.com\/fr\/#website","url":"https:\/\/fcaresystems.com\/fr\/","name":"F Care Systems","description":"","publisher":{"@id":"https:\/\/fcaresystems.com\/fr\/#organization"},"potentialAction":[{"@type":"SearchAction","target":{"@type":"EntryPoint","urlTemplate":"https:\/\/fcaresystems.com\/fr\/?s={search_term_string}"},"query-input":{"@type":"PropertyValueSpecification","valueRequired":true,"valueName":"search_term_string"}}],"inLanguage":"fr-FR"},{"@type":"Organization","@id":"https:\/\/fcaresystems.com\/fr\/#organization","name":"F Care Systems","url":"https:\/\/fcaresystems.com\/fr\/","logo":{"@type":"ImageObject","inLanguage":"fr-FR","@id":"https:\/\/fcaresystems.com\/fr\/#\/schema\/logo\/image\/","url":"https:\/\/fcaresystems.com\/wp-content\/uploads\/2022\/11\/logo-2.svg","contentUrl":"https:\/\/fcaresystems.com\/wp-content\/uploads\/2022\/11\/logo-2.svg","caption":"F Care Systems"},"image":{"@id":"https:\/\/fcaresystems.com\/fr\/#\/schema\/logo\/image\/"}}]}},"_links":{"self":[{"href":"https:\/\/fcaresystems.com\/fr\/wp-json\/wp\/v2\/pages\/9564","targetHints":{"allow":["GET"]}}],"collection":[{"href":"https:\/\/fcaresystems.com\/fr\/wp-json\/wp\/v2\/pages"}],"about":[{"href":"https:\/\/fcaresystems.com\/fr\/wp-json\/wp\/v2\/types\/page"}],"author":[{"embeddable":true,"href":"https:\/\/fcaresystems.com\/fr\/wp-json\/wp\/v2\/users\/1"}],"replies":[{"embeddable":true,"href":"https:\/\/fcaresystems.com\/fr\/wp-json\/wp\/v2\/comments?post=9564"}],"version-history":[{"count":6,"href":"https:\/\/fcaresystems.com\/fr\/wp-json\/wp\/v2\/pages\/9564\/revisions"}],"predecessor-version":[{"id":12155,"href":"https:\/\/fcaresystems.com\/fr\/wp-json\/wp\/v2\/pages\/9564\/revisions\/12155"}],"up":[{"embeddable":true,"href":"https:\/\/fcaresystems.com\/fr\/wp-json\/wp\/v2\/pages\/6369"}],"wp:attachment":[{"href":"https:\/\/fcaresystems.com\/fr\/wp-json\/wp\/v2\/media?parent=9564"}],"curies":[{"name":"wp","href":"https:\/\/api.w.org\/{rel}","templated":true}]}}