{"id":7375,"date":"2022-10-24T14:26:07","date_gmt":"2022-10-24T12:26:07","guid":{"rendered":"https:\/\/fcaresystems.com\/news\/"},"modified":"2025-02-25T16:32:33","modified_gmt":"2025-02-25T15:32:33","slug":"actualites","status":"publish","type":"page","link":"https:\/\/fcaresystems.com\/fr\/actualites\/","title":{"rendered":"Actualit\u00e9s"},"content":{"rendered":"\n<section class=\"wp-block-fcs-core-header is-style-gradient\"><header class=\"c-header c-header-wrapper c-header-wrapper-s\"><figure class=\"c-header-img  o-flex o-flex-align-items-center\"><img decoding=\"async\" src=\"https:\/\/fcaresystems.com\/wp-content\/uploads\/2023\/01\/Hero_News.jpg\" class=\"c-header-img\"\/><figcaption class=\"c-header-content\"><div class=\"o-container\">\n<div class=\"wp-block-fcs-core-spacer u-padding-sm-lg u-padding-sm\"><\/div>\n\n\n\n<div class=\"wp-block-group c-breadcrumb\"><div class=\"wp-block-group__inner-container is-layout-flow wp-block-group-is-layout-flow\"><span><span><a href=\"https:\/\/fcaresystems.com\/fr\/\">Home<\/a><\/span><\/span>\n<\/div><\/div>\n\n\n\n<div class=\"wp-block-fcs-core-spacer u-padding-sm-lg u-padding-md\"><\/div>\n\n\n\n<h1 class=\"wp-block-heading has-white-color has-text-color\">Actualit\u00e9s<\/h1>\n\n\n\n<div class=\"wp-block-fcs-core-spacer u-padding-xs-lg u-padding-sm\"><\/div>\n<\/div><\/figcaption><\/figure><\/header><\/section>\n\n\n\n<div class=\"wp-block-fcs-core-container o-container\">\n<div class=\"wp-block-fcs-core-spacer u-padding-lg-lg u-padding-md\"><\/div>\n\n\n<div class='o-grid o-grid-3-lg o-grid-gap-xs'><a href=\"https:\/\/fcaresystems.com\/fr\/premier-cas-dablation-thyroidienne-au-portugal\/\" class=\"c-thumbnail\">\n    <figure>\n        <img decoding=\"async\" src=\"https:\/\/fcaresystems.com\/wp-content\/uploads\/2025\/03\/e.jpg\" alt=\"\" title=\"\" width=\"1517\" height=\"784\" loading=\"lazy\" \/>\n    <\/figure>\n    <div class=\"c-thumbnail__content\">\n        <div>\n            <h3>Premier cas d&rsquo;ablation thyro\u00efdienne au Portugal.<\/h3>\n            <p>Premier cas d&rsquo;ablation thyro\u00efdienne au Portugal et notre participation au&#8230;<\/p>\n        <\/div>\n        <p class=\"c-button-link c-button-link--icon u-margin-none\">Lire la suite<\/p>\n    <\/div>\n<\/a><a href=\"https:\/\/fcaresystems.com\/fr\/sphera-un-traitement-adapte-aux-patients-pour-les-hemorroides-de-grade-i-et-ii\/\" class=\"c-thumbnail\">\n    <figure>\n        <img decoding=\"async\" src=\"https:\/\/fcaresystems.com\/wp-content\/uploads\/2025\/02\/nouvelle-sonde-Sphera.jpg\" alt=\"\" title=\"\" width=\"1517\" height=\"784\" loading=\"lazy\" \/>\n    <\/figure>\n    <div class=\"c-thumbnail__content\">\n        <div>\n            <h3>Sphera, un traitement adapt\u00e9 aux patients pour les h\u00e9morro\u00efdes de grade I et II<\/h3>\n            <p>En savoir plus sur le Sphera Nous sommes ravis d&rsquo;annoncer&#8230;<\/p>\n        <\/div>\n        <p class=\"c-button-link c-button-link--icon u-margin-none\">Lire la suite<\/p>\n    <\/div>\n<\/a><a href=\"https:\/\/fcaresystems.com\/fr\/nouveau-distributeur-au-canada\/\" class=\"c-thumbnail\">\n    <figure>\n        <img decoding=\"async\" src=\"https:\/\/fcaresystems.com\/wp-content\/uploads\/2024\/06\/POST-Sales-team-Southmedic-Canada.jpg\" alt=\"\" title=\"\" width=\"728\" height=\"376\" loading=\"lazy\" \/>\n    <\/figure>\n    <div class=\"c-thumbnail__content\">\n        <div>\n            <h3>Nouveau distributeur au Canada<\/h3>\n            <p>Nous sommes fiers d&rsquo;annoncer que nous avons un nouveau distributeur au Canada. <\/p>\n        <\/div>\n        <p class=\"c-button-link c-button-link--icon u-margin-none\">Lire la suite<\/p>\n    <\/div>\n<\/a><a href=\"https:\/\/fcaresystems.com\/fr\/talleres-de-febrero-se-completan-rapidamente\/\" class=\"c-thumbnail\">\n    <figure>\n        <img decoding=\"async\" src=\"https:\/\/fcaresystems.com\/wp-content\/uploads\/2022\/10\/blogthumb.jpg\" alt=\"\" title=\"\" width=\"728\" height=\"376\" loading=\"lazy\" \/>\n    <\/figure>\n    <div class=\"c-thumbnail__content\">\n        <div>\n            <h3>Les ateliers de f\u00e9vrier affichent complet<\/h3>\n            <p>Nos ateliers sont une occasion inestimable de d\u00e9couvrir les produits F Care Systems dans le cadre d&rsquo;un traitement r\u00e9el. Notre session du 23 f\u00e9vrier est d\u00e9j\u00e0 compl\u00e8te, mais nous avons encore de la place pour le 12 avril \u00e0 Cologne. Ne manquez pas cette occasion !<\/p>\n        <\/div>\n        <p class=\"c-button-link c-button-link--icon u-margin-none\">Lire la suite<\/p>\n    <\/div>\n<\/a><a href=\"https:\/\/fcaresystems.com\/fr\/rafaelo-masterclasses\/\" class=\"c-thumbnail\">\n    <figure>\n        <img decoding=\"async\" src=\"https:\/\/fcaresystems.com\/wp-content\/uploads\/2024\/01\/POST-Rafaelo-Masterclass-Delhi-1.jpg\" alt=\"\" title=\"\" width=\"728\" height=\"376\" loading=\"lazy\" \/>\n    <\/figure>\n    <div class=\"c-thumbnail__content\">\n        <div>\n            <h3>Rafaelo Masterclasses<\/h3>\n            <p>Deux s\u00e9ances de formation instructives sur la m\u00e9thode Rafaelo ont r\u00e9cemment \u00e9t\u00e9 organis\u00e9es \u00e0 Delhi et \u00e0 Mumbai, rassemblant des experts renomm\u00e9s et des \u00e9tudiants passionn\u00e9s.<\/p>\n        <\/div>\n        <p class=\"c-button-link c-button-link--icon u-margin-none\">Lire la suite<\/p>\n    <\/div>\n<\/a><a href=\"https:\/\/fcaresystems.com\/fr\/f-care-systems-a-medica-2023\/\" class=\"c-thumbnail\">\n    <figure>\n        <img decoding=\"async\" src=\"https:\/\/fcaresystems.com\/wp-content\/uploads\/2023\/11\/2023_MEDICA_728x376-website-news.jpg\" alt=\"\" title=\"\" width=\"728\" height=\"376\" loading=\"lazy\" \/>\n    <\/figure>\n    <div class=\"c-thumbnail__content\">\n        <div>\n            <h3>Retrouvez-nous \u00e0 Medica 2023<\/h3>\n            <p>Cette ann\u00e9e, nous serons \u00e0 nouveau pr\u00e9sents \u00e0 Medica, le principal salon de l&rsquo;industrie m\u00e9dicale, qui se tiendra du 13 au 16 novembre \u00e0 D\u00fcsseldorf.<\/p>\n        <\/div>\n        <p class=\"c-button-link c-button-link--icon u-margin-none\">Lire la suite<\/p>\n    <\/div>\n<\/a><a href=\"https:\/\/fcaresystems.com\/fr\/nouveau-pack-fistura-disponible\/\" class=\"c-thumbnail\">\n    <figure>\n        <img decoding=\"async\" src=\"https:\/\/fcaresystems.com\/wp-content\/uploads\/2023\/05\/06FISTURAPACK9F_Fistura-pack-with-box.jpg\" alt=\"\" title=\"\" width=\"728\" height=\"376\" loading=\"lazy\" \/>\n    <\/figure>\n    <div class=\"c-thumbnail__content\">\n        <div>\n            <h3>Nouveau kit Fistura disponible d\u00e8s aujourd&rsquo;hui !<\/h3>\n            <p>Un set pratique et complet pour le traitement de fistules anales.<\/p>\n        <\/div>\n        <p class=\"c-button-link c-button-link--icon u-margin-none\">Lire la suite<\/p>\n    <\/div>\n<\/a><a href=\"https:\/\/fcaresystems.com\/fr\/etude-multicentrique-prospective-francaise-rafaelo\/\" class=\"c-thumbnail\">\n    <figure>\n        <img decoding=\"async\" src=\"https:\/\/fcaresystems.com\/wp-content\/uploads\/2023\/01\/Clinical-study-RFA-fistels.jpg\" alt=\"\" title=\"\" width=\"728\" height=\"376\" loading=\"lazy\" \/>\n    <\/figure>\n    <div class=\"c-thumbnail__content\">\n        <div>\n            <h3>Rafaelo\u00ae r\u00e9pond aux attentes d&rsquo;une technique peu invasive.<\/h3>\n            <p>Les chercheurs d&rsquo;une \u00e9tude prospective multicentrique fran\u00e7aise ont conclu que l&rsquo;ARF (Rafaelo\u00ae) est associ\u00e9e \u00e0 une am\u00e9lioration de la qualit\u00e9 de vie et des sympt\u00f4mes avec un bon profil de s\u00e9curit\u00e9.<\/p>\n        <\/div>\n        <p class=\"c-button-link c-button-link--icon u-margin-none\">Lire la suite<\/p>\n    <\/div>\n<\/a><a href=\"https:\/\/fcaresystems.com\/fr\/approbation-de-lelectrode-hpr45i-par-la-fda\/\" class=\"c-thumbnail\">\n    <figure>\n        <img decoding=\"async\" src=\"https:\/\/fcaresystems.com\/wp-content\/uploads\/2023\/03\/FDA.jpg\" alt=\"\" title=\"\" width=\"728\" height=\"376\" loading=\"lazy\" \/>\n    <\/figure>\n    <div class=\"c-thumbnail__content\">\n        <div>\n            <h3>Approbation de l&rsquo;\u00e9lectrode HPR45i par la FDA<\/h3>\n            <p>F Care Systems annonce l&rsquo;approbation par la FDA de l&rsquo;\u00e9lectrode \u00e9lectrochirurgicale HPR45i.<\/p>\n        <\/div>\n        <p class=\"c-button-link c-button-link--icon u-margin-none\">Lire la suite<\/p>\n    <\/div>\n<\/a><a href=\"https:\/\/fcaresystems.com\/fr\/conference-annuelle-proctologie\/\" class=\"c-thumbnail\">\n    <figure>\n        <img decoding=\"async\" src=\"https:\/\/fcaresystems.com\/wp-content\/uploads\/2023\/01\/Annual-proctology-event.jpg\" alt=\"\" title=\"\" width=\"728\" height=\"376\" loading=\"lazy\" \/>\n    <\/figure>\n    <div class=\"c-thumbnail__content\">\n        <div>\n            <h3>F Care Systems participe \u00e0 la conf\u00e9rence annuelle sur la proctologie<\/h3>\n            <p>Notre calendrier des \u00e9v\u00e8nements se remplit ! Prochaine \u00e9tape : la 45e conf\u00e9rence annuelle de la Soci\u00e9t\u00e9 allemande de colo-proctologie, qui se tiendra du 16 au 18 mars \u00e0 Munich. Au plaisir de vous y retrouver !<\/p>\n        <\/div>\n        <p class=\"c-button-link c-button-link--icon u-margin-none\">Lire la suite<\/p>\n    <\/div>\n<\/a><a href=\"https:\/\/fcaresystems.com\/fr\/nouvelle-sonde-rf-sphera\/\" class=\"c-thumbnail\">\n    <figure>\n        <img decoding=\"async\" src=\"https:\/\/fcaresystems.com\/wp-content\/uploads\/2023\/01\/News-Sphera.jpg\" alt=\"\" title=\"\" width=\"728\" height=\"376\" loading=\"lazy\" \/>\n    <\/figure>\n    <div class=\"c-thumbnail__content\">\n        <div>\n            <h3>Nouvelle sonde RF Sphera<\/h3>\n            <p>L&rsquo;entreprise F Care Systems est fi\u00e8re d\u2019annoncer le lancement de Sphera, une nouvelle sonde sph\u00e9rique con\u00e7ue pour la coagulation superficielle des h\u00e9morro\u00efdes internes de grades I et II. <\/p>\n        <\/div>\n        <p class=\"c-button-link c-button-link--icon u-margin-none\">Lire la suite<\/p>\n    <\/div>\n<\/a><a href=\"https:\/\/fcaresystems.com\/fr\/atelier-rafaelo\/\" class=\"c-thumbnail\">\n    <figure>\n        <img decoding=\"async\" src=\"https:\/\/fcaresystems.com\/wp-content\/uploads\/2023\/02\/Rafaelo-workshop.jpg\" alt=\"\" title=\"\" width=\"728\" height=\"376\" loading=\"lazy\" \/>\n    <\/figure>\n    <div class=\"c-thumbnail__content\">\n        <div>\n            <h3>Atelier Rafaelo\u00ae<\/h3>\n            <p>Notre prochain atelier Rafaelo\u00ae est pr\u00e9vu le 21 f\u00e9vrier \u00e0 Cologne. Le nombre de participant\u00b7e\u00b7s est limit\u00e9\u00a0\u2013 ne manquez pas cette chance de d\u00e9couvrir notre technologie d\u2019ablation RF par vous-m\u00eame.<\/p>\n        <\/div>\n        <p class=\"c-button-link c-button-link--icon u-margin-none\">Lire la suite<\/p>\n    <\/div>\n<\/a><\/div><div class='u-margin-top-xl o-flex o-flex-justify-content-center'><div class=\"c-pagination\"><ul><li class=\"active\"><a href=\"https:\/\/fcaresystems.com\/fr\/wp-json\/wp\/v2\/pages\/7375\/\">1<\/a><\/li><li><a href=\"https:\/\/fcaresystems.com\/fr\/wp-json\/wp\/v2\/pages\/7375\/page\/2\/\">2<\/a><\/li><li><a href=\"https:\/\/fcaresystems.com\/fr\/wp-json\/wp\/v2\/pages\/7375\/page\/2\/\" >Page suivante\u00a0\u00bb<\/a><\/li><\/ul><\/div><\/div>\n\n\n<div class=\"wp-block-fcs-core-spacer u-padding-xs-lg u-padding-xs\"><\/div>\n<\/div>\n\n\n\n<div class=\"wp-block-fcs-core-container o-container\">\n<div class=\"wp-block-fcs-core-spacer u-padding-xl-lg u-padding-md\"><\/div>\n<\/div>\n","protected":false},"excerpt":{"rendered":"<p>Annonces de produits, nouvelles du monde de la th\u00e9rapie par radiofr\u00e9quence, \u00e9v\u00e9nements F Care Systems \u00e0 venir, etc.<\/p>\n","protected":false},"author":1,"featured_media":14412,"parent":0,"menu_order":0,"comment_status":"closed","ping_status":"closed","template":"","meta":{"_color_hex":"","_color_slug":"","footnotes":""},"class_list":["post-7375","page","type-page","status-publish","has-post-thumbnail","hentry"],"yoast_head":"<!-- This site is optimized with the Yoast SEO plugin v27.5 - https:\/\/yoast.com\/product\/yoast-seo-wordpress\/ -->\n<title>Actualit\u00e9s | F Care Systems<\/title>\n<meta name=\"description\" content=\"Annonces de produits, nouvelles du monde de la th\u00e9rapie par radiofr\u00e9quence, \u00e9v\u00e9nements F Care Systems \u00e0 venir, etc.\" \/>\n<meta name=\"robots\" content=\"index, follow, max-snippet:-1, max-image-preview:large, max-video-preview:-1\" \/>\n<link rel=\"canonical\" href=\"https:\/\/fcaresystems.com\/fr\/actualites\/\" \/>\n<meta property=\"og:locale\" content=\"fr_FR\" \/>\n<meta property=\"og:type\" content=\"article\" \/>\n<meta property=\"og:title\" content=\"Actualit\u00e9s | F Care Systems\" \/>\n<meta property=\"og:description\" content=\"Annonces de produits, nouvelles du monde de la th\u00e9rapie par radiofr\u00e9quence, \u00e9v\u00e9nements F Care Systems \u00e0 venir, etc.\" \/>\n<meta property=\"og:url\" content=\"https:\/\/fcaresystems.com\/fr\/actualites\/\" \/>\n<meta property=\"og:site_name\" content=\"F Care Systems\" \/>\n<meta property=\"article:modified_time\" content=\"2025-02-25T15:32:33+00:00\" \/>\n<meta property=\"og:image\" content=\"https:\/\/fcaresystems.com\/wp-content\/uploads\/2025\/02\/FRspheraintro.jpg\" \/>\n\t<meta property=\"og:image:width\" content=\"1517\" \/>\n\t<meta property=\"og:image:height\" content=\"784\" \/>\n\t<meta property=\"og:image:type\" content=\"image\/jpeg\" \/>\n<meta name=\"twitter:card\" content=\"summary_large_image\" \/>\n<meta name=\"twitter:label1\" content=\"Dur\u00e9e de lecture estim\u00e9e\" \/>\n\t<meta name=\"twitter:data1\" content=\"1 minute\" \/>\n<script type=\"application\/ld+json\" class=\"yoast-schema-graph\">{\"@context\":\"https:\\\/\\\/schema.org\",\"@graph\":[{\"@type\":\"WebPage\",\"@id\":\"https:\\\/\\\/fcaresystems.com\\\/fr\\\/actualites\\\/\",\"url\":\"https:\\\/\\\/fcaresystems.com\\\/fr\\\/actualites\\\/\",\"name\":\"Actualit\u00e9s | F Care Systems\",\"isPartOf\":{\"@id\":\"https:\\\/\\\/fcaresystems.com\\\/fr\\\/#website\"},\"primaryImageOfPage\":{\"@id\":\"https:\\\/\\\/fcaresystems.com\\\/fr\\\/actualites\\\/#primaryimage\"},\"image\":{\"@id\":\"https:\\\/\\\/fcaresystems.com\\\/fr\\\/actualites\\\/#primaryimage\"},\"thumbnailUrl\":\"https:\\\/\\\/fcaresystems.com\\\/wp-content\\\/uploads\\\/2025\\\/02\\\/FRspheraintro.jpg\",\"datePublished\":\"2022-10-24T12:26:07+00:00\",\"dateModified\":\"2025-02-25T15:32:33+00:00\",\"description\":\"Annonces de produits, nouvelles du monde de la th\u00e9rapie par radiofr\u00e9quence, \u00e9v\u00e9nements F Care Systems \u00e0 venir, etc.\",\"breadcrumb\":{\"@id\":\"https:\\\/\\\/fcaresystems.com\\\/fr\\\/actualites\\\/#breadcrumb\"},\"inLanguage\":\"fr-FR\",\"potentialAction\":[{\"@type\":\"ReadAction\",\"target\":[\"https:\\\/\\\/fcaresystems.com\\\/fr\\\/actualites\\\/\"]}]},{\"@type\":\"ImageObject\",\"inLanguage\":\"fr-FR\",\"@id\":\"https:\\\/\\\/fcaresystems.com\\\/fr\\\/actualites\\\/#primaryimage\",\"url\":\"https:\\\/\\\/fcaresystems.com\\\/wp-content\\\/uploads\\\/2025\\\/02\\\/FRspheraintro.jpg\",\"contentUrl\":\"https:\\\/\\\/fcaresystems.com\\\/wp-content\\\/uploads\\\/2025\\\/02\\\/FRspheraintro.jpg\",\"width\":1517,\"height\":784},{\"@type\":\"BreadcrumbList\",\"@id\":\"https:\\\/\\\/fcaresystems.com\\\/fr\\\/actualites\\\/#breadcrumb\",\"itemListElement\":[{\"@type\":\"ListItem\",\"position\":1,\"name\":\"Home\",\"item\":\"https:\\\/\\\/fcaresystems.com\\\/fr\\\/\"},{\"@type\":\"ListItem\",\"position\":2,\"name\":\"Actualit\u00e9s\"}]},{\"@type\":\"WebSite\",\"@id\":\"https:\\\/\\\/fcaresystems.com\\\/fr\\\/#website\",\"url\":\"https:\\\/\\\/fcaresystems.com\\\/fr\\\/\",\"name\":\"F Care Systems\",\"description\":\"\",\"publisher\":{\"@id\":\"https:\\\/\\\/fcaresystems.com\\\/fr\\\/#organization\"},\"potentialAction\":[{\"@type\":\"SearchAction\",\"target\":{\"@type\":\"EntryPoint\",\"urlTemplate\":\"https:\\\/\\\/fcaresystems.com\\\/fr\\\/?s={search_term_string}\"},\"query-input\":{\"@type\":\"PropertyValueSpecification\",\"valueRequired\":true,\"valueName\":\"search_term_string\"}}],\"inLanguage\":\"fr-FR\"},{\"@type\":\"Organization\",\"@id\":\"https:\\\/\\\/fcaresystems.com\\\/fr\\\/#organization\",\"name\":\"F Care Systems\",\"url\":\"https:\\\/\\\/fcaresystems.com\\\/fr\\\/\",\"logo\":{\"@type\":\"ImageObject\",\"inLanguage\":\"fr-FR\",\"@id\":\"https:\\\/\\\/fcaresystems.com\\\/fr\\\/#\\\/schema\\\/logo\\\/image\\\/\",\"url\":\"https:\\\/\\\/fcaresystems.com\\\/wp-content\\\/uploads\\\/2022\\\/11\\\/logo-2.svg\",\"contentUrl\":\"https:\\\/\\\/fcaresystems.com\\\/wp-content\\\/uploads\\\/2022\\\/11\\\/logo-2.svg\",\"caption\":\"F Care Systems\"},\"image\":{\"@id\":\"https:\\\/\\\/fcaresystems.com\\\/fr\\\/#\\\/schema\\\/logo\\\/image\\\/\"}}]}<\/script>\n<!-- \/ Yoast SEO plugin. -->","yoast_head_json":{"title":"Actualit\u00e9s | F Care Systems","description":"Annonces de produits, nouvelles du monde de la th\u00e9rapie par radiofr\u00e9quence, \u00e9v\u00e9nements F Care Systems \u00e0 venir, etc.","robots":{"index":"index","follow":"follow","max-snippet":"max-snippet:-1","max-image-preview":"max-image-preview:large","max-video-preview":"max-video-preview:-1"},"canonical":"https:\/\/fcaresystems.com\/fr\/actualites\/","og_locale":"fr_FR","og_type":"article","og_title":"Actualit\u00e9s | F Care Systems","og_description":"Annonces de produits, nouvelles du monde de la th\u00e9rapie par radiofr\u00e9quence, \u00e9v\u00e9nements F Care Systems \u00e0 venir, etc.","og_url":"https:\/\/fcaresystems.com\/fr\/actualites\/","og_site_name":"F Care Systems","article_modified_time":"2025-02-25T15:32:33+00:00","og_image":[{"width":1517,"height":784,"url":"https:\/\/fcaresystems.com\/wp-content\/uploads\/2025\/02\/FRspheraintro.jpg","type":"image\/jpeg"}],"twitter_card":"summary_large_image","twitter_misc":{"Dur\u00e9e de lecture estim\u00e9e":"1 minute"},"schema":{"@context":"https:\/\/schema.org","@graph":[{"@type":"WebPage","@id":"https:\/\/fcaresystems.com\/fr\/actualites\/","url":"https:\/\/fcaresystems.com\/fr\/actualites\/","name":"Actualit\u00e9s | F Care Systems","isPartOf":{"@id":"https:\/\/fcaresystems.com\/fr\/#website"},"primaryImageOfPage":{"@id":"https:\/\/fcaresystems.com\/fr\/actualites\/#primaryimage"},"image":{"@id":"https:\/\/fcaresystems.com\/fr\/actualites\/#primaryimage"},"thumbnailUrl":"https:\/\/fcaresystems.com\/wp-content\/uploads\/2025\/02\/FRspheraintro.jpg","datePublished":"2022-10-24T12:26:07+00:00","dateModified":"2025-02-25T15:32:33+00:00","description":"Annonces de produits, nouvelles du monde de la th\u00e9rapie par radiofr\u00e9quence, \u00e9v\u00e9nements F Care Systems \u00e0 venir, etc.","breadcrumb":{"@id":"https:\/\/fcaresystems.com\/fr\/actualites\/#breadcrumb"},"inLanguage":"fr-FR","potentialAction":[{"@type":"ReadAction","target":["https:\/\/fcaresystems.com\/fr\/actualites\/"]}]},{"@type":"ImageObject","inLanguage":"fr-FR","@id":"https:\/\/fcaresystems.com\/fr\/actualites\/#primaryimage","url":"https:\/\/fcaresystems.com\/wp-content\/uploads\/2025\/02\/FRspheraintro.jpg","contentUrl":"https:\/\/fcaresystems.com\/wp-content\/uploads\/2025\/02\/FRspheraintro.jpg","width":1517,"height":784},{"@type":"BreadcrumbList","@id":"https:\/\/fcaresystems.com\/fr\/actualites\/#breadcrumb","itemListElement":[{"@type":"ListItem","position":1,"name":"Home","item":"https:\/\/fcaresystems.com\/fr\/"},{"@type":"ListItem","position":2,"name":"Actualit\u00e9s"}]},{"@type":"WebSite","@id":"https:\/\/fcaresystems.com\/fr\/#website","url":"https:\/\/fcaresystems.com\/fr\/","name":"F Care Systems","description":"","publisher":{"@id":"https:\/\/fcaresystems.com\/fr\/#organization"},"potentialAction":[{"@type":"SearchAction","target":{"@type":"EntryPoint","urlTemplate":"https:\/\/fcaresystems.com\/fr\/?s={search_term_string}"},"query-input":{"@type":"PropertyValueSpecification","valueRequired":true,"valueName":"search_term_string"}}],"inLanguage":"fr-FR"},{"@type":"Organization","@id":"https:\/\/fcaresystems.com\/fr\/#organization","name":"F Care Systems","url":"https:\/\/fcaresystems.com\/fr\/","logo":{"@type":"ImageObject","inLanguage":"fr-FR","@id":"https:\/\/fcaresystems.com\/fr\/#\/schema\/logo\/image\/","url":"https:\/\/fcaresystems.com\/wp-content\/uploads\/2022\/11\/logo-2.svg","contentUrl":"https:\/\/fcaresystems.com\/wp-content\/uploads\/2022\/11\/logo-2.svg","caption":"F Care Systems"},"image":{"@id":"https:\/\/fcaresystems.com\/fr\/#\/schema\/logo\/image\/"}}]}},"_links":{"self":[{"href":"https:\/\/fcaresystems.com\/fr\/wp-json\/wp\/v2\/pages\/7375","targetHints":{"allow":["GET"]}}],"collection":[{"href":"https:\/\/fcaresystems.com\/fr\/wp-json\/wp\/v2\/pages"}],"about":[{"href":"https:\/\/fcaresystems.com\/fr\/wp-json\/wp\/v2\/types\/page"}],"author":[{"embeddable":true,"href":"https:\/\/fcaresystems.com\/fr\/wp-json\/wp\/v2\/users\/1"}],"replies":[{"embeddable":true,"href":"https:\/\/fcaresystems.com\/fr\/wp-json\/wp\/v2\/comments?post=7375"}],"version-history":[{"count":4,"href":"https:\/\/fcaresystems.com\/fr\/wp-json\/wp\/v2\/pages\/7375\/revisions"}],"predecessor-version":[{"id":12162,"href":"https:\/\/fcaresystems.com\/fr\/wp-json\/wp\/v2\/pages\/7375\/revisions\/12162"}],"wp:featuredmedia":[{"embeddable":true,"href":"https:\/\/fcaresystems.com\/fr\/wp-json\/wp\/v2\/media\/14412"}],"wp:attachment":[{"href":"https:\/\/fcaresystems.com\/fr\/wp-json\/wp\/v2\/media?parent=7375"}],"curies":[{"name":"wp","href":"https:\/\/api.w.org\/{rel}","templated":true}]}}