{"id":7254,"date":"2022-11-07T11:54:34","date_gmt":"2022-11-07T10:54:34","guid":{"rendered":"https:\/\/fcaresystems.com\/traitements-mini-invasifs\/proctology\/"},"modified":"2023-07-06T15:00:03","modified_gmt":"2023-07-06T13:00:03","slug":"proctologie","status":"publish","type":"page","link":"https:\/\/fcaresystems.com\/fr\/traitements-mini-invasifs\/proctologie\/","title":{"rendered":"Proctologie"},"content":{"rendered":"\n<section class=\"wp-block-fcs-core-header is-style-gradient\"><header class=\"c-header c-header-wrapper c-header-wrapper-s\"><figure class=\"c-header-img \"><img decoding=\"async\" src=\"https:\/\/fcaresystems.com\/wp-content\/uploads\/2022\/11\/hero-proctology.jpg\" class=\"c-header-img\"\/><figcaption class=\"c-header-content\"><div class=\"o-container\">\n<div class=\"wp-block-fcs-core-spacer u-padding-sm-lg u-padding-sm\"><\/div>\n\n\n\n<div class=\"wp-block-group c-breadcrumb\"><div class=\"wp-block-group__inner-container is-layout-flow wp-block-group-is-layout-flow\"><span><span><a href=\"https:\/\/fcaresystems.com\/fr\/\">Home<\/a><\/span><\/span>\n<\/div><\/div>\n\n\n\n<div class=\"wp-block-fcs-core-spacer u-padding-xs-lg u-padding-xs\"><\/div>\n\n\n\n<figure class=\"wp-block-image size-full\"><img decoding=\"async\" src=\"https:\/\/fcaresystems.com\/wp-content\/uploads\/2022\/11\/icon-big-proctology-dik-wit.svg\" alt=\"\" class=\"wp-image-1031\"\/><\/figure>\n\n\n\n<div class=\"wp-block-fcs-core-spacer u-padding-xs-lg u-padding-xs\"><\/div>\n\n\n\n<h1 class=\"wp-block-heading has-white-color has-text-color\">Traitements mini-invasifs pour les coloproctologues<\/h1>\n<\/div><\/figcaption><\/figure><\/header><\/section>\n\n\n\n<div class=\"wp-block-fcs-core-container o-container\">\n<div class=\"wp-block-fcs-core-spacer u-padding-lg-lg u-padding-md\"><\/div>\n\n\n\n<div class=\"wp-block-columns is-layout-flex wp-container-core-columns-is-layout-9d6595d7 wp-block-columns-is-layout-flex\">\n<div class=\"wp-block-column is-layout-flow wp-block-column-is-layout-flow\" style=\"flex-basis:33.33%\">\n<h2 class=\"wp-block-heading has-primary-color has-text-color\">H\u00e9morro\u00efdes<\/h2>\n<\/div>\n\n\n\n<div class=\"wp-block-column is-layout-flow wp-block-column-is-layout-flow\" style=\"flex-basis:66.66%\">\n<div class=\"wp-block-columns is-layout-flex wp-container-core-columns-is-layout-9d6595d7 wp-block-columns-is-layout-flex\">\n<div class=\"wp-block-column is-layout-flow wp-block-column-is-layout-flow\">\n<a href=\"https:\/\/fcaresystems.com\/fr\/traitements-mini-invasifs\/proctologie\/rfa-hemorroides\/\" class=\"c-card c-card--image\"><div class=\"u-padding-sm o-flex o-flex-column o-flex-justify-content-between o-flex-grow\"><div>\n<h3 class=\"wp-block-heading has-primary-color has-text-color\"><strong><strong>Ablation par radiofr\u00e9quence&nbsp;<\/strong>| Rafaelo\u00ae<\/strong><\/h3>\n\n\n\n<p>La proc\u00e9dure Rafaelo\u00ae est une m\u00e9thode non chirurgicale s\u00fbre et efficace d\u2019ablation des h\u00e9morro\u00efdes internes de grades 2, 3 et 4 pr\u00e9coce gr\u00e2ce \u00e0 la thermocoagulation par radiofr\u00e9quence.<\/p>\n<\/div><div class=\"c-card__button\">D\u00e9tails du traitement Rafaelo\u00ae<\/div><\/div><\/a>\n<\/div>\n\n\n\n<div class=\"wp-block-column is-layout-flow wp-block-column-is-layout-flow\">\n<a href=\"https:\/\/fcaresystems.com\/fr\/traitements-mini-invasifs\/proctologie\/ligature-elastique\/\" class=\"c-card c-card--image\"><div class=\"u-padding-sm o-flex o-flex-column o-flex-justify-content-between o-flex-grow\"><div>\n<h3 class=\"wp-block-heading has-primary-color has-text-color\"><strong>Ligature \u00e9lastique<\/strong> | Pilex<\/h3>\n\n\n\n<p>La ligature \u00e9lastique (RBL) est une technique largement utilis\u00e9e depuis des d\u00e9cennies comme une option ambulatoire rapide et pratique pour traiter les h\u00e9morro\u00efdes internes de grade 1 et 2 qui ne r\u00e9pondent pas aux changements alimentaires seuls.<\/p>\n<\/div><div class=\"c-card__button\">D\u00e9tails du traitement<\/div><\/div><\/a>\n<\/div>\n<\/div>\n<\/div>\n<\/div>\n\n\n\n<div class=\"wp-block-fcs-core-spacer u-padding-md-lg u-padding-md\"><\/div>\n\n\n\n<div class=\"wp-block-columns is-layout-flex wp-container-core-columns-is-layout-9d6595d7 wp-block-columns-is-layout-flex\">\n<div class=\"wp-block-column is-layout-flow wp-block-column-is-layout-flow\" style=\"flex-basis:33.33%\">\n<h2 class=\"wp-block-heading has-primary-color has-text-color\">Fistules anales<\/h2>\n<\/div>\n\n\n\n<div class=\"wp-block-column is-layout-flow wp-block-column-is-layout-flow\" style=\"flex-basis:66.66%\">\n<div class=\"wp-block-columns is-layout-flex wp-container-core-columns-is-layout-9d6595d7 wp-block-columns-is-layout-flex\">\n<div class=\"wp-block-column is-layout-flow wp-block-column-is-layout-flow\">\n<a href=\"https:\/\/fcaresystems.com\/fr\/traitements-mini-invasifs\/proctologie\/rfa-fistules-anales\/\" class=\"c-card c-card--image\"><div class=\"u-padding-sm o-flex o-flex-column o-flex-justify-content-between o-flex-grow\"><div>\n<h3 class=\"wp-block-heading has-primary-color has-text-color\"><strong><strong>Ablation par cath\u00e9ter RF<\/strong> | Fistura\u00ae<\/strong><\/h3>\n\n\n\n<p>L\u2019ablation par radiofr\u00e9quence et cath\u00e9ter avec Fistura\u00ae entra\u00eene moins de douleur postop\u00e9ratoire et un risque inf\u00e9rieur de complications que la fistulotomie.<\/p>\n<\/div><div class=\"c-card__button\">D\u00e9tails du traitement Fistura\u00ae<\/div><\/div><\/a>\n<\/div>\n\n\n\n<div class=\"wp-block-column is-layout-flow wp-block-column-is-layout-flow\"><\/div>\n<\/div>\n<\/div>\n<\/div>\n\n\n\n<div class=\"wp-block-fcs-core-spacer u-padding-xxl-lg u-padding-md\"><\/div>\n<\/div>\n","protected":false},"excerpt":{"rendered":"","protected":false},"author":1,"featured_media":0,"parent":7247,"menu_order":0,"comment_status":"closed","ping_status":"closed","template":"","meta":{"_color_hex":"","_color_slug":"","footnotes":""},"class_list":["post-7254","page","type-page","status-publish","hentry"],"yoast_head":"<!-- This site is optimized with the Yoast SEO plugin v27.0 - https:\/\/yoast.com\/product\/yoast-seo-wordpress\/ -->\n<title>Proctologie | F Care Systems<\/title>\n<meta name=\"description\" content=\"Nous \u00e9quipons les proctologues pour r\u00e9aliser l&#039;ablation par radiofr\u00e9quence mini-invasive des h\u00e9morro\u00efdes (Rafaelo\u00ae) et des fistules anales (Fistura\u00ae) ainsi que la ligature \u00e9lastique (Pilex).\" \/>\n<meta name=\"robots\" content=\"index, follow, max-snippet:-1, max-image-preview:large, max-video-preview:-1\" \/>\n<link rel=\"canonical\" href=\"https:\/\/fcaresystems.com\/fr\/traitements-mini-invasifs\/proctologie\/\" \/>\n<meta property=\"og:locale\" content=\"fr_FR\" \/>\n<meta property=\"og:type\" content=\"article\" \/>\n<meta property=\"og:title\" content=\"Proctologie | F Care Systems\" \/>\n<meta property=\"og:description\" content=\"Nous \u00e9quipons les proctologues pour r\u00e9aliser l&#039;ablation par radiofr\u00e9quence mini-invasive des h\u00e9morro\u00efdes (Rafaelo\u00ae) et des fistules anales (Fistura\u00ae) ainsi que la ligature \u00e9lastique (Pilex).\" \/>\n<meta property=\"og:url\" content=\"https:\/\/fcaresystems.com\/fr\/traitements-mini-invasifs\/proctologie\/\" \/>\n<meta property=\"og:site_name\" content=\"F Care Systems\" \/>\n<meta property=\"article:modified_time\" content=\"2023-07-06T13:00:03+00:00\" \/>\n<meta property=\"og:image\" content=\"https:\/\/fcaresystems.com\/wp-content\/uploads\/2022\/11\/hero-proctology.jpg\" \/>\n<meta name=\"twitter:card\" content=\"summary_large_image\" \/>\n<meta name=\"twitter:label1\" content=\"Dur\u00e9e de lecture estim\u00e9e\" \/>\n\t<meta name=\"twitter:data1\" content=\"1 minute\" \/>\n<script type=\"application\/ld+json\" class=\"yoast-schema-graph\">{\"@context\":\"https:\/\/schema.org\",\"@graph\":[{\"@type\":\"WebPage\",\"@id\":\"https:\/\/fcaresystems.com\/fr\/traitements-mini-invasifs\/proctologie\/\",\"url\":\"https:\/\/fcaresystems.com\/fr\/traitements-mini-invasifs\/proctologie\/\",\"name\":\"Proctologie | F Care Systems\",\"isPartOf\":{\"@id\":\"https:\/\/fcaresystems.com\/fr\/#website\"},\"primaryImageOfPage\":{\"@id\":\"https:\/\/fcaresystems.com\/fr\/traitements-mini-invasifs\/proctologie\/#primaryimage\"},\"image\":{\"@id\":\"https:\/\/fcaresystems.com\/fr\/traitements-mini-invasifs\/proctologie\/#primaryimage\"},\"thumbnailUrl\":\"https:\/\/fcaresystems.com\/wp-content\/uploads\/2022\/11\/hero-proctology.jpg\",\"datePublished\":\"2022-11-07T10:54:34+00:00\",\"dateModified\":\"2023-07-06T13:00:03+00:00\",\"description\":\"Nous \u00e9quipons les proctologues pour r\u00e9aliser l'ablation par radiofr\u00e9quence mini-invasive des h\u00e9morro\u00efdes (Rafaelo\u00ae) et des fistules anales (Fistura\u00ae) ainsi que la ligature \u00e9lastique (Pilex).\",\"breadcrumb\":{\"@id\":\"https:\/\/fcaresystems.com\/fr\/traitements-mini-invasifs\/proctologie\/#breadcrumb\"},\"inLanguage\":\"fr-FR\",\"potentialAction\":[{\"@type\":\"ReadAction\",\"target\":[\"https:\/\/fcaresystems.com\/fr\/traitements-mini-invasifs\/proctologie\/\"]}]},{\"@type\":\"ImageObject\",\"inLanguage\":\"fr-FR\",\"@id\":\"https:\/\/fcaresystems.com\/fr\/traitements-mini-invasifs\/proctologie\/#primaryimage\",\"url\":\"https:\/\/fcaresystems.com\/wp-content\/uploads\/2022\/11\/hero-proctology.jpg\",\"contentUrl\":\"https:\/\/fcaresystems.com\/wp-content\/uploads\/2022\/11\/hero-proctology.jpg\"},{\"@type\":\"BreadcrumbList\",\"@id\":\"https:\/\/fcaresystems.com\/fr\/traitements-mini-invasifs\/proctologie\/#breadcrumb\",\"itemListElement\":[{\"@type\":\"ListItem\",\"position\":1,\"name\":\"Home\",\"item\":\"https:\/\/fcaresystems.com\/fr\/\"},{\"@type\":\"ListItem\",\"position\":2,\"name\":\"Traitements\",\"item\":\"https:\/\/fcaresystems.com\/fr\/traitements-mini-invasifs\/\"},{\"@type\":\"ListItem\",\"position\":3,\"name\":\"Proctologie\"}]},{\"@type\":\"WebSite\",\"@id\":\"https:\/\/fcaresystems.com\/fr\/#website\",\"url\":\"https:\/\/fcaresystems.com\/fr\/\",\"name\":\"F Care Systems\",\"description\":\"\",\"publisher\":{\"@id\":\"https:\/\/fcaresystems.com\/fr\/#organization\"},\"potentialAction\":[{\"@type\":\"SearchAction\",\"target\":{\"@type\":\"EntryPoint\",\"urlTemplate\":\"https:\/\/fcaresystems.com\/fr\/?s={search_term_string}\"},\"query-input\":{\"@type\":\"PropertyValueSpecification\",\"valueRequired\":true,\"valueName\":\"search_term_string\"}}],\"inLanguage\":\"fr-FR\"},{\"@type\":\"Organization\",\"@id\":\"https:\/\/fcaresystems.com\/fr\/#organization\",\"name\":\"F Care Systems\",\"url\":\"https:\/\/fcaresystems.com\/fr\/\",\"logo\":{\"@type\":\"ImageObject\",\"inLanguage\":\"fr-FR\",\"@id\":\"https:\/\/fcaresystems.com\/fr\/#\/schema\/logo\/image\/\",\"url\":\"https:\/\/fcaresystems.com\/wp-content\/uploads\/2022\/11\/logo-2.svg\",\"contentUrl\":\"https:\/\/fcaresystems.com\/wp-content\/uploads\/2022\/11\/logo-2.svg\",\"caption\":\"F Care Systems\"},\"image\":{\"@id\":\"https:\/\/fcaresystems.com\/fr\/#\/schema\/logo\/image\/\"}}]}<\/script>\n<!-- \/ Yoast SEO plugin. -->","yoast_head_json":{"title":"Proctologie | F Care Systems","description":"Nous \u00e9quipons les proctologues pour r\u00e9aliser l'ablation par radiofr\u00e9quence mini-invasive des h\u00e9morro\u00efdes (Rafaelo\u00ae) et des fistules anales (Fistura\u00ae) ainsi que la ligature \u00e9lastique (Pilex).","robots":{"index":"index","follow":"follow","max-snippet":"max-snippet:-1","max-image-preview":"max-image-preview:large","max-video-preview":"max-video-preview:-1"},"canonical":"https:\/\/fcaresystems.com\/fr\/traitements-mini-invasifs\/proctologie\/","og_locale":"fr_FR","og_type":"article","og_title":"Proctologie | F Care Systems","og_description":"Nous \u00e9quipons les proctologues pour r\u00e9aliser l'ablation par radiofr\u00e9quence mini-invasive des h\u00e9morro\u00efdes (Rafaelo\u00ae) et des fistules anales (Fistura\u00ae) ainsi que la ligature \u00e9lastique (Pilex).","og_url":"https:\/\/fcaresystems.com\/fr\/traitements-mini-invasifs\/proctologie\/","og_site_name":"F Care Systems","article_modified_time":"2023-07-06T13:00:03+00:00","og_image":[{"url":"https:\/\/fcaresystems.com\/wp-content\/uploads\/2022\/11\/hero-proctology.jpg","type":"","width":"","height":""}],"twitter_card":"summary_large_image","twitter_misc":{"Dur\u00e9e de lecture estim\u00e9e":"1 minute"},"schema":{"@context":"https:\/\/schema.org","@graph":[{"@type":"WebPage","@id":"https:\/\/fcaresystems.com\/fr\/traitements-mini-invasifs\/proctologie\/","url":"https:\/\/fcaresystems.com\/fr\/traitements-mini-invasifs\/proctologie\/","name":"Proctologie | F Care Systems","isPartOf":{"@id":"https:\/\/fcaresystems.com\/fr\/#website"},"primaryImageOfPage":{"@id":"https:\/\/fcaresystems.com\/fr\/traitements-mini-invasifs\/proctologie\/#primaryimage"},"image":{"@id":"https:\/\/fcaresystems.com\/fr\/traitements-mini-invasifs\/proctologie\/#primaryimage"},"thumbnailUrl":"https:\/\/fcaresystems.com\/wp-content\/uploads\/2022\/11\/hero-proctology.jpg","datePublished":"2022-11-07T10:54:34+00:00","dateModified":"2023-07-06T13:00:03+00:00","description":"Nous \u00e9quipons les proctologues pour r\u00e9aliser l'ablation par radiofr\u00e9quence mini-invasive des h\u00e9morro\u00efdes (Rafaelo\u00ae) et des fistules anales (Fistura\u00ae) ainsi que la ligature \u00e9lastique (Pilex).","breadcrumb":{"@id":"https:\/\/fcaresystems.com\/fr\/traitements-mini-invasifs\/proctologie\/#breadcrumb"},"inLanguage":"fr-FR","potentialAction":[{"@type":"ReadAction","target":["https:\/\/fcaresystems.com\/fr\/traitements-mini-invasifs\/proctologie\/"]}]},{"@type":"ImageObject","inLanguage":"fr-FR","@id":"https:\/\/fcaresystems.com\/fr\/traitements-mini-invasifs\/proctologie\/#primaryimage","url":"https:\/\/fcaresystems.com\/wp-content\/uploads\/2022\/11\/hero-proctology.jpg","contentUrl":"https:\/\/fcaresystems.com\/wp-content\/uploads\/2022\/11\/hero-proctology.jpg"},{"@type":"BreadcrumbList","@id":"https:\/\/fcaresystems.com\/fr\/traitements-mini-invasifs\/proctologie\/#breadcrumb","itemListElement":[{"@type":"ListItem","position":1,"name":"Home","item":"https:\/\/fcaresystems.com\/fr\/"},{"@type":"ListItem","position":2,"name":"Traitements","item":"https:\/\/fcaresystems.com\/fr\/traitements-mini-invasifs\/"},{"@type":"ListItem","position":3,"name":"Proctologie"}]},{"@type":"WebSite","@id":"https:\/\/fcaresystems.com\/fr\/#website","url":"https:\/\/fcaresystems.com\/fr\/","name":"F Care Systems","description":"","publisher":{"@id":"https:\/\/fcaresystems.com\/fr\/#organization"},"potentialAction":[{"@type":"SearchAction","target":{"@type":"EntryPoint","urlTemplate":"https:\/\/fcaresystems.com\/fr\/?s={search_term_string}"},"query-input":{"@type":"PropertyValueSpecification","valueRequired":true,"valueName":"search_term_string"}}],"inLanguage":"fr-FR"},{"@type":"Organization","@id":"https:\/\/fcaresystems.com\/fr\/#organization","name":"F Care Systems","url":"https:\/\/fcaresystems.com\/fr\/","logo":{"@type":"ImageObject","inLanguage":"fr-FR","@id":"https:\/\/fcaresystems.com\/fr\/#\/schema\/logo\/image\/","url":"https:\/\/fcaresystems.com\/wp-content\/uploads\/2022\/11\/logo-2.svg","contentUrl":"https:\/\/fcaresystems.com\/wp-content\/uploads\/2022\/11\/logo-2.svg","caption":"F Care Systems"},"image":{"@id":"https:\/\/fcaresystems.com\/fr\/#\/schema\/logo\/image\/"}}]}},"_links":{"self":[{"href":"https:\/\/fcaresystems.com\/fr\/wp-json\/wp\/v2\/pages\/7254","targetHints":{"allow":["GET"]}}],"collection":[{"href":"https:\/\/fcaresystems.com\/fr\/wp-json\/wp\/v2\/pages"}],"about":[{"href":"https:\/\/fcaresystems.com\/fr\/wp-json\/wp\/v2\/types\/page"}],"author":[{"embeddable":true,"href":"https:\/\/fcaresystems.com\/fr\/wp-json\/wp\/v2\/users\/1"}],"replies":[{"embeddable":true,"href":"https:\/\/fcaresystems.com\/fr\/wp-json\/wp\/v2\/comments?post=7254"}],"version-history":[{"count":7,"href":"https:\/\/fcaresystems.com\/fr\/wp-json\/wp\/v2\/pages\/7254\/revisions"}],"predecessor-version":[{"id":12230,"href":"https:\/\/fcaresystems.com\/fr\/wp-json\/wp\/v2\/pages\/7254\/revisions\/12230"}],"up":[{"embeddable":true,"href":"https:\/\/fcaresystems.com\/fr\/wp-json\/wp\/v2\/pages\/7247"}],"wp:attachment":[{"href":"https:\/\/fcaresystems.com\/fr\/wp-json\/wp\/v2\/media?parent=7254"}],"curies":[{"name":"wp","href":"https:\/\/api.w.org\/{rel}","templated":true}]}}