{"id":7229,"date":"2022-11-18T10:18:45","date_gmt":"2022-11-18T09:18:45","guid":{"rendered":"https:\/\/fcaresystems.com\/produits\/generateurs\/viridex-us-generator\/"},"modified":"2023-07-07T09:51:14","modified_gmt":"2023-07-07T07:51:14","slug":"generateur-viridex-us","status":"publish","type":"page","link":"https:\/\/fcaresystems.com\/fr\/produits\/generateurs\/generateur-viridex-us\/","title":{"rendered":"G\u00e9n\u00e9rateur Viridex\u00aeUS"},"content":{"rendered":"\n<div class=\"wp-block-fcs-core-container o-container\">\n<div class=\"wp-block-fcs-core-spacer u-padding-md-lg u-padding-md\"><\/div>\n\n\n\n<div class=\"wp-block-group c-breadcrumb\"><div class=\"wp-block-group__inner-container is-layout-flow wp-block-group-is-layout-flow\"><span><span><a href=\"https:\/\/fcaresystems.com\/fr\/\">Home<\/a><\/span><\/span>\n<\/div><\/div>\n\n\n\n<div class=\"wp-block-fcs-core-spacer u-padding-md-lg u-padding-md\"><\/div>\n\n\n\n<div class=\"wp-block-columns is-style-largegap is-layout-flex wp-container-core-columns-is-layout-9d6595d7 wp-block-columns-is-layout-flex\">\n<div class=\"wp-block-column is-layout-flow wp-block-column-is-layout-flow\"><div class=\"c-slider-gallery\"><div class=\"c-slider-wrapper\"><div class=\"c-slider c-slider-slick c-slider-slick-for o-block\" ref=\"slickSlide\"><a data-fancybox=\"gallery\" data-caption=\"Viridex\u00aeUS ultrasound cavitation\" href=\"https:\/\/fcaresystems.com\/wp-content\/uploads\/2023\/01\/00VIRIDEXUS_Viridex-US-generator_01-1.jpg\"><img decoding=\"async\" src=\"https:\/\/fcaresystems.com\/wp-content\/uploads\/2023\/01\/00VIRIDEXUS_Viridex-US-generator_01-1.jpg\" title=\"Viridex\u00aeUS ultrasound cavitation\"  \/><\/a><a data-fancybox=\"gallery\" data-caption=\"ViridexUS\u00ae generator\" href=\"https:\/\/fcaresystems.com\/wp-content\/uploads\/2022\/11\/Viridex-US-generator-1.jpg\"><img decoding=\"async\" src=\"https:\/\/fcaresystems.com\/wp-content\/uploads\/2022\/11\/Viridex-US-generator-1.jpg\" title=\"ViridexUS\u00ae generator\"  \/><\/a><\/div><\/div><div class=\"c-slider-nav-container\"><div class=\"c-slider c-slider-slick c-slider-slick-nav u-margin-top-sm\" ref=\"slickNav\"><div><img decoding=\"async\" class=\"\" src=\"https:\/\/fcaresystems.com\/wp-content\/uploads\/2023\/01\/00VIRIDEXUS_Viridex-US-generator_01-1.jpg\" srcset=\"\" alt=\"\" \/><\/div><div><img decoding=\"async\" class=\"\" src=\"https:\/\/fcaresystems.com\/wp-content\/uploads\/2022\/11\/Viridex-US-generator-1.jpg\" srcset=\"\" alt=\"\" \/><\/div><\/div><\/div><\/div>\n\n\n<div class=\"wp-block-fcs-core-spacer u-padding-md-lg u-padding-md\"><\/div>\n\n\n\n<figure class=\"wp-block-image size-large\"><a href=\"https:\/\/youtu.be\/przMeLhuCZc\"><img decoding=\"async\" src=\"https:\/\/fcaresystems.com\/wp-content\/uploads\/2023\/01\/Thumbn-Viridex-US-1024x576.jpg\" alt=\"\" class=\"wp-image-6443\"\/><\/a><\/figure>\n\n\n\n<div class=\"wp-block-fcs-core-spacer u-padding-xs-lg u-padding-sm\"><\/div>\n<\/div>\n\n\n\n<div class=\"wp-block-column is-layout-flow wp-block-column-is-layout-flow\">\n<figure class=\"wp-block-image size-full is-resized\"><img loading=\"lazy\" decoding=\"async\" src=\"https:\/\/fcaresystems.com\/wp-content\/uploads\/2022\/11\/Viridex-US.svg\" alt=\"\" class=\"wp-image-1059\" width=\"139\" height=\"24\"\/><\/figure>\n\n\n\n<div class=\"wp-block-fcs-core-spacer u-padding-xs-lg u-padding-xs\"><\/div>\n\n\n\n<h1 class=\"wp-block-heading has-secondary-color has-text-color\">Viridex\u00aeUS | g\u00e9n\u00e9rateur de cavitation \u00e0 ultrasons<\/h1>\n\n\n\n<p>Avec son m\u00e9canisme d\u2019action multimodal et son profil de s\u00e9curit\u00e9 exceptionnel, la <mark style=\"background-color:rgba(0, 0, 0, 0)\" class=\"has-inline-color has-primary-color\"><a href=\"https:\/\/fcaresystems.com\/fr\/traitements-mini-invasifs\/dermatologie-esthetique\/cavitation-ultrasons-cellulite\/\">cavitation par ultrasons<\/a><\/mark> est l\u2019une des m\u00e9thodes les plus prometteuses de lutte contre la cellulite, ce qui explique la grande vari\u00e9t\u00e9 d\u2019\u00e9quipements de cavitation disponibles sur le march\u00e9. Alors pourquoi choisir le Viridex\u00ae US&nbsp;?<\/p>\n\n\n\n<div class=\"wp-block-fcs-core-spacer u-padding-xs-lg u-padding-xs\"><\/div>\n\n\n\n<h3 class=\"wp-block-heading has-secondary-color has-text-color\"><strong>Viridex<\/strong>\u00ae <strong>US \u2013 Avantages<\/strong><\/h3>\n\n\n\n<p><strong>Uniformit\u00e9<\/strong>&nbsp;: Alors que de nombreux dispositifs sur le march\u00e9 utilisent un syst\u00e8me d\u2019administration portatif, le Viridex\u00ae US utilise des plaques en c\u00e9ramique rigides, qui sont reli\u00e9es entre elles et restent en place tout au long de la proc\u00e9dure. Les plaques garantissent une application uniforme de l\u2019\u00e9nergie \u00e0 ultrasons sur toute la zone de traitement sans que les patients ou les m\u00e9decins n\u2019aient \u00e0 changer fr\u00e9quemment de position.<\/p>\n\n\n\n<div class=\"wp-block-fcs-core-spacer u-padding-xxs-lg u-padding-xs\"><\/div>\n\n\n\n<p><strong>Connectivit\u00e9<\/strong>&nbsp;: Pour encore plus de commodit\u00e9, le Viridex\u00ae US contient deux g\u00e9n\u00e9rateurs s\u00e9par\u00e9s&nbsp;; les m\u00e9decins peuvent connecter jusqu\u2019\u00e0 six plaques \u00e0 ultrasons \u00e0 chaque g\u00e9n\u00e9rateur via une bo\u00eete de jonction, pour un total de douze plaques par traitement. Les deux g\u00e9n\u00e9rateurs reli\u00e9s peuvent m\u00eame utiliser diff\u00e9rents r\u00e9glages, par exemple pour fournir plus ou moins d\u2019\u00e9nergie \u00e0 une zone de traitement sans avoir \u00e0 r\u00e9\u00e9talonner entre temps.<\/p>\n\n\n\n<div class=\"wp-block-fcs-core-spacer u-padding-xxs-lg u-padding-xs\"><\/div>\n\n\n\n<p><strong><strong>Confort&nbsp;:<\/strong> <\/strong>Contrairement \u00e0 certains syst\u00e8mes de cavitation pr\u00e9programm\u00e9s, la puissance du g\u00e9n\u00e9rateur Viridex\u00ae US est r\u00e9glable par incr\u00e9ments de 5&nbsp;%, ce qui est essentiel pour exclure toute sensibilit\u00e9 potentielle \u00e0 l\u2019\u00e9nergie \u00e0 ultrasons. En plus du mode \u00ab&nbsp;continu&nbsp;\u00bb standard, l\u2019appareil propose trois modes \u00ab&nbsp;\u00e0 impulsions&nbsp;\u00bb pour les patients qui trouvent l\u2019effet des acouph\u00e8nes trop inconfortable pendant des p\u00e9riodes prolong\u00e9es.<\/p>\n\n\n\n<div class=\"wp-block-fcs-core-spacer u-padding-xs-lg u-padding-xs\"><\/div>\n\n\n\n<h3 class=\"wp-block-heading has-secondary-color has-text-color\"><strong>Caract\u00e9ristiques techniques&nbsp;<\/strong><\/h3>\n\n\n\n<p>Puissance maximale&nbsp;: 2&nbsp;W\/cm<sup>2<\/sup><br>Puissance d\u2019entr\u00e9e&nbsp;: 110&nbsp;\u2013 240&nbsp;V CA<br>Fr\u00e9quence d\u2019entr\u00e9e&nbsp;: 50\/60&nbsp;Hz<br>Fr\u00e9quence&nbsp;: 28-32&nbsp;kHz<br>Dimensions&nbsp;: (L) 360&nbsp;mm x (P) 280&nbsp;mm x (H) 120&nbsp;mm<br>Tension \u00e9lectrique&nbsp;: 110-230&nbsp;V\/50-60&nbsp;Hz<br>Puissance d\u2019entr\u00e9e max.&nbsp;: 125&nbsp;VA<br>Courant max. par connexion&nbsp;: 6&nbsp;A<br>Connexion&nbsp;: max. 12&nbsp;plaques \u00e0 ultrasons (3&nbsp;transducteurs\/plaque)<\/p>\n\n\n\n<p><strong>R\u00c9F produit : <\/strong>00VIRIDEXUS<\/p>\n<\/div>\n<\/div>\n\n\n\n<div class=\"wp-block-fcs-core-spacer u-padding-xl-lg u-padding-md\"><\/div>\n<\/div>\n\n\n\n<div class=\"wp-block-group has-secondary-background-color has-background\"><div class=\"wp-block-group__inner-container is-layout-constrained wp-block-group-is-layout-constrained\">\n<div class=\"wp-block-fcs-core-spacer u-padding-md-lg u-padding-md\"><\/div>\n\n\n\n<div class=\"wp-block-fcs-core-container o-container\">\n<figure class=\"wp-block-image size-full is-resized\"><img loading=\"lazy\" decoding=\"async\" src=\"https:\/\/fcaresystems.com\/wp-content\/uploads\/2022\/11\/icon-doctor-white.svg\" alt=\"\" class=\"wp-image-392\" width=\"46\" height=\"48\"\/><\/figure>\n\n\n\n<div class=\"wp-block-fcs-core-spacer u-padding-xxs-lg u-padding-sm\"><\/div>\n\n\n\n<div class=\"wp-block-columns is-layout-flex wp-container-core-columns-is-layout-9d6595d7 wp-block-columns-is-layout-flex\">\n<div class=\"wp-block-column is-layout-flow wp-block-column-is-layout-flow\" style=\"flex-basis:56%\">\n<h2 class=\"wp-block-heading u-margin-none has-white-color has-text-color\">J&rsquo;en ai besoin pour mon cabinet<\/h2>\n\n\n\n<div class=\"wp-block-fcs-core-spacer u-padding-xxs-lg u-padding-xs\"><\/div>\n<\/div>\n\n\n\n<div class=\"wp-block-column is-vertically-aligned-bottom is-layout-flow wp-block-column-is-layout-flow\">\n<div class=\"wp-block-buttons is-content-justification-left is-layout-flex wp-container-core-buttons-is-layout-fdcfc74e wp-block-buttons-is-layout-flex\">\n<div class=\"wp-block-button alignright\"><a class=\"wp-block-button__link has-primary-background-color has-background wp-element-button\" href=\"https:\/\/fcaresystems.com\/fr\/produits\/commandes\/\">Commander ce produits<\/a><\/div>\n\n\n\n<div class=\"wp-block-button alignright is-style-outline is-style-outline--1\"><a class=\"wp-block-button__link has-white-color has-text-color wp-element-button\" href=\"https:\/\/fcaresystems.com\/fr\/produits\/\">Voir tous les produits<\/a><\/div>\n<\/div>\n<\/div>\n<\/div>\n<\/div>\n\n\n\n<div class=\"wp-block-fcs-core-spacer u-padding-md-lg u-padding-md\"><\/div>\n<\/div><\/div>\n\n\n\n<div class=\"wp-block-fcs-core-spacer u-padding-xl-lg u-padding-md\"><\/div>\n\n\n\n<div class=\"wp-block-fcs-core-container o-container\">\n<h2 class=\"wp-block-heading is-style-underline has-secondary-color has-text-color\">Traitements associ\u00e9s<\/h2>\n\n\n\n<div class=\"wp-block-fcs-core-spacer u-padding-xs-lg u-padding-sm\"><\/div>\n\n\n\n<div class=\"wp-block-columns is-layout-flex wp-container-core-columns-is-layout-9d6595d7 wp-block-columns-is-layout-flex\">\n<div class=\"wp-block-column is-layout-flow wp-block-column-is-layout-flow\">\n<h3 class=\"wp-block-heading has-secondary-color has-text-color\"><a href=\"https:\/\/fcaresystems.com\/fr\/traitements-mini-invasifs\/dermatologie-esthetique\/cavitation-ultrasons-cellulite\/\">Cavitation ultrasonique pour la cellulite<\/a><\/h3>\n\n\n\n<p>En savoir plus sur la fa\u00e7on dont l\u2019\u00e9nergie \u00e0 ultrasons est utilis\u00e9e pour \u00e9liminer la cellulite en toute s\u00e9curit\u00e9 sans temps d\u2019arr\u00eat.<\/p>\n\n\n\n<div class=\"wp-block-fcs-core-spacer u-padding-xs-lg u-padding-sm\"><\/div>\n\n\n\n<div class=\"wp-block-buttons is-layout-flex wp-block-buttons-is-layout-flex\">\n<div class=\"wp-block-button is-style-fill\"><a class=\"wp-block-button__link has-white-color has-primary-background-color has-text-color has-background wp-element-button\" href=\"https:\/\/fcaresystems.com\/fr\/traitements-mini-invasifs\/dermatologie-esthetique\/cavitation-ultrasons-cellulite\/\">Cavitation par ultrasons<\/a><\/div>\n<\/div>\n<\/div>\n\n\n\n<div class=\"wp-block-column is-layout-flow wp-block-column-is-layout-flow\"><\/div>\n<\/div>\n<\/div>\n\n\n\n<div class=\"wp-block-fcs-core-spacer u-padding-xxl-lg u-padding-md\"><\/div>\n","protected":false},"excerpt":{"rendered":"<p>En particulier pour la cavitation \u00e0 ultrasons de la cellulite probl\u00e9matique. <\/p>\n","protected":false},"author":1,"featured_media":6010,"parent":7153,"menu_order":0,"comment_status":"closed","ping_status":"closed","template":"","meta":{"_color_hex":"","_color_slug":"","footnotes":""},"class_list":["post-7229","page","type-page","status-publish","has-post-thumbnail","hentry"],"yoast_head":"<!-- This site is optimized with the Yoast SEO plugin v27.0 - https:\/\/yoast.com\/product\/yoast-seo-wordpress\/ -->\n<title>G\u00e9n\u00e9rateur Viridex\u00aeUS | F Care Systems<\/title>\n<meta name=\"description\" content=\"D\u00e9tails sur le Viridex\u00aeUS, un g\u00e9n\u00e9rateur polyvalent et innovant utilis\u00e9 pour traiter la cellulite par cavitation ultrasonique.\" \/>\n<meta name=\"robots\" content=\"index, follow, max-snippet:-1, max-image-preview:large, max-video-preview:-1\" \/>\n<link rel=\"canonical\" href=\"https:\/\/fcaresystems.com\/fr\/produits\/generateurs\/generateur-viridex-us\/\" \/>\n<meta property=\"og:locale\" content=\"fr_FR\" \/>\n<meta property=\"og:type\" content=\"article\" \/>\n<meta property=\"og:title\" content=\"G\u00e9n\u00e9rateur Viridex\u00aeUS | F Care Systems\" \/>\n<meta property=\"og:description\" content=\"D\u00e9tails sur le Viridex\u00aeUS, un g\u00e9n\u00e9rateur polyvalent et innovant utilis\u00e9 pour traiter la cellulite par cavitation ultrasonique.\" \/>\n<meta property=\"og:url\" content=\"https:\/\/fcaresystems.com\/fr\/produits\/generateurs\/generateur-viridex-us\/\" \/>\n<meta property=\"og:site_name\" content=\"F Care Systems\" \/>\n<meta property=\"article:modified_time\" content=\"2023-07-07T07:51:14+00:00\" \/>\n<meta property=\"og:image\" content=\"https:\/\/fcaresystems.com\/wp-content\/uploads\/2023\/01\/00VIRIDEXUS_Viridex-US-generator_01-1.jpg\" \/>\n\t<meta property=\"og:image:width\" content=\"1080\" \/>\n\t<meta property=\"og:image:height\" content=\"810\" \/>\n\t<meta property=\"og:image:type\" content=\"image\/jpeg\" \/>\n<meta name=\"twitter:card\" content=\"summary_large_image\" \/>\n<meta name=\"twitter:label1\" content=\"Dur\u00e9e de lecture estim\u00e9e\" \/>\n\t<meta name=\"twitter:data1\" content=\"3 minutes\" \/>\n<script type=\"application\/ld+json\" class=\"yoast-schema-graph\">{\"@context\":\"https:\/\/schema.org\",\"@graph\":[{\"@type\":\"WebPage\",\"@id\":\"https:\/\/fcaresystems.com\/fr\/produits\/generateurs\/generateur-viridex-us\/\",\"url\":\"https:\/\/fcaresystems.com\/fr\/produits\/generateurs\/generateur-viridex-us\/\",\"name\":\"G\u00e9n\u00e9rateur Viridex\u00aeUS | F Care Systems\",\"isPartOf\":{\"@id\":\"https:\/\/fcaresystems.com\/fr\/#website\"},\"primaryImageOfPage\":{\"@id\":\"https:\/\/fcaresystems.com\/fr\/produits\/generateurs\/generateur-viridex-us\/#primaryimage\"},\"image\":{\"@id\":\"https:\/\/fcaresystems.com\/fr\/produits\/generateurs\/generateur-viridex-us\/#primaryimage\"},\"thumbnailUrl\":\"https:\/\/fcaresystems.com\/wp-content\/uploads\/2023\/01\/00VIRIDEXUS_Viridex-US-generator_01-1.jpg\",\"datePublished\":\"2022-11-18T09:18:45+00:00\",\"dateModified\":\"2023-07-07T07:51:14+00:00\",\"description\":\"D\u00e9tails sur le Viridex\u00aeUS, un g\u00e9n\u00e9rateur polyvalent et innovant utilis\u00e9 pour traiter la cellulite par cavitation ultrasonique.\",\"breadcrumb\":{\"@id\":\"https:\/\/fcaresystems.com\/fr\/produits\/generateurs\/generateur-viridex-us\/#breadcrumb\"},\"inLanguage\":\"fr-FR\",\"potentialAction\":[{\"@type\":\"ReadAction\",\"target\":[\"https:\/\/fcaresystems.com\/fr\/produits\/generateurs\/generateur-viridex-us\/\"]}]},{\"@type\":\"ImageObject\",\"inLanguage\":\"fr-FR\",\"@id\":\"https:\/\/fcaresystems.com\/fr\/produits\/generateurs\/generateur-viridex-us\/#primaryimage\",\"url\":\"https:\/\/fcaresystems.com\/wp-content\/uploads\/2023\/01\/00VIRIDEXUS_Viridex-US-generator_01-1.jpg\",\"contentUrl\":\"https:\/\/fcaresystems.com\/wp-content\/uploads\/2023\/01\/00VIRIDEXUS_Viridex-US-generator_01-1.jpg\",\"width\":1080,\"height\":810,\"caption\":\"Viridex\u00aeUS ultrasound cavitation\"},{\"@type\":\"BreadcrumbList\",\"@id\":\"https:\/\/fcaresystems.com\/fr\/produits\/generateurs\/generateur-viridex-us\/#breadcrumb\",\"itemListElement\":[{\"@type\":\"ListItem\",\"position\":1,\"name\":\"Home\",\"item\":\"https:\/\/fcaresystems.com\/fr\/\"},{\"@type\":\"ListItem\",\"position\":2,\"name\":\"Produits\",\"item\":\"https:\/\/fcaresystems.com\/fr\/produits\/\"},{\"@type\":\"ListItem\",\"position\":3,\"name\":\"G\u00e9n\u00e9rateurs\",\"item\":\"https:\/\/fcaresystems.com\/fr\/produits\/generateurs\/\"},{\"@type\":\"ListItem\",\"position\":4,\"name\":\"G\u00e9n\u00e9rateur Viridex\u00aeUS\"}]},{\"@type\":\"WebSite\",\"@id\":\"https:\/\/fcaresystems.com\/fr\/#website\",\"url\":\"https:\/\/fcaresystems.com\/fr\/\",\"name\":\"F Care Systems\",\"description\":\"\",\"publisher\":{\"@id\":\"https:\/\/fcaresystems.com\/fr\/#organization\"},\"potentialAction\":[{\"@type\":\"SearchAction\",\"target\":{\"@type\":\"EntryPoint\",\"urlTemplate\":\"https:\/\/fcaresystems.com\/fr\/?s={search_term_string}\"},\"query-input\":{\"@type\":\"PropertyValueSpecification\",\"valueRequired\":true,\"valueName\":\"search_term_string\"}}],\"inLanguage\":\"fr-FR\"},{\"@type\":\"Organization\",\"@id\":\"https:\/\/fcaresystems.com\/fr\/#organization\",\"name\":\"F Care Systems\",\"url\":\"https:\/\/fcaresystems.com\/fr\/\",\"logo\":{\"@type\":\"ImageObject\",\"inLanguage\":\"fr-FR\",\"@id\":\"https:\/\/fcaresystems.com\/fr\/#\/schema\/logo\/image\/\",\"url\":\"https:\/\/fcaresystems.com\/wp-content\/uploads\/2022\/11\/logo-2.svg\",\"contentUrl\":\"https:\/\/fcaresystems.com\/wp-content\/uploads\/2022\/11\/logo-2.svg\",\"caption\":\"F Care Systems\"},\"image\":{\"@id\":\"https:\/\/fcaresystems.com\/fr\/#\/schema\/logo\/image\/\"}}]}<\/script>\n<!-- \/ Yoast SEO plugin. -->","yoast_head_json":{"title":"G\u00e9n\u00e9rateur Viridex\u00aeUS | F Care Systems","description":"D\u00e9tails sur le Viridex\u00aeUS, un g\u00e9n\u00e9rateur polyvalent et innovant utilis\u00e9 pour traiter la cellulite par cavitation ultrasonique.","robots":{"index":"index","follow":"follow","max-snippet":"max-snippet:-1","max-image-preview":"max-image-preview:large","max-video-preview":"max-video-preview:-1"},"canonical":"https:\/\/fcaresystems.com\/fr\/produits\/generateurs\/generateur-viridex-us\/","og_locale":"fr_FR","og_type":"article","og_title":"G\u00e9n\u00e9rateur Viridex\u00aeUS | F Care Systems","og_description":"D\u00e9tails sur le Viridex\u00aeUS, un g\u00e9n\u00e9rateur polyvalent et innovant utilis\u00e9 pour traiter la cellulite par cavitation ultrasonique.","og_url":"https:\/\/fcaresystems.com\/fr\/produits\/generateurs\/generateur-viridex-us\/","og_site_name":"F Care Systems","article_modified_time":"2023-07-07T07:51:14+00:00","og_image":[{"width":1080,"height":810,"url":"https:\/\/fcaresystems.com\/wp-content\/uploads\/2023\/01\/00VIRIDEXUS_Viridex-US-generator_01-1.jpg","type":"image\/jpeg"}],"twitter_card":"summary_large_image","twitter_misc":{"Dur\u00e9e de lecture estim\u00e9e":"3 minutes"},"schema":{"@context":"https:\/\/schema.org","@graph":[{"@type":"WebPage","@id":"https:\/\/fcaresystems.com\/fr\/produits\/generateurs\/generateur-viridex-us\/","url":"https:\/\/fcaresystems.com\/fr\/produits\/generateurs\/generateur-viridex-us\/","name":"G\u00e9n\u00e9rateur Viridex\u00aeUS | F Care Systems","isPartOf":{"@id":"https:\/\/fcaresystems.com\/fr\/#website"},"primaryImageOfPage":{"@id":"https:\/\/fcaresystems.com\/fr\/produits\/generateurs\/generateur-viridex-us\/#primaryimage"},"image":{"@id":"https:\/\/fcaresystems.com\/fr\/produits\/generateurs\/generateur-viridex-us\/#primaryimage"},"thumbnailUrl":"https:\/\/fcaresystems.com\/wp-content\/uploads\/2023\/01\/00VIRIDEXUS_Viridex-US-generator_01-1.jpg","datePublished":"2022-11-18T09:18:45+00:00","dateModified":"2023-07-07T07:51:14+00:00","description":"D\u00e9tails sur le Viridex\u00aeUS, un g\u00e9n\u00e9rateur polyvalent et innovant utilis\u00e9 pour traiter la cellulite par cavitation ultrasonique.","breadcrumb":{"@id":"https:\/\/fcaresystems.com\/fr\/produits\/generateurs\/generateur-viridex-us\/#breadcrumb"},"inLanguage":"fr-FR","potentialAction":[{"@type":"ReadAction","target":["https:\/\/fcaresystems.com\/fr\/produits\/generateurs\/generateur-viridex-us\/"]}]},{"@type":"ImageObject","inLanguage":"fr-FR","@id":"https:\/\/fcaresystems.com\/fr\/produits\/generateurs\/generateur-viridex-us\/#primaryimage","url":"https:\/\/fcaresystems.com\/wp-content\/uploads\/2023\/01\/00VIRIDEXUS_Viridex-US-generator_01-1.jpg","contentUrl":"https:\/\/fcaresystems.com\/wp-content\/uploads\/2023\/01\/00VIRIDEXUS_Viridex-US-generator_01-1.jpg","width":1080,"height":810,"caption":"Viridex\u00aeUS ultrasound cavitation"},{"@type":"BreadcrumbList","@id":"https:\/\/fcaresystems.com\/fr\/produits\/generateurs\/generateur-viridex-us\/#breadcrumb","itemListElement":[{"@type":"ListItem","position":1,"name":"Home","item":"https:\/\/fcaresystems.com\/fr\/"},{"@type":"ListItem","position":2,"name":"Produits","item":"https:\/\/fcaresystems.com\/fr\/produits\/"},{"@type":"ListItem","position":3,"name":"G\u00e9n\u00e9rateurs","item":"https:\/\/fcaresystems.com\/fr\/produits\/generateurs\/"},{"@type":"ListItem","position":4,"name":"G\u00e9n\u00e9rateur Viridex\u00aeUS"}]},{"@type":"WebSite","@id":"https:\/\/fcaresystems.com\/fr\/#website","url":"https:\/\/fcaresystems.com\/fr\/","name":"F Care Systems","description":"","publisher":{"@id":"https:\/\/fcaresystems.com\/fr\/#organization"},"potentialAction":[{"@type":"SearchAction","target":{"@type":"EntryPoint","urlTemplate":"https:\/\/fcaresystems.com\/fr\/?s={search_term_string}"},"query-input":{"@type":"PropertyValueSpecification","valueRequired":true,"valueName":"search_term_string"}}],"inLanguage":"fr-FR"},{"@type":"Organization","@id":"https:\/\/fcaresystems.com\/fr\/#organization","name":"F Care Systems","url":"https:\/\/fcaresystems.com\/fr\/","logo":{"@type":"ImageObject","inLanguage":"fr-FR","@id":"https:\/\/fcaresystems.com\/fr\/#\/schema\/logo\/image\/","url":"https:\/\/fcaresystems.com\/wp-content\/uploads\/2022\/11\/logo-2.svg","contentUrl":"https:\/\/fcaresystems.com\/wp-content\/uploads\/2022\/11\/logo-2.svg","caption":"F Care Systems"},"image":{"@id":"https:\/\/fcaresystems.com\/fr\/#\/schema\/logo\/image\/"}}]}},"_links":{"self":[{"href":"https:\/\/fcaresystems.com\/fr\/wp-json\/wp\/v2\/pages\/7229","targetHints":{"allow":["GET"]}}],"collection":[{"href":"https:\/\/fcaresystems.com\/fr\/wp-json\/wp\/v2\/pages"}],"about":[{"href":"https:\/\/fcaresystems.com\/fr\/wp-json\/wp\/v2\/types\/page"}],"author":[{"embeddable":true,"href":"https:\/\/fcaresystems.com\/fr\/wp-json\/wp\/v2\/users\/1"}],"replies":[{"embeddable":true,"href":"https:\/\/fcaresystems.com\/fr\/wp-json\/wp\/v2\/comments?post=7229"}],"version-history":[{"count":7,"href":"https:\/\/fcaresystems.com\/fr\/wp-json\/wp\/v2\/pages\/7229\/revisions"}],"predecessor-version":[{"id":12314,"href":"https:\/\/fcaresystems.com\/fr\/wp-json\/wp\/v2\/pages\/7229\/revisions\/12314"}],"up":[{"embeddable":true,"href":"https:\/\/fcaresystems.com\/fr\/wp-json\/wp\/v2\/pages\/7153"}],"wp:featuredmedia":[{"embeddable":true,"href":"https:\/\/fcaresystems.com\/fr\/wp-json\/wp\/v2\/media\/6010"}],"wp:attachment":[{"href":"https:\/\/fcaresystems.com\/fr\/wp-json\/wp\/v2\/media?parent=7229"}],"curies":[{"name":"wp","href":"https:\/\/api.w.org\/{rel}","templated":true}]}}