{"id":7206,"date":"2022-11-18T10:18:26","date_gmt":"2022-11-18T09:18:26","guid":{"rendered":"https:\/\/fcaresystems.com\/produits\/generateurs\/viridex-rf-generator\/"},"modified":"2023-12-22T10:47:18","modified_gmt":"2023-12-22T09:47:18","slug":"generateur-viridex-rf","status":"publish","type":"page","link":"https:\/\/fcaresystems.com\/fr\/produits\/generateurs\/generateur-viridex-rf\/","title":{"rendered":"G\u00e9n\u00e9rateur Viridex\u00aeRF"},"content":{"rendered":"\n<div class=\"wp-block-fcs-core-container o-container\">\n<div class=\"wp-block-fcs-core-spacer u-padding-md-lg u-padding-md\"><\/div>\n\n\n\n<div class=\"wp-block-group c-breadcrumb\"><div class=\"wp-block-group__inner-container is-layout-flow wp-block-group-is-layout-flow\"><span><span><a href=\"https:\/\/fcaresystems.com\/fr\/\">Home<\/a><\/span><\/span>\n<\/div><\/div>\n\n\n\n<div class=\"wp-block-fcs-core-spacer u-padding-md-lg u-padding-md\"><\/div>\n\n\n\n<div class=\"wp-block-columns is-style-largegap is-layout-flex wp-container-core-columns-is-layout-9d6595d7 wp-block-columns-is-layout-flex\">\n<div class=\"wp-block-column is-layout-flow wp-block-column-is-layout-flow\"><div class=\"c-slider-gallery\"><div class=\"c-slider-wrapper\"><div class=\"c-slider c-slider-slick c-slider-slick-for o-block\" ref=\"slickSlide\"><a data-fancybox=\"gallery\" data-caption=\"Viridex\u00aeRF skin treatments\" href=\"https:\/\/fcaresystems.com\/wp-content\/uploads\/2023\/01\/00VIRIDEXRF_Viridex-RF-generator_01-1.jpg\"><img decoding=\"async\" src=\"https:\/\/fcaresystems.com\/wp-content\/uploads\/2023\/01\/00VIRIDEXRF_Viridex-RF-generator_01-1.jpg\" title=\"Viridex\u00aeRF skin treatments\"  \/><\/a><a data-fancybox=\"gallery\" data-caption=\"Viridex\u00aeRF skin treatment device\" href=\"https:\/\/fcaresystems.com\/wp-content\/uploads\/2022\/11\/Viridex-RF-skin-treatment-device-2.jpg\"><img decoding=\"async\" src=\"https:\/\/fcaresystems.com\/wp-content\/uploads\/2022\/11\/Viridex-RF-skin-treatment-device-2.jpg\" title=\"Viridex\u00aeRF skin treatment device\"  \/><\/a><a data-fancybox=\"gallery\" data-caption=\"Viridex\u00aeRF skin therapy\" href=\"https:\/\/fcaresystems.com\/wp-content\/uploads\/2022\/11\/Viridex-RF-skin-therapy-1.jpg\"><img decoding=\"async\" src=\"https:\/\/fcaresystems.com\/wp-content\/uploads\/2022\/11\/Viridex-RF-skin-therapy-1.jpg\" title=\"Viridex\u00aeRF skin therapy\"  \/><\/a><\/div><\/div><div class=\"c-slider-nav-container\"><div class=\"c-slider c-slider-slick c-slider-slick-nav u-margin-top-sm\" ref=\"slickNav\"><div><img decoding=\"async\" class=\"\" src=\"https:\/\/fcaresystems.com\/wp-content\/uploads\/2023\/01\/00VIRIDEXRF_Viridex-RF-generator_01-1.jpg\" srcset=\"\" alt=\"\" \/><\/div><div><img decoding=\"async\" class=\"\" src=\"https:\/\/fcaresystems.com\/wp-content\/uploads\/2022\/11\/Viridex-RF-skin-treatment-device-2.jpg\" srcset=\"\" alt=\"\" \/><\/div><div><img decoding=\"async\" class=\"\" src=\"https:\/\/fcaresystems.com\/wp-content\/uploads\/2022\/11\/Viridex-RF-skin-therapy-1.jpg\" srcset=\"\" alt=\"\" \/><\/div><\/div><\/div><\/div>\n\n\n<div class=\"wp-block-fcs-core-spacer u-padding-md-lg u-padding-md\"><\/div>\n\n\n\n<h3 class=\"wp-block-heading has-secondary-color has-text-color\"><strong>Caract\u00e9ristiques techniques<\/strong><\/h3>\n\n\n\n<p>Technologie&nbsp;: g\u00e9n\u00e9rateur de radiofr\u00e9quence monopolaire<br>Fr\u00e9quence de sortie&nbsp;: 4&nbsp;MHz<br>Dimensions&nbsp;: (L) 360&nbsp;mm x (P) 280&nbsp;mm x (H) 120&nbsp;mm<br>Tension \u00e9lectrique&nbsp;: 115-230&nbsp;V\/50-60&nbsp;Hz<br>Puissance d\u2019entr\u00e9e max.&nbsp;: 125&nbsp;VA<br>Param\u00e8tre de sortie&nbsp;: 25&nbsp;W<\/p>\n\n\n\n<p><strong>R\u00c9F produit : <\/strong>00VIRIDEXRF<\/p>\n\n\n\n<div class=\"wp-block-fcs-core-spacer u-padding-md-lg u-padding-md\"><\/div>\n<\/div>\n\n\n\n<div class=\"wp-block-column is-layout-flow wp-block-column-is-layout-flow\">\n<figure class=\"wp-block-image size-full is-resized\"><img decoding=\"async\" src=\"https:\/\/fcaresystems.com\/wp-content\/uploads\/2022\/11\/Viridex-RF.svg\" alt=\"\" class=\"wp-image-1058\" style=\"width:137px;height:24px\"\/><\/figure>\n\n\n\n<div class=\"wp-block-fcs-core-spacer u-padding-xs-lg u-padding-xs\"><\/div>\n\n\n\n<h1 class=\"wp-block-heading has-secondary-color has-text-color\">G\u00e9n\u00e9rateur Viridex\u00aeRF pour la th\u00e9rapie cutan\u00e9e<\/h1>\n\n\n\n<p>Cryochirurgie&nbsp;? Chirurgie laser&nbsp;? \u00c9lectrocaut\u00e9risation&nbsp;? Th\u00e9rapie UV&nbsp;? Dans un contexte d&rsquo;augmentation du nombre de traitements diff\u00e9rents, les plus petites cliniques de dermatologie cosm\u00e9tique se demandent souvent par o\u00f9 commencer. M\u00eame apr\u00e8s avoir \u00e9limin\u00e9 l\u2019obstacle d\u2019investissement initial souvent consid\u00e9rable, les m\u00e9decins doivent faire face \u00e0 des d\u00e9penses de maintenance et de consommables pour une collecte vertigineuse d\u2019outils dissemblables, sans parler du temps et des co\u00fbts de main-d\u2019\u0153uvre associ\u00e9s \u00e0 la formation du personnel aux nouvelles proc\u00e9dures. Si la sp\u00e9cialisation dans certains soins de la peau constitue \u00e9videmment une solution, peu de cabinets ont le luxe de limiter de la sorte leur population de patients potentiels.<\/p>\n\n\n\n<p>Chez F Care Systems, nous voulons que les  <strong>dermatologues cosm\u00e9tiques<\/strong> disposent de tout le n\u00e9cessaire, c\u2019est pourquoi nous sommes fiers de pr\u00e9senter le g\u00e9n\u00e9rateur Viridex\u00aeRF&nbsp;: une solution tout-en-un pour tout ce qui concerne l\u2019\u00e9nergie radiofr\u00e9quence.  \u00c0 l\u2019aide d\u2019une \u00e9nergie radiofr\u00e9quence cibl\u00e9e et d\u2019une s\u00e9lection de micro-aiguilles sp\u00e9cialement con\u00e7ues, les dermatologues peuvent traiter de nombreuses affections cutan\u00e9es, y compris (mais sans s\u2019y limiter).<\/p>\n\n\n\n<p>Les <strong>phl\u00e9bologues<\/strong> se tournent \u00e9galement vers ce dispositif pour traiter en toute s\u00e9curit\u00e9 les varicosit\u00e9s \u00e0 l&rsquo;aide de l&rsquo;\u00e9nergie radiofr\u00e9quence.<\/p>\n\n\n\n<ul class=\"wp-block-list\">\n<li>Varicosit\u00e9s (T\u00e9langiectasies en araign\u00e9e)<\/li>\n\n\n\n<li>Rides<\/li>\n\n\n\n<li>Vergetures<\/li>\n\n\n\n<li>Taches de vieillesse<\/li>\n\n\n\n<li>Angiomes<\/li>\n\n\n\n<li>Rosac\u00e9es<\/li>\n\n\n\n<li>Fibromes<\/li>\n\n\n\n<li>Acrochordons<\/li>\n<\/ul>\n\n\n\n<p>Il vous suffit de s\u00e9lectionner le traitement correspondant sur l\u2019\u00e9cran tactile pour que le Viridex\u00aeRF applique automatiquement les param\u00e8tres pr\u00e9d\u00e9finis standard, que vous pouvez ajuster en fonction de l\u2019anatomie de votre patient.<\/p>\n\n\n\n<div class=\"wp-block-fcs-core-spacer u-padding-sm-lg u-padding-xs\"><\/div>\n<\/div>\n<\/div>\n\n\n\n<figure class=\"wp-block-table\"><table><thead><tr><th><strong>Type de traitement<\/strong><\/th><th><strong>\u00c9nergie<\/strong><\/th><th><strong>Dur\u00e9e pulsion<\/strong><\/th><th><strong>Aiguilles<\/strong><\/th><\/tr><\/thead><tbody><tr><td>T\u00e9langiectasies (visage) \u00d8 0,3&nbsp;mm max.<\/td><td>5 W<\/td><td>0,2 s<\/td><td><br>K3i (0,075 mm)<\/td><\/tr><tr><td>T\u00e9langiectasies (jambes) \u00d8 1&nbsp;mm max.<\/td><td>8 W (5-12&nbsp;W selon la taille de la veine et le type de peau)<\/td><td>0,3 s<\/td><td>K6i (0,150 mm)<\/td><\/tr><tr><td>\u00c9pilation<\/td><td>8 W<\/td><td>0,2 s<\/td><td>K3i (0,075 mm)<\/td><\/tr><tr><td>Rides<\/td><td>10 W<\/td><td>en continu<\/td><td>K3i (0,075 mm)<\/td><\/tr><tr><td>Fibromes<\/td><td>13 W<\/td><td>0,3 s<\/td><td>K6i (0,150 mm)<\/td><\/tr><tr><td>Angiomes<\/td><td>8 W<\/td><td>0,3 s<\/td><td>K6i (0,150 mm)<\/td><\/tr><tr><td>Taches de vieillesse<\/td><td>6 W (6 \u00e0 15&nbsp;W en fonction du type de peau, de la taille des taches et de la coloration)<\/td><td>0,5 s<\/td><td>Aiguille en L<\/td><\/tr><tr><td>Vergetures<\/td><td>6 W<\/td><td>en continu<\/td><td>K6i (0,150 mm)<\/td><\/tr><\/tbody><\/table><\/figure>\n\n\n\n<div class=\"wp-block-fcs-core-spacer u-padding-xl-lg u-padding-md\"><\/div>\n<\/div>\n\n\n\n<div class=\"wp-block-group has-secondary-background-color has-background\"><div class=\"wp-block-group__inner-container is-layout-constrained wp-block-group-is-layout-constrained\">\n<div class=\"wp-block-fcs-core-spacer u-padding-md-lg u-padding-md\"><\/div>\n\n\n\n<div class=\"wp-block-fcs-core-container o-container\">\n<figure class=\"wp-block-image size-full is-resized\"><img decoding=\"async\" src=\"https:\/\/fcaresystems.com\/wp-content\/uploads\/2022\/11\/icon-doctor-white.svg\" alt=\"\" class=\"wp-image-392\" style=\"width:46px;height:48px\"\/><\/figure>\n\n\n\n<div class=\"wp-block-fcs-core-spacer u-padding-xxs-lg u-padding-sm\"><\/div>\n\n\n\n<div class=\"wp-block-columns is-layout-flex wp-container-core-columns-is-layout-9d6595d7 wp-block-columns-is-layout-flex\">\n<div class=\"wp-block-column is-layout-flow wp-block-column-is-layout-flow\" style=\"flex-basis:56%\">\n<h2 class=\"wp-block-heading u-margin-none has-white-color has-text-color\">J&rsquo;en ai besoin pour mon cabinet<\/h2>\n<\/div>\n\n\n\n<div class=\"wp-block-column is-vertically-aligned-bottom is-layout-flow wp-block-column-is-layout-flow\">\n<div class=\"wp-block-buttons is-content-justification-left is-layout-flex wp-container-core-buttons-is-layout-fdcfc74e wp-block-buttons-is-layout-flex\">\n<div class=\"wp-block-button alignright\"><a class=\"wp-block-button__link has-primary-background-color has-background wp-element-button\" href=\"https:\/\/fcaresystems.com\/fr\/produits\/commandes\/\">Commander ce produit<\/a><\/div>\n\n\n\n<div class=\"wp-block-button alignright is-style-outline is-style-outline--1\"><a class=\"wp-block-button__link has-white-color has-text-color wp-element-button\" href=\"https:\/\/fcaresystems.com\/fr\/produits\/\">Voir tous les produits<\/a><\/div>\n<\/div>\n<\/div>\n<\/div>\n<\/div>\n\n\n\n<div class=\"wp-block-fcs-core-spacer u-padding-md-lg u-padding-md\"><\/div>\n<\/div><\/div>\n\n\n\n<div class=\"wp-block-fcs-core-spacer u-padding-xl-lg u-padding-md\"><\/div>\n\n\n\n<div class=\"wp-block-fcs-core-container o-container\">\n<h2 class=\"wp-block-heading is-style-underline has-secondary-color has-text-color\">Comsommables associ\u00e9s<\/h2>\n\n\n\n<div class=\"wp-block-fcs-core-spacer u-padding-xs-lg u-padding-xs\"><\/div>\n\n\n\n<div class=\"o-grid o-grid-3-lg o-grid-gap-s\"><div class=\"c-card__wrapper\">\n    <a href=\"https:\/\/fcaresystems.com\/fr\/produits\/consommables\/aiguilles-rf\/\" class=\"c-card c-card--product\">\n    <figure>\n    <img decoding=\"async\" src=\"https:\/\/fcaresystems.com\/wp-content\/uploads\/2022\/11\/needle-holder-skin-therapy.jpg\" alt=\"\" title=\"\" width=\"1080\" height=\"810\" loading=\"lazy\" \/>\n    <\/figure>\n        <div class=\"u-padding-sm o-flex o-flex-column o-flex-justify-content-between o-flex-grow\">\n            <div>\n                <h3>Porte-aiguille et aiguilles RF<\/h3>\n                <p>Aiguilles ultrafines pour les proc\u00e9dures dermatologiques d\u00e9licates.<\/p>\n            <\/div>\n            <p class=\"c-button-link c-button-link--icon u-margin-none\">Lire la suite<\/p>\n        <\/div>\n    <\/a>\n<\/div><\/div>\n\n\n\n<div class=\"wp-block-fcs-core-spacer u-padding-xl-lg u-padding-md\"><\/div>\n\n\n\n<h2 class=\"wp-block-heading is-style-underline has-secondary-color has-text-color\">Traitement associ\u00e9<\/h2>\n\n\n\n<div class=\"wp-block-fcs-core-spacer u-padding-xs-lg u-padding-sm\"><\/div>\n\n\n\n<div class=\"wp-block-columns is-layout-flex wp-container-core-columns-is-layout-9d6595d7 wp-block-columns-is-layout-flex\">\n<div class=\"wp-block-column is-layout-flow wp-block-column-is-layout-flow\">\n<h3 class=\"wp-block-heading has-secondary-color has-text-color\"><a href=\"https:\/\/fcaresystems.com\/fr\/traitements-mini-invasifs\/dermatologie-esthetique\/therapie-cutanee-rf\/\">Traitement cutan\u00e9 par radiofr\u00e9quence<\/a><\/h3>\n\n\n\n<p>Les pr\u00e9r\u00e9glages des param\u00e8tres du Viridex\u00aeRF permettent un traitement mini-invasif de nombreuses affections de la peau sur simple pression d\u2019un bouton. <\/p>\n\n\n\n<p>Obtenez des informations plus sp\u00e9cifiques sur les applications RF en phl\u00e9bologie et dermatologie esth\u00e9tique :<\/p>\n\n\n\n<div class=\"wp-block-buttons is-layout-flex wp-block-buttons-is-layout-flex\">\n<div class=\"wp-block-button\"><a class=\"wp-block-button__link has-primary-background-color has-background wp-element-button\" href=\"https:\/\/fcaresystems.com\/fr\/traitements-mini-invasifs\/dermatologie-esthetique\/therapie-cutanee-rf\/\">Th\u00e9rapie cutan\u00e9e<\/a><\/div>\n<\/div>\n<\/div>\n\n\n\n<div class=\"wp-block-column is-layout-flow wp-block-column-is-layout-flow\">\n<div class=\"wp-block-fcs-core-spacer u-padding-xs-lg u-padding-sm\"><\/div>\n<\/div>\n<\/div>\n<\/div>\n\n\n\n<div class=\"wp-block-fcs-core-spacer u-padding-xxl-lg u-padding-md\"><\/div>\n","protected":false},"excerpt":{"rendered":"<p>Offre une multitude de pr\u00e9r\u00e9glages \u00ab plug-and-play \u00bb sp\u00e9cialement con\u00e7us pour la dermatologie esth\u00e9tique.<\/p>\n","protected":false},"author":1,"featured_media":6006,"parent":7153,"menu_order":0,"comment_status":"closed","ping_status":"closed","template":"","meta":{"_color_hex":"","_color_slug":"","footnotes":""},"class_list":["post-7206","page","type-page","status-publish","has-post-thumbnail","hentry"],"yoast_head":"<!-- This site is optimized with the Yoast SEO plugin v27.0 - https:\/\/yoast.com\/product\/yoast-seo-wordpress\/ -->\n<title>G\u00e9n\u00e9rateur Viridex\u00aeRF | F Care Systems<\/title>\n<meta name=\"description\" content=\"Le Viridex\u00aeRF est un g\u00e9n\u00e9rateur de radiofr\u00e9quences innovant tout-en-un pour le traitement de diverses affections cutan\u00e9es.\" \/>\n<meta name=\"robots\" content=\"index, follow, max-snippet:-1, max-image-preview:large, max-video-preview:-1\" \/>\n<link rel=\"canonical\" href=\"https:\/\/fcaresystems.com\/fr\/produits\/generateurs\/generateur-viridex-rf\/\" \/>\n<meta property=\"og:locale\" content=\"fr_FR\" \/>\n<meta property=\"og:type\" content=\"article\" \/>\n<meta property=\"og:title\" content=\"G\u00e9n\u00e9rateur Viridex\u00aeRF | F Care Systems\" \/>\n<meta property=\"og:description\" content=\"Le Viridex\u00aeRF est un g\u00e9n\u00e9rateur de radiofr\u00e9quences innovant tout-en-un pour le traitement de diverses affections cutan\u00e9es.\" \/>\n<meta property=\"og:url\" content=\"https:\/\/fcaresystems.com\/fr\/produits\/generateurs\/generateur-viridex-rf\/\" \/>\n<meta property=\"og:site_name\" content=\"F Care Systems\" \/>\n<meta property=\"article:modified_time\" content=\"2023-12-22T09:47:18+00:00\" \/>\n<meta property=\"og:image\" content=\"https:\/\/fcaresystems.com\/wp-content\/uploads\/2023\/01\/00VIRIDEXRF_Viridex-RF-generator_01-1.jpg\" \/>\n\t<meta property=\"og:image:width\" content=\"1080\" \/>\n\t<meta property=\"og:image:height\" content=\"810\" \/>\n\t<meta property=\"og:image:type\" content=\"image\/jpeg\" \/>\n<meta name=\"twitter:card\" content=\"summary_large_image\" \/>\n<meta name=\"twitter:label1\" content=\"Dur\u00e9e de lecture estim\u00e9e\" \/>\n\t<meta name=\"twitter:data1\" content=\"3 minutes\" \/>\n<script type=\"application\/ld+json\" class=\"yoast-schema-graph\">{\"@context\":\"https:\/\/schema.org\",\"@graph\":[{\"@type\":\"WebPage\",\"@id\":\"https:\/\/fcaresystems.com\/fr\/produits\/generateurs\/generateur-viridex-rf\/\",\"url\":\"https:\/\/fcaresystems.com\/fr\/produits\/generateurs\/generateur-viridex-rf\/\",\"name\":\"G\u00e9n\u00e9rateur Viridex\u00aeRF | F Care Systems\",\"isPartOf\":{\"@id\":\"https:\/\/fcaresystems.com\/fr\/#website\"},\"primaryImageOfPage\":{\"@id\":\"https:\/\/fcaresystems.com\/fr\/produits\/generateurs\/generateur-viridex-rf\/#primaryimage\"},\"image\":{\"@id\":\"https:\/\/fcaresystems.com\/fr\/produits\/generateurs\/generateur-viridex-rf\/#primaryimage\"},\"thumbnailUrl\":\"https:\/\/fcaresystems.com\/wp-content\/uploads\/2023\/01\/00VIRIDEXRF_Viridex-RF-generator_01-1.jpg\",\"datePublished\":\"2022-11-18T09:18:26+00:00\",\"dateModified\":\"2023-12-22T09:47:18+00:00\",\"description\":\"Le Viridex\u00aeRF est un g\u00e9n\u00e9rateur de radiofr\u00e9quences innovant tout-en-un pour le traitement de diverses affections cutan\u00e9es.\",\"breadcrumb\":{\"@id\":\"https:\/\/fcaresystems.com\/fr\/produits\/generateurs\/generateur-viridex-rf\/#breadcrumb\"},\"inLanguage\":\"fr-FR\",\"potentialAction\":[{\"@type\":\"ReadAction\",\"target\":[\"https:\/\/fcaresystems.com\/fr\/produits\/generateurs\/generateur-viridex-rf\/\"]}]},{\"@type\":\"ImageObject\",\"inLanguage\":\"fr-FR\",\"@id\":\"https:\/\/fcaresystems.com\/fr\/produits\/generateurs\/generateur-viridex-rf\/#primaryimage\",\"url\":\"https:\/\/fcaresystems.com\/wp-content\/uploads\/2023\/01\/00VIRIDEXRF_Viridex-RF-generator_01-1.jpg\",\"contentUrl\":\"https:\/\/fcaresystems.com\/wp-content\/uploads\/2023\/01\/00VIRIDEXRF_Viridex-RF-generator_01-1.jpg\",\"width\":1080,\"height\":810,\"caption\":\"Viridex\u00aeRF skin treatments\"},{\"@type\":\"BreadcrumbList\",\"@id\":\"https:\/\/fcaresystems.com\/fr\/produits\/generateurs\/generateur-viridex-rf\/#breadcrumb\",\"itemListElement\":[{\"@type\":\"ListItem\",\"position\":1,\"name\":\"Home\",\"item\":\"https:\/\/fcaresystems.com\/fr\/\"},{\"@type\":\"ListItem\",\"position\":2,\"name\":\"Produits\",\"item\":\"https:\/\/fcaresystems.com\/fr\/produits\/\"},{\"@type\":\"ListItem\",\"position\":3,\"name\":\"G\u00e9n\u00e9rateurs\",\"item\":\"https:\/\/fcaresystems.com\/fr\/produits\/generateurs\/\"},{\"@type\":\"ListItem\",\"position\":4,\"name\":\"G\u00e9n\u00e9rateur Viridex\u00aeRF\"}]},{\"@type\":\"WebSite\",\"@id\":\"https:\/\/fcaresystems.com\/fr\/#website\",\"url\":\"https:\/\/fcaresystems.com\/fr\/\",\"name\":\"F Care Systems\",\"description\":\"\",\"publisher\":{\"@id\":\"https:\/\/fcaresystems.com\/fr\/#organization\"},\"potentialAction\":[{\"@type\":\"SearchAction\",\"target\":{\"@type\":\"EntryPoint\",\"urlTemplate\":\"https:\/\/fcaresystems.com\/fr\/?s={search_term_string}\"},\"query-input\":{\"@type\":\"PropertyValueSpecification\",\"valueRequired\":true,\"valueName\":\"search_term_string\"}}],\"inLanguage\":\"fr-FR\"},{\"@type\":\"Organization\",\"@id\":\"https:\/\/fcaresystems.com\/fr\/#organization\",\"name\":\"F Care Systems\",\"url\":\"https:\/\/fcaresystems.com\/fr\/\",\"logo\":{\"@type\":\"ImageObject\",\"inLanguage\":\"fr-FR\",\"@id\":\"https:\/\/fcaresystems.com\/fr\/#\/schema\/logo\/image\/\",\"url\":\"https:\/\/fcaresystems.com\/wp-content\/uploads\/2022\/11\/logo-2.svg\",\"contentUrl\":\"https:\/\/fcaresystems.com\/wp-content\/uploads\/2022\/11\/logo-2.svg\",\"caption\":\"F Care Systems\"},\"image\":{\"@id\":\"https:\/\/fcaresystems.com\/fr\/#\/schema\/logo\/image\/\"}}]}<\/script>\n<!-- \/ Yoast SEO plugin. -->","yoast_head_json":{"title":"G\u00e9n\u00e9rateur Viridex\u00aeRF | F Care Systems","description":"Le Viridex\u00aeRF est un g\u00e9n\u00e9rateur de radiofr\u00e9quences innovant tout-en-un pour le traitement de diverses affections cutan\u00e9es.","robots":{"index":"index","follow":"follow","max-snippet":"max-snippet:-1","max-image-preview":"max-image-preview:large","max-video-preview":"max-video-preview:-1"},"canonical":"https:\/\/fcaresystems.com\/fr\/produits\/generateurs\/generateur-viridex-rf\/","og_locale":"fr_FR","og_type":"article","og_title":"G\u00e9n\u00e9rateur Viridex\u00aeRF | F Care Systems","og_description":"Le Viridex\u00aeRF est un g\u00e9n\u00e9rateur de radiofr\u00e9quences innovant tout-en-un pour le traitement de diverses affections cutan\u00e9es.","og_url":"https:\/\/fcaresystems.com\/fr\/produits\/generateurs\/generateur-viridex-rf\/","og_site_name":"F Care Systems","article_modified_time":"2023-12-22T09:47:18+00:00","og_image":[{"width":1080,"height":810,"url":"https:\/\/fcaresystems.com\/wp-content\/uploads\/2023\/01\/00VIRIDEXRF_Viridex-RF-generator_01-1.jpg","type":"image\/jpeg"}],"twitter_card":"summary_large_image","twitter_misc":{"Dur\u00e9e de lecture estim\u00e9e":"3 minutes"},"schema":{"@context":"https:\/\/schema.org","@graph":[{"@type":"WebPage","@id":"https:\/\/fcaresystems.com\/fr\/produits\/generateurs\/generateur-viridex-rf\/","url":"https:\/\/fcaresystems.com\/fr\/produits\/generateurs\/generateur-viridex-rf\/","name":"G\u00e9n\u00e9rateur Viridex\u00aeRF | F Care Systems","isPartOf":{"@id":"https:\/\/fcaresystems.com\/fr\/#website"},"primaryImageOfPage":{"@id":"https:\/\/fcaresystems.com\/fr\/produits\/generateurs\/generateur-viridex-rf\/#primaryimage"},"image":{"@id":"https:\/\/fcaresystems.com\/fr\/produits\/generateurs\/generateur-viridex-rf\/#primaryimage"},"thumbnailUrl":"https:\/\/fcaresystems.com\/wp-content\/uploads\/2023\/01\/00VIRIDEXRF_Viridex-RF-generator_01-1.jpg","datePublished":"2022-11-18T09:18:26+00:00","dateModified":"2023-12-22T09:47:18+00:00","description":"Le Viridex\u00aeRF est un g\u00e9n\u00e9rateur de radiofr\u00e9quences innovant tout-en-un pour le traitement de diverses affections cutan\u00e9es.","breadcrumb":{"@id":"https:\/\/fcaresystems.com\/fr\/produits\/generateurs\/generateur-viridex-rf\/#breadcrumb"},"inLanguage":"fr-FR","potentialAction":[{"@type":"ReadAction","target":["https:\/\/fcaresystems.com\/fr\/produits\/generateurs\/generateur-viridex-rf\/"]}]},{"@type":"ImageObject","inLanguage":"fr-FR","@id":"https:\/\/fcaresystems.com\/fr\/produits\/generateurs\/generateur-viridex-rf\/#primaryimage","url":"https:\/\/fcaresystems.com\/wp-content\/uploads\/2023\/01\/00VIRIDEXRF_Viridex-RF-generator_01-1.jpg","contentUrl":"https:\/\/fcaresystems.com\/wp-content\/uploads\/2023\/01\/00VIRIDEXRF_Viridex-RF-generator_01-1.jpg","width":1080,"height":810,"caption":"Viridex\u00aeRF skin treatments"},{"@type":"BreadcrumbList","@id":"https:\/\/fcaresystems.com\/fr\/produits\/generateurs\/generateur-viridex-rf\/#breadcrumb","itemListElement":[{"@type":"ListItem","position":1,"name":"Home","item":"https:\/\/fcaresystems.com\/fr\/"},{"@type":"ListItem","position":2,"name":"Produits","item":"https:\/\/fcaresystems.com\/fr\/produits\/"},{"@type":"ListItem","position":3,"name":"G\u00e9n\u00e9rateurs","item":"https:\/\/fcaresystems.com\/fr\/produits\/generateurs\/"},{"@type":"ListItem","position":4,"name":"G\u00e9n\u00e9rateur Viridex\u00aeRF"}]},{"@type":"WebSite","@id":"https:\/\/fcaresystems.com\/fr\/#website","url":"https:\/\/fcaresystems.com\/fr\/","name":"F Care Systems","description":"","publisher":{"@id":"https:\/\/fcaresystems.com\/fr\/#organization"},"potentialAction":[{"@type":"SearchAction","target":{"@type":"EntryPoint","urlTemplate":"https:\/\/fcaresystems.com\/fr\/?s={search_term_string}"},"query-input":{"@type":"PropertyValueSpecification","valueRequired":true,"valueName":"search_term_string"}}],"inLanguage":"fr-FR"},{"@type":"Organization","@id":"https:\/\/fcaresystems.com\/fr\/#organization","name":"F Care Systems","url":"https:\/\/fcaresystems.com\/fr\/","logo":{"@type":"ImageObject","inLanguage":"fr-FR","@id":"https:\/\/fcaresystems.com\/fr\/#\/schema\/logo\/image\/","url":"https:\/\/fcaresystems.com\/wp-content\/uploads\/2022\/11\/logo-2.svg","contentUrl":"https:\/\/fcaresystems.com\/wp-content\/uploads\/2022\/11\/logo-2.svg","caption":"F Care Systems"},"image":{"@id":"https:\/\/fcaresystems.com\/fr\/#\/schema\/logo\/image\/"}}]}},"_links":{"self":[{"href":"https:\/\/fcaresystems.com\/fr\/wp-json\/wp\/v2\/pages\/7206","targetHints":{"allow":["GET"]}}],"collection":[{"href":"https:\/\/fcaresystems.com\/fr\/wp-json\/wp\/v2\/pages"}],"about":[{"href":"https:\/\/fcaresystems.com\/fr\/wp-json\/wp\/v2\/types\/page"}],"author":[{"embeddable":true,"href":"https:\/\/fcaresystems.com\/fr\/wp-json\/wp\/v2\/users\/1"}],"replies":[{"embeddable":true,"href":"https:\/\/fcaresystems.com\/fr\/wp-json\/wp\/v2\/comments?post=7206"}],"version-history":[{"count":16,"href":"https:\/\/fcaresystems.com\/fr\/wp-json\/wp\/v2\/pages\/7206\/revisions"}],"predecessor-version":[{"id":13075,"href":"https:\/\/fcaresystems.com\/fr\/wp-json\/wp\/v2\/pages\/7206\/revisions\/13075"}],"up":[{"embeddable":true,"href":"https:\/\/fcaresystems.com\/fr\/wp-json\/wp\/v2\/pages\/7153"}],"wp:featuredmedia":[{"embeddable":true,"href":"https:\/\/fcaresystems.com\/fr\/wp-json\/wp\/v2\/media\/6006"}],"wp:attachment":[{"href":"https:\/\/fcaresystems.com\/fr\/wp-json\/wp\/v2\/media?parent=7206"}],"curies":[{"name":"wp","href":"https:\/\/api.w.org\/{rel}","templated":true}]}}