{"id":7169,"date":"2022-10-24T14:23:36","date_gmt":"2022-10-24T12:23:36","guid":{"rendered":"https:\/\/fcaresystems.com\/radiofrequency-thermocoagulation\/"},"modified":"2023-12-28T10:48:06","modified_gmt":"2023-12-28T09:48:06","slug":"thermocoagulation-par-radiofrequence","status":"publish","type":"page","link":"https:\/\/fcaresystems.com\/fr\/thermocoagulation-par-radiofrequence\/","title":{"rendered":"Ablation par radiofr\u00e9quence"},"content":{"rendered":"\n<section class=\"wp-block-fcs-core-header is-style-gradient\"><header class=\"c-header c-header-wrapper c-header-wrapper-s\"><figure class=\"c-header-img \"><img decoding=\"async\" src=\"https:\/\/fcaresystems.com\/wp-content\/uploads\/2023\/01\/Hero_Radiofrequency-page-2.jpg\" class=\"c-header-img\"\/><figcaption class=\"c-header-content\"><div class=\"o-container\">\n<div class=\"wp-block-fcs-core-spacer u-padding-sm-lg u-padding-sm\"><\/div>\n\n\n\n<div class=\"wp-block-group c-breadcrumb\"><div class=\"wp-block-group__inner-container is-layout-flow wp-block-group-is-layout-flow\"><span><span><a href=\"https:\/\/fcaresystems.com\/fr\/\">Home<\/a><\/span><\/span>\n<\/div><\/div>\n\n\n\n<div class=\"wp-block-fcs-core-spacer u-padding-md-lg u-padding-md\"><\/div>\n\n\n\n<h1 class=\"wp-block-heading\">Thermocoagulation par radiofr\u00e9quence<\/h1>\n<\/div><\/figcaption><\/figure><\/header><\/section>\n\n\n\n<div class=\"wp-block-fcs-core-container o-container\">\n<div class=\"wp-block-fcs-core-spacer u-padding-lg-lg u-padding-md\"><\/div>\n\n\n\n<div class=\"wp-block-columns is-layout-flex wp-container-core-columns-is-layout-9d6595d7 wp-block-columns-is-layout-flex\">\n<div class=\"wp-block-column is-layout-flow wp-block-column-is-layout-flow\">\n<h2 class=\"wp-block-heading has-primary-color has-text-color\">\u00c0 propos de l&rsquo;ablation par radiofr\u00e9quence<\/h2>\n\n\n\n<p>Les g\u00e9n\u00e9rateurs de radiofr\u00e9quence sont utilis\u00e9s en m\u00e9decine depuis pr\u00e8s d\u2019un si\u00e8cle et la radiofr\u00e9quence est largement utilis\u00e9e dans une multitude de disciplines&nbsp;; en fait, on estime que quatre interventions chirurgicales sur cinq utilisent d\u00e9sormais l\u2019\u00e9nergie radiofr\u00e9quence sous une forme ou une autre. Certaines de ses nouvelles applications les plus prometteuses reposent sur le principe de la thermocoagulation, dans lequel la chaleur est utilis\u00e9e pour d\u00e9truire les tissus. Mais, comme pour bon nombre de choses, cette description n\u2019explique qu\u2019en partir le processus complet.<\/p>\n\n\n\n<p>Par exemple, l\u2019expression \u00ab&nbsp;la chaleur est utilis\u00e9e pour d\u00e9truire les tissus&nbsp;\u00bb pourrait \u00e9galement s\u2019appliquer \u00e0 l\u2019\u00e9lectrocaut\u00e9risation, mais les deux proc\u00e9dures diff\u00e8rent \u00e0 plusieurs \u00e9gards cl\u00e9s. En mati\u00e8re d\u2019\u00e9lectrocaut\u00e9risation, l\u2019\u00e9nergie g\u00e9n\u00e9r\u00e9e est utilis\u00e9e pour chauffer un fil m\u00e9tallique, que le m\u00e9decin applique ensuite directement sur le tissu, causant des dommages similaires \u00e0 des br\u00fblures au troisi\u00e8me degr\u00e9. En revanche, en ce qui concerne l\u2019ablation par radiofr\u00e9quence, l\u2019\u00e9lectrode reste froide, car la chaleur utilis\u00e9e pour la thermocoagulation est g\u00e9n\u00e9r\u00e9e dans le tissu lui-m\u00eame.<\/p>\n\n\n\n<div class=\"wp-block-fcs-core-spacer u-padding-xs-lg\"><\/div>\n\n\n\n<p><strong><mark style=\"background-color:rgba(0, 0, 0, 0)\" class=\"has-inline-color has-secondary-color\">Comment cette technique fonctionne-t-elle&nbsp;?<\/mark><\/strong> Les <mark style=\"background-color:rgba(0, 0, 0, 0)\" class=\"has-inline-color has-primary-color\"><a href=\"https:\/\/fcaresystems.com\/fr\/produits\/generateurs\/\">g\u00e9n\u00e9rateurs de radiofr\u00e9quence <\/a><\/mark>monopolaires cr\u00e9ent une boucle \u00e9lectrique ferm\u00e9e&nbsp;: du g\u00e9n\u00e9rateur au corps du patient, en passant par le tampon \u00e9lectrochirurgical (le cas \u00e9ch\u00e9ant) et le g\u00e9n\u00e9rateur. Ce courant \u00e9lectrique est indolore pour le patient, car la fr\u00e9quence est trop \u00e9lev\u00e9e pour d\u00e9clencher la d\u00e9polarisation des membranes nerveuses, de sorte que les nerfs n\u2019entra\u00eenent aucune d\u00e9charge. Le courant haute fr\u00e9quence agite les ions \u00e0 l\u2019int\u00e9rieur du tissu \u00e0 mesure qu\u2019ils suivent les changements de direction du courant alternatif, ce qui se produit si rapidement que les ions ne bougent pas. De telles vibrations cr\u00e9ent une chaleur de frottement importante \u00e0 proximit\u00e9 imm\u00e9diate de l\u2019\u00e9lectrode, mais l\u2019effet diminue consid\u00e9rablement avec la distance&nbsp;: une <a href=\"https:\/\/fcaresystems.com\/fr\/produits\/consommables\/sondes-rf\/\"><mark style=\"background-color:rgba(0, 0, 0, 0)\" class=\"has-inline-color has-primary-color\">\u00e9lectrode Rafaelo\u00ae<\/mark> <\/a>de 2&nbsp;mm, par exemple, a un rayon thermique de seulement 3&nbsp;mm. Cela offre un avantage majeur par rapport \u00e0 l\u2019\u00e9lectrocaut\u00e9risation, qui pr\u00e9sente g\u00e9n\u00e9ralement une plage de diffusion de chaleur nettement plus importante (et donc un risque plus \u00e9lev\u00e9 de l\u00e9sions tissulaires accidentelles).<\/p>\n<\/div>\n\n\n\n<div class=\"wp-block-column is-layout-flow wp-block-column-is-layout-flow\">\n<div class=\"wp-block-fcs-core-spacer u-padding-lg-lg\"><\/div>\n\n\n\n<figure class=\"wp-block-image size-large\"><a href=\"https:\/\/youtu.be\/ZBde2xG1uHQ\" target=\"_blank\" rel=\"noreferrer noopener\"><img loading=\"lazy\" decoding=\"async\" width=\"1024\" height=\"576\" src=\"https:\/\/fcaresystems.com\/wp-content\/uploads\/2023\/01\/Thumbn-RF-1024x576.jpg\" alt=\"\" class=\"wp-image-6526\" srcset=\"https:\/\/fcaresystems.com\/wp-content\/uploads\/2023\/01\/Thumbn-RF-1024x576.jpg 1024w, https:\/\/fcaresystems.com\/wp-content\/uploads\/2023\/01\/Thumbn-RF-300x169.jpg 300w, https:\/\/fcaresystems.com\/wp-content\/uploads\/2023\/01\/Thumbn-RF-768x432.jpg 768w, https:\/\/fcaresystems.com\/wp-content\/uploads\/2023\/01\/Thumbn-RF.jpg 1280w\" sizes=\"auto, (max-width: 1024px) 100vw, 1024px\" \/><\/a><\/figure>\n<\/div>\n<\/div>\n<\/div>\n\n\n\n<div class=\"wp-block-fcs-core-container o-container\">\n<div class=\"wp-block-fcs-core-spacer u-padding-sm-lg u-padding-sm\"><\/div>\n\n\n\n<h2 class=\"wp-block-heading has-primary-color has-text-color\">Principaux avantages de l\u2019ablation par radiofr\u00e9quence<\/h2>\n\n\n\n<ul class=\"is-style-doctor wp-block-list\">\n<li><strong>Peu invasive<\/strong>&nbsp;: aucune incision requise, ce qui r\u00e9duit le risque de complications<\/li>\n\n\n\n<li><strong>Faible rayon thermique<\/strong>&nbsp;: le m\u00e9canisme de g\u00e9n\u00e9ration de chaleur \u00e9vite d\u2019endommager les tissus environnants<\/li>\n\n\n\n<li><strong>Facile \u00e0 commander<\/strong>&nbsp;: le courant de 4&nbsp;MHz a un effet thermique pr\u00e9visible<\/li>\n\n\n\n<li><strong>Rapide<\/strong>&nbsp;: produit des temp\u00e9ratures susceptibles d\u2019entra\u00eener la mort cellulaire rapide&nbsp;; de nombreuses proc\u00e9dures ne prennent que quelques minutes<\/li>\n\n\n\n<li><strong>Polyvalence<\/strong>&nbsp;: applications en proctologie, en dermatologie, en phl\u00e9bologie et dans de nombreux autres domaines<\/li>\n<\/ul>\n\n\n\n<div class=\"wp-block-fcs-core-spacer u-padding-sm-lg\"><\/div>\n\n\n\n<div class=\"wp-block-fcs-core-spacer u-padding-md-lg u-padding-md\"><\/div>\n<\/div>\n\n\n\n<div class=\"wp-block-group has-quinary-background-color has-background\"><div class=\"wp-block-group__inner-container is-layout-constrained wp-block-group-is-layout-constrained\">\n<div class=\"wp-block-fcs-core-container o-container\">\n<div class=\"wp-block-fcs-core-spacer u-padding-xl-lg u-padding-md\"><\/div>\n\n\n\n<h2 class=\"wp-block-heading has-text-align-center has-primary-color has-text-color\">Le processus r\u00e9el de thermocoagulation par radiofr\u00e9quence peut \u00eatre d\u00e9compos\u00e9 en quatre \u00e9l\u00e9ments principaux&nbsp;:<\/h2>\n\n\n\n<div class=\"wp-block-fcs-core-spacer u-padding-xs-lg u-padding-xs\"><\/div>\n\n\n\n<div class=\"wp-block-columns is-layout-flex wp-container-core-columns-is-layout-9d6595d7 wp-block-columns-is-layout-flex\">\n<div class=\"wp-block-column is-layout-flow wp-block-column-is-layout-flow\"><div class=\"wp-block-image\">\n<figure class=\"aligncenter size-full\"><img decoding=\"async\" src=\"https:\/\/fcaresystems.com\/wp-content\/uploads\/2022\/11\/icon-ionic-agitation.svg\" alt=\"\" class=\"wp-image-566\"\/><\/figure>\n<\/div>\n\n\n<p class=\"has-text-align-center has-secondary-color has-text-color\" style=\"font-size:18px\">\u00c9tape 1<br><strong>Agitation ionique<\/strong><\/p>\n\n\n\n<div class=\"wp-block-fcs-core-spacer  u-padding-xs\"><\/div>\n\n\n\n<p class=\"has-text-align-center\">Le courant alternatif fait vibrer rapidement les ions pr\u00e9sents dans les tissus.<\/p>\n<\/div>\n\n\n\n<div class=\"wp-block-column is-layout-flow wp-block-column-is-layout-flow\"><div class=\"wp-block-image\">\n<figure class=\"aligncenter size-full\"><img decoding=\"async\" src=\"https:\/\/fcaresystems.com\/wp-content\/uploads\/2022\/11\/icon-dehydration.svg\" alt=\"\" class=\"wp-image-568\"\/><\/figure>\n<\/div>\n\n\n<p class=\"has-text-align-center has-secondary-color has-text-color\" style=\"font-size:18px\">\u00c9tape 2<br><strong><mark style=\"background-color:rgba(0, 0, 0, 0)\" class=\"has-inline-color has-secondary-color\"><strong><strong>D\u00e9shydratation<\/strong><\/strong><\/mark><\/strong><\/p>\n\n\n\n<div class=\"wp-block-fcs-core-spacer  u-padding-xs\"><\/div>\n\n\n\n<p class=\"has-text-align-center\" style=\"font-size:18px\"> La chaleur  g\u00e9n\u00e9r\u00e9e par les vibrations entra\u00eene le dess\u00e8chement et la contraction des cellules.<\/p>\n<\/div>\n\n\n\n<div class=\"wp-block-column is-layout-flow wp-block-column-is-layout-flow\"><div class=\"wp-block-image\">\n<figure class=\"aligncenter size-full\"><img decoding=\"async\" src=\"https:\/\/fcaresystems.com\/wp-content\/uploads\/2022\/11\/icon-denaturation.svg\" alt=\"\" class=\"wp-image-567\"\/><\/figure>\n<\/div>\n\n\n<p class=\"has-text-align-center has-secondary-color has-text-color\" style=\"font-size:18px\">\u00c9tape 3<br><mark style=\"background-color:rgba(0, 0, 0, 0)\" class=\"has-inline-color has-secondary-color\"><strong>Denaturation of proteins<\/strong><\/mark><\/p>\n\n\n\n<div class=\"wp-block-fcs-core-spacer  u-padding-xs\"><\/div>\n\n\n\n<p class=\"has-text-align-center\">La chaleur d\u00e9compose les prot\u00e9ines dans le tissu et les d\u00e9plie.<\/p>\n<\/div>\n\n\n\n<div class=\"wp-block-column is-layout-flow wp-block-column-is-layout-flow\"><div class=\"wp-block-image\">\n<figure class=\"aligncenter size-full\"><img decoding=\"async\" src=\"https:\/\/fcaresystems.com\/wp-content\/uploads\/2022\/11\/icon-coagulation.svg\" alt=\"\" class=\"wp-image-565\"\/><\/figure>\n<\/div>\n\n\n<p class=\"has-text-align-center has-secondary-color has-text-color\" style=\"font-size:18px\">\u00c9tape 4<br><strong>Coagulation par destruction thermique<\/strong><\/p>\n\n\n\n<div class=\"wp-block-fcs-core-spacer  u-padding-xs\"><\/div>\n\n\n\n<p class=\"has-text-align-center\">Les prot\u00e9ines coagulent, formant des d\u00e9riv\u00e9s de collag\u00e8ne qui cr\u00e9ent un effet \u00ab&nbsp;colle&nbsp;\u00bb.<\/p>\n<\/div>\n<\/div>\n\n\n\n<div class=\"wp-block-fcs-core-spacer u-padding-xl-lg u-padding-md\"><\/div>\n<\/div>\n<\/div><\/div>\n\n\n\n<div class=\"wp-block-fcs-core-container o-container\">\n<div class=\"wp-block-columns is-layout-flex wp-container-core-columns-is-layout-9d6595d7 wp-block-columns-is-layout-flex\">\n<div class=\"wp-block-column is-style-horizontal-center is-layout-flow wp-block-column-is-layout-flow\">\n<div class=\"wp-block-fcs-core-spacer u-padding-xl-lg u-padding-md\"><\/div>\n\n\n\n<h2 class=\"wp-block-heading has-text-align-left has-secondary-color has-text-color\">D\u00e9couvrez nos traitements pour<\/h2>\n\n\n\n<div class=\"wp-block-fcs-core-icon-buttons c-buttons--icon\">\n<a href=\"https:\/\/fcaresystems.com\/fr\/traitements-mini-invasifs\/proctologie\/rfa-hemorroides\/\" class=\"wp-block-fcs-core-icon-button c-button c-button--icon-inline\"><img decoding=\"async\" src=\"https:\/\/fcaresystems.com\/wp-content\/uploads\/2022\/11\/icon-proctology.svg\"\/>H\u00e9morro\u00efdes<\/a>\n\n\n\n<a href=\"https:\/\/fcaresystems.com\/fr\/traitements-mini-invasifs\/proctologie\/rfa-fistules-anales\/\" class=\"wp-block-fcs-core-icon-button c-button c-button--icon-inline\"><img decoding=\"async\" src=\"https:\/\/fcaresystems.com\/wp-content\/uploads\/2022\/11\/icon-proctology.svg\"\/>Fistules anales<\/a>\n\n\n\n<a href=\"https:\/\/fcaresystems.com\/fr\/traitements-mini-invasifs\/phlebologie\/rfa-varices\/\" class=\"wp-block-fcs-core-icon-button c-button c-button--icon-inline\"><img decoding=\"async\" src=\"https:\/\/fcaresystems.com\/wp-content\/uploads\/2022\/11\/icon-phlebology.svg\"\/>Varices<\/a>\n\n\n\n<a href=\"https:\/\/fcaresystems.com\/fr\/traitements-mini-invasifs\/dermatologie-esthetique\/therapie-cutanee-rf\/\" class=\"wp-block-fcs-core-icon-button c-button c-button--icon-inline is-style-default\"><img decoding=\"async\" src=\"https:\/\/fcaresystems.com\/wp-content\/uploads\/2022\/11\/icon-aesthetic-dermatology.svg\"\/>Affections cutan\u00e9es<\/a>\n<\/div>\n\n\n\n<div class=\"wp-block-fcs-core-spacer u-padding-xl-lg u-padding-md\"><\/div>\n<\/div>\n<\/div>\n<\/div>\n\n\n\n<div class=\"wp-block-group has-secondary-background-color has-background\"><div class=\"wp-block-group__inner-container is-layout-constrained wp-block-group-is-layout-constrained\">\n<div class=\"wp-block-fcs-core-container o-container\">\n<div class=\"wp-block-fcs-core-spacer u-padding-xl-lg u-padding-md\"><\/div>\n\n\n\n<h2 class=\"wp-block-heading has-text-align-center has-white-color has-text-color\">En savoir plus ?<\/h2>\n\n\n\n<div class=\"wp-block-buttons is-content-justification-center is-layout-flex wp-container-core-buttons-is-layout-16018d1d wp-block-buttons-is-layout-flex\">\n<div class=\"wp-block-button is-style-fill\"><a class=\"wp-block-button__link has-primary-background-color has-background wp-element-button\" href=\"https:\/\/fcaresystems.com\/fr\/contact\/\">Contactez-nous<\/a><\/div>\n<\/div>\n\n\n\n<div class=\"wp-block-fcs-core-spacer u-padding-xl-lg u-padding-md\"><\/div>\n<\/div>\n<\/div><\/div>\n","protected":false},"excerpt":{"rendered":"","protected":false},"author":1,"featured_media":0,"parent":0,"menu_order":0,"comment_status":"closed","ping_status":"closed","template":"","meta":{"_color_hex":"","_color_slug":"","footnotes":""},"class_list":["post-7169","page","type-page","status-publish","hentry"],"yoast_head":"<!-- This site is optimized with the Yoast SEO plugin v27.0 - https:\/\/yoast.com\/product\/yoast-seo-wordpress\/ -->\n<title>Ablation par radiofr\u00e9quence | F Care Systems<\/title>\n<meta name=\"description\" content=\"Une explication sur la mani\u00e8re exacte dont l&#039;\u00e9nergie de radiofr\u00e9quence est utilis\u00e9e pour ablater les tissus de mani\u00e8re s\u00fbre et efficace.\" \/>\n<meta name=\"robots\" content=\"index, follow, max-snippet:-1, max-image-preview:large, max-video-preview:-1\" \/>\n<link rel=\"canonical\" href=\"https:\/\/fcaresystems.com\/fr\/thermocoagulation-par-radiofrequence\/\" \/>\n<meta property=\"og:locale\" content=\"fr_FR\" \/>\n<meta property=\"og:type\" content=\"article\" \/>\n<meta property=\"og:title\" content=\"Ablation par radiofr\u00e9quence | F Care Systems\" \/>\n<meta property=\"og:description\" content=\"Une explication sur la mani\u00e8re exacte dont l&#039;\u00e9nergie de radiofr\u00e9quence est utilis\u00e9e pour ablater les tissus de mani\u00e8re s\u00fbre et efficace.\" \/>\n<meta property=\"og:url\" content=\"https:\/\/fcaresystems.com\/fr\/thermocoagulation-par-radiofrequence\/\" \/>\n<meta property=\"og:site_name\" content=\"F Care Systems\" \/>\n<meta property=\"article:modified_time\" content=\"2023-12-28T09:48:06+00:00\" \/>\n<meta property=\"og:image\" content=\"https:\/\/fcaresystems.com\/wp-content\/uploads\/2023\/01\/Hero_Radiofrequency-page-2.jpg\" \/>\n<meta name=\"twitter:card\" content=\"summary_large_image\" \/>\n<meta name=\"twitter:label1\" content=\"Dur\u00e9e de lecture estim\u00e9e\" \/>\n\t<meta name=\"twitter:data1\" content=\"5 minutes\" \/>\n<script type=\"application\/ld+json\" class=\"yoast-schema-graph\">{\"@context\":\"https:\/\/schema.org\",\"@graph\":[{\"@type\":\"WebPage\",\"@id\":\"https:\/\/fcaresystems.com\/fr\/thermocoagulation-par-radiofrequence\/\",\"url\":\"https:\/\/fcaresystems.com\/fr\/thermocoagulation-par-radiofrequence\/\",\"name\":\"Ablation par radiofr\u00e9quence | F Care Systems\",\"isPartOf\":{\"@id\":\"https:\/\/fcaresystems.com\/fr\/#website\"},\"primaryImageOfPage\":{\"@id\":\"https:\/\/fcaresystems.com\/fr\/thermocoagulation-par-radiofrequence\/#primaryimage\"},\"image\":{\"@id\":\"https:\/\/fcaresystems.com\/fr\/thermocoagulation-par-radiofrequence\/#primaryimage\"},\"thumbnailUrl\":\"https:\/\/fcaresystems.com\/wp-content\/uploads\/2023\/01\/Hero_Radiofrequency-page-2.jpg\",\"datePublished\":\"2022-10-24T12:23:36+00:00\",\"dateModified\":\"2023-12-28T09:48:06+00:00\",\"description\":\"Une explication sur la mani\u00e8re exacte dont l'\u00e9nergie de radiofr\u00e9quence est utilis\u00e9e pour ablater les tissus de mani\u00e8re s\u00fbre et efficace.\",\"breadcrumb\":{\"@id\":\"https:\/\/fcaresystems.com\/fr\/thermocoagulation-par-radiofrequence\/#breadcrumb\"},\"inLanguage\":\"fr-FR\",\"potentialAction\":[{\"@type\":\"ReadAction\",\"target\":[\"https:\/\/fcaresystems.com\/fr\/thermocoagulation-par-radiofrequence\/\"]}]},{\"@type\":\"ImageObject\",\"inLanguage\":\"fr-FR\",\"@id\":\"https:\/\/fcaresystems.com\/fr\/thermocoagulation-par-radiofrequence\/#primaryimage\",\"url\":\"https:\/\/fcaresystems.com\/wp-content\/uploads\/2023\/01\/Hero_Radiofrequency-page-2.jpg\",\"contentUrl\":\"https:\/\/fcaresystems.com\/wp-content\/uploads\/2023\/01\/Hero_Radiofrequency-page-2.jpg\"},{\"@type\":\"BreadcrumbList\",\"@id\":\"https:\/\/fcaresystems.com\/fr\/thermocoagulation-par-radiofrequence\/#breadcrumb\",\"itemListElement\":[{\"@type\":\"ListItem\",\"position\":1,\"name\":\"Home\",\"item\":\"https:\/\/fcaresystems.com\/fr\/\"},{\"@type\":\"ListItem\",\"position\":2,\"name\":\"Ablation par radiofr\u00e9quence\"}]},{\"@type\":\"WebSite\",\"@id\":\"https:\/\/fcaresystems.com\/fr\/#website\",\"url\":\"https:\/\/fcaresystems.com\/fr\/\",\"name\":\"F Care Systems\",\"description\":\"\",\"publisher\":{\"@id\":\"https:\/\/fcaresystems.com\/fr\/#organization\"},\"potentialAction\":[{\"@type\":\"SearchAction\",\"target\":{\"@type\":\"EntryPoint\",\"urlTemplate\":\"https:\/\/fcaresystems.com\/fr\/?s={search_term_string}\"},\"query-input\":{\"@type\":\"PropertyValueSpecification\",\"valueRequired\":true,\"valueName\":\"search_term_string\"}}],\"inLanguage\":\"fr-FR\"},{\"@type\":\"Organization\",\"@id\":\"https:\/\/fcaresystems.com\/fr\/#organization\",\"name\":\"F Care Systems\",\"url\":\"https:\/\/fcaresystems.com\/fr\/\",\"logo\":{\"@type\":\"ImageObject\",\"inLanguage\":\"fr-FR\",\"@id\":\"https:\/\/fcaresystems.com\/fr\/#\/schema\/logo\/image\/\",\"url\":\"https:\/\/fcaresystems.com\/wp-content\/uploads\/2022\/11\/logo-2.svg\",\"contentUrl\":\"https:\/\/fcaresystems.com\/wp-content\/uploads\/2022\/11\/logo-2.svg\",\"caption\":\"F Care Systems\"},\"image\":{\"@id\":\"https:\/\/fcaresystems.com\/fr\/#\/schema\/logo\/image\/\"}}]}<\/script>\n<!-- \/ Yoast SEO plugin. -->","yoast_head_json":{"title":"Ablation par radiofr\u00e9quence | F Care Systems","description":"Une explication sur la mani\u00e8re exacte dont l'\u00e9nergie de radiofr\u00e9quence est utilis\u00e9e pour ablater les tissus de mani\u00e8re s\u00fbre et efficace.","robots":{"index":"index","follow":"follow","max-snippet":"max-snippet:-1","max-image-preview":"max-image-preview:large","max-video-preview":"max-video-preview:-1"},"canonical":"https:\/\/fcaresystems.com\/fr\/thermocoagulation-par-radiofrequence\/","og_locale":"fr_FR","og_type":"article","og_title":"Ablation par radiofr\u00e9quence | F Care Systems","og_description":"Une explication sur la mani\u00e8re exacte dont l'\u00e9nergie de radiofr\u00e9quence est utilis\u00e9e pour ablater les tissus de mani\u00e8re s\u00fbre et efficace.","og_url":"https:\/\/fcaresystems.com\/fr\/thermocoagulation-par-radiofrequence\/","og_site_name":"F Care Systems","article_modified_time":"2023-12-28T09:48:06+00:00","og_image":[{"url":"https:\/\/fcaresystems.com\/wp-content\/uploads\/2023\/01\/Hero_Radiofrequency-page-2.jpg","type":"","width":"","height":""}],"twitter_card":"summary_large_image","twitter_misc":{"Dur\u00e9e de lecture estim\u00e9e":"5 minutes"},"schema":{"@context":"https:\/\/schema.org","@graph":[{"@type":"WebPage","@id":"https:\/\/fcaresystems.com\/fr\/thermocoagulation-par-radiofrequence\/","url":"https:\/\/fcaresystems.com\/fr\/thermocoagulation-par-radiofrequence\/","name":"Ablation par radiofr\u00e9quence | F Care Systems","isPartOf":{"@id":"https:\/\/fcaresystems.com\/fr\/#website"},"primaryImageOfPage":{"@id":"https:\/\/fcaresystems.com\/fr\/thermocoagulation-par-radiofrequence\/#primaryimage"},"image":{"@id":"https:\/\/fcaresystems.com\/fr\/thermocoagulation-par-radiofrequence\/#primaryimage"},"thumbnailUrl":"https:\/\/fcaresystems.com\/wp-content\/uploads\/2023\/01\/Hero_Radiofrequency-page-2.jpg","datePublished":"2022-10-24T12:23:36+00:00","dateModified":"2023-12-28T09:48:06+00:00","description":"Une explication sur la mani\u00e8re exacte dont l'\u00e9nergie de radiofr\u00e9quence est utilis\u00e9e pour ablater les tissus de mani\u00e8re s\u00fbre et efficace.","breadcrumb":{"@id":"https:\/\/fcaresystems.com\/fr\/thermocoagulation-par-radiofrequence\/#breadcrumb"},"inLanguage":"fr-FR","potentialAction":[{"@type":"ReadAction","target":["https:\/\/fcaresystems.com\/fr\/thermocoagulation-par-radiofrequence\/"]}]},{"@type":"ImageObject","inLanguage":"fr-FR","@id":"https:\/\/fcaresystems.com\/fr\/thermocoagulation-par-radiofrequence\/#primaryimage","url":"https:\/\/fcaresystems.com\/wp-content\/uploads\/2023\/01\/Hero_Radiofrequency-page-2.jpg","contentUrl":"https:\/\/fcaresystems.com\/wp-content\/uploads\/2023\/01\/Hero_Radiofrequency-page-2.jpg"},{"@type":"BreadcrumbList","@id":"https:\/\/fcaresystems.com\/fr\/thermocoagulation-par-radiofrequence\/#breadcrumb","itemListElement":[{"@type":"ListItem","position":1,"name":"Home","item":"https:\/\/fcaresystems.com\/fr\/"},{"@type":"ListItem","position":2,"name":"Ablation par radiofr\u00e9quence"}]},{"@type":"WebSite","@id":"https:\/\/fcaresystems.com\/fr\/#website","url":"https:\/\/fcaresystems.com\/fr\/","name":"F Care Systems","description":"","publisher":{"@id":"https:\/\/fcaresystems.com\/fr\/#organization"},"potentialAction":[{"@type":"SearchAction","target":{"@type":"EntryPoint","urlTemplate":"https:\/\/fcaresystems.com\/fr\/?s={search_term_string}"},"query-input":{"@type":"PropertyValueSpecification","valueRequired":true,"valueName":"search_term_string"}}],"inLanguage":"fr-FR"},{"@type":"Organization","@id":"https:\/\/fcaresystems.com\/fr\/#organization","name":"F Care Systems","url":"https:\/\/fcaresystems.com\/fr\/","logo":{"@type":"ImageObject","inLanguage":"fr-FR","@id":"https:\/\/fcaresystems.com\/fr\/#\/schema\/logo\/image\/","url":"https:\/\/fcaresystems.com\/wp-content\/uploads\/2022\/11\/logo-2.svg","contentUrl":"https:\/\/fcaresystems.com\/wp-content\/uploads\/2022\/11\/logo-2.svg","caption":"F Care Systems"},"image":{"@id":"https:\/\/fcaresystems.com\/fr\/#\/schema\/logo\/image\/"}}]}},"_links":{"self":[{"href":"https:\/\/fcaresystems.com\/fr\/wp-json\/wp\/v2\/pages\/7169","targetHints":{"allow":["GET"]}}],"collection":[{"href":"https:\/\/fcaresystems.com\/fr\/wp-json\/wp\/v2\/pages"}],"about":[{"href":"https:\/\/fcaresystems.com\/fr\/wp-json\/wp\/v2\/types\/page"}],"author":[{"embeddable":true,"href":"https:\/\/fcaresystems.com\/fr\/wp-json\/wp\/v2\/users\/1"}],"replies":[{"embeddable":true,"href":"https:\/\/fcaresystems.com\/fr\/wp-json\/wp\/v2\/comments?post=7169"}],"version-history":[{"count":9,"href":"https:\/\/fcaresystems.com\/fr\/wp-json\/wp\/v2\/pages\/7169\/revisions"}],"predecessor-version":[{"id":13085,"href":"https:\/\/fcaresystems.com\/fr\/wp-json\/wp\/v2\/pages\/7169\/revisions\/13085"}],"wp:attachment":[{"href":"https:\/\/fcaresystems.com\/fr\/wp-json\/wp\/v2\/media?parent=7169"}],"curies":[{"name":"wp","href":"https:\/\/api.w.org\/{rel}","templated":true}]}}