{"id":7148,"date":"2022-11-18T11:36:55","date_gmt":"2022-11-18T10:36:55","guid":{"rendered":"https:\/\/fcaresystems.com\/produits\/consommables\/rf-probes\/"},"modified":"2026-02-18T11:32:25","modified_gmt":"2026-02-18T10:32:25","slug":"sondes-rf","status":"publish","type":"page","link":"https:\/\/fcaresystems.com\/fr\/produits\/consommables\/sondes-rf\/","title":{"rendered":"Sondes RF"},"content":{"rendered":"\n<div class=\"wp-block-fcs-core-container o-container\">\n<div class=\"wp-block-fcs-core-spacer u-padding-md-lg u-padding-md\"><\/div>\n\n\n\n<div class=\"wp-block-group c-breadcrumb\"><div class=\"wp-block-group__inner-container is-layout-flow wp-block-group-is-layout-flow\"><span><span><a href=\"https:\/\/fcaresystems.com\/fr\/\">Home<\/a><\/span><\/span>\n<\/div><\/div>\n\n\n\n<div class=\"wp-block-fcs-core-spacer u-padding-md-lg u-padding-md\"><\/div>\n\n\n\n<div class=\"wp-block-columns is-style-largegap is-layout-flex wp-container-core-columns-is-layout-9d6595d7 wp-block-columns-is-layout-flex\">\n<div class=\"wp-block-column is-layout-flow wp-block-column-is-layout-flow\"><div class=\"c-slider-gallery\"><div class=\"c-slider-wrapper\"><div class=\"c-slider c-slider-slick c-slider-slick-for o-block\" ref=\"slickSlide\"><a data-fancybox=\"gallery\" data-caption=\"Rafaelo probe\" href=\"https:\/\/fcaresystems.com\/wp-content\/uploads\/2025\/10\/05RAFAELOPROBE.jpg\"><img decoding=\"async\" src=\"https:\/\/fcaresystems.com\/wp-content\/uploads\/2025\/10\/05RAFAELOPROBE.jpg\" title=\"Rafaelo probe\"  \/><\/a><a data-fancybox=\"gallery\" data-caption=\"Rafaelo probe\" href=\"https:\/\/fcaresystems.com\/wp-content\/uploads\/2025\/10\/05RAFAELOPROBE_probe-tip.jpg\"><img decoding=\"async\" src=\"https:\/\/fcaresystems.com\/wp-content\/uploads\/2025\/10\/05RAFAELOPROBE_probe-tip.jpg\" title=\"Rafaelo probe\"  \/><\/a><a data-fancybox=\"gallery\" data-caption=\"Sphera probe\" href=\"https:\/\/fcaresystems.com\/wp-content\/uploads\/2025\/10\/05SPHERA_Sphera-ball-probe-met-logo.png\"><img decoding=\"async\" src=\"https:\/\/fcaresystems.com\/wp-content\/uploads\/2025\/10\/05SPHERA_Sphera-ball-probe-met-logo.png\" title=\"Sphera probe\"  \/><\/a><a data-fancybox=\"gallery\" data-caption=\"Sphera ball probe tip\" href=\"https:\/\/fcaresystems.com\/wp-content\/uploads\/2025\/10\/05SPHERA_Sphera-ball-probe-tip-02.jpg\"><img decoding=\"async\" src=\"https:\/\/fcaresystems.com\/wp-content\/uploads\/2025\/10\/05SPHERA_Sphera-ball-probe-tip-02.jpg\" title=\"Sphera ball probe tip\"  \/><\/a><a data-fancybox=\"gallery\" data-caption=\"Output Cable\" href=\"https:\/\/fcaresystems.com\/wp-content\/uploads\/2025\/10\/06OUTPUTKAB_Output-cable.jpg\"><img decoding=\"async\" src=\"https:\/\/fcaresystems.com\/wp-content\/uploads\/2025\/10\/06OUTPUTKAB_Output-cable.jpg\" title=\"Output Cable\"  \/><\/a><\/div><\/div><div class=\"c-slider-nav-container\"><div class=\"c-slider c-slider-slick c-slider-slick-nav u-margin-top-sm\" ref=\"slickNav\"><div><img decoding=\"async\" class=\"\" src=\"https:\/\/fcaresystems.com\/wp-content\/uploads\/2025\/10\/05RAFAELOPROBE.jpg\" srcset=\"\" alt=\"\" \/><\/div><div><img decoding=\"async\" class=\"\" src=\"https:\/\/fcaresystems.com\/wp-content\/uploads\/2025\/10\/05RAFAELOPROBE_probe-tip.jpg\" srcset=\"\" alt=\"\" \/><\/div><div><img decoding=\"async\" class=\"\" src=\"https:\/\/fcaresystems.com\/wp-content\/uploads\/2025\/10\/05SPHERA_Sphera-ball-probe-met-logo.png\" srcset=\"\" alt=\"\" \/><\/div><div><img decoding=\"async\" class=\"\" src=\"https:\/\/fcaresystems.com\/wp-content\/uploads\/2025\/10\/05SPHERA_Sphera-ball-probe-tip-02.jpg\" srcset=\"\" alt=\"\" \/><\/div><div><img decoding=\"async\" class=\"\" src=\"https:\/\/fcaresystems.com\/wp-content\/uploads\/2025\/10\/06OUTPUTKAB_Output-cable.jpg\" srcset=\"\" alt=\"\" \/><\/div><\/div><\/div><\/div>\n\n\n<div class=\"wp-block-fcs-core-spacer u-padding-md-lg u-padding-sm\"><\/div>\n<\/div>\n\n\n\n<div class=\"wp-block-column is-layout-flow wp-block-column-is-layout-flow\">\n<h1 class=\"wp-block-heading has-secondary-color has-text-color\">Sondes radiofr\u00e9quence<\/h1>\n\n\n\n<p>Pendant de nombreuses ann\u00e9es, le monde m\u00e9dical estimait que le traitement mini-invasif n\u2019\u00e9tait qu\u2019une option pour les patients atteints d\u2019h\u00e9morro\u00efdes \u00e0 un stade pr\u00e9coce (grades&nbsp;I et II)&nbsp;; les h\u00e9morro\u00efdes plus avanc\u00e9es \u00e9taient largement suppos\u00e9es n\u00e9cessiter une intervention chirurgicale, ce qui signifiait g\u00e9n\u00e9ralement de longues p\u00e9riodes de r\u00e9cup\u00e9ration et un risque significatif de complications. <\/p>\n\n\n\n<p>Les progr\u00e8s de la technologie radiofr\u00e9quence (RF) ont transform\u00e9 cette approche. Aujourd&rsquo;hui, les patients atteints de h\u00e9morro\u00efdes de presque tous les grades peuvent b\u00e9n\u00e9ficier d&rsquo;un traitement cibl\u00e9 et mini-invasif.<\/p>\n\n\n\n<p>Pour les h\u00e9morro\u00efdes internes \u00e0 un stade pr\u00e9coce (grades I et II), la <strong><mark style=\"background-color:rgba(0, 0, 0, 0)\" class=\"has-inline-color has-secondary-color\">sonde Sphera<\/mark><\/strong> permet une coagulation superficielle en douceur, tandis que pour les cas plus avanc\u00e9s (grades II \u00e0 IV pr\u00e9coce), la <mark style=\"background-color:rgba(0, 0, 0, 0)\" class=\"has-inline-color has-secondary-color\"><strong>s<\/strong><\/mark><strong><mark style=\"background-color:rgba(0, 0, 0, 0)\" class=\"has-inline-color has-secondary-color\">onde Rafaelo\u00ae<\/mark><\/strong> (<a href=\"https:\/\/fcaresystems.com\/fr\/traitements-mini-invasifs\/proctologie\/rfa-hemorroides\/\"><mark style=\"background-color:rgba(0, 0, 0, 0)\" class=\"has-inline-color has-primary-color\">proc\u00e9dure<\/mark> <mark style=\"background-color:rgba(0, 0, 0, 0)\" class=\"has-inline-color has-primary-color\">Rafaelo\u00ae<\/mark><\/a>) permet une thermocoagulation contr\u00f4l\u00e9e en profondeur dans les tissus. Ensemble, ces sondes \u00e0 radiofr\u00e9quence offrent des options s\u00fbres, efficaces et pr\u00e9servant les tissus \u00e0 un large \u00e9ventail de patients, sans n\u00e9cessiter de chirurgie traditionnelle.<\/p>\n\n\n\n<div class=\"wp-block-fcs-core-spacer u-padding-xs-lg\"><\/div>\n\n\n\n<div class=\"wp-block-fcs-core-spacer u-padding-sm-lg u-padding-sm\"><\/div>\n<\/div>\n<\/div>\n\n\n\n<div class=\"wp-block-columns is-layout-flex wp-container-core-columns-is-layout-9d6595d7 wp-block-columns-is-layout-flex\">\n<div class=\"wp-block-column is-layout-flow wp-block-column-is-layout-flow\">\n<h2 class=\"wp-block-heading is-style-underline has-secondary-color has-text-color\"><strong>Sonde sph\u00e9rique Sphera<\/strong><\/h2>\n\n\n\n<div class=\"wp-block-fcs-core-spacer u-padding-xs-lg u-padding-xs\"><\/div>\n\n\n\n<p class=\"has-dark-color has-text-color\">Les patients pr\u00e9sentant des h\u00e9morro\u00efdes internes \u00e0 un stade pr\u00e9coce peuvent d\u00e9sormais b\u00e9n\u00e9ficier d\u2019une ablation RF mini-invasive\u00a0: la nouvelle sonde sph\u00e9rique Sphera est compatible avec les m\u00eames g\u00e9n\u00e9rateurs que la sonde Rafaelo, mais son extr\u00e9mit\u00e9 sph\u00e9rique est sp\u00e9cialement con\u00e7ue pour la <strong><mark style=\"background-color:rgba(0, 0, 0, 0)\" class=\"has-inline-color has-secondary-color\">coagulation superficielle des h\u00e9morro\u00efdes internes de grades\u00a01 et 2<\/mark><\/strong>. Le rev\u00eatement en nitrure de chrome de l\u2019\u00e9lectrode l\u2019emp\u00eache d\u2019adh\u00e9rer aux tissus d\u00e9licats tout en d\u00e9livrant de l\u2019\u00e9nergie radiofr\u00e9quence.<\/p>\n\n\n\n<div class=\"wp-block-fcs-core-spacer u-padding-xs-lg u-padding-xs\"><\/div>\n\n\n\n<h3 class=\"wp-block-heading has-secondary-color has-text-color\"><strong>Caract\u00e9ristiques techniques&nbsp;<\/strong>sonde Sphera<\/h3>\n\n\n\n<p>Longueur de la sonde\u00a0: 205\u00a0mm<br>Diam\u00e8tre de la pointe\u00a0: 3\u00a0mm<br>Diam\u00e8tre de la poign\u00e9e\u00a0: 20\u00a0mm<br>Mat\u00e9riau isolant\u00a0: PFA<br>Mat\u00e9riau de la pointe\u00a0: acier inoxydable<br>Rev\u00eatement de la pointe\u00a0: CrN<br>Rallonge\u00a0: 2,5\u00a0m<br>Poids\u00a0: 36\u00a0g (sonde + c\u00e2ble)<\/p>\n\n\n\n<p><strong>R\u00c9F produit <\/strong>: 06SPHERABOX (10 pi\u00e8ces, sans c\u00e2ble)<\/p>\n\n\n\n<div class=\"wp-block-fcs-core-spacer u-padding-sm-lg u-padding-sm\"><\/div>\n<\/div>\n\n\n\n<div class=\"wp-block-column is-layout-flow wp-block-column-is-layout-flow\">\n<h2 class=\"wp-block-heading is-style-underline has-secondary-color has-text-color\"><strong>Sonde \u00e0 aiguille Rafaelo<\/strong><\/h2>\n\n\n\n<div class=\"wp-block-fcs-core-spacer u-padding-xs-lg u-padding-xs\"><\/div>\n\n\n\n<p>La proc\u00e9dure <strong>Rafaelo\u00ae<\/strong> est r\u00e9alis\u00e9e \u00e0 l\u2019aide d\u2019une sonde \u00e0 aiguille d\u00e9di\u00e9e, ins\u00e9r\u00e9e au sein du paquet h\u00e9morro\u00efdaire afin de d\u00e9livrer une \u00e9nergie de radiofr\u00e9quence (RF) de mani\u00e8re cibl\u00e9e. Contrairement \u00e0 l\u2019\u00e9lectrocaut\u00e9risation, <mark style=\"background-color:rgba(0, 0, 0, 0)\" class=\"has-inline-color has-primary-color\"><a href=\"https:\/\/fcaresystems.com\/fr\/thermocoagulation-par-radiofrequence\/\">l\u2019ablation par radiofr\u00e9quence<\/a><\/mark> se caract\u00e9rise par une diffusion thermique limit\u00e9e et contr\u00f4l\u00e9e, avec une propagation homog\u00e8ne et constante de l\u2019\u00e9nergie autour de la pointe active. La sonde \u00e0 aiguille Rafaelo\u00ae, d\u2019un diam\u00e8tre de 2 mm, pr\u00e9sente un rayon thermique d\u2019environ 3 mm, permettant une thermocoagulation pr\u00e9cise et reproductible, tout en pr\u00e9servant les tissus adjacents.<\/p>\n\n\n\n<p><strong><mark style=\"background-color:rgba(0, 0, 0, 0)\" class=\"has-inline-color has-secondary-color\">Son rev\u00eatement en nitrure de chrome conf\u00e8re des propri\u00e9t\u00e9s anti-adh\u00e9sives<\/mark><\/strong>, \u00e9vitant toute adh\u00e9rence tissulaire au cours de l\u2019application. Cette absence de collage garantit une transmission \u00e9nerg\u00e9tique r\u00e9guli\u00e8re, optimise l\u2019impact thermique au sein du tissu cible et renforce la s\u00e9curit\u00e9 ainsi que le contr\u00f4le du geste op\u00e9ratoire.<\/p>\n\n\n\n<p>Comparativement \u00e0 la sonde HPR45i, la sonde Rafaelo\u00ae pr\u00e9sente une <strong><mark style=\"background-color:rgba(0, 0, 0, 0)\" class=\"has-inline-color has-secondary-color\">efficacit\u00e9 \u00e9nerg\u00e9tique sup\u00e9rieure, permettant l\u2019obtention d\u2019excellents r\u00e9sultats cliniques avec une quantit\u00e9 d\u2019\u00e9nergie moindre.<\/mark><\/strong><\/p>\n\n\n\n<p><em>Approuv\u00e9e par la FDA<\/em><\/p>\n\n\n\n<div class=\"wp-block-fcs-core-spacer u-padding-xs-lg u-padding-xs\"><\/div>\n\n\n\n<h3 class=\"wp-block-heading has-secondary-color has-text-color\"><strong>Caract\u00e9ristiques techniques&nbsp;<\/strong>sonde Rafaelo<\/h3>\n\n\n\n<p>Longueur de la sonde&nbsp;: 220&nbsp;mm<br>Diam\u00e8tre de l\u2019aiguille&nbsp;: 2&nbsp;mm<br>Diam\u00e8tre de la poign\u00e9e&nbsp;: 20&nbsp;mm<br>Longueur du segment distal&nbsp;: 10&nbsp;mm<br>Mat\u00e9riau isolant&nbsp;: PFA<br>Mat\u00e9riau du segment distal&nbsp;:<strong> acier inoxydable avec rev\u00eatement CrN<\/strong><br>Rallonge&nbsp;: 2,5&nbsp;m<br>Poids&nbsp;: 34&nbsp;g<\/p>\n\n\n\n<p><strong>R\u00c9F produit <\/strong>: 05RAFCRN<strong>*<\/strong> (10 pi\u00e8ces)<br><em>*Cette r\u00e9f\u00e9rence remplace la sonde HPR45i<\/em><\/p>\n<\/div>\n<\/div>\n\n\n\n<div class=\"wp-block-fcs-core-spacer u-padding-xl-lg Geen witruimte\"><\/div>\n<\/div>\n\n\n\n<div class=\"wp-block-group has-secondary-background-color has-background\"><div class=\"wp-block-group__inner-container is-layout-constrained wp-block-group-is-layout-constrained\">\n<div class=\"wp-block-fcs-core-spacer u-padding-md-lg u-padding-md\"><\/div>\n\n\n\n<div class=\"wp-block-fcs-core-container o-container\">\n<figure class=\"wp-block-image size-full is-resized\"><img decoding=\"async\" src=\"https:\/\/fcaresystems.com\/wp-content\/uploads\/2022\/11\/icon-doctor-white.svg\" alt=\"\" class=\"wp-image-392\" style=\"width:46px;height:48px\"\/><\/figure>\n\n\n\n<div class=\"wp-block-fcs-core-spacer u-padding-xxs-lg u-padding-sm\"><\/div>\n\n\n\n<div class=\"wp-block-columns is-layout-flex wp-container-core-columns-is-layout-9d6595d7 wp-block-columns-is-layout-flex\">\n<div class=\"wp-block-column is-layout-flow wp-block-column-is-layout-flow\" style=\"flex-basis:56%\">\n<h2 class=\"wp-block-heading u-margin-none has-white-color has-text-color\">J&rsquo;en ai besoin pour mon cabinet<\/h2>\n\n\n\n<div class=\"wp-block-fcs-core-spacer u-padding-xxs-lg u-padding-xs\"><\/div>\n<\/div>\n\n\n\n<div class=\"wp-block-column is-vertically-aligned-bottom is-layout-flow wp-block-column-is-layout-flow\">\n<div class=\"wp-block-buttons is-content-justification-left is-layout-flex wp-container-core-buttons-is-layout-fdcfc74e wp-block-buttons-is-layout-flex\">\n<div class=\"wp-block-button alignright\"><a class=\"wp-block-button__link has-primary-background-color has-background wp-element-button\" href=\"https:\/\/fcaresystems.com\/fr\/produits\/commandes\/\">Commander ce produit<\/a><\/div>\n\n\n\n<div class=\"wp-block-button alignright is-style-outline is-style-outline--1\"><a class=\"wp-block-button__link has-white-color has-text-color wp-element-button\" href=\"https:\/\/fcaresystems.com\/fr\/produits\/\">Voir tous les produits<\/a><\/div>\n<\/div>\n<\/div>\n<\/div>\n<\/div>\n\n\n\n<div class=\"wp-block-fcs-core-spacer u-padding-md-lg u-padding-md\"><\/div>\n<\/div><\/div>\n\n\n\n<div class=\"wp-block-fcs-core-spacer u-padding-xl-lg u-padding-xs\"><\/div>\n\n\n\n<div class=\"wp-block-fcs-core-container o-container\">\n<h2 class=\"wp-block-heading is-style-underline has-secondary-color has-text-color\">Traitement associ\u00e9<\/h2>\n\n\n\n<div class=\"wp-block-fcs-core-spacer u-padding-xs-lg u-padding-sm\"><\/div>\n\n\n\n<div class=\"wp-block-columns is-layout-flex wp-container-core-columns-is-layout-9d6595d7 wp-block-columns-is-layout-flex\">\n<div class=\"wp-block-column is-layout-flow wp-block-column-is-layout-flow\">\n<h3 class=\"wp-block-heading has-primary-color has-text-color\"><mark style=\"background-color:rgba(0, 0, 0, 0)\" class=\"has-inline-color has-secondary-color\">Ablation par radiofr\u00e9quence des h\u00e9morro\u00efdes<\/mark><\/h3>\n\n\n\n<p>\u00c0 l&rsquo;aide de la sonde \u00e0 aiguille Rafaelo ou de la sonde sph\u00e9rique Sphera, le praticien applique une \u00e9nergie RF cibl\u00e9e pour induire une thermocoagulation et proc\u00e9der \u00e0 l&rsquo;ablation de l&rsquo;h\u00e9morro\u00efde.<\/p>\n\n\n\n<div class=\"wp-block-fcs-core-spacer u-padding-xs-lg u-padding-sm\"><\/div>\n\n\n\n<div class=\"wp-block-buttons is-layout-flex wp-block-buttons-is-layout-flex\">\n<div class=\"wp-block-button is-style-fill\"><a class=\"wp-block-button__link has-white-color has-primary-background-color has-text-color has-background wp-element-button\" href=\"https:\/\/fcaresystems.com\/fr\/traitements-mini-invasifs\/proctologie\/rfa-hemorroides\/\">En savoir plus sur la proc\u00e9dure Rafaelo\u00ae<\/a><\/div>\n<\/div>\n\n\n\n<div class=\"wp-block-fcs-core-spacer u-padding-xs-lg u-padding-sm\"><\/div>\n\n\n\n<figure class=\"wp-block-image size-large\"><img loading=\"lazy\" decoding=\"async\" width=\"1024\" height=\"576\" src=\"https:\/\/fcaresystems.com\/wp-content\/uploads\/2026\/02\/Thumbn-Rafaelo-animation_FR-1-1024x576.jpg\" alt=\"\" class=\"wp-image-16070\" srcset=\"https:\/\/fcaresystems.com\/wp-content\/uploads\/2026\/02\/Thumbn-Rafaelo-animation_FR-1-1024x576.jpg 1024w, https:\/\/fcaresystems.com\/wp-content\/uploads\/2026\/02\/Thumbn-Rafaelo-animation_FR-1-300x169.jpg 300w, https:\/\/fcaresystems.com\/wp-content\/uploads\/2026\/02\/Thumbn-Rafaelo-animation_FR-1-768x432.jpg 768w, https:\/\/fcaresystems.com\/wp-content\/uploads\/2026\/02\/Thumbn-Rafaelo-animation_FR-1.jpg 1280w\" sizes=\"auto, (max-width: 1024px) 100vw, 1024px\" \/><\/figure>\n\n\n\n<div class=\"wp-block-fcs-core-spacer u-padding-sm-lg u-padding-xs\"><\/div>\n<\/div>\n\n\n\n<div class=\"wp-block-column is-layout-flow wp-block-column-is-layout-flow\">\n<div class=\"wp-block-fcs-core-spacer u-padding-xxs-lg u-padding-xs\"><\/div>\n<\/div>\n<\/div>\n<\/div>\n\n\n\n<div class=\"wp-block-fcs-core-spacer u-padding-xxl-lg u-padding-md\"><\/div>\n\n\n\n<p><\/p>\n","protected":false},"excerpt":{"rendered":"<p>Choisissez entre la sonde \u00e0 aiguille HPR45i pour l\u2019insertion dans les h\u00e9morro\u00efdes ou la sonde sph\u00e9rique Sphera pour la coagulation en surface uniquement.<\/p>\n","protected":false},"author":1,"featured_media":4970,"parent":6437,"menu_order":0,"comment_status":"closed","ping_status":"closed","template":"","meta":{"_color_hex":"","_color_slug":"","footnotes":""},"class_list":["post-7148","page","type-page","status-publish","has-post-thumbnail","hentry"],"yoast_head":"<!-- This site is optimized with the Yoast SEO plugin v27.0 - https:\/\/yoast.com\/product\/yoast-seo-wordpress\/ -->\n<title>Sondes RF pour traiter les h\u00e9morro\u00efdes | F Care Systems<\/title>\n<meta name=\"description\" content=\"Sondes RF jetables pour le traitement non invasif des h\u00e9morro\u00efdes internes selon la proc\u00e9dure innovante Rafaelo\u00ae.\" \/>\n<meta name=\"robots\" content=\"index, follow, max-snippet:-1, max-image-preview:large, max-video-preview:-1\" \/>\n<link rel=\"canonical\" href=\"https:\/\/fcaresystems.com\/fr\/produits\/consommables\/sondes-rf\/\" \/>\n<meta property=\"og:locale\" content=\"fr_FR\" \/>\n<meta property=\"og:type\" content=\"article\" \/>\n<meta property=\"og:title\" content=\"Sondes RF pour traiter les h\u00e9morro\u00efdes | F Care Systems\" \/>\n<meta property=\"og:description\" content=\"Sondes RF jetables pour le traitement non invasif des h\u00e9morro\u00efdes internes selon la proc\u00e9dure innovante Rafaelo\u00ae.\" \/>\n<meta property=\"og:url\" content=\"https:\/\/fcaresystems.com\/fr\/produits\/consommables\/sondes-rf\/\" \/>\n<meta property=\"og:site_name\" content=\"F Care Systems\" \/>\n<meta property=\"article:modified_time\" content=\"2026-02-18T10:32:25+00:00\" \/>\n<meta property=\"og:image\" content=\"https:\/\/fcaresystems.com\/wp-content\/uploads\/2022\/11\/radiofrequency-probe-HPR45i.jpg\" \/>\n\t<meta property=\"og:image:width\" content=\"1080\" \/>\n\t<meta property=\"og:image:height\" content=\"810\" \/>\n\t<meta property=\"og:image:type\" content=\"image\/jpeg\" \/>\n<meta name=\"twitter:card\" content=\"summary_large_image\" \/>\n<meta name=\"twitter:label1\" content=\"Dur\u00e9e de lecture estim\u00e9e\" \/>\n\t<meta name=\"twitter:data1\" content=\"4 minutes\" \/>\n<script type=\"application\/ld+json\" class=\"yoast-schema-graph\">{\"@context\":\"https:\/\/schema.org\",\"@graph\":[{\"@type\":\"WebPage\",\"@id\":\"https:\/\/fcaresystems.com\/fr\/produits\/consommables\/sondes-rf\/\",\"url\":\"https:\/\/fcaresystems.com\/fr\/produits\/consommables\/sondes-rf\/\",\"name\":\"Sondes RF pour traiter les h\u00e9morro\u00efdes | F Care Systems\",\"isPartOf\":{\"@id\":\"https:\/\/fcaresystems.com\/fr\/#website\"},\"primaryImageOfPage\":{\"@id\":\"https:\/\/fcaresystems.com\/fr\/produits\/consommables\/sondes-rf\/#primaryimage\"},\"image\":{\"@id\":\"https:\/\/fcaresystems.com\/fr\/produits\/consommables\/sondes-rf\/#primaryimage\"},\"thumbnailUrl\":\"https:\/\/fcaresystems.com\/wp-content\/uploads\/2022\/11\/radiofrequency-probe-HPR45i.jpg\",\"datePublished\":\"2022-11-18T10:36:55+00:00\",\"dateModified\":\"2026-02-18T10:32:25+00:00\",\"description\":\"Sondes RF jetables pour le traitement non invasif des h\u00e9morro\u00efdes internes selon la proc\u00e9dure innovante Rafaelo\u00ae.\",\"breadcrumb\":{\"@id\":\"https:\/\/fcaresystems.com\/fr\/produits\/consommables\/sondes-rf\/#breadcrumb\"},\"inLanguage\":\"fr-FR\",\"potentialAction\":[{\"@type\":\"ReadAction\",\"target\":[\"https:\/\/fcaresystems.com\/fr\/produits\/consommables\/sondes-rf\/\"]}]},{\"@type\":\"ImageObject\",\"inLanguage\":\"fr-FR\",\"@id\":\"https:\/\/fcaresystems.com\/fr\/produits\/consommables\/sondes-rf\/#primaryimage\",\"url\":\"https:\/\/fcaresystems.com\/wp-content\/uploads\/2022\/11\/radiofrequency-probe-HPR45i.jpg\",\"contentUrl\":\"https:\/\/fcaresystems.com\/wp-content\/uploads\/2022\/11\/radiofrequency-probe-HPR45i.jpg\",\"width\":1080,\"height\":810,\"caption\":\"RF probe HPR45i\"},{\"@type\":\"BreadcrumbList\",\"@id\":\"https:\/\/fcaresystems.com\/fr\/produits\/consommables\/sondes-rf\/#breadcrumb\",\"itemListElement\":[{\"@type\":\"ListItem\",\"position\":1,\"name\":\"Home\",\"item\":\"https:\/\/fcaresystems.com\/fr\/\"},{\"@type\":\"ListItem\",\"position\":2,\"name\":\"Produits\",\"item\":\"https:\/\/fcaresystems.com\/fr\/produits\/\"},{\"@type\":\"ListItem\",\"position\":3,\"name\":\"Consommables\",\"item\":\"https:\/\/fcaresystems.com\/fr\/produits\/consommables\/\"},{\"@type\":\"ListItem\",\"position\":4,\"name\":\"Sondes RF\"}]},{\"@type\":\"WebSite\",\"@id\":\"https:\/\/fcaresystems.com\/fr\/#website\",\"url\":\"https:\/\/fcaresystems.com\/fr\/\",\"name\":\"F Care Systems\",\"description\":\"\",\"publisher\":{\"@id\":\"https:\/\/fcaresystems.com\/fr\/#organization\"},\"potentialAction\":[{\"@type\":\"SearchAction\",\"target\":{\"@type\":\"EntryPoint\",\"urlTemplate\":\"https:\/\/fcaresystems.com\/fr\/?s={search_term_string}\"},\"query-input\":{\"@type\":\"PropertyValueSpecification\",\"valueRequired\":true,\"valueName\":\"search_term_string\"}}],\"inLanguage\":\"fr-FR\"},{\"@type\":\"Organization\",\"@id\":\"https:\/\/fcaresystems.com\/fr\/#organization\",\"name\":\"F Care Systems\",\"url\":\"https:\/\/fcaresystems.com\/fr\/\",\"logo\":{\"@type\":\"ImageObject\",\"inLanguage\":\"fr-FR\",\"@id\":\"https:\/\/fcaresystems.com\/fr\/#\/schema\/logo\/image\/\",\"url\":\"https:\/\/fcaresystems.com\/wp-content\/uploads\/2022\/11\/logo-2.svg\",\"contentUrl\":\"https:\/\/fcaresystems.com\/wp-content\/uploads\/2022\/11\/logo-2.svg\",\"caption\":\"F Care Systems\"},\"image\":{\"@id\":\"https:\/\/fcaresystems.com\/fr\/#\/schema\/logo\/image\/\"}}]}<\/script>\n<!-- \/ Yoast SEO plugin. -->","yoast_head_json":{"title":"Sondes RF pour traiter les h\u00e9morro\u00efdes | F Care Systems","description":"Sondes RF jetables pour le traitement non invasif des h\u00e9morro\u00efdes internes selon la proc\u00e9dure innovante Rafaelo\u00ae.","robots":{"index":"index","follow":"follow","max-snippet":"max-snippet:-1","max-image-preview":"max-image-preview:large","max-video-preview":"max-video-preview:-1"},"canonical":"https:\/\/fcaresystems.com\/fr\/produits\/consommables\/sondes-rf\/","og_locale":"fr_FR","og_type":"article","og_title":"Sondes RF pour traiter les h\u00e9morro\u00efdes | F Care Systems","og_description":"Sondes RF jetables pour le traitement non invasif des h\u00e9morro\u00efdes internes selon la proc\u00e9dure innovante Rafaelo\u00ae.","og_url":"https:\/\/fcaresystems.com\/fr\/produits\/consommables\/sondes-rf\/","og_site_name":"F Care Systems","article_modified_time":"2026-02-18T10:32:25+00:00","og_image":[{"width":1080,"height":810,"url":"https:\/\/fcaresystems.com\/wp-content\/uploads\/2022\/11\/radiofrequency-probe-HPR45i.jpg","type":"image\/jpeg"}],"twitter_card":"summary_large_image","twitter_misc":{"Dur\u00e9e de lecture estim\u00e9e":"4 minutes"},"schema":{"@context":"https:\/\/schema.org","@graph":[{"@type":"WebPage","@id":"https:\/\/fcaresystems.com\/fr\/produits\/consommables\/sondes-rf\/","url":"https:\/\/fcaresystems.com\/fr\/produits\/consommables\/sondes-rf\/","name":"Sondes RF pour traiter les h\u00e9morro\u00efdes | F Care Systems","isPartOf":{"@id":"https:\/\/fcaresystems.com\/fr\/#website"},"primaryImageOfPage":{"@id":"https:\/\/fcaresystems.com\/fr\/produits\/consommables\/sondes-rf\/#primaryimage"},"image":{"@id":"https:\/\/fcaresystems.com\/fr\/produits\/consommables\/sondes-rf\/#primaryimage"},"thumbnailUrl":"https:\/\/fcaresystems.com\/wp-content\/uploads\/2022\/11\/radiofrequency-probe-HPR45i.jpg","datePublished":"2022-11-18T10:36:55+00:00","dateModified":"2026-02-18T10:32:25+00:00","description":"Sondes RF jetables pour le traitement non invasif des h\u00e9morro\u00efdes internes selon la proc\u00e9dure innovante Rafaelo\u00ae.","breadcrumb":{"@id":"https:\/\/fcaresystems.com\/fr\/produits\/consommables\/sondes-rf\/#breadcrumb"},"inLanguage":"fr-FR","potentialAction":[{"@type":"ReadAction","target":["https:\/\/fcaresystems.com\/fr\/produits\/consommables\/sondes-rf\/"]}]},{"@type":"ImageObject","inLanguage":"fr-FR","@id":"https:\/\/fcaresystems.com\/fr\/produits\/consommables\/sondes-rf\/#primaryimage","url":"https:\/\/fcaresystems.com\/wp-content\/uploads\/2022\/11\/radiofrequency-probe-HPR45i.jpg","contentUrl":"https:\/\/fcaresystems.com\/wp-content\/uploads\/2022\/11\/radiofrequency-probe-HPR45i.jpg","width":1080,"height":810,"caption":"RF probe HPR45i"},{"@type":"BreadcrumbList","@id":"https:\/\/fcaresystems.com\/fr\/produits\/consommables\/sondes-rf\/#breadcrumb","itemListElement":[{"@type":"ListItem","position":1,"name":"Home","item":"https:\/\/fcaresystems.com\/fr\/"},{"@type":"ListItem","position":2,"name":"Produits","item":"https:\/\/fcaresystems.com\/fr\/produits\/"},{"@type":"ListItem","position":3,"name":"Consommables","item":"https:\/\/fcaresystems.com\/fr\/produits\/consommables\/"},{"@type":"ListItem","position":4,"name":"Sondes RF"}]},{"@type":"WebSite","@id":"https:\/\/fcaresystems.com\/fr\/#website","url":"https:\/\/fcaresystems.com\/fr\/","name":"F Care Systems","description":"","publisher":{"@id":"https:\/\/fcaresystems.com\/fr\/#organization"},"potentialAction":[{"@type":"SearchAction","target":{"@type":"EntryPoint","urlTemplate":"https:\/\/fcaresystems.com\/fr\/?s={search_term_string}"},"query-input":{"@type":"PropertyValueSpecification","valueRequired":true,"valueName":"search_term_string"}}],"inLanguage":"fr-FR"},{"@type":"Organization","@id":"https:\/\/fcaresystems.com\/fr\/#organization","name":"F Care Systems","url":"https:\/\/fcaresystems.com\/fr\/","logo":{"@type":"ImageObject","inLanguage":"fr-FR","@id":"https:\/\/fcaresystems.com\/fr\/#\/schema\/logo\/image\/","url":"https:\/\/fcaresystems.com\/wp-content\/uploads\/2022\/11\/logo-2.svg","contentUrl":"https:\/\/fcaresystems.com\/wp-content\/uploads\/2022\/11\/logo-2.svg","caption":"F Care Systems"},"image":{"@id":"https:\/\/fcaresystems.com\/fr\/#\/schema\/logo\/image\/"}}]}},"_links":{"self":[{"href":"https:\/\/fcaresystems.com\/fr\/wp-json\/wp\/v2\/pages\/7148","targetHints":{"allow":["GET"]}}],"collection":[{"href":"https:\/\/fcaresystems.com\/fr\/wp-json\/wp\/v2\/pages"}],"about":[{"href":"https:\/\/fcaresystems.com\/fr\/wp-json\/wp\/v2\/types\/page"}],"author":[{"embeddable":true,"href":"https:\/\/fcaresystems.com\/fr\/wp-json\/wp\/v2\/users\/1"}],"replies":[{"embeddable":true,"href":"https:\/\/fcaresystems.com\/fr\/wp-json\/wp\/v2\/comments?post=7148"}],"version-history":[{"count":29,"href":"https:\/\/fcaresystems.com\/fr\/wp-json\/wp\/v2\/pages\/7148\/revisions"}],"predecessor-version":[{"id":16101,"href":"https:\/\/fcaresystems.com\/fr\/wp-json\/wp\/v2\/pages\/7148\/revisions\/16101"}],"up":[{"embeddable":true,"href":"https:\/\/fcaresystems.com\/fr\/wp-json\/wp\/v2\/pages\/6437"}],"wp:featuredmedia":[{"embeddable":true,"href":"https:\/\/fcaresystems.com\/fr\/wp-json\/wp\/v2\/media\/4970"}],"wp:attachment":[{"href":"https:\/\/fcaresystems.com\/fr\/wp-json\/wp\/v2\/media?parent=7148"}],"curies":[{"name":"wp","href":"https:\/\/api.w.org\/{rel}","templated":true}]}}