{"id":7143,"date":"2022-11-18T13:08:15","date_gmt":"2022-11-18T12:08:15","guid":{"rendered":"https:\/\/fcaresystems.com\/produits\/consommables\/rf-needles\/"},"modified":"2024-06-20T09:47:37","modified_gmt":"2024-06-20T07:47:37","slug":"aiguilles-rf","status":"publish","type":"page","link":"https:\/\/fcaresystems.com\/fr\/produits\/consommables\/aiguilles-rf\/","title":{"rendered":"Porte-aiguille et aiguilles RF"},"content":{"rendered":"\n<div class=\"wp-block-fcs-core-container o-container\">\n<div class=\"wp-block-fcs-core-spacer u-padding-md-lg u-padding-md\"><\/div>\n\n\n\n<div class=\"wp-block-group c-breadcrumb\"><div class=\"wp-block-group__inner-container is-layout-flow wp-block-group-is-layout-flow\"><span><span><a href=\"https:\/\/fcaresystems.com\/fr\/\">Home<\/a><\/span><\/span>\n<\/div><\/div>\n\n\n\n<div class=\"wp-block-fcs-core-spacer u-padding-md-lg u-padding-md\"><\/div>\n\n\n\n<div class=\"wp-block-columns is-style-largegap is-layout-flex wp-container-core-columns-is-layout-9d6595d7 wp-block-columns-is-layout-flex\">\n<div class=\"wp-block-column is-layout-flow wp-block-column-is-layout-flow\"><div class=\"c-slider-gallery\"><div class=\"c-slider-wrapper\"><div class=\"c-slider c-slider-slick c-slider-slick-for o-block\" ref=\"slickSlide\"><a data-fancybox=\"gallery\" data-caption=\"Needle holder skin therapy\" href=\"https:\/\/fcaresystems.com\/wp-content\/uploads\/2022\/11\/needle-holder-skin-therapy.jpg\"><img decoding=\"async\" src=\"https:\/\/fcaresystems.com\/wp-content\/uploads\/2022\/11\/needle-holder-skin-therapy.jpg\" title=\"Needle holder skin therapy\"  \/><\/a><a data-fancybox=\"gallery\" data-caption=\"Needle holder skin treatment\" href=\"https:\/\/fcaresystems.com\/wp-content\/uploads\/2022\/11\/needle-holder-skin-treatment.jpg\"><img decoding=\"async\" src=\"https:\/\/fcaresystems.com\/wp-content\/uploads\/2022\/11\/needle-holder-skin-treatment.jpg\" title=\"Needle holder skin treatment\"  \/><\/a><a data-fancybox=\"gallery\" data-caption=\"Needle holder skin treatment + cable EVRF MedRF4000\" href=\"https:\/\/fcaresystems.com\/wp-content\/uploads\/2022\/11\/needle-holder-skin-treatment-cable-EVRF-MedRF4000.jpg\"><img decoding=\"async\" src=\"https:\/\/fcaresystems.com\/wp-content\/uploads\/2022\/11\/needle-holder-skin-treatment-cable-EVRF-MedRF4000.jpg\" title=\"Needle holder skin treatment + cable EVRF MedRF4000\"  \/><\/a><a data-fancybox=\"gallery\" data-caption=\"Needle holder skin treatment + cable Viridex RF\" href=\"https:\/\/fcaresystems.com\/wp-content\/uploads\/2022\/11\/needle-holder-skin-treatment-cable-Viridex-RF.jpg\"><img decoding=\"async\" src=\"https:\/\/fcaresystems.com\/wp-content\/uploads\/2022\/11\/needle-holder-skin-treatment-cable-Viridex-RF.jpg\" title=\"Needle holder skin treatment + cable Viridex RF\"  \/><\/a><a data-fancybox=\"gallery\" data-caption=\"needle skin therapy inox\" href=\"https:\/\/fcaresystems.com\/wp-content\/uploads\/2022\/11\/needle-skin-therapy-inox.jpg\"><img decoding=\"async\" src=\"https:\/\/fcaresystems.com\/wp-content\/uploads\/2022\/11\/needle-skin-therapy-inox.jpg\" title=\"needle skin therapy inox\"  \/><\/a><a data-fancybox=\"gallery\" data-caption=\"needles skin therapy gold\" href=\"https:\/\/fcaresystems.com\/wp-content\/uploads\/2022\/11\/needles-skin-therapy-K3i.jpg\"><img decoding=\"async\" src=\"https:\/\/fcaresystems.com\/wp-content\/uploads\/2022\/11\/needles-skin-therapy-K3i.jpg\" title=\"needles skin therapy gold\"  \/><\/a><a data-fancybox=\"gallery\" data-caption=\"needles skin therapy gold\" href=\"https:\/\/fcaresystems.com\/wp-content\/uploads\/2022\/11\/needle-skin-therapy-gold.jpg\"><img decoding=\"async\" src=\"https:\/\/fcaresystems.com\/wp-content\/uploads\/2022\/11\/needle-skin-therapy-gold.jpg\" title=\"needles skin therapy gold\"  \/><\/a><a data-fancybox=\"gallery\" data-caption=\"needles skin therapy gold\" href=\"https:\/\/fcaresystems.com\/wp-content\/uploads\/2022\/11\/needles-skin-therapy-K3G.jpg\"><img decoding=\"async\" src=\"https:\/\/fcaresystems.com\/wp-content\/uploads\/2022\/11\/needles-skin-therapy-K3G.jpg\" title=\"needles skin therapy gold\"  \/><\/a><\/div><\/div><div class=\"c-slider-nav-container\"><div class=\"c-slider c-slider-slick c-slider-slick-nav u-margin-top-sm\" ref=\"slickNav\"><div><img decoding=\"async\" class=\"\" src=\"https:\/\/fcaresystems.com\/wp-content\/uploads\/2022\/11\/needle-holder-skin-therapy.jpg\" srcset=\"\" alt=\"\" \/><\/div><div><img decoding=\"async\" class=\"\" src=\"https:\/\/fcaresystems.com\/wp-content\/uploads\/2022\/11\/needle-holder-skin-treatment.jpg\" srcset=\"\" alt=\"\" \/><\/div><div><img decoding=\"async\" class=\"\" src=\"https:\/\/fcaresystems.com\/wp-content\/uploads\/2022\/11\/needle-holder-skin-treatment-cable-EVRF-MedRF4000.jpg\" srcset=\"\" alt=\"\" \/><\/div><div><img decoding=\"async\" class=\"\" src=\"https:\/\/fcaresystems.com\/wp-content\/uploads\/2022\/11\/needle-holder-skin-treatment-cable-Viridex-RF.jpg\" srcset=\"\" alt=\"\" \/><\/div><div><img decoding=\"async\" class=\"\" src=\"https:\/\/fcaresystems.com\/wp-content\/uploads\/2022\/11\/needle-skin-therapy-inox.jpg\" srcset=\"\" alt=\"\" \/><\/div><div><img decoding=\"async\" class=\"\" src=\"https:\/\/fcaresystems.com\/wp-content\/uploads\/2022\/11\/needles-skin-therapy-K3i.jpg\" srcset=\"\" alt=\"\" \/><\/div><div><img decoding=\"async\" class=\"\" src=\"https:\/\/fcaresystems.com\/wp-content\/uploads\/2022\/11\/needle-skin-therapy-gold.jpg\" srcset=\"\" alt=\"\" \/><\/div><div><img decoding=\"async\" class=\"\" src=\"https:\/\/fcaresystems.com\/wp-content\/uploads\/2022\/11\/needles-skin-therapy-K3G.jpg\" srcset=\"\" alt=\"\" \/><\/div><\/div><\/div><\/div>\n\n\n<div class=\"wp-block-fcs-core-spacer u-padding-md-lg u-padding-md\"><\/div>\n\n\n\n<div class=\"wp-block-fcs-core-icon-buttons c-buttons--icon\">\n<a href=\"#popmake-10438\" class=\"wp-block-fcs-core-icon-button c-button c-button--icon-inline is-style-small\"><img decoding=\"async\" src=\"https:\/\/fcaresystems.com\/wp-content\/uploads\/2022\/11\/icon-download.svg\"\/>T\u00e9l\u00e9charger Guide rapide d&rsquo;utilisation<\/a>\n<\/div>\n\n\n\n<div class=\"wp-block-fcs-core-spacer u-padding-md-lg u-padding-md\"><\/div>\n<\/div>\n\n\n\n<div class=\"wp-block-column is-layout-flow wp-block-column-is-layout-flow\">\n<h1 class=\"wp-block-heading has-secondary-color has-text-color\">Porte-aiguille et aiguilles RF<\/h1>\n\n\n\n<p>L\u2019\u00e9nergie radiofr\u00e9quence est devenue indispensable dans le domaine de la dermatologie esth\u00e9tique, avec des applications allant des t\u00e9langiectasies aux angiomes cerises en passant par les acrochordons. Lorsqu\u2019il s\u2019agit de proc\u00e9dures aussi d\u00e9licates, l\u2019importance r\u00e9side dans les d\u00e9tails&nbsp;: des aiguilles RF ultra-pr\u00e9cises et un porte-aiguille pratique de type stylet.<\/p>\n\n\n\n<p>Les pointes de nos aiguilles jetables sont suffisamment arrondies pour les emp\u00eacher de p\u00e9n\u00e9trer plus profond\u00e9ment que pr\u00e9vu. Les versions isol\u00e9es sont dot\u00e9es d\u2019un rev\u00eatement de qualit\u00e9 m\u00e9dicale de moins d\u2019un micron d\u2019\u00e9paisseur, ce qui emp\u00eache la propagation incontr\u00f4l\u00e9e de la chaleur pour r\u00e9duire le risque de cro\u00fbte et d\u2019hyperpigmentation&nbsp;; les vari\u00e9t\u00e9s \u00ab&nbsp;or&nbsp;\u00bb sont plaqu\u00e9es avec de l\u2019or 24 carats hypoallerg\u00e9nique sans nickel pour traiter les patients souffrant d\u2019allergies au nickel.<\/p>\n\n\n\n<p>L\u2019insertion d\u2019une aiguille dans le porte-aiguille r\u00e9utilisable est d\u2019une simplicit\u00e9 d\u00e9concertante. Trois \u00e9tapes suffisent&nbsp;:<\/p>\n\n\n\n<div class=\"wp-block-fcs-core-spacer u-padding-xxs-lg u-padding-xs\"><\/div>\n\n\n\n<ol class=\"wp-block-list\">\n<li>Maintenir enfonc\u00e9 le bouton d\u2019\u00e9jection.<\/li>\n\n\n\n<li>Ins\u00e9rer l\u2019aiguille dans la pi\u00e8ce de serrage et rel\u00e2cher le bouton.<\/li>\n\n\n\n<li>Maintenir le porte-aiguille \u00e0 la verticale et appuyer \u00e0 nouveau sur le bouton&nbsp;: l\u2019aiguille se placera dans la bonne position.<\/li>\n<\/ol>\n\n\n\n<div class=\"wp-block-fcs-core-spacer u-padding-md-lg u-padding-xs\"><\/div>\n\n\n\n<h3 class=\"wp-block-heading has-secondary-color has-text-color\"><strong>Caract\u00e9ristiques techniques&nbsp;<\/strong>| Porte-aiguille<\/h3>\n\n\n\n<p>Longueur du porte-aiguille&nbsp;: 110&nbsp;mm<br>Longueur du cordon&nbsp;: 2,5&nbsp;m<\/p>\n\n\n\n<div class=\"wp-block-fcs-core-spacer u-padding-xxs-lg u-padding-xs\"><\/div>\n\n\n\n<p><strong>R\u00c9F produits<\/strong><br>02ALGBALLETNAALDH (porte-aiguille)<br>06EVRFLKANLDH (c\u00e2ble de connexion de rechange pour Viridex\u00ae RF)<br>06OUTPUTKAB (c\u00e2ble de connexion de rechange pour EVRF\u00ae et MedRF4000\u00ae)<\/p>\n\n\n\n<p class=\"has-small-font-size\">Le porte-aiguille est inclus dans la livraison des g\u00e9n\u00e9rateurs Viridex\u00aeRF, EVRF\u00aeet MedRF4000\u00ae.<\/p>\n\n\n\n<div class=\"wp-block-fcs-core-spacer u-padding-xs-lg u-padding-xs\"><\/div>\n\n\n\n<h3 class=\"wp-block-heading has-secondary-color has-text-color\"><strong>Caract\u00e9ristiques techniques<\/strong> | Aiguilles<\/h3>\n\n\n\n<p>Diam\u00e8tres d\u2019aiguille&nbsp;: 0,075&nbsp;mm (K3i)\/0,15&nbsp;mm (K6i)<br>Diam\u00e8tre de la tige de l\u2019aiguille&nbsp;: 1,25&nbsp;mm<\/p>\n\n\n\n<div class=\"wp-block-fcs-core-spacer u-padding-xxs-lg u-padding-xs\"><\/div>\n\n\n\n<p><strong>R\u00c9F produits<\/strong><br>05BALLETK3iN (50\u00a0aiguilles isol\u00e9es K3i)<br>05BALLETK3G (50\u00a0aiguilles plaqu\u00e9es or K3)<br>05BALLETK6iN (50\u00a0aiguilles isol\u00e9es K6i)<br>05BALLETK6G (50\u00a0aiguilles plaqu\u00e9es\u00a0or\u00a0K6)<\/p>\n<\/div>\n<\/div>\n\n\n\n<div class=\"wp-block-fcs-core-spacer u-padding-xl-lg u-padding-md\"><\/div>\n<\/div>\n\n\n\n<div class=\"wp-block-group has-secondary-background-color has-background\"><div class=\"wp-block-group__inner-container is-layout-constrained wp-block-group-is-layout-constrained\">\n<div class=\"wp-block-fcs-core-spacer u-padding-md-lg u-padding-md\"><\/div>\n\n\n\n<div class=\"wp-block-fcs-core-container o-container\">\n<figure class=\"wp-block-image size-full is-resized\"><img decoding=\"async\" src=\"https:\/\/fcaresystems.com\/wp-content\/uploads\/2022\/11\/icon-doctor-white.svg\" alt=\"\" class=\"wp-image-392\" style=\"width:46px;height:48px\"\/><\/figure>\n\n\n\n<div class=\"wp-block-fcs-core-spacer u-padding-xxs-lg u-padding-sm\"><\/div>\n\n\n\n<div class=\"wp-block-columns is-layout-flex wp-container-core-columns-is-layout-9d6595d7 wp-block-columns-is-layout-flex\">\n<div class=\"wp-block-column is-layout-flow wp-block-column-is-layout-flow\" style=\"flex-basis:56%\">\n<h2 class=\"wp-block-heading u-margin-none has-white-color has-text-color\">J&rsquo;en ai besoin pour mon cabinet<\/h2>\n\n\n\n<div class=\"wp-block-fcs-core-spacer u-padding-xxs-lg u-padding-xs\"><\/div>\n<\/div>\n\n\n\n<div class=\"wp-block-column is-vertically-aligned-bottom is-layout-flow wp-block-column-is-layout-flow\">\n<div class=\"wp-block-buttons is-content-justification-left is-layout-flex wp-container-core-buttons-is-layout-fdcfc74e wp-block-buttons-is-layout-flex\">\n<div class=\"wp-block-button alignright\"><a class=\"wp-block-button__link has-primary-background-color has-background wp-element-button\" href=\"https:\/\/fcaresystems.com\/fr\/produits\/commandes\/\">Commander ce produit<\/a><\/div>\n\n\n\n<div class=\"wp-block-button alignright is-style-outline is-style-outline--1\"><a class=\"wp-block-button__link has-white-color has-text-color wp-element-button\" href=\"https:\/\/fcaresystems.com\/fr\/produits\/\">Voir tous les produits<\/a><\/div>\n<\/div>\n<\/div>\n<\/div>\n<\/div>\n\n\n\n<div class=\"wp-block-fcs-core-spacer u-padding-md-lg u-padding-md\"><\/div>\n<\/div><\/div>\n\n\n\n<div class=\"wp-block-fcs-core-spacer u-padding-xl-lg u-padding-md\"><\/div>\n\n\n\n<div class=\"wp-block-fcs-core-container o-container\">\n<h2 class=\"wp-block-heading is-style-underline has-secondary-color has-text-color\">Traitement associ\u00e9&nbsp;<\/h2>\n\n\n\n<div class=\"wp-block-fcs-core-spacer u-padding-xs-lg u-padding-sm\"><\/div>\n\n\n\n<div class=\"wp-block-columns is-layout-flex wp-container-core-columns-is-layout-9d6595d7 wp-block-columns-is-layout-flex\">\n<div class=\"wp-block-column is-layout-flow wp-block-column-is-layout-flow\">\n<h3 class=\"wp-block-heading has-secondary-color has-text-color\"><a href=\"https:\/\/fcaresystems.com\/fr\/traitements-mini-invasifs\/dermatologie-esthetique\/therapie-cutanee-rf\/\">Th\u00e9rapie cutan\u00e9e par radiofr\u00e9quence<\/a><\/h3>\n\n\n\n<p><strong><mark style=\"background-color:rgba(0, 0, 0, 0)\" class=\"has-inline-color has-primary-color\"><a href=\"https:\/\/fcaresystems.com\/fr\/traitements-mini-invasifs\/dermatologie-esthetique\/therapie-cutanee-rf\/\">Cliquez ici<\/a> <\/mark><\/strong>pour en savoir plus sur les nombreuses utilisations de l\u2019\u00e9nergie radiofr\u00e9quence en dermatologie esth\u00e9tique.<\/p>\n\n\n\n<div class=\"wp-block-fcs-core-spacer u-padding-xs-lg u-padding-xs\"><\/div>\n\n\n\n<p>Nos aiguilles et porte-aiguilles sont compatibles avec les dispositifs <a href=\"https:\/\/fcaresystems.com\/fr\/produits\/generateurs\/generateur-viridex-rf\/\"><mark style=\"background-color:rgba(0, 0, 0, 0)\" class=\"has-inline-color has-primary-color\">Viridex\u00ae RF<\/mark>,<\/a> et <mark style=\"background-color:rgba(0, 0, 0, 0)\" class=\"has-inline-color has-primary-color\"><a href=\"https:\/\/fcaresystems.com\/fr\/produits\/generateurs\/generateur-rf-evrf\/\">EVRF\u00ae<\/a><\/mark> ainsi que le<mark style=\"background-color:rgba(0, 0, 0, 0)\" class=\"has-inline-color has-primary-color\"><strong> <\/strong><a href=\"https:\/\/fcaresystems.com\/fr\/produits\/generateurs\/generateur-rf-medrf4000\/\">g\u00e9n\u00e9rateur MedRF4000\u00ae<\/a><\/mark> polyvalent.<\/p>\n<\/div>\n\n\n\n<div class=\"wp-block-column is-layout-flow wp-block-column-is-layout-flow\">\n<figure class=\"wp-block-image size-large\"><a href=\"https:\/\/youtu.be\/5I7geP1c8TI\" target=\"_blank\" rel=\"noreferrer noopener\"><img loading=\"lazy\" decoding=\"async\" width=\"1024\" height=\"576\" src=\"https:\/\/fcaresystems.com\/wp-content\/uploads\/2023\/01\/Thumbn-Veineo-skin-disorders-1-1024x576.jpg\" alt=\"\" class=\"wp-image-6675\" srcset=\"https:\/\/fcaresystems.com\/wp-content\/uploads\/2023\/01\/Thumbn-Veineo-skin-disorders-1-1024x576.jpg 1024w, https:\/\/fcaresystems.com\/wp-content\/uploads\/2023\/01\/Thumbn-Veineo-skin-disorders-1-300x169.jpg 300w, https:\/\/fcaresystems.com\/wp-content\/uploads\/2023\/01\/Thumbn-Veineo-skin-disorders-1-768x432.jpg 768w, https:\/\/fcaresystems.com\/wp-content\/uploads\/2023\/01\/Thumbn-Veineo-skin-disorders-1.jpg 1280w\" sizes=\"auto, (max-width: 1024px) 100vw, 1024px\" \/><\/a><\/figure>\n<\/div>\n<\/div>\n<\/div>\n\n\n\n<div class=\"wp-block-fcs-core-spacer u-padding-xxxl-lg u-padding-md\"><\/div>\n","protected":false},"excerpt":{"rendered":"<p>Aiguilles ultrafines pour les proc\u00e9dures dermatologiques d\u00e9licates.<\/p>\n","protected":false},"author":1,"featured_media":5146,"parent":6437,"menu_order":0,"comment_status":"closed","ping_status":"closed","template":"","meta":{"_color_hex":"","_color_slug":"","footnotes":""},"class_list":["post-7143","page","type-page","status-publish","has-post-thumbnail","hentry"],"yoast_head":"<!-- This site is optimized with the Yoast SEO plugin v27.0 - https:\/\/yoast.com\/product\/yoast-seo-wordpress\/ -->\n<title>Porte-aiguille et aiguilles RF | F Care Systems<\/title>\n<meta name=\"description\" content=\"Informations sur les aiguilles et le porte-aiguille de type stylet utilis\u00e9s en dermatologie esth\u00e9tique avec le Viridex\u00ae RF.\" \/>\n<meta name=\"robots\" content=\"index, follow, max-snippet:-1, max-image-preview:large, max-video-preview:-1\" \/>\n<link rel=\"canonical\" href=\"https:\/\/fcaresystems.com\/fr\/produits\/consommables\/aiguilles-rf\/\" \/>\n<meta property=\"og:locale\" content=\"fr_FR\" \/>\n<meta property=\"og:type\" content=\"article\" \/>\n<meta property=\"og:title\" content=\"Porte-aiguille et aiguilles RF | F Care Systems\" \/>\n<meta property=\"og:description\" content=\"Informations sur les aiguilles et le porte-aiguille de type stylet utilis\u00e9s en dermatologie esth\u00e9tique avec le Viridex\u00ae RF.\" \/>\n<meta property=\"og:url\" content=\"https:\/\/fcaresystems.com\/fr\/produits\/consommables\/aiguilles-rf\/\" \/>\n<meta property=\"og:site_name\" content=\"F Care Systems\" \/>\n<meta property=\"article:modified_time\" content=\"2024-06-20T07:47:37+00:00\" \/>\n<meta property=\"og:image\" content=\"https:\/\/fcaresystems.com\/wp-content\/uploads\/2022\/11\/needle-holder-skin-therapy.jpg\" \/>\n\t<meta property=\"og:image:width\" content=\"1080\" \/>\n\t<meta property=\"og:image:height\" content=\"810\" \/>\n\t<meta property=\"og:image:type\" content=\"image\/jpeg\" \/>\n<meta name=\"twitter:card\" content=\"summary_large_image\" \/>\n<meta name=\"twitter:label1\" content=\"Dur\u00e9e de lecture estim\u00e9e\" \/>\n\t<meta name=\"twitter:data1\" content=\"3 minutes\" \/>\n<script type=\"application\/ld+json\" class=\"yoast-schema-graph\">{\"@context\":\"https:\/\/schema.org\",\"@graph\":[{\"@type\":\"WebPage\",\"@id\":\"https:\/\/fcaresystems.com\/fr\/produits\/consommables\/aiguilles-rf\/\",\"url\":\"https:\/\/fcaresystems.com\/fr\/produits\/consommables\/aiguilles-rf\/\",\"name\":\"Porte-aiguille et aiguilles RF | F Care Systems\",\"isPartOf\":{\"@id\":\"https:\/\/fcaresystems.com\/fr\/#website\"},\"primaryImageOfPage\":{\"@id\":\"https:\/\/fcaresystems.com\/fr\/produits\/consommables\/aiguilles-rf\/#primaryimage\"},\"image\":{\"@id\":\"https:\/\/fcaresystems.com\/fr\/produits\/consommables\/aiguilles-rf\/#primaryimage\"},\"thumbnailUrl\":\"https:\/\/fcaresystems.com\/wp-content\/uploads\/2022\/11\/needle-holder-skin-therapy.jpg\",\"datePublished\":\"2022-11-18T12:08:15+00:00\",\"dateModified\":\"2024-06-20T07:47:37+00:00\",\"description\":\"Informations sur les aiguilles et le porte-aiguille de type stylet utilis\u00e9s en dermatologie esth\u00e9tique avec le Viridex\u00ae RF.\",\"breadcrumb\":{\"@id\":\"https:\/\/fcaresystems.com\/fr\/produits\/consommables\/aiguilles-rf\/#breadcrumb\"},\"inLanguage\":\"fr-FR\",\"potentialAction\":[{\"@type\":\"ReadAction\",\"target\":[\"https:\/\/fcaresystems.com\/fr\/produits\/consommables\/aiguilles-rf\/\"]}]},{\"@type\":\"ImageObject\",\"inLanguage\":\"fr-FR\",\"@id\":\"https:\/\/fcaresystems.com\/fr\/produits\/consommables\/aiguilles-rf\/#primaryimage\",\"url\":\"https:\/\/fcaresystems.com\/wp-content\/uploads\/2022\/11\/needle-holder-skin-therapy.jpg\",\"contentUrl\":\"https:\/\/fcaresystems.com\/wp-content\/uploads\/2022\/11\/needle-holder-skin-therapy.jpg\",\"width\":1080,\"height\":810,\"caption\":\"Needle holder skin therapy\"},{\"@type\":\"BreadcrumbList\",\"@id\":\"https:\/\/fcaresystems.com\/fr\/produits\/consommables\/aiguilles-rf\/#breadcrumb\",\"itemListElement\":[{\"@type\":\"ListItem\",\"position\":1,\"name\":\"Home\",\"item\":\"https:\/\/fcaresystems.com\/fr\/\"},{\"@type\":\"ListItem\",\"position\":2,\"name\":\"Produits\",\"item\":\"https:\/\/fcaresystems.com\/fr\/produits\/\"},{\"@type\":\"ListItem\",\"position\":3,\"name\":\"Consommables\",\"item\":\"https:\/\/fcaresystems.com\/fr\/produits\/consommables\/\"},{\"@type\":\"ListItem\",\"position\":4,\"name\":\"Porte-aiguille et aiguilles RF\"}]},{\"@type\":\"WebSite\",\"@id\":\"https:\/\/fcaresystems.com\/fr\/#website\",\"url\":\"https:\/\/fcaresystems.com\/fr\/\",\"name\":\"F Care Systems\",\"description\":\"\",\"publisher\":{\"@id\":\"https:\/\/fcaresystems.com\/fr\/#organization\"},\"potentialAction\":[{\"@type\":\"SearchAction\",\"target\":{\"@type\":\"EntryPoint\",\"urlTemplate\":\"https:\/\/fcaresystems.com\/fr\/?s={search_term_string}\"},\"query-input\":{\"@type\":\"PropertyValueSpecification\",\"valueRequired\":true,\"valueName\":\"search_term_string\"}}],\"inLanguage\":\"fr-FR\"},{\"@type\":\"Organization\",\"@id\":\"https:\/\/fcaresystems.com\/fr\/#organization\",\"name\":\"F Care Systems\",\"url\":\"https:\/\/fcaresystems.com\/fr\/\",\"logo\":{\"@type\":\"ImageObject\",\"inLanguage\":\"fr-FR\",\"@id\":\"https:\/\/fcaresystems.com\/fr\/#\/schema\/logo\/image\/\",\"url\":\"https:\/\/fcaresystems.com\/wp-content\/uploads\/2022\/11\/logo-2.svg\",\"contentUrl\":\"https:\/\/fcaresystems.com\/wp-content\/uploads\/2022\/11\/logo-2.svg\",\"caption\":\"F Care Systems\"},\"image\":{\"@id\":\"https:\/\/fcaresystems.com\/fr\/#\/schema\/logo\/image\/\"}}]}<\/script>\n<!-- \/ Yoast SEO plugin. -->","yoast_head_json":{"title":"Porte-aiguille et aiguilles RF | F Care Systems","description":"Informations sur les aiguilles et le porte-aiguille de type stylet utilis\u00e9s en dermatologie esth\u00e9tique avec le Viridex\u00ae RF.","robots":{"index":"index","follow":"follow","max-snippet":"max-snippet:-1","max-image-preview":"max-image-preview:large","max-video-preview":"max-video-preview:-1"},"canonical":"https:\/\/fcaresystems.com\/fr\/produits\/consommables\/aiguilles-rf\/","og_locale":"fr_FR","og_type":"article","og_title":"Porte-aiguille et aiguilles RF | F Care Systems","og_description":"Informations sur les aiguilles et le porte-aiguille de type stylet utilis\u00e9s en dermatologie esth\u00e9tique avec le Viridex\u00ae RF.","og_url":"https:\/\/fcaresystems.com\/fr\/produits\/consommables\/aiguilles-rf\/","og_site_name":"F Care Systems","article_modified_time":"2024-06-20T07:47:37+00:00","og_image":[{"width":1080,"height":810,"url":"https:\/\/fcaresystems.com\/wp-content\/uploads\/2022\/11\/needle-holder-skin-therapy.jpg","type":"image\/jpeg"}],"twitter_card":"summary_large_image","twitter_misc":{"Dur\u00e9e de lecture estim\u00e9e":"3 minutes"},"schema":{"@context":"https:\/\/schema.org","@graph":[{"@type":"WebPage","@id":"https:\/\/fcaresystems.com\/fr\/produits\/consommables\/aiguilles-rf\/","url":"https:\/\/fcaresystems.com\/fr\/produits\/consommables\/aiguilles-rf\/","name":"Porte-aiguille et aiguilles RF | F Care Systems","isPartOf":{"@id":"https:\/\/fcaresystems.com\/fr\/#website"},"primaryImageOfPage":{"@id":"https:\/\/fcaresystems.com\/fr\/produits\/consommables\/aiguilles-rf\/#primaryimage"},"image":{"@id":"https:\/\/fcaresystems.com\/fr\/produits\/consommables\/aiguilles-rf\/#primaryimage"},"thumbnailUrl":"https:\/\/fcaresystems.com\/wp-content\/uploads\/2022\/11\/needle-holder-skin-therapy.jpg","datePublished":"2022-11-18T12:08:15+00:00","dateModified":"2024-06-20T07:47:37+00:00","description":"Informations sur les aiguilles et le porte-aiguille de type stylet utilis\u00e9s en dermatologie esth\u00e9tique avec le Viridex\u00ae RF.","breadcrumb":{"@id":"https:\/\/fcaresystems.com\/fr\/produits\/consommables\/aiguilles-rf\/#breadcrumb"},"inLanguage":"fr-FR","potentialAction":[{"@type":"ReadAction","target":["https:\/\/fcaresystems.com\/fr\/produits\/consommables\/aiguilles-rf\/"]}]},{"@type":"ImageObject","inLanguage":"fr-FR","@id":"https:\/\/fcaresystems.com\/fr\/produits\/consommables\/aiguilles-rf\/#primaryimage","url":"https:\/\/fcaresystems.com\/wp-content\/uploads\/2022\/11\/needle-holder-skin-therapy.jpg","contentUrl":"https:\/\/fcaresystems.com\/wp-content\/uploads\/2022\/11\/needle-holder-skin-therapy.jpg","width":1080,"height":810,"caption":"Needle holder skin therapy"},{"@type":"BreadcrumbList","@id":"https:\/\/fcaresystems.com\/fr\/produits\/consommables\/aiguilles-rf\/#breadcrumb","itemListElement":[{"@type":"ListItem","position":1,"name":"Home","item":"https:\/\/fcaresystems.com\/fr\/"},{"@type":"ListItem","position":2,"name":"Produits","item":"https:\/\/fcaresystems.com\/fr\/produits\/"},{"@type":"ListItem","position":3,"name":"Consommables","item":"https:\/\/fcaresystems.com\/fr\/produits\/consommables\/"},{"@type":"ListItem","position":4,"name":"Porte-aiguille et aiguilles RF"}]},{"@type":"WebSite","@id":"https:\/\/fcaresystems.com\/fr\/#website","url":"https:\/\/fcaresystems.com\/fr\/","name":"F Care Systems","description":"","publisher":{"@id":"https:\/\/fcaresystems.com\/fr\/#organization"},"potentialAction":[{"@type":"SearchAction","target":{"@type":"EntryPoint","urlTemplate":"https:\/\/fcaresystems.com\/fr\/?s={search_term_string}"},"query-input":{"@type":"PropertyValueSpecification","valueRequired":true,"valueName":"search_term_string"}}],"inLanguage":"fr-FR"},{"@type":"Organization","@id":"https:\/\/fcaresystems.com\/fr\/#organization","name":"F Care Systems","url":"https:\/\/fcaresystems.com\/fr\/","logo":{"@type":"ImageObject","inLanguage":"fr-FR","@id":"https:\/\/fcaresystems.com\/fr\/#\/schema\/logo\/image\/","url":"https:\/\/fcaresystems.com\/wp-content\/uploads\/2022\/11\/logo-2.svg","contentUrl":"https:\/\/fcaresystems.com\/wp-content\/uploads\/2022\/11\/logo-2.svg","caption":"F Care Systems"},"image":{"@id":"https:\/\/fcaresystems.com\/fr\/#\/schema\/logo\/image\/"}}]}},"_links":{"self":[{"href":"https:\/\/fcaresystems.com\/fr\/wp-json\/wp\/v2\/pages\/7143","targetHints":{"allow":["GET"]}}],"collection":[{"href":"https:\/\/fcaresystems.com\/fr\/wp-json\/wp\/v2\/pages"}],"about":[{"href":"https:\/\/fcaresystems.com\/fr\/wp-json\/wp\/v2\/types\/page"}],"author":[{"embeddable":true,"href":"https:\/\/fcaresystems.com\/fr\/wp-json\/wp\/v2\/users\/1"}],"replies":[{"embeddable":true,"href":"https:\/\/fcaresystems.com\/fr\/wp-json\/wp\/v2\/comments?post=7143"}],"version-history":[{"count":8,"href":"https:\/\/fcaresystems.com\/fr\/wp-json\/wp\/v2\/pages\/7143\/revisions"}],"predecessor-version":[{"id":13557,"href":"https:\/\/fcaresystems.com\/fr\/wp-json\/wp\/v2\/pages\/7143\/revisions\/13557"}],"up":[{"embeddable":true,"href":"https:\/\/fcaresystems.com\/fr\/wp-json\/wp\/v2\/pages\/6437"}],"wp:featuredmedia":[{"embeddable":true,"href":"https:\/\/fcaresystems.com\/fr\/wp-json\/wp\/v2\/media\/5146"}],"wp:attachment":[{"href":"https:\/\/fcaresystems.com\/fr\/wp-json\/wp\/v2\/media?parent=7143"}],"curies":[{"name":"wp","href":"https:\/\/api.w.org\/{rel}","templated":true}]}}