{"id":7093,"date":"2022-11-18T11:56:04","date_gmt":"2022-11-18T10:56:04","guid":{"rendered":"https:\/\/fcaresystems.com\/produits\/consommables\/anoscopes\/"},"modified":"2026-04-23T16:10:08","modified_gmt":"2026-04-23T14:10:08","slug":"anuscopes","status":"publish","type":"page","link":"https:\/\/fcaresystems.com\/fr\/produits\/consommables\/anuscopes\/","title":{"rendered":"Anuscopes"},"content":{"rendered":"\n<div class=\"wp-block-fcs-core-container o-container\">\n<div class=\"wp-block-fcs-core-spacer u-padding-md-lg u-padding-md\"><\/div>\n\n\n\n<div class=\"wp-block-group c-breadcrumb\"><div class=\"wp-block-group__inner-container is-layout-flow wp-block-group-is-layout-flow\"><span><span><a href=\"https:\/\/fcaresystems.com\/fr\/\">Home<\/a><\/span><\/span>\n<\/div><\/div>\n\n\n\n<div class=\"wp-block-fcs-core-spacer u-padding-md-lg u-padding-md\"><\/div>\n\n\n\n<div class=\"wp-block-columns is-style-largegap is-layout-flex wp-container-core-columns-is-layout-9d6595d7 wp-block-columns-is-layout-flex\">\n<div class=\"wp-block-column is-layout-flow wp-block-column-is-layout-flow\"><div class=\"c-slider-gallery\"><div class=\"c-slider-wrapper\"><div class=\"c-slider c-slider-slick c-slider-slick-for o-block\" ref=\"slickSlide\"><a data-fancybox=\"gallery\" data-caption=\"Anoscope 05ANOL\" href=\"https:\/\/fcaresystems.com\/wp-content\/uploads\/2023\/09\/05ANOL_Anoscope-96xO23mm_01-1.jpg\"><img decoding=\"async\" src=\"https:\/\/fcaresystems.com\/wp-content\/uploads\/2023\/09\/05ANOL_Anoscope-96xO23mm_01-1.jpg\" title=\"Anoscope 05ANOL\"  \/><\/a><a data-fancybox=\"gallery\" data-caption=\"Anoscope with light 05ANOL\" href=\"https:\/\/fcaresystems.com\/wp-content\/uploads\/2023\/09\/05ANOL_Anoscope-96xO23mm_03_Shadow.jpg\"><img decoding=\"async\" src=\"https:\/\/fcaresystems.com\/wp-content\/uploads\/2023\/09\/05ANOL_Anoscope-96xO23mm_03_Shadow.jpg\" title=\"Anoscope with light 05ANOL\"  \/><\/a><a data-fancybox=\"gallery\" data-caption=\"Slotted anoscope 05ANOL\" href=\"https:\/\/fcaresystems.com\/wp-content\/uploads\/2023\/09\/05ANOL_Anoscope-96xO23mm_opening.jpg\"><img decoding=\"async\" src=\"https:\/\/fcaresystems.com\/wp-content\/uploads\/2023\/09\/05ANOL_Anoscope-96xO23mm_opening.jpg\" title=\"Slotted anoscope 05ANOL\"  \/><\/a><a data-fancybox=\"gallery\" data-caption=\"Anoscope 05ANOEKM\" href=\"https:\/\/fcaresystems.com\/wp-content\/uploads\/2022\/12\/05ANOEKL_Anoscope-M.jpg\"><img decoding=\"async\" src=\"https:\/\/fcaresystems.com\/wp-content\/uploads\/2022\/12\/05ANOEKL_Anoscope-M.jpg\" title=\"Anoscope 05ANOEKM\"  \/><\/a><a data-fancybox=\"gallery\" data-caption=\"Anoscope with light 05ANOEKM\" href=\"https:\/\/fcaresystems.com\/wp-content\/uploads\/2022\/12\/05ANOEKM_Anoscope-light-M-95x18-1.jpg\"><img decoding=\"async\" src=\"https:\/\/fcaresystems.com\/wp-content\/uploads\/2022\/12\/05ANOEKM_Anoscope-light-M-95x18-1.jpg\" title=\"Anoscope with light 05ANOEKM\"  \/><\/a><a data-fancybox=\"gallery\" data-caption=\"Slotted anoscope 05ANOEKM\" href=\"https:\/\/fcaresystems.com\/wp-content\/uploads\/2023\/01\/slotted-anoscope-hemorrhoids-detail.jpg\"><img decoding=\"async\" src=\"https:\/\/fcaresystems.com\/wp-content\/uploads\/2023\/01\/slotted-anoscope-hemorrhoids-detail.jpg\" title=\"Slotted anoscope 05ANOEKM\"  \/><\/a><\/div><\/div><div class=\"c-slider-nav-container\"><div class=\"c-slider c-slider-slick c-slider-slick-nav u-margin-top-sm\" ref=\"slickNav\"><div><img decoding=\"async\" class=\"\" src=\"https:\/\/fcaresystems.com\/wp-content\/uploads\/2023\/09\/05ANOL_Anoscope-96xO23mm_01-1.jpg\" srcset=\"\" alt=\"\" \/><\/div><div><img decoding=\"async\" class=\"\" src=\"https:\/\/fcaresystems.com\/wp-content\/uploads\/2023\/09\/05ANOL_Anoscope-96xO23mm_03_Shadow.jpg\" srcset=\"\" alt=\"\" \/><\/div><div><img decoding=\"async\" class=\"\" src=\"https:\/\/fcaresystems.com\/wp-content\/uploads\/2023\/09\/05ANOL_Anoscope-96xO23mm_opening.jpg\" srcset=\"\" alt=\"\" \/><\/div><div><img decoding=\"async\" class=\"\" src=\"https:\/\/fcaresystems.com\/wp-content\/uploads\/2022\/12\/05ANOEKL_Anoscope-M.jpg\" srcset=\"\" alt=\"\" \/><\/div><div><img decoding=\"async\" class=\"\" src=\"https:\/\/fcaresystems.com\/wp-content\/uploads\/2022\/12\/05ANOEKM_Anoscope-light-M-95x18-1.jpg\" srcset=\"\" alt=\"\" \/><\/div><div><img decoding=\"async\" class=\"\" src=\"https:\/\/fcaresystems.com\/wp-content\/uploads\/2023\/01\/slotted-anoscope-hemorrhoids-detail.jpg\" srcset=\"\" alt=\"\" \/><\/div><\/div><\/div><\/div>\n\n\n<div class=\"wp-block-fcs-core-spacer u-padding-md-lg u-padding-md\"><\/div>\n<\/div>\n\n\n\n<div class=\"wp-block-column is-layout-flow wp-block-column-is-layout-flow\">\n<h1 class=\"wp-block-heading has-secondary-color has-text-color\">Anoscopes \u00e0 fente avec \u00e9clairage<\/h1>\n\n\n\n<p>Nos anuscopes \u00e0 usage unique sont dot\u00e9s d\u2019une ouverture \u00e9vas\u00e9e pour un meilleur acc\u00e8s et d\u2019une poign\u00e9e pratique pour faciliter le positionnement de la fente sur l\u2019h\u00e9morro\u00efde. Les deux anoscopes sont \u00e9quip\u00e9s d&rsquo;une source lumineuse LED, qui am\u00e9liore l&rsquo;exp\u00e9rience de l&rsquo;examen en offrant une excellente visibilit\u00e9.<\/p>\n\n\n\n<p><\/p>\n\n\n\n<p><strong>R\u00c9F produits:<\/strong><br>05ANOL (taille Large)<br>05ANOEKM (taille Moyenne)<\/p>\n\n\n\n<div class=\"wp-block-fcs-core-spacer u-padding-xs-lg u-padding-xs\"><\/div>\n\n\n\n<h3 class=\"wp-block-heading has-secondary-color has-text-color\"><strong>Caract\u00e9ristiques techniques&nbsp;<\/strong>05ANOL<\/h3>\n\n\n\n<p>Mat\u00e9riau : ABS transparent<br>Longueur de la poign\u00e9e : 100 mm<br>Taille : \u00d823 x L 96 mm<\/p>\n\n\n\n<h3 class=\"wp-block-heading has-secondary-color has-text-color\"><strong>Caract\u00e9ristiques techniques&nbsp;<\/strong>05ANOEKM<\/h3>\n\n\n\n<p>Mat\u00e9riau : polystyr\u00e8ne<br>Longueur de la poign\u00e9e : 110 mm<br>Taille :&nbsp;\u00d818 x L 95 mm<br>Le compartiment \u00e0 piles est amovible, ce qui permet de le recycler s\u00e9par\u00e9ment apr\u00e8s utilisation.<\/p>\n\n\n\n<div class=\"wp-block-fcs-core-spacer u-padding-xs-lg u-padding-xs\"><\/div>\n\n\n\n<p><em>Contactez-nous pour v\u00e9rifier si ces produits sont disponibles dans votre r\u00e9gion.<\/em><\/p>\n<\/div>\n<\/div>\n\n\n\n<div class=\"wp-block-fcs-core-spacer u-padding-xl-lg u-padding-md\"><\/div>\n<\/div>\n\n\n\n<div class=\"wp-block-group has-secondary-background-color has-background\"><div class=\"wp-block-group__inner-container is-layout-constrained wp-block-group-is-layout-constrained\">\n<div class=\"wp-block-fcs-core-spacer u-padding-md-lg u-padding-md\"><\/div>\n\n\n\n<div class=\"wp-block-fcs-core-container o-container\">\n<figure class=\"wp-block-image size-full is-resized\"><img decoding=\"async\" src=\"https:\/\/fcaresystems.com\/wp-content\/uploads\/2022\/11\/icon-doctor-white.svg\" alt=\"\" class=\"wp-image-392\" style=\"width:46px;height:48px\"\/><\/figure>\n\n\n\n<div class=\"wp-block-fcs-core-spacer u-padding-xxs-lg u-padding-sm\"><\/div>\n\n\n\n<div class=\"wp-block-columns is-layout-flex wp-container-core-columns-is-layout-9d6595d7 wp-block-columns-is-layout-flex\">\n<div class=\"wp-block-column is-layout-flow wp-block-column-is-layout-flow\" style=\"flex-basis:56%\">\n<h2 class=\"wp-block-heading u-margin-none has-white-color has-text-color\">J&rsquo;en ai besoin pour mon cabinet<\/h2>\n\n\n\n<div class=\"wp-block-fcs-core-spacer u-padding-xxs-lg u-padding-xs\"><\/div>\n<\/div>\n\n\n\n<div class=\"wp-block-column is-vertically-aligned-bottom is-layout-flow wp-block-column-is-layout-flow\">\n<div class=\"wp-block-buttons is-content-justification-left is-layout-flex wp-container-core-buttons-is-layout-fdcfc74e wp-block-buttons-is-layout-flex\">\n<div class=\"wp-block-button alignright\"><a class=\"wp-block-button__link has-primary-background-color has-background wp-element-button\" href=\"https:\/\/fcaresystems.com\/fr\/produits\/commandes\/\">Commander ce produit<\/a><\/div>\n\n\n\n<div class=\"wp-block-button alignright is-style-outline is-style-outline--1\"><a class=\"wp-block-button__link has-white-color has-text-color wp-element-button\" href=\"https:\/\/fcaresystems.com\/fr\/produits\/\">Voir tous les produits<\/a><\/div>\n<\/div>\n<\/div>\n<\/div>\n<\/div>\n\n\n\n<div class=\"wp-block-fcs-core-spacer u-padding-md-lg u-padding-md\"><\/div>\n<\/div><\/div>\n\n\n\n<div class=\"wp-block-fcs-core-spacer u-padding-xl-lg u-padding-md\"><\/div>\n\n\n\n<div class=\"wp-block-fcs-core-container o-container\">\n<h2 class=\"wp-block-heading is-style-underline has-secondary-color has-text-color\"><strong>Traitement associ\u00e9<\/strong><\/h2>\n\n\n\n<div class=\"wp-block-fcs-core-spacer u-padding-xs-lg u-padding-sm\"><\/div>\n\n\n\n<div class=\"wp-block-columns is-layout-flex wp-container-core-columns-is-layout-9d6595d7 wp-block-columns-is-layout-flex\">\n<div class=\"wp-block-column is-layout-flow wp-block-column-is-layout-flow\">\n<h3 class=\"wp-block-heading has-secondary-color has-text-color\">Traitement des h\u00e9morro\u00efdes<\/h3>\n\n\n\n<p>D\u00e9couvrez comment nos anuscopes jetables sont utilis\u00e9s pour traiter les h\u00e9morro\u00efdes internes sans chirurgie avec Rafaelo\u00ae.<\/p>\n\n\n\n<div class=\"wp-block-fcs-core-spacer u-padding-xs-lg u-padding-sm\"><\/div>\n\n\n\n<div class=\"wp-block-buttons is-layout-flex wp-block-buttons-is-layout-flex\">\n<div class=\"wp-block-button is-style-fill\"><a class=\"wp-block-button__link has-white-color has-primary-background-color has-text-color has-background wp-element-button\" href=\"https:\/\/fcaresystems.com\/fr\/traitements-mini-invasifs\/proctologie\/rfa-hemorroides\/\">En savoir plus sur Rafaelo\u00ae<\/a><\/div>\n<\/div>\n<\/div>\n\n\n\n<div class=\"wp-block-column is-layout-flow wp-block-column-is-layout-flow\"><\/div>\n<\/div>\n<\/div>\n\n\n\n<div class=\"wp-block-fcs-core-spacer u-padding-xxxl-lg u-padding-md\"><\/div>\n","protected":false},"excerpt":{"rendered":"<p>Nos anuscopes \u00e0 fente offrent une visibilit\u00e9 et une maniabilit\u00e9 sup\u00e9rieures.<\/p>\n","protected":false},"author":1,"featured_media":12522,"parent":6437,"menu_order":0,"comment_status":"closed","ping_status":"closed","template":"","meta":{"_color_hex":"","_color_slug":"","footnotes":""},"class_list":["post-7093","page","type-page","status-publish","has-post-thumbnail","hentry"],"yoast_head":"<!-- This site is optimized with the Yoast SEO plugin v27.0 - https:\/\/yoast.com\/product\/yoast-seo-wordpress\/ -->\n<title>Anoscopes \u00e0 fente avec lumi\u00e8re jetables | F Care Systems<\/title>\n<meta name=\"description\" content=\"Sp\u00e9cifications techniques de nos sets d&#039;anoscope et d&#039;obturateur \u00e0 fente \u00e0 usage unique utilis\u00e9s pour le traitement des h\u00e9morro\u00efdes internes avec Rafaelo\u00ae.\" \/>\n<meta name=\"robots\" content=\"index, follow, max-snippet:-1, max-image-preview:large, max-video-preview:-1\" \/>\n<link rel=\"canonical\" href=\"https:\/\/fcaresystems.com\/fr\/produits\/consommables\/anuscopes\/\" \/>\n<meta property=\"og:locale\" content=\"fr_FR\" \/>\n<meta property=\"og:type\" content=\"article\" \/>\n<meta property=\"og:title\" content=\"Anoscopes \u00e0 fente avec lumi\u00e8re jetables | F Care Systems\" \/>\n<meta property=\"og:description\" content=\"Sp\u00e9cifications techniques de nos sets d&#039;anoscope et d&#039;obturateur \u00e0 fente \u00e0 usage unique utilis\u00e9s pour le traitement des h\u00e9morro\u00efdes internes avec Rafaelo\u00ae.\" \/>\n<meta property=\"og:url\" content=\"https:\/\/fcaresystems.com\/fr\/produits\/consommables\/anuscopes\/\" \/>\n<meta property=\"og:site_name\" content=\"F Care Systems\" \/>\n<meta property=\"article:modified_time\" content=\"2026-04-23T14:10:08+00:00\" \/>\n<meta property=\"og:image\" content=\"https:\/\/fcaresystems.com\/wp-content\/uploads\/2023\/09\/05ANOL_Anoscope-96xO23mm_01-1.jpg\" \/>\n\t<meta property=\"og:image:width\" content=\"1080\" \/>\n\t<meta property=\"og:image:height\" content=\"810\" \/>\n\t<meta property=\"og:image:type\" content=\"image\/jpeg\" \/>\n<meta name=\"twitter:card\" content=\"summary_large_image\" \/>\n<meta name=\"twitter:label1\" content=\"Dur\u00e9e de lecture estim\u00e9e\" \/>\n\t<meta name=\"twitter:data1\" content=\"2 minutes\" \/>\n<script type=\"application\/ld+json\" class=\"yoast-schema-graph\">{\"@context\":\"https:\/\/schema.org\",\"@graph\":[{\"@type\":\"WebPage\",\"@id\":\"https:\/\/fcaresystems.com\/fr\/produits\/consommables\/anuscopes\/\",\"url\":\"https:\/\/fcaresystems.com\/fr\/produits\/consommables\/anuscopes\/\",\"name\":\"Anoscopes \u00e0 fente avec lumi\u00e8re jetables | F Care Systems\",\"isPartOf\":{\"@id\":\"https:\/\/fcaresystems.com\/fr\/#website\"},\"primaryImageOfPage\":{\"@id\":\"https:\/\/fcaresystems.com\/fr\/produits\/consommables\/anuscopes\/#primaryimage\"},\"image\":{\"@id\":\"https:\/\/fcaresystems.com\/fr\/produits\/consommables\/anuscopes\/#primaryimage\"},\"thumbnailUrl\":\"https:\/\/fcaresystems.com\/wp-content\/uploads\/2023\/09\/05ANOL_Anoscope-96xO23mm_01-1.jpg\",\"datePublished\":\"2022-11-18T10:56:04+00:00\",\"dateModified\":\"2026-04-23T14:10:08+00:00\",\"description\":\"Sp\u00e9cifications techniques de nos sets d'anoscope et d'obturateur \u00e0 fente \u00e0 usage unique utilis\u00e9s pour le traitement des h\u00e9morro\u00efdes internes avec Rafaelo\u00ae.\",\"breadcrumb\":{\"@id\":\"https:\/\/fcaresystems.com\/fr\/produits\/consommables\/anuscopes\/#breadcrumb\"},\"inLanguage\":\"fr-FR\",\"potentialAction\":[{\"@type\":\"ReadAction\",\"target\":[\"https:\/\/fcaresystems.com\/fr\/produits\/consommables\/anuscopes\/\"]}]},{\"@type\":\"ImageObject\",\"inLanguage\":\"fr-FR\",\"@id\":\"https:\/\/fcaresystems.com\/fr\/produits\/consommables\/anuscopes\/#primaryimage\",\"url\":\"https:\/\/fcaresystems.com\/wp-content\/uploads\/2023\/09\/05ANOL_Anoscope-96xO23mm_01-1.jpg\",\"contentUrl\":\"https:\/\/fcaresystems.com\/wp-content\/uploads\/2023\/09\/05ANOL_Anoscope-96xO23mm_01-1.jpg\",\"width\":1080,\"height\":810,\"caption\":\"Anoscope 05ANOL\"},{\"@type\":\"BreadcrumbList\",\"@id\":\"https:\/\/fcaresystems.com\/fr\/produits\/consommables\/anuscopes\/#breadcrumb\",\"itemListElement\":[{\"@type\":\"ListItem\",\"position\":1,\"name\":\"Home\",\"item\":\"https:\/\/fcaresystems.com\/fr\/\"},{\"@type\":\"ListItem\",\"position\":2,\"name\":\"Produits\",\"item\":\"https:\/\/fcaresystems.com\/fr\/produits\/\"},{\"@type\":\"ListItem\",\"position\":3,\"name\":\"Consommables\",\"item\":\"https:\/\/fcaresystems.com\/fr\/produits\/consommables\/\"},{\"@type\":\"ListItem\",\"position\":4,\"name\":\"Anuscopes\"}]},{\"@type\":\"WebSite\",\"@id\":\"https:\/\/fcaresystems.com\/fr\/#website\",\"url\":\"https:\/\/fcaresystems.com\/fr\/\",\"name\":\"F Care Systems\",\"description\":\"\",\"publisher\":{\"@id\":\"https:\/\/fcaresystems.com\/fr\/#organization\"},\"potentialAction\":[{\"@type\":\"SearchAction\",\"target\":{\"@type\":\"EntryPoint\",\"urlTemplate\":\"https:\/\/fcaresystems.com\/fr\/?s={search_term_string}\"},\"query-input\":{\"@type\":\"PropertyValueSpecification\",\"valueRequired\":true,\"valueName\":\"search_term_string\"}}],\"inLanguage\":\"fr-FR\"},{\"@type\":\"Organization\",\"@id\":\"https:\/\/fcaresystems.com\/fr\/#organization\",\"name\":\"F Care Systems\",\"url\":\"https:\/\/fcaresystems.com\/fr\/\",\"logo\":{\"@type\":\"ImageObject\",\"inLanguage\":\"fr-FR\",\"@id\":\"https:\/\/fcaresystems.com\/fr\/#\/schema\/logo\/image\/\",\"url\":\"https:\/\/fcaresystems.com\/wp-content\/uploads\/2022\/11\/logo-2.svg\",\"contentUrl\":\"https:\/\/fcaresystems.com\/wp-content\/uploads\/2022\/11\/logo-2.svg\",\"caption\":\"F Care Systems\"},\"image\":{\"@id\":\"https:\/\/fcaresystems.com\/fr\/#\/schema\/logo\/image\/\"}}]}<\/script>\n<!-- \/ Yoast SEO plugin. -->","yoast_head_json":{"title":"Anoscopes \u00e0 fente avec lumi\u00e8re jetables | F Care Systems","description":"Sp\u00e9cifications techniques de nos sets d'anoscope et d'obturateur \u00e0 fente \u00e0 usage unique utilis\u00e9s pour le traitement des h\u00e9morro\u00efdes internes avec Rafaelo\u00ae.","robots":{"index":"index","follow":"follow","max-snippet":"max-snippet:-1","max-image-preview":"max-image-preview:large","max-video-preview":"max-video-preview:-1"},"canonical":"https:\/\/fcaresystems.com\/fr\/produits\/consommables\/anuscopes\/","og_locale":"fr_FR","og_type":"article","og_title":"Anoscopes \u00e0 fente avec lumi\u00e8re jetables | F Care Systems","og_description":"Sp\u00e9cifications techniques de nos sets d'anoscope et d'obturateur \u00e0 fente \u00e0 usage unique utilis\u00e9s pour le traitement des h\u00e9morro\u00efdes internes avec Rafaelo\u00ae.","og_url":"https:\/\/fcaresystems.com\/fr\/produits\/consommables\/anuscopes\/","og_site_name":"F Care Systems","article_modified_time":"2026-04-23T14:10:08+00:00","og_image":[{"width":1080,"height":810,"url":"https:\/\/fcaresystems.com\/wp-content\/uploads\/2023\/09\/05ANOL_Anoscope-96xO23mm_01-1.jpg","type":"image\/jpeg"}],"twitter_card":"summary_large_image","twitter_misc":{"Dur\u00e9e de lecture estim\u00e9e":"2 minutes"},"schema":{"@context":"https:\/\/schema.org","@graph":[{"@type":"WebPage","@id":"https:\/\/fcaresystems.com\/fr\/produits\/consommables\/anuscopes\/","url":"https:\/\/fcaresystems.com\/fr\/produits\/consommables\/anuscopes\/","name":"Anoscopes \u00e0 fente avec lumi\u00e8re jetables | F Care Systems","isPartOf":{"@id":"https:\/\/fcaresystems.com\/fr\/#website"},"primaryImageOfPage":{"@id":"https:\/\/fcaresystems.com\/fr\/produits\/consommables\/anuscopes\/#primaryimage"},"image":{"@id":"https:\/\/fcaresystems.com\/fr\/produits\/consommables\/anuscopes\/#primaryimage"},"thumbnailUrl":"https:\/\/fcaresystems.com\/wp-content\/uploads\/2023\/09\/05ANOL_Anoscope-96xO23mm_01-1.jpg","datePublished":"2022-11-18T10:56:04+00:00","dateModified":"2026-04-23T14:10:08+00:00","description":"Sp\u00e9cifications techniques de nos sets d'anoscope et d'obturateur \u00e0 fente \u00e0 usage unique utilis\u00e9s pour le traitement des h\u00e9morro\u00efdes internes avec Rafaelo\u00ae.","breadcrumb":{"@id":"https:\/\/fcaresystems.com\/fr\/produits\/consommables\/anuscopes\/#breadcrumb"},"inLanguage":"fr-FR","potentialAction":[{"@type":"ReadAction","target":["https:\/\/fcaresystems.com\/fr\/produits\/consommables\/anuscopes\/"]}]},{"@type":"ImageObject","inLanguage":"fr-FR","@id":"https:\/\/fcaresystems.com\/fr\/produits\/consommables\/anuscopes\/#primaryimage","url":"https:\/\/fcaresystems.com\/wp-content\/uploads\/2023\/09\/05ANOL_Anoscope-96xO23mm_01-1.jpg","contentUrl":"https:\/\/fcaresystems.com\/wp-content\/uploads\/2023\/09\/05ANOL_Anoscope-96xO23mm_01-1.jpg","width":1080,"height":810,"caption":"Anoscope 05ANOL"},{"@type":"BreadcrumbList","@id":"https:\/\/fcaresystems.com\/fr\/produits\/consommables\/anuscopes\/#breadcrumb","itemListElement":[{"@type":"ListItem","position":1,"name":"Home","item":"https:\/\/fcaresystems.com\/fr\/"},{"@type":"ListItem","position":2,"name":"Produits","item":"https:\/\/fcaresystems.com\/fr\/produits\/"},{"@type":"ListItem","position":3,"name":"Consommables","item":"https:\/\/fcaresystems.com\/fr\/produits\/consommables\/"},{"@type":"ListItem","position":4,"name":"Anuscopes"}]},{"@type":"WebSite","@id":"https:\/\/fcaresystems.com\/fr\/#website","url":"https:\/\/fcaresystems.com\/fr\/","name":"F Care Systems","description":"","publisher":{"@id":"https:\/\/fcaresystems.com\/fr\/#organization"},"potentialAction":[{"@type":"SearchAction","target":{"@type":"EntryPoint","urlTemplate":"https:\/\/fcaresystems.com\/fr\/?s={search_term_string}"},"query-input":{"@type":"PropertyValueSpecification","valueRequired":true,"valueName":"search_term_string"}}],"inLanguage":"fr-FR"},{"@type":"Organization","@id":"https:\/\/fcaresystems.com\/fr\/#organization","name":"F Care Systems","url":"https:\/\/fcaresystems.com\/fr\/","logo":{"@type":"ImageObject","inLanguage":"fr-FR","@id":"https:\/\/fcaresystems.com\/fr\/#\/schema\/logo\/image\/","url":"https:\/\/fcaresystems.com\/wp-content\/uploads\/2022\/11\/logo-2.svg","contentUrl":"https:\/\/fcaresystems.com\/wp-content\/uploads\/2022\/11\/logo-2.svg","caption":"F Care Systems"},"image":{"@id":"https:\/\/fcaresystems.com\/fr\/#\/schema\/logo\/image\/"}}]}},"_links":{"self":[{"href":"https:\/\/fcaresystems.com\/fr\/wp-json\/wp\/v2\/pages\/7093","targetHints":{"allow":["GET"]}}],"collection":[{"href":"https:\/\/fcaresystems.com\/fr\/wp-json\/wp\/v2\/pages"}],"about":[{"href":"https:\/\/fcaresystems.com\/fr\/wp-json\/wp\/v2\/types\/page"}],"author":[{"embeddable":true,"href":"https:\/\/fcaresystems.com\/fr\/wp-json\/wp\/v2\/users\/1"}],"replies":[{"embeddable":true,"href":"https:\/\/fcaresystems.com\/fr\/wp-json\/wp\/v2\/comments?post=7093"}],"version-history":[{"count":14,"href":"https:\/\/fcaresystems.com\/fr\/wp-json\/wp\/v2\/pages\/7093\/revisions"}],"predecessor-version":[{"id":16332,"href":"https:\/\/fcaresystems.com\/fr\/wp-json\/wp\/v2\/pages\/7093\/revisions\/16332"}],"up":[{"embeddable":true,"href":"https:\/\/fcaresystems.com\/fr\/wp-json\/wp\/v2\/pages\/6437"}],"wp:featuredmedia":[{"embeddable":true,"href":"https:\/\/fcaresystems.com\/fr\/wp-json\/wp\/v2\/media\/12522"}],"wp:attachment":[{"href":"https:\/\/fcaresystems.com\/fr\/wp-json\/wp\/v2\/media?parent=7093"}],"curies":[{"name":"wp","href":"https:\/\/api.w.org\/{rel}","templated":true}]}}