{"id":7081,"date":"2022-11-18T13:46:20","date_gmt":"2022-11-18T12:46:20","guid":{"rendered":"https:\/\/fcaresystems.com\/information-patient\/cellulite\/"},"modified":"2023-07-06T14:50:57","modified_gmt":"2023-07-06T12:50:57","slug":"cellulite","status":"publish","type":"page","link":"https:\/\/fcaresystems.com\/fr\/information-patient\/cellulite\/","title":{"rendered":"Cellulite"},"content":{"rendered":"\n<section class=\"wp-block-fcs-core-header is-style-gradient--patient\"><header class=\"c-header c-header-wrapper c-header-wrapper-s\"><figure class=\"c-header-img \"><img decoding=\"async\" src=\"https:\/\/fcaresystems.com\/wp-content\/uploads\/2022\/11\/hero-patient-cellulite.jpg\" class=\"c-header-img\"\/><figcaption class=\"c-header-content\"><div class=\"o-container\">\n<div class=\"wp-block-fcs-core-spacer u-padding-sm-lg u-padding-sm\"><\/div>\n\n\n\n<div class=\"wp-block-group c-breadcrumb\"><div class=\"wp-block-group__inner-container is-layout-flow wp-block-group-is-layout-flow\"><span><span><a href=\"https:\/\/fcaresystems.com\/fr\/\">Home<\/a><\/span><\/span>\n<\/div><\/div>\n\n\n\n<div class=\"wp-block-fcs-core-spacer u-padding-lg-lg u-padding-md\"><\/div>\n\n\n\n<h1 class=\"wp-block-heading has-white-color has-text-color\">Traiter la cellulite par ultrasons<\/h1>\n<\/div><\/figcaption><\/figure><\/header><\/section>\n\n\n\n<div class=\"wp-block-fcs-core-container o-container\">\n<div class=\"wp-block-fcs-core-spacer u-padding-lg-lg u-padding-md\"><\/div>\n\n\n\n<div class=\"wp-block-columns is-layout-flex wp-container-core-columns-is-layout-9d6595d7 wp-block-columns-is-layout-flex\">\n<div class=\"wp-block-column is-layout-flow wp-block-column-is-layout-flow\" style=\"flex-basis:75%\">\n<h2 class=\"wp-block-heading has-quaternary-color has-text-color\">Qu\u2019est-ce que la cellulite&nbsp;?<\/h2>\n\n\n\n<p>En ce qui concerne la cellulite, la grande quantit\u00e9 d\u2019informations erron\u00e9es peut \u00eatre \u00e9crasante. Dans une enqu\u00eate, soixante pour cent des femmes ayant de la cellulite pensaient que c\u2019\u00e9tait leur faute. Mais rien n\u2019est moins vrai&nbsp;: la cellulite est si fr\u00e9quente chez les femmes que de nombreux scientifiques la d\u00e9crivent comme une \u00ab&nbsp;caract\u00e9ristique secondaire du sexe&nbsp;\u00bb, du m\u00eame ordre que la pr\u00e9sence d\u2019une poitrine ou de hanches plus larges&nbsp;!<\/p>\n\n\n\n<p>Dans cet esprit, plut\u00f4t que de d\u00e9crire ce qu\u2019<em>est<\/em> la cellulite, parlons de ce qu\u2019elle <em>n\u2019est pas.<\/em><\/p>\n\n\n\n<div class=\"wp-block-fcs-core-spacer u-padding-xs-lg\"><\/div>\n\n\n\n<div class=\"wp-block-columns is-style-smallgap is-layout-flex wp-container-core-columns-is-layout-9d6595d7 wp-block-columns-is-layout-flex\">\n<div class=\"wp-block-column is-layout-flow wp-block-column-is-layout-flow\">\n<figure class=\"wp-block-image size-full\"><img loading=\"lazy\" decoding=\"async\" width=\"364\" height=\"188\" src=\"https:\/\/fcaresystems.com\/wp-content\/uploads\/2022\/11\/treatment-protocol-ultrasound-1.jpg\" alt=\"\" class=\"wp-image-1753\" srcset=\"https:\/\/fcaresystems.com\/wp-content\/uploads\/2022\/11\/treatment-protocol-ultrasound-1.jpg 364w, https:\/\/fcaresystems.com\/wp-content\/uploads\/2022\/11\/treatment-protocol-ultrasound-1-300x155.jpg 300w\" sizes=\"auto, (max-width: 364px) 100vw, 364px\" \/><\/figure>\n\n\n\n<div class=\"wp-block-fcs-core-spacer u-padding-xxs-lg u-padding-sm\"><\/div>\n<\/div>\n\n\n\n<div class=\"wp-block-column is-layout-flow wp-block-column-is-layout-flow\">\n<figure class=\"wp-block-image size-full\"><img loading=\"lazy\" decoding=\"async\" width=\"364\" height=\"188\" src=\"https:\/\/fcaresystems.com\/wp-content\/uploads\/2022\/11\/treatment-protocol-ultrasound-3.jpg\" alt=\"\" class=\"wp-image-1755\" srcset=\"https:\/\/fcaresystems.com\/wp-content\/uploads\/2022\/11\/treatment-protocol-ultrasound-3.jpg 364w, https:\/\/fcaresystems.com\/wp-content\/uploads\/2022\/11\/treatment-protocol-ultrasound-3-300x155.jpg 300w\" sizes=\"auto, (max-width: 364px) 100vw, 364px\" \/><\/figure>\n\n\n\n<div class=\"wp-block-fcs-core-spacer u-padding-xxs-lg u-padding-sm\"><\/div>\n<\/div>\n<\/div>\n\n\n\n<div class=\"wp-block-fcs-core-spacer u-padding-sm-lg\"><\/div>\n\n\n\n<h2 class=\"wp-block-heading has-quaternary-color has-text-color\">Qu&rsquo;est-ce que la cellulite n&rsquo;est pas ?<\/h2>\n\n\n\n<p>La cellulite ne se compose <strong>pas<em> seulement<\/em> de graisse<\/strong>. Elle est li\u00e9e \u00e0 des bandes de tissu qui traversent la couche graisseuse. Les bandes \u00ab&nbsp;crois\u00e9es&nbsp;\u00bb, plus fr\u00e9quentes chez les hommes, maintiennent la graisse en place plus efficacement que les bandes \u00ab&nbsp;parall\u00e8les&nbsp;\u00bb, plus fr\u00e9quentes chez les femmes. Diff\u00e9rents facteurs (g\u00e9n\u00e9tique, \u00e2ge, hormones&#8230;) peuvent entra\u00eener l\u2019\u00e9paississement et le raidissement de ces bandes, ce qui tire la peau vers le bas et fait gonfler la graisse vers la peau, un peu comme un matelas. Ces bandes de collag\u00e8ne sont la raison pour laquelle l\u2019alimentation et l\u2019exercice physique affectent rarement la cellulite, ou du moins pas comme l\u2019esp\u00e8reraient les personnes touch\u00e9es par la cellulite.<\/p>\n\n\n\n<p>De m\u00eame, la cellulite n\u2019est <strong>pas <em>seulement<\/em> un probl\u00e8me d\u2019ob\u00e9sit\u00e9<\/strong> &nbsp;: des personnes de toutes morphologies et de toutes tailles sont concern\u00e9es. Certaines recherches sugg\u00e8rent que l\u2019ob\u00e9sit\u00e9 peut influer sur les hormones et le m\u00e9tabolisme de mani\u00e8re \u00e0 favoriser la cellulite, et un surpoids peut \u00e9galement rendre la cellulite existante plus visible, mais le fait que les mannequins en semblent d\u00e9pourvues tient davantage du fait des retouches photos que de leur composition corporelle.<\/p>\n\n\n\n<p>Puisque nous brisons les mythes&nbsp;: la cellulite n\u2019est<strong> pas <em>uniquement<\/em> un amas de toxines ni un signe de r\u00e9tention d\u2019eau<\/strong>. De plus, il ne s\u2019agit pas <em>seulement<\/em> d\u2019une question de vanit\u00e9, bien qu\u2019elle soit inoffensive, elle peut consid\u00e9rablement affecter la confiance et le bien-\u00eatre d\u2019une personne.<\/p>\n\n\n\n<div class=\"wp-block-fcs-core-spacer u-padding-sm-lg\"><\/div>\n\n\n\n<h2 class=\"wp-block-heading has-quaternary-color has-text-color\">La cellulite peut-elle \u00eatre \u00e9vit\u00e9e&nbsp;?<\/h2>\n\n\n\n<p>Malheureusement, les scientifiques n\u2019en sont pas tout \u00e0 fait s\u00fbrs. La cellulite semble provenir d\u2019un certain nombre de facteurs environnementaux, hormonaux et g\u00e9n\u00e9tiques&#8230; dont certains sont plus facilement influenc\u00e9s que d\u2019autres&nbsp;:<\/p>\n\n\n\n<ul class=\"wp-block-list\">\n<li><strong>Sexe<\/strong>. Bien que les hommes puissent \u00eatre concern\u00e9s, ils le sont dans une bien moindre mesure que les femmes (moins de 10&nbsp;% contre plus de 90&nbsp;%). Les hormones f\u00e9minines peuvent \u00e9galement en influer le d\u00e9veloppement, par exemple en affectant la circulation sanguine ou en provoquant l\u2019accumulation de tissus adipeux.<\/li>\n<\/ul>\n\n\n\n<ul class=\"wp-block-list\">\n<li><strong>\u00c2ge<\/strong>. La cellulite a tendance \u00e0 \u00eatre plus importante chez les personnes \u00e2g\u00e9es&nbsp;: la diminution de la circulation sanguine, les cellules adipeuses plus grandes et le rel\u00e2chement de la peau peuvent tous jouer un r\u00f4le.<\/li>\n<\/ul>\n\n\n\n<ul class=\"wp-block-list\">\n<li><strong>Alimentation<\/strong>. Une alimentation riche en sel et en conservateurs peut parfois entra\u00eener divers troubles m\u00e9taboliques (probl\u00e8mes de transformation des aliments en \u00e9nergie par votre organisme) qui peuvent affecter la cellulite.<\/li>\n<\/ul>\n\n\n\n<ul class=\"wp-block-list\">\n<li><strong>Circulation sanguine<\/strong>. Une moins bonne circulation implique une diminution de l\u2019oxyg\u00e8ne et des nutriments qui atteignent les tissus, ce qui entra\u00eene une perte de fermet\u00e9 et permet aux graisses de s\u2019installer.&nbsp;<\/li>\n<\/ul>\n\n\n\n<ul class=\"wp-block-list\">\n<li><strong>V\u00eatements<\/strong>. Les sous-v\u00eatements serr\u00e9s, en particulier, peuvent couper la circulation, ce qui augmente potentiellement le risque de cellulite.<\/li>\n<\/ul>\n\n\n\n<ul class=\"wp-block-list\">\n<li><strong>Eau<\/strong>. Bien que la d\u00e9shydratation ne soit pas directement li\u00e9e \u00e0 la cellulite, elle peut rendre la peau moins souple et, par cons\u00e9quent, renforcer la visibilit\u00e9 de la cellulite.<\/li>\n<\/ul>\n<\/div>\n\n\n\n<div class=\"wp-block-column is-layout-flow wp-block-column-is-layout-flow\" style=\"flex-basis:25%\"><\/div>\n<\/div>\n<\/div>\n\n\n\n<div class=\"wp-block-fcs-core-spacer u-padding-lg-lg u-padding-md\"><\/div>\n\n\n\n<div class=\"wp-block-group has-quaternary-light-background-color has-background\"><div class=\"wp-block-group__inner-container is-layout-constrained wp-block-group-is-layout-constrained\">\n<div class=\"wp-block-fcs-core-container o-container\">\n<div class=\"wp-block-fcs-core-spacer u-padding-lg-lg u-padding-md\"><\/div>\n\n\n\n<div class=\"wp-block-columns is-layout-flex wp-container-core-columns-is-layout-9d6595d7 wp-block-columns-is-layout-flex\">\n<div class=\"wp-block-column is-layout-flow wp-block-column-is-layout-flow\" style=\"flex-basis:50%\">\n<figure class=\"wp-block-image size-large\"><a href=\"https:\/\/youtu.be\/przMeLhuCZc\" target=\"_blank\" rel=\"noreferrer noopener\"><img loading=\"lazy\" decoding=\"async\" width=\"1024\" height=\"576\" src=\"https:\/\/fcaresystems.com\/wp-content\/uploads\/2023\/01\/Thumbn-Viridex-US-1-1024x576.jpg\" alt=\"\" class=\"wp-image-6536\" srcset=\"https:\/\/fcaresystems.com\/wp-content\/uploads\/2023\/01\/Thumbn-Viridex-US-1-1024x576.jpg 1024w, https:\/\/fcaresystems.com\/wp-content\/uploads\/2023\/01\/Thumbn-Viridex-US-1-300x169.jpg 300w, https:\/\/fcaresystems.com\/wp-content\/uploads\/2023\/01\/Thumbn-Viridex-US-1-768x432.jpg 768w, https:\/\/fcaresystems.com\/wp-content\/uploads\/2023\/01\/Thumbn-Viridex-US-1.jpg 1280w\" sizes=\"auto, (max-width: 1024px) 100vw, 1024px\" \/><\/a><\/figure>\n\n\n\n<div class=\"wp-block-fcs-core-spacer u-padding-xxs-lg u-padding-sm\"><\/div>\n<\/div>\n\n\n\n<div class=\"wp-block-column is-layout-flow wp-block-column-is-layout-flow\" style=\"flex-basis:66.66%\">\n<h2 class=\"wp-block-heading has-quaternary-color has-text-color\">Traitement de la cellulite par ultrasons<\/h2>\n\n\n\n<p>Le march\u00e9 regorge de cr\u00e8mes, de pommades, de compl\u00e9ments et de gadgets destin\u00e9s \u00e0 lutter contre la cellulite. Certains de ces produits ciblent le repulpage de la peau pour r\u00e9duire l\u2019apparence de la cellulite&nbsp;; d\u2019autres visent \u00e0 favoriser la circulation ou le m\u00e9tabolisme. Les spas m\u00e9dicaux offrent \u00e9galement de nombreuses options allant de la cryoth\u00e9rapie (cong\u00e9lation des tissus) \u00e0 la carboxyth\u00e9rapie (perfusion de dioxyde de carbone sous la peau) en passant par la subcision (s\u00e9paration des bandes de collag\u00e8ne).<\/p>\n\n\n\n<p>La <mark style=\"background-color:rgba(0, 0, 0, 0)\" class=\"has-inline-color has-primary-color\"><a href=\"https:\/\/fcaresystems.com\/fr\/traitements-mini-invasifs\/dermatologie-esthetique\/cavitation-ultrasons-cellulite\/\">cavitation par ultrasons<\/a><\/mark>, par exemple avec le traitement <mark style=\"background-color:rgba(0, 0, 0, 0)\" class=\"has-inline-color has-primary-color\"><a href=\"https:\/\/fcaresystems.com\/fr\/produits\/generateurs\/generateur-viridex-us\/\">Viridex\u00aeUS<\/a><\/mark>, constitue une option int\u00e9ressante. Les t\u00eates en c\u00e9ramique sont plac\u00e9es sur la zone de traitement et les ondes \u00e0 ultrasons sont dirig\u00e9es vers la peau, faisant vibrer les cellules adipeuses et entra\u00eenant la s\u00e9paration de la graisse dans le syst\u00e8me. De l\u00e0, la graisse est soit \u00e9vacu\u00e9e sous forme de d\u00e9chets (\u00e0 travers l\u2019urine), soit br\u00fbl\u00e9e pour de l\u2019\u00e9nergie (par exemple, exercice ou \u00e9lectroth\u00e9rapie). La th\u00e9rapie par ultrasons stimule \u00e9galement la circulation sanguine ainsi que la production de collag\u00e8ne et d\u2019\u00e9lastine, des prot\u00e9ines qui contribuent \u00e0 rendre la peau plus ferme et plus souple.<\/p>\n\n\n\n<div class=\"wp-block-fcs-core-spacer u-padding-sm-lg u-padding-sm\"><\/div>\n<\/div>\n<\/div>\n\n\n\n<div class=\"wp-block-fcs-core-spacer u-padding-lg-lg u-padding-md\"><\/div>\n<\/div>\n<\/div><\/div>\n\n\n\n<div style=\"background-image:url(https:\/\/fcaresystems.com\/wp-content\/uploads\/2023\/01\/shutterstock_1549485029.jpg)\" class=\"wp-block-choflfcseur-core-parallax c-parallax\">\n<div class=\"wp-block-fcs-core-container o-container\">\n<div class=\"wp-block-fcs-core-spacer u-padding-xxl-lg u-padding-md\"><\/div>\n\n\n\n<div class=\"wp-block-columns is-layout-flex wp-container-core-columns-is-layout-9d6595d7 wp-block-columns-is-layout-flex\">\n<div class=\"wp-block-column has-white-background-color has-background is-layout-flow wp-block-column-is-layout-flow\">\n<div class=\"wp-block-group u-padding-lg\"><div class=\"wp-block-group__inner-container is-layout-constrained wp-block-group-is-layout-constrained\">\n<figure class=\"wp-block-image size-full is-resized\"><img loading=\"lazy\" decoding=\"async\" src=\"https:\/\/fcaresystems.com\/wp-content\/uploads\/2022\/11\/icon-patient.svg\" alt=\"\" class=\"wp-image-335\" width=\"32\" height=\"40\"\/><\/figure>\n\n\n\n<div class=\"wp-block-fcs-core-spacer u-padding-xs-lg u-padding-xs\"><\/div>\n\n\n\n<h2 class=\"wp-block-heading has-quaternary-color has-text-color\">Avantages de la cavitation par ultrasons<\/h2>\n\n\n\n<ul class=\"is-style-patient wp-block-list\">\n<li>Proc\u00e9dure mini-invasive&nbsp;\u2013 pas de temps d\u2019arr\u00eat, pas d\u2019anesth\u00e9sie<\/li>\n\n\n\n<li>Possibilit\u00e9 d\u2019associations \u00e0 d\u2019autres traitements pour amplifier les effets<\/li>\n\n\n\n<li>Proc\u00e9dure plus s\u00fbre et douce que les interventions invasives (par exemple, liposuccion)<\/li>\n\n\n\n<li>Multiples bienfaits pour la peau<\/li>\n<\/ul>\n<\/div><\/div>\n<\/div>\n\n\n\n<div class=\"wp-block-column is-layout-flow wp-block-column-is-layout-flow\"><\/div>\n<\/div>\n\n\n\n<div class=\"wp-block-fcs-core-spacer u-padding-xxl-lg u-padding-md\"><\/div>\n<\/div>\n<\/div>\n\n\n\n<div class=\"wp-block-group has-secondary-background-color has-background\"><div class=\"wp-block-group__inner-container is-layout-constrained wp-block-group-is-layout-constrained\">\n<div class=\"wp-block-fcs-core-container o-container\">\n<div class=\"wp-block-fcs-core-spacer u-padding-xl-lg u-padding-md\"><\/div>\n\n\n\n<h2 class=\"wp-block-heading has-text-align-center has-white-color has-text-color\"><strong>O\u00f9 puis-je me faire traiter ?<\/strong><\/h2>\n\n\n\n<div class=\"wp-block-buttons is-content-justification-center is-layout-flex wp-container-core-buttons-is-layout-16018d1d wp-block-buttons-is-layout-flex\">\n<div class=\"wp-block-button is-style-fill\"><a class=\"wp-block-button__link has-quaternary-background-color has-background wp-element-button\" href=\"https:\/\/fcaresystems.com\/fr\/contact\/\">Contactez-nous pour trouver un sp\u00e9cialiste<\/a><\/div>\n<\/div>\n\n\n\n<div class=\"wp-block-fcs-core-spacer u-padding-xl-lg u-padding-md\"><\/div>\n<\/div>\n<\/div><\/div>\n\n\n\n<div class=\"wp-block-group has-quaternary-background-color has-background\"><div class=\"wp-block-group__inner-container is-layout-flow wp-block-group-is-layout-flow\">\n<div class=\"wp-block-fcs-core-container o-container\">\n<div class=\"wp-block-fcs-core-spacer u-padding-md-lg u-padding-md\"><\/div>\n\n\n\n<div class=\"wp-block-fcs-core-spacer u-padding-md-lg u-padding-md\"><\/div>\n<\/div>\n<\/div><\/div>\n","protected":false},"excerpt":{"rendered":"<p>Malgr\u00e9 ce que les magazines f\u00e9minins nous laissent croire, la grande majorit\u00e9 des femmes (et certains hommes) ont de la cellulite. Bien que les chercheurs aient encore des questions sur la mani\u00e8re et la raison de son d\u00e9veloppement, il existe plusieurs nouvelles approches prometteuses pour r\u00e9duire au minimum l&rsquo;aspect \u00ab peau d&rsquo;orange \u00bb. <\/p>\n","protected":false},"author":1,"featured_media":5258,"parent":6416,"menu_order":5,"comment_status":"closed","ping_status":"closed","template":"","meta":{"_color_hex":"","_color_slug":"","footnotes":""},"class_list":["post-7081","page","type-page","status-publish","has-post-thumbnail","hentry"],"yoast_head":"<!-- This site is optimized with the Yoast SEO plugin v27.0 - https:\/\/yoast.com\/product\/yoast-seo-wordpress\/ -->\n<title>Traitement de la cellulite par ultrasons | F Care Systems<\/title>\n<meta name=\"description\" content=\"Les mythes et les faits concernant la cellulite, d\u00e9couvrez comment minimiser son apparence et d\u00e9couvrez la cavitation par ultrasons, une th\u00e9rapie r\u00e9volutionnaire utilisant l&#039;\u00e9nergie des ultrasons.\" \/>\n<meta name=\"robots\" content=\"index, follow, max-snippet:-1, max-image-preview:large, max-video-preview:-1\" \/>\n<link rel=\"canonical\" href=\"https:\/\/fcaresystems.com\/fr\/information-patient\/cellulite\/\" \/>\n<meta property=\"og:locale\" content=\"fr_FR\" \/>\n<meta property=\"og:type\" content=\"article\" \/>\n<meta property=\"og:title\" content=\"Traitement de la cellulite par ultrasons | F Care Systems\" \/>\n<meta property=\"og:description\" content=\"Les mythes et les faits concernant la cellulite, d\u00e9couvrez comment minimiser son apparence et d\u00e9couvrez la cavitation par ultrasons, une th\u00e9rapie r\u00e9volutionnaire utilisant l&#039;\u00e9nergie des ultrasons.\" \/>\n<meta property=\"og:url\" content=\"https:\/\/fcaresystems.com\/fr\/information-patient\/cellulite\/\" \/>\n<meta property=\"og:site_name\" content=\"F Care Systems\" \/>\n<meta property=\"article:modified_time\" content=\"2023-07-06T12:50:57+00:00\" \/>\n<meta property=\"og:image\" content=\"https:\/\/fcaresystems.com\/wp-content\/uploads\/2022\/11\/teaser-patient\u2013cellulite.jpg\" \/>\n\t<meta property=\"og:image:width\" content=\"364\" \/>\n\t<meta property=\"og:image:height\" content=\"188\" \/>\n\t<meta property=\"og:image:type\" content=\"image\/jpeg\" \/>\n<meta name=\"twitter:card\" content=\"summary_large_image\" \/>\n<meta name=\"twitter:label1\" content=\"Dur\u00e9e de lecture estim\u00e9e\" \/>\n\t<meta name=\"twitter:data1\" content=\"5 minutes\" \/>\n<script type=\"application\/ld+json\" class=\"yoast-schema-graph\">{\"@context\":\"https:\/\/schema.org\",\"@graph\":[{\"@type\":\"WebPage\",\"@id\":\"https:\/\/fcaresystems.com\/fr\/information-patient\/cellulite\/\",\"url\":\"https:\/\/fcaresystems.com\/fr\/information-patient\/cellulite\/\",\"name\":\"Traitement de la cellulite par ultrasons | F Care Systems\",\"isPartOf\":{\"@id\":\"https:\/\/fcaresystems.com\/fr\/#website\"},\"primaryImageOfPage\":{\"@id\":\"https:\/\/fcaresystems.com\/fr\/information-patient\/cellulite\/#primaryimage\"},\"image\":{\"@id\":\"https:\/\/fcaresystems.com\/fr\/information-patient\/cellulite\/#primaryimage\"},\"thumbnailUrl\":\"https:\/\/fcaresystems.com\/wp-content\/uploads\/2022\/11\/teaser-patient\u2013cellulite.jpg\",\"datePublished\":\"2022-11-18T12:46:20+00:00\",\"dateModified\":\"2023-07-06T12:50:57+00:00\",\"description\":\"Les mythes et les faits concernant la cellulite, d\u00e9couvrez comment minimiser son apparence et d\u00e9couvrez la cavitation par ultrasons, une th\u00e9rapie r\u00e9volutionnaire utilisant l'\u00e9nergie des ultrasons.\",\"breadcrumb\":{\"@id\":\"https:\/\/fcaresystems.com\/fr\/information-patient\/cellulite\/#breadcrumb\"},\"inLanguage\":\"fr-FR\",\"potentialAction\":[{\"@type\":\"ReadAction\",\"target\":[\"https:\/\/fcaresystems.com\/fr\/information-patient\/cellulite\/\"]}]},{\"@type\":\"ImageObject\",\"inLanguage\":\"fr-FR\",\"@id\":\"https:\/\/fcaresystems.com\/fr\/information-patient\/cellulite\/#primaryimage\",\"url\":\"https:\/\/fcaresystems.com\/wp-content\/uploads\/2022\/11\/teaser-patient\u2013cellulite.jpg\",\"contentUrl\":\"https:\/\/fcaresystems.com\/wp-content\/uploads\/2022\/11\/teaser-patient\u2013cellulite.jpg\",\"width\":364,\"height\":188},{\"@type\":\"BreadcrumbList\",\"@id\":\"https:\/\/fcaresystems.com\/fr\/information-patient\/cellulite\/#breadcrumb\",\"itemListElement\":[{\"@type\":\"ListItem\",\"position\":1,\"name\":\"Home\",\"item\":\"https:\/\/fcaresystems.com\/fr\/\"},{\"@type\":\"ListItem\",\"position\":2,\"name\":\"Information patient\",\"item\":\"https:\/\/fcaresystems.com\/fr\/information-patient\/\"},{\"@type\":\"ListItem\",\"position\":3,\"name\":\"Cellulite\"}]},{\"@type\":\"WebSite\",\"@id\":\"https:\/\/fcaresystems.com\/fr\/#website\",\"url\":\"https:\/\/fcaresystems.com\/fr\/\",\"name\":\"F Care Systems\",\"description\":\"\",\"publisher\":{\"@id\":\"https:\/\/fcaresystems.com\/fr\/#organization\"},\"potentialAction\":[{\"@type\":\"SearchAction\",\"target\":{\"@type\":\"EntryPoint\",\"urlTemplate\":\"https:\/\/fcaresystems.com\/fr\/?s={search_term_string}\"},\"query-input\":{\"@type\":\"PropertyValueSpecification\",\"valueRequired\":true,\"valueName\":\"search_term_string\"}}],\"inLanguage\":\"fr-FR\"},{\"@type\":\"Organization\",\"@id\":\"https:\/\/fcaresystems.com\/fr\/#organization\",\"name\":\"F Care Systems\",\"url\":\"https:\/\/fcaresystems.com\/fr\/\",\"logo\":{\"@type\":\"ImageObject\",\"inLanguage\":\"fr-FR\",\"@id\":\"https:\/\/fcaresystems.com\/fr\/#\/schema\/logo\/image\/\",\"url\":\"https:\/\/fcaresystems.com\/wp-content\/uploads\/2022\/11\/logo-2.svg\",\"contentUrl\":\"https:\/\/fcaresystems.com\/wp-content\/uploads\/2022\/11\/logo-2.svg\",\"caption\":\"F Care Systems\"},\"image\":{\"@id\":\"https:\/\/fcaresystems.com\/fr\/#\/schema\/logo\/image\/\"}}]}<\/script>\n<!-- \/ Yoast SEO plugin. -->","yoast_head_json":{"title":"Traitement de la cellulite par ultrasons | F Care Systems","description":"Les mythes et les faits concernant la cellulite, d\u00e9couvrez comment minimiser son apparence et d\u00e9couvrez la cavitation par ultrasons, une th\u00e9rapie r\u00e9volutionnaire utilisant l'\u00e9nergie des ultrasons.","robots":{"index":"index","follow":"follow","max-snippet":"max-snippet:-1","max-image-preview":"max-image-preview:large","max-video-preview":"max-video-preview:-1"},"canonical":"https:\/\/fcaresystems.com\/fr\/information-patient\/cellulite\/","og_locale":"fr_FR","og_type":"article","og_title":"Traitement de la cellulite par ultrasons | F Care Systems","og_description":"Les mythes et les faits concernant la cellulite, d\u00e9couvrez comment minimiser son apparence et d\u00e9couvrez la cavitation par ultrasons, une th\u00e9rapie r\u00e9volutionnaire utilisant l'\u00e9nergie des ultrasons.","og_url":"https:\/\/fcaresystems.com\/fr\/information-patient\/cellulite\/","og_site_name":"F Care Systems","article_modified_time":"2023-07-06T12:50:57+00:00","og_image":[{"width":364,"height":188,"url":"https:\/\/fcaresystems.com\/wp-content\/uploads\/2022\/11\/teaser-patient\u2013cellulite.jpg","type":"image\/jpeg"}],"twitter_card":"summary_large_image","twitter_misc":{"Dur\u00e9e de lecture estim\u00e9e":"5 minutes"},"schema":{"@context":"https:\/\/schema.org","@graph":[{"@type":"WebPage","@id":"https:\/\/fcaresystems.com\/fr\/information-patient\/cellulite\/","url":"https:\/\/fcaresystems.com\/fr\/information-patient\/cellulite\/","name":"Traitement de la cellulite par ultrasons | F Care Systems","isPartOf":{"@id":"https:\/\/fcaresystems.com\/fr\/#website"},"primaryImageOfPage":{"@id":"https:\/\/fcaresystems.com\/fr\/information-patient\/cellulite\/#primaryimage"},"image":{"@id":"https:\/\/fcaresystems.com\/fr\/information-patient\/cellulite\/#primaryimage"},"thumbnailUrl":"https:\/\/fcaresystems.com\/wp-content\/uploads\/2022\/11\/teaser-patient\u2013cellulite.jpg","datePublished":"2022-11-18T12:46:20+00:00","dateModified":"2023-07-06T12:50:57+00:00","description":"Les mythes et les faits concernant la cellulite, d\u00e9couvrez comment minimiser son apparence et d\u00e9couvrez la cavitation par ultrasons, une th\u00e9rapie r\u00e9volutionnaire utilisant l'\u00e9nergie des ultrasons.","breadcrumb":{"@id":"https:\/\/fcaresystems.com\/fr\/information-patient\/cellulite\/#breadcrumb"},"inLanguage":"fr-FR","potentialAction":[{"@type":"ReadAction","target":["https:\/\/fcaresystems.com\/fr\/information-patient\/cellulite\/"]}]},{"@type":"ImageObject","inLanguage":"fr-FR","@id":"https:\/\/fcaresystems.com\/fr\/information-patient\/cellulite\/#primaryimage","url":"https:\/\/fcaresystems.com\/wp-content\/uploads\/2022\/11\/teaser-patient\u2013cellulite.jpg","contentUrl":"https:\/\/fcaresystems.com\/wp-content\/uploads\/2022\/11\/teaser-patient\u2013cellulite.jpg","width":364,"height":188},{"@type":"BreadcrumbList","@id":"https:\/\/fcaresystems.com\/fr\/information-patient\/cellulite\/#breadcrumb","itemListElement":[{"@type":"ListItem","position":1,"name":"Home","item":"https:\/\/fcaresystems.com\/fr\/"},{"@type":"ListItem","position":2,"name":"Information patient","item":"https:\/\/fcaresystems.com\/fr\/information-patient\/"},{"@type":"ListItem","position":3,"name":"Cellulite"}]},{"@type":"WebSite","@id":"https:\/\/fcaresystems.com\/fr\/#website","url":"https:\/\/fcaresystems.com\/fr\/","name":"F Care Systems","description":"","publisher":{"@id":"https:\/\/fcaresystems.com\/fr\/#organization"},"potentialAction":[{"@type":"SearchAction","target":{"@type":"EntryPoint","urlTemplate":"https:\/\/fcaresystems.com\/fr\/?s={search_term_string}"},"query-input":{"@type":"PropertyValueSpecification","valueRequired":true,"valueName":"search_term_string"}}],"inLanguage":"fr-FR"},{"@type":"Organization","@id":"https:\/\/fcaresystems.com\/fr\/#organization","name":"F Care Systems","url":"https:\/\/fcaresystems.com\/fr\/","logo":{"@type":"ImageObject","inLanguage":"fr-FR","@id":"https:\/\/fcaresystems.com\/fr\/#\/schema\/logo\/image\/","url":"https:\/\/fcaresystems.com\/wp-content\/uploads\/2022\/11\/logo-2.svg","contentUrl":"https:\/\/fcaresystems.com\/wp-content\/uploads\/2022\/11\/logo-2.svg","caption":"F Care Systems"},"image":{"@id":"https:\/\/fcaresystems.com\/fr\/#\/schema\/logo\/image\/"}}]}},"_links":{"self":[{"href":"https:\/\/fcaresystems.com\/fr\/wp-json\/wp\/v2\/pages\/7081","targetHints":{"allow":["GET"]}}],"collection":[{"href":"https:\/\/fcaresystems.com\/fr\/wp-json\/wp\/v2\/pages"}],"about":[{"href":"https:\/\/fcaresystems.com\/fr\/wp-json\/wp\/v2\/types\/page"}],"author":[{"embeddable":true,"href":"https:\/\/fcaresystems.com\/fr\/wp-json\/wp\/v2\/users\/1"}],"replies":[{"embeddable":true,"href":"https:\/\/fcaresystems.com\/fr\/wp-json\/wp\/v2\/comments?post=7081"}],"version-history":[{"count":5,"href":"https:\/\/fcaresystems.com\/fr\/wp-json\/wp\/v2\/pages\/7081\/revisions"}],"predecessor-version":[{"id":12213,"href":"https:\/\/fcaresystems.com\/fr\/wp-json\/wp\/v2\/pages\/7081\/revisions\/12213"}],"up":[{"embeddable":true,"href":"https:\/\/fcaresystems.com\/fr\/wp-json\/wp\/v2\/pages\/6416"}],"wp:featuredmedia":[{"embeddable":true,"href":"https:\/\/fcaresystems.com\/fr\/wp-json\/wp\/v2\/media\/5258"}],"wp:attachment":[{"href":"https:\/\/fcaresystems.com\/fr\/wp-json\/wp\/v2\/media?parent=7081"}],"curies":[{"name":"wp","href":"https:\/\/api.w.org\/{rel}","templated":true}]}}