{"id":6425,"date":"2022-11-18T12:37:41","date_gmt":"2022-11-18T11:37:41","guid":{"rendered":"https:\/\/fcaresystems.com\/veineo-rf-catheters\/"},"modified":"2023-07-07T08:58:32","modified_gmt":"2023-07-07T06:58:32","slug":"catheters-ablation-veineo","status":"publish","type":"page","link":"https:\/\/fcaresystems.com\/fr\/produits\/consommables\/catheters-ablation-veineo\/","title":{"rendered":"Cath\u00e9ters d&rsquo;ablation RF Veineo"},"content":{"rendered":"\n<div class=\"wp-block-fcs-core-container o-container\">\n<div class=\"wp-block-fcs-core-spacer u-padding-md-lg u-padding-md\"><\/div>\n\n\n\n<div class=\"wp-block-group c-breadcrumb\"><div class=\"wp-block-group__inner-container is-layout-flow wp-block-group-is-layout-flow\"><span><span><a href=\"https:\/\/fcaresystems.com\/fr\/\">Home<\/a><\/span><\/span>\n<\/div><\/div>\n\n\n\n<div class=\"wp-block-fcs-core-spacer u-padding-md-lg u-padding-md\"><\/div>\n\n\n\n<div class=\"wp-block-columns is-style-largegap is-layout-flex wp-container-core-columns-is-layout-9d6595d7 wp-block-columns-is-layout-flex\">\n<div class=\"wp-block-column is-layout-flow wp-block-column-is-layout-flow\"><div class=\"c-slider-gallery\"><div class=\"c-slider-wrapper\"><div class=\"c-slider c-slider-slick c-slider-slick-for o-block\" ref=\"slickSlide\"><a data-fancybox=\"gallery\" data-caption=\"Veineo thermal ablation catheters\" href=\"https:\/\/fcaresystems.com\/wp-content\/uploads\/2022\/11\/Veineo-thermal-ablation-catheters.jpg\"><img decoding=\"async\" src=\"https:\/\/fcaresystems.com\/wp-content\/uploads\/2022\/11\/Veineo-thermal-ablation-catheters.jpg\" title=\"Veineo thermal ablation catheters\"  \/><\/a><a data-fancybox=\"gallery\" data-caption=\"CR30i rfa catheter\" href=\"https:\/\/fcaresystems.com\/wp-content\/uploads\/2022\/11\/CR30i-RF-catheter.jpg\"><img decoding=\"async\" src=\"https:\/\/fcaresystems.com\/wp-content\/uploads\/2022\/11\/CR30i-RF-catheter.jpg\" title=\"CR30i rfa catheter\"  \/><\/a><a data-fancybox=\"gallery\" data-caption=\"CR30i rfa catheter varicose veins + cable\" href=\"https:\/\/fcaresystems.com\/wp-content\/uploads\/2022\/11\/CR30i-rfa-catheter-varicose-vein-cable.jpg\"><img decoding=\"async\" src=\"https:\/\/fcaresystems.com\/wp-content\/uploads\/2022\/11\/CR30i-rfa-catheter-varicose-vein-cable.jpg\" title=\"CR30i rfa catheter varicose veins + cable\"  \/><\/a><a data-fancybox=\"gallery\" data-caption=\"CR30i rfa catheter varicose veins\" href=\"https:\/\/fcaresystems.com\/wp-content\/uploads\/2022\/11\/CR30i-RFA-catheter-varicose-vein.jpg\"><img decoding=\"async\" src=\"https:\/\/fcaresystems.com\/wp-content\/uploads\/2022\/11\/CR30i-RFA-catheter-varicose-vein.jpg\" title=\"CR30i rfa catheter varicose veins\"  \/><\/a><a data-fancybox=\"gallery\" data-caption=\"CR40i rfa catheter varicose veins\" href=\"https:\/\/fcaresystems.com\/wp-content\/uploads\/2022\/11\/CR40i-rfa-catheter-varicose-vein.jpg\"><img decoding=\"async\" src=\"https:\/\/fcaresystems.com\/wp-content\/uploads\/2022\/11\/CR40i-rfa-catheter-varicose-vein.jpg\" title=\"CR40i rfa catheter varicose veins\"  \/><\/a><a data-fancybox=\"gallery\" data-caption=\"CR45i rfa catheter saphenous vein\" href=\"https:\/\/fcaresystems.com\/wp-content\/uploads\/2022\/11\/CR45i-rfa-catheter-saphneous-vein.jpg\"><img decoding=\"async\" src=\"https:\/\/fcaresystems.com\/wp-content\/uploads\/2022\/11\/CR45i-rfa-catheter-saphneous-vein.jpg\" title=\"CR45i rfa catheter saphenous vein\"  \/><\/a><a data-fancybox=\"gallery\" data-caption=\"CR45i rfa catheter saphenous vein\" href=\"https:\/\/fcaresystems.com\/wp-content\/uploads\/2022\/11\/CR45i-rfa-catheter-saphneous-veins.jpg\"><img decoding=\"async\" src=\"https:\/\/fcaresystems.com\/wp-content\/uploads\/2022\/11\/CR45i-rfa-catheter-saphneous-veins.jpg\" title=\"CR45i rfa catheter saphenous vein\"  \/><\/a><a data-fancybox=\"gallery\" data-caption=\"radiofrequency catheter tip\" href=\"https:\/\/fcaresystems.com\/wp-content\/uploads\/2022\/11\/radiofrequency-catheter-tip.jpg\"><img decoding=\"async\" src=\"https:\/\/fcaresystems.com\/wp-content\/uploads\/2022\/11\/radiofrequency-catheter-tip.jpg\" title=\"radiofrequency catheter tip\"  \/><\/a><a data-fancybox=\"gallery\" data-caption=\"Terumo Surflo IV catheter 16G\" href=\"https:\/\/fcaresystems.com\/wp-content\/uploads\/2022\/11\/Terumo-Surflo-IV-Catheter-16G.jpg\"><img decoding=\"async\" src=\"https:\/\/fcaresystems.com\/wp-content\/uploads\/2022\/11\/Terumo-Surflo-IV-Catheter-16G.jpg\" title=\"Terumo Surflo IV catheter 16G\"  \/><\/a><a data-fancybox=\"gallery\" data-caption=\"Terumo Surflash IV catheter 20G\" href=\"https:\/\/fcaresystems.com\/wp-content\/uploads\/2022\/11\/Terumo-Surflo-IV-Catheter-20G.jpg\"><img decoding=\"async\" src=\"https:\/\/fcaresystems.com\/wp-content\/uploads\/2022\/11\/Terumo-Surflo-IV-Catheter-20G.jpg\" title=\"Terumo Surflash IV catheter 20G\"  \/><\/a><\/div><\/div><div class=\"c-slider-nav-container\"><div class=\"c-slider c-slider-slick c-slider-slick-nav u-margin-top-sm\" ref=\"slickNav\"><div><img decoding=\"async\" class=\"\" src=\"https:\/\/fcaresystems.com\/wp-content\/uploads\/2022\/11\/Veineo-thermal-ablation-catheters.jpg\" srcset=\"\" alt=\"\" \/><\/div><div><img decoding=\"async\" class=\"\" src=\"https:\/\/fcaresystems.com\/wp-content\/uploads\/2022\/11\/CR30i-RF-catheter.jpg\" srcset=\"\" alt=\"\" \/><\/div><div><img decoding=\"async\" class=\"\" src=\"https:\/\/fcaresystems.com\/wp-content\/uploads\/2022\/11\/CR30i-rfa-catheter-varicose-vein-cable.jpg\" srcset=\"\" alt=\"\" \/><\/div><div><img decoding=\"async\" class=\"\" src=\"https:\/\/fcaresystems.com\/wp-content\/uploads\/2022\/11\/CR30i-RFA-catheter-varicose-vein.jpg\" srcset=\"\" alt=\"\" \/><\/div><div><img decoding=\"async\" class=\"\" src=\"https:\/\/fcaresystems.com\/wp-content\/uploads\/2022\/11\/CR40i-rfa-catheter-varicose-vein.jpg\" srcset=\"\" alt=\"\" \/><\/div><div><img decoding=\"async\" class=\"\" src=\"https:\/\/fcaresystems.com\/wp-content\/uploads\/2022\/11\/CR45i-rfa-catheter-saphneous-vein.jpg\" srcset=\"\" alt=\"\" \/><\/div><div><img decoding=\"async\" class=\"\" src=\"https:\/\/fcaresystems.com\/wp-content\/uploads\/2022\/11\/CR45i-rfa-catheter-saphneous-veins.jpg\" srcset=\"\" alt=\"\" \/><\/div><div><img decoding=\"async\" class=\"\" src=\"https:\/\/fcaresystems.com\/wp-content\/uploads\/2022\/11\/radiofrequency-catheter-tip.jpg\" srcset=\"\" alt=\"\" \/><\/div><div><img decoding=\"async\" class=\"\" src=\"https:\/\/fcaresystems.com\/wp-content\/uploads\/2022\/11\/Terumo-Surflo-IV-Catheter-16G.jpg\" srcset=\"\" alt=\"\" \/><\/div><div><img decoding=\"async\" class=\"\" src=\"https:\/\/fcaresystems.com\/wp-content\/uploads\/2022\/11\/Terumo-Surflo-IV-Catheter-20G.jpg\" srcset=\"\" alt=\"\" \/><\/div><\/div><\/div><\/div>\n\n\n<div class=\"wp-block-fcs-core-spacer u-padding-md-lg u-padding-md\"><\/div>\n\n\n\n<div class=\"wp-block-fcs-core-icon-buttons c-buttons--icon\">\n<a href=\"#popmake-10263\" class=\"wp-block-fcs-core-icon-button c-button c-button--icon-inline is-style-small\"><img decoding=\"async\" src=\"https:\/\/fcaresystems.com\/wp-content\/uploads\/2022\/11\/icon-download.svg\"\/>T\u00e9l\u00e9charger la brochure Veineo\u00ae<\/a>\n<\/div>\n\n\n\n<div class=\"wp-block-fcs-core-spacer u-padding-md-lg u-padding-md\"><\/div>\n<\/div>\n\n\n\n<div class=\"wp-block-column is-layout-flow wp-block-column-is-layout-flow\">\n<figure class=\"wp-block-image size-full is-resized\"><img loading=\"lazy\" decoding=\"async\" src=\"https:\/\/fcaresystems.com\/wp-content\/uploads\/2022\/11\/Veineo.svg\" alt=\"\" class=\"wp-image-1056\" width=\"96\" height=\"24\"\/><\/figure>\n\n\n\n<div class=\"wp-block-fcs-core-spacer u-padding-xs-lg u-padding-xs\"><\/div>\n\n\n\n<h1 class=\"wp-block-heading has-secondary-color has-text-color\">Cath\u00e9ters d&rsquo;ablation RF Veineo\u00ae<\/h1>\n\n\n\n<p><mark style=\"background-color:rgba(0, 0, 0, 0)\" class=\"has-inline-color has-primary-color\"><a href=\"https:\/\/fcaresystems.com\/fr\/traitements-mini-invasifs\/phlebologie\/rfa-varices\/\">Veineo\u00ae<\/a> <\/mark>est une solution mini-invasive pour le traitement rapide et s\u00fbr des varices des veines saph\u00e8nes variqueuses, perforantes ou collat\u00e9rales gr\u00e2ce \u00e0 <mark style=\"background-color:rgba(0, 0, 0, 0)\" class=\"has-inline-color has-primary-color\"><a href=\"https:\/\/fcaresystems.com\/fr\/thermocoagulation-par-radiofrequence\/\">l\u2019ablation par radiofr\u00e9quence<\/a>.<\/mark><strong> <\/strong>La cl\u00e9 du succ\u00e8s du traitement\u00a0: un trio de cath\u00e9ters par radiofr\u00e9quence sans lumen. En plus de les rendre pratiquement indestructibles, les fils internes renforc\u00e9s en acier des cath\u00e9ters garantissent une visibilit\u00e9 ultrasonique d\u2019une clart\u00e9 cristalline tout en maintenant la flexibilit\u00e9 n\u00e9cessaire pour suivre les veines tortueuses, sans avoir besoin d\u2019un fil-guide suppl\u00e9mentaire. Les deux cath\u00e9ters plus grands comportent des rep\u00e8res \u00e0 intervalles r\u00e9guliers (tous les 7\u00a0mm) pour faciliter la synchronisation, et tous les trois ont un rayon d\u2019effet thermique de seulement 3\u00a0mm, ce qui \u00e9vite d\u2019endommager les tissus environnants.<\/p>\n\n\n\n<div class=\"wp-block-fcs-core-spacer u-padding-xxs-lg u-padding-xs\"><\/div>\n\n\n\n<p>Les cath\u00e9ters Veineo\u00ae sont disponibles en trois tailles, en fonction du diam\u00e8tre de la veine concern\u00e9e par l\u2019ablation&nbsp;:<\/p>\n\n\n\n<div class=\"wp-block-fcs-core-spacer u-padding-xs-lg u-padding-xs\"><\/div>\n\n\n\n<figure class=\"wp-block-table\"><table><thead><tr><th class=\"has-text-align-left\" data-align=\"left\"><strong>Type de cath\u00e9ter<\/strong><\/th><th><strong>CR3Oi<\/strong><\/th><th><strong>CR40i<\/strong><\/th><th><strong>CR45i<\/strong><\/th><\/tr><\/thead><tbody><tr><td class=\"has-text-align-left\" data-align=\"left\"><strong>Type de veine<\/strong><\/td><td>Veines variqueuses<br>2-5 mm<\/td><td>Veines perforantes<\/td><td>Veines saph\u00e8nes<\/td><\/tr><tr><td class=\"has-text-align-left\" data-align=\"left\"><strong>Diam\u00e8tre du cath\u00e9ter<\/strong><\/td><td>0,7&nbsp;mm<\/td><td>1,1&nbsp;mm<\/td><td>1,9&nbsp;mm<\/td><\/tr><tr><td class=\"has-text-align-left\" data-align=\"left\"><strong>Longueur du cath\u00e9ter<\/strong><\/td><td>275&nbsp;mm<\/td><td>365&nbsp;mm<\/td><td>1190&nbsp;mm<br>ou 600&nbsp;mm<\/td><\/tr><tr><td class=\"has-text-align-left\" data-align=\"left\"><strong>Longueur de la pointe<\/strong> <\/td><td>10&nbsp;mm<\/td><td>5&nbsp;mm<\/td><td>5&nbsp;mm<\/td><\/tr><tr><td class=\"has-text-align-left\" data-align=\"left\"><strong>Longueur du c\u00e2ble d&rsquo;extension st\u00e9rile<\/strong><\/td><td>1&nbsp;m<\/td><td>2,5&nbsp;mm<\/td><td>2,5&nbsp;mm<\/td><\/tr><tr><td class=\"has-text-align-left\" data-align=\"left\"><strong>Marquage<\/strong><\/td><td>\/<\/td><td>tous les 7&nbsp;mm<\/td><td>tous les 7&nbsp;mm<\/td><\/tr><tr><td class=\"has-text-align-left\" data-align=\"left\"><strong>Mat\u00e9riau isolant<\/strong><\/td><td>PTFE<\/td><td>PTFE<\/td><td>PTFE<\/td><\/tr><tr><td class=\"has-text-align-left\" data-align=\"left\"><strong>Mat\u00e9riau de la pointe<\/strong><br><strong>du cath\u00e9ter<\/strong><\/td><td>Acier inoxydable<\/td><td>Acier inoxydable<\/td><td>Acier inoxydable<\/td><\/tr><tr><td class=\"has-text-align-left\" data-align=\"left\"><strong>Contenu<\/strong><\/td><td>Introducteur 20G <\/td><td>Introducteur 16G <\/td><td>\/<\/td><\/tr><tr><td class=\"has-text-align-left\" data-align=\"left\"><strong>R\u00e9f\u00e9rence produit<\/strong><\/td><td>05CR30i<\/td><td>05CR40iV2<\/td><td>05CR45iV2 <br>(1190 mm)<br>05CR45i 60 <br>(600 mm)<\/td><\/tr><\/tbody><\/table><\/figure>\n<\/div>\n<\/div>\n\n\n\n<div class=\"wp-block-fcs-core-spacer u-padding-xl-lg u-padding-md\"><\/div>\n<\/div>\n\n\n\n<div class=\"wp-block-group has-secondary-background-color has-background\"><div class=\"wp-block-group__inner-container is-layout-constrained wp-block-group-is-layout-constrained\">\n<div class=\"wp-block-fcs-core-spacer u-padding-md-lg u-padding-md\"><\/div>\n\n\n\n<div class=\"wp-block-fcs-core-container o-container\">\n<figure class=\"wp-block-image size-full is-resized\"><img loading=\"lazy\" decoding=\"async\" src=\"https:\/\/fcaresystems.com\/wp-content\/uploads\/2022\/11\/icon-doctor-white.svg\" alt=\"\" class=\"wp-image-392\" width=\"46\" height=\"48\"\/><\/figure>\n\n\n\n<div class=\"wp-block-fcs-core-spacer u-padding-xxs-lg u-padding-sm\"><\/div>\n\n\n\n<div class=\"wp-block-columns is-layout-flex wp-container-core-columns-is-layout-9d6595d7 wp-block-columns-is-layout-flex\">\n<div class=\"wp-block-column is-layout-flow wp-block-column-is-layout-flow\" style=\"flex-basis:55%\">\n<h2 class=\"wp-block-heading u-margin-none has-white-color has-text-color\">J&rsquo;en ai besoin pour mon cabinet<\/h2>\n\n\n\n<div class=\"wp-block-fcs-core-spacer u-padding-xxs-lg u-padding-xs\"><\/div>\n<\/div>\n\n\n\n<div class=\"wp-block-column is-vertically-aligned-bottom is-layout-flow wp-block-column-is-layout-flow\">\n<div class=\"wp-block-buttons is-content-justification-left is-layout-flex wp-container-core-buttons-is-layout-fdcfc74e wp-block-buttons-is-layout-flex\">\n<div class=\"wp-block-button alignright\"><a class=\"wp-block-button__link has-primary-background-color has-background wp-element-button\" href=\"https:\/\/fcaresystems.com\/fr\/produits\/commandes\/\">Commander ce produit<\/a><\/div>\n\n\n\n<div class=\"wp-block-button alignright is-style-outline is-style-outline--1\"><a class=\"wp-block-button__link has-white-color has-text-color wp-element-button\" href=\"https:\/\/fcaresystems.com\/fr\/produits\/\">Voir tous les produits<\/a><\/div>\n<\/div>\n<\/div>\n<\/div>\n<\/div>\n\n\n\n<div class=\"wp-block-fcs-core-spacer u-padding-md-lg u-padding-md\"><\/div>\n<\/div><\/div>\n\n\n\n<div class=\"wp-block-fcs-core-spacer u-padding-xl-lg u-padding-md\"><\/div>\n\n\n\n<div class=\"wp-block-fcs-core-container o-container\">\n<h2 class=\"wp-block-heading is-style-underline has-secondary-color has-text-color\">Traitement associ\u00e9<\/h2>\n\n\n\n<div class=\"wp-block-fcs-core-spacer u-padding-xs-lg u-padding-sm\"><\/div>\n\n\n\n<div class=\"wp-block-columns is-layout-flex wp-container-core-columns-is-layout-9d6595d7 wp-block-columns-is-layout-flex\">\n<div class=\"wp-block-column is-layout-flow wp-block-column-is-layout-flow\">\n<h3 class=\"wp-block-heading has-secondary-color has-text-color\">Ablation par radiofr\u00e9quence des varices | <strong>Veineo\u00ae<\/strong><\/h3>\n\n\n\n<p>Pour obtenir plus de d\u00e9tails sur le traitement s\u00fbr et efficace des varices \u00e0 l\u2019aide de Veineo\u00ae<\/p>\n\n\n\n<div class=\"wp-block-buttons is-layout-flex wp-block-buttons-is-layout-flex\">\n<div class=\"wp-block-button\"><a class=\"wp-block-button__link has-primary-background-color has-background wp-element-button\" href=\"https:\/\/fcaresystems.com\/fr\/traitements-mini-invasifs\/phlebologie\/rfa-varices\/\">Cliquez ici<\/a><\/div>\n<\/div>\n<\/div>\n\n\n\n<div class=\"wp-block-column is-layout-flow wp-block-column-is-layout-flow\">\n<figure class=\"wp-block-image size-large\"><a href=\"https:\/\/youtu.be\/CcjkQqCfzeE\" target=\"_blank\" rel=\"noreferrer noopener\"><img loading=\"lazy\" decoding=\"async\" width=\"1024\" height=\"576\" src=\"https:\/\/fcaresystems.com\/wp-content\/uploads\/2023\/01\/Thumbn-Endovenous-RFA-varicose-veins-1024x576.jpg\" alt=\"\" class=\"wp-image-6478\" srcset=\"https:\/\/fcaresystems.com\/wp-content\/uploads\/2023\/01\/Thumbn-Endovenous-RFA-varicose-veins-1024x576.jpg 1024w, https:\/\/fcaresystems.com\/wp-content\/uploads\/2023\/01\/Thumbn-Endovenous-RFA-varicose-veins-300x169.jpg 300w, https:\/\/fcaresystems.com\/wp-content\/uploads\/2023\/01\/Thumbn-Endovenous-RFA-varicose-veins-768x432.jpg 768w, https:\/\/fcaresystems.com\/wp-content\/uploads\/2023\/01\/Thumbn-Endovenous-RFA-varicose-veins.jpg 1280w\" sizes=\"auto, (max-width: 1024px) 100vw, 1024px\" \/><\/a><\/figure>\n<\/div>\n<\/div>\n<\/div>\n\n\n\n<div class=\"wp-block-fcs-core-spacer u-padding-xxxl-lg u-padding-md\"><\/div>\n","protected":false},"excerpt":{"rendered":"<p>Incassables et incroyablement flexibles \u00e0 la fois, ces cath\u00e9ters suivent facilement toutes les veines, m\u00eame les plus tortueuses.<\/p>\n","protected":false},"author":1,"featured_media":5106,"parent":6437,"menu_order":0,"comment_status":"closed","ping_status":"closed","template":"","meta":{"_color_hex":"","_color_slug":"","footnotes":""},"class_list":["post-6425","page","type-page","status-publish","has-post-thumbnail","hentry"],"yoast_head":"<!-- This site is optimized with the Yoast SEO plugin v27.0 - https:\/\/yoast.com\/product\/yoast-seo-wordpress\/ -->\n<title>Cath\u00e9ters d&#039;ablation RF de varices | F Care Systems<\/title>\n<meta name=\"description\" content=\"Sp\u00e9cifications techniques de notre trio de cath\u00e9ters monopolaires utilis\u00e9s pour l&#039;ablation par radiofr\u00e9quence des varices avec Veineo\u00ae.\" \/>\n<meta name=\"robots\" content=\"index, follow, max-snippet:-1, max-image-preview:large, max-video-preview:-1\" \/>\n<link rel=\"canonical\" href=\"https:\/\/fcaresystems.com\/fr\/produits\/consommables\/catheters-ablation-veineo\/\" \/>\n<meta property=\"og:locale\" content=\"fr_FR\" \/>\n<meta property=\"og:type\" content=\"article\" \/>\n<meta property=\"og:title\" content=\"Cath\u00e9ters d&#039;ablation RF de varices | F Care Systems\" \/>\n<meta property=\"og:description\" content=\"Sp\u00e9cifications techniques de notre trio de cath\u00e9ters monopolaires utilis\u00e9s pour l&#039;ablation par radiofr\u00e9quence des varices avec Veineo\u00ae.\" \/>\n<meta property=\"og:url\" content=\"https:\/\/fcaresystems.com\/fr\/produits\/consommables\/catheters-ablation-veineo\/\" \/>\n<meta property=\"og:site_name\" content=\"F Care Systems\" \/>\n<meta property=\"article:modified_time\" content=\"2023-07-07T06:58:32+00:00\" \/>\n<meta property=\"og:image\" content=\"https:\/\/fcaresystems.com\/wp-content\/uploads\/2022\/11\/Veineo-thermal-ablation-catheters.jpg\" \/>\n\t<meta property=\"og:image:width\" content=\"1080\" \/>\n\t<meta property=\"og:image:height\" content=\"810\" \/>\n\t<meta property=\"og:image:type\" content=\"image\/jpeg\" \/>\n<meta name=\"twitter:card\" content=\"summary_large_image\" \/>\n<meta name=\"twitter:label1\" content=\"Dur\u00e9e de lecture estim\u00e9e\" \/>\n\t<meta name=\"twitter:data1\" content=\"3 minutes\" \/>\n<script type=\"application\/ld+json\" class=\"yoast-schema-graph\">{\"@context\":\"https:\/\/schema.org\",\"@graph\":[{\"@type\":\"WebPage\",\"@id\":\"https:\/\/fcaresystems.com\/fr\/produits\/consommables\/catheters-ablation-veineo\/\",\"url\":\"https:\/\/fcaresystems.com\/fr\/produits\/consommables\/catheters-ablation-veineo\/\",\"name\":\"Cath\u00e9ters d'ablation RF de varices | F Care Systems\",\"isPartOf\":{\"@id\":\"https:\/\/fcaresystems.com\/fr\/#website\"},\"primaryImageOfPage\":{\"@id\":\"https:\/\/fcaresystems.com\/fr\/produits\/consommables\/catheters-ablation-veineo\/#primaryimage\"},\"image\":{\"@id\":\"https:\/\/fcaresystems.com\/fr\/produits\/consommables\/catheters-ablation-veineo\/#primaryimage\"},\"thumbnailUrl\":\"https:\/\/fcaresystems.com\/wp-content\/uploads\/2022\/11\/Veineo-thermal-ablation-catheters.jpg\",\"datePublished\":\"2022-11-18T11:37:41+00:00\",\"dateModified\":\"2023-07-07T06:58:32+00:00\",\"description\":\"Sp\u00e9cifications techniques de notre trio de cath\u00e9ters monopolaires utilis\u00e9s pour l'ablation par radiofr\u00e9quence des varices avec Veineo\u00ae.\",\"breadcrumb\":{\"@id\":\"https:\/\/fcaresystems.com\/fr\/produits\/consommables\/catheters-ablation-veineo\/#breadcrumb\"},\"inLanguage\":\"fr-FR\",\"potentialAction\":[{\"@type\":\"ReadAction\",\"target\":[\"https:\/\/fcaresystems.com\/fr\/produits\/consommables\/catheters-ablation-veineo\/\"]}]},{\"@type\":\"ImageObject\",\"inLanguage\":\"fr-FR\",\"@id\":\"https:\/\/fcaresystems.com\/fr\/produits\/consommables\/catheters-ablation-veineo\/#primaryimage\",\"url\":\"https:\/\/fcaresystems.com\/wp-content\/uploads\/2022\/11\/Veineo-thermal-ablation-catheters.jpg\",\"contentUrl\":\"https:\/\/fcaresystems.com\/wp-content\/uploads\/2022\/11\/Veineo-thermal-ablation-catheters.jpg\",\"width\":1080,\"height\":810,\"caption\":\"Veineo thermal ablation catheters\"},{\"@type\":\"BreadcrumbList\",\"@id\":\"https:\/\/fcaresystems.com\/fr\/produits\/consommables\/catheters-ablation-veineo\/#breadcrumb\",\"itemListElement\":[{\"@type\":\"ListItem\",\"position\":1,\"name\":\"Home\",\"item\":\"https:\/\/fcaresystems.com\/fr\/\"},{\"@type\":\"ListItem\",\"position\":2,\"name\":\"Produits\",\"item\":\"https:\/\/fcaresystems.com\/fr\/produits\/\"},{\"@type\":\"ListItem\",\"position\":3,\"name\":\"Consommables\",\"item\":\"https:\/\/fcaresystems.com\/fr\/produits\/consommables\/\"},{\"@type\":\"ListItem\",\"position\":4,\"name\":\"Cath\u00e9ters d&#8217;ablation RF Veineo\"}]},{\"@type\":\"WebSite\",\"@id\":\"https:\/\/fcaresystems.com\/fr\/#website\",\"url\":\"https:\/\/fcaresystems.com\/fr\/\",\"name\":\"F Care Systems\",\"description\":\"\",\"publisher\":{\"@id\":\"https:\/\/fcaresystems.com\/fr\/#organization\"},\"potentialAction\":[{\"@type\":\"SearchAction\",\"target\":{\"@type\":\"EntryPoint\",\"urlTemplate\":\"https:\/\/fcaresystems.com\/fr\/?s={search_term_string}\"},\"query-input\":{\"@type\":\"PropertyValueSpecification\",\"valueRequired\":true,\"valueName\":\"search_term_string\"}}],\"inLanguage\":\"fr-FR\"},{\"@type\":\"Organization\",\"@id\":\"https:\/\/fcaresystems.com\/fr\/#organization\",\"name\":\"F Care Systems\",\"url\":\"https:\/\/fcaresystems.com\/fr\/\",\"logo\":{\"@type\":\"ImageObject\",\"inLanguage\":\"fr-FR\",\"@id\":\"https:\/\/fcaresystems.com\/fr\/#\/schema\/logo\/image\/\",\"url\":\"https:\/\/fcaresystems.com\/wp-content\/uploads\/2022\/11\/logo-2.svg\",\"contentUrl\":\"https:\/\/fcaresystems.com\/wp-content\/uploads\/2022\/11\/logo-2.svg\",\"caption\":\"F Care Systems\"},\"image\":{\"@id\":\"https:\/\/fcaresystems.com\/fr\/#\/schema\/logo\/image\/\"}}]}<\/script>\n<!-- \/ Yoast SEO plugin. -->","yoast_head_json":{"title":"Cath\u00e9ters d'ablation RF de varices | F Care Systems","description":"Sp\u00e9cifications techniques de notre trio de cath\u00e9ters monopolaires utilis\u00e9s pour l'ablation par radiofr\u00e9quence des varices avec Veineo\u00ae.","robots":{"index":"index","follow":"follow","max-snippet":"max-snippet:-1","max-image-preview":"max-image-preview:large","max-video-preview":"max-video-preview:-1"},"canonical":"https:\/\/fcaresystems.com\/fr\/produits\/consommables\/catheters-ablation-veineo\/","og_locale":"fr_FR","og_type":"article","og_title":"Cath\u00e9ters d'ablation RF de varices | F Care Systems","og_description":"Sp\u00e9cifications techniques de notre trio de cath\u00e9ters monopolaires utilis\u00e9s pour l'ablation par radiofr\u00e9quence des varices avec Veineo\u00ae.","og_url":"https:\/\/fcaresystems.com\/fr\/produits\/consommables\/catheters-ablation-veineo\/","og_site_name":"F Care Systems","article_modified_time":"2023-07-07T06:58:32+00:00","og_image":[{"width":1080,"height":810,"url":"https:\/\/fcaresystems.com\/wp-content\/uploads\/2022\/11\/Veineo-thermal-ablation-catheters.jpg","type":"image\/jpeg"}],"twitter_card":"summary_large_image","twitter_misc":{"Dur\u00e9e de lecture estim\u00e9e":"3 minutes"},"schema":{"@context":"https:\/\/schema.org","@graph":[{"@type":"WebPage","@id":"https:\/\/fcaresystems.com\/fr\/produits\/consommables\/catheters-ablation-veineo\/","url":"https:\/\/fcaresystems.com\/fr\/produits\/consommables\/catheters-ablation-veineo\/","name":"Cath\u00e9ters d'ablation RF de varices | F Care Systems","isPartOf":{"@id":"https:\/\/fcaresystems.com\/fr\/#website"},"primaryImageOfPage":{"@id":"https:\/\/fcaresystems.com\/fr\/produits\/consommables\/catheters-ablation-veineo\/#primaryimage"},"image":{"@id":"https:\/\/fcaresystems.com\/fr\/produits\/consommables\/catheters-ablation-veineo\/#primaryimage"},"thumbnailUrl":"https:\/\/fcaresystems.com\/wp-content\/uploads\/2022\/11\/Veineo-thermal-ablation-catheters.jpg","datePublished":"2022-11-18T11:37:41+00:00","dateModified":"2023-07-07T06:58:32+00:00","description":"Sp\u00e9cifications techniques de notre trio de cath\u00e9ters monopolaires utilis\u00e9s pour l'ablation par radiofr\u00e9quence des varices avec Veineo\u00ae.","breadcrumb":{"@id":"https:\/\/fcaresystems.com\/fr\/produits\/consommables\/catheters-ablation-veineo\/#breadcrumb"},"inLanguage":"fr-FR","potentialAction":[{"@type":"ReadAction","target":["https:\/\/fcaresystems.com\/fr\/produits\/consommables\/catheters-ablation-veineo\/"]}]},{"@type":"ImageObject","inLanguage":"fr-FR","@id":"https:\/\/fcaresystems.com\/fr\/produits\/consommables\/catheters-ablation-veineo\/#primaryimage","url":"https:\/\/fcaresystems.com\/wp-content\/uploads\/2022\/11\/Veineo-thermal-ablation-catheters.jpg","contentUrl":"https:\/\/fcaresystems.com\/wp-content\/uploads\/2022\/11\/Veineo-thermal-ablation-catheters.jpg","width":1080,"height":810,"caption":"Veineo thermal ablation catheters"},{"@type":"BreadcrumbList","@id":"https:\/\/fcaresystems.com\/fr\/produits\/consommables\/catheters-ablation-veineo\/#breadcrumb","itemListElement":[{"@type":"ListItem","position":1,"name":"Home","item":"https:\/\/fcaresystems.com\/fr\/"},{"@type":"ListItem","position":2,"name":"Produits","item":"https:\/\/fcaresystems.com\/fr\/produits\/"},{"@type":"ListItem","position":3,"name":"Consommables","item":"https:\/\/fcaresystems.com\/fr\/produits\/consommables\/"},{"@type":"ListItem","position":4,"name":"Cath\u00e9ters d&#8217;ablation RF Veineo"}]},{"@type":"WebSite","@id":"https:\/\/fcaresystems.com\/fr\/#website","url":"https:\/\/fcaresystems.com\/fr\/","name":"F Care Systems","description":"","publisher":{"@id":"https:\/\/fcaresystems.com\/fr\/#organization"},"potentialAction":[{"@type":"SearchAction","target":{"@type":"EntryPoint","urlTemplate":"https:\/\/fcaresystems.com\/fr\/?s={search_term_string}"},"query-input":{"@type":"PropertyValueSpecification","valueRequired":true,"valueName":"search_term_string"}}],"inLanguage":"fr-FR"},{"@type":"Organization","@id":"https:\/\/fcaresystems.com\/fr\/#organization","name":"F Care Systems","url":"https:\/\/fcaresystems.com\/fr\/","logo":{"@type":"ImageObject","inLanguage":"fr-FR","@id":"https:\/\/fcaresystems.com\/fr\/#\/schema\/logo\/image\/","url":"https:\/\/fcaresystems.com\/wp-content\/uploads\/2022\/11\/logo-2.svg","contentUrl":"https:\/\/fcaresystems.com\/wp-content\/uploads\/2022\/11\/logo-2.svg","caption":"F Care Systems"},"image":{"@id":"https:\/\/fcaresystems.com\/fr\/#\/schema\/logo\/image\/"}}]}},"_links":{"self":[{"href":"https:\/\/fcaresystems.com\/fr\/wp-json\/wp\/v2\/pages\/6425","targetHints":{"allow":["GET"]}}],"collection":[{"href":"https:\/\/fcaresystems.com\/fr\/wp-json\/wp\/v2\/pages"}],"about":[{"href":"https:\/\/fcaresystems.com\/fr\/wp-json\/wp\/v2\/types\/page"}],"author":[{"embeddable":true,"href":"https:\/\/fcaresystems.com\/fr\/wp-json\/wp\/v2\/users\/1"}],"replies":[{"embeddable":true,"href":"https:\/\/fcaresystems.com\/fr\/wp-json\/wp\/v2\/comments?post=6425"}],"version-history":[{"count":8,"href":"https:\/\/fcaresystems.com\/fr\/wp-json\/wp\/v2\/pages\/6425\/revisions"}],"predecessor-version":[{"id":12275,"href":"https:\/\/fcaresystems.com\/fr\/wp-json\/wp\/v2\/pages\/6425\/revisions\/12275"}],"up":[{"embeddable":true,"href":"https:\/\/fcaresystems.com\/fr\/wp-json\/wp\/v2\/pages\/6437"}],"wp:featuredmedia":[{"embeddable":true,"href":"https:\/\/fcaresystems.com\/fr\/wp-json\/wp\/v2\/media\/5106"}],"wp:attachment":[{"href":"https:\/\/fcaresystems.com\/fr\/wp-json\/wp\/v2\/media?parent=6425"}],"curies":[{"name":"wp","href":"https:\/\/api.w.org\/{rel}","templated":true}]}}