{"id":6416,"date":"2022-10-24T14:25:57","date_gmt":"2022-10-24T12:25:57","guid":{"rendered":"https:\/\/fcaresystems.com\/patient-information\/"},"modified":"2023-02-06T14:58:31","modified_gmt":"2023-02-06T14:58:31","slug":"information-patient","status":"publish","type":"page","link":"https:\/\/fcaresystems.com\/fr\/information-patient\/","title":{"rendered":"Information patient"},"content":{"rendered":"\n<section class=\"wp-block-fcs-core-header is-style-gradient--patient\"><header class=\"c-header c-header-wrapper c-header-wrapper-s\"><figure class=\"c-header-img \"><img decoding=\"async\" src=\"https:\/\/fcaresystems.com\/wp-content\/uploads\/2023\/01\/Hero_patients-overview-3.jpg\" class=\"c-header-img\"\/><figcaption class=\"c-header-content\"><div class=\"o-container\">\n<div class=\"wp-block-fcs-core-spacer u-padding-sm-lg u-padding-sm\"><\/div>\n\n\n\n<div class=\"wp-block-group c-breadcrumb\"><div class=\"wp-block-group__inner-container is-layout-flow wp-block-group-is-layout-flow\"><span><span><a href=\"https:\/\/fcaresystems.com\/fr\/\">Home<\/a><\/span><\/span>\n<\/div><\/div>\n\n\n\n<div class=\"wp-block-fcs-core-spacer u-padding-sm-lg u-padding-md\"><\/div>\n\n\n\n<h1 class=\"has-white-color has-text-color wp-block-heading\">Pour les patients et les aides-soignants<\/h1>\n<\/div><\/figcaption><\/figure><\/header><\/section>\n\n\n\n<div class=\"wp-block-group has-quaternary-light-background-color has-background\"><div class=\"wp-block-group__inner-container is-layout-constrained wp-block-group-is-layout-constrained\">\n<div class=\"wp-block-fcs-core-container o-container\">\n<div class=\"wp-block-fcs-core-spacer u-padding-md-lg u-padding-md\"><\/div>\n\n\n\n<div class=\"wp-block-columns is-layout-flex wp-container-core-columns-is-layout-9d6595d7 wp-block-columns-is-layout-flex\">\n<div class=\"wp-block-column is-layout-flow wp-block-column-is-layout-flow\" style=\"flex-basis:66.66%\">\n<h2 class=\"has-quaternary-color has-text-color wp-block-heading\"><strong>Informations th\u00e9rapeutiques<\/strong><\/h2>\n\n\n\n<p>Bienvenue&nbsp;!<\/p>\n\n\n\n<div class=\"wp-block-fcs-core-spacer u-padding-xxs-lg u-padding-xs\"><\/div>\n\n\n\n<p>Nous avons compil\u00e9 quelques informations sur les diff\u00e9rentes pathologies pour lesquelles nos produits ont \u00e9t\u00e9 con\u00e7us&nbsp;: quelles sont ces pathologies, quelles en sont les causes, comment les pr\u00e9venir et quelles options th\u00e9rapeutiques sont disponibles pour les patients (y compris nos solutions, bien s\u00fbr). Nous esp\u00e9rons que ces explications vous aideront \u00e0 vous orienter dans votre parcours de sant\u00e9. <br>Bonne lecture&nbsp;!<\/p>\n<\/div>\n\n\n\n<div class=\"wp-block-column is-layout-flow wp-block-column-is-layout-flow\" style=\"flex-basis:33.33%\"><\/div>\n<\/div>\n\n\n\n<div class=\"wp-block-fcs-core-spacer u-padding-sm-lg u-padding-sm\"><\/div>\n\n\n<div class='o-grid o-grid-3-lg o-grid-gap-s c-thumbnails--patient'><a href=\"https:\/\/fcaresystems.com\/fr\/information-patient\/hemorroides\/\" class=\"c-thumbnail\">\n    <figure>\n        <img decoding=\"async\" src=\"https:\/\/fcaresystems.com\/wp-content\/uploads\/2022\/11\/teaser-patient-haemorrhoids.jpg\" alt=\"\" title=\"\" width=\"364\" height=\"188\" loading=\"lazy\" \/>\n    <\/figure>\n    <div class=\"c-thumbnail__content\">\n        <div>\n            <h3>H\u00e9morro\u00efdes<\/h3>\n            <p>Si vous avez souffert de d\u00e9mangeaisons, de douleurs ou de saignements \u00ab dans le dos \u00bb, vous n\u2019\u00eates pas seul\u00b7e : les h\u00e9morro\u00efdes pourraient bien \u00eatre le probl\u00e8me de sant\u00e9 le plus r\u00e9pandu et pourtant celui qui fait le moins parler de lui. D\u00e9couvrez pourquoi les h\u00e9morro\u00efdes se d\u00e9veloppent et, plus important encore, comment les \u00e9liminer.<\/p>\n        <\/div>\n        <p class=\"c-button-link c-button-link--icon u-margin-none\">Lire la suite<\/p>\n    <\/div>\n<\/a><a href=\"https:\/\/fcaresystems.com\/fr\/information-patient\/fistules-anales\/\" class=\"c-thumbnail\">\n    <figure>\n        <img decoding=\"async\" src=\"https:\/\/fcaresystems.com\/wp-content\/uploads\/2023\/01\/Patient-anal-fistulas.jpg\" alt=\"\" title=\"\" width=\"364\" height=\"188\" loading=\"lazy\" \/>\n    <\/figure>\n    <div class=\"c-thumbnail__content\">\n        <div>\n            <h3>Fistules anales<\/h3>\n            <p>La bonne nouvelle : les fistules anales ne sont pas caus\u00e9es par un manque d&rsquo;hygi\u00e8ne. La mauvaise nouvelle : une fois form\u00e9es, elles ne disparaissent presque jamais seules. Poursuivez votre lecture pour savoir d\u2019o\u00f9 viennent les fistules anales et comment sceller le tractus de ces fistules.<\/p>\n        <\/div>\n        <p class=\"c-button-link c-button-link--icon u-margin-none\">Lire la suite<\/p>\n    <\/div>\n<\/a><a href=\"https:\/\/fcaresystems.com\/fr\/information-patient\/varices\/\" class=\"c-thumbnail\">\n    <figure>\n        <img decoding=\"async\" src=\"https:\/\/fcaresystems.com\/wp-content\/uploads\/2022\/11\/teaser-patient\u2013varicose-veins.jpg\" alt=\"\" title=\"\" width=\"364\" height=\"188\" loading=\"lazy\" \/>\n    <\/figure>\n    <div class=\"c-thumbnail__content\">\n        <div>\n            <h3>Varices<\/h3>\n            <p>Vous \u00eates-vous d\u00e9j\u00e0 demand\u00e9 pourquoi les veines des jambes de certaines personnes ressortaient ? Vos mollets et vos pieds sont-ils gonfl\u00e9s et lourds \u00e0 la fin de la journ\u00e9e ? Pour certaines personnes, la pr\u00e9sence de varices les dissuade de porter un short, mais pour d\u2019autres, les sympt\u00f4mes peuvent \u00eatre plus graves. Heureusement, elles sont plus faciles que jamais \u00e0 traiter.<\/p>\n        <\/div>\n        <p class=\"c-button-link c-button-link--icon u-margin-none\">Lire la suite<\/p>\n    <\/div>\n<\/a><a href=\"https:\/\/fcaresystems.com\/fr\/information-patient\/troubles-de-la-peau\/\" class=\"c-thumbnail\">\n    <figure>\n        <img decoding=\"async\" src=\"https:\/\/fcaresystems.com\/wp-content\/uploads\/2022\/11\/teaser-patient\u2013skin-disorder.jpg\" alt=\"\" title=\"\" width=\"364\" height=\"188\" loading=\"lazy\" \/>\n    <\/figure>\n    <div class=\"c-thumbnail__content\">\n        <div>\n            <h3>Troubles de la peau<\/h3>\n            <p>Rides, t\u00e9langiectasies en araign\u00e9e, vergetures, grains de beaut\u00e9 rouges, acrochordons&#8230; bien qu\u2019aucun d\u2019entre eux ne soit un probl\u00e8me de sant\u00e9 majeur, ils peuvent certainement affecter la confiance en soi. Nous avons rassembl\u00e9 quelques informations sur une vari\u00e9t\u00e9 d\u2019affections cutan\u00e9es, y compris comment (et si) elles peuvent \u00eatre \u00e9vit\u00e9es et comment la m\u00e9decine moderne peut aider.<\/p>\n        <\/div>\n        <p class=\"c-button-link c-button-link--icon u-margin-none\">Lire la suite<\/p>\n    <\/div>\n<\/a><a href=\"https:\/\/fcaresystems.com\/fr\/information-patient\/cellulite\/\" class=\"c-thumbnail\">\n    <figure>\n        <img decoding=\"async\" src=\"https:\/\/fcaresystems.com\/wp-content\/uploads\/2022\/11\/teaser-patient\u2013cellulite.jpg\" alt=\"\" title=\"\" width=\"364\" height=\"188\" loading=\"lazy\" \/>\n    <\/figure>\n    <div class=\"c-thumbnail__content\">\n        <div>\n            <h3>Cellulite<\/h3>\n            <p>Malgr\u00e9 ce que les magazines f\u00e9minins nous laissent croire, la grande majorit\u00e9 des femmes (et certains hommes) ont de la cellulite. Bien que les chercheurs aient encore des questions sur la mani\u00e8re et la raison de son d\u00e9veloppement, il existe plusieurs nouvelles approches prometteuses pour r\u00e9duire au minimum l&rsquo;aspect \u00ab peau d&rsquo;orange \u00bb. <\/p>\n        <\/div>\n        <p class=\"c-button-link c-button-link--icon u-margin-none\">Lire la suite<\/p>\n    <\/div>\n<\/a><\/div>\n\n\n<div class=\"wp-block-fcs-core-spacer u-padding-xl-lg u-padding-md\"><\/div>\n<\/div>\n<\/div><\/div>\n\n\n\n<div class=\"wp-block-fcs-core-spacer u-padding-lg-lg u-padding-md\"><\/div>\n\n\n\n<div class=\"wp-block-fcs-core-container o-container\">\n<div class=\"wp-block-columns is-layout-flex wp-container-core-columns-is-layout-9d6595d7 wp-block-columns-is-layout-flex\">\n<div class=\"wp-block-column is-layout-flow wp-block-column-is-layout-flow\">\n<h2 class=\"has-quaternary-color has-text-color wp-block-heading\">Traitements par radiofr\u00e9quence<\/h2>\n\n\n\n<p>Nous sommes sp\u00e9cialis\u00e9s dans les traitements mini-invasifs impliquant de l\u2019\u00e9nergie radiofr\u00e9quence (RF). Nombre d\u2019entre eux impliquent un processus appel\u00e9 <mark style=\"background-color:rgba(0, 0, 0, 0)\" class=\"has-inline-color has-primary-color\"><a href=\"https:\/\/fcaresystems.com\/fr\/thermocoagulation-par-radiofrequence\/\">thermocoagulation<\/a><\/mark>, qui utilise des radiofr\u00e9quences cibl\u00e9es avec pr\u00e9cision pour chauffer et d\u00e9truire les tissus non sains (tels que les h\u00e9morro\u00efdes ou les varices). Les sondes et cath\u00e9ters ultrafins utilis\u00e9s pour d\u00e9livrer l\u2019\u00e9nergie pr\u00e9viennent les dommages aux tissus sains environnants.<\/p>\n<\/div>\n\n\n\n<div class=\"wp-block-column is-layout-flow wp-block-column-is-layout-flow\">\n<div class=\"wp-block-fcs-core-spacer u-padding-xs-lg\"><\/div>\n\n\n\n<p class=\"has-medium-font-size\"><mark style=\"background-color:rgba(0, 0, 0, 0)\" class=\"has-inline-color has-quaternary-color\"><strong>Avantages de la radiofr\u00e9quence<\/strong>\u00a0<strong>:<\/strong><\/mark><\/p>\n\n\n\n<ul class=\"is-style-patient wp-block-list\">\n<li>Aucune incision requise&nbsp;\u2013 aucun risque li\u00e9 \u00e0 la chirurgie<\/li>\n\n\n\n<li>Proc\u00e9dure en ambulatoire ou en soins de jour<\/li>\n\n\n\n<li>S\u00e9curit\u00e9 optimale \u2013 Risque minime de complications<\/li>\n\n\n\n<li>Reprise rapide des activit\u00e9s <\/li>\n<\/ul>\n<\/div>\n<\/div>\n<\/div>\n\n\n\n<div class=\"wp-block-fcs-core-spacer u-padding-lg-lg u-padding-md\"><\/div>\n\n\n\n<div class=\"wp-block-group has-secondary-background-color has-background\"><div class=\"wp-block-group__inner-container is-layout-constrained wp-block-group-is-layout-constrained\">\n<div class=\"wp-block-fcs-core-container o-container\">\n<div class=\"wp-block-fcs-core-spacer u-padding-xl-lg u-padding-md\"><\/div>\n\n\n\n<h2 class=\"has-text-align-center has-white-color has-text-color wp-block-heading\">En savoir plus ?<\/h2>\n\n\n\n<div class=\"wp-block-buttons is-content-justification-center is-layout-flex wp-container-core-buttons-is-layout-16018d1d wp-block-buttons-is-layout-flex\">\n<div class=\"wp-block-button is-style-fill\"><a class=\"wp-block-button__link has-primary-background-color has-background wp-element-button\" href=\"https:\/\/fcaresystems.com\/fr\/contact\/\">Contactez-nous<\/a><\/div>\n<\/div>\n\n\n\n<div class=\"wp-block-fcs-core-spacer u-padding-xl-lg u-padding-md\"><\/div>\n<\/div>\n<\/div><\/div>\n","protected":false},"excerpt":{"rendered":"","protected":false},"author":1,"featured_media":0,"parent":0,"menu_order":0,"comment_status":"closed","ping_status":"closed","template":"","meta":{"_color_hex":"","_color_slug":"","footnotes":""},"class_list":["post-6416","page","type-page","status-publish","hentry"],"yoast_head":"<!-- This site is optimized with the Yoast SEO plugin v27.0 - https:\/\/yoast.com\/product\/yoast-seo-wordpress\/ -->\n<title>F Care Systems | Informations pour les patients et aides-soignants<\/title>\n<meta name=\"description\" content=\"Informations destin\u00e9es aux patients sur les causes, les traitements et la pr\u00e9vention de diverses affections, notamment les h\u00e9morro\u00efdes, les fistules anales, les varices, etc.\" \/>\n<meta name=\"robots\" content=\"index, follow, max-snippet:-1, max-image-preview:large, max-video-preview:-1\" \/>\n<link rel=\"canonical\" href=\"https:\/\/fcaresystems.com\/fr\/information-patient\/\" \/>\n<meta property=\"og:locale\" content=\"fr_FR\" \/>\n<meta property=\"og:type\" content=\"article\" \/>\n<meta property=\"og:title\" content=\"F Care Systems | Informations pour les patients et aides-soignants\" \/>\n<meta property=\"og:description\" content=\"Informations destin\u00e9es aux patients sur les causes, les traitements et la pr\u00e9vention de diverses affections, notamment les h\u00e9morro\u00efdes, les fistules anales, les varices, etc.\" \/>\n<meta property=\"og:url\" content=\"https:\/\/fcaresystems.com\/fr\/information-patient\/\" \/>\n<meta property=\"og:site_name\" content=\"F Care Systems\" \/>\n<meta property=\"article:modified_time\" content=\"2023-02-06T14:58:31+00:00\" \/>\n<meta property=\"og:image\" content=\"https:\/\/fcaresystems.com\/wp-content\/uploads\/2023\/01\/Hero_patients-overview-3.jpg\" \/>\n<meta name=\"twitter:card\" content=\"summary_large_image\" \/>\n<meta name=\"twitter:label1\" content=\"Dur\u00e9e de lecture estim\u00e9e\" \/>\n\t<meta name=\"twitter:data1\" content=\"1 minute\" \/>\n<script type=\"application\/ld+json\" class=\"yoast-schema-graph\">{\"@context\":\"https:\/\/schema.org\",\"@graph\":[{\"@type\":\"WebPage\",\"@id\":\"https:\/\/fcaresystems.com\/fr\/information-patient\/\",\"url\":\"https:\/\/fcaresystems.com\/fr\/information-patient\/\",\"name\":\"F Care Systems | Informations pour les patients et aides-soignants\",\"isPartOf\":{\"@id\":\"https:\/\/fcaresystems.com\/fr\/#website\"},\"primaryImageOfPage\":{\"@id\":\"https:\/\/fcaresystems.com\/fr\/information-patient\/#primaryimage\"},\"image\":{\"@id\":\"https:\/\/fcaresystems.com\/fr\/information-patient\/#primaryimage\"},\"thumbnailUrl\":\"https:\/\/fcaresystems.com\/wp-content\/uploads\/2023\/01\/Hero_patients-overview-3.jpg\",\"datePublished\":\"2022-10-24T12:25:57+00:00\",\"dateModified\":\"2023-02-06T14:58:31+00:00\",\"description\":\"Informations destin\u00e9es aux patients sur les causes, les traitements et la pr\u00e9vention de diverses affections, notamment les h\u00e9morro\u00efdes, les fistules anales, les varices, etc.\",\"breadcrumb\":{\"@id\":\"https:\/\/fcaresystems.com\/fr\/information-patient\/#breadcrumb\"},\"inLanguage\":\"fr-FR\",\"potentialAction\":[{\"@type\":\"ReadAction\",\"target\":[\"https:\/\/fcaresystems.com\/fr\/information-patient\/\"]}]},{\"@type\":\"ImageObject\",\"inLanguage\":\"fr-FR\",\"@id\":\"https:\/\/fcaresystems.com\/fr\/information-patient\/#primaryimage\",\"url\":\"https:\/\/fcaresystems.com\/wp-content\/uploads\/2023\/01\/Hero_patients-overview-3.jpg\",\"contentUrl\":\"https:\/\/fcaresystems.com\/wp-content\/uploads\/2023\/01\/Hero_patients-overview-3.jpg\"},{\"@type\":\"BreadcrumbList\",\"@id\":\"https:\/\/fcaresystems.com\/fr\/information-patient\/#breadcrumb\",\"itemListElement\":[{\"@type\":\"ListItem\",\"position\":1,\"name\":\"Home\",\"item\":\"https:\/\/fcaresystems.com\/fr\/\"},{\"@type\":\"ListItem\",\"position\":2,\"name\":\"Information patient\"}]},{\"@type\":\"WebSite\",\"@id\":\"https:\/\/fcaresystems.com\/fr\/#website\",\"url\":\"https:\/\/fcaresystems.com\/fr\/\",\"name\":\"F Care Systems\",\"description\":\"\",\"publisher\":{\"@id\":\"https:\/\/fcaresystems.com\/fr\/#organization\"},\"potentialAction\":[{\"@type\":\"SearchAction\",\"target\":{\"@type\":\"EntryPoint\",\"urlTemplate\":\"https:\/\/fcaresystems.com\/fr\/?s={search_term_string}\"},\"query-input\":{\"@type\":\"PropertyValueSpecification\",\"valueRequired\":true,\"valueName\":\"search_term_string\"}}],\"inLanguage\":\"fr-FR\"},{\"@type\":\"Organization\",\"@id\":\"https:\/\/fcaresystems.com\/fr\/#organization\",\"name\":\"F Care Systems\",\"url\":\"https:\/\/fcaresystems.com\/fr\/\",\"logo\":{\"@type\":\"ImageObject\",\"inLanguage\":\"fr-FR\",\"@id\":\"https:\/\/fcaresystems.com\/fr\/#\/schema\/logo\/image\/\",\"url\":\"https:\/\/fcaresystems.com\/wp-content\/uploads\/2022\/11\/logo-2.svg\",\"contentUrl\":\"https:\/\/fcaresystems.com\/wp-content\/uploads\/2022\/11\/logo-2.svg\",\"caption\":\"F Care Systems\"},\"image\":{\"@id\":\"https:\/\/fcaresystems.com\/fr\/#\/schema\/logo\/image\/\"}}]}<\/script>\n<!-- \/ Yoast SEO plugin. -->","yoast_head_json":{"title":"F Care Systems | Informations pour les patients et aides-soignants","description":"Informations destin\u00e9es aux patients sur les causes, les traitements et la pr\u00e9vention de diverses affections, notamment les h\u00e9morro\u00efdes, les fistules anales, les varices, etc.","robots":{"index":"index","follow":"follow","max-snippet":"max-snippet:-1","max-image-preview":"max-image-preview:large","max-video-preview":"max-video-preview:-1"},"canonical":"https:\/\/fcaresystems.com\/fr\/information-patient\/","og_locale":"fr_FR","og_type":"article","og_title":"F Care Systems | Informations pour les patients et aides-soignants","og_description":"Informations destin\u00e9es aux patients sur les causes, les traitements et la pr\u00e9vention de diverses affections, notamment les h\u00e9morro\u00efdes, les fistules anales, les varices, etc.","og_url":"https:\/\/fcaresystems.com\/fr\/information-patient\/","og_site_name":"F Care Systems","article_modified_time":"2023-02-06T14:58:31+00:00","og_image":[{"url":"https:\/\/fcaresystems.com\/wp-content\/uploads\/2023\/01\/Hero_patients-overview-3.jpg","type":"","width":"","height":""}],"twitter_card":"summary_large_image","twitter_misc":{"Dur\u00e9e de lecture estim\u00e9e":"1 minute"},"schema":{"@context":"https:\/\/schema.org","@graph":[{"@type":"WebPage","@id":"https:\/\/fcaresystems.com\/fr\/information-patient\/","url":"https:\/\/fcaresystems.com\/fr\/information-patient\/","name":"F Care Systems | Informations pour les patients et aides-soignants","isPartOf":{"@id":"https:\/\/fcaresystems.com\/fr\/#website"},"primaryImageOfPage":{"@id":"https:\/\/fcaresystems.com\/fr\/information-patient\/#primaryimage"},"image":{"@id":"https:\/\/fcaresystems.com\/fr\/information-patient\/#primaryimage"},"thumbnailUrl":"https:\/\/fcaresystems.com\/wp-content\/uploads\/2023\/01\/Hero_patients-overview-3.jpg","datePublished":"2022-10-24T12:25:57+00:00","dateModified":"2023-02-06T14:58:31+00:00","description":"Informations destin\u00e9es aux patients sur les causes, les traitements et la pr\u00e9vention de diverses affections, notamment les h\u00e9morro\u00efdes, les fistules anales, les varices, etc.","breadcrumb":{"@id":"https:\/\/fcaresystems.com\/fr\/information-patient\/#breadcrumb"},"inLanguage":"fr-FR","potentialAction":[{"@type":"ReadAction","target":["https:\/\/fcaresystems.com\/fr\/information-patient\/"]}]},{"@type":"ImageObject","inLanguage":"fr-FR","@id":"https:\/\/fcaresystems.com\/fr\/information-patient\/#primaryimage","url":"https:\/\/fcaresystems.com\/wp-content\/uploads\/2023\/01\/Hero_patients-overview-3.jpg","contentUrl":"https:\/\/fcaresystems.com\/wp-content\/uploads\/2023\/01\/Hero_patients-overview-3.jpg"},{"@type":"BreadcrumbList","@id":"https:\/\/fcaresystems.com\/fr\/information-patient\/#breadcrumb","itemListElement":[{"@type":"ListItem","position":1,"name":"Home","item":"https:\/\/fcaresystems.com\/fr\/"},{"@type":"ListItem","position":2,"name":"Information patient"}]},{"@type":"WebSite","@id":"https:\/\/fcaresystems.com\/fr\/#website","url":"https:\/\/fcaresystems.com\/fr\/","name":"F Care Systems","description":"","publisher":{"@id":"https:\/\/fcaresystems.com\/fr\/#organization"},"potentialAction":[{"@type":"SearchAction","target":{"@type":"EntryPoint","urlTemplate":"https:\/\/fcaresystems.com\/fr\/?s={search_term_string}"},"query-input":{"@type":"PropertyValueSpecification","valueRequired":true,"valueName":"search_term_string"}}],"inLanguage":"fr-FR"},{"@type":"Organization","@id":"https:\/\/fcaresystems.com\/fr\/#organization","name":"F Care Systems","url":"https:\/\/fcaresystems.com\/fr\/","logo":{"@type":"ImageObject","inLanguage":"fr-FR","@id":"https:\/\/fcaresystems.com\/fr\/#\/schema\/logo\/image\/","url":"https:\/\/fcaresystems.com\/wp-content\/uploads\/2022\/11\/logo-2.svg","contentUrl":"https:\/\/fcaresystems.com\/wp-content\/uploads\/2022\/11\/logo-2.svg","caption":"F Care Systems"},"image":{"@id":"https:\/\/fcaresystems.com\/fr\/#\/schema\/logo\/image\/"}}]}},"_links":{"self":[{"href":"https:\/\/fcaresystems.com\/fr\/wp-json\/wp\/v2\/pages\/6416","targetHints":{"allow":["GET"]}}],"collection":[{"href":"https:\/\/fcaresystems.com\/fr\/wp-json\/wp\/v2\/pages"}],"about":[{"href":"https:\/\/fcaresystems.com\/fr\/wp-json\/wp\/v2\/types\/page"}],"author":[{"embeddable":true,"href":"https:\/\/fcaresystems.com\/fr\/wp-json\/wp\/v2\/users\/1"}],"replies":[{"embeddable":true,"href":"https:\/\/fcaresystems.com\/fr\/wp-json\/wp\/v2\/comments?post=6416"}],"version-history":[{"count":7,"href":"https:\/\/fcaresystems.com\/fr\/wp-json\/wp\/v2\/pages\/6416\/revisions"}],"predecessor-version":[{"id":9557,"href":"https:\/\/fcaresystems.com\/fr\/wp-json\/wp\/v2\/pages\/6416\/revisions\/9557"}],"wp:attachment":[{"href":"https:\/\/fcaresystems.com\/fr\/wp-json\/wp\/v2\/media?parent=6416"}],"curies":[{"name":"wp","href":"https:\/\/api.w.org\/{rel}","templated":true}]}}