{"id":6397,"date":"2022-10-06T12:57:19","date_gmt":"2022-10-06T10:57:19","guid":{"rendered":"https:\/\/fcaresystems.com\/home\/"},"modified":"2023-10-10T15:14:48","modified_gmt":"2023-10-10T13:14:48","slug":"accueil","status":"publish","type":"page","link":"https:\/\/fcaresystems.com\/fr\/","title":{"rendered":"Accueil"},"content":{"rendered":"\n<section class=\"wp-block-fcs-core-header is-style-gradient\"><header class=\"c-header c-header-wrapper c-header-wrapper-l\"><figure class=\"c-header-img  o-flex o-flex-align-items-center\"><img loading=\"lazy\" decoding=\"async\" src=\"https:\/\/fcaresystems.com\/wp-content\/uploads\/2022\/10\/hero-home.jpg\" width=\"2160\" height=\"912\" class=\"c-header-img\"\/><figcaption class=\"c-header-content\"><div class=\"o-container\">\n<h1 class=\"wp-block-heading has-white-color has-text-color\"><strong>Dispositifs m\u00e9dicaux de qualit\u00e9 <\/strong><br><strong>pour l\u2019ablation par radiofr\u00e9quence<\/strong><\/h1>\n\n\n\n<p class=\"has-white-color has-text-color has-medium-font-size\">L&rsquo;ARF est une proc\u00e9dure efficace, peu invasive, avec moins d&rsquo;inconfort<br>et une meilleure qualit\u00e9 de vie pour les patients.<\/p>\n\n\n\n<div class=\"wp-block-fcs-core-spacer u-padding-xs-lg u-padding-xs\"><\/div>\n\n\n\n<div class=\"wp-block-buttons is-layout-flex wp-block-buttons-is-layout-flex\">\n<div class=\"wp-block-button is-style-fill\"><a class=\"wp-block-button__link has-primary-background-color has-background wp-element-button\" href=\"https:\/\/fcaresystems.com\/fr\/produits\/\">D\u00e9couvrir nos produits<\/a><\/div>\n<\/div>\n<\/div><\/figcaption><\/figure><\/header><\/section>\n\n\n\n<div class=\"wp-block-fcs-core-container o-container\">\n<div class=\"wp-block-fcs-core-spacer u-padding-md-lg u-padding-md\"><\/div>\n\n\n\n<h2 class=\"wp-block-heading has-secondary-color has-text-color\"><strong>Domaines de sp\u00e9cialisation<\/strong><\/h2>\n\n\n\n<div class=\"wp-block-fcs-core-spacer u-padding-xs-lg u-padding-xs\"><\/div>\n\n\n\n<div class=\"wp-block-fcs-core-icon-buttons c-buttons--icon\">\n<a href=\"https:\/\/fcaresystems.com\/fr\/traitements-mini-invasifs\/proctologie\/rfa-hemorroides\/\" class=\"wp-block-fcs-core-icon-button c-button c-button--icon-inline\"><img loading=\"lazy\" decoding=\"async\" src=\"https:\/\/fcaresystems.com\/wp-content\/uploads\/2022\/11\/icon-proctology.svg\" width=\"34\" height=\"32\"\/>H\u00e9morro\u00efdes<\/a>\n\n\n\n<a href=\"https:\/\/fcaresystems.com\/fr\/traitements-mini-invasifs\/proctologie\/rfa-fistules-anales\/\" class=\"wp-block-fcs-core-icon-button c-button c-button--icon-inline\"><img loading=\"lazy\" decoding=\"async\" src=\"https:\/\/fcaresystems.com\/wp-content\/uploads\/2022\/11\/icon-proctology.svg\" width=\"34\" height=\"32\"\/>Fistules anales<\/a>\n\n\n\n<a href=\"https:\/\/fcaresystems.com\/fr\/traitements-mini-invasifs\/phlebologie\/rfa-varices\/\" class=\"wp-block-fcs-core-icon-button c-button c-button--icon-inline\"><img loading=\"lazy\" decoding=\"async\" src=\"https:\/\/fcaresystems.com\/wp-content\/uploads\/2022\/11\/icon-phlebology.svg\" width=\"13\" height=\"32\"\/>Varices<\/a>\n\n\n\n<a href=\"https:\/\/fcaresystems.com\/fr\/traitements-mini-invasifs\/dermatologie-esthetique\/therapie-cutanee-rf\/\" class=\"wp-block-fcs-core-icon-button c-button c-button--icon-inline\"><img loading=\"lazy\" decoding=\"async\" src=\"https:\/\/fcaresystems.com\/wp-content\/uploads\/2022\/11\/icon-aesthetic-dermatology.svg\" width=\"22\" height=\"32\"\/>Affections cutan\u00e9es<\/a>\n<\/div>\n\n\n\n<div class=\"wp-block-fcs-core-spacer u-padding-md-lg u-padding-md\"><\/div>\n<\/div>\n\n\n\n<div class=\"wp-block-group has-light-background-color has-background\"><div class=\"wp-block-group__inner-container is-layout-constrained wp-block-group-is-layout-constrained\">\n<div class=\"wp-block-fcs-core-container o-container\">\n<div class=\"wp-block-columns is-style-default is-layout-flex wp-container-core-columns-is-layout-9d6595d7 wp-block-columns-is-layout-flex\">\n<div class=\"wp-block-column is-vertically-aligned-center is-style-default is-layout-flow wp-block-column-is-layout-flow\">\n<div class=\"wp-block-fcs-core-spacer u-padding-xl-lg u-padding-md\"><\/div>\n\n\n\n<h2 class=\"wp-block-heading has-primary-color has-text-color\"><strong>Pourquoi la radiofr\u00e9quence<\/strong>&nbsp;<strong>?<\/strong><\/h2>\n\n\n\n<p>L\u2019\u00e9nergie radiofr\u00e9quence est l\u2019un des outils les plus polyvalents de la m\u00e9decine moderne, avec des applications allant de l\u2019ablation h\u00e9morro\u00efdaire au rajeunissement de la peau. Chez F Care Systems, nous d\u00e9veloppons et fabriquons des g\u00e9n\u00e9rateurs RF monopolaires et des accessoires pour le traitement mini-invasif de nombreuses pathologies.<\/p>\n\n\n\n<div class=\"wp-block-fcs-core-spacer u-padding-sm-lg u-padding-sm\"><\/div>\n\n\n\n<div class=\"wp-block-buttons is-layout-flex wp-block-buttons-is-layout-flex\">\n<div class=\"wp-block-button\"><a class=\"wp-block-button__link has-primary-background-color has-background wp-element-button\" href=\"https:\/\/fcaresystems.com\/fr\/thermocoagulation-par-radiofrequence\/\">En savoir plus<\/a><\/div>\n<\/div>\n\n\n\n<div class=\"wp-block-fcs-core-spacer u-padding-xl-lg u-padding-xs\"><\/div>\n<\/div>\n\n\n\n<div class=\"wp-block-column is-layout-flow wp-block-column-is-layout-flow\">\n<figure class=\"wp-block-gallery aligncenter has-nested-images columns-default is-cropped wp-block-gallery-1 is-layout-flex wp-block-gallery-is-layout-flex\">\n<figure class=\"wp-block-image size-large is-style-default\"><img loading=\"lazy\" decoding=\"async\" width=\"1024\" height=\"876\" data-id=\"4325\" src=\"https:\/\/fcaresystems.com\/wp-content\/uploads\/2023\/01\/Hero_Radiofrequency-page_wave-1024x876.jpg\" alt=\"\" class=\"wp-image-4325\" srcset=\"https:\/\/fcaresystems.com\/wp-content\/uploads\/2023\/01\/Hero_Radiofrequency-page_wave-1024x876.jpg 1024w, https:\/\/fcaresystems.com\/wp-content\/uploads\/2023\/01\/Hero_Radiofrequency-page_wave-300x257.jpg 300w, https:\/\/fcaresystems.com\/wp-content\/uploads\/2023\/01\/Hero_Radiofrequency-page_wave-768x657.jpg 768w, https:\/\/fcaresystems.com\/wp-content\/uploads\/2023\/01\/Hero_Radiofrequency-page_wave.jpg 1080w\" sizes=\"auto, (max-width: 1024px) 100vw, 1024px\" \/><\/figure>\n<\/figure>\n<\/div>\n<\/div>\n<\/div>\n<\/div><\/div>\n\n\n\n<div class=\"wp-block-group has-primary-background-color has-background\"><div class=\"wp-block-group__inner-container is-layout-flow wp-block-group-is-layout-flow\">\n<div class=\"wp-block-fcs-core-container o-container\">\n<div class=\"wp-block-fcs-core-spacer u-padding-md-lg u-padding-md\"><\/div>\n\n\n\n<section class=\"c-testimonials\"><div class=\"c-slider-testimonials\"><div class=\"c-slider-item c-testimonial\"><div><div class=\"c-testimonial-content\"><!-- wp:paragraph -->\n<p>Rafaelo est une technique qui compl\u00e8te bien le panel de techniques op\u00e9ratoires qu\u2019on a par rapport \u00e0 la pathologie h\u00e9morro\u00efdaire. Je pense qu\u2019il faut toutes les conna\u00eetre et toutes les avoir \u00e0 disposition et c\u2019est un outil qu\u2019il faut avoir \u00e0 disposition pour pouvoir garantir \u00e0 tout le monde le bon traitement.<\/p>\n<!-- \/wp:paragraph -->\n\n<!-- wp:paragraph {\"fontSize\":\"small\"} -->\n<p class=\"has-small-font-size\"><em>Dr. Antonella Liddo, chirurgien vic\u00e9ral et digestif, H\u00f4pital de la Victoire, Tourcoing<\/em><\/p>\n<!-- \/wp:paragraph --><\/div><\/div><\/div>\n\n<div class=\"c-slider-item c-testimonial\"><div><div class=\"c-testimonial-content\"><!-- wp:paragraph -->\n<p>Ce traitement peu invasif comble le vide entre le traitement par ligature et la r\u00e9section chirurgicale pour les maladies h\u00e9morro\u00efdaires. Il est parfaitement adapt\u00e9 au traitement ambulatoire dans le cabinet de proctologie. Je suis particuli\u00e8rement enthousiaste quant \u00e0 la tr\u00e8s faible douleur postop\u00e9ratoire apr\u00e8s le traitement par Rafaelo.<\/p>\n<!-- \/wp:paragraph -->\n\n<!-- wp:paragraph {\"fontSize\":\"small\"} -->\n<p class=\"has-small-font-size\"><em>Dr. Daniel Sterzing, sp\u00e9cialiste en chirurgie g\u00e9n\u00e9rale, chirurgien visc\u00e9ral, Proktologisches Zentrum Berlin, Allemagne<\/em><\/p>\n<!-- \/wp:paragraph --><\/div><\/div><\/div>\n\n<div class=\"c-slider-item c-testimonial\"><div><div class=\"c-testimonial-content\"><!-- wp:paragraph {\"align\":\"left\"} -->\n<p class=\"has-text-align-left\">J&rsquo;ai de bons retours avec des patients qui n&rsquo;ont pas ou peu de douleurs et peuvent reprendre le travail dans les 3 \u00e0 5 jours.<\/p>\n<!-- \/wp:paragraph -->\n\n<!-- wp:paragraph {\"align\":\"left\",\"fontSize\":\"small\"} -->\n<p class=\"has-text-align-left has-small-font-size\"><em>Dr. Yann Redon, Chirurgien visc\u00e9ral et digestif, Saint-Nazaire, France<\/em><\/p>\n<!-- \/wp:paragraph --><\/div><\/div><\/div><\/div><div class=\"c-testimonials-buttons\"><a href=\"#\" class=\"c-testimonials-prev\"><\/a><a href=\"#\" class=\"c-testimonials-next\"><\/a><\/div><\/section>\n\n\n\n<div class=\"wp-block-fcs-core-spacer u-padding-md-lg u-padding-md\"><\/div>\n<\/div>\n<\/div><\/div>\n\n\n\n<div class=\"wp-block-columns is-layout-flex wp-container-core-columns-is-layout-9d6595d7 wp-block-columns-is-layout-flex\">\n<div class=\"wp-block-column is-layout-flow wp-block-column-is-layout-flow\">\n<div class=\"wp-block-fcs-core-spacer u-padding-lg-lg u-padding-lg\"><\/div>\n<\/div>\n<\/div>\n\n\n\n<div class=\"wp-block-fcs-core-container o-container\">\n<div class=\"wp-block-columns is-style-largegap is-layout-flex wp-container-core-columns-is-layout-9d6595d7 wp-block-columns-is-layout-flex\">\n<div class=\"wp-block-column is-style-default is-layout-flow wp-block-column-is-layout-flow\">\n<figure class=\"wp-block-image size-large is-style-default\"><img loading=\"lazy\" decoding=\"async\" width=\"1024\" height=\"768\" src=\"https:\/\/fcaresystems.com\/wp-content\/uploads\/2022\/10\/home-patient-1024x768.jpg\" alt=\"\" class=\"wp-image-72\" srcset=\"https:\/\/fcaresystems.com\/wp-content\/uploads\/2022\/10\/home-patient-1024x768.jpg 1024w, https:\/\/fcaresystems.com\/wp-content\/uploads\/2022\/10\/home-patient-300x225.jpg 300w, https:\/\/fcaresystems.com\/wp-content\/uploads\/2022\/10\/home-patient-768x576.jpg 768w, https:\/\/fcaresystems.com\/wp-content\/uploads\/2022\/10\/home-patient.jpg 1080w\" sizes=\"auto, (max-width: 1024px) 100vw, 1024px\" \/><\/figure>\n<\/div>\n\n\n\n<div class=\"wp-block-column is-vertically-aligned-center is-style-default is-layout-flow wp-block-column-is-layout-flow\">\n<div class=\"wp-block-fcs-core-spacer u-padding-xs-lg u-padding-xs\"><\/div>\n\n\n\n<figure class=\"wp-block-image size-full\"><img decoding=\"async\" src=\"https:\/\/fcaresystems.com\/wp-content\/uploads\/2022\/11\/icon-patient-home.svg\" alt=\"\" class=\"wp-image-1025\"\/><\/figure>\n\n\n\n<div class=\"wp-block-fcs-core-spacer u-padding-xs-lg u-padding-xs\"><\/div>\n\n\n\n<h2 class=\"wp-block-heading has-quaternary-color has-text-color\">\u00cates-vous un patient ?<\/h2>\n\n\n\n<p class=\"has-medium-font-size\"><strong>Pour les patients et les soignants <\/strong><\/p>\n\n\n\n<p>Vous \u00e9tudiez les options de traitement pour l\u2019une des pathologies \u00e9num\u00e9r\u00e9es <br>ci-dessus&nbsp;? Votre m\u00e9decin vous a-t-il sugg\u00e9r\u00e9 l\u2019ablation par radiofr\u00e9quence&nbsp;? <br>Notre section d\u2019informations d\u00e9di\u00e9e aux patients explique comment diff\u00e9rentes pathologies se d\u00e9veloppent et d\u00e9crit les m\u00e9thodes de traitement sans chirurgie invasive.<\/p>\n\n\n\n<div class=\"wp-block-fcs-core-spacer u-padding-xs-lg u-padding-xs\"><\/div>\n\n\n\n<div class=\"wp-block-buttons is-layout-flex wp-block-buttons-is-layout-flex\">\n<div class=\"wp-block-button\"><a class=\"wp-block-button__link has-quaternary-background-color has-background wp-element-button\" href=\"https:\/\/fcaresystems.com\/fr\/information-patient\/\">En savoir plus<\/a><\/div>\n<\/div>\n<\/div>\n<\/div>\n<\/div>\n\n\n\n<div class=\"wp-block-fcs-core-spacer u-padding-xl-lg u-padding-md\"><\/div>\n\n\n\n<div class=\"wp-block-fcs-core-container o-container\">\n<h2 class=\"wp-block-heading is-style-underline has-secondary-color has-text-color\">Actualit\u00e9s<\/h2>\n\n\n\n<div class=\"wp-block-fcs-core-spacer u-padding-xs-lg u-padding-xs\"><\/div>\n\n\n<div class='o-grid o-grid-3-lg o-grid-gap-xs'><a href=\"https:\/\/fcaresystems.com\/fr\/premier-cas-dablation-thyroidienne-au-portugal\/\" class=\"c-thumbnail\">\n    <figure>\n        <img decoding=\"async\" src=\"https:\/\/fcaresystems.com\/wp-content\/uploads\/2025\/03\/e.jpg\" alt=\"\" title=\"\" width=\"1517\" height=\"784\" loading=\"lazy\" \/>\n    <\/figure>\n    <div class=\"c-thumbnail__content\">\n        <div>\n            <h3>Premier cas d&rsquo;ablation thyro\u00efdienne au Portugal.<\/h3>\n            <p>Premier cas d&rsquo;ablation thyro\u00efdienne au Portugal et notre participation au&#8230;<\/p>\n        <\/div>\n        <p class=\"c-button-link c-button-link--icon u-margin-none\">Lire la suite<\/p>\n    <\/div>\n<\/a><a href=\"https:\/\/fcaresystems.com\/fr\/sphera-un-traitement-adapte-aux-patients-pour-les-hemorroides-de-grade-i-et-ii\/\" class=\"c-thumbnail\">\n    <figure>\n        <img decoding=\"async\" src=\"https:\/\/fcaresystems.com\/wp-content\/uploads\/2025\/02\/nouvelle-sonde-Sphera.jpg\" alt=\"\" title=\"\" width=\"1517\" height=\"784\" loading=\"lazy\" \/>\n    <\/figure>\n    <div class=\"c-thumbnail__content\">\n        <div>\n            <h3>Sphera, un traitement adapt\u00e9 aux patients pour les h\u00e9morro\u00efdes de grade I et II<\/h3>\n            <p>En savoir plus sur le Sphera Nous sommes ravis d&rsquo;annoncer&#8230;<\/p>\n        <\/div>\n        <p class=\"c-button-link c-button-link--icon u-margin-none\">Lire la suite<\/p>\n    <\/div>\n<\/a><a href=\"https:\/\/fcaresystems.com\/fr\/nouveau-distributeur-au-canada\/\" class=\"c-thumbnail\">\n    <figure>\n        <img decoding=\"async\" src=\"https:\/\/fcaresystems.com\/wp-content\/uploads\/2024\/06\/POST-Sales-team-Southmedic-Canada.jpg\" alt=\"\" title=\"\" width=\"728\" height=\"376\" loading=\"lazy\" \/>\n    <\/figure>\n    <div class=\"c-thumbnail__content\">\n        <div>\n            <h3>Nouveau distributeur au Canada<\/h3>\n            <p>Nous sommes fiers d&rsquo;annoncer que nous avons un nouveau distributeur au Canada. <\/p>\n        <\/div>\n        <p class=\"c-button-link c-button-link--icon u-margin-none\">Lire la suite<\/p>\n    <\/div>\n<\/a><\/div>\n\n\n<div class=\"wp-block-fcs-core-spacer u-padding-md-lg u-padding-md\"><\/div>\n\n\n\n<div class=\"wp-block-buttons is-layout-flex wp-block-buttons-is-layout-flex\">\n<div class=\"wp-block-button\"><a class=\"wp-block-button__link has-primary-background-color has-background wp-element-button\" href=\"https:\/\/fcaresystems.com\/fr\/actualites\/\">Tous les articles<\/a><\/div>\n<\/div>\n\n\n\n<div class=\"wp-block-fcs-core-spacer u-padding-xl-lg u-padding-md\"><\/div>\n<\/div>\n\n\n\n<p><\/p>\n","protected":false},"excerpt":{"rendered":"","protected":false},"author":1,"featured_media":0,"parent":0,"menu_order":0,"comment_status":"closed","ping_status":"closed","template":"","meta":{"_color_hex":"","_color_slug":"","footnotes":""},"class_list":["post-6397","page","type-page","status-publish","hentry"],"yoast_head":"<!-- This site is optimized with the Yoast SEO plugin v27.5 - https:\/\/yoast.com\/product\/yoast-seo-wordpress\/ -->\n<title>F Care Systems | Fabricant de dispositifs m\u00e9dicaux de radiofr\u00e9quence<\/title>\n<meta name=\"description\" content=\"Les sp\u00e9cialistes en dispositifs m\u00e9dicaux par radiofr\u00e9quences de F Care Systems mettent au point des solutions innovantes pour les applications de proctologie, de phl\u00e9bologie et de dermatologie.\" \/>\n<meta name=\"robots\" content=\"index, follow, max-snippet:-1, max-image-preview:large, max-video-preview:-1\" \/>\n<link rel=\"canonical\" href=\"https:\/\/fcaresystems.com\/fr\/\" \/>\n<meta property=\"og:locale\" content=\"fr_FR\" \/>\n<meta property=\"og:type\" content=\"article\" \/>\n<meta property=\"og:title\" content=\"F Care Systems | Fabricant de dispositifs m\u00e9dicaux de radiofr\u00e9quence\" \/>\n<meta property=\"og:description\" content=\"Les sp\u00e9cialistes en dispositifs m\u00e9dicaux par radiofr\u00e9quences de F Care Systems mettent au point des solutions innovantes pour les applications de proctologie, de phl\u00e9bologie et de dermatologie.\" \/>\n<meta property=\"og:url\" content=\"https:\/\/fcaresystems.com\/fr\/\" \/>\n<meta property=\"og:site_name\" content=\"F Care Systems\" \/>\n<meta property=\"article:modified_time\" content=\"2023-10-10T13:14:48+00:00\" \/>\n<meta property=\"og:image\" content=\"https:\/\/fcaresystems.com\/wp-content\/uploads\/2022\/10\/hero-home.jpg\" \/>\n<meta name=\"twitter:card\" content=\"summary_large_image\" \/>\n<meta name=\"twitter:label1\" content=\"Dur\u00e9e de lecture estim\u00e9e\" \/>\n\t<meta name=\"twitter:data1\" content=\"3 minutes\" \/>\n<script type=\"application\/ld+json\" class=\"yoast-schema-graph\">{\"@context\":\"https:\\\/\\\/schema.org\",\"@graph\":[{\"@type\":\"WebPage\",\"@id\":\"https:\\\/\\\/fcaresystems.com\\\/fr\\\/\",\"url\":\"https:\\\/\\\/fcaresystems.com\\\/fr\\\/\",\"name\":\"F Care Systems | Fabricant de dispositifs m\u00e9dicaux de radiofr\u00e9quence\",\"isPartOf\":{\"@id\":\"https:\\\/\\\/fcaresystems.com\\\/fr\\\/#website\"},\"primaryImageOfPage\":{\"@id\":\"https:\\\/\\\/fcaresystems.com\\\/fr\\\/#primaryimage\"},\"image\":{\"@id\":\"https:\\\/\\\/fcaresystems.com\\\/fr\\\/#primaryimage\"},\"thumbnailUrl\":\"https:\\\/\\\/fcaresystems.com\\\/wp-content\\\/uploads\\\/2022\\\/10\\\/hero-home.jpg\",\"datePublished\":\"2022-10-06T10:57:19+00:00\",\"dateModified\":\"2023-10-10T13:14:48+00:00\",\"description\":\"Les sp\u00e9cialistes en dispositifs m\u00e9dicaux par radiofr\u00e9quences de F Care Systems mettent au point des solutions innovantes pour les applications de proctologie, de phl\u00e9bologie et de dermatologie.\",\"breadcrumb\":{\"@id\":\"https:\\\/\\\/fcaresystems.com\\\/fr\\\/#breadcrumb\"},\"inLanguage\":\"fr-FR\",\"potentialAction\":[{\"@type\":\"ReadAction\",\"target\":[\"https:\\\/\\\/fcaresystems.com\\\/fr\\\/\"]}]},{\"@type\":\"ImageObject\",\"inLanguage\":\"fr-FR\",\"@id\":\"https:\\\/\\\/fcaresystems.com\\\/fr\\\/#primaryimage\",\"url\":\"https:\\\/\\\/fcaresystems.com\\\/wp-content\\\/uploads\\\/2022\\\/10\\\/hero-home.jpg\",\"contentUrl\":\"https:\\\/\\\/fcaresystems.com\\\/wp-content\\\/uploads\\\/2022\\\/10\\\/hero-home.jpg\"},{\"@type\":\"BreadcrumbList\",\"@id\":\"https:\\\/\\\/fcaresystems.com\\\/fr\\\/#breadcrumb\",\"itemListElement\":[{\"@type\":\"ListItem\",\"position\":1,\"name\":\"Home\",\"item\":\"https:\\\/\\\/fcaresystems.com\\\/fr\\\/\"},{\"@type\":\"ListItem\",\"position\":2,\"name\":\"Accueil\"}]},{\"@type\":\"WebSite\",\"@id\":\"https:\\\/\\\/fcaresystems.com\\\/fr\\\/#website\",\"url\":\"https:\\\/\\\/fcaresystems.com\\\/fr\\\/\",\"name\":\"F Care Systems\",\"description\":\"\",\"publisher\":{\"@id\":\"https:\\\/\\\/fcaresystems.com\\\/fr\\\/#organization\"},\"potentialAction\":[{\"@type\":\"SearchAction\",\"target\":{\"@type\":\"EntryPoint\",\"urlTemplate\":\"https:\\\/\\\/fcaresystems.com\\\/fr\\\/?s={search_term_string}\"},\"query-input\":{\"@type\":\"PropertyValueSpecification\",\"valueRequired\":true,\"valueName\":\"search_term_string\"}}],\"inLanguage\":\"fr-FR\"},{\"@type\":\"Organization\",\"@id\":\"https:\\\/\\\/fcaresystems.com\\\/fr\\\/#organization\",\"name\":\"F Care Systems\",\"url\":\"https:\\\/\\\/fcaresystems.com\\\/fr\\\/\",\"logo\":{\"@type\":\"ImageObject\",\"inLanguage\":\"fr-FR\",\"@id\":\"https:\\\/\\\/fcaresystems.com\\\/fr\\\/#\\\/schema\\\/logo\\\/image\\\/\",\"url\":\"https:\\\/\\\/fcaresystems.com\\\/wp-content\\\/uploads\\\/2022\\\/11\\\/logo-2.svg\",\"contentUrl\":\"https:\\\/\\\/fcaresystems.com\\\/wp-content\\\/uploads\\\/2022\\\/11\\\/logo-2.svg\",\"caption\":\"F Care Systems\"},\"image\":{\"@id\":\"https:\\\/\\\/fcaresystems.com\\\/fr\\\/#\\\/schema\\\/logo\\\/image\\\/\"}}]}<\/script>\n<!-- \/ Yoast SEO plugin. -->","yoast_head_json":{"title":"F Care Systems | Fabricant de dispositifs m\u00e9dicaux de radiofr\u00e9quence","description":"Les sp\u00e9cialistes en dispositifs m\u00e9dicaux par radiofr\u00e9quences de F Care Systems mettent au point des solutions innovantes pour les applications de proctologie, de phl\u00e9bologie et de dermatologie.","robots":{"index":"index","follow":"follow","max-snippet":"max-snippet:-1","max-image-preview":"max-image-preview:large","max-video-preview":"max-video-preview:-1"},"canonical":"https:\/\/fcaresystems.com\/fr\/","og_locale":"fr_FR","og_type":"article","og_title":"F Care Systems | Fabricant de dispositifs m\u00e9dicaux de radiofr\u00e9quence","og_description":"Les sp\u00e9cialistes en dispositifs m\u00e9dicaux par radiofr\u00e9quences de F Care Systems mettent au point des solutions innovantes pour les applications de proctologie, de phl\u00e9bologie et de dermatologie.","og_url":"https:\/\/fcaresystems.com\/fr\/","og_site_name":"F Care Systems","article_modified_time":"2023-10-10T13:14:48+00:00","og_image":[{"url":"https:\/\/fcaresystems.com\/wp-content\/uploads\/2022\/10\/hero-home.jpg","type":"","width":"","height":""}],"twitter_card":"summary_large_image","twitter_misc":{"Dur\u00e9e de lecture estim\u00e9e":"3 minutes"},"schema":{"@context":"https:\/\/schema.org","@graph":[{"@type":"WebPage","@id":"https:\/\/fcaresystems.com\/fr\/","url":"https:\/\/fcaresystems.com\/fr\/","name":"F Care Systems | Fabricant de dispositifs m\u00e9dicaux de radiofr\u00e9quence","isPartOf":{"@id":"https:\/\/fcaresystems.com\/fr\/#website"},"primaryImageOfPage":{"@id":"https:\/\/fcaresystems.com\/fr\/#primaryimage"},"image":{"@id":"https:\/\/fcaresystems.com\/fr\/#primaryimage"},"thumbnailUrl":"https:\/\/fcaresystems.com\/wp-content\/uploads\/2022\/10\/hero-home.jpg","datePublished":"2022-10-06T10:57:19+00:00","dateModified":"2023-10-10T13:14:48+00:00","description":"Les sp\u00e9cialistes en dispositifs m\u00e9dicaux par radiofr\u00e9quences de F Care Systems mettent au point des solutions innovantes pour les applications de proctologie, de phl\u00e9bologie et de dermatologie.","breadcrumb":{"@id":"https:\/\/fcaresystems.com\/fr\/#breadcrumb"},"inLanguage":"fr-FR","potentialAction":[{"@type":"ReadAction","target":["https:\/\/fcaresystems.com\/fr\/"]}]},{"@type":"ImageObject","inLanguage":"fr-FR","@id":"https:\/\/fcaresystems.com\/fr\/#primaryimage","url":"https:\/\/fcaresystems.com\/wp-content\/uploads\/2022\/10\/hero-home.jpg","contentUrl":"https:\/\/fcaresystems.com\/wp-content\/uploads\/2022\/10\/hero-home.jpg"},{"@type":"BreadcrumbList","@id":"https:\/\/fcaresystems.com\/fr\/#breadcrumb","itemListElement":[{"@type":"ListItem","position":1,"name":"Home","item":"https:\/\/fcaresystems.com\/fr\/"},{"@type":"ListItem","position":2,"name":"Accueil"}]},{"@type":"WebSite","@id":"https:\/\/fcaresystems.com\/fr\/#website","url":"https:\/\/fcaresystems.com\/fr\/","name":"F Care Systems","description":"","publisher":{"@id":"https:\/\/fcaresystems.com\/fr\/#organization"},"potentialAction":[{"@type":"SearchAction","target":{"@type":"EntryPoint","urlTemplate":"https:\/\/fcaresystems.com\/fr\/?s={search_term_string}"},"query-input":{"@type":"PropertyValueSpecification","valueRequired":true,"valueName":"search_term_string"}}],"inLanguage":"fr-FR"},{"@type":"Organization","@id":"https:\/\/fcaresystems.com\/fr\/#organization","name":"F Care Systems","url":"https:\/\/fcaresystems.com\/fr\/","logo":{"@type":"ImageObject","inLanguage":"fr-FR","@id":"https:\/\/fcaresystems.com\/fr\/#\/schema\/logo\/image\/","url":"https:\/\/fcaresystems.com\/wp-content\/uploads\/2022\/11\/logo-2.svg","contentUrl":"https:\/\/fcaresystems.com\/wp-content\/uploads\/2022\/11\/logo-2.svg","caption":"F Care Systems"},"image":{"@id":"https:\/\/fcaresystems.com\/fr\/#\/schema\/logo\/image\/"}}]}},"_links":{"self":[{"href":"https:\/\/fcaresystems.com\/fr\/wp-json\/wp\/v2\/pages\/6397","targetHints":{"allow":["GET"]}}],"collection":[{"href":"https:\/\/fcaresystems.com\/fr\/wp-json\/wp\/v2\/pages"}],"about":[{"href":"https:\/\/fcaresystems.com\/fr\/wp-json\/wp\/v2\/types\/page"}],"author":[{"embeddable":true,"href":"https:\/\/fcaresystems.com\/fr\/wp-json\/wp\/v2\/users\/1"}],"replies":[{"embeddable":true,"href":"https:\/\/fcaresystems.com\/fr\/wp-json\/wp\/v2\/comments?post=6397"}],"version-history":[{"count":14,"href":"https:\/\/fcaresystems.com\/fr\/wp-json\/wp\/v2\/pages\/6397\/revisions"}],"predecessor-version":[{"id":12824,"href":"https:\/\/fcaresystems.com\/fr\/wp-json\/wp\/v2\/pages\/6397\/revisions\/12824"}],"wp:attachment":[{"href":"https:\/\/fcaresystems.com\/fr\/wp-json\/wp\/v2\/media?parent=6397"}],"curies":[{"name":"wp","href":"https:\/\/api.w.org\/{rel}","templated":true}]}}