{"id":6369,"date":"2022-10-24T14:23:49","date_gmt":"2022-10-24T12:23:49","guid":{"rendered":"https:\/\/fcaresystems.com\/about-us\/"},"modified":"2024-03-04T22:34:45","modified_gmt":"2024-03-04T21:34:45","slug":"sur-nous","status":"publish","type":"page","link":"https:\/\/fcaresystems.com\/fr\/sur-nous\/","title":{"rendered":"Sur nous"},"content":{"rendered":"\n<section class=\"wp-block-fcs-core-header is-style-gradient\"><header class=\"c-header c-header-wrapper c-header-wrapper-s\"><figure class=\"c-header-img \"><img loading=\"lazy\" decoding=\"async\" src=\"https:\/\/fcaresystems.com\/wp-content\/uploads\/2022\/12\/Quality-control.jpg\" width=\"5120\" height=\"2880\" class=\"c-header-img\"\/><figcaption class=\"c-header-content\"><div class=\"o-container\">\n<div class=\"wp-block-fcs-core-spacer u-padding-sm-lg u-padding-sm\"><\/div>\n\n\n\n<div class=\"wp-block-group c-breadcrumb\"><div class=\"wp-block-group__inner-container is-layout-flow wp-block-group-is-layout-flow\"><span><span><a href=\"https:\/\/fcaresystems.com\/fr\/\">Home<\/a><\/span><\/span>\n<\/div><\/div>\n\n\n\n<div class=\"wp-block-fcs-core-spacer u-padding-md-lg u-padding-md\"><\/div>\n\n\n\n<h1 class=\"wp-block-heading\">Sur F Care Systems<\/h1>\n<\/div><\/figcaption><\/figure><\/header><\/section>\n\n\n\n<div class=\"wp-block-fcs-core-container o-container\">\n<div class=\"wp-block-fcs-core-spacer u-padding-lg-lg u-padding-md\"><\/div>\n\n\n\n<h2 class=\"wp-block-heading has-text-align-left has-primary-color has-text-color\">Notre entreprise<\/h2>\n\n\n\n<div class=\"wp-block-fcs-core-spacer u-padding-xxs-lg u-padding-xs\"><\/div>\n\n\n\n<div class=\"wp-block-columns is-layout-flex wp-container-core-columns-is-layout-9d6595d7 wp-block-columns-is-layout-flex\">\n<div class=\"wp-block-column is-layout-flow wp-block-column-is-layout-flow\" style=\"flex-basis:66.66%\">\n<p>Fond\u00e9e par Rudi Devers \u00e0 Anvers (BE) en&nbsp;2001, l&rsquo;entreprise F Care Systems dispose d\u00e9sormais de filiales florissantes en France, en Allemagne, aux \u00c9tats-Unis et \u00e0 Hong Kong, ainsi que d\u2019un r\u00e9seau de partenaires dans le monde entier. Avec l\u2019\u00e9nergie radiofr\u00e9quence comme c\u0153ur de m\u00e9tier, nous mettons l&rsquo;accent sur des <mark style=\"background-color:rgba(0, 0, 0, 0)\" class=\"has-inline-color has-primary-color\"><a href=\"https:\/\/fcaresystems.com\/fr\/traitements-mini-invasifs\/\">solutions mini-invasives<\/a><\/mark> qui fournissent des r\u00e9sultats durables avec un temps d\u2019arr\u00eat minimal. Nous proposons une gamme de g\u00e9n\u00e9rateurs RF monopolaires polyvalents et intuitifs, ainsi que des consommables adapt\u00e9s au traitement de nombreuses pathologies. Nous sommes \u00e9galement distributeur d\u2019accessoires de traitement de haute qualit\u00e9 fabriqu\u00e9s par des entreprises partenaires.<\/p>\n<\/div>\n\n\n\n<div class=\"wp-block-column is-layout-flow wp-block-column-is-layout-flow\" style=\"flex-basis:33.33%\"><\/div>\n<\/div>\n\n\n\n<div class=\"wp-block-fcs-core-spacer u-padding-md-lg u-padding-sm\"><\/div>\n\n\n\n<h2 class=\"wp-block-heading has-text-align-left has-primary-color has-text-color\">Recherche et d\u00e9veloppement<\/h2>\n\n\n\n<div class=\"wp-block-fcs-core-spacer u-padding-xs-lg u-padding-xs\"><\/div>\n\n\n\n<div class=\"wp-block-columns is-layout-flex wp-container-core-columns-is-layout-9d6595d7 wp-block-columns-is-layout-flex\">\n<div class=\"wp-block-column is-layout-flow wp-block-column-is-layout-flow\" style=\"flex-basis:66.66%\">\n<p>En tant que pionniers des \u00e9quipements de thermocoagulation par radiofr\u00e9quence, nous travaillons en \u00e9troite collaboration avec les h\u00f4pitaux universitaires pour identifier et r\u00e9pondre aux besoins d\u2019un march\u00e9 en rapide mutation. Nos ing\u00e9nieurs et d\u00e9veloppeurs de logiciels internes nous permettent de rester \u00e0 la pointe de la technologie m\u00e9dicale, en explorant de nouvelles technologies et de nouveaux domaines de sp\u00e9cialisation tout en am\u00e9liorant constamment l\u2019efficacit\u00e9 et la fiabilit\u00e9 de nos dispositifs existants. Les interfaces tactiles repens\u00e9es, la d\u00e9tection automatique des sondes et une gamme d\u2019applications en constante \u00e9volution ne sont que quelques exemples des fa\u00e7ons dont nous nous effor\u00e7ons d\u2019optimiser les avantages pour le client.<\/p>\n<\/div>\n\n\n\n<div class=\"wp-block-column is-layout-flow wp-block-column-is-layout-flow\" style=\"flex-basis:33.33%\"><\/div>\n<\/div>\n\n\n\n<div class=\"wp-block-fcs-core-spacer u-padding-md-lg u-padding-sm\"><\/div>\n\n\n\n<h2 class=\"wp-block-heading has-primary-color has-text-color\">Qualit\u00e9 et s\u00e9curit\u00e9<\/h2>\n\n\n\n<div class=\"wp-block-fcs-core-spacer u-padding-xs-lg u-padding-xs\"><\/div>\n\n\n\n<div class=\"wp-block-columns is-layout-flex wp-container-core-columns-is-layout-9d6595d7 wp-block-columns-is-layout-flex\">\n<div class=\"wp-block-column is-layout-flow wp-block-column-is-layout-flow\" style=\"flex-basis:66.66%\">\n<p>Chez F Care Systems, nous savons que la qualit\u00e9 est une question de vie ou de mort dans le monde m\u00e9dical, c\u2019est pourquoi nous portons fi\u00e8rement notre casquette de \u00ab&nbsp;perfectionniste&nbsp;\u00bb. Chaque fonction de chaque appareil est test\u00e9e rigoureusement avant d\u2019\u00eatre commercialis\u00e9e, et des syst\u00e8mes de mesure intelligents assurent une d\u00e9tection rapide de tout probl\u00e8me ult\u00e9rieur. Nous maintenons la <strong>certification ISO&nbsp;13485<\/strong> en tant que fabricant de dispositifs m\u00e9dicaux de haute qualit\u00e9, et nos dispositifs m\u00e9dicaux ont re\u00e7u le <strong>marquage CE<\/strong> et l\u2019autorisation <strong>510K<\/strong> de la Food and Drug Administration (FDA) des \u00c9tats-Unis. Nous sommes fiers de nous adapter aux nouvelles r\u00e9glementations le plus rapidement possible. Apr\u00e8s tout, dans ce monde en constante \u00e9volution, l&rsquo;immobilit\u00e9 est synonyme de recul.<\/p>\n<\/div>\n\n\n\n<div class=\"wp-block-column is-layout-flow wp-block-column-is-layout-flow\" style=\"flex-basis:33.33%\"><\/div>\n<\/div>\n\n\n\n<div class=\"wp-block-fcs-core-spacer u-padding-md-lg u-padding-sm\"><\/div>\n\n\n\n<h2 class=\"wp-block-heading has-primary-color has-text-color\">Collaboration mondiale<\/h2>\n\n\n\n<div class=\"wp-block-fcs-core-spacer u-padding-sm-lg u-padding-sm\"><\/div>\n\n\n\n<figure class=\"wp-block-image size-full is-style-full\"><img decoding=\"async\" src=\"https:\/\/fcaresystems.com\/wp-content\/uploads\/2023\/01\/Map-FCS.svg\" alt=\"\" class=\"wp-image-4390\"\/><\/figure>\n\n\n\n<div class=\"wp-block-fcs-core-spacer u-padding-xl-lg u-padding-md\"><\/div>\n<\/div>\n\n\n\n<div class=\"wp-block-group has-secondary-background-color has-background\"><div class=\"wp-block-group__inner-container is-layout-constrained wp-block-group-is-layout-constrained\">\n<div class=\"wp-block-fcs-core-container o-container\">\n<div class=\"wp-block-fcs-core-spacer u-padding-xl-lg u-padding-md\"><\/div>\n\n\n\n<h2 class=\"wp-block-heading has-text-align-center has-white-color has-text-color\">Vous souhaitez en savoir plus ?<\/h2>\n\n\n\n<div class=\"wp-block-buttons is-content-justification-center is-layout-flex wp-container-core-buttons-is-layout-16018d1d wp-block-buttons-is-layout-flex\">\n<div class=\"wp-block-button is-style-fill\"><a class=\"wp-block-button__link has-primary-background-color has-background wp-element-button\" href=\"https:\/\/fcaresystems.com\/fr\/contact\/\">Contactez-nous<\/a><\/div>\n<\/div>\n\n\n\n<div class=\"wp-block-fcs-core-spacer u-padding-xl-lg u-padding-md\"><\/div>\n<\/div>\n<\/div><\/div>\n","protected":false},"excerpt":{"rendered":"","protected":false},"author":1,"featured_media":0,"parent":0,"menu_order":0,"comment_status":"closed","ping_status":"closed","template":"","meta":{"_color_hex":"","_color_slug":"","footnotes":""},"class_list":["post-6369","page","type-page","status-publish","hentry"],"yoast_head":"<!-- This site is optimized with the Yoast SEO plugin v27.0 - https:\/\/yoast.com\/product\/yoast-seo-wordpress\/ -->\n<title>Sur Nous | Soci\u00e9t\u00e9 de dispositifs m\u00e9dicaux | F Care Systems<\/title>\n<meta name=\"description\" content=\"F Care Systems est d\u00e9veloppeur, fabricant et distributeur mondial de dispositifs m\u00e9dicaux de qualit\u00e9.\" \/>\n<meta name=\"robots\" content=\"index, follow, max-snippet:-1, max-image-preview:large, max-video-preview:-1\" \/>\n<link rel=\"canonical\" href=\"https:\/\/fcaresystems.com\/fr\/sur-nous\/\" \/>\n<meta property=\"og:locale\" content=\"fr_FR\" \/>\n<meta property=\"og:type\" content=\"article\" \/>\n<meta property=\"og:title\" content=\"Sur Nous | Soci\u00e9t\u00e9 de dispositifs m\u00e9dicaux | F Care Systems\" \/>\n<meta property=\"og:description\" content=\"F Care Systems est d\u00e9veloppeur, fabricant et distributeur mondial de dispositifs m\u00e9dicaux de qualit\u00e9.\" \/>\n<meta property=\"og:url\" content=\"https:\/\/fcaresystems.com\/fr\/sur-nous\/\" \/>\n<meta property=\"og:site_name\" content=\"F Care Systems\" \/>\n<meta property=\"article:modified_time\" content=\"2024-03-04T21:34:45+00:00\" \/>\n<meta property=\"og:image\" content=\"https:\/\/fcaresystems.com\/wp-content\/uploads\/2022\/12\/Quality-control.jpg\" \/>\n<meta name=\"twitter:card\" content=\"summary_large_image\" \/>\n<meta name=\"twitter:label1\" content=\"Dur\u00e9e de lecture estim\u00e9e\" \/>\n\t<meta name=\"twitter:data1\" content=\"2 minutes\" \/>\n<script type=\"application\/ld+json\" class=\"yoast-schema-graph\">{\"@context\":\"https:\/\/schema.org\",\"@graph\":[{\"@type\":\"WebPage\",\"@id\":\"https:\/\/fcaresystems.com\/fr\/sur-nous\/\",\"url\":\"https:\/\/fcaresystems.com\/fr\/sur-nous\/\",\"name\":\"Sur Nous | Soci\u00e9t\u00e9 de dispositifs m\u00e9dicaux | F Care Systems\",\"isPartOf\":{\"@id\":\"https:\/\/fcaresystems.com\/fr\/#website\"},\"primaryImageOfPage\":{\"@id\":\"https:\/\/fcaresystems.com\/fr\/sur-nous\/#primaryimage\"},\"image\":{\"@id\":\"https:\/\/fcaresystems.com\/fr\/sur-nous\/#primaryimage\"},\"thumbnailUrl\":\"https:\/\/fcaresystems.com\/wp-content\/uploads\/2022\/12\/Quality-control.jpg\",\"datePublished\":\"2022-10-24T12:23:49+00:00\",\"dateModified\":\"2024-03-04T21:34:45+00:00\",\"description\":\"F Care Systems est d\u00e9veloppeur, fabricant et distributeur mondial de dispositifs m\u00e9dicaux de qualit\u00e9.\",\"breadcrumb\":{\"@id\":\"https:\/\/fcaresystems.com\/fr\/sur-nous\/#breadcrumb\"},\"inLanguage\":\"fr-FR\",\"potentialAction\":[{\"@type\":\"ReadAction\",\"target\":[\"https:\/\/fcaresystems.com\/fr\/sur-nous\/\"]}]},{\"@type\":\"ImageObject\",\"inLanguage\":\"fr-FR\",\"@id\":\"https:\/\/fcaresystems.com\/fr\/sur-nous\/#primaryimage\",\"url\":\"https:\/\/fcaresystems.com\/wp-content\/uploads\/2022\/12\/Quality-control.jpg\",\"contentUrl\":\"https:\/\/fcaresystems.com\/wp-content\/uploads\/2022\/12\/Quality-control.jpg\"},{\"@type\":\"BreadcrumbList\",\"@id\":\"https:\/\/fcaresystems.com\/fr\/sur-nous\/#breadcrumb\",\"itemListElement\":[{\"@type\":\"ListItem\",\"position\":1,\"name\":\"Home\",\"item\":\"https:\/\/fcaresystems.com\/fr\/\"},{\"@type\":\"ListItem\",\"position\":2,\"name\":\"Sur nous\"}]},{\"@type\":\"WebSite\",\"@id\":\"https:\/\/fcaresystems.com\/fr\/#website\",\"url\":\"https:\/\/fcaresystems.com\/fr\/\",\"name\":\"F Care Systems\",\"description\":\"\",\"publisher\":{\"@id\":\"https:\/\/fcaresystems.com\/fr\/#organization\"},\"potentialAction\":[{\"@type\":\"SearchAction\",\"target\":{\"@type\":\"EntryPoint\",\"urlTemplate\":\"https:\/\/fcaresystems.com\/fr\/?s={search_term_string}\"},\"query-input\":{\"@type\":\"PropertyValueSpecification\",\"valueRequired\":true,\"valueName\":\"search_term_string\"}}],\"inLanguage\":\"fr-FR\"},{\"@type\":\"Organization\",\"@id\":\"https:\/\/fcaresystems.com\/fr\/#organization\",\"name\":\"F Care Systems\",\"url\":\"https:\/\/fcaresystems.com\/fr\/\",\"logo\":{\"@type\":\"ImageObject\",\"inLanguage\":\"fr-FR\",\"@id\":\"https:\/\/fcaresystems.com\/fr\/#\/schema\/logo\/image\/\",\"url\":\"https:\/\/fcaresystems.com\/wp-content\/uploads\/2022\/11\/logo-2.svg\",\"contentUrl\":\"https:\/\/fcaresystems.com\/wp-content\/uploads\/2022\/11\/logo-2.svg\",\"caption\":\"F Care Systems\"},\"image\":{\"@id\":\"https:\/\/fcaresystems.com\/fr\/#\/schema\/logo\/image\/\"}}]}<\/script>\n<!-- \/ Yoast SEO plugin. -->","yoast_head_json":{"title":"Sur Nous | Soci\u00e9t\u00e9 de dispositifs m\u00e9dicaux | F Care Systems","description":"F Care Systems est d\u00e9veloppeur, fabricant et distributeur mondial de dispositifs m\u00e9dicaux de qualit\u00e9.","robots":{"index":"index","follow":"follow","max-snippet":"max-snippet:-1","max-image-preview":"max-image-preview:large","max-video-preview":"max-video-preview:-1"},"canonical":"https:\/\/fcaresystems.com\/fr\/sur-nous\/","og_locale":"fr_FR","og_type":"article","og_title":"Sur Nous | Soci\u00e9t\u00e9 de dispositifs m\u00e9dicaux | F Care Systems","og_description":"F Care Systems est d\u00e9veloppeur, fabricant et distributeur mondial de dispositifs m\u00e9dicaux de qualit\u00e9.","og_url":"https:\/\/fcaresystems.com\/fr\/sur-nous\/","og_site_name":"F Care Systems","article_modified_time":"2024-03-04T21:34:45+00:00","og_image":[{"url":"https:\/\/fcaresystems.com\/wp-content\/uploads\/2022\/12\/Quality-control.jpg","type":"","width":"","height":""}],"twitter_card":"summary_large_image","twitter_misc":{"Dur\u00e9e de lecture estim\u00e9e":"2 minutes"},"schema":{"@context":"https:\/\/schema.org","@graph":[{"@type":"WebPage","@id":"https:\/\/fcaresystems.com\/fr\/sur-nous\/","url":"https:\/\/fcaresystems.com\/fr\/sur-nous\/","name":"Sur Nous | Soci\u00e9t\u00e9 de dispositifs m\u00e9dicaux | F Care Systems","isPartOf":{"@id":"https:\/\/fcaresystems.com\/fr\/#website"},"primaryImageOfPage":{"@id":"https:\/\/fcaresystems.com\/fr\/sur-nous\/#primaryimage"},"image":{"@id":"https:\/\/fcaresystems.com\/fr\/sur-nous\/#primaryimage"},"thumbnailUrl":"https:\/\/fcaresystems.com\/wp-content\/uploads\/2022\/12\/Quality-control.jpg","datePublished":"2022-10-24T12:23:49+00:00","dateModified":"2024-03-04T21:34:45+00:00","description":"F Care Systems est d\u00e9veloppeur, fabricant et distributeur mondial de dispositifs m\u00e9dicaux de qualit\u00e9.","breadcrumb":{"@id":"https:\/\/fcaresystems.com\/fr\/sur-nous\/#breadcrumb"},"inLanguage":"fr-FR","potentialAction":[{"@type":"ReadAction","target":["https:\/\/fcaresystems.com\/fr\/sur-nous\/"]}]},{"@type":"ImageObject","inLanguage":"fr-FR","@id":"https:\/\/fcaresystems.com\/fr\/sur-nous\/#primaryimage","url":"https:\/\/fcaresystems.com\/wp-content\/uploads\/2022\/12\/Quality-control.jpg","contentUrl":"https:\/\/fcaresystems.com\/wp-content\/uploads\/2022\/12\/Quality-control.jpg"},{"@type":"BreadcrumbList","@id":"https:\/\/fcaresystems.com\/fr\/sur-nous\/#breadcrumb","itemListElement":[{"@type":"ListItem","position":1,"name":"Home","item":"https:\/\/fcaresystems.com\/fr\/"},{"@type":"ListItem","position":2,"name":"Sur nous"}]},{"@type":"WebSite","@id":"https:\/\/fcaresystems.com\/fr\/#website","url":"https:\/\/fcaresystems.com\/fr\/","name":"F Care Systems","description":"","publisher":{"@id":"https:\/\/fcaresystems.com\/fr\/#organization"},"potentialAction":[{"@type":"SearchAction","target":{"@type":"EntryPoint","urlTemplate":"https:\/\/fcaresystems.com\/fr\/?s={search_term_string}"},"query-input":{"@type":"PropertyValueSpecification","valueRequired":true,"valueName":"search_term_string"}}],"inLanguage":"fr-FR"},{"@type":"Organization","@id":"https:\/\/fcaresystems.com\/fr\/#organization","name":"F Care Systems","url":"https:\/\/fcaresystems.com\/fr\/","logo":{"@type":"ImageObject","inLanguage":"fr-FR","@id":"https:\/\/fcaresystems.com\/fr\/#\/schema\/logo\/image\/","url":"https:\/\/fcaresystems.com\/wp-content\/uploads\/2022\/11\/logo-2.svg","contentUrl":"https:\/\/fcaresystems.com\/wp-content\/uploads\/2022\/11\/logo-2.svg","caption":"F Care Systems"},"image":{"@id":"https:\/\/fcaresystems.com\/fr\/#\/schema\/logo\/image\/"}}]}},"_links":{"self":[{"href":"https:\/\/fcaresystems.com\/fr\/wp-json\/wp\/v2\/pages\/6369","targetHints":{"allow":["GET"]}}],"collection":[{"href":"https:\/\/fcaresystems.com\/fr\/wp-json\/wp\/v2\/pages"}],"about":[{"href":"https:\/\/fcaresystems.com\/fr\/wp-json\/wp\/v2\/types\/page"}],"author":[{"embeddable":true,"href":"https:\/\/fcaresystems.com\/fr\/wp-json\/wp\/v2\/users\/1"}],"replies":[{"embeddable":true,"href":"https:\/\/fcaresystems.com\/fr\/wp-json\/wp\/v2\/comments?post=6369"}],"version-history":[{"count":11,"href":"https:\/\/fcaresystems.com\/fr\/wp-json\/wp\/v2\/pages\/6369\/revisions"}],"predecessor-version":[{"id":13341,"href":"https:\/\/fcaresystems.com\/fr\/wp-json\/wp\/v2\/pages\/6369\/revisions\/13341"}],"wp:attachment":[{"href":"https:\/\/fcaresystems.com\/fr\/wp-json\/wp\/v2\/media?parent=6369"}],"curies":[{"name":"wp","href":"https:\/\/api.w.org\/{rel}","templated":true}]}}