{"id":16247,"date":"2022-11-18T14:06:32","date_gmt":"2022-11-18T13:06:32","guid":{"rendered":"https:\/\/fcaresystems.com\/traitements-mini-invasifs\/oncology\/"},"modified":"2026-03-12T11:41:23","modified_gmt":"2026-03-12T10:41:23","slug":"oncology","status":"publish","type":"page","link":"https:\/\/fcaresystems.com\/fr\/traitements-mini-invasifs\/oncology\/","title":{"rendered":"Oncologie"},"content":{"rendered":"\n<section class=\"wp-block-fcs-core-header\"><header class=\"c-header c-header-wrapper c-header-wrapper-s\"><figure class=\"c-header-img \"><img loading=\"lazy\" decoding=\"async\" src=\"https:\/\/fcaresystems.com\/wp-content\/uploads\/2022\/11\/treatments.jpg\" width=\"2160\" height=\"450\" class=\"c-header-img\"\/><figcaption class=\"c-header-content\"><div class=\"o-container\">\n<div class=\"wp-block-fcs-core-spacer u-padding-sm-lg u-padding-sm\"><\/div>\n\n\n\n<div class=\"wp-block-group c-breadcrumb\"><div class=\"wp-block-group__inner-container is-layout-flow wp-block-group-is-layout-flow\"><span><span><a href=\"https:\/\/fcaresystems.com\/fr\/\">Home<\/a><\/span><\/span>\n<\/div><\/div>\n\n\n\n<div class=\"wp-block-fcs-core-spacer u-padding-xs-lg u-padding-xs\"><\/div>\n\n\n\n<figure class=\"wp-block-image size-full\"><img decoding=\"async\" src=\"https:\/\/fcaresystems.com\/wp-content\/uploads\/2022\/11\/icon-big-proctology-dik-wit.svg\" alt=\"\" class=\"wp-image-1031\"\/><\/figure>\n\n\n\n<div class=\"wp-block-fcs-core-spacer u-padding-xs-lg u-padding-xs\"><\/div>\n\n\n\n<h1 class=\"wp-block-heading has-white-color has-text-color\"><strong>Une approche mini-invasive<\/strong> <strong>des n\u00e9oplasmes<\/strong><\/h1>\n<\/div><\/figcaption><\/figure><\/header><\/section>\n\n\n\n<div class=\"wp-block-fcs-core-container o-container\">\n<div class=\"wp-block-fcs-core-spacer u-padding-xl-lg u-padding-md\"><\/div>\n\n\n\n<div class=\"wp-block-columns is-layout-flex wp-container-core-columns-is-layout-9d6595d7 wp-block-columns-is-layout-flex\">\n<div class=\"wp-block-column is-layout-flow wp-block-column-is-layout-flow\" style=\"flex-basis:33.33%\">\n<h2 class=\"wp-block-heading has-primary-color has-text-color\">Tumeurs<\/h2>\n<\/div>\n\n\n\n<div class=\"wp-block-column is-layout-flow wp-block-column-is-layout-flow\" style=\"flex-basis:66.66%\">\n<div class=\"wp-block-columns is-layout-flex wp-container-core-columns-is-layout-9d6595d7 wp-block-columns-is-layout-flex\">\n<div class=\"wp-block-column is-layout-flow wp-block-column-is-layout-flow\">\n<a class=\"c-card c-card--image\"><div class=\"u-padding-sm o-flex o-flex-column o-flex-justify-content-between o-flex-grow\"><div>\n<h3 class=\"wp-block-heading has-primary-color has-text-color\">Ablation par <strong>radiofr\u00e9quence<\/strong><\/h3>\n\n\n\n<p>La thermocoagulation par radiofr\u00e9quence est une solution \u00e9prouv\u00e9e pour traiter les n\u00e9oplasmes h\u00e9patiques et les nodules thyro\u00efdiens sans les risques li\u00e9s \u00e0 la chirurgie.<\/p>\n<\/div><div class=\"c-card__button\">Traitement<\/div><\/div><\/a>\n<\/div>\n\n\n\n<div class=\"wp-block-column is-layout-flow wp-block-column-is-layout-flow\"><\/div>\n<\/div>\n<\/div>\n<\/div>\n\n\n\n<div class=\"wp-block-fcs-core-spacer u-padding-lg-lg u-padding-sm\"><\/div>\n\n\n\n<div class=\"wp-block-fcs-core-spacer u-padding-xl-lg u-padding-md\"><\/div>\n<\/div>\n","protected":false},"excerpt":{"rendered":"","protected":false},"author":1,"featured_media":0,"parent":7247,"menu_order":4,"comment_status":"closed","ping_status":"closed","template":"","meta":{"_color_hex":"","_color_slug":"","footnotes":""},"class_list":["post-16247","page","type-page","status-publish","hentry"],"yoast_head":"<!-- This site is optimized with the Yoast SEO plugin v27.0 - https:\/\/yoast.com\/product\/yoast-seo-wordpress\/ -->\n<title>F Care Systems | Oncologie<\/title>\n<meta name=\"description\" content=\"RF applications in oncology | Information on treating liver, lung and thyroid tumours using minimally invasive radiofrequency ablation.\" \/>\n<meta name=\"robots\" content=\"index, follow, max-snippet:-1, max-image-preview:large, max-video-preview:-1\" \/>\n<link rel=\"canonical\" href=\"https:\/\/fcaresystems.com\/fr\/traitements-mini-invasifs\/oncology\/\" \/>\n<meta property=\"og:locale\" content=\"fr_FR\" \/>\n<meta property=\"og:type\" content=\"article\" \/>\n<meta property=\"og:title\" content=\"F Care Systems | Oncologie\" \/>\n<meta property=\"og:description\" content=\"RF applications in oncology | Information on treating liver, lung and thyroid tumours using minimally invasive radiofrequency ablation.\" \/>\n<meta property=\"og:url\" content=\"https:\/\/fcaresystems.com\/fr\/traitements-mini-invasifs\/oncology\/\" \/>\n<meta property=\"og:site_name\" content=\"F Care Systems\" \/>\n<meta property=\"article:modified_time\" content=\"2026-03-12T10:41:23+00:00\" \/>\n<meta property=\"og:image\" content=\"https:\/\/fcaresystems.com\/wp-content\/uploads\/2022\/11\/treatments.jpg\" \/>\n<meta name=\"twitter:card\" content=\"summary_large_image\" \/>\n<meta name=\"twitter:label1\" content=\"Dur\u00e9e de lecture estim\u00e9e\" \/>\n\t<meta name=\"twitter:data1\" content=\"1 minute\" \/>\n<script type=\"application\/ld+json\" class=\"yoast-schema-graph\">{\"@context\":\"https:\/\/schema.org\",\"@graph\":[{\"@type\":\"WebPage\",\"@id\":\"https:\/\/fcaresystems.com\/fr\/traitements-mini-invasifs\/oncology\/\",\"url\":\"https:\/\/fcaresystems.com\/fr\/traitements-mini-invasifs\/oncology\/\",\"name\":\"F Care Systems | Oncologie\",\"isPartOf\":{\"@id\":\"https:\/\/fcaresystems.com\/fr\/#website\"},\"primaryImageOfPage\":{\"@id\":\"https:\/\/fcaresystems.com\/fr\/traitements-mini-invasifs\/oncology\/#primaryimage\"},\"image\":{\"@id\":\"https:\/\/fcaresystems.com\/fr\/traitements-mini-invasifs\/oncology\/#primaryimage\"},\"thumbnailUrl\":\"https:\/\/fcaresystems.com\/wp-content\/uploads\/2022\/11\/treatments.jpg\",\"datePublished\":\"2022-11-18T13:06:32+00:00\",\"dateModified\":\"2026-03-12T10:41:23+00:00\",\"description\":\"RF applications in oncology | Information on treating liver, lung and thyroid tumours using minimally invasive radiofrequency ablation.\",\"breadcrumb\":{\"@id\":\"https:\/\/fcaresystems.com\/fr\/traitements-mini-invasifs\/oncology\/#breadcrumb\"},\"inLanguage\":\"fr-FR\",\"potentialAction\":[{\"@type\":\"ReadAction\",\"target\":[\"https:\/\/fcaresystems.com\/fr\/traitements-mini-invasifs\/oncology\/\"]}]},{\"@type\":\"ImageObject\",\"inLanguage\":\"fr-FR\",\"@id\":\"https:\/\/fcaresystems.com\/fr\/traitements-mini-invasifs\/oncology\/#primaryimage\",\"url\":\"https:\/\/fcaresystems.com\/wp-content\/uploads\/2022\/11\/treatments.jpg\",\"contentUrl\":\"https:\/\/fcaresystems.com\/wp-content\/uploads\/2022\/11\/treatments.jpg\"},{\"@type\":\"BreadcrumbList\",\"@id\":\"https:\/\/fcaresystems.com\/fr\/traitements-mini-invasifs\/oncology\/#breadcrumb\",\"itemListElement\":[{\"@type\":\"ListItem\",\"position\":1,\"name\":\"Home\",\"item\":\"https:\/\/fcaresystems.com\/fr\/\"},{\"@type\":\"ListItem\",\"position\":2,\"name\":\"Traitements\",\"item\":\"https:\/\/fcaresystems.com\/fr\/traitements-mini-invasifs\/\"},{\"@type\":\"ListItem\",\"position\":3,\"name\":\"Oncologie\"}]},{\"@type\":\"WebSite\",\"@id\":\"https:\/\/fcaresystems.com\/fr\/#website\",\"url\":\"https:\/\/fcaresystems.com\/fr\/\",\"name\":\"F Care Systems\",\"description\":\"\",\"publisher\":{\"@id\":\"https:\/\/fcaresystems.com\/fr\/#organization\"},\"potentialAction\":[{\"@type\":\"SearchAction\",\"target\":{\"@type\":\"EntryPoint\",\"urlTemplate\":\"https:\/\/fcaresystems.com\/fr\/?s={search_term_string}\"},\"query-input\":{\"@type\":\"PropertyValueSpecification\",\"valueRequired\":true,\"valueName\":\"search_term_string\"}}],\"inLanguage\":\"fr-FR\"},{\"@type\":\"Organization\",\"@id\":\"https:\/\/fcaresystems.com\/fr\/#organization\",\"name\":\"F Care Systems\",\"url\":\"https:\/\/fcaresystems.com\/fr\/\",\"logo\":{\"@type\":\"ImageObject\",\"inLanguage\":\"fr-FR\",\"@id\":\"https:\/\/fcaresystems.com\/fr\/#\/schema\/logo\/image\/\",\"url\":\"https:\/\/fcaresystems.com\/wp-content\/uploads\/2022\/11\/logo-2.svg\",\"contentUrl\":\"https:\/\/fcaresystems.com\/wp-content\/uploads\/2022\/11\/logo-2.svg\",\"caption\":\"F Care Systems\"},\"image\":{\"@id\":\"https:\/\/fcaresystems.com\/fr\/#\/schema\/logo\/image\/\"}}]}<\/script>\n<!-- \/ Yoast SEO plugin. -->","yoast_head_json":{"title":"F Care Systems | Oncologie","description":"RF applications in oncology | Information on treating liver, lung and thyroid tumours using minimally invasive radiofrequency ablation.","robots":{"index":"index","follow":"follow","max-snippet":"max-snippet:-1","max-image-preview":"max-image-preview:large","max-video-preview":"max-video-preview:-1"},"canonical":"https:\/\/fcaresystems.com\/fr\/traitements-mini-invasifs\/oncology\/","og_locale":"fr_FR","og_type":"article","og_title":"F Care Systems | Oncologie","og_description":"RF applications in oncology | Information on treating liver, lung and thyroid tumours using minimally invasive radiofrequency ablation.","og_url":"https:\/\/fcaresystems.com\/fr\/traitements-mini-invasifs\/oncology\/","og_site_name":"F Care Systems","article_modified_time":"2026-03-12T10:41:23+00:00","og_image":[{"url":"https:\/\/fcaresystems.com\/wp-content\/uploads\/2022\/11\/treatments.jpg","type":"","width":"","height":""}],"twitter_card":"summary_large_image","twitter_misc":{"Dur\u00e9e de lecture estim\u00e9e":"1 minute"},"schema":{"@context":"https:\/\/schema.org","@graph":[{"@type":"WebPage","@id":"https:\/\/fcaresystems.com\/fr\/traitements-mini-invasifs\/oncology\/","url":"https:\/\/fcaresystems.com\/fr\/traitements-mini-invasifs\/oncology\/","name":"F Care Systems | Oncologie","isPartOf":{"@id":"https:\/\/fcaresystems.com\/fr\/#website"},"primaryImageOfPage":{"@id":"https:\/\/fcaresystems.com\/fr\/traitements-mini-invasifs\/oncology\/#primaryimage"},"image":{"@id":"https:\/\/fcaresystems.com\/fr\/traitements-mini-invasifs\/oncology\/#primaryimage"},"thumbnailUrl":"https:\/\/fcaresystems.com\/wp-content\/uploads\/2022\/11\/treatments.jpg","datePublished":"2022-11-18T13:06:32+00:00","dateModified":"2026-03-12T10:41:23+00:00","description":"RF applications in oncology | Information on treating liver, lung and thyroid tumours using minimally invasive radiofrequency ablation.","breadcrumb":{"@id":"https:\/\/fcaresystems.com\/fr\/traitements-mini-invasifs\/oncology\/#breadcrumb"},"inLanguage":"fr-FR","potentialAction":[{"@type":"ReadAction","target":["https:\/\/fcaresystems.com\/fr\/traitements-mini-invasifs\/oncology\/"]}]},{"@type":"ImageObject","inLanguage":"fr-FR","@id":"https:\/\/fcaresystems.com\/fr\/traitements-mini-invasifs\/oncology\/#primaryimage","url":"https:\/\/fcaresystems.com\/wp-content\/uploads\/2022\/11\/treatments.jpg","contentUrl":"https:\/\/fcaresystems.com\/wp-content\/uploads\/2022\/11\/treatments.jpg"},{"@type":"BreadcrumbList","@id":"https:\/\/fcaresystems.com\/fr\/traitements-mini-invasifs\/oncology\/#breadcrumb","itemListElement":[{"@type":"ListItem","position":1,"name":"Home","item":"https:\/\/fcaresystems.com\/fr\/"},{"@type":"ListItem","position":2,"name":"Traitements","item":"https:\/\/fcaresystems.com\/fr\/traitements-mini-invasifs\/"},{"@type":"ListItem","position":3,"name":"Oncologie"}]},{"@type":"WebSite","@id":"https:\/\/fcaresystems.com\/fr\/#website","url":"https:\/\/fcaresystems.com\/fr\/","name":"F Care Systems","description":"","publisher":{"@id":"https:\/\/fcaresystems.com\/fr\/#organization"},"potentialAction":[{"@type":"SearchAction","target":{"@type":"EntryPoint","urlTemplate":"https:\/\/fcaresystems.com\/fr\/?s={search_term_string}"},"query-input":{"@type":"PropertyValueSpecification","valueRequired":true,"valueName":"search_term_string"}}],"inLanguage":"fr-FR"},{"@type":"Organization","@id":"https:\/\/fcaresystems.com\/fr\/#organization","name":"F Care Systems","url":"https:\/\/fcaresystems.com\/fr\/","logo":{"@type":"ImageObject","inLanguage":"fr-FR","@id":"https:\/\/fcaresystems.com\/fr\/#\/schema\/logo\/image\/","url":"https:\/\/fcaresystems.com\/wp-content\/uploads\/2022\/11\/logo-2.svg","contentUrl":"https:\/\/fcaresystems.com\/wp-content\/uploads\/2022\/11\/logo-2.svg","caption":"F Care Systems"},"image":{"@id":"https:\/\/fcaresystems.com\/fr\/#\/schema\/logo\/image\/"}}]}},"_links":{"self":[{"href":"https:\/\/fcaresystems.com\/fr\/wp-json\/wp\/v2\/pages\/16247","targetHints":{"allow":["GET"]}}],"collection":[{"href":"https:\/\/fcaresystems.com\/fr\/wp-json\/wp\/v2\/pages"}],"about":[{"href":"https:\/\/fcaresystems.com\/fr\/wp-json\/wp\/v2\/types\/page"}],"author":[{"embeddable":true,"href":"https:\/\/fcaresystems.com\/fr\/wp-json\/wp\/v2\/users\/1"}],"replies":[{"embeddable":true,"href":"https:\/\/fcaresystems.com\/fr\/wp-json\/wp\/v2\/comments?post=16247"}],"version-history":[{"count":4,"href":"https:\/\/fcaresystems.com\/fr\/wp-json\/wp\/v2\/pages\/16247\/revisions"}],"predecessor-version":[{"id":16252,"href":"https:\/\/fcaresystems.com\/fr\/wp-json\/wp\/v2\/pages\/16247\/revisions\/16252"}],"up":[{"embeddable":true,"href":"https:\/\/fcaresystems.com\/fr\/wp-json\/wp\/v2\/pages\/7247"}],"wp:attachment":[{"href":"https:\/\/fcaresystems.com\/fr\/wp-json\/wp\/v2\/media?parent=16247"}],"curies":[{"name":"wp","href":"https:\/\/api.w.org\/{rel}","templated":true}]}}