{"id":14967,"date":"2023-04-05T10:50:05","date_gmt":"2023-04-05T08:50:05","guid":{"rendered":"https:\/\/fcaresystems.com\/?page_id=14967"},"modified":"2026-02-19T14:21:53","modified_gmt":"2026-02-19T13:21:53","slug":"offres-demploi","status":"publish","type":"page","link":"https:\/\/fcaresystems.com\/fr\/sur-nous\/offres-demploi\/","title":{"rendered":"Offres d&#8217;emploi"},"content":{"rendered":"\n<div class=\"wp-block-fcs-core-container o-container\">\n<section class=\"wp-block-fcs-core-header is-style-gradient\"><header class=\"c-header c-header-wrapper c-header-wrapper-s\"><figure class=\"c-header-img \"><img decoding=\"async\" src=\"https:\/\/fcaresystems.com\/wp-content\/uploads\/2023\/01\/Hero_Our-team.jpg\" class=\"c-header-img\"\/><figcaption class=\"c-header-content\"><div class=\"o-container\">\n\n<div class=\"wp-block-fcs-core-spacer u-padding-sm-lg u-padding-sm\"><\/div>\n\n\n<div class=\"wp-block-group c-breadcrumb\"><div class=\"wp-block-group__inner-container is-layout-flow wp-block-group-is-layout-flow\">\n<span><span><a href=\"https:\/\/fcaresystems.com\/fr\/\">Home<\/a><\/span><\/span>\n\n<\/div><\/div>\n\n\n<div class=\"wp-block-fcs-core-spacer u-padding-sm-lg u-padding-sm\"><\/div>\n\n\n<h1 class=\"wp-block-heading\">Vacatures<\/h1>\n\n<\/div><\/figcaption><\/figure><\/header><\/section>\n<\/div>\n\n\n\n<div class=\"wp-block-fcs-core-container o-container\">\n<div class=\"wp-block-fcs-core-spacer u-padding-lg-lg u-padding-md\"><\/div>\n\n\n\n<h2 class=\"wp-block-heading is-style-default has-primary-color has-text-color\"><mark style=\"background-color:rgba(0, 0, 0, 0)\" class=\"has-inline-color has-secondary-color\">Travailler chez F Care Systems<\/mark><\/h2>\n\n\n\n<div class=\"wp-block-columns is-layout-flex wp-container-core-columns-is-layout-9d6595d7 wp-block-columns-is-layout-flex\">\n<div class=\"wp-block-column is-layout-flow wp-block-column-is-layout-flow\" style=\"flex-basis:66.66%\">\n<p>Travailler chez F Care Systems, c\u2019est faire partie d\u2019une \u00e9quipe soud\u00e9e avec des coll\u00e8gues impliqu\u00e9s. Nous attachons beaucoup d\u2019importance \u00e0 ce que vous vous sentiez bien au sein de notre \u00e9quipe. Cela commence par trouver le poste qui vous convient et dans lequel vous vous sentez valoris\u00e9(e).<\/p>\n\n\n\n<p>Aucune offre ne correspond actuellement \u00e0 votre profil ? <\/p>\n\n\n\n<p>Envoyez votre candidature spontan\u00e9e \u00e0 <strong><a>info@fcaresystems.com<\/a><\/strong>.<\/p>\n<\/div>\n\n\n\n<div class=\"wp-block-column is-layout-flow wp-block-column-is-layout-flow\" style=\"flex-basis:33.33%\"><\/div>\n<\/div>\n<\/div>\n\n\n\n<div class=\"wp-block-fcs-core-container o-container\">\n<div class=\"wp-block-fcs-core-spacer u-padding-sm-lg u-padding-sm\"><\/div>\n\n\n\n<h2 class=\"wp-block-heading is-style-underline has-primary-color has-text-color\"><strong>Offres d\u2019emploi ouvertes<\/strong><\/h2>\n\n\n\n<div class=\"wp-block-fcs-core-spacer u-padding-sm-lg u-padding-sm\"><\/div>\n\n\n\n<div class=\"wp-block-columns is-layout-flex wp-container-core-columns-is-layout-9d6595d7 wp-block-columns-is-layout-flex\">\n<div class=\"wp-block-column has-white-background-color has-background is-layout-flow wp-block-column-is-layout-flow\" style=\"flex-basis:66.66%\">\n<h3 class=\"wp-block-heading\"><mark style=\"background-color:rgba(0, 0, 0, 0)\" class=\"has-inline-color has-primary-color\"><strong><strong>Assistant junior charg\u00e9 de la qualit\u00e9 et de la r\u00e9glementation \u2013 Dispositifs M\u00e9dicaux<\/strong><\/strong><\/mark><\/h3>\n\n\n\n<p><br><strong>Description du poste<\/strong>:<\/p>\n\n\n\n<p>Chez F Care Systems, nous recrutons un assistant junior charg\u00e9 de la qualit\u00e9 et de la r\u00e9glementation pour rejoindre notre \u00e9quipe \u00e0 notre bureau de Berchem (Anvers). Il s&rsquo;agit d&rsquo;un poste \u00e0 temps plein, sur site, id\u00e9al pour quelqu&rsquo;un qui est pr\u00eat \u00e0 retrousser ses manches et \u00e0 acqu\u00e9rir une exp\u00e9rience pratique. Ce poste offre une exp\u00e9rience pratique et des responsabilit\u00e9s d\u00e8s le d\u00e9but, ce qui en fait une excellente occasion d&rsquo;apprendre, d&rsquo;\u00e9voluer et de construire votre carri\u00e8re dans le domaine des affaires r\u00e9glementaires et de la gestion de la qualit\u00e9 au sein d&rsquo;une \u00e9quipe solidaire.<\/p>\n\n\n\n<p><\/p>\n\n\n\n<p><strong>Vos t\u00e2ches quotidiennes comprendront<\/strong><\/p>\n\n\n\n<hr class=\"wp-block-separator has-alpha-channel-opacity\"\/>\n\n\n\n<ul class=\"wp-block-list\">\n<li>La r\u00e9daction et la mise \u00e0 jour des dossiers de soumission de produits pour la CE, la FDA et d&rsquo;autres march\u00e9s<\/li>\n\n\n\n<li>La communication avec les agences r\u00e9glementaires telles que la FDA et les organismes notifi\u00e9s europ\u00e9ens<\/li>\n\n\n\n<li>La participation aux audits qualit\u00e9<\/li>\n\n\n\n<li>La communication avec les distributeurs et l&rsquo;aide \u00e0 l&rsquo;enregistrement local<\/li>\n\n\n\n<li>La mise \u00e0 jour du syst\u00e8me de gestion de la qualit\u00e9 de F Care Systems conform\u00e9ment \u00e0 la norme ISO 13485<\/li>\n\n\n\n<li>La pr\u00e9paration et la soumission des dossiers de remboursement.<\/li>\n<\/ul>\n\n\n\n<hr class=\"wp-block-separator has-alpha-channel-opacity\"\/>\n\n\n\n<p><\/p>\n\n\n\n<p><strong>Votre profil :<\/strong><\/p>\n\n\n\n<ul class=\"wp-block-list\">\n<li>Licence<\/li>\n\n\n\n<li>Capacit\u00e9 \u00e0 travailler de mani\u00e8re autonome et \u00e0 prendre des initiatives<\/li>\n\n\n\n<li>Souci du d\u00e9tail et sens de l&rsquo;organisation<\/li>\n\n\n\n<li>D\u00e9sir d&rsquo;apprendre et d&rsquo;\u00e9voluer dans un r\u00f4le li\u00e9 \u00e0 la r\u00e9glementation\/qualit\u00e9<\/li>\n\n\n\n<li>Aisance \u00e0 travailler en anglais (ma\u00eetrise orale et \u00e9crite indispensable).<\/li>\n<\/ul>\n\n\n\n<hr class=\"wp-block-separator has-alpha-channel-opacity\"\/>\n\n\n\n<p><\/p>\n\n\n\n<p><strong>Ce que nous offrons:<\/strong><\/p>\n\n\n\n<ul class=\"wp-block-list\">\n<li>Un salaire attractif<\/li>\n\n\n\n<li>Contrat \u00e0 dur\u00e9e ind\u00e9termin\u00e9e \u00e0 temps plein<\/li>\n\n\n\n<li>Ordinateur portable<\/li>\n\n\n\n<li>Formation sur le terrain (interne et externe)<\/li>\n<\/ul>\n<\/div>\n\n\n\n<div class=\"wp-block-column is-layout-flow wp-block-column-is-layout-flow\" style=\"flex-basis:25px\"><\/div>\n\n\n\n<div class=\"wp-block-column has-light-background-color has-background is-layout-flow wp-block-column-is-layout-flow\" style=\"flex-basis:33.33%\">\n<div class=\"wp-block-columns is-layout-flex wp-container-core-columns-is-layout-9d6595d7 wp-block-columns-is-layout-flex\">\n<div class=\"wp-block-column is-layout-flow wp-block-column-is-layout-flow\" style=\"flex-basis:2%\"><\/div>\n\n\n\n<div class=\"wp-block-column is-layout-flow wp-block-column-is-layout-flow\" style=\"flex-basis:66.66%\">\n<div class=\"wp-block-fcs-core-spacer u-padding-sm-lg u-padding-sm\"><\/div>\n\n\n\n<h3 class=\"wp-block-heading\"><mark style=\"background-color:rgba(0, 0, 0, 0)\" class=\"has-inline-color has-primary-color\">Contact<\/mark><\/h3>\n\n\n\n<p>Envoyez votre CV et lettre de motivation \u00e0 <strong>Steven Mertens<\/strong><br>Manager d\u00e9partement technique, Qualit\u00e9 &amp; R\u00e9glementations<br><a href=\"mailto:steven.mertens@fcaresystems.com\"><mark style=\"background-color:rgba(0, 0, 0, 0)\" class=\"has-inline-color has-primary-color\"><strong>steven.mertens@fcaresystems.com<\/strong><\/mark><\/a><br>+32 3 451 51 45<\/p>\n<\/div>\n<\/div>\n<\/div>\n<\/div>\n\n\n\n<div class=\"wp-block-columns is-layout-flex wp-container-core-columns-is-layout-9d6595d7 wp-block-columns-is-layout-flex\">\n<div class=\"wp-block-column has-white-background-color has-background is-layout-flow wp-block-column-is-layout-flow\" style=\"flex-basis:66.66%\"><\/div>\n\n\n\n<div class=\"wp-block-column is-layout-flow wp-block-column-is-layout-flow\" style=\"flex-basis:25px\"><\/div>\n\n\n\n<div class=\"wp-block-column has-light-background-color has-background is-layout-flow wp-block-column-is-layout-flow\" style=\"flex-basis:33.33%\">\n<p><\/p>\n<\/div>\n<\/div>\n\n\n\n<div class=\"wp-block-fcs-core-spacer u-padding-xxl-lg u-padding-xl\"><\/div>\n<\/div>\n","protected":false},"excerpt":{"rendered":"","protected":false},"author":2,"featured_media":0,"parent":6369,"menu_order":4,"comment_status":"closed","ping_status":"closed","template":"","meta":{"_color_hex":"","_color_slug":"","footnotes":""},"class_list":["post-14967","page","type-page","status-publish","hentry"],"yoast_head":"<!-- This site is optimized with the Yoast SEO plugin v27.0 - https:\/\/yoast.com\/product\/yoast-seo-wordpress\/ -->\n<title>Offres d&#039;emploi | F Care Systems<\/title>\n<meta name=\"robots\" content=\"index, follow, max-snippet:-1, max-image-preview:large, max-video-preview:-1\" \/>\n<link rel=\"canonical\" href=\"https:\/\/fcaresystems.com\/fr\/sur-nous\/offres-demploi\/\" \/>\n<meta property=\"og:locale\" content=\"fr_FR\" \/>\n<meta property=\"og:type\" content=\"article\" \/>\n<meta property=\"og:title\" content=\"Offres d&#039;emploi | F Care Systems\" \/>\n<meta property=\"og:url\" content=\"https:\/\/fcaresystems.com\/fr\/sur-nous\/offres-demploi\/\" \/>\n<meta property=\"og:site_name\" content=\"F Care Systems\" \/>\n<meta property=\"article:modified_time\" content=\"2026-02-19T13:21:53+00:00\" \/>\n<meta property=\"og:image\" content=\"https:\/\/fcaresystems.com\/wp-content\/uploads\/2023\/01\/Hero_Our-team.jpg\" \/>\n<meta name=\"twitter:card\" content=\"summary_large_image\" \/>\n<meta name=\"twitter:label1\" content=\"Dur\u00e9e de lecture estim\u00e9e\" \/>\n\t<meta name=\"twitter:data1\" content=\"2 minutes\" \/>\n<script type=\"application\/ld+json\" class=\"yoast-schema-graph\">{\"@context\":\"https:\/\/schema.org\",\"@graph\":[{\"@type\":\"WebPage\",\"@id\":\"https:\/\/fcaresystems.com\/fr\/sur-nous\/offres-demploi\/\",\"url\":\"https:\/\/fcaresystems.com\/fr\/sur-nous\/offres-demploi\/\",\"name\":\"Offres d'emploi | F Care Systems\",\"isPartOf\":{\"@id\":\"https:\/\/fcaresystems.com\/fr\/#website\"},\"primaryImageOfPage\":{\"@id\":\"https:\/\/fcaresystems.com\/fr\/sur-nous\/offres-demploi\/#primaryimage\"},\"image\":{\"@id\":\"https:\/\/fcaresystems.com\/fr\/sur-nous\/offres-demploi\/#primaryimage\"},\"thumbnailUrl\":\"https:\/\/fcaresystems.com\/wp-content\/uploads\/2023\/01\/Hero_Our-team.jpg\",\"datePublished\":\"2023-04-05T08:50:05+00:00\",\"dateModified\":\"2026-02-19T13:21:53+00:00\",\"breadcrumb\":{\"@id\":\"https:\/\/fcaresystems.com\/fr\/sur-nous\/offres-demploi\/#breadcrumb\"},\"inLanguage\":\"fr-FR\",\"potentialAction\":[{\"@type\":\"ReadAction\",\"target\":[\"https:\/\/fcaresystems.com\/fr\/sur-nous\/offres-demploi\/\"]}]},{\"@type\":\"ImageObject\",\"inLanguage\":\"fr-FR\",\"@id\":\"https:\/\/fcaresystems.com\/fr\/sur-nous\/offres-demploi\/#primaryimage\",\"url\":\"https:\/\/fcaresystems.com\/wp-content\/uploads\/2023\/01\/Hero_Our-team.jpg\",\"contentUrl\":\"https:\/\/fcaresystems.com\/wp-content\/uploads\/2023\/01\/Hero_Our-team.jpg\"},{\"@type\":\"BreadcrumbList\",\"@id\":\"https:\/\/fcaresystems.com\/fr\/sur-nous\/offres-demploi\/#breadcrumb\",\"itemListElement\":[{\"@type\":\"ListItem\",\"position\":1,\"name\":\"Home\",\"item\":\"https:\/\/fcaresystems.com\/fr\/\"},{\"@type\":\"ListItem\",\"position\":2,\"name\":\"Sur nous\",\"item\":\"https:\/\/fcaresystems.com\/fr\/sur-nous\/\"},{\"@type\":\"ListItem\",\"position\":3,\"name\":\"Offres d&#8217;emploi\"}]},{\"@type\":\"WebSite\",\"@id\":\"https:\/\/fcaresystems.com\/fr\/#website\",\"url\":\"https:\/\/fcaresystems.com\/fr\/\",\"name\":\"F Care Systems\",\"description\":\"\",\"publisher\":{\"@id\":\"https:\/\/fcaresystems.com\/fr\/#organization\"},\"potentialAction\":[{\"@type\":\"SearchAction\",\"target\":{\"@type\":\"EntryPoint\",\"urlTemplate\":\"https:\/\/fcaresystems.com\/fr\/?s={search_term_string}\"},\"query-input\":{\"@type\":\"PropertyValueSpecification\",\"valueRequired\":true,\"valueName\":\"search_term_string\"}}],\"inLanguage\":\"fr-FR\"},{\"@type\":\"Organization\",\"@id\":\"https:\/\/fcaresystems.com\/fr\/#organization\",\"name\":\"F Care Systems\",\"url\":\"https:\/\/fcaresystems.com\/fr\/\",\"logo\":{\"@type\":\"ImageObject\",\"inLanguage\":\"fr-FR\",\"@id\":\"https:\/\/fcaresystems.com\/fr\/#\/schema\/logo\/image\/\",\"url\":\"https:\/\/fcaresystems.com\/wp-content\/uploads\/2022\/11\/logo-2.svg\",\"contentUrl\":\"https:\/\/fcaresystems.com\/wp-content\/uploads\/2022\/11\/logo-2.svg\",\"caption\":\"F Care Systems\"},\"image\":{\"@id\":\"https:\/\/fcaresystems.com\/fr\/#\/schema\/logo\/image\/\"}}]}<\/script>\n<!-- \/ Yoast SEO plugin. -->","yoast_head_json":{"title":"Offres d'emploi | F Care Systems","robots":{"index":"index","follow":"follow","max-snippet":"max-snippet:-1","max-image-preview":"max-image-preview:large","max-video-preview":"max-video-preview:-1"},"canonical":"https:\/\/fcaresystems.com\/fr\/sur-nous\/offres-demploi\/","og_locale":"fr_FR","og_type":"article","og_title":"Offres d'emploi | F Care Systems","og_url":"https:\/\/fcaresystems.com\/fr\/sur-nous\/offres-demploi\/","og_site_name":"F Care Systems","article_modified_time":"2026-02-19T13:21:53+00:00","og_image":[{"url":"https:\/\/fcaresystems.com\/wp-content\/uploads\/2023\/01\/Hero_Our-team.jpg","type":"","width":"","height":""}],"twitter_card":"summary_large_image","twitter_misc":{"Dur\u00e9e de lecture estim\u00e9e":"2 minutes"},"schema":{"@context":"https:\/\/schema.org","@graph":[{"@type":"WebPage","@id":"https:\/\/fcaresystems.com\/fr\/sur-nous\/offres-demploi\/","url":"https:\/\/fcaresystems.com\/fr\/sur-nous\/offres-demploi\/","name":"Offres d'emploi | F Care Systems","isPartOf":{"@id":"https:\/\/fcaresystems.com\/fr\/#website"},"primaryImageOfPage":{"@id":"https:\/\/fcaresystems.com\/fr\/sur-nous\/offres-demploi\/#primaryimage"},"image":{"@id":"https:\/\/fcaresystems.com\/fr\/sur-nous\/offres-demploi\/#primaryimage"},"thumbnailUrl":"https:\/\/fcaresystems.com\/wp-content\/uploads\/2023\/01\/Hero_Our-team.jpg","datePublished":"2023-04-05T08:50:05+00:00","dateModified":"2026-02-19T13:21:53+00:00","breadcrumb":{"@id":"https:\/\/fcaresystems.com\/fr\/sur-nous\/offres-demploi\/#breadcrumb"},"inLanguage":"fr-FR","potentialAction":[{"@type":"ReadAction","target":["https:\/\/fcaresystems.com\/fr\/sur-nous\/offres-demploi\/"]}]},{"@type":"ImageObject","inLanguage":"fr-FR","@id":"https:\/\/fcaresystems.com\/fr\/sur-nous\/offres-demploi\/#primaryimage","url":"https:\/\/fcaresystems.com\/wp-content\/uploads\/2023\/01\/Hero_Our-team.jpg","contentUrl":"https:\/\/fcaresystems.com\/wp-content\/uploads\/2023\/01\/Hero_Our-team.jpg"},{"@type":"BreadcrumbList","@id":"https:\/\/fcaresystems.com\/fr\/sur-nous\/offres-demploi\/#breadcrumb","itemListElement":[{"@type":"ListItem","position":1,"name":"Home","item":"https:\/\/fcaresystems.com\/fr\/"},{"@type":"ListItem","position":2,"name":"Sur nous","item":"https:\/\/fcaresystems.com\/fr\/sur-nous\/"},{"@type":"ListItem","position":3,"name":"Offres d&#8217;emploi"}]},{"@type":"WebSite","@id":"https:\/\/fcaresystems.com\/fr\/#website","url":"https:\/\/fcaresystems.com\/fr\/","name":"F Care Systems","description":"","publisher":{"@id":"https:\/\/fcaresystems.com\/fr\/#organization"},"potentialAction":[{"@type":"SearchAction","target":{"@type":"EntryPoint","urlTemplate":"https:\/\/fcaresystems.com\/fr\/?s={search_term_string}"},"query-input":{"@type":"PropertyValueSpecification","valueRequired":true,"valueName":"search_term_string"}}],"inLanguage":"fr-FR"},{"@type":"Organization","@id":"https:\/\/fcaresystems.com\/fr\/#organization","name":"F Care Systems","url":"https:\/\/fcaresystems.com\/fr\/","logo":{"@type":"ImageObject","inLanguage":"fr-FR","@id":"https:\/\/fcaresystems.com\/fr\/#\/schema\/logo\/image\/","url":"https:\/\/fcaresystems.com\/wp-content\/uploads\/2022\/11\/logo-2.svg","contentUrl":"https:\/\/fcaresystems.com\/wp-content\/uploads\/2022\/11\/logo-2.svg","caption":"F Care Systems"},"image":{"@id":"https:\/\/fcaresystems.com\/fr\/#\/schema\/logo\/image\/"}}]}},"_links":{"self":[{"href":"https:\/\/fcaresystems.com\/fr\/wp-json\/wp\/v2\/pages\/14967","targetHints":{"allow":["GET"]}}],"collection":[{"href":"https:\/\/fcaresystems.com\/fr\/wp-json\/wp\/v2\/pages"}],"about":[{"href":"https:\/\/fcaresystems.com\/fr\/wp-json\/wp\/v2\/types\/page"}],"author":[{"embeddable":true,"href":"https:\/\/fcaresystems.com\/fr\/wp-json\/wp\/v2\/users\/2"}],"replies":[{"embeddable":true,"href":"https:\/\/fcaresystems.com\/fr\/wp-json\/wp\/v2\/comments?post=14967"}],"version-history":[{"count":14,"href":"https:\/\/fcaresystems.com\/fr\/wp-json\/wp\/v2\/pages\/14967\/revisions"}],"predecessor-version":[{"id":16142,"href":"https:\/\/fcaresystems.com\/fr\/wp-json\/wp\/v2\/pages\/14967\/revisions\/16142"}],"up":[{"embeddable":true,"href":"https:\/\/fcaresystems.com\/fr\/wp-json\/wp\/v2\/pages\/6369"}],"wp:attachment":[{"href":"https:\/\/fcaresystems.com\/fr\/wp-json\/wp\/v2\/media?parent=14967"}],"curies":[{"name":"wp","href":"https:\/\/api.w.org\/{rel}","templated":true}]}}