{"id":8370,"date":"2022-10-24T14:26:25","date_gmt":"2022-10-24T12:26:25","guid":{"rendered":"https:\/\/fcaresystems.com\/workshops\/"},"modified":"2026-02-10T17:28:07","modified_gmt":"2026-02-10T16:28:07","slug":"talleres","status":"publish","type":"page","link":"https:\/\/fcaresystems.com\/es\/talleres\/","title":{"rendered":"Talleres"},"content":{"rendered":"\n<section class=\"wp-block-fcs-core-header is-style-gradient\"><header class=\"c-header c-header-wrapper c-header-wrapper-s\"><figure class=\"c-header-img \"><img decoding=\"async\" src=\"https:\/\/fcaresystems.com\/wp-content\/uploads\/2023\/01\/Hero_Workshops.jpg\" class=\"c-header-img\"\/><figcaption class=\"c-header-content\"><div class=\"o-container\">\n<div class=\"wp-block-fcs-core-spacer u-padding-sm-lg u-padding-sm\"><\/div>\n\n\n\n<div class=\"wp-block-group c-breadcrumb\"><div class=\"wp-block-group__inner-container is-layout-flow wp-block-group-is-layout-flow\"><span><span><a href=\"https:\/\/fcaresystems.com\/es\/\">Home<\/a><\/span><\/span>\n<\/div><\/div>\n\n\n\n<div class=\"wp-block-fcs-core-spacer u-padding-sm-lg u-padding-md\"><\/div>\n\n\n\n<h1 class=\"wp-block-heading has-white-color has-text-color\">Talleres<\/h1>\n<\/div><\/figcaption><\/figure><\/header><\/section>\n\n\n\n<div class=\"wp-block-fcs-core-container o-container\">\n<div class=\"wp-block-columns is-style-nogap is-layout-flex wp-container-core-columns-is-layout-9d6595d7 wp-block-columns-is-layout-flex\">\n<div class=\"wp-block-column is-style-outbreak-left has-light-background-color has-background is-layout-flow wp-block-column-is-layout-flow\">\n<div class=\"wp-block-group u-padding-right-xl\"><div class=\"wp-block-group__inner-container is-layout-constrained wp-block-group-is-layout-constrained\">\n<div class=\"wp-block-fcs-core-spacer u-padding-lg-lg u-padding-md\"><\/div>\n\n\n\n<h3 class=\"wp-block-heading has-primary-color has-text-color\">Si una imagen vale m\u00e1s que mil palabras, imagine el valor de una demostraci\u00f3n en vivo.<\/h3>\n\n\n\n<p>Nuestros interesantes talleres ofrecen a los profesionales sanitarios la oportunidad de experimentar los procedimientos m\u00e9dicos con radiofrecuencia de cerca en entornos de tratamiento reales. El n\u00famero de asistentes es reducido para garantizar que todo el mundo tenga la oportunidad de participar, as\u00ed que p\u00f3ngase en contacto con nosotros para reservar su plaza hoy mismo:<\/p>\n\n\n\n<div class=\"wp-block-fcs-core-spacer u-padding-xs-lg u-padding-xs\"><\/div>\n\n\n\n<div class=\"wp-block-buttons is-layout-flex wp-block-buttons-is-layout-flex\">\n<div class=\"wp-block-button\"><a class=\"wp-block-button__link has-primary-background-color has-background wp-element-button\" href=\"https:\/\/fcaresystems.com\/es\/talleres\/participar-en-un-taller\/\">Participar en un taller<\/a><\/div>\n<\/div>\n\n\n\n<div class=\"wp-block-fcs-core-spacer u-padding-lg-lg u-padding-md\"><\/div>\n<\/div><\/div>\n\n\n\n<div class=\"wp-block-fcs-core-spacer u-padding-lg-lg u-padding-md\"><\/div>\n<\/div>\n\n\n\n<div class=\"wp-block-column is-style-outbreak-right has-primary-background-color has-background is-layout-flow wp-block-column-is-layout-flow\">\n<div class=\"wp-block-group u-padding-left-xl\"><div class=\"wp-block-group__inner-container is-layout-constrained wp-block-group-is-layout-constrained\">\n<div class=\"wp-block-fcs-core-spacer u-padding-lg-lg u-padding-md\"><\/div>\n\n\n\n<section class=\"c-testimonials\"><div class=\"c-slider-testimonials\"><div class=\"c-slider-item c-testimonial\"><div><div class=\"c-testimonial-content\"><!-- wp:paragraph -->\n<p>Muy buen taller, buena informaci\u00f3n y excelente demostraci\u00f3n de procedimientos quir\u00fargicos.<\/p>\n<!-- \/wp:paragraph -->\n\n<!-- wp:paragraph {\"fontSize\":\"small\"} -->\n<p class=\"has-small-font-size\"><em>Dr. med. D. Abo Dalo, cirujano<\/em><\/p>\n<!-- \/wp:paragraph -->\n\n<!-- wp:paragraph -->\n<p><\/p>\n<!-- \/wp:paragraph --><\/div><\/div><\/div>\n\n<div class=\"c-slider-item c-testimonial\"><div><div class=\"c-testimonial-content\"><!-- wp:paragraph -->\n<p>\u00a1Excelente taller! Bien organizado.<\/p>\n<!-- \/wp:paragraph -->\n\n<!-- wp:paragraph {\"fontSize\":\"small\"} -->\n<p class=\"has-small-font-size\"><em>Dr. participante (an\u00f3nimo) del taller Rafaelo en Colonia<\/em><\/p>\n<!-- \/wp:paragraph --><\/div><\/div><\/div>\n\n<div class=\"c-slider-item c-testimonial\"><div><div class=\"c-testimonial-content\"><!-- wp:paragraph -->\n<p>Bien. Al grano.<\/p>\n<!-- \/wp:paragraph -->\n\n<!-- wp:paragraph {\"fontSize\":\"small\"} -->\n<p class=\"has-small-font-size\"><em>Dr. participante (an\u00f3nimo) del taller Rafaelo en Colonia<\/em><\/p>\n<!-- \/wp:paragraph --><\/div><\/div><\/div>\n\n<\/div><div class=\"c-testimonials-buttons\"><a href=\"#\" class=\"c-testimonials-prev\"><\/a><a href=\"#\" class=\"c-testimonials-next\"><\/a><\/div><\/section>\n\n\n\n<div class=\"wp-block-fcs-core-spacer u-padding-lg-lg u-padding-md\"><\/div>\n<\/div><\/div>\n<\/div>\n<\/div>\n<\/div>\n\n\n\n<div class=\"wp-block-fcs-core-spacer u-padding-xl-lg u-padding-md\"><\/div>\n\n\n\n<div class=\"wp-block-fcs-core-container o-container\">\n<h2 class=\"wp-block-heading is-style-underline has-secondary-color has-text-color\">Calendario y detalles<\/h2>\n\n\n\n<div class=\"wp-block-fcs-core-spacer u-padding-xs-lg u-padding-xs\"><\/div>\n\n\n\n<div class=\"wp-block-group u-padding-lg has-light-background-color has-background\"><div class=\"wp-block-group__inner-container is-layout-constrained wp-block-group-is-layout-constrained\">\n<div class=\"wp-block-columns is-layout-flex wp-container-core-columns-is-layout-9d6595d7 wp-block-columns-is-layout-flex\">\n<div class=\"wp-block-column is-layout-flow wp-block-column-is-layout-flow\" style=\"flex-basis:25%\">\n<h3 class=\"wp-block-heading has-secondary-color has-text-color\">Taller Rafaelo\u00ae<\/h3>\n\n\n\n<p class=\"has-primary-color has-text-color has-medium-font-size\"><strong>10 abril 2026<\/strong><\/p>\n\n\n\n<div class=\"wp-block-fcs-core-spacer u-padding-xs-lg u-padding-xs\"><\/div>\n<\/div>\n\n\n\n<div class=\"wp-block-column is-layout-flow wp-block-column-is-layout-flow\">\n<div class=\"wp-block-fcs-core-spacer u-padding-xs-lg u-padding-xs\"><\/div>\n\n\n\n<div class=\"wp-block-columns is-style-nogap is-layout-flex wp-container-core-columns-is-layout-9d6595d7 wp-block-columns-is-layout-flex\">\n<div class=\"wp-block-column is-layout-flow wp-block-column-is-layout-flow\" style=\"flex-basis:15%\">\n<p class=\"u-margin-none\" style=\"font-size:14px\">Doctor(es)<\/p>\n<\/div>\n\n\n\n<div class=\"wp-block-column is-layout-flow wp-block-column-is-layout-flow\" style=\"flex-basis:80%\">\n<p>Dr. Carlo Vivaldi<br>Priv. Doz. Dr. Hartmut Sch\u00e4fer<\/p>\n<\/div>\n<\/div>\n\n\n\n<div class=\"wp-block-columns is-style-nogap is-layout-flex wp-container-core-columns-is-layout-9d6595d7 wp-block-columns-is-layout-flex\">\n<div class=\"wp-block-column is-layout-flow wp-block-column-is-layout-flow\" style=\"flex-basis:15%\">\n<p class=\"u-margin-none\" style=\"font-size:14px\">Hospital o cl\u00ednica<\/p>\n<\/div>\n\n\n\n<div class=\"wp-block-column is-layout-flow wp-block-column-is-layout-flow\" style=\"flex-basis:80%\">\n<p>Enddarmpraxis K\u00f6ln<\/p>\n<\/div>\n<\/div>\n\n\n\n<div class=\"wp-block-columns is-style-nogap is-layout-flex wp-container-core-columns-is-layout-9d6595d7 wp-block-columns-is-layout-flex\">\n<div class=\"wp-block-column is-layout-flow wp-block-column-is-layout-flow\" style=\"flex-basis:15%\">\n<p class=\"u-margin-none\" style=\"font-size:14px\">Ubicaci\u00f3n<\/p>\n<\/div>\n\n\n\n<div class=\"wp-block-column is-layout-flow wp-block-column-is-layout-flow\" style=\"flex-basis:80%\">\n<p>Colonia, Alemania<\/p>\n<\/div>\n<\/div>\n\n\n\n<div class=\"wp-block-columns is-style-nogap is-layout-flex wp-container-core-columns-is-layout-9d6595d7 wp-block-columns-is-layout-flex\">\n<div class=\"wp-block-column is-layout-flow wp-block-column-is-layout-flow\" style=\"flex-basis:15%\">\n<p class=\"u-margin-none\" style=\"font-size:14px\">Organizado por<\/p>\n<\/div>\n\n\n\n<div class=\"wp-block-column is-layout-flow wp-block-column-is-layout-flow\" style=\"flex-basis:80%\">\n<p>F Care Systems NV<\/p>\n<\/div>\n<\/div>\n<\/div>\n<\/div>\n<\/div><\/div>\n\n\n\n<div class=\"wp-block-fcs-core-spacer u-padding-xs-lg u-padding-xs\"><\/div>\n\n\n\n<div class=\"wp-block-group u-padding-lg has-light-background-color has-background\"><div class=\"wp-block-group__inner-container is-layout-constrained wp-block-group-is-layout-constrained\">\n<div class=\"wp-block-columns is-layout-flex wp-container-core-columns-is-layout-9d6595d7 wp-block-columns-is-layout-flex\">\n<div class=\"wp-block-column is-layout-flow wp-block-column-is-layout-flow\" style=\"flex-basis:25%\">\n<h3 class=\"wp-block-heading has-secondary-color has-text-color\">Taller Rafaelo\u00ae<\/h3>\n\n\n\n<p class=\"has-primary-color has-text-color has-medium-font-size\"><strong>26 junio 2026<\/strong><\/p>\n\n\n\n<div class=\"wp-block-fcs-core-spacer u-padding-xs-lg u-padding-xs\"><\/div>\n<\/div>\n\n\n\n<div class=\"wp-block-column is-layout-flow wp-block-column-is-layout-flow\">\n<div class=\"wp-block-fcs-core-spacer u-padding-xs-lg u-padding-xs\"><\/div>\n\n\n\n<div class=\"wp-block-columns is-style-nogap is-layout-flex wp-container-core-columns-is-layout-9d6595d7 wp-block-columns-is-layout-flex\">\n<div class=\"wp-block-column is-layout-flow wp-block-column-is-layout-flow\" style=\"flex-basis:15%\">\n<p class=\"u-margin-none\" style=\"font-size:14px\">Doctor(es)<\/p>\n<\/div>\n\n\n\n<div class=\"wp-block-column is-layout-flow wp-block-column-is-layout-flow\" style=\"flex-basis:80%\">\n<p>Dr. Carlo Vivaldi<br>Priv. Doz. Dr. Hartmut Sch\u00e4fer<\/p>\n<\/div>\n<\/div>\n\n\n\n<div class=\"wp-block-columns is-style-nogap is-layout-flex wp-container-core-columns-is-layout-9d6595d7 wp-block-columns-is-layout-flex\">\n<div class=\"wp-block-column is-layout-flow wp-block-column-is-layout-flow\" style=\"flex-basis:15%\">\n<p class=\"u-margin-none\" style=\"font-size:14px\">Hospital o cl\u00ednica<\/p>\n<\/div>\n\n\n\n<div class=\"wp-block-column is-layout-flow wp-block-column-is-layout-flow\" style=\"flex-basis:80%\">\n<p>Enddarmpraxis K\u00f6ln<\/p>\n<\/div>\n<\/div>\n\n\n\n<div class=\"wp-block-columns is-style-nogap is-layout-flex wp-container-core-columns-is-layout-9d6595d7 wp-block-columns-is-layout-flex\">\n<div class=\"wp-block-column is-layout-flow wp-block-column-is-layout-flow\" style=\"flex-basis:15%\">\n<p class=\"u-margin-none\" style=\"font-size:14px\">Ubicaci\u00f3n<\/p>\n<\/div>\n\n\n\n<div class=\"wp-block-column is-layout-flow wp-block-column-is-layout-flow\" style=\"flex-basis:80%\">\n<p>Colonia, Alemania<\/p>\n<\/div>\n<\/div>\n\n\n\n<div class=\"wp-block-columns is-style-nogap is-layout-flex wp-container-core-columns-is-layout-9d6595d7 wp-block-columns-is-layout-flex\">\n<div class=\"wp-block-column is-layout-flow wp-block-column-is-layout-flow\" style=\"flex-basis:15%\">\n<p class=\"u-margin-none\" style=\"font-size:14px\">Organizado por<\/p>\n<\/div>\n\n\n\n<div class=\"wp-block-column is-layout-flow wp-block-column-is-layout-flow\" style=\"flex-basis:80%\">\n<p>F Care Systems NV<\/p>\n<\/div>\n<\/div>\n<\/div>\n<\/div>\n<\/div><\/div>\n\n\n\n<div class=\"wp-block-fcs-core-spacer u-padding-xs-lg u-padding-xs\"><\/div>\n\n\n\n<div class=\"wp-block-fcs-core-spacer u-padding-sm-lg u-padding-sm\"><\/div>\n<\/div>\n\n\n\n<div class=\"wp-block-fcs-core-spacer u-padding-xs-lg u-padding-sm\"><\/div>\n\n\n\n<div class=\"wp-block-fcs-core-spacer u-padding-xl-lg u-padding-md\"><\/div>\n","protected":false},"excerpt":{"rendered":"","protected":false},"author":1,"featured_media":0,"parent":0,"menu_order":0,"comment_status":"closed","ping_status":"closed","template":"","meta":{"_color_hex":"","_color_slug":"","footnotes":""},"class_list":["post-8370","page","type-page","status-publish","hentry"],"yoast_head":"<!-- This site is optimized with the Yoast SEO plugin v27.0 - https:\/\/yoast.com\/product\/yoast-seo-wordpress\/ -->\n<title>F Care Systems | Talleres<\/title>\n<meta name=\"description\" content=\"Participe en un taller en directo y descubra por s\u00ed mismo la termocoagulaci\u00f3n por radiofrecuencia.\" \/>\n<meta name=\"robots\" content=\"index, follow, max-snippet:-1, max-image-preview:large, max-video-preview:-1\" \/>\n<link rel=\"canonical\" href=\"https:\/\/fcaresystems.com\/es\/talleres\/\" \/>\n<meta property=\"og:locale\" content=\"es_ES\" \/>\n<meta property=\"og:type\" content=\"article\" \/>\n<meta property=\"og:title\" content=\"F Care Systems | Talleres\" \/>\n<meta property=\"og:description\" content=\"Participe en un taller en directo y descubra por s\u00ed mismo la termocoagulaci\u00f3n por radiofrecuencia.\" \/>\n<meta property=\"og:url\" content=\"https:\/\/fcaresystems.com\/es\/talleres\/\" \/>\n<meta property=\"og:site_name\" content=\"F Care Systems\" \/>\n<meta property=\"article:modified_time\" content=\"2026-02-10T16:28:07+00:00\" \/>\n<meta property=\"og:image\" content=\"https:\/\/fcaresystems.com\/wp-content\/uploads\/2023\/01\/Hero_Workshops.jpg\" \/>\n<meta name=\"twitter:card\" content=\"summary_large_image\" \/>\n<meta name=\"twitter:label1\" content=\"Tiempo de lectura\" \/>\n\t<meta name=\"twitter:data1\" content=\"1 minuto\" \/>\n<script type=\"application\/ld+json\" class=\"yoast-schema-graph\">{\"@context\":\"https:\/\/schema.org\",\"@graph\":[{\"@type\":\"WebPage\",\"@id\":\"https:\/\/fcaresystems.com\/es\/talleres\/\",\"url\":\"https:\/\/fcaresystems.com\/es\/talleres\/\",\"name\":\"F Care Systems | Talleres\",\"isPartOf\":{\"@id\":\"https:\/\/fcaresystems.com\/es\/#website\"},\"primaryImageOfPage\":{\"@id\":\"https:\/\/fcaresystems.com\/es\/talleres\/#primaryimage\"},\"image\":{\"@id\":\"https:\/\/fcaresystems.com\/es\/talleres\/#primaryimage\"},\"thumbnailUrl\":\"https:\/\/fcaresystems.com\/wp-content\/uploads\/2023\/01\/Hero_Workshops.jpg\",\"datePublished\":\"2022-10-24T12:26:25+00:00\",\"dateModified\":\"2026-02-10T16:28:07+00:00\",\"description\":\"Participe en un taller en directo y descubra por s\u00ed mismo la termocoagulaci\u00f3n por radiofrecuencia.\",\"breadcrumb\":{\"@id\":\"https:\/\/fcaresystems.com\/es\/talleres\/#breadcrumb\"},\"inLanguage\":\"es\",\"potentialAction\":[{\"@type\":\"ReadAction\",\"target\":[\"https:\/\/fcaresystems.com\/es\/talleres\/\"]}]},{\"@type\":\"ImageObject\",\"inLanguage\":\"es\",\"@id\":\"https:\/\/fcaresystems.com\/es\/talleres\/#primaryimage\",\"url\":\"https:\/\/fcaresystems.com\/wp-content\/uploads\/2023\/01\/Hero_Workshops.jpg\",\"contentUrl\":\"https:\/\/fcaresystems.com\/wp-content\/uploads\/2023\/01\/Hero_Workshops.jpg\"},{\"@type\":\"BreadcrumbList\",\"@id\":\"https:\/\/fcaresystems.com\/es\/talleres\/#breadcrumb\",\"itemListElement\":[{\"@type\":\"ListItem\",\"position\":1,\"name\":\"Home\",\"item\":\"https:\/\/fcaresystems.com\/es\/\"},{\"@type\":\"ListItem\",\"position\":2,\"name\":\"Talleres\"}]},{\"@type\":\"WebSite\",\"@id\":\"https:\/\/fcaresystems.com\/es\/#website\",\"url\":\"https:\/\/fcaresystems.com\/es\/\",\"name\":\"F Care Systems\",\"description\":\"\",\"publisher\":{\"@id\":\"https:\/\/fcaresystems.com\/es\/#organization\"},\"potentialAction\":[{\"@type\":\"SearchAction\",\"target\":{\"@type\":\"EntryPoint\",\"urlTemplate\":\"https:\/\/fcaresystems.com\/es\/?s={search_term_string}\"},\"query-input\":{\"@type\":\"PropertyValueSpecification\",\"valueRequired\":true,\"valueName\":\"search_term_string\"}}],\"inLanguage\":\"es\"},{\"@type\":\"Organization\",\"@id\":\"https:\/\/fcaresystems.com\/es\/#organization\",\"name\":\"F Care Systems\",\"url\":\"https:\/\/fcaresystems.com\/es\/\",\"logo\":{\"@type\":\"ImageObject\",\"inLanguage\":\"es\",\"@id\":\"https:\/\/fcaresystems.com\/es\/#\/schema\/logo\/image\/\",\"url\":\"https:\/\/fcaresystems.com\/wp-content\/uploads\/2022\/11\/logo-2.svg\",\"contentUrl\":\"https:\/\/fcaresystems.com\/wp-content\/uploads\/2022\/11\/logo-2.svg\",\"caption\":\"F Care Systems\"},\"image\":{\"@id\":\"https:\/\/fcaresystems.com\/es\/#\/schema\/logo\/image\/\"}}]}<\/script>\n<!-- \/ Yoast SEO plugin. -->","yoast_head_json":{"title":"F Care Systems | Talleres","description":"Participe en un taller en directo y descubra por s\u00ed mismo la termocoagulaci\u00f3n por radiofrecuencia.","robots":{"index":"index","follow":"follow","max-snippet":"max-snippet:-1","max-image-preview":"max-image-preview:large","max-video-preview":"max-video-preview:-1"},"canonical":"https:\/\/fcaresystems.com\/es\/talleres\/","og_locale":"es_ES","og_type":"article","og_title":"F Care Systems | Talleres","og_description":"Participe en un taller en directo y descubra por s\u00ed mismo la termocoagulaci\u00f3n por radiofrecuencia.","og_url":"https:\/\/fcaresystems.com\/es\/talleres\/","og_site_name":"F Care Systems","article_modified_time":"2026-02-10T16:28:07+00:00","og_image":[{"url":"https:\/\/fcaresystems.com\/wp-content\/uploads\/2023\/01\/Hero_Workshops.jpg","type":"","width":"","height":""}],"twitter_card":"summary_large_image","twitter_misc":{"Tiempo de lectura":"1 minuto"},"schema":{"@context":"https:\/\/schema.org","@graph":[{"@type":"WebPage","@id":"https:\/\/fcaresystems.com\/es\/talleres\/","url":"https:\/\/fcaresystems.com\/es\/talleres\/","name":"F Care Systems | Talleres","isPartOf":{"@id":"https:\/\/fcaresystems.com\/es\/#website"},"primaryImageOfPage":{"@id":"https:\/\/fcaresystems.com\/es\/talleres\/#primaryimage"},"image":{"@id":"https:\/\/fcaresystems.com\/es\/talleres\/#primaryimage"},"thumbnailUrl":"https:\/\/fcaresystems.com\/wp-content\/uploads\/2023\/01\/Hero_Workshops.jpg","datePublished":"2022-10-24T12:26:25+00:00","dateModified":"2026-02-10T16:28:07+00:00","description":"Participe en un taller en directo y descubra por s\u00ed mismo la termocoagulaci\u00f3n por radiofrecuencia.","breadcrumb":{"@id":"https:\/\/fcaresystems.com\/es\/talleres\/#breadcrumb"},"inLanguage":"es","potentialAction":[{"@type":"ReadAction","target":["https:\/\/fcaresystems.com\/es\/talleres\/"]}]},{"@type":"ImageObject","inLanguage":"es","@id":"https:\/\/fcaresystems.com\/es\/talleres\/#primaryimage","url":"https:\/\/fcaresystems.com\/wp-content\/uploads\/2023\/01\/Hero_Workshops.jpg","contentUrl":"https:\/\/fcaresystems.com\/wp-content\/uploads\/2023\/01\/Hero_Workshops.jpg"},{"@type":"BreadcrumbList","@id":"https:\/\/fcaresystems.com\/es\/talleres\/#breadcrumb","itemListElement":[{"@type":"ListItem","position":1,"name":"Home","item":"https:\/\/fcaresystems.com\/es\/"},{"@type":"ListItem","position":2,"name":"Talleres"}]},{"@type":"WebSite","@id":"https:\/\/fcaresystems.com\/es\/#website","url":"https:\/\/fcaresystems.com\/es\/","name":"F Care Systems","description":"","publisher":{"@id":"https:\/\/fcaresystems.com\/es\/#organization"},"potentialAction":[{"@type":"SearchAction","target":{"@type":"EntryPoint","urlTemplate":"https:\/\/fcaresystems.com\/es\/?s={search_term_string}"},"query-input":{"@type":"PropertyValueSpecification","valueRequired":true,"valueName":"search_term_string"}}],"inLanguage":"es"},{"@type":"Organization","@id":"https:\/\/fcaresystems.com\/es\/#organization","name":"F Care Systems","url":"https:\/\/fcaresystems.com\/es\/","logo":{"@type":"ImageObject","inLanguage":"es","@id":"https:\/\/fcaresystems.com\/es\/#\/schema\/logo\/image\/","url":"https:\/\/fcaresystems.com\/wp-content\/uploads\/2022\/11\/logo-2.svg","contentUrl":"https:\/\/fcaresystems.com\/wp-content\/uploads\/2022\/11\/logo-2.svg","caption":"F Care Systems"},"image":{"@id":"https:\/\/fcaresystems.com\/es\/#\/schema\/logo\/image\/"}}]}},"_links":{"self":[{"href":"https:\/\/fcaresystems.com\/es\/wp-json\/wp\/v2\/pages\/8370","targetHints":{"allow":["GET"]}}],"collection":[{"href":"https:\/\/fcaresystems.com\/es\/wp-json\/wp\/v2\/pages"}],"about":[{"href":"https:\/\/fcaresystems.com\/es\/wp-json\/wp\/v2\/types\/page"}],"author":[{"embeddable":true,"href":"https:\/\/fcaresystems.com\/es\/wp-json\/wp\/v2\/users\/1"}],"replies":[{"embeddable":true,"href":"https:\/\/fcaresystems.com\/es\/wp-json\/wp\/v2\/comments?post=8370"}],"version-history":[{"count":27,"href":"https:\/\/fcaresystems.com\/es\/wp-json\/wp\/v2\/pages\/8370\/revisions"}],"predecessor-version":[{"id":15979,"href":"https:\/\/fcaresystems.com\/es\/wp-json\/wp\/v2\/pages\/8370\/revisions\/15979"}],"wp:attachment":[{"href":"https:\/\/fcaresystems.com\/es\/wp-json\/wp\/v2\/media?parent=8370"}],"curies":[{"name":"wp","href":"https:\/\/api.w.org\/{rel}","templated":true}]}}