{"id":8306,"date":"2022-11-18T14:04:13","date_gmt":"2022-11-18T13:04:13","guid":{"rendered":"https:\/\/fcaresystems.com\/tratamientos-minimamente-invasivos\/phlebology\/"},"modified":"2025-05-26T08:47:35","modified_gmt":"2025-05-26T06:47:35","slug":"flebologia","status":"publish","type":"page","link":"https:\/\/fcaresystems.com\/es\/tratamientos-minimamente-invasivos\/flebologia\/","title":{"rendered":"Flebolog\u00eda"},"content":{"rendered":"\n<section class=\"wp-block-fcs-core-header is-style-gradient\"><header class=\"c-header c-header-wrapper c-header-wrapper-s\"><figure class=\"c-header-img \"><img decoding=\"async\" src=\"https:\/\/fcaresystems.com\/wp-content\/uploads\/2022\/11\/hero-treatment-phebology-e1673340108754.jpg\" class=\"c-header-img\"\/><figcaption class=\"c-header-content\"><div class=\"o-container\">\n\n<div class=\"wp-block-fcs-core-spacer u-padding-sm-lg u-padding-sm\"><\/div>\n\n\n<div class=\"wp-block-group c-breadcrumb\"><div class=\"wp-block-group__inner-container is-layout-flow wp-block-group-is-layout-flow\">\n<span><span><a href=\"https:\/\/fcaresystems.com\/es\/\">Home<\/a><\/span><\/span>\n\n<\/div><\/div>\n\n\n<div class=\"wp-block-fcs-core-spacer u-padding-xs-lg u-padding-xs\"><\/div>\n\n\n<figure class=\"wp-block-image size-full\"><img decoding=\"async\" src=\"https:\/\/fcaresystems.com\/wp-content\/uploads\/2022\/11\/icon-big-phebology-dik-wit.svg\" alt=\"\" class=\"wp-image-1030\"\/><\/figure>\n\n\n<div class=\"wp-block-fcs-core-spacer u-padding-xs-lg u-padding-xs\"><\/div>\n\n\n<h1 class=\"wp-block-heading has-white-color has-text-color\">Terapias m\u00ednimamente invasivas de varices<\/h1>\n\n<\/div><\/figcaption><\/figure><\/header><\/section>\n\n\n\n<div class=\"wp-block-fcs-core-container o-container\">\n<div class=\"wp-block-fcs-core-spacer u-padding-lg-lg u-padding-md\"><\/div>\n\n\n\n<div class=\"wp-block-columns is-layout-flex wp-container-core-columns-is-layout-9d6595d7 wp-block-columns-is-layout-flex\">\n<div class=\"wp-block-column is-layout-flow wp-block-column-is-layout-flow\" style=\"flex-basis:33.33%\">\n<h2 class=\"wp-block-heading has-primary-color has-text-color\">Venas varicosas<\/h2>\n<\/div>\n\n\n\n<div class=\"wp-block-column is-layout-flow wp-block-column-is-layout-flow\" style=\"flex-basis:66.66%\">\n<div class=\"wp-block-columns is-layout-flex wp-container-core-columns-is-layout-9d6595d7 wp-block-columns-is-layout-flex\">\n<div class=\"wp-block-column is-layout-flow wp-block-column-is-layout-flow\">\n<a href=\"https:\/\/fcaresystems.com\/es\/tratamientos-minimamente-invasivos\/flebologia\/arf-venas-varicosas\/\" class=\"c-card c-card--image\"><div class=\"u-padding-sm o-flex o-flex-column o-flex-justify-content-between o-flex-grow\"><div>\n<h3 class=\"wp-block-heading has-primary-color has-text-color\">Ablaci\u00f3n por radiofrecuencia (ARF) de varices | <strong>Veineo\u00ae<\/strong><\/h3>\n\n\n\n<p>La ablaci\u00f3n con cat\u00e9ter de radiofrecuencia sella las venas safenas, colaterales y perforantes de forma segura y permanente, sin riesgo de cicatrices o hiperpigmentaci\u00f3n.<\/p>\n<\/div><div class=\"c-card__button\">Detalles del tratamiento<\/div><\/div><\/a>\n<\/div>\n\n\n\n<div class=\"wp-block-column is-layout-flow wp-block-column-is-layout-flow\"><\/div>\n<\/div>\n<\/div>\n<\/div>\n\n\n\n<div class=\"wp-block-fcs-core-spacer u-padding-xxxl-lg u-padding-md\"><\/div>\n<\/div>\n","protected":false},"excerpt":{"rendered":"","protected":false},"author":1,"featured_media":0,"parent":8295,"menu_order":2,"comment_status":"closed","ping_status":"closed","template":"","meta":{"_color_hex":"","_color_slug":"","footnotes":""},"class_list":["post-8306","page","type-page","status-publish","hentry"],"yoast_head":"<!-- This site is optimized with the Yoast SEO plugin v27.0 - https:\/\/yoast.com\/product\/yoast-seo-wordpress\/ -->\n<title>Flebolog\u00eda | F Care Systems<\/title>\n<meta name=\"description\" content=\"Nuestras opciones m\u00ednimamente invasivas para tratar las varices incluyen la ablaci\u00f3n por radiofrecuencia (Veineo\u00ae) y la escleroterapia con espuma (KAVS3L).\" \/>\n<meta name=\"robots\" content=\"index, follow, max-snippet:-1, max-image-preview:large, max-video-preview:-1\" \/>\n<link rel=\"canonical\" href=\"https:\/\/fcaresystems.com\/es\/tratamientos-minimamente-invasivos\/flebologia\/\" \/>\n<meta property=\"og:locale\" content=\"es_ES\" \/>\n<meta property=\"og:type\" content=\"article\" \/>\n<meta property=\"og:title\" content=\"Flebolog\u00eda | F Care Systems\" \/>\n<meta property=\"og:description\" content=\"Nuestras opciones m\u00ednimamente invasivas para tratar las varices incluyen la ablaci\u00f3n por radiofrecuencia (Veineo\u00ae) y la escleroterapia con espuma (KAVS3L).\" \/>\n<meta property=\"og:url\" content=\"https:\/\/fcaresystems.com\/es\/tratamientos-minimamente-invasivos\/flebologia\/\" \/>\n<meta property=\"og:site_name\" content=\"F Care Systems\" \/>\n<meta property=\"article:modified_time\" content=\"2025-05-26T06:47:35+00:00\" \/>\n<meta property=\"og:image\" content=\"https:\/\/fcaresystems.com\/wp-content\/uploads\/2022\/11\/hero-treatment-phebology-e1673340108754.jpg\" \/>\n<meta name=\"twitter:card\" content=\"summary_large_image\" \/>\n<meta name=\"twitter:label1\" content=\"Tiempo de lectura\" \/>\n\t<meta name=\"twitter:data1\" content=\"1 minuto\" \/>\n<script type=\"application\/ld+json\" class=\"yoast-schema-graph\">{\"@context\":\"https:\/\/schema.org\",\"@graph\":[{\"@type\":\"WebPage\",\"@id\":\"https:\/\/fcaresystems.com\/es\/tratamientos-minimamente-invasivos\/flebologia\/\",\"url\":\"https:\/\/fcaresystems.com\/es\/tratamientos-minimamente-invasivos\/flebologia\/\",\"name\":\"Flebolog\u00eda | F Care Systems\",\"isPartOf\":{\"@id\":\"https:\/\/fcaresystems.com\/es\/#website\"},\"primaryImageOfPage\":{\"@id\":\"https:\/\/fcaresystems.com\/es\/tratamientos-minimamente-invasivos\/flebologia\/#primaryimage\"},\"image\":{\"@id\":\"https:\/\/fcaresystems.com\/es\/tratamientos-minimamente-invasivos\/flebologia\/#primaryimage\"},\"thumbnailUrl\":\"https:\/\/fcaresystems.com\/wp-content\/uploads\/2022\/11\/hero-treatment-phebology-e1673340108754.jpg\",\"datePublished\":\"2022-11-18T13:04:13+00:00\",\"dateModified\":\"2025-05-26T06:47:35+00:00\",\"description\":\"Nuestras opciones m\u00ednimamente invasivas para tratar las varices incluyen la ablaci\u00f3n por radiofrecuencia (Veineo\u00ae) y la escleroterapia con espuma (KAVS3L).\",\"breadcrumb\":{\"@id\":\"https:\/\/fcaresystems.com\/es\/tratamientos-minimamente-invasivos\/flebologia\/#breadcrumb\"},\"inLanguage\":\"es\",\"potentialAction\":[{\"@type\":\"ReadAction\",\"target\":[\"https:\/\/fcaresystems.com\/es\/tratamientos-minimamente-invasivos\/flebologia\/\"]}]},{\"@type\":\"ImageObject\",\"inLanguage\":\"es\",\"@id\":\"https:\/\/fcaresystems.com\/es\/tratamientos-minimamente-invasivos\/flebologia\/#primaryimage\",\"url\":\"https:\/\/fcaresystems.com\/wp-content\/uploads\/2022\/11\/hero-treatment-phebology-e1673340108754.jpg\",\"contentUrl\":\"https:\/\/fcaresystems.com\/wp-content\/uploads\/2022\/11\/hero-treatment-phebology-e1673340108754.jpg\"},{\"@type\":\"BreadcrumbList\",\"@id\":\"https:\/\/fcaresystems.com\/es\/tratamientos-minimamente-invasivos\/flebologia\/#breadcrumb\",\"itemListElement\":[{\"@type\":\"ListItem\",\"position\":1,\"name\":\"Home\",\"item\":\"https:\/\/fcaresystems.com\/es\/\"},{\"@type\":\"ListItem\",\"position\":2,\"name\":\"Tratamientos\",\"item\":\"https:\/\/fcaresystems.com\/es\/tratamientos-minimamente-invasivos\/\"},{\"@type\":\"ListItem\",\"position\":3,\"name\":\"Flebolog\u00eda\"}]},{\"@type\":\"WebSite\",\"@id\":\"https:\/\/fcaresystems.com\/es\/#website\",\"url\":\"https:\/\/fcaresystems.com\/es\/\",\"name\":\"F Care Systems\",\"description\":\"\",\"publisher\":{\"@id\":\"https:\/\/fcaresystems.com\/es\/#organization\"},\"potentialAction\":[{\"@type\":\"SearchAction\",\"target\":{\"@type\":\"EntryPoint\",\"urlTemplate\":\"https:\/\/fcaresystems.com\/es\/?s={search_term_string}\"},\"query-input\":{\"@type\":\"PropertyValueSpecification\",\"valueRequired\":true,\"valueName\":\"search_term_string\"}}],\"inLanguage\":\"es\"},{\"@type\":\"Organization\",\"@id\":\"https:\/\/fcaresystems.com\/es\/#organization\",\"name\":\"F Care Systems\",\"url\":\"https:\/\/fcaresystems.com\/es\/\",\"logo\":{\"@type\":\"ImageObject\",\"inLanguage\":\"es\",\"@id\":\"https:\/\/fcaresystems.com\/es\/#\/schema\/logo\/image\/\",\"url\":\"https:\/\/fcaresystems.com\/wp-content\/uploads\/2022\/11\/logo-2.svg\",\"contentUrl\":\"https:\/\/fcaresystems.com\/wp-content\/uploads\/2022\/11\/logo-2.svg\",\"caption\":\"F Care Systems\"},\"image\":{\"@id\":\"https:\/\/fcaresystems.com\/es\/#\/schema\/logo\/image\/\"}}]}<\/script>\n<!-- \/ Yoast SEO plugin. -->","yoast_head_json":{"title":"Flebolog\u00eda | F Care Systems","description":"Nuestras opciones m\u00ednimamente invasivas para tratar las varices incluyen la ablaci\u00f3n por radiofrecuencia (Veineo\u00ae) y la escleroterapia con espuma (KAVS3L).","robots":{"index":"index","follow":"follow","max-snippet":"max-snippet:-1","max-image-preview":"max-image-preview:large","max-video-preview":"max-video-preview:-1"},"canonical":"https:\/\/fcaresystems.com\/es\/tratamientos-minimamente-invasivos\/flebologia\/","og_locale":"es_ES","og_type":"article","og_title":"Flebolog\u00eda | F Care Systems","og_description":"Nuestras opciones m\u00ednimamente invasivas para tratar las varices incluyen la ablaci\u00f3n por radiofrecuencia (Veineo\u00ae) y la escleroterapia con espuma (KAVS3L).","og_url":"https:\/\/fcaresystems.com\/es\/tratamientos-minimamente-invasivos\/flebologia\/","og_site_name":"F Care Systems","article_modified_time":"2025-05-26T06:47:35+00:00","og_image":[{"url":"https:\/\/fcaresystems.com\/wp-content\/uploads\/2022\/11\/hero-treatment-phebology-e1673340108754.jpg","type":"","width":"","height":""}],"twitter_card":"summary_large_image","twitter_misc":{"Tiempo de lectura":"1 minuto"},"schema":{"@context":"https:\/\/schema.org","@graph":[{"@type":"WebPage","@id":"https:\/\/fcaresystems.com\/es\/tratamientos-minimamente-invasivos\/flebologia\/","url":"https:\/\/fcaresystems.com\/es\/tratamientos-minimamente-invasivos\/flebologia\/","name":"Flebolog\u00eda | F Care Systems","isPartOf":{"@id":"https:\/\/fcaresystems.com\/es\/#website"},"primaryImageOfPage":{"@id":"https:\/\/fcaresystems.com\/es\/tratamientos-minimamente-invasivos\/flebologia\/#primaryimage"},"image":{"@id":"https:\/\/fcaresystems.com\/es\/tratamientos-minimamente-invasivos\/flebologia\/#primaryimage"},"thumbnailUrl":"https:\/\/fcaresystems.com\/wp-content\/uploads\/2022\/11\/hero-treatment-phebology-e1673340108754.jpg","datePublished":"2022-11-18T13:04:13+00:00","dateModified":"2025-05-26T06:47:35+00:00","description":"Nuestras opciones m\u00ednimamente invasivas para tratar las varices incluyen la ablaci\u00f3n por radiofrecuencia (Veineo\u00ae) y la escleroterapia con espuma (KAVS3L).","breadcrumb":{"@id":"https:\/\/fcaresystems.com\/es\/tratamientos-minimamente-invasivos\/flebologia\/#breadcrumb"},"inLanguage":"es","potentialAction":[{"@type":"ReadAction","target":["https:\/\/fcaresystems.com\/es\/tratamientos-minimamente-invasivos\/flebologia\/"]}]},{"@type":"ImageObject","inLanguage":"es","@id":"https:\/\/fcaresystems.com\/es\/tratamientos-minimamente-invasivos\/flebologia\/#primaryimage","url":"https:\/\/fcaresystems.com\/wp-content\/uploads\/2022\/11\/hero-treatment-phebology-e1673340108754.jpg","contentUrl":"https:\/\/fcaresystems.com\/wp-content\/uploads\/2022\/11\/hero-treatment-phebology-e1673340108754.jpg"},{"@type":"BreadcrumbList","@id":"https:\/\/fcaresystems.com\/es\/tratamientos-minimamente-invasivos\/flebologia\/#breadcrumb","itemListElement":[{"@type":"ListItem","position":1,"name":"Home","item":"https:\/\/fcaresystems.com\/es\/"},{"@type":"ListItem","position":2,"name":"Tratamientos","item":"https:\/\/fcaresystems.com\/es\/tratamientos-minimamente-invasivos\/"},{"@type":"ListItem","position":3,"name":"Flebolog\u00eda"}]},{"@type":"WebSite","@id":"https:\/\/fcaresystems.com\/es\/#website","url":"https:\/\/fcaresystems.com\/es\/","name":"F Care Systems","description":"","publisher":{"@id":"https:\/\/fcaresystems.com\/es\/#organization"},"potentialAction":[{"@type":"SearchAction","target":{"@type":"EntryPoint","urlTemplate":"https:\/\/fcaresystems.com\/es\/?s={search_term_string}"},"query-input":{"@type":"PropertyValueSpecification","valueRequired":true,"valueName":"search_term_string"}}],"inLanguage":"es"},{"@type":"Organization","@id":"https:\/\/fcaresystems.com\/es\/#organization","name":"F Care Systems","url":"https:\/\/fcaresystems.com\/es\/","logo":{"@type":"ImageObject","inLanguage":"es","@id":"https:\/\/fcaresystems.com\/es\/#\/schema\/logo\/image\/","url":"https:\/\/fcaresystems.com\/wp-content\/uploads\/2022\/11\/logo-2.svg","contentUrl":"https:\/\/fcaresystems.com\/wp-content\/uploads\/2022\/11\/logo-2.svg","caption":"F Care Systems"},"image":{"@id":"https:\/\/fcaresystems.com\/es\/#\/schema\/logo\/image\/"}}]}},"_links":{"self":[{"href":"https:\/\/fcaresystems.com\/es\/wp-json\/wp\/v2\/pages\/8306","targetHints":{"allow":["GET"]}}],"collection":[{"href":"https:\/\/fcaresystems.com\/es\/wp-json\/wp\/v2\/pages"}],"about":[{"href":"https:\/\/fcaresystems.com\/es\/wp-json\/wp\/v2\/types\/page"}],"author":[{"embeddable":true,"href":"https:\/\/fcaresystems.com\/es\/wp-json\/wp\/v2\/users\/1"}],"replies":[{"embeddable":true,"href":"https:\/\/fcaresystems.com\/es\/wp-json\/wp\/v2\/comments?post=8306"}],"version-history":[{"count":8,"href":"https:\/\/fcaresystems.com\/es\/wp-json\/wp\/v2\/pages\/8306\/revisions"}],"predecessor-version":[{"id":14826,"href":"https:\/\/fcaresystems.com\/es\/wp-json\/wp\/v2\/pages\/8306\/revisions\/14826"}],"up":[{"embeddable":true,"href":"https:\/\/fcaresystems.com\/es\/wp-json\/wp\/v2\/pages\/8295"}],"wp:attachment":[{"href":"https:\/\/fcaresystems.com\/es\/wp-json\/wp\/v2\/media?parent=8306"}],"curies":[{"name":"wp","href":"https:\/\/api.w.org\/{rel}","templated":true}]}}