{"id":8300,"date":"2022-11-07T11:54:34","date_gmt":"2022-11-07T10:54:34","guid":{"rendered":"https:\/\/fcaresystems.com\/tratamientos-minimamente-invasivos\/proctology\/"},"modified":"2023-07-06T15:00:53","modified_gmt":"2023-07-06T13:00:53","slug":"proctologia","status":"publish","type":"page","link":"https:\/\/fcaresystems.com\/es\/tratamientos-minimamente-invasivos\/proctologia\/","title":{"rendered":"Proctolog\u00eda"},"content":{"rendered":"\n<section class=\"wp-block-fcs-core-header is-style-gradient\"><header class=\"c-header c-header-wrapper c-header-wrapper-s\"><figure class=\"c-header-img \"><img decoding=\"async\" src=\"https:\/\/fcaresystems.com\/wp-content\/uploads\/2022\/11\/hero-proctology.jpg\" class=\"c-header-img\"\/><figcaption class=\"c-header-content\"><div class=\"o-container\">\n<div class=\"wp-block-fcs-core-spacer u-padding-sm-lg u-padding-sm\"><\/div>\n\n\n\n<div class=\"wp-block-group c-breadcrumb\"><div class=\"wp-block-group__inner-container is-layout-flow wp-block-group-is-layout-flow\"><span><span><a href=\"https:\/\/fcaresystems.com\/es\/\">Home<\/a><\/span><\/span>\n<\/div><\/div>\n\n\n\n<div class=\"wp-block-fcs-core-spacer u-padding-xs-lg u-padding-xs\"><\/div>\n\n\n\n<figure class=\"wp-block-image size-full\"><img decoding=\"async\" src=\"https:\/\/fcaresystems.com\/wp-content\/uploads\/2022\/11\/icon-big-proctology-dik-wit.svg\" alt=\"\" class=\"wp-image-1031\"\/><\/figure>\n\n\n\n<div class=\"wp-block-fcs-core-spacer u-padding-xs-lg u-padding-xs\"><\/div>\n\n\n\n<h1 class=\"wp-block-heading has-white-color has-text-color\">Tratamientos m\u00ednimamente invasivos para coloproct\u00f3logos<\/h1>\n<\/div><\/figcaption><\/figure><\/header><\/section>\n\n\n\n<div class=\"wp-block-fcs-core-container o-container\">\n<div class=\"wp-block-fcs-core-spacer u-padding-lg-lg u-padding-md\"><\/div>\n\n\n\n<div class=\"wp-block-columns is-layout-flex wp-container-core-columns-is-layout-9d6595d7 wp-block-columns-is-layout-flex\">\n<div class=\"wp-block-column is-layout-flow wp-block-column-is-layout-flow\" style=\"flex-basis:33.33%\">\n<h2 class=\"wp-block-heading has-primary-color has-text-color\">Hemorroides<\/h2>\n<\/div>\n\n\n\n<div class=\"wp-block-column is-layout-flow wp-block-column-is-layout-flow\" style=\"flex-basis:66.66%\">\n<div class=\"wp-block-columns is-layout-flex wp-container-core-columns-is-layout-9d6595d7 wp-block-columns-is-layout-flex\">\n<div class=\"wp-block-column is-layout-flow wp-block-column-is-layout-flow\">\n<a href=\"https:\/\/fcaresystems.com\/es\/tratamientos-minimamente-invasivos\/proctologia\/arf-hemorroides\/\" class=\"c-card c-card--image\"><div class=\"u-padding-sm o-flex o-flex-column o-flex-justify-content-between o-flex-grow\"><div>\n<h3 class=\"wp-block-heading has-primary-color has-text-color\"><strong><strong>Ablaci\u00f3n por radiofrecuencia<\/strong> | Rafaelo\u00ae<\/strong><\/h3>\n\n\n\n<p>El procedimiento Rafaelo\u00ae es un m\u00e9todo no quir\u00fargico seguro y eficaz para la ablaci\u00f3n de hemorroides internas de grado&nbsp;2, 3 y 4 en su fase inicial mediante termocoagulaci\u00f3n por radiofrecuencia.<\/p>\n<\/div><div class=\"c-card__button\">Detalles del tratamiento<\/div><\/div><\/a>\n<\/div>\n\n\n\n<div class=\"wp-block-column is-layout-flow wp-block-column-is-layout-flow\">\n<a href=\"https:\/\/fcaresystems.com\/es\/tratamientos-minimamente-invasivos\/proctologia\/ligadura-con-banda-elastica\/\" class=\"c-card c-card--image\"><div class=\"u-padding-sm o-flex o-flex-column o-flex-justify-content-between o-flex-grow\"><div>\n<h3 class=\"wp-block-heading has-primary-color has-text-color\"><strong><strong>Ligadura con banda el\u00e1stica<\/strong><\/strong> | Pilex<\/h3>\n\n\n\n<p>La ligadura con banda el\u00e1stica (RBL) se ha utilizado durante d\u00e9cadas como una opci\u00f3n ambulatoria r\u00e1pida y pr\u00e1ctica para tratar hemorroides internas de grado 1 y 2 que no responden a los cambios diet\u00e9ticos.<\/p>\n<\/div><div class=\"c-card__button\">Detalles del tratamiento<\/div><\/div><\/a>\n<\/div>\n<\/div>\n<\/div>\n<\/div>\n\n\n\n<div class=\"wp-block-fcs-core-spacer u-padding-md-lg u-padding-md\"><\/div>\n\n\n\n<div class=\"wp-block-columns is-layout-flex wp-container-core-columns-is-layout-9d6595d7 wp-block-columns-is-layout-flex\">\n<div class=\"wp-block-column is-layout-flow wp-block-column-is-layout-flow\" style=\"flex-basis:33.33%\">\n<h2 class=\"wp-block-heading has-primary-color has-text-color\">F\u00edstulas anales<\/h2>\n<\/div>\n\n\n\n<div class=\"wp-block-column is-layout-flow wp-block-column-is-layout-flow\" style=\"flex-basis:66.66%\">\n<div class=\"wp-block-columns is-layout-flex wp-container-core-columns-is-layout-9d6595d7 wp-block-columns-is-layout-flex\">\n<div class=\"wp-block-column is-layout-flow wp-block-column-is-layout-flow\">\n<a href=\"https:\/\/fcaresystems.com\/es\/tratamientos-minimamente-invasivos\/proctologia\/arf-fistulas-anales\/\" class=\"c-card c-card--image\"><div class=\"u-padding-sm o-flex o-flex-column o-flex-justify-content-between o-flex-grow\"><div>\n<h3 class=\"wp-block-heading has-primary-color has-text-color\"><strong><strong>Ablaci\u00f3n con cat\u00e9ter de RF<\/strong> | Fistura\u00ae<\/strong><\/h3>\n\n\n\n<p>En comparaci\u00f3n con la fistulotom\u00eda, la ablaci\u00f3n con cat\u00e9ter de radiofrecuencia con Fistura\u00ae reduce el dolor postoperatorio y el riesgo de complicaciones.<\/p>\n<\/div><div class=\"c-card__button\">Detalles del tratamiento<\/div><\/div><\/a>\n<\/div>\n\n\n\n<div class=\"wp-block-column is-layout-flow wp-block-column-is-layout-flow\"><\/div>\n<\/div>\n<\/div>\n<\/div>\n\n\n\n<div class=\"wp-block-fcs-core-spacer u-padding-xxxl-lg u-padding-md\"><\/div>\n<\/div>\n","protected":false},"excerpt":{"rendered":"","protected":false},"author":1,"featured_media":0,"parent":8295,"menu_order":0,"comment_status":"closed","ping_status":"closed","template":"","meta":{"_color_hex":"","_color_slug":"","footnotes":""},"class_list":["post-8300","page","type-page","status-publish","hentry"],"yoast_head":"<!-- This site is optimized with the Yoast SEO plugin v27.0 - https:\/\/yoast.com\/product\/yoast-seo-wordpress\/ -->\n<title>Proctolog\u00eda | F Care Systems<\/title>\n<meta name=\"description\" content=\"Equipamos a los proct\u00f3logos para que realicen la ablaci\u00f3n por radiofrecuencia m\u00ednimamente invasiva de las hemorroides (Rafaelo\u00ae) y las f\u00edstulas anales (Fistura\u00ae), as\u00ed como la ligadura de bandas (Pilex).\" \/>\n<meta name=\"robots\" content=\"index, follow, max-snippet:-1, max-image-preview:large, max-video-preview:-1\" \/>\n<link rel=\"canonical\" href=\"https:\/\/fcaresystems.com\/es\/tratamientos-minimamente-invasivos\/proctologia\/\" \/>\n<meta property=\"og:locale\" content=\"es_ES\" \/>\n<meta property=\"og:type\" content=\"article\" \/>\n<meta property=\"og:title\" content=\"Proctolog\u00eda | F Care Systems\" \/>\n<meta property=\"og:description\" content=\"Equipamos a los proct\u00f3logos para que realicen la ablaci\u00f3n por radiofrecuencia m\u00ednimamente invasiva de las hemorroides (Rafaelo\u00ae) y las f\u00edstulas anales (Fistura\u00ae), as\u00ed como la ligadura de bandas (Pilex).\" \/>\n<meta property=\"og:url\" content=\"https:\/\/fcaresystems.com\/es\/tratamientos-minimamente-invasivos\/proctologia\/\" \/>\n<meta property=\"og:site_name\" content=\"F Care Systems\" \/>\n<meta property=\"article:modified_time\" content=\"2023-07-06T13:00:53+00:00\" \/>\n<meta property=\"og:image\" content=\"https:\/\/fcaresystems.com\/wp-content\/uploads\/2022\/11\/hero-proctology.jpg\" \/>\n<meta name=\"twitter:card\" content=\"summary_large_image\" \/>\n<meta name=\"twitter:label1\" content=\"Tiempo de lectura\" \/>\n\t<meta name=\"twitter:data1\" content=\"1 minuto\" \/>\n<script type=\"application\/ld+json\" class=\"yoast-schema-graph\">{\"@context\":\"https:\/\/schema.org\",\"@graph\":[{\"@type\":\"WebPage\",\"@id\":\"https:\/\/fcaresystems.com\/es\/tratamientos-minimamente-invasivos\/proctologia\/\",\"url\":\"https:\/\/fcaresystems.com\/es\/tratamientos-minimamente-invasivos\/proctologia\/\",\"name\":\"Proctolog\u00eda | F Care Systems\",\"isPartOf\":{\"@id\":\"https:\/\/fcaresystems.com\/es\/#website\"},\"primaryImageOfPage\":{\"@id\":\"https:\/\/fcaresystems.com\/es\/tratamientos-minimamente-invasivos\/proctologia\/#primaryimage\"},\"image\":{\"@id\":\"https:\/\/fcaresystems.com\/es\/tratamientos-minimamente-invasivos\/proctologia\/#primaryimage\"},\"thumbnailUrl\":\"https:\/\/fcaresystems.com\/wp-content\/uploads\/2022\/11\/hero-proctology.jpg\",\"datePublished\":\"2022-11-07T10:54:34+00:00\",\"dateModified\":\"2023-07-06T13:00:53+00:00\",\"description\":\"Equipamos a los proct\u00f3logos para que realicen la ablaci\u00f3n por radiofrecuencia m\u00ednimamente invasiva de las hemorroides (Rafaelo\u00ae) y las f\u00edstulas anales (Fistura\u00ae), as\u00ed como la ligadura de bandas (Pilex).\",\"breadcrumb\":{\"@id\":\"https:\/\/fcaresystems.com\/es\/tratamientos-minimamente-invasivos\/proctologia\/#breadcrumb\"},\"inLanguage\":\"es\",\"potentialAction\":[{\"@type\":\"ReadAction\",\"target\":[\"https:\/\/fcaresystems.com\/es\/tratamientos-minimamente-invasivos\/proctologia\/\"]}]},{\"@type\":\"ImageObject\",\"inLanguage\":\"es\",\"@id\":\"https:\/\/fcaresystems.com\/es\/tratamientos-minimamente-invasivos\/proctologia\/#primaryimage\",\"url\":\"https:\/\/fcaresystems.com\/wp-content\/uploads\/2022\/11\/hero-proctology.jpg\",\"contentUrl\":\"https:\/\/fcaresystems.com\/wp-content\/uploads\/2022\/11\/hero-proctology.jpg\"},{\"@type\":\"BreadcrumbList\",\"@id\":\"https:\/\/fcaresystems.com\/es\/tratamientos-minimamente-invasivos\/proctologia\/#breadcrumb\",\"itemListElement\":[{\"@type\":\"ListItem\",\"position\":1,\"name\":\"Home\",\"item\":\"https:\/\/fcaresystems.com\/es\/\"},{\"@type\":\"ListItem\",\"position\":2,\"name\":\"Tratamientos\",\"item\":\"https:\/\/fcaresystems.com\/es\/tratamientos-minimamente-invasivos\/\"},{\"@type\":\"ListItem\",\"position\":3,\"name\":\"Proctolog\u00eda\"}]},{\"@type\":\"WebSite\",\"@id\":\"https:\/\/fcaresystems.com\/es\/#website\",\"url\":\"https:\/\/fcaresystems.com\/es\/\",\"name\":\"F Care Systems\",\"description\":\"\",\"publisher\":{\"@id\":\"https:\/\/fcaresystems.com\/es\/#organization\"},\"potentialAction\":[{\"@type\":\"SearchAction\",\"target\":{\"@type\":\"EntryPoint\",\"urlTemplate\":\"https:\/\/fcaresystems.com\/es\/?s={search_term_string}\"},\"query-input\":{\"@type\":\"PropertyValueSpecification\",\"valueRequired\":true,\"valueName\":\"search_term_string\"}}],\"inLanguage\":\"es\"},{\"@type\":\"Organization\",\"@id\":\"https:\/\/fcaresystems.com\/es\/#organization\",\"name\":\"F Care Systems\",\"url\":\"https:\/\/fcaresystems.com\/es\/\",\"logo\":{\"@type\":\"ImageObject\",\"inLanguage\":\"es\",\"@id\":\"https:\/\/fcaresystems.com\/es\/#\/schema\/logo\/image\/\",\"url\":\"https:\/\/fcaresystems.com\/wp-content\/uploads\/2022\/11\/logo-2.svg\",\"contentUrl\":\"https:\/\/fcaresystems.com\/wp-content\/uploads\/2022\/11\/logo-2.svg\",\"caption\":\"F Care Systems\"},\"image\":{\"@id\":\"https:\/\/fcaresystems.com\/es\/#\/schema\/logo\/image\/\"}}]}<\/script>\n<!-- \/ Yoast SEO plugin. -->","yoast_head_json":{"title":"Proctolog\u00eda | F Care Systems","description":"Equipamos a los proct\u00f3logos para que realicen la ablaci\u00f3n por radiofrecuencia m\u00ednimamente invasiva de las hemorroides (Rafaelo\u00ae) y las f\u00edstulas anales (Fistura\u00ae), as\u00ed como la ligadura de bandas (Pilex).","robots":{"index":"index","follow":"follow","max-snippet":"max-snippet:-1","max-image-preview":"max-image-preview:large","max-video-preview":"max-video-preview:-1"},"canonical":"https:\/\/fcaresystems.com\/es\/tratamientos-minimamente-invasivos\/proctologia\/","og_locale":"es_ES","og_type":"article","og_title":"Proctolog\u00eda | F Care Systems","og_description":"Equipamos a los proct\u00f3logos para que realicen la ablaci\u00f3n por radiofrecuencia m\u00ednimamente invasiva de las hemorroides (Rafaelo\u00ae) y las f\u00edstulas anales (Fistura\u00ae), as\u00ed como la ligadura de bandas (Pilex).","og_url":"https:\/\/fcaresystems.com\/es\/tratamientos-minimamente-invasivos\/proctologia\/","og_site_name":"F Care Systems","article_modified_time":"2023-07-06T13:00:53+00:00","og_image":[{"url":"https:\/\/fcaresystems.com\/wp-content\/uploads\/2022\/11\/hero-proctology.jpg","type":"","width":"","height":""}],"twitter_card":"summary_large_image","twitter_misc":{"Tiempo de lectura":"1 minuto"},"schema":{"@context":"https:\/\/schema.org","@graph":[{"@type":"WebPage","@id":"https:\/\/fcaresystems.com\/es\/tratamientos-minimamente-invasivos\/proctologia\/","url":"https:\/\/fcaresystems.com\/es\/tratamientos-minimamente-invasivos\/proctologia\/","name":"Proctolog\u00eda | F Care Systems","isPartOf":{"@id":"https:\/\/fcaresystems.com\/es\/#website"},"primaryImageOfPage":{"@id":"https:\/\/fcaresystems.com\/es\/tratamientos-minimamente-invasivos\/proctologia\/#primaryimage"},"image":{"@id":"https:\/\/fcaresystems.com\/es\/tratamientos-minimamente-invasivos\/proctologia\/#primaryimage"},"thumbnailUrl":"https:\/\/fcaresystems.com\/wp-content\/uploads\/2022\/11\/hero-proctology.jpg","datePublished":"2022-11-07T10:54:34+00:00","dateModified":"2023-07-06T13:00:53+00:00","description":"Equipamos a los proct\u00f3logos para que realicen la ablaci\u00f3n por radiofrecuencia m\u00ednimamente invasiva de las hemorroides (Rafaelo\u00ae) y las f\u00edstulas anales (Fistura\u00ae), as\u00ed como la ligadura de bandas (Pilex).","breadcrumb":{"@id":"https:\/\/fcaresystems.com\/es\/tratamientos-minimamente-invasivos\/proctologia\/#breadcrumb"},"inLanguage":"es","potentialAction":[{"@type":"ReadAction","target":["https:\/\/fcaresystems.com\/es\/tratamientos-minimamente-invasivos\/proctologia\/"]}]},{"@type":"ImageObject","inLanguage":"es","@id":"https:\/\/fcaresystems.com\/es\/tratamientos-minimamente-invasivos\/proctologia\/#primaryimage","url":"https:\/\/fcaresystems.com\/wp-content\/uploads\/2022\/11\/hero-proctology.jpg","contentUrl":"https:\/\/fcaresystems.com\/wp-content\/uploads\/2022\/11\/hero-proctology.jpg"},{"@type":"BreadcrumbList","@id":"https:\/\/fcaresystems.com\/es\/tratamientos-minimamente-invasivos\/proctologia\/#breadcrumb","itemListElement":[{"@type":"ListItem","position":1,"name":"Home","item":"https:\/\/fcaresystems.com\/es\/"},{"@type":"ListItem","position":2,"name":"Tratamientos","item":"https:\/\/fcaresystems.com\/es\/tratamientos-minimamente-invasivos\/"},{"@type":"ListItem","position":3,"name":"Proctolog\u00eda"}]},{"@type":"WebSite","@id":"https:\/\/fcaresystems.com\/es\/#website","url":"https:\/\/fcaresystems.com\/es\/","name":"F Care Systems","description":"","publisher":{"@id":"https:\/\/fcaresystems.com\/es\/#organization"},"potentialAction":[{"@type":"SearchAction","target":{"@type":"EntryPoint","urlTemplate":"https:\/\/fcaresystems.com\/es\/?s={search_term_string}"},"query-input":{"@type":"PropertyValueSpecification","valueRequired":true,"valueName":"search_term_string"}}],"inLanguage":"es"},{"@type":"Organization","@id":"https:\/\/fcaresystems.com\/es\/#organization","name":"F Care Systems","url":"https:\/\/fcaresystems.com\/es\/","logo":{"@type":"ImageObject","inLanguage":"es","@id":"https:\/\/fcaresystems.com\/es\/#\/schema\/logo\/image\/","url":"https:\/\/fcaresystems.com\/wp-content\/uploads\/2022\/11\/logo-2.svg","contentUrl":"https:\/\/fcaresystems.com\/wp-content\/uploads\/2022\/11\/logo-2.svg","caption":"F Care Systems"},"image":{"@id":"https:\/\/fcaresystems.com\/es\/#\/schema\/logo\/image\/"}}]}},"_links":{"self":[{"href":"https:\/\/fcaresystems.com\/es\/wp-json\/wp\/v2\/pages\/8300","targetHints":{"allow":["GET"]}}],"collection":[{"href":"https:\/\/fcaresystems.com\/es\/wp-json\/wp\/v2\/pages"}],"about":[{"href":"https:\/\/fcaresystems.com\/es\/wp-json\/wp\/v2\/types\/page"}],"author":[{"embeddable":true,"href":"https:\/\/fcaresystems.com\/es\/wp-json\/wp\/v2\/users\/1"}],"replies":[{"embeddable":true,"href":"https:\/\/fcaresystems.com\/es\/wp-json\/wp\/v2\/comments?post=8300"}],"version-history":[{"count":6,"href":"https:\/\/fcaresystems.com\/es\/wp-json\/wp\/v2\/pages\/8300\/revisions"}],"predecessor-version":[{"id":12232,"href":"https:\/\/fcaresystems.com\/es\/wp-json\/wp\/v2\/pages\/8300\/revisions\/12232"}],"up":[{"embeddable":true,"href":"https:\/\/fcaresystems.com\/es\/wp-json\/wp\/v2\/pages\/8295"}],"wp:attachment":[{"href":"https:\/\/fcaresystems.com\/es\/wp-json\/wp\/v2\/media?parent=8300"}],"curies":[{"name":"wp","href":"https:\/\/api.w.org\/{rel}","templated":true}]}}