{"id":8295,"date":"2022-10-24T14:23:11","date_gmt":"2022-10-24T12:23:11","guid":{"rendered":"https:\/\/fcaresystems.com\/minimally-invasive-treatments\/"},"modified":"2025-05-26T08:43:41","modified_gmt":"2025-05-26T06:43:41","slug":"tratamientos-minimamente-invasivos","status":"publish","type":"page","link":"https:\/\/fcaresystems.com\/es\/tratamientos-minimamente-invasivos\/","title":{"rendered":"Tratamientos"},"content":{"rendered":"\n<section class=\"wp-block-fcs-core-header is-style-gradient\"><header class=\"c-header c-header-wrapper c-header-wrapper-s\"><figure class=\"c-header-img \"><img decoding=\"async\" src=\"https:\/\/fcaresystems.com\/wp-content\/uploads\/2022\/11\/hero-treatments.jpg\" class=\"c-header-img\"\/><figcaption class=\"c-header-content\"><div class=\"o-container\">\n\n<div class=\"wp-block-fcs-core-spacer u-padding-sm-lg u-padding-sm\"><\/div>\n\n\n<div class=\"wp-block-group c-breadcrumb\"><div class=\"wp-block-group__inner-container is-layout-flow wp-block-group-is-layout-flow\">\n<span><span><a href=\"https:\/\/fcaresystems.com\/es\/\">Home<\/a><\/span><\/span>\n\n<\/div><\/div>\n\n\n<div class=\"wp-block-fcs-core-spacer u-padding-md-lg u-padding-md\"><\/div>\n\n\n<h1 class=\"is-style-default has-white-color has-text-color wp-block-heading\">Tratamientos m\u00ednimamente invasivos por especialidad<\/h1>\n\n<\/div><\/figcaption><\/figure><\/header><\/section>\n\n\n\n<div class=\"wp-block-fcs-core-container o-container\">\n<div class=\"wp-block-fcs-core-spacer u-padding-xl-lg u-padding-md\"><\/div>\n\n\n\n<div class=\"wp-block-group u-padding-md has-light-background-color has-background\"><div class=\"wp-block-group__inner-container is-layout-constrained wp-block-group-is-layout-constrained\">\n<div class=\"wp-block-columns is-layout-flex wp-container-core-columns-is-layout-9d6595d7 wp-block-columns-is-layout-flex\">\n<div class=\"wp-block-column is-style-default is-layout-flow wp-block-column-is-layout-flow\" style=\"flex-basis:64px\">\n<figure class=\"wp-block-image size-full is-resized\"><img decoding=\"async\" src=\"https:\/\/fcaresystems.com\/wp-content\/uploads\/2022\/11\/icon-big-proctology-dik.svg\" alt=\"\" class=\"wp-image-1024\" style=\"width:66px;height:66px\"\/><\/figure>\n<\/div>\n\n\n\n<div class=\"wp-block-column is-vertically-aligned-top is-layout-flow wp-block-column-is-layout-flow\" style=\"flex-basis:20%\">\n<h3 class=\"wp-block-heading has-primary-color has-text-color\"><a href=\"https:\/\/fcaresystems.com\/es\/tratamientos-minimamente-invasivos\/proctologia\/\">Proctolog\u00eda<\/a><\/h3>\n<\/div>\n\n\n\n<div class=\"wp-block-column is-vertically-aligned-center is-layout-flow wp-block-column-is-layout-flow\">\n<p>Dos de nuestros tratamientos de ablaci\u00f3n por RF m\u00e1s emblem\u00e1ticos fueron desarrollados pensando en los coloproct\u00f3logos: Rafaelo\u00ae para las hemorroides y Fistura\u00ae para las f\u00edstulas anales. Tambi\u00e9n ofrecemos Pilex, una pr\u00e1ctica pistola de ligadura con banda el\u00e1stica.<\/p>\n\n\n\n<div class=\"wp-block-buttons is-layout-flex wp-block-buttons-is-layout-flex\">\n<div class=\"wp-block-button is-style-text-inline\"><a class=\"wp-block-button__link wp-element-button\" href=\"https:\/\/fcaresystems.com\/es\/tratamientos-minimamente-invasivos\/proctologia\/\">Ver tratamientos<\/a><\/div>\n<\/div>\n<\/div>\n<\/div>\n<\/div><\/div>\n\n\n\n<div class=\"wp-block-fcs-core-spacer u-padding-sm-lg u-padding-sm\"><\/div>\n\n\n\n<div class=\"wp-block-group u-padding-md has-light-background-color has-background\"><div class=\"wp-block-group__inner-container is-layout-constrained wp-block-group-is-layout-constrained\">\n<div class=\"wp-block-columns is-layout-flex wp-container-core-columns-is-layout-9d6595d7 wp-block-columns-is-layout-flex\">\n<div class=\"wp-block-column is-style-default is-layout-flow wp-block-column-is-layout-flow\" style=\"flex-basis:64px\">\n<figure class=\"wp-block-image size-full is-resized\"><img decoding=\"async\" src=\"https:\/\/fcaresystems.com\/wp-content\/uploads\/2022\/11\/icon-big-phebology-dik.svg\" alt=\"\" class=\"wp-image-1023\" style=\"width:66px;height:66px\"\/><\/figure>\n<\/div>\n\n\n\n<div class=\"wp-block-column is-vertically-aligned-top is-layout-flow wp-block-column-is-layout-flow\" style=\"flex-basis:20%\">\n<h3 class=\"wp-block-heading has-primary-color has-text-color\"><a href=\"https:\/\/fcaresystems.com\/es\/tratamientos-minimamente-invasivos\/flebologia\/\">Flebolog\u00eda<\/a><\/h3>\n<\/div>\n\n\n\n<div class=\"wp-block-column is-vertically-aligned-center is-layout-flow wp-block-column-is-layout-flow\">\n<p>La ablaci\u00f3n con cat\u00e9ter de radiofrecuencia con Veineo\u00ae elimina las venas safenas, perforantes y colaterales varicosas sin cicatrices ni hiperpigmentaci\u00f3n.<\/p>\n\n\n\n<div class=\"wp-block-buttons is-layout-flex wp-block-buttons-is-layout-flex\">\n<div class=\"wp-block-button is-style-text-inline\"><a class=\"wp-block-button__link wp-element-button\" href=\"https:\/\/fcaresystems.com\/es\/tratamientos-minimamente-invasivos\/flebologia\/\">Ver tratamientos<\/a><\/div>\n<\/div>\n<\/div>\n<\/div>\n<\/div><\/div>\n\n\n\n<div class=\"wp-block-fcs-core-spacer u-padding-sm-lg u-padding-sm\"><\/div>\n\n\n\n<div class=\"wp-block-group u-padding-md has-light-background-color has-background\"><div class=\"wp-block-group__inner-container is-layout-constrained wp-block-group-is-layout-constrained\">\n<div class=\"wp-block-columns is-layout-flex wp-container-core-columns-is-layout-9d6595d7 wp-block-columns-is-layout-flex\">\n<div class=\"wp-block-column is-style-default is-layout-flow wp-block-column-is-layout-flow\" style=\"flex-basis:64px\">\n<figure class=\"wp-block-image size-full is-resized\"><img decoding=\"async\" src=\"https:\/\/fcaresystems.com\/wp-content\/uploads\/2022\/11\/icon-big-dermatology-dik.svg\" alt=\"\" class=\"wp-image-1021\" style=\"width:66px;height:66px\"\/><\/figure>\n<\/div>\n\n\n\n<div class=\"wp-block-column is-vertically-aligned-top is-layout-flow wp-block-column-is-layout-flow\" style=\"flex-basis:20%\">\n<h3 class=\"wp-block-heading has-primary-color has-text-color\"><a href=\"https:\/\/fcaresystems.com\/es\/tratamientos-minimamente-invasivos\/dermatologia-estetica\/\">Dermatolog\u00eda est\u00e9tica<\/a><\/h3>\n<\/div>\n\n\n\n<div class=\"wp-block-column is-vertically-aligned-center is-layout-flow wp-block-column-is-layout-flow\">\n<p>Especialistas en dermatolog\u00eda est\u00e9tica: Viridex le ofrece todo lo que necesita. Trate los papilomas cut\u00e1neos, los lunares rojos, las ara\u00f1as vasculares y las arrugas, entre otros, con Viridex\u00ae RF. Nuestro \u00fanico generador de ultrasonidos, el Viridex\u00ae US, trata de forma segura la celulitis problem\u00e1tica.<\/p>\n\n\n\n<div class=\"wp-block-buttons is-layout-flex wp-block-buttons-is-layout-flex\">\n<div class=\"wp-block-button is-style-text-inline\"><a class=\"wp-block-button__link wp-element-button\" href=\"https:\/\/fcaresystems.com\/es\/tratamientos-minimamente-invasivos\/dermatologia-estetica\/\">Ver tratamientos<\/a><\/div>\n<\/div>\n<\/div>\n<\/div>\n<\/div><\/div>\n\n\n\n<div class=\"wp-block-fcs-core-spacer u-padding-xxl-lg u-padding-md\"><\/div>\n<\/div>\n","protected":false},"excerpt":{"rendered":"","protected":false},"author":1,"featured_media":0,"parent":0,"menu_order":0,"comment_status":"closed","ping_status":"closed","template":"","meta":{"_color_hex":"","_color_slug":"","footnotes":""},"class_list":["post-8295","page","type-page","status-publish","hentry"],"yoast_head":"<!-- This site is optimized with the Yoast SEO plugin v27.5 - https:\/\/yoast.com\/product\/yoast-seo-wordpress\/ -->\n<title>F Care Systems | Tratamientos m\u00ednimamente invasivos<\/title>\n<meta name=\"description\" content=\"Una p\u00e1gina para ayudar a los especialistas m\u00e9dicos a encontrar productos y soluciones especialmente para su campo.\" \/>\n<meta name=\"robots\" content=\"index, follow, max-snippet:-1, max-image-preview:large, max-video-preview:-1\" \/>\n<link rel=\"canonical\" href=\"https:\/\/fcaresystems.com\/es\/tratamientos-minimamente-invasivos\/\" \/>\n<meta property=\"og:locale\" content=\"es_ES\" \/>\n<meta property=\"og:type\" content=\"article\" \/>\n<meta property=\"og:title\" content=\"F Care Systems | Tratamientos m\u00ednimamente invasivos\" \/>\n<meta property=\"og:description\" content=\"Una p\u00e1gina para ayudar a los especialistas m\u00e9dicos a encontrar productos y soluciones especialmente para su campo.\" \/>\n<meta property=\"og:url\" content=\"https:\/\/fcaresystems.com\/es\/tratamientos-minimamente-invasivos\/\" \/>\n<meta property=\"og:site_name\" content=\"F Care Systems\" \/>\n<meta property=\"article:modified_time\" content=\"2025-05-26T06:43:41+00:00\" \/>\n<meta property=\"og:image\" content=\"https:\/\/fcaresystems.com\/wp-content\/uploads\/2022\/11\/hero-treatments.jpg\" \/>\n<meta name=\"twitter:card\" content=\"summary_large_image\" \/>\n<meta name=\"twitter:label1\" content=\"Tiempo de lectura\" \/>\n\t<meta name=\"twitter:data1\" content=\"2 minutos\" \/>\n<script type=\"application\/ld+json\" class=\"yoast-schema-graph\">{\"@context\":\"https:\\\/\\\/schema.org\",\"@graph\":[{\"@type\":\"WebPage\",\"@id\":\"https:\\\/\\\/fcaresystems.com\\\/es\\\/tratamientos-minimamente-invasivos\\\/\",\"url\":\"https:\\\/\\\/fcaresystems.com\\\/es\\\/tratamientos-minimamente-invasivos\\\/\",\"name\":\"F Care Systems | Tratamientos m\u00ednimamente invasivos\",\"isPartOf\":{\"@id\":\"https:\\\/\\\/fcaresystems.com\\\/es\\\/#website\"},\"primaryImageOfPage\":{\"@id\":\"https:\\\/\\\/fcaresystems.com\\\/es\\\/tratamientos-minimamente-invasivos\\\/#primaryimage\"},\"image\":{\"@id\":\"https:\\\/\\\/fcaresystems.com\\\/es\\\/tratamientos-minimamente-invasivos\\\/#primaryimage\"},\"thumbnailUrl\":\"https:\\\/\\\/fcaresystems.com\\\/wp-content\\\/uploads\\\/2022\\\/11\\\/hero-treatments.jpg\",\"datePublished\":\"2022-10-24T12:23:11+00:00\",\"dateModified\":\"2025-05-26T06:43:41+00:00\",\"description\":\"Una p\u00e1gina para ayudar a los especialistas m\u00e9dicos a encontrar productos y soluciones especialmente para su campo.\",\"breadcrumb\":{\"@id\":\"https:\\\/\\\/fcaresystems.com\\\/es\\\/tratamientos-minimamente-invasivos\\\/#breadcrumb\"},\"inLanguage\":\"es\",\"potentialAction\":[{\"@type\":\"ReadAction\",\"target\":[\"https:\\\/\\\/fcaresystems.com\\\/es\\\/tratamientos-minimamente-invasivos\\\/\"]}]},{\"@type\":\"ImageObject\",\"inLanguage\":\"es\",\"@id\":\"https:\\\/\\\/fcaresystems.com\\\/es\\\/tratamientos-minimamente-invasivos\\\/#primaryimage\",\"url\":\"https:\\\/\\\/fcaresystems.com\\\/wp-content\\\/uploads\\\/2022\\\/11\\\/hero-treatments.jpg\",\"contentUrl\":\"https:\\\/\\\/fcaresystems.com\\\/wp-content\\\/uploads\\\/2022\\\/11\\\/hero-treatments.jpg\"},{\"@type\":\"BreadcrumbList\",\"@id\":\"https:\\\/\\\/fcaresystems.com\\\/es\\\/tratamientos-minimamente-invasivos\\\/#breadcrumb\",\"itemListElement\":[{\"@type\":\"ListItem\",\"position\":1,\"name\":\"Home\",\"item\":\"https:\\\/\\\/fcaresystems.com\\\/es\\\/\"},{\"@type\":\"ListItem\",\"position\":2,\"name\":\"Tratamientos\"}]},{\"@type\":\"WebSite\",\"@id\":\"https:\\\/\\\/fcaresystems.com\\\/es\\\/#website\",\"url\":\"https:\\\/\\\/fcaresystems.com\\\/es\\\/\",\"name\":\"F Care Systems\",\"description\":\"\",\"publisher\":{\"@id\":\"https:\\\/\\\/fcaresystems.com\\\/es\\\/#organization\"},\"potentialAction\":[{\"@type\":\"SearchAction\",\"target\":{\"@type\":\"EntryPoint\",\"urlTemplate\":\"https:\\\/\\\/fcaresystems.com\\\/es\\\/?s={search_term_string}\"},\"query-input\":{\"@type\":\"PropertyValueSpecification\",\"valueRequired\":true,\"valueName\":\"search_term_string\"}}],\"inLanguage\":\"es\"},{\"@type\":\"Organization\",\"@id\":\"https:\\\/\\\/fcaresystems.com\\\/es\\\/#organization\",\"name\":\"F Care Systems\",\"url\":\"https:\\\/\\\/fcaresystems.com\\\/es\\\/\",\"logo\":{\"@type\":\"ImageObject\",\"inLanguage\":\"es\",\"@id\":\"https:\\\/\\\/fcaresystems.com\\\/es\\\/#\\\/schema\\\/logo\\\/image\\\/\",\"url\":\"https:\\\/\\\/fcaresystems.com\\\/wp-content\\\/uploads\\\/2022\\\/11\\\/logo-2.svg\",\"contentUrl\":\"https:\\\/\\\/fcaresystems.com\\\/wp-content\\\/uploads\\\/2022\\\/11\\\/logo-2.svg\",\"caption\":\"F Care Systems\"},\"image\":{\"@id\":\"https:\\\/\\\/fcaresystems.com\\\/es\\\/#\\\/schema\\\/logo\\\/image\\\/\"}}]}<\/script>\n<!-- \/ Yoast SEO plugin. -->","yoast_head_json":{"title":"F Care Systems | Tratamientos m\u00ednimamente invasivos","description":"Una p\u00e1gina para ayudar a los especialistas m\u00e9dicos a encontrar productos y soluciones especialmente para su campo.","robots":{"index":"index","follow":"follow","max-snippet":"max-snippet:-1","max-image-preview":"max-image-preview:large","max-video-preview":"max-video-preview:-1"},"canonical":"https:\/\/fcaresystems.com\/es\/tratamientos-minimamente-invasivos\/","og_locale":"es_ES","og_type":"article","og_title":"F Care Systems | Tratamientos m\u00ednimamente invasivos","og_description":"Una p\u00e1gina para ayudar a los especialistas m\u00e9dicos a encontrar productos y soluciones especialmente para su campo.","og_url":"https:\/\/fcaresystems.com\/es\/tratamientos-minimamente-invasivos\/","og_site_name":"F Care Systems","article_modified_time":"2025-05-26T06:43:41+00:00","og_image":[{"url":"https:\/\/fcaresystems.com\/wp-content\/uploads\/2022\/11\/hero-treatments.jpg","type":"","width":"","height":""}],"twitter_card":"summary_large_image","twitter_misc":{"Tiempo de lectura":"2 minutos"},"schema":{"@context":"https:\/\/schema.org","@graph":[{"@type":"WebPage","@id":"https:\/\/fcaresystems.com\/es\/tratamientos-minimamente-invasivos\/","url":"https:\/\/fcaresystems.com\/es\/tratamientos-minimamente-invasivos\/","name":"F Care Systems | Tratamientos m\u00ednimamente invasivos","isPartOf":{"@id":"https:\/\/fcaresystems.com\/es\/#website"},"primaryImageOfPage":{"@id":"https:\/\/fcaresystems.com\/es\/tratamientos-minimamente-invasivos\/#primaryimage"},"image":{"@id":"https:\/\/fcaresystems.com\/es\/tratamientos-minimamente-invasivos\/#primaryimage"},"thumbnailUrl":"https:\/\/fcaresystems.com\/wp-content\/uploads\/2022\/11\/hero-treatments.jpg","datePublished":"2022-10-24T12:23:11+00:00","dateModified":"2025-05-26T06:43:41+00:00","description":"Una p\u00e1gina para ayudar a los especialistas m\u00e9dicos a encontrar productos y soluciones especialmente para su campo.","breadcrumb":{"@id":"https:\/\/fcaresystems.com\/es\/tratamientos-minimamente-invasivos\/#breadcrumb"},"inLanguage":"es","potentialAction":[{"@type":"ReadAction","target":["https:\/\/fcaresystems.com\/es\/tratamientos-minimamente-invasivos\/"]}]},{"@type":"ImageObject","inLanguage":"es","@id":"https:\/\/fcaresystems.com\/es\/tratamientos-minimamente-invasivos\/#primaryimage","url":"https:\/\/fcaresystems.com\/wp-content\/uploads\/2022\/11\/hero-treatments.jpg","contentUrl":"https:\/\/fcaresystems.com\/wp-content\/uploads\/2022\/11\/hero-treatments.jpg"},{"@type":"BreadcrumbList","@id":"https:\/\/fcaresystems.com\/es\/tratamientos-minimamente-invasivos\/#breadcrumb","itemListElement":[{"@type":"ListItem","position":1,"name":"Home","item":"https:\/\/fcaresystems.com\/es\/"},{"@type":"ListItem","position":2,"name":"Tratamientos"}]},{"@type":"WebSite","@id":"https:\/\/fcaresystems.com\/es\/#website","url":"https:\/\/fcaresystems.com\/es\/","name":"F Care Systems","description":"","publisher":{"@id":"https:\/\/fcaresystems.com\/es\/#organization"},"potentialAction":[{"@type":"SearchAction","target":{"@type":"EntryPoint","urlTemplate":"https:\/\/fcaresystems.com\/es\/?s={search_term_string}"},"query-input":{"@type":"PropertyValueSpecification","valueRequired":true,"valueName":"search_term_string"}}],"inLanguage":"es"},{"@type":"Organization","@id":"https:\/\/fcaresystems.com\/es\/#organization","name":"F Care Systems","url":"https:\/\/fcaresystems.com\/es\/","logo":{"@type":"ImageObject","inLanguage":"es","@id":"https:\/\/fcaresystems.com\/es\/#\/schema\/logo\/image\/","url":"https:\/\/fcaresystems.com\/wp-content\/uploads\/2022\/11\/logo-2.svg","contentUrl":"https:\/\/fcaresystems.com\/wp-content\/uploads\/2022\/11\/logo-2.svg","caption":"F Care Systems"},"image":{"@id":"https:\/\/fcaresystems.com\/es\/#\/schema\/logo\/image\/"}}]}},"_links":{"self":[{"href":"https:\/\/fcaresystems.com\/es\/wp-json\/wp\/v2\/pages\/8295","targetHints":{"allow":["GET"]}}],"collection":[{"href":"https:\/\/fcaresystems.com\/es\/wp-json\/wp\/v2\/pages"}],"about":[{"href":"https:\/\/fcaresystems.com\/es\/wp-json\/wp\/v2\/types\/page"}],"author":[{"embeddable":true,"href":"https:\/\/fcaresystems.com\/es\/wp-json\/wp\/v2\/users\/1"}],"replies":[{"embeddable":true,"href":"https:\/\/fcaresystems.com\/es\/wp-json\/wp\/v2\/comments?post=8295"}],"version-history":[{"count":3,"href":"https:\/\/fcaresystems.com\/es\/wp-json\/wp\/v2\/pages\/8295\/revisions"}],"predecessor-version":[{"id":14820,"href":"https:\/\/fcaresystems.com\/es\/wp-json\/wp\/v2\/pages\/8295\/revisions\/14820"}],"wp:attachment":[{"href":"https:\/\/fcaresystems.com\/es\/wp-json\/wp\/v2\/media?parent=8295"}],"curies":[{"name":"wp","href":"https:\/\/api.w.org\/{rel}","templated":true}]}}