{"id":8290,"date":"2022-10-24T14:23:36","date_gmt":"2022-10-24T12:23:36","guid":{"rendered":"https:\/\/fcaresystems.com\/radiofrequency-thermocoagulation\/"},"modified":"2023-12-28T10:50:51","modified_gmt":"2023-12-28T09:50:51","slug":"termocoagulacion-por-radiofrecuencia","status":"publish","type":"page","link":"https:\/\/fcaresystems.com\/es\/termocoagulacion-por-radiofrecuencia\/","title":{"rendered":"Ablaci\u00f3n por radiofrecuencia"},"content":{"rendered":"\n<section class=\"wp-block-fcs-core-header is-style-gradient\"><header class=\"c-header c-header-wrapper c-header-wrapper-s\"><figure class=\"c-header-img \"><img decoding=\"async\" src=\"https:\/\/fcaresystems.com\/wp-content\/uploads\/2023\/01\/Hero_Radiofrequency-page-2.jpg\" class=\"c-header-img\"\/><figcaption class=\"c-header-content\"><div class=\"o-container\">\n<div class=\"wp-block-fcs-core-spacer u-padding-sm-lg u-padding-sm\"><\/div>\n\n\n\n<div class=\"wp-block-group c-breadcrumb\"><div class=\"wp-block-group__inner-container is-layout-flow wp-block-group-is-layout-flow\"><span><span><a href=\"https:\/\/fcaresystems.com\/es\/\">Home<\/a><\/span><\/span>\n<\/div><\/div>\n\n\n\n<div class=\"wp-block-fcs-core-spacer u-padding-md-lg u-padding-md\"><\/div>\n\n\n\n<h1 class=\"wp-block-heading\">Termocoagulaci\u00f3n por radiofrecuencia<\/h1>\n<\/div><\/figcaption><\/figure><\/header><\/section>\n\n\n\n<div class=\"wp-block-fcs-core-container o-container\">\n<div class=\"wp-block-fcs-core-spacer u-padding-lg-lg u-padding-md\"><\/div>\n\n\n\n<div class=\"wp-block-columns is-layout-flex wp-container-core-columns-is-layout-9d6595d7 wp-block-columns-is-layout-flex\">\n<div class=\"wp-block-column is-layout-flow wp-block-column-is-layout-flow\">\n<h2 class=\"wp-block-heading has-primary-color has-text-color\">Acerca de la ablaci\u00f3n por radiofrecuencia<\/h2>\n\n\n\n<p>Los generadores de radiofrecuencia se llevan utilizando en medicina desde hace aproximadamente un siglo, y la RF se utiliza de forma generalizada en una multitud de disciplinas. De hecho, se estima que, en la actualidad, cuatro de cada cinco procedimientos quir\u00fargicos utilizan energ\u00eda de radiofrecuencia de alguna forma. Algunas de las aplicaciones m\u00e1s novedosas y prometedoras se basan en el principio de la termocoagulaci\u00f3n, en la que el calor se utiliza para destruir el tejido, pero, como ocurre con muchas otras cosas, esa descripci\u00f3n solo es la punta del iceberg de lo que realmente est\u00e1 sucediendo. Por ejemplo, la frase \u00abel calor se usa para destruir el tejido\u00bb podr\u00eda aplicarse tambi\u00e9n a la electrocauterizaci\u00f3n, pero los dos procedimientos difieren en varios aspectos clave. En la electrocauterizaci\u00f3n, la energ\u00eda generada se utiliza para calentar un alambre met\u00e1lico que el m\u00e9dico aplica directamente sobre el tejido, causando da\u00f1os similares a quemaduras de tercer grado. En la ablaci\u00f3n por radiofrecuencia, sin embargo, el electrodo permanece fr\u00edo, ya que el calor utilizado para la termocoagulaci\u00f3n se genera en el propio tejido<\/p>\n\n\n\n<div class=\"wp-block-fcs-core-spacer u-padding-xs-lg\"><\/div>\n\n\n\n<p>\u00bfC\u00f3mo se hace? Los <mark style=\"background-color:rgba(0, 0, 0, 0)\" class=\"has-inline-color has-primary-color\"><a href=\"https:\/\/fcaresystems.com\/es\/productos\/generadores\/\">generadores de RF monopolares<\/a><\/mark> crean un bucle el\u00e9ctrico cerrado: del generador al cuerpo del paciente, pasando por la almohadilla electroquir\u00fargica (si se utiliza) y de vuelta al generador. Esta corriente el\u00e9ctrica es indolora para el paciente porque la frecuencia es demasiado alta para desencadenar la despolarizaci\u00f3n de las membranas nerviosas, de modo que los nervios nunca se ven afectados. La corriente de alta frecuencia agita los iones dentro del tejido cuando intentan seguir los cambios de direcci\u00f3n de la corriente alterna, lo que ocurre tan r\u00e1pido que los iones vibran sin moverse. Dicha vibraci\u00f3n crea un calor de fricci\u00f3n significativo en las inmediaciones del electrodo, pero el efecto disminuye dr\u00e1sticamente con la distancia: un electrodo Rafaelo\u00ae de 2&nbsp;mm, por ejemplo, tiene un radio t\u00e9rmico de solo 3&nbsp;mm. Esto representa una gran ventaja sobre la electrocauterizaci\u00f3n, que suele tener un intervalo significativamente mayor de propagaci\u00f3n del calor (y, por lo tanto, una mayor posibilidad de causar un da\u00f1o tisular inadvertido).<\/p>\n<\/div>\n\n\n\n<div class=\"wp-block-column is-layout-flow wp-block-column-is-layout-flow\">\n<div class=\"wp-block-fcs-core-spacer u-padding-lg-lg\"><\/div>\n\n\n\n<figure class=\"wp-block-image size-large\"><a href=\"https:\/\/youtu.be\/ZBde2xG1uHQ\" target=\"_blank\" rel=\"noreferrer noopener\"><img loading=\"lazy\" decoding=\"async\" width=\"1024\" height=\"576\" src=\"https:\/\/fcaresystems.com\/wp-content\/uploads\/2023\/01\/Thumbn-RF-1024x576.jpg\" alt=\"\" class=\"wp-image-6526\" srcset=\"https:\/\/fcaresystems.com\/wp-content\/uploads\/2023\/01\/Thumbn-RF-1024x576.jpg 1024w, https:\/\/fcaresystems.com\/wp-content\/uploads\/2023\/01\/Thumbn-RF-300x169.jpg 300w, https:\/\/fcaresystems.com\/wp-content\/uploads\/2023\/01\/Thumbn-RF-768x432.jpg 768w, https:\/\/fcaresystems.com\/wp-content\/uploads\/2023\/01\/Thumbn-RF.jpg 1280w\" sizes=\"auto, (max-width: 1024px) 100vw, 1024px\" \/><\/a><\/figure>\n<\/div>\n<\/div>\n<\/div>\n\n\n\n<div class=\"wp-block-fcs-core-container o-container\">\n<div class=\"wp-block-fcs-core-spacer u-padding-sm-lg u-padding-sm\"><\/div>\n\n\n\n<h2 class=\"wp-block-heading has-primary-color has-text-color\"><strong>Principales ventajas de la ablaci\u00f3n por radiofrecuencia<\/strong><\/h2>\n\n\n\n<ul class=\"is-style-doctor wp-block-list\">\n<li><strong><strong>M\u00e9todo m\u00ednimamente invasivo: <\/strong><\/strong>no requiere incisi\u00f3n, lo que reduce el riesgo de complicaciones<\/li>\n\n\n\n<li><strong>Radio de calor peque\u00f1o<\/strong>: el mecanismo de generaci\u00f3n de calor evita da\u00f1os en el tejido circundante<\/li>\n\n\n\n<li><strong>Control sencillo:<\/strong> la corriente de 4&nbsp;MHz tiene un efecto t\u00e9rmico predecible<\/li>\n\n\n\n<li><strong>R\u00e1pida<\/strong>: produce temperaturas capaces de causar una muerte celular r\u00e1pida, por lo que muchos procedimientos tardan solo unos minutos<\/li>\n\n\n\n<li><strong>Vers\u00e1til<\/strong>: aplicaciones en proctolog\u00eda, dermatolog\u00eda y flebolog\u00eda, entre muchos otros campos<\/li>\n<\/ul>\n\n\n\n<div class=\"wp-block-fcs-core-spacer u-padding-sm-lg\"><\/div>\n\n\n\n<div class=\"wp-block-fcs-core-spacer u-padding-md-lg u-padding-md\"><\/div>\n<\/div>\n\n\n\n<div class=\"wp-block-group has-quinary-background-color has-background\"><div class=\"wp-block-group__inner-container is-layout-constrained wp-block-group-is-layout-constrained\">\n<div class=\"wp-block-fcs-core-container o-container\">\n<div class=\"wp-block-fcs-core-spacer u-padding-xl-lg u-padding-md\"><\/div>\n\n\n\n<h2 class=\"wp-block-heading has-text-align-center has-primary-color has-text-color\">El proceso real de la termocoagulaci\u00f3n por radiofrecuencia puede dividirse en cuatro elementos principales:<\/h2>\n\n\n\n<div class=\"wp-block-fcs-core-spacer u-padding-xs-lg u-padding-xs\"><\/div>\n\n\n\n<div class=\"wp-block-columns is-layout-flex wp-container-core-columns-is-layout-9d6595d7 wp-block-columns-is-layout-flex\">\n<div class=\"wp-block-column is-layout-flow wp-block-column-is-layout-flow\"><div class=\"wp-block-image\">\n<figure class=\"aligncenter size-full\"><img decoding=\"async\" src=\"https:\/\/fcaresystems.com\/wp-content\/uploads\/2022\/11\/icon-ionic-agitation.svg\" alt=\"\" class=\"wp-image-566\"\/><\/figure>\n<\/div>\n\n\n<p class=\"has-text-align-center has-secondary-color has-text-color\" style=\"font-size:18px\">Paso 1<br><strong>Agitaci\u00f3n i\u00f3nica<\/strong><\/p>\n\n\n\n<div class=\"wp-block-fcs-core-spacer  u-padding-xs\"><\/div>\n\n\n\n<p class=\"has-text-align-center\">La corriente alterna hace que los iones dentro del tejido vibren r\u00e1pidamente.<\/p>\n<\/div>\n\n\n\n<div class=\"wp-block-column is-layout-flow wp-block-column-is-layout-flow\"><div class=\"wp-block-image\">\n<figure class=\"aligncenter size-full\"><img decoding=\"async\" src=\"https:\/\/fcaresystems.com\/wp-content\/uploads\/2022\/11\/icon-dehydration.svg\" alt=\"\" class=\"wp-image-568\"\/><\/figure>\n<\/div>\n\n\n<p class=\"has-text-align-center has-secondary-color has-text-color\" style=\"font-size:18px\">Paso 2<br><strong>Deshidrataci\u00f3n<\/strong><\/p>\n\n\n\n<div class=\"wp-block-fcs-core-spacer  u-padding-xs\"><\/div>\n\n\n\n<p class=\"has-text-align-center\" style=\"font-size:18px\"> El calor friccional generado por la agitaci\u00f3n i\u00f3nica hace que las c\u00e9lulas se sequen y encojan.<\/p>\n<\/div>\n\n\n\n<div class=\"wp-block-column is-layout-flow wp-block-column-is-layout-flow\"><div class=\"wp-block-image\">\n<figure class=\"aligncenter size-full\"><img decoding=\"async\" src=\"https:\/\/fcaresystems.com\/wp-content\/uploads\/2022\/11\/icon-denaturation.svg\" alt=\"\" class=\"wp-image-567\"\/><\/figure>\n<\/div>\n\n\n<p class=\"has-text-align-center has-secondary-color has-text-color\" style=\"font-size:18px\">Paso 3<br><strong>Desnaturalizaci\u00f3n de las prote\u00ednas<\/strong><\/p>\n\n\n\n<div class=\"wp-block-fcs-core-spacer  u-padding-xs\"><\/div>\n\n\n\n<p class=\"has-text-align-center\">El calor descompone las prote\u00ednas del tejido y las despliega.<\/p>\n<\/div>\n\n\n\n<div class=\"wp-block-column is-layout-flow wp-block-column-is-layout-flow\"><div class=\"wp-block-image\">\n<figure class=\"aligncenter size-full\"><img decoding=\"async\" src=\"https:\/\/fcaresystems.com\/wp-content\/uploads\/2022\/11\/icon-coagulation.svg\" alt=\"\" class=\"wp-image-565\"\/><\/figure>\n<\/div>\n\n\n<p class=\"has-text-align-center has-secondary-color has-text-color\" style=\"font-size:18px\">Paso 4<br><strong>Coagulaci\u00f3n<\/strong><\/p>\n\n\n\n<div class=\"wp-block-fcs-core-spacer  u-padding-xs\"><\/div>\n\n\n\n<p class=\"has-text-align-center\">Las prote\u00ednas se coagulan, formando derivados de col\u00e1geno que crean un efecto de \u00abpegamento\u00bb.<\/p>\n<\/div>\n<\/div>\n\n\n\n<div class=\"wp-block-fcs-core-spacer u-padding-xl-lg u-padding-md\"><\/div>\n<\/div>\n<\/div><\/div>\n\n\n\n<div class=\"wp-block-fcs-core-container o-container\">\n<div class=\"wp-block-columns is-layout-flex wp-container-core-columns-is-layout-9d6595d7 wp-block-columns-is-layout-flex\">\n<div class=\"wp-block-column is-style-horizontal-center is-layout-flow wp-block-column-is-layout-flow\">\n<div class=\"wp-block-fcs-core-spacer u-padding-xl-lg u-padding-md\"><\/div>\n\n\n\n<h2 class=\"wp-block-heading has-text-align-left has-secondary-color has-text-color\">Consulte nuestros tratamientos para<\/h2>\n\n\n\n<div class=\"wp-block-fcs-core-icon-buttons c-buttons--icon\">\n<a href=\"https:\/\/fcaresystems.com\/es\/tratamientos-minimamente-invasivos\/proctologia\/arf-hemorroides\/\" class=\"wp-block-fcs-core-icon-button c-button c-button--icon-inline\"><img decoding=\"async\" src=\"https:\/\/fcaresystems.com\/wp-content\/uploads\/2022\/11\/icon-proctology.svg\"\/>Hemorroides<\/a>\n\n\n\n<a href=\"https:\/\/fcaresystems.com\/es\/tratamientos-minimamente-invasivos\/proctologia\/arf-fistulas-anales\/\" class=\"wp-block-fcs-core-icon-button c-button c-button--icon-inline\"><img decoding=\"async\" src=\"https:\/\/fcaresystems.com\/wp-content\/uploads\/2022\/11\/icon-proctology.svg\"\/>F\u00edstulas anales<\/a>\n\n\n\n<a href=\"https:\/\/fcaresystems.com\/es\/tratamientos-minimamente-invasivos\/flebologia\/arf-venas-varicosas\/\" class=\"wp-block-fcs-core-icon-button c-button c-button--icon-inline\"><img decoding=\"async\" src=\"https:\/\/fcaresystems.com\/wp-content\/uploads\/2022\/11\/icon-phlebology.svg\"\/>Venas varicosas<\/a>\n\n\n\n<a href=\"https:\/\/fcaresystems.com\/es\/tratamientos-minimamente-invasivos\/dermatologia-estetica\/terapia-cutanea-por-radiofrecuencia\/\" class=\"wp-block-fcs-core-icon-button c-button c-button--icon-inline is-style-default\"><img decoding=\"async\" src=\"https:\/\/fcaresystems.com\/wp-content\/uploads\/2022\/11\/icon-aesthetic-dermatology.svg\"\/>Trastornos cut\u00e1neos<\/a>\n<\/div>\n\n\n\n<div class=\"wp-block-fcs-core-spacer u-padding-xl-lg u-padding-md\"><\/div>\n<\/div>\n<\/div>\n<\/div>\n\n\n\n<div class=\"wp-block-group has-secondary-background-color has-background\"><div class=\"wp-block-group__inner-container is-layout-constrained wp-block-group-is-layout-constrained\">\n<div class=\"wp-block-fcs-core-container o-container\">\n<div class=\"wp-block-fcs-core-spacer u-padding-xl-lg u-padding-md\"><\/div>\n\n\n\n<h2 class=\"wp-block-heading has-text-align-center has-white-color has-text-color\">\u00bfQuiere saber m\u00e1s?<\/h2>\n\n\n\n<div class=\"wp-block-buttons is-content-justification-center is-layout-flex wp-container-core-buttons-is-layout-16018d1d wp-block-buttons-is-layout-flex\">\n<div class=\"wp-block-button is-style-fill\"><a class=\"wp-block-button__link has-primary-background-color has-background wp-element-button\" href=\"https:\/\/fcaresystems.com\/es\/contacto\/\">Cont\u00e1ctenos<\/a><\/div>\n<\/div>\n\n\n\n<div class=\"wp-block-fcs-core-spacer u-padding-xl-lg u-padding-md\"><\/div>\n<\/div>\n<\/div><\/div>\n","protected":false},"excerpt":{"rendered":"","protected":false},"author":1,"featured_media":0,"parent":0,"menu_order":0,"comment_status":"closed","ping_status":"closed","template":"","meta":{"_color_hex":"","_color_slug":"","footnotes":""},"class_list":["post-8290","page","type-page","status-publish","hentry"],"yoast_head":"<!-- This site is optimized with the Yoast SEO plugin v27.5 - https:\/\/yoast.com\/product\/yoast-seo-wordpress\/ -->\n<title>Ablaci\u00f3n por radiofrecuencia | F Care Systems<\/title>\n<meta name=\"description\" content=\"Una explicaci\u00f3n de c\u00f3mo se utiliza exactamente la energ\u00eda de radiofrecuencia para ablacionar el tejido de forma segura y eficaz.\" \/>\n<meta name=\"robots\" content=\"index, follow, max-snippet:-1, max-image-preview:large, max-video-preview:-1\" \/>\n<link rel=\"canonical\" href=\"https:\/\/fcaresystems.com\/es\/termocoagulacion-por-radiofrecuencia\/\" \/>\n<meta property=\"og:locale\" content=\"es_ES\" \/>\n<meta property=\"og:type\" content=\"article\" \/>\n<meta property=\"og:title\" content=\"Ablaci\u00f3n por radiofrecuencia | F Care Systems\" \/>\n<meta property=\"og:description\" content=\"Una explicaci\u00f3n de c\u00f3mo se utiliza exactamente la energ\u00eda de radiofrecuencia para ablacionar el tejido de forma segura y eficaz.\" \/>\n<meta property=\"og:url\" content=\"https:\/\/fcaresystems.com\/es\/termocoagulacion-por-radiofrecuencia\/\" \/>\n<meta property=\"og:site_name\" content=\"F Care Systems\" \/>\n<meta property=\"article:modified_time\" content=\"2023-12-28T09:50:51+00:00\" \/>\n<meta property=\"og:image\" content=\"https:\/\/fcaresystems.com\/wp-content\/uploads\/2023\/01\/Hero_Radiofrequency-page-2.jpg\" \/>\n<meta name=\"twitter:card\" content=\"summary_large_image\" \/>\n<meta name=\"twitter:label1\" content=\"Tiempo de lectura\" \/>\n\t<meta name=\"twitter:data1\" content=\"5 minutos\" \/>\n<script type=\"application\/ld+json\" class=\"yoast-schema-graph\">{\"@context\":\"https:\\\/\\\/schema.org\",\"@graph\":[{\"@type\":\"WebPage\",\"@id\":\"https:\\\/\\\/fcaresystems.com\\\/es\\\/termocoagulacion-por-radiofrecuencia\\\/\",\"url\":\"https:\\\/\\\/fcaresystems.com\\\/es\\\/termocoagulacion-por-radiofrecuencia\\\/\",\"name\":\"Ablaci\u00f3n por radiofrecuencia | F Care Systems\",\"isPartOf\":{\"@id\":\"https:\\\/\\\/fcaresystems.com\\\/es\\\/#website\"},\"primaryImageOfPage\":{\"@id\":\"https:\\\/\\\/fcaresystems.com\\\/es\\\/termocoagulacion-por-radiofrecuencia\\\/#primaryimage\"},\"image\":{\"@id\":\"https:\\\/\\\/fcaresystems.com\\\/es\\\/termocoagulacion-por-radiofrecuencia\\\/#primaryimage\"},\"thumbnailUrl\":\"https:\\\/\\\/fcaresystems.com\\\/wp-content\\\/uploads\\\/2023\\\/01\\\/Hero_Radiofrequency-page-2.jpg\",\"datePublished\":\"2022-10-24T12:23:36+00:00\",\"dateModified\":\"2023-12-28T09:50:51+00:00\",\"description\":\"Una explicaci\u00f3n de c\u00f3mo se utiliza exactamente la energ\u00eda de radiofrecuencia para ablacionar el tejido de forma segura y eficaz.\",\"breadcrumb\":{\"@id\":\"https:\\\/\\\/fcaresystems.com\\\/es\\\/termocoagulacion-por-radiofrecuencia\\\/#breadcrumb\"},\"inLanguage\":\"es\",\"potentialAction\":[{\"@type\":\"ReadAction\",\"target\":[\"https:\\\/\\\/fcaresystems.com\\\/es\\\/termocoagulacion-por-radiofrecuencia\\\/\"]}]},{\"@type\":\"ImageObject\",\"inLanguage\":\"es\",\"@id\":\"https:\\\/\\\/fcaresystems.com\\\/es\\\/termocoagulacion-por-radiofrecuencia\\\/#primaryimage\",\"url\":\"https:\\\/\\\/fcaresystems.com\\\/wp-content\\\/uploads\\\/2023\\\/01\\\/Hero_Radiofrequency-page-2.jpg\",\"contentUrl\":\"https:\\\/\\\/fcaresystems.com\\\/wp-content\\\/uploads\\\/2023\\\/01\\\/Hero_Radiofrequency-page-2.jpg\"},{\"@type\":\"BreadcrumbList\",\"@id\":\"https:\\\/\\\/fcaresystems.com\\\/es\\\/termocoagulacion-por-radiofrecuencia\\\/#breadcrumb\",\"itemListElement\":[{\"@type\":\"ListItem\",\"position\":1,\"name\":\"Home\",\"item\":\"https:\\\/\\\/fcaresystems.com\\\/es\\\/\"},{\"@type\":\"ListItem\",\"position\":2,\"name\":\"Ablaci\u00f3n por radiofrecuencia\"}]},{\"@type\":\"WebSite\",\"@id\":\"https:\\\/\\\/fcaresystems.com\\\/es\\\/#website\",\"url\":\"https:\\\/\\\/fcaresystems.com\\\/es\\\/\",\"name\":\"F Care Systems\",\"description\":\"\",\"publisher\":{\"@id\":\"https:\\\/\\\/fcaresystems.com\\\/es\\\/#organization\"},\"potentialAction\":[{\"@type\":\"SearchAction\",\"target\":{\"@type\":\"EntryPoint\",\"urlTemplate\":\"https:\\\/\\\/fcaresystems.com\\\/es\\\/?s={search_term_string}\"},\"query-input\":{\"@type\":\"PropertyValueSpecification\",\"valueRequired\":true,\"valueName\":\"search_term_string\"}}],\"inLanguage\":\"es\"},{\"@type\":\"Organization\",\"@id\":\"https:\\\/\\\/fcaresystems.com\\\/es\\\/#organization\",\"name\":\"F Care Systems\",\"url\":\"https:\\\/\\\/fcaresystems.com\\\/es\\\/\",\"logo\":{\"@type\":\"ImageObject\",\"inLanguage\":\"es\",\"@id\":\"https:\\\/\\\/fcaresystems.com\\\/es\\\/#\\\/schema\\\/logo\\\/image\\\/\",\"url\":\"https:\\\/\\\/fcaresystems.com\\\/wp-content\\\/uploads\\\/2022\\\/11\\\/logo-2.svg\",\"contentUrl\":\"https:\\\/\\\/fcaresystems.com\\\/wp-content\\\/uploads\\\/2022\\\/11\\\/logo-2.svg\",\"caption\":\"F Care Systems\"},\"image\":{\"@id\":\"https:\\\/\\\/fcaresystems.com\\\/es\\\/#\\\/schema\\\/logo\\\/image\\\/\"}}]}<\/script>\n<!-- \/ Yoast SEO plugin. -->","yoast_head_json":{"title":"Ablaci\u00f3n por radiofrecuencia | F Care Systems","description":"Una explicaci\u00f3n de c\u00f3mo se utiliza exactamente la energ\u00eda de radiofrecuencia para ablacionar el tejido de forma segura y eficaz.","robots":{"index":"index","follow":"follow","max-snippet":"max-snippet:-1","max-image-preview":"max-image-preview:large","max-video-preview":"max-video-preview:-1"},"canonical":"https:\/\/fcaresystems.com\/es\/termocoagulacion-por-radiofrecuencia\/","og_locale":"es_ES","og_type":"article","og_title":"Ablaci\u00f3n por radiofrecuencia | F Care Systems","og_description":"Una explicaci\u00f3n de c\u00f3mo se utiliza exactamente la energ\u00eda de radiofrecuencia para ablacionar el tejido de forma segura y eficaz.","og_url":"https:\/\/fcaresystems.com\/es\/termocoagulacion-por-radiofrecuencia\/","og_site_name":"F Care Systems","article_modified_time":"2023-12-28T09:50:51+00:00","og_image":[{"url":"https:\/\/fcaresystems.com\/wp-content\/uploads\/2023\/01\/Hero_Radiofrequency-page-2.jpg","type":"","width":"","height":""}],"twitter_card":"summary_large_image","twitter_misc":{"Tiempo de lectura":"5 minutos"},"schema":{"@context":"https:\/\/schema.org","@graph":[{"@type":"WebPage","@id":"https:\/\/fcaresystems.com\/es\/termocoagulacion-por-radiofrecuencia\/","url":"https:\/\/fcaresystems.com\/es\/termocoagulacion-por-radiofrecuencia\/","name":"Ablaci\u00f3n por radiofrecuencia | F Care Systems","isPartOf":{"@id":"https:\/\/fcaresystems.com\/es\/#website"},"primaryImageOfPage":{"@id":"https:\/\/fcaresystems.com\/es\/termocoagulacion-por-radiofrecuencia\/#primaryimage"},"image":{"@id":"https:\/\/fcaresystems.com\/es\/termocoagulacion-por-radiofrecuencia\/#primaryimage"},"thumbnailUrl":"https:\/\/fcaresystems.com\/wp-content\/uploads\/2023\/01\/Hero_Radiofrequency-page-2.jpg","datePublished":"2022-10-24T12:23:36+00:00","dateModified":"2023-12-28T09:50:51+00:00","description":"Una explicaci\u00f3n de c\u00f3mo se utiliza exactamente la energ\u00eda de radiofrecuencia para ablacionar el tejido de forma segura y eficaz.","breadcrumb":{"@id":"https:\/\/fcaresystems.com\/es\/termocoagulacion-por-radiofrecuencia\/#breadcrumb"},"inLanguage":"es","potentialAction":[{"@type":"ReadAction","target":["https:\/\/fcaresystems.com\/es\/termocoagulacion-por-radiofrecuencia\/"]}]},{"@type":"ImageObject","inLanguage":"es","@id":"https:\/\/fcaresystems.com\/es\/termocoagulacion-por-radiofrecuencia\/#primaryimage","url":"https:\/\/fcaresystems.com\/wp-content\/uploads\/2023\/01\/Hero_Radiofrequency-page-2.jpg","contentUrl":"https:\/\/fcaresystems.com\/wp-content\/uploads\/2023\/01\/Hero_Radiofrequency-page-2.jpg"},{"@type":"BreadcrumbList","@id":"https:\/\/fcaresystems.com\/es\/termocoagulacion-por-radiofrecuencia\/#breadcrumb","itemListElement":[{"@type":"ListItem","position":1,"name":"Home","item":"https:\/\/fcaresystems.com\/es\/"},{"@type":"ListItem","position":2,"name":"Ablaci\u00f3n por radiofrecuencia"}]},{"@type":"WebSite","@id":"https:\/\/fcaresystems.com\/es\/#website","url":"https:\/\/fcaresystems.com\/es\/","name":"F Care Systems","description":"","publisher":{"@id":"https:\/\/fcaresystems.com\/es\/#organization"},"potentialAction":[{"@type":"SearchAction","target":{"@type":"EntryPoint","urlTemplate":"https:\/\/fcaresystems.com\/es\/?s={search_term_string}"},"query-input":{"@type":"PropertyValueSpecification","valueRequired":true,"valueName":"search_term_string"}}],"inLanguage":"es"},{"@type":"Organization","@id":"https:\/\/fcaresystems.com\/es\/#organization","name":"F Care Systems","url":"https:\/\/fcaresystems.com\/es\/","logo":{"@type":"ImageObject","inLanguage":"es","@id":"https:\/\/fcaresystems.com\/es\/#\/schema\/logo\/image\/","url":"https:\/\/fcaresystems.com\/wp-content\/uploads\/2022\/11\/logo-2.svg","contentUrl":"https:\/\/fcaresystems.com\/wp-content\/uploads\/2022\/11\/logo-2.svg","caption":"F Care Systems"},"image":{"@id":"https:\/\/fcaresystems.com\/es\/#\/schema\/logo\/image\/"}}]}},"_links":{"self":[{"href":"https:\/\/fcaresystems.com\/es\/wp-json\/wp\/v2\/pages\/8290","targetHints":{"allow":["GET"]}}],"collection":[{"href":"https:\/\/fcaresystems.com\/es\/wp-json\/wp\/v2\/pages"}],"about":[{"href":"https:\/\/fcaresystems.com\/es\/wp-json\/wp\/v2\/types\/page"}],"author":[{"embeddable":true,"href":"https:\/\/fcaresystems.com\/es\/wp-json\/wp\/v2\/users\/1"}],"replies":[{"embeddable":true,"href":"https:\/\/fcaresystems.com\/es\/wp-json\/wp\/v2\/comments?post=8290"}],"version-history":[{"count":6,"href":"https:\/\/fcaresystems.com\/es\/wp-json\/wp\/v2\/pages\/8290\/revisions"}],"predecessor-version":[{"id":13089,"href":"https:\/\/fcaresystems.com\/es\/wp-json\/wp\/v2\/pages\/8290\/revisions\/13089"}],"wp:attachment":[{"href":"https:\/\/fcaresystems.com\/es\/wp-json\/wp\/v2\/media?parent=8290"}],"curies":[{"name":"wp","href":"https:\/\/api.w.org\/{rel}","templated":true}]}}