{"id":8264,"date":"2022-11-18T10:18:45","date_gmt":"2022-11-18T09:18:45","guid":{"rendered":"https:\/\/fcaresystems.com\/productos\/generadores\/viridex-us-generator\/"},"modified":"2023-07-07T09:48:16","modified_gmt":"2023-07-07T07:48:16","slug":"generador-viridex-us","status":"publish","type":"page","link":"https:\/\/fcaresystems.com\/es\/productos\/generadores\/generador-viridex-us\/","title":{"rendered":"Generador Viridex\u00aeUS"},"content":{"rendered":"\n<div class=\"wp-block-fcs-core-container o-container\">\n<div class=\"wp-block-fcs-core-spacer u-padding-md-lg u-padding-md\"><\/div>\n\n\n\n<div class=\"wp-block-group c-breadcrumb\"><div class=\"wp-block-group__inner-container is-layout-flow wp-block-group-is-layout-flow\"><span><span><a href=\"https:\/\/fcaresystems.com\/es\/\">Home<\/a><\/span><\/span>\n<\/div><\/div>\n\n\n\n<div class=\"wp-block-fcs-core-spacer u-padding-md-lg u-padding-md\"><\/div>\n\n\n\n<div class=\"wp-block-columns is-style-largegap is-layout-flex wp-container-core-columns-is-layout-9d6595d7 wp-block-columns-is-layout-flex\">\n<div class=\"wp-block-column is-layout-flow wp-block-column-is-layout-flow\"><div class=\"c-slider-gallery\"><div class=\"c-slider-wrapper\"><div class=\"c-slider c-slider-slick c-slider-slick-for o-block\" ref=\"slickSlide\"><a data-fancybox=\"gallery\" data-caption=\"Viridex\u00aeUS ultrasound cavitation\" href=\"https:\/\/fcaresystems.com\/wp-content\/uploads\/2023\/01\/00VIRIDEXUS_Viridex-US-generator_01-1.jpg\"><img decoding=\"async\" src=\"https:\/\/fcaresystems.com\/wp-content\/uploads\/2023\/01\/00VIRIDEXUS_Viridex-US-generator_01-1.jpg\" title=\"Viridex\u00aeUS ultrasound cavitation\"  \/><\/a><a data-fancybox=\"gallery\" data-caption=\"ViridexUS\u00ae generator\" href=\"https:\/\/fcaresystems.com\/wp-content\/uploads\/2022\/11\/Viridex-US-generator-1.jpg\"><img decoding=\"async\" src=\"https:\/\/fcaresystems.com\/wp-content\/uploads\/2022\/11\/Viridex-US-generator-1.jpg\" title=\"ViridexUS\u00ae generator\"  \/><\/a><\/div><\/div><div class=\"c-slider-nav-container\"><div class=\"c-slider c-slider-slick c-slider-slick-nav u-margin-top-sm\" ref=\"slickNav\"><div><img decoding=\"async\" class=\"\" src=\"https:\/\/fcaresystems.com\/wp-content\/uploads\/2023\/01\/00VIRIDEXUS_Viridex-US-generator_01-1.jpg\" srcset=\"\" alt=\"\" \/><\/div><div><img decoding=\"async\" class=\"\" src=\"https:\/\/fcaresystems.com\/wp-content\/uploads\/2022\/11\/Viridex-US-generator-1.jpg\" srcset=\"\" alt=\"\" \/><\/div><\/div><\/div><\/div>\n\n\n<div class=\"wp-block-fcs-core-spacer u-padding-md-lg u-padding-md\"><\/div>\n\n\n\n<figure class=\"wp-block-image size-large\"><a href=\"https:\/\/youtu.be\/przMeLhuCZc\"><img decoding=\"async\" src=\"https:\/\/fcaresystems.com\/wp-content\/uploads\/2023\/01\/Thumbn-Viridex-US-1024x576.jpg\" alt=\"\" class=\"wp-image-6443\"\/><\/a><\/figure>\n\n\n\n<div class=\"wp-block-fcs-core-spacer u-padding-xs-lg u-padding-sm\"><\/div>\n<\/div>\n\n\n\n<div class=\"wp-block-column is-layout-flow wp-block-column-is-layout-flow\">\n<figure class=\"wp-block-image size-full is-resized\"><img loading=\"lazy\" decoding=\"async\" src=\"https:\/\/fcaresystems.com\/wp-content\/uploads\/2022\/11\/Viridex-US.svg\" alt=\"\" class=\"wp-image-1059\" width=\"139\" height=\"24\"\/><\/figure>\n\n\n\n<div class=\"wp-block-fcs-core-spacer u-padding-xs-lg u-padding-xs\"><\/div>\n\n\n\n<h1 class=\"wp-block-heading has-secondary-color has-text-color\">Viridex\u00aeUS | Generador de cavitaci\u00f3n por ultrasonidos<\/h1>\n\n\n\n<p>Gracias a su mecanismo de acci\u00f3n multimodal y su excepcional perfil de seguridad, la <mark style=\"background-color:rgba(0, 0, 0, 0)\" class=\"has-inline-color has-primary-color\"><a href=\"https:\/\/fcaresystems.com\/es\/tratamientos-minimamente-invasivos\/dermatologia-estetica\/cavitacion-ultrasonica-celulitis\/\">cavitaci\u00f3n por ultrasonido<\/a>s<\/mark> es uno de los m\u00e9todos m\u00e1s prometedores para tratar la celulitis problem\u00e1tica,por eso hay una variedad tan amplia de equipos de cavitaci\u00f3n disponibles en el mercado. Entonces, \u00bfpor qu\u00e9 elegir Viridex\u00aeUS?<\/p>\n\n\n\n<div class=\"wp-block-fcs-core-spacer u-padding-xs-lg u-padding-xs\"><\/div>\n\n\n\n<h3 class=\"wp-block-heading has-secondary-color has-text-color\"><strong>Lo que distingue a Viridex<\/strong>\u00ae<strong>US<\/strong><\/h3>\n\n\n\n<p><strong>Uniformidad:<\/strong> Mientras que muchos de los dispositivos del mercado emplean un sistema de distribuci\u00f3n port\u00e1til, Viridex\u00aeUS emplea placas de cer\u00e1mica r\u00edgidas, que est\u00e1n unidas las unas a las otras y permanecen en su sitio durante todo el procedimiento. Las placas garantizan una aplicaci\u00f3n uniforme de energ\u00eda ultras\u00f3nica en toda la zona de tratamiento, lo que evita que los pacientes o los profesionales m\u00e9dicos tengan que cambiar de posici\u00f3n a menudo.<\/p>\n\n\n\n<p><strong>Conectividad:<\/strong> Para mayor comodidad, Viridex\u00aeUS contiene dos generadores independientes. Los profesionales m\u00e9dicos pueden conectar hasta seis placas de ultrasonidos a cada generador a trav\u00e9s de una caja de conexiones, para lograr un total de doce placas en cada tratamiento. Los dos generadores conectados pueden incluso utilizar diferentes configuraciones, por ejemplo, para suministrar m\u00e1s o menos energ\u00eda a una zona de tratamiento sin tener que recalibrarse.<\/p>\n\n\n\n<p><strong>Comodidad:<\/strong> A diferencia de algunos sistemas de cavitaci\u00f3n preprogramados, la potencia del generador Viridex\u00aeUS se puede ajustar en incrementos del 5&nbsp;%, lo que es esencial para descartar cualquier posible sensibilidad a la energ\u00eda ultras\u00f3nica. Adem\u00e1s del modo \u00abcontinuo\u00bb est\u00e1ndar, el dispositivo tambi\u00e9n ofrece tres modos de \u00abimpulso\u00bb para los pacientes que no soporten el zumbido durante periodos prolongados.<\/p>\n\n\n\n<div class=\"wp-block-fcs-core-spacer u-padding-xs-lg u-padding-xs\"><\/div>\n\n\n\n<h3 class=\"wp-block-heading has-secondary-color has-text-color\"><strong>Especificaciones t\u00e9cnicas<\/strong><\/h3>\n\n\n\n<p>Potencia m\u00e1xima: 2&nbsp;W\/cm 2<br>Potencia de entrada: 110-240&nbsp;V&nbsp;CA<br>Frecuencia de entrada: 50-60&nbsp;Hz<br>Frecuencia: 28-32&nbsp;KHz<br>Dimensiones: 360&nbsp;mm (an.) \u00d7 280&nbsp;mm (pr.) \u00d7 120&nbsp;mm (al.)<br>Tensi\u00f3n de alimentaci\u00f3n: 110-230&nbsp;V \/ 50-60&nbsp;Hz<br>Potencia de entrada m\u00e1x.: 125&nbsp;VA<br>Corriente m\u00e1x. por conexi\u00f3n: 6&nbsp;A<br>Conexi\u00f3n: m\u00e1x. 12 placas de ultrasonido (3 transductores\/placa)<\/p>\n\n\n\n<p><strong>REF producto: <\/strong>00VIRIDEXUS<\/p>\n<\/div>\n<\/div>\n\n\n\n<div class=\"wp-block-fcs-core-spacer u-padding-xl-lg u-padding-md\"><\/div>\n<\/div>\n\n\n\n<div class=\"wp-block-group has-secondary-background-color has-background\"><div class=\"wp-block-group__inner-container is-layout-constrained wp-block-group-is-layout-constrained\">\n<div class=\"wp-block-fcs-core-spacer u-padding-md-lg u-padding-md\"><\/div>\n\n\n\n<div class=\"wp-block-fcs-core-container o-container\">\n<figure class=\"wp-block-image size-full is-resized\"><img loading=\"lazy\" decoding=\"async\" src=\"https:\/\/fcaresystems.com\/wp-content\/uploads\/2022\/11\/icon-doctor-white.svg\" alt=\"\" class=\"wp-image-392\" width=\"46\" height=\"48\"\/><\/figure>\n\n\n\n<div class=\"wp-block-fcs-core-spacer u-padding-xxs-lg u-padding-sm\"><\/div>\n\n\n\n<div class=\"wp-block-columns is-layout-flex wp-container-core-columns-is-layout-9d6595d7 wp-block-columns-is-layout-flex\">\n<div class=\"wp-block-column is-layout-flow wp-block-column-is-layout-flow\" style=\"flex-basis:56%\">\n<h2 class=\"wp-block-heading u-margin-none has-white-color has-text-color\">Necesito esto para mi pr\u00e1ctica<\/h2>\n\n\n\n<div class=\"wp-block-fcs-core-spacer u-padding-xxs-lg u-padding-xs\"><\/div>\n<\/div>\n\n\n\n<div class=\"wp-block-column is-vertically-aligned-bottom is-layout-flow wp-block-column-is-layout-flow\">\n<div class=\"wp-block-buttons is-content-justification-left is-layout-flex wp-container-core-buttons-is-layout-fdcfc74e wp-block-buttons-is-layout-flex\">\n<div class=\"wp-block-button alignright\"><a class=\"wp-block-button__link has-primary-background-color has-background wp-element-button\" href=\"https:\/\/fcaresystems.com\/es\/productos\/pedir-producto\/\">Pedir este producto<\/a><\/div>\n\n\n\n<div class=\"wp-block-button alignright is-style-outline is-style-outline--1\"><a class=\"wp-block-button__link has-white-color has-text-color wp-element-button\" href=\"https:\/\/fcaresystems.com\/es\/productos\/\">Ver todos los productos<\/a><\/div>\n<\/div>\n<\/div>\n<\/div>\n<\/div>\n\n\n\n<div class=\"wp-block-fcs-core-spacer u-padding-md-lg u-padding-md\"><\/div>\n<\/div><\/div>\n\n\n\n<div class=\"wp-block-fcs-core-spacer u-padding-xl-lg u-padding-md\"><\/div>\n\n\n\n<div class=\"wp-block-fcs-core-container o-container\">\n<h2 class=\"wp-block-heading is-style-underline has-secondary-color has-text-color\">Tratamiento relacionado<\/h2>\n\n\n\n<div class=\"wp-block-fcs-core-spacer u-padding-xs-lg u-padding-sm\"><\/div>\n\n\n\n<div class=\"wp-block-columns is-layout-flex wp-container-core-columns-is-layout-9d6595d7 wp-block-columns-is-layout-flex\">\n<div class=\"wp-block-column is-layout-flow wp-block-column-is-layout-flow\">\n<h3 class=\"wp-block-heading has-secondary-color has-text-color\">Cavitaci\u00f3n ultras\u00f3nica para la celulitis<\/h3>\n\n\n\n<p>Obtener m\u00e1s informaci\u00f3n sobre c\u00f3mo se utiliza la energ\u00eda ultras\u00f3nica para eliminar la celulitis de forma segura y sin tiempos de inactividad.<\/p>\n\n\n\n<div class=\"wp-block-fcs-core-spacer u-padding-xs-lg u-padding-sm\"><\/div>\n\n\n\n<div class=\"wp-block-buttons is-layout-flex wp-block-buttons-is-layout-flex\">\n<div class=\"wp-block-button is-style-fill\"><a class=\"wp-block-button__link has-white-color has-primary-background-color has-text-color has-background wp-element-button\" href=\"https:\/\/fcaresystems.com\/es\/tratamientos-minimamente-invasivos\/dermatologia-estetica\/cavitacion-ultrasonica-celulitis\/\">La cavitaci\u00f3n por ultrasonidos<\/a><\/div>\n<\/div>\n<\/div>\n\n\n\n<div class=\"wp-block-column is-layout-flow wp-block-column-is-layout-flow\"><\/div>\n<\/div>\n<\/div>\n\n\n\n<div class=\"wp-block-fcs-core-spacer u-padding-xxl-lg u-padding-md\"><\/div>\n","protected":false},"excerpt":{"rendered":"<p>Muy eficaz para la cavitaci\u00f3n por ultrasonidos de la celulitis problem\u00e1tica. <\/p>\n","protected":false},"author":1,"featured_media":6012,"parent":8220,"menu_order":0,"comment_status":"closed","ping_status":"closed","template":"","meta":{"_color_hex":"","_color_slug":"","footnotes":""},"class_list":["post-8264","page","type-page","status-publish","has-post-thumbnail","hentry"],"yoast_head":"<!-- This site is optimized with the Yoast SEO plugin v27.0 - https:\/\/yoast.com\/product\/yoast-seo-wordpress\/ -->\n<title>Generador Viridex\u00aeUS | F Care Systems<\/title>\n<meta name=\"description\" content=\"Detalles sobre el Viridex\u00aeUS, un generador vers\u00e1til e innovador utilizado para tratar la celulitis mediante cavitaci\u00f3n por ultrasonidos.\" \/>\n<meta name=\"robots\" content=\"index, follow, max-snippet:-1, max-image-preview:large, max-video-preview:-1\" \/>\n<link rel=\"canonical\" href=\"https:\/\/fcaresystems.com\/es\/productos\/generadores\/generador-viridex-us\/\" \/>\n<meta property=\"og:locale\" content=\"es_ES\" \/>\n<meta property=\"og:type\" content=\"article\" \/>\n<meta property=\"og:title\" content=\"Generador Viridex\u00aeUS | F Care Systems\" \/>\n<meta property=\"og:description\" content=\"Detalles sobre el Viridex\u00aeUS, un generador vers\u00e1til e innovador utilizado para tratar la celulitis mediante cavitaci\u00f3n por ultrasonidos.\" \/>\n<meta property=\"og:url\" content=\"https:\/\/fcaresystems.com\/es\/productos\/generadores\/generador-viridex-us\/\" \/>\n<meta property=\"og:site_name\" content=\"F Care Systems\" \/>\n<meta property=\"article:modified_time\" content=\"2023-07-07T07:48:16+00:00\" \/>\n<meta property=\"og:image\" content=\"https:\/\/fcaresystems.com\/wp-content\/uploads\/2023\/01\/00VIRIDEXUS_Viridex-US-generator_01-1.jpg\" \/>\n\t<meta property=\"og:image:width\" content=\"1080\" \/>\n\t<meta property=\"og:image:height\" content=\"810\" \/>\n\t<meta property=\"og:image:type\" content=\"image\/jpeg\" \/>\n<meta name=\"twitter:card\" content=\"summary_large_image\" \/>\n<meta name=\"twitter:label1\" content=\"Tiempo de lectura\" \/>\n\t<meta name=\"twitter:data1\" content=\"3 minutos\" \/>\n<script type=\"application\/ld+json\" class=\"yoast-schema-graph\">{\"@context\":\"https:\/\/schema.org\",\"@graph\":[{\"@type\":\"WebPage\",\"@id\":\"https:\/\/fcaresystems.com\/es\/productos\/generadores\/generador-viridex-us\/\",\"url\":\"https:\/\/fcaresystems.com\/es\/productos\/generadores\/generador-viridex-us\/\",\"name\":\"Generador Viridex\u00aeUS | F Care Systems\",\"isPartOf\":{\"@id\":\"https:\/\/fcaresystems.com\/es\/#website\"},\"primaryImageOfPage\":{\"@id\":\"https:\/\/fcaresystems.com\/es\/productos\/generadores\/generador-viridex-us\/#primaryimage\"},\"image\":{\"@id\":\"https:\/\/fcaresystems.com\/es\/productos\/generadores\/generador-viridex-us\/#primaryimage\"},\"thumbnailUrl\":\"https:\/\/fcaresystems.com\/wp-content\/uploads\/2023\/01\/00VIRIDEXUS_Viridex-US-generator_01-1.jpg\",\"datePublished\":\"2022-11-18T09:18:45+00:00\",\"dateModified\":\"2023-07-07T07:48:16+00:00\",\"description\":\"Detalles sobre el Viridex\u00aeUS, un generador vers\u00e1til e innovador utilizado para tratar la celulitis mediante cavitaci\u00f3n por ultrasonidos.\",\"breadcrumb\":{\"@id\":\"https:\/\/fcaresystems.com\/es\/productos\/generadores\/generador-viridex-us\/#breadcrumb\"},\"inLanguage\":\"es\",\"potentialAction\":[{\"@type\":\"ReadAction\",\"target\":[\"https:\/\/fcaresystems.com\/es\/productos\/generadores\/generador-viridex-us\/\"]}]},{\"@type\":\"ImageObject\",\"inLanguage\":\"es\",\"@id\":\"https:\/\/fcaresystems.com\/es\/productos\/generadores\/generador-viridex-us\/#primaryimage\",\"url\":\"https:\/\/fcaresystems.com\/wp-content\/uploads\/2023\/01\/00VIRIDEXUS_Viridex-US-generator_01-1.jpg\",\"contentUrl\":\"https:\/\/fcaresystems.com\/wp-content\/uploads\/2023\/01\/00VIRIDEXUS_Viridex-US-generator_01-1.jpg\",\"width\":1080,\"height\":810,\"caption\":\"Viridex\u00aeUS ultrasound cavitation\"},{\"@type\":\"BreadcrumbList\",\"@id\":\"https:\/\/fcaresystems.com\/es\/productos\/generadores\/generador-viridex-us\/#breadcrumb\",\"itemListElement\":[{\"@type\":\"ListItem\",\"position\":1,\"name\":\"Home\",\"item\":\"https:\/\/fcaresystems.com\/es\/\"},{\"@type\":\"ListItem\",\"position\":2,\"name\":\"Productos\",\"item\":\"https:\/\/fcaresystems.com\/es\/productos\/\"},{\"@type\":\"ListItem\",\"position\":3,\"name\":\"Generadores\",\"item\":\"https:\/\/fcaresystems.com\/es\/productos\/generadores\/\"},{\"@type\":\"ListItem\",\"position\":4,\"name\":\"Generador Viridex\u00aeUS\"}]},{\"@type\":\"WebSite\",\"@id\":\"https:\/\/fcaresystems.com\/es\/#website\",\"url\":\"https:\/\/fcaresystems.com\/es\/\",\"name\":\"F Care Systems\",\"description\":\"\",\"publisher\":{\"@id\":\"https:\/\/fcaresystems.com\/es\/#organization\"},\"potentialAction\":[{\"@type\":\"SearchAction\",\"target\":{\"@type\":\"EntryPoint\",\"urlTemplate\":\"https:\/\/fcaresystems.com\/es\/?s={search_term_string}\"},\"query-input\":{\"@type\":\"PropertyValueSpecification\",\"valueRequired\":true,\"valueName\":\"search_term_string\"}}],\"inLanguage\":\"es\"},{\"@type\":\"Organization\",\"@id\":\"https:\/\/fcaresystems.com\/es\/#organization\",\"name\":\"F Care Systems\",\"url\":\"https:\/\/fcaresystems.com\/es\/\",\"logo\":{\"@type\":\"ImageObject\",\"inLanguage\":\"es\",\"@id\":\"https:\/\/fcaresystems.com\/es\/#\/schema\/logo\/image\/\",\"url\":\"https:\/\/fcaresystems.com\/wp-content\/uploads\/2022\/11\/logo-2.svg\",\"contentUrl\":\"https:\/\/fcaresystems.com\/wp-content\/uploads\/2022\/11\/logo-2.svg\",\"caption\":\"F Care Systems\"},\"image\":{\"@id\":\"https:\/\/fcaresystems.com\/es\/#\/schema\/logo\/image\/\"}}]}<\/script>\n<!-- \/ Yoast SEO plugin. -->","yoast_head_json":{"title":"Generador Viridex\u00aeUS | F Care Systems","description":"Detalles sobre el Viridex\u00aeUS, un generador vers\u00e1til e innovador utilizado para tratar la celulitis mediante cavitaci\u00f3n por ultrasonidos.","robots":{"index":"index","follow":"follow","max-snippet":"max-snippet:-1","max-image-preview":"max-image-preview:large","max-video-preview":"max-video-preview:-1"},"canonical":"https:\/\/fcaresystems.com\/es\/productos\/generadores\/generador-viridex-us\/","og_locale":"es_ES","og_type":"article","og_title":"Generador Viridex\u00aeUS | F Care Systems","og_description":"Detalles sobre el Viridex\u00aeUS, un generador vers\u00e1til e innovador utilizado para tratar la celulitis mediante cavitaci\u00f3n por ultrasonidos.","og_url":"https:\/\/fcaresystems.com\/es\/productos\/generadores\/generador-viridex-us\/","og_site_name":"F Care Systems","article_modified_time":"2023-07-07T07:48:16+00:00","og_image":[{"width":1080,"height":810,"url":"https:\/\/fcaresystems.com\/wp-content\/uploads\/2023\/01\/00VIRIDEXUS_Viridex-US-generator_01-1.jpg","type":"image\/jpeg"}],"twitter_card":"summary_large_image","twitter_misc":{"Tiempo de lectura":"3 minutos"},"schema":{"@context":"https:\/\/schema.org","@graph":[{"@type":"WebPage","@id":"https:\/\/fcaresystems.com\/es\/productos\/generadores\/generador-viridex-us\/","url":"https:\/\/fcaresystems.com\/es\/productos\/generadores\/generador-viridex-us\/","name":"Generador Viridex\u00aeUS | F Care Systems","isPartOf":{"@id":"https:\/\/fcaresystems.com\/es\/#website"},"primaryImageOfPage":{"@id":"https:\/\/fcaresystems.com\/es\/productos\/generadores\/generador-viridex-us\/#primaryimage"},"image":{"@id":"https:\/\/fcaresystems.com\/es\/productos\/generadores\/generador-viridex-us\/#primaryimage"},"thumbnailUrl":"https:\/\/fcaresystems.com\/wp-content\/uploads\/2023\/01\/00VIRIDEXUS_Viridex-US-generator_01-1.jpg","datePublished":"2022-11-18T09:18:45+00:00","dateModified":"2023-07-07T07:48:16+00:00","description":"Detalles sobre el Viridex\u00aeUS, un generador vers\u00e1til e innovador utilizado para tratar la celulitis mediante cavitaci\u00f3n por ultrasonidos.","breadcrumb":{"@id":"https:\/\/fcaresystems.com\/es\/productos\/generadores\/generador-viridex-us\/#breadcrumb"},"inLanguage":"es","potentialAction":[{"@type":"ReadAction","target":["https:\/\/fcaresystems.com\/es\/productos\/generadores\/generador-viridex-us\/"]}]},{"@type":"ImageObject","inLanguage":"es","@id":"https:\/\/fcaresystems.com\/es\/productos\/generadores\/generador-viridex-us\/#primaryimage","url":"https:\/\/fcaresystems.com\/wp-content\/uploads\/2023\/01\/00VIRIDEXUS_Viridex-US-generator_01-1.jpg","contentUrl":"https:\/\/fcaresystems.com\/wp-content\/uploads\/2023\/01\/00VIRIDEXUS_Viridex-US-generator_01-1.jpg","width":1080,"height":810,"caption":"Viridex\u00aeUS ultrasound cavitation"},{"@type":"BreadcrumbList","@id":"https:\/\/fcaresystems.com\/es\/productos\/generadores\/generador-viridex-us\/#breadcrumb","itemListElement":[{"@type":"ListItem","position":1,"name":"Home","item":"https:\/\/fcaresystems.com\/es\/"},{"@type":"ListItem","position":2,"name":"Productos","item":"https:\/\/fcaresystems.com\/es\/productos\/"},{"@type":"ListItem","position":3,"name":"Generadores","item":"https:\/\/fcaresystems.com\/es\/productos\/generadores\/"},{"@type":"ListItem","position":4,"name":"Generador Viridex\u00aeUS"}]},{"@type":"WebSite","@id":"https:\/\/fcaresystems.com\/es\/#website","url":"https:\/\/fcaresystems.com\/es\/","name":"F Care Systems","description":"","publisher":{"@id":"https:\/\/fcaresystems.com\/es\/#organization"},"potentialAction":[{"@type":"SearchAction","target":{"@type":"EntryPoint","urlTemplate":"https:\/\/fcaresystems.com\/es\/?s={search_term_string}"},"query-input":{"@type":"PropertyValueSpecification","valueRequired":true,"valueName":"search_term_string"}}],"inLanguage":"es"},{"@type":"Organization","@id":"https:\/\/fcaresystems.com\/es\/#organization","name":"F Care Systems","url":"https:\/\/fcaresystems.com\/es\/","logo":{"@type":"ImageObject","inLanguage":"es","@id":"https:\/\/fcaresystems.com\/es\/#\/schema\/logo\/image\/","url":"https:\/\/fcaresystems.com\/wp-content\/uploads\/2022\/11\/logo-2.svg","contentUrl":"https:\/\/fcaresystems.com\/wp-content\/uploads\/2022\/11\/logo-2.svg","caption":"F Care Systems"},"image":{"@id":"https:\/\/fcaresystems.com\/es\/#\/schema\/logo\/image\/"}}]}},"_links":{"self":[{"href":"https:\/\/fcaresystems.com\/es\/wp-json\/wp\/v2\/pages\/8264","targetHints":{"allow":["GET"]}}],"collection":[{"href":"https:\/\/fcaresystems.com\/es\/wp-json\/wp\/v2\/pages"}],"about":[{"href":"https:\/\/fcaresystems.com\/es\/wp-json\/wp\/v2\/types\/page"}],"author":[{"embeddable":true,"href":"https:\/\/fcaresystems.com\/es\/wp-json\/wp\/v2\/users\/1"}],"replies":[{"embeddable":true,"href":"https:\/\/fcaresystems.com\/es\/wp-json\/wp\/v2\/comments?post=8264"}],"version-history":[{"count":8,"href":"https:\/\/fcaresystems.com\/es\/wp-json\/wp\/v2\/pages\/8264\/revisions"}],"predecessor-version":[{"id":12312,"href":"https:\/\/fcaresystems.com\/es\/wp-json\/wp\/v2\/pages\/8264\/revisions\/12312"}],"up":[{"embeddable":true,"href":"https:\/\/fcaresystems.com\/es\/wp-json\/wp\/v2\/pages\/8220"}],"wp:featuredmedia":[{"embeddable":true,"href":"https:\/\/fcaresystems.com\/es\/wp-json\/wp\/v2\/media\/6012"}],"wp:attachment":[{"href":"https:\/\/fcaresystems.com\/es\/wp-json\/wp\/v2\/media?parent=8264"}],"curies":[{"name":"wp","href":"https:\/\/api.w.org\/{rel}","templated":true}]}}