{"id":8255,"date":"2022-11-18T10:18:26","date_gmt":"2022-11-18T09:18:26","guid":{"rendered":"https:\/\/fcaresystems.com\/productos\/generadores\/viridex-rf-generator\/"},"modified":"2023-12-22T10:49:17","modified_gmt":"2023-12-22T09:49:17","slug":"generador-viridex-rf","status":"publish","type":"page","link":"https:\/\/fcaresystems.com\/es\/productos\/generadores\/generador-viridex-rf\/","title":{"rendered":"Generador Viridex\u00aeRF"},"content":{"rendered":"\n<div class=\"wp-block-fcs-core-container o-container\">\n<div class=\"wp-block-fcs-core-spacer u-padding-md-lg u-padding-md\"><\/div>\n\n\n\n<div class=\"wp-block-group c-breadcrumb\"><div class=\"wp-block-group__inner-container is-layout-flow wp-block-group-is-layout-flow\"><span><span><a href=\"https:\/\/fcaresystems.com\/es\/\">Home<\/a><\/span><\/span>\n<\/div><\/div>\n\n\n\n<div class=\"wp-block-fcs-core-spacer u-padding-md-lg u-padding-md\"><\/div>\n\n\n\n<div class=\"wp-block-columns is-style-largegap is-layout-flex wp-container-core-columns-is-layout-9d6595d7 wp-block-columns-is-layout-flex\">\n<div class=\"wp-block-column is-layout-flow wp-block-column-is-layout-flow\"><div class=\"c-slider-gallery\"><div class=\"c-slider-wrapper\"><div class=\"c-slider c-slider-slick c-slider-slick-for o-block\" ref=\"slickSlide\"><a data-fancybox=\"gallery\" data-caption=\"Viridex\u00aeRF skin treatments\" href=\"https:\/\/fcaresystems.com\/wp-content\/uploads\/2023\/01\/00VIRIDEXRF_Viridex-RF-generator_01-1.jpg\"><img decoding=\"async\" src=\"https:\/\/fcaresystems.com\/wp-content\/uploads\/2023\/01\/00VIRIDEXRF_Viridex-RF-generator_01-1.jpg\" title=\"Viridex\u00aeRF skin treatments\"  \/><\/a><a data-fancybox=\"gallery\" data-caption=\"Viridex\u00aeRF skin treatment device\" href=\"https:\/\/fcaresystems.com\/wp-content\/uploads\/2022\/11\/Viridex-RF-skin-treatment-device-2.jpg\"><img decoding=\"async\" src=\"https:\/\/fcaresystems.com\/wp-content\/uploads\/2022\/11\/Viridex-RF-skin-treatment-device-2.jpg\" title=\"Viridex\u00aeRF skin treatment device\"  \/><\/a><a data-fancybox=\"gallery\" data-caption=\"Viridex\u00aeRF skin therapy\" href=\"https:\/\/fcaresystems.com\/wp-content\/uploads\/2022\/11\/Viridex-RF-skin-therapy-1.jpg\"><img decoding=\"async\" src=\"https:\/\/fcaresystems.com\/wp-content\/uploads\/2022\/11\/Viridex-RF-skin-therapy-1.jpg\" title=\"Viridex\u00aeRF skin therapy\"  \/><\/a><\/div><\/div><div class=\"c-slider-nav-container\"><div class=\"c-slider c-slider-slick c-slider-slick-nav u-margin-top-sm\" ref=\"slickNav\"><div><img decoding=\"async\" class=\"\" src=\"https:\/\/fcaresystems.com\/wp-content\/uploads\/2023\/01\/00VIRIDEXRF_Viridex-RF-generator_01-1.jpg\" srcset=\"\" alt=\"\" \/><\/div><div><img decoding=\"async\" class=\"\" src=\"https:\/\/fcaresystems.com\/wp-content\/uploads\/2022\/11\/Viridex-RF-skin-treatment-device-2.jpg\" srcset=\"\" alt=\"\" \/><\/div><div><img decoding=\"async\" class=\"\" src=\"https:\/\/fcaresystems.com\/wp-content\/uploads\/2022\/11\/Viridex-RF-skin-therapy-1.jpg\" srcset=\"\" alt=\"\" \/><\/div><\/div><\/div><\/div>\n\n\n<div class=\"wp-block-fcs-core-spacer u-padding-md-lg u-padding-md\"><\/div>\n\n\n\n<h3 class=\"wp-block-heading has-secondary-color has-text-color\"><strong>Especificaciones t\u00e9cnicas<\/strong><\/h3>\n\n\n\n<p>Tecnolog\u00eda: generador de RF monopolar<br>Frecuencia de salida: 4&nbsp;MHz<br>Dimensiones: 360&nbsp;mm (an.) \u00d7 280&nbsp;mm (pr.) \u00d7 120&nbsp;mm (al.)<br>Tensi\u00f3n de alimentaci\u00f3n: 115-230&nbsp;V \/ 50-60&nbsp;Hz<br>Potencia de entrada m\u00e1x.: 125&nbsp;VA<br>Ajuste de salida: 25&nbsp;W<br>Peso: \u00b1 4&nbsp;kg<\/p>\n\n\n\n<p><strong><strong>REF Producto<\/strong>: <\/strong>00VIRIDEXRF<\/p>\n\n\n\n<div class=\"wp-block-fcs-core-spacer u-padding-sm-lg u-padding-md\"><\/div>\n<\/div>\n\n\n\n<div class=\"wp-block-column is-layout-flow wp-block-column-is-layout-flow\">\n<figure class=\"wp-block-image size-full is-resized\"><img decoding=\"async\" src=\"https:\/\/fcaresystems.com\/wp-content\/uploads\/2022\/11\/Viridex-RF.svg\" alt=\"\" class=\"wp-image-1058\" style=\"width:137px;height:24px\"\/><\/figure>\n\n\n\n<div class=\"wp-block-fcs-core-spacer u-padding-xs-lg u-padding-xs\"><\/div>\n\n\n\n<h1 class=\"wp-block-heading has-secondary-color has-text-color\">Viridex\u00aeRF | Generador para terapia cut\u00e1nea<\/h1>\n\n\n\n<p>\u00bfCriocirug\u00eda? \u00bfCirug\u00eda l\u00e1ser? \u00bfElectrocauterizaci\u00f3n? \u00bfTerapia UV? Con la creciente variedad de enfoques de tratamiento, las cl\u00ednicas de dermatolog\u00eda cosm\u00e9tica m\u00e1s peque\u00f1as a menudo se preguntan por d\u00f3nde empezar. Incluso despu\u00e9s de superar el obst\u00e1culo de la inversi\u00f3n inicial, que suele ser considerable, los profesionales tienen que lidiar con los gastos de mantenimiento y de consumibles para una enorme colecci\u00f3n de distintas herramientas. Por no mencionar el tiempo y los costes de la mano de obra asociados a la formaci\u00f3n necesaria para todos los nuevos procedimientos. Especializarse en un pu\u00f1ado de tratamientos de trastornos cut\u00e1neos es una soluci\u00f3n, por supuesto, pero pocas consultas se pueden permitir el lujo de limitar su n\u00famero de posibles pacientes de esta manera.<\/p>\n\n\n\n<p>En F Care Systems, queremos que los dermat\u00f3logos cosm\u00e9ticos tengan todo. Por eso estamos orgullosos de presentar Viridex\u00aeRF: una soluci\u00f3n integral para todos los tratamientos relacionados con la energ\u00eda de radiofrecuencia. Mediante el uso de <mark style=\"background-color:rgba(0, 0, 0, 0)\" class=\"has-inline-color has-primary-color\"><a href=\"https:\/\/fcaresystems.com\/es\/termocoagulacion-por-radiofrecuencia\/\">energ\u00eda de radiofrecuencia<\/a><\/mark> dirigida y una selecci\u00f3n de microagujas especialmente dise\u00f1adas, los dermat\u00f3logos pueden tratar numerosos trastornos cut\u00e1neos, entre los que se incluyen:<\/p>\n\n\n\n<ul class=\"wp-block-list\">\n<li>Arrugas<\/li>\n\n\n\n<li>Estr\u00edas<\/li>\n\n\n\n<li>Manchas de la edad<\/li>\n\n\n\n<li>Angiomas<\/li>\n\n\n\n<li>Ros\u00e1cea<\/li>\n\n\n\n<li>Fibromas<\/li>\n\n\n\n<li>Papilomas cut\u00e1neos<\/li>\n\n\n\n<li>Ara\u00f1as vasculares<\/li>\n<\/ul>\n\n\n\n<p>Solo tiene que acceder al tratamiento correspondiente en la pantalla t\u00e1ctil y Viridex\u00aeRF aplicar\u00e1 autom\u00e1ticamente los par\u00e1metros est\u00e1ndar predeterminados, que usted puede ajustar para que se adapten a la anatom\u00eda espec\u00edfica de su paciente.<\/p>\n\n\n\n<div class=\"wp-block-fcs-core-spacer u-padding-sm-lg u-padding-xs\"><\/div>\n<\/div>\n<\/div>\n\n\n\n<figure class=\"wp-block-table\"><table><thead><tr><th class=\"has-text-align-left\" data-align=\"left\"><strong>Tipo de tratamiento<\/strong><\/th><th><strong>Potencia<\/strong><\/th><th class=\"has-text-align-left\" data-align=\"left\"><strong>Duraci\u00f3n del pulso<\/strong>                 <\/th><th class=\"has-text-align-left\" data-align=\"left\"><strong>Aguja<\/strong>            <\/th><\/tr><\/thead><tbody><tr><td class=\"has-text-align-left\" data-align=\"left\">Telangiectasias (cara) \u00d8 m\u00e1x. de 0,3&nbsp;mm<\/td><td>5 W<\/td><td class=\"has-text-align-left\" data-align=\"left\">0,2 s<\/td><td class=\"has-text-align-left\" data-align=\"left\">K3i (0,075 mm)<\/td><\/tr><tr><td class=\"has-text-align-left\" data-align=\"left\">Telangiectasias (piernas) \u00d8 m\u00e1x. de 1&nbsp;mm<\/td><td>8&nbsp;W<br>(de 5 a 12&nbsp;W en funci\u00f3n del tama\u00f1o de la vena y del tipo de piel)<\/td><td class=\"has-text-align-left\" data-align=\"left\">0,3 s<\/td><td class=\"has-text-align-left\" data-align=\"left\">K6i (0,150 mm)<\/td><\/tr><tr><td class=\"has-text-align-left\" data-align=\"left\">Eliminaci\u00f3n de vello<\/td><td>8 W<\/td><td class=\"has-text-align-left\" data-align=\"left\">0,2 s<\/td><td class=\"has-text-align-left\" data-align=\"left\">K3i (0,075 mm)<\/td><\/tr><tr><td class=\"has-text-align-left\" data-align=\"left\">Arrugas<\/td><td>10 W<\/td><td class=\"has-text-align-left\" data-align=\"left\">continua   <\/td><td class=\"has-text-align-left\" data-align=\"left\">K3i (0,075 mm)<\/td><\/tr><tr><td class=\"has-text-align-left\" data-align=\"left\">Fibromas<\/td><td>13 W<\/td><td class=\"has-text-align-left\" data-align=\"left\">0,3 s<\/td><td class=\"has-text-align-left\" data-align=\"left\">K6i (0,150 mm)<\/td><\/tr><tr><td class=\"has-text-align-left\" data-align=\"left\">Angiomas<\/td><td>8 W<\/td><td class=\"has-text-align-left\" data-align=\"left\">0,3 s<\/td><td class=\"has-text-align-left\" data-align=\"left\">K6i (0,150 mm)<\/td><\/tr><tr><td class=\"has-text-align-left\" data-align=\"left\">Manchas de la edad<\/td><td>6&nbsp;W (de 6 a 15&nbsp;W dependiendo del tipo de piel, <br>del tama\u00f1o de las manchas y de la coloraci\u00f3n)<\/td><td class=\"has-text-align-left\" data-align=\"left\">0,5 s<\/td><td class=\"has-text-align-left\" data-align=\"left\">Aguja en forma de L            <\/td><\/tr><tr><td class=\"has-text-align-left\" data-align=\"left\">Estr\u00edas<\/td><td>6 W<\/td><td class=\"has-text-align-left\" data-align=\"left\">continua  <\/td><td class=\"has-text-align-left\" data-align=\"left\">K6i (0,150 mm)<\/td><\/tr><\/tbody><\/table><\/figure>\n\n\n\n<div class=\"wp-block-fcs-core-spacer u-padding-xl-lg u-padding-md\"><\/div>\n<\/div>\n\n\n\n<div class=\"wp-block-group has-secondary-background-color has-background\"><div class=\"wp-block-group__inner-container is-layout-constrained wp-block-group-is-layout-constrained\">\n<div class=\"wp-block-fcs-core-spacer u-padding-md-lg u-padding-md\"><\/div>\n\n\n\n<div class=\"wp-block-fcs-core-container o-container\">\n<figure class=\"wp-block-image size-full is-resized\"><img decoding=\"async\" src=\"https:\/\/fcaresystems.com\/wp-content\/uploads\/2022\/11\/icon-doctor-white.svg\" alt=\"\" class=\"wp-image-392\" style=\"width:46px;height:48px\"\/><\/figure>\n\n\n\n<div class=\"wp-block-fcs-core-spacer u-padding-xxs-lg u-padding-sm\"><\/div>\n\n\n\n<div class=\"wp-block-columns is-layout-flex wp-container-core-columns-is-layout-9d6595d7 wp-block-columns-is-layout-flex\">\n<div class=\"wp-block-column is-layout-flow wp-block-column-is-layout-flow\" style=\"flex-basis:56%\">\n<h2 class=\"wp-block-heading u-margin-none has-white-color has-text-color\">Necesito esto para mi pr\u00e1ctica<\/h2>\n\n\n\n<div class=\"wp-block-fcs-core-spacer u-padding-xxs-lg u-padding-xs\"><\/div>\n<\/div>\n\n\n\n<div class=\"wp-block-column is-vertically-aligned-bottom is-layout-flow wp-block-column-is-layout-flow\">\n<div class=\"wp-block-buttons is-content-justification-left is-layout-flex wp-container-core-buttons-is-layout-fdcfc74e wp-block-buttons-is-layout-flex\">\n<div class=\"wp-block-button alignright\"><a class=\"wp-block-button__link has-primary-background-color has-background wp-element-button\" href=\"https:\/\/fcaresystems.com\/es\/productos\/pedir-producto\/\">Pedir este producto<\/a><\/div>\n\n\n\n<div class=\"wp-block-button alignright is-style-outline is-style-outline--1\"><a class=\"wp-block-button__link has-white-color has-text-color wp-element-button\" href=\"https:\/\/fcaresystems.com\/es\/productos\/\">Ver todos los productos<\/a><\/div>\n<\/div>\n<\/div>\n<\/div>\n<\/div>\n\n\n\n<div class=\"wp-block-fcs-core-spacer u-padding-md-lg u-padding-md\"><\/div>\n<\/div><\/div>\n\n\n\n<div class=\"wp-block-fcs-core-spacer u-padding-xl-lg u-padding-md\"><\/div>\n\n\n\n<div class=\"wp-block-fcs-core-container o-container\">\n<h2 class=\"wp-block-heading is-style-underline has-secondary-color has-text-color\">Consumibles relacionados<\/h2>\n\n\n\n<div class=\"wp-block-fcs-core-spacer u-padding-xs-lg u-padding-xs\"><\/div>\n\n\n\n<div class=\"o-grid o-grid-3-lg o-grid-gap-s\"><div class=\"c-card__wrapper\">\n    <a href=\"https:\/\/fcaresystems.com\/es\/productos\/consumibles\/agujas-de-radiofrecuencia\/\" class=\"c-card c-card--product\">\n    <figure>\n    <img decoding=\"async\" src=\"https:\/\/fcaresystems.com\/wp-content\/uploads\/2022\/11\/needle-holder-skin-therapy.jpg\" alt=\"\" title=\"\" width=\"1080\" height=\"810\" loading=\"lazy\" \/>\n    <\/figure>\n        <div class=\"u-padding-sm o-flex o-flex-column o-flex-justify-content-between o-flex-grow\">\n            <div>\n                <h3>Portaagujas y agujas de radiofrecuencia<\/h3>\n                <p>Agujas ultrafinas para realizar procedimientos dermatol\u00f3gicos delicados.<\/p>\n            <\/div>\n            <p class=\"c-button-link c-button-link--icon u-margin-none\">Leer m\u00e1s<\/p>\n        <\/div>\n    <\/a>\n<\/div><\/div>\n\n\n\n<div class=\"wp-block-fcs-core-spacer u-padding-xl-lg u-padding-md\"><\/div>\n\n\n\n<h2 class=\"wp-block-heading is-style-underline has-secondary-color has-text-color\">Tratamientos relacionados<\/h2>\n\n\n\n<div class=\"wp-block-fcs-core-spacer u-padding-xs-lg u-padding-sm\"><\/div>\n\n\n\n<div class=\"wp-block-columns is-layout-flex wp-container-core-columns-is-layout-9d6595d7 wp-block-columns-is-layout-flex\">\n<div class=\"wp-block-column is-layout-flow wp-block-column-is-layout-flow\">\n<h3 class=\"wp-block-heading has-secondary-color has-text-color\">Dermatolog\u00eda est\u00e9tica | Terapia cut\u00e1nea con RF<\/h3>\n\n\n\n<p>Los preajustes de los par\u00e1metros de Viridex\u00aeRF permiten un tratamiento m\u00ednimamente invasivo de numerosos trastornos cut\u00e1neos con solo pulsar un bot\u00f3n.<br>Obtener informaci\u00f3n m\u00e1s espec\u00edfica sobre las aplicaciones de RF en dermatolog\u00eda est\u00e9tica:<\/p>\n\n\n\n<div class=\"wp-block-buttons is-layout-flex wp-block-buttons-is-layout-flex\">\n<div class=\"wp-block-button\"><a class=\"wp-block-button__link has-primary-background-color has-background wp-element-button\" href=\"https:\/\/fcaresystems.com\/minimally-invasive-treatments\/aesthetic-dermatology\/rf-skin-therapy\/\">Terapia cut\u00e1nea con RF<\/a><\/div>\n<\/div>\n<\/div>\n\n\n\n<div class=\"wp-block-column is-layout-flow wp-block-column-is-layout-flow\">\n<div class=\"wp-block-fcs-core-spacer u-padding-xs-lg u-padding-sm\"><\/div>\n<\/div>\n<\/div>\n<\/div>\n\n\n\n<div class=\"wp-block-fcs-core-spacer u-padding-xxl-lg u-padding-md\"><\/div>\n","protected":false},"excerpt":{"rendered":"<p>Offers a host of plug-and-play presets especially for aesthetic dermatology.<\/p>\n","protected":false},"author":1,"featured_media":6008,"parent":8220,"menu_order":0,"comment_status":"closed","ping_status":"closed","template":"","meta":{"_color_hex":"","_color_slug":"","footnotes":""},"class_list":["post-8255","page","type-page","status-publish","has-post-thumbnail","hentry"],"yoast_head":"<!-- This site is optimized with the Yoast SEO plugin v27.0 - https:\/\/yoast.com\/product\/yoast-seo-wordpress\/ -->\n<title>Generador Viridex\u00aeRF | F Care Systems<\/title>\n<meta name=\"description\" content=\"El Viridex\u00aeRF es un innovador generador de radiofrecuencia &quot;todo en uno&quot; para el tratamiento de diversas afecciones de la piel.\" \/>\n<meta name=\"robots\" content=\"index, follow, max-snippet:-1, max-image-preview:large, max-video-preview:-1\" \/>\n<link rel=\"canonical\" href=\"https:\/\/fcaresystems.com\/es\/productos\/generadores\/generador-viridex-rf\/\" \/>\n<meta property=\"og:locale\" content=\"es_ES\" \/>\n<meta property=\"og:type\" content=\"article\" \/>\n<meta property=\"og:title\" content=\"Generador Viridex\u00aeRF | F Care Systems\" \/>\n<meta property=\"og:description\" content=\"El Viridex\u00aeRF es un innovador generador de radiofrecuencia &quot;todo en uno&quot; para el tratamiento de diversas afecciones de la piel.\" \/>\n<meta property=\"og:url\" content=\"https:\/\/fcaresystems.com\/es\/productos\/generadores\/generador-viridex-rf\/\" \/>\n<meta property=\"og:site_name\" content=\"F Care Systems\" \/>\n<meta property=\"article:modified_time\" content=\"2023-12-22T09:49:17+00:00\" \/>\n<meta property=\"og:image\" content=\"https:\/\/fcaresystems.com\/wp-content\/uploads\/2023\/01\/00VIRIDEXRF_Viridex-RF-generator_01-1.jpg\" \/>\n\t<meta property=\"og:image:width\" content=\"1080\" \/>\n\t<meta property=\"og:image:height\" content=\"810\" \/>\n\t<meta property=\"og:image:type\" content=\"image\/jpeg\" \/>\n<meta name=\"twitter:card\" content=\"summary_large_image\" \/>\n<meta name=\"twitter:label1\" content=\"Tiempo de lectura\" \/>\n\t<meta name=\"twitter:data1\" content=\"3 minutos\" \/>\n<script type=\"application\/ld+json\" class=\"yoast-schema-graph\">{\"@context\":\"https:\/\/schema.org\",\"@graph\":[{\"@type\":\"WebPage\",\"@id\":\"https:\/\/fcaresystems.com\/es\/productos\/generadores\/generador-viridex-rf\/\",\"url\":\"https:\/\/fcaresystems.com\/es\/productos\/generadores\/generador-viridex-rf\/\",\"name\":\"Generador Viridex\u00aeRF | F Care Systems\",\"isPartOf\":{\"@id\":\"https:\/\/fcaresystems.com\/es\/#website\"},\"primaryImageOfPage\":{\"@id\":\"https:\/\/fcaresystems.com\/es\/productos\/generadores\/generador-viridex-rf\/#primaryimage\"},\"image\":{\"@id\":\"https:\/\/fcaresystems.com\/es\/productos\/generadores\/generador-viridex-rf\/#primaryimage\"},\"thumbnailUrl\":\"https:\/\/fcaresystems.com\/wp-content\/uploads\/2023\/01\/00VIRIDEXRF_Viridex-RF-generator_01-1.jpg\",\"datePublished\":\"2022-11-18T09:18:26+00:00\",\"dateModified\":\"2023-12-22T09:49:17+00:00\",\"description\":\"El Viridex\u00aeRF es un innovador generador de radiofrecuencia \\\"todo en uno\\\" para el tratamiento de diversas afecciones de la piel.\",\"breadcrumb\":{\"@id\":\"https:\/\/fcaresystems.com\/es\/productos\/generadores\/generador-viridex-rf\/#breadcrumb\"},\"inLanguage\":\"es\",\"potentialAction\":[{\"@type\":\"ReadAction\",\"target\":[\"https:\/\/fcaresystems.com\/es\/productos\/generadores\/generador-viridex-rf\/\"]}]},{\"@type\":\"ImageObject\",\"inLanguage\":\"es\",\"@id\":\"https:\/\/fcaresystems.com\/es\/productos\/generadores\/generador-viridex-rf\/#primaryimage\",\"url\":\"https:\/\/fcaresystems.com\/wp-content\/uploads\/2023\/01\/00VIRIDEXRF_Viridex-RF-generator_01-1.jpg\",\"contentUrl\":\"https:\/\/fcaresystems.com\/wp-content\/uploads\/2023\/01\/00VIRIDEXRF_Viridex-RF-generator_01-1.jpg\",\"width\":1080,\"height\":810,\"caption\":\"Viridex\u00aeRF skin treatments\"},{\"@type\":\"BreadcrumbList\",\"@id\":\"https:\/\/fcaresystems.com\/es\/productos\/generadores\/generador-viridex-rf\/#breadcrumb\",\"itemListElement\":[{\"@type\":\"ListItem\",\"position\":1,\"name\":\"Home\",\"item\":\"https:\/\/fcaresystems.com\/es\/\"},{\"@type\":\"ListItem\",\"position\":2,\"name\":\"Productos\",\"item\":\"https:\/\/fcaresystems.com\/es\/productos\/\"},{\"@type\":\"ListItem\",\"position\":3,\"name\":\"Generadores\",\"item\":\"https:\/\/fcaresystems.com\/es\/productos\/generadores\/\"},{\"@type\":\"ListItem\",\"position\":4,\"name\":\"Generador Viridex\u00aeRF\"}]},{\"@type\":\"WebSite\",\"@id\":\"https:\/\/fcaresystems.com\/es\/#website\",\"url\":\"https:\/\/fcaresystems.com\/es\/\",\"name\":\"F Care Systems\",\"description\":\"\",\"publisher\":{\"@id\":\"https:\/\/fcaresystems.com\/es\/#organization\"},\"potentialAction\":[{\"@type\":\"SearchAction\",\"target\":{\"@type\":\"EntryPoint\",\"urlTemplate\":\"https:\/\/fcaresystems.com\/es\/?s={search_term_string}\"},\"query-input\":{\"@type\":\"PropertyValueSpecification\",\"valueRequired\":true,\"valueName\":\"search_term_string\"}}],\"inLanguage\":\"es\"},{\"@type\":\"Organization\",\"@id\":\"https:\/\/fcaresystems.com\/es\/#organization\",\"name\":\"F Care Systems\",\"url\":\"https:\/\/fcaresystems.com\/es\/\",\"logo\":{\"@type\":\"ImageObject\",\"inLanguage\":\"es\",\"@id\":\"https:\/\/fcaresystems.com\/es\/#\/schema\/logo\/image\/\",\"url\":\"https:\/\/fcaresystems.com\/wp-content\/uploads\/2022\/11\/logo-2.svg\",\"contentUrl\":\"https:\/\/fcaresystems.com\/wp-content\/uploads\/2022\/11\/logo-2.svg\",\"caption\":\"F Care Systems\"},\"image\":{\"@id\":\"https:\/\/fcaresystems.com\/es\/#\/schema\/logo\/image\/\"}}]}<\/script>\n<!-- \/ Yoast SEO plugin. -->","yoast_head_json":{"title":"Generador Viridex\u00aeRF | F Care Systems","description":"El Viridex\u00aeRF es un innovador generador de radiofrecuencia \"todo en uno\" para el tratamiento de diversas afecciones de la piel.","robots":{"index":"index","follow":"follow","max-snippet":"max-snippet:-1","max-image-preview":"max-image-preview:large","max-video-preview":"max-video-preview:-1"},"canonical":"https:\/\/fcaresystems.com\/es\/productos\/generadores\/generador-viridex-rf\/","og_locale":"es_ES","og_type":"article","og_title":"Generador Viridex\u00aeRF | F Care Systems","og_description":"El Viridex\u00aeRF es un innovador generador de radiofrecuencia \"todo en uno\" para el tratamiento de diversas afecciones de la piel.","og_url":"https:\/\/fcaresystems.com\/es\/productos\/generadores\/generador-viridex-rf\/","og_site_name":"F Care Systems","article_modified_time":"2023-12-22T09:49:17+00:00","og_image":[{"width":1080,"height":810,"url":"https:\/\/fcaresystems.com\/wp-content\/uploads\/2023\/01\/00VIRIDEXRF_Viridex-RF-generator_01-1.jpg","type":"image\/jpeg"}],"twitter_card":"summary_large_image","twitter_misc":{"Tiempo de lectura":"3 minutos"},"schema":{"@context":"https:\/\/schema.org","@graph":[{"@type":"WebPage","@id":"https:\/\/fcaresystems.com\/es\/productos\/generadores\/generador-viridex-rf\/","url":"https:\/\/fcaresystems.com\/es\/productos\/generadores\/generador-viridex-rf\/","name":"Generador Viridex\u00aeRF | F Care Systems","isPartOf":{"@id":"https:\/\/fcaresystems.com\/es\/#website"},"primaryImageOfPage":{"@id":"https:\/\/fcaresystems.com\/es\/productos\/generadores\/generador-viridex-rf\/#primaryimage"},"image":{"@id":"https:\/\/fcaresystems.com\/es\/productos\/generadores\/generador-viridex-rf\/#primaryimage"},"thumbnailUrl":"https:\/\/fcaresystems.com\/wp-content\/uploads\/2023\/01\/00VIRIDEXRF_Viridex-RF-generator_01-1.jpg","datePublished":"2022-11-18T09:18:26+00:00","dateModified":"2023-12-22T09:49:17+00:00","description":"El Viridex\u00aeRF es un innovador generador de radiofrecuencia \"todo en uno\" para el tratamiento de diversas afecciones de la piel.","breadcrumb":{"@id":"https:\/\/fcaresystems.com\/es\/productos\/generadores\/generador-viridex-rf\/#breadcrumb"},"inLanguage":"es","potentialAction":[{"@type":"ReadAction","target":["https:\/\/fcaresystems.com\/es\/productos\/generadores\/generador-viridex-rf\/"]}]},{"@type":"ImageObject","inLanguage":"es","@id":"https:\/\/fcaresystems.com\/es\/productos\/generadores\/generador-viridex-rf\/#primaryimage","url":"https:\/\/fcaresystems.com\/wp-content\/uploads\/2023\/01\/00VIRIDEXRF_Viridex-RF-generator_01-1.jpg","contentUrl":"https:\/\/fcaresystems.com\/wp-content\/uploads\/2023\/01\/00VIRIDEXRF_Viridex-RF-generator_01-1.jpg","width":1080,"height":810,"caption":"Viridex\u00aeRF skin treatments"},{"@type":"BreadcrumbList","@id":"https:\/\/fcaresystems.com\/es\/productos\/generadores\/generador-viridex-rf\/#breadcrumb","itemListElement":[{"@type":"ListItem","position":1,"name":"Home","item":"https:\/\/fcaresystems.com\/es\/"},{"@type":"ListItem","position":2,"name":"Productos","item":"https:\/\/fcaresystems.com\/es\/productos\/"},{"@type":"ListItem","position":3,"name":"Generadores","item":"https:\/\/fcaresystems.com\/es\/productos\/generadores\/"},{"@type":"ListItem","position":4,"name":"Generador Viridex\u00aeRF"}]},{"@type":"WebSite","@id":"https:\/\/fcaresystems.com\/es\/#website","url":"https:\/\/fcaresystems.com\/es\/","name":"F Care Systems","description":"","publisher":{"@id":"https:\/\/fcaresystems.com\/es\/#organization"},"potentialAction":[{"@type":"SearchAction","target":{"@type":"EntryPoint","urlTemplate":"https:\/\/fcaresystems.com\/es\/?s={search_term_string}"},"query-input":{"@type":"PropertyValueSpecification","valueRequired":true,"valueName":"search_term_string"}}],"inLanguage":"es"},{"@type":"Organization","@id":"https:\/\/fcaresystems.com\/es\/#organization","name":"F Care Systems","url":"https:\/\/fcaresystems.com\/es\/","logo":{"@type":"ImageObject","inLanguage":"es","@id":"https:\/\/fcaresystems.com\/es\/#\/schema\/logo\/image\/","url":"https:\/\/fcaresystems.com\/wp-content\/uploads\/2022\/11\/logo-2.svg","contentUrl":"https:\/\/fcaresystems.com\/wp-content\/uploads\/2022\/11\/logo-2.svg","caption":"F Care Systems"},"image":{"@id":"https:\/\/fcaresystems.com\/es\/#\/schema\/logo\/image\/"}}]}},"_links":{"self":[{"href":"https:\/\/fcaresystems.com\/es\/wp-json\/wp\/v2\/pages\/8255","targetHints":{"allow":["GET"]}}],"collection":[{"href":"https:\/\/fcaresystems.com\/es\/wp-json\/wp\/v2\/pages"}],"about":[{"href":"https:\/\/fcaresystems.com\/es\/wp-json\/wp\/v2\/types\/page"}],"author":[{"embeddable":true,"href":"https:\/\/fcaresystems.com\/es\/wp-json\/wp\/v2\/users\/1"}],"replies":[{"embeddable":true,"href":"https:\/\/fcaresystems.com\/es\/wp-json\/wp\/v2\/comments?post=8255"}],"version-history":[{"count":12,"href":"https:\/\/fcaresystems.com\/es\/wp-json\/wp\/v2\/pages\/8255\/revisions"}],"predecessor-version":[{"id":13077,"href":"https:\/\/fcaresystems.com\/es\/wp-json\/wp\/v2\/pages\/8255\/revisions\/13077"}],"up":[{"embeddable":true,"href":"https:\/\/fcaresystems.com\/es\/wp-json\/wp\/v2\/pages\/8220"}],"wp:featuredmedia":[{"embeddable":true,"href":"https:\/\/fcaresystems.com\/es\/wp-json\/wp\/v2\/media\/6008"}],"wp:attachment":[{"href":"https:\/\/fcaresystems.com\/es\/wp-json\/wp\/v2\/media?parent=8255"}],"curies":[{"name":"wp","href":"https:\/\/api.w.org\/{rel}","templated":true}]}}