{"id":8220,"date":"2022-11-09T14:35:45","date_gmt":"2022-11-09T13:35:45","guid":{"rendered":"https:\/\/fcaresystems.com\/productos\/generators\/"},"modified":"2023-07-07T09:23:04","modified_gmt":"2023-07-07T07:23:04","slug":"generadores","status":"publish","type":"page","link":"https:\/\/fcaresystems.com\/es\/productos\/generadores\/","title":{"rendered":"Generadores"},"content":{"rendered":"\n<div class=\"wp-block-fcs-core-container o-container\">\n<div class=\"wp-block-fcs-core-spacer u-padding-md-lg u-padding-md\"><\/div>\n\n\n\n<div class=\"wp-block-group c-breadcrumb\"><div class=\"wp-block-group__inner-container is-layout-flow wp-block-group-is-layout-flow\"><span><span><a href=\"https:\/\/fcaresystems.com\/es\/\">Home<\/a><\/span><\/span>\n<\/div><\/div>\n\n\n\n<div class=\"wp-block-fcs-core-spacer u-padding-xs-lg u-padding-xs\"><\/div>\n\n\n\n<h1 class=\"wp-block-heading has-secondary-color has-text-color\">Generadores innovadores para una atenci\u00f3n m\u00e9dica de vanguardia<\/h1>\n\n\n\n<div class=\"wp-block-fcs-core-spacer u-padding-xs-lg u-padding-xs\"><\/div>\n\n\n\n<div class=\"wp-block-columns is-layout-flex wp-container-core-columns-is-layout-9d6595d7 wp-block-columns-is-layout-flex\">\n<div class=\"wp-block-column is-layout-flow wp-block-column-is-layout-flow\" style=\"flex-basis:66.66%\">\n<p>Nuestros generadores est\u00e1n meticulosamente dise\u00f1ados para ofrecer una amplia gama de caracter\u00edsticas y capacidades que potencian la precisi\u00f3n, la eficiencia y la seguridad en los procedimientos m\u00e9dicos.<\/p>\n<\/div>\n\n\n\n<div class=\"wp-block-column is-layout-flow wp-block-column-is-layout-flow\" style=\"flex-basis:33.33%\"><\/div>\n<\/div>\n\n\n\n<div class=\"wp-block-fcs-core-spacer u-padding-md-lg u-padding-md\"><\/div>\n\n\n\n<div class=\"wp-block-columns is-layout-flex wp-container-core-columns-is-layout-9d6595d7 wp-block-columns-is-layout-flex\">\n<div class=\"wp-block-column is-layout-flow wp-block-column-is-layout-flow\">\n<h2 class=\"wp-block-heading has-primary-color has-text-color\">Generadores de radiofrecuencia<\/h2>\n<\/div>\n\n\n\n<div class=\"wp-block-column is-layout-flow wp-block-column-is-layout-flow\"><div class=\"c-card__wrapper\">\n    <a href=\"https:\/\/fcaresystems.com\/es\/productos\/generadores\/generador-de-radiofrecuencia-rafaelo\/\" class=\"c-card c-card--product\">\n    <figure>\n    <img decoding=\"async\" src=\"https:\/\/fcaresystems.com\/wp-content\/uploads\/2023\/01\/00RAFELO_Rafaelo-generator_02_Screen-treatment-menu-1.jpg\" alt=\"\" title=\"\" width=\"1080\" height=\"810\" loading=\"lazy\" \/>\n    <\/figure>\n        <div class=\"u-padding-sm o-flex o-flex-column o-flex-justify-content-between o-flex-grow\">\n            <div>\n                <h3>Generator Rafaelo\u00ae<\/h3>\n                <p>Los ajustes predeterminados para los procedimientos en f\u00edstulas anales y hemorroides hacen que sea ideal para cl\u00ednicas de proctolog\u00eda.<\/p>\n            <\/div>\n            <p class=\"c-button-link c-button-link--icon u-margin-none\">Leer m\u00e1s<\/p>\n        <\/div>\n    <\/a>\n<\/div><\/div>\n\n\n\n<div class=\"wp-block-column is-layout-flow wp-block-column-is-layout-flow\"><div class=\"c-card__wrapper\">\n    <a href=\"https:\/\/fcaresystems.com\/es\/productos\/generadores\/generador-de-radiofrecuencia-evrf\/\" class=\"c-card c-card--product\">\n    <figure>\n    <img decoding=\"async\" src=\"https:\/\/fcaresystems.com\/wp-content\/uploads\/2023\/01\/00EVRFV2_EVRF-generator_Screen-treatment-menu_01.jpg\" alt=\"\" title=\"\" width=\"1080\" height=\"810\" loading=\"lazy\" \/>\n    <\/figure>\n        <div class=\"u-padding-sm o-flex o-flex-column o-flex-justify-content-between o-flex-grow\">\n            <div>\n                <h3>Generador EVRF\u00ae<\/h3>\n                <p>El generador de radiofrecuencia endovenosa (EndoVenous RadioFrequency en ingl\u00e9s) dise\u00f1ado para aplicaciones vasculares.<\/p>\n            <\/div>\n            <p class=\"c-button-link c-button-link--icon u-margin-none\">Leer m\u00e1s<\/p>\n        <\/div>\n    <\/a>\n<\/div><\/div>\n<\/div>\n\n\n\n<div class=\"wp-block-fcs-core-spacer u-padding-lg-lg u-padding-md\"><\/div>\n\n\n\n<div class=\"wp-block-columns is-layout-flex wp-container-core-columns-is-layout-9d6595d7 wp-block-columns-is-layout-flex\">\n<div class=\"wp-block-column is-layout-flow wp-block-column-is-layout-flow\"><\/div>\n\n\n\n<div class=\"wp-block-column is-layout-flow wp-block-column-is-layout-flow\"><div class=\"c-card__wrapper\">\n    <a href=\"https:\/\/fcaresystems.com\/es\/productos\/generadores\/generador-de-radiofrecuencia-medrf4000\/\" class=\"c-card c-card--product\">\n    <figure>\n    <img decoding=\"async\" src=\"https:\/\/fcaresystems.com\/wp-content\/uploads\/2022\/11\/MedRF4000-generator-treatment-menu.jpg\" alt=\"\" title=\"\" width=\"1080\" height=\"810\" loading=\"lazy\" \/>\n    <\/figure>\n        <div class=\"u-padding-sm o-flex o-flex-column o-flex-justify-content-between o-flex-grow\">\n            <div>\n                <h3>Generador MedRF4000\u00ae<\/h3>\n                <p>Nuestro generador m\u00e1s reciente cubre las necesidades vasculares, proctol\u00f3gicas y dermatol\u00f3gicas de los tratamientos con RF. \u00a1A\u00f1ada nuevas caracter\u00edsticas a medida que salgan al mercado!<\/p>\n            <\/div>\n            <p class=\"c-button-link c-button-link--icon u-margin-none\">Leer m\u00e1s<\/p>\n        <\/div>\n    <\/a>\n<\/div><\/div>\n\n\n\n<div class=\"wp-block-column is-layout-flow wp-block-column-is-layout-flow\"><div class=\"c-card__wrapper\">\n    <a href=\"https:\/\/fcaresystems.com\/es\/productos\/generadores\/generador-viridex-rf\/\" class=\"c-card c-card--product\">\n    <figure>\n    <img decoding=\"async\" src=\"https:\/\/fcaresystems.com\/wp-content\/uploads\/2023\/01\/00VIRIDEXRF_Viridex-RF-generator_01-1.jpg\" alt=\"\" title=\"\" width=\"1080\" height=\"810\" loading=\"lazy\" \/>\n    <\/figure>\n        <div class=\"u-padding-sm o-flex o-flex-column o-flex-justify-content-between o-flex-grow\">\n            <div>\n                <h3>Generador Viridex\u00aeRF<\/h3>\n                <p>Offers a host of plug-and-play presets especially for aesthetic dermatology.<\/p>\n            <\/div>\n            <p class=\"c-button-link c-button-link--icon u-margin-none\">Leer m\u00e1s<\/p>\n        <\/div>\n    <\/a>\n<\/div><\/div>\n<\/div>\n\n\n\n<div class=\"wp-block-fcs-core-spacer u-padding-md-lg u-padding-md\"><\/div>\n\n\n\n<div class=\"wp-block-columns is-layout-flex wp-container-core-columns-is-layout-9d6595d7 wp-block-columns-is-layout-flex\">\n<div class=\"wp-block-column is-layout-flow wp-block-column-is-layout-flow\">\n<h2 class=\"wp-block-heading has-primary-color has-text-color\">Generador de ultrasonidos<\/h2>\n<\/div>\n\n\n\n<div class=\"wp-block-column is-layout-flow wp-block-column-is-layout-flow\"><div class=\"c-card__wrapper\">\n    <a href=\"https:\/\/fcaresystems.com\/es\/productos\/generadores\/generador-viridex-us\/\" class=\"c-card c-card--product\">\n    <figure>\n    <img decoding=\"async\" src=\"https:\/\/fcaresystems.com\/wp-content\/uploads\/2023\/01\/00VIRIDEXUS_Viridex-US-generator_01-1.jpg\" alt=\"\" title=\"\" width=\"1080\" height=\"810\" loading=\"lazy\" \/>\n    <\/figure>\n        <div class=\"u-padding-sm o-flex o-flex-column o-flex-justify-content-between o-flex-grow\">\n            <div>\n                <h3>Generador Viridex\u00aeUS<\/h3>\n                <p>Muy eficaz para la cavitaci\u00f3n por ultrasonidos de la celulitis problem\u00e1tica. <\/p>\n            <\/div>\n            <p class=\"c-button-link c-button-link--icon u-margin-none\">Leer m\u00e1s<\/p>\n        <\/div>\n    <\/a>\n<\/div><\/div>\n\n\n\n<div class=\"wp-block-column is-layout-flow wp-block-column-is-layout-flow\"><\/div>\n<\/div>\n\n\n\n<div class=\"wp-block-fcs-core-spacer u-padding-xl-lg u-padding-md\"><\/div>\n\n\n\n<div class=\"wp-block-fcs-core-spacer u-padding-xl-lg u-padding-md\"><\/div>\n<\/div>\n","protected":false},"excerpt":{"rendered":"","protected":false},"author":1,"featured_media":0,"parent":8133,"menu_order":0,"comment_status":"closed","ping_status":"closed","template":"","meta":{"_color_hex":"","_color_slug":"","footnotes":""},"class_list":["post-8220","page","type-page","status-publish","hentry"],"yoast_head":"<!-- This site is optimized with the Yoast SEO plugin v27.0 - https:\/\/yoast.com\/product\/yoast-seo-wordpress\/ -->\n<title>Generadores | F Care Systems<\/title>\n<meta name=\"description\" content=\"Una visi\u00f3n general de nuestros vers\u00e1tiles generadores de radiofrecuencia y ultrasonidos para la atenci\u00f3n m\u00e9dica m\u00ednimamente invasiva.\" \/>\n<meta name=\"robots\" content=\"index, follow, max-snippet:-1, max-image-preview:large, max-video-preview:-1\" \/>\n<link rel=\"canonical\" href=\"https:\/\/fcaresystems.com\/es\/productos\/generadores\/\" \/>\n<meta property=\"og:locale\" content=\"es_ES\" \/>\n<meta property=\"og:type\" content=\"article\" \/>\n<meta property=\"og:title\" content=\"Generadores | F Care Systems\" \/>\n<meta property=\"og:description\" content=\"Una visi\u00f3n general de nuestros vers\u00e1tiles generadores de radiofrecuencia y ultrasonidos para la atenci\u00f3n m\u00e9dica m\u00ednimamente invasiva.\" \/>\n<meta property=\"og:url\" content=\"https:\/\/fcaresystems.com\/es\/productos\/generadores\/\" \/>\n<meta property=\"og:site_name\" content=\"F Care Systems\" \/>\n<meta property=\"article:modified_time\" content=\"2023-07-07T07:23:04+00:00\" \/>\n<meta name=\"twitter:card\" content=\"summary_large_image\" \/>\n<meta name=\"twitter:label1\" content=\"Tiempo de lectura\" \/>\n\t<meta name=\"twitter:data1\" content=\"1 minuto\" \/>\n<script type=\"application\/ld+json\" class=\"yoast-schema-graph\">{\"@context\":\"https:\/\/schema.org\",\"@graph\":[{\"@type\":\"WebPage\",\"@id\":\"https:\/\/fcaresystems.com\/es\/productos\/generadores\/\",\"url\":\"https:\/\/fcaresystems.com\/es\/productos\/generadores\/\",\"name\":\"Generadores | F Care Systems\",\"isPartOf\":{\"@id\":\"https:\/\/fcaresystems.com\/es\/#website\"},\"datePublished\":\"2022-11-09T13:35:45+00:00\",\"dateModified\":\"2023-07-07T07:23:04+00:00\",\"description\":\"Una visi\u00f3n general de nuestros vers\u00e1tiles generadores de radiofrecuencia y ultrasonidos para la atenci\u00f3n m\u00e9dica m\u00ednimamente invasiva.\",\"breadcrumb\":{\"@id\":\"https:\/\/fcaresystems.com\/es\/productos\/generadores\/#breadcrumb\"},\"inLanguage\":\"es\",\"potentialAction\":[{\"@type\":\"ReadAction\",\"target\":[\"https:\/\/fcaresystems.com\/es\/productos\/generadores\/\"]}]},{\"@type\":\"BreadcrumbList\",\"@id\":\"https:\/\/fcaresystems.com\/es\/productos\/generadores\/#breadcrumb\",\"itemListElement\":[{\"@type\":\"ListItem\",\"position\":1,\"name\":\"Home\",\"item\":\"https:\/\/fcaresystems.com\/es\/\"},{\"@type\":\"ListItem\",\"position\":2,\"name\":\"Productos\",\"item\":\"https:\/\/fcaresystems.com\/es\/productos\/\"},{\"@type\":\"ListItem\",\"position\":3,\"name\":\"Generadores\"}]},{\"@type\":\"WebSite\",\"@id\":\"https:\/\/fcaresystems.com\/es\/#website\",\"url\":\"https:\/\/fcaresystems.com\/es\/\",\"name\":\"F Care Systems\",\"description\":\"\",\"publisher\":{\"@id\":\"https:\/\/fcaresystems.com\/es\/#organization\"},\"potentialAction\":[{\"@type\":\"SearchAction\",\"target\":{\"@type\":\"EntryPoint\",\"urlTemplate\":\"https:\/\/fcaresystems.com\/es\/?s={search_term_string}\"},\"query-input\":{\"@type\":\"PropertyValueSpecification\",\"valueRequired\":true,\"valueName\":\"search_term_string\"}}],\"inLanguage\":\"es\"},{\"@type\":\"Organization\",\"@id\":\"https:\/\/fcaresystems.com\/es\/#organization\",\"name\":\"F Care Systems\",\"url\":\"https:\/\/fcaresystems.com\/es\/\",\"logo\":{\"@type\":\"ImageObject\",\"inLanguage\":\"es\",\"@id\":\"https:\/\/fcaresystems.com\/es\/#\/schema\/logo\/image\/\",\"url\":\"https:\/\/fcaresystems.com\/wp-content\/uploads\/2022\/11\/logo-2.svg\",\"contentUrl\":\"https:\/\/fcaresystems.com\/wp-content\/uploads\/2022\/11\/logo-2.svg\",\"caption\":\"F Care Systems\"},\"image\":{\"@id\":\"https:\/\/fcaresystems.com\/es\/#\/schema\/logo\/image\/\"}}]}<\/script>\n<!-- \/ Yoast SEO plugin. -->","yoast_head_json":{"title":"Generadores | F Care Systems","description":"Una visi\u00f3n general de nuestros vers\u00e1tiles generadores de radiofrecuencia y ultrasonidos para la atenci\u00f3n m\u00e9dica m\u00ednimamente invasiva.","robots":{"index":"index","follow":"follow","max-snippet":"max-snippet:-1","max-image-preview":"max-image-preview:large","max-video-preview":"max-video-preview:-1"},"canonical":"https:\/\/fcaresystems.com\/es\/productos\/generadores\/","og_locale":"es_ES","og_type":"article","og_title":"Generadores | F Care Systems","og_description":"Una visi\u00f3n general de nuestros vers\u00e1tiles generadores de radiofrecuencia y ultrasonidos para la atenci\u00f3n m\u00e9dica m\u00ednimamente invasiva.","og_url":"https:\/\/fcaresystems.com\/es\/productos\/generadores\/","og_site_name":"F Care Systems","article_modified_time":"2023-07-07T07:23:04+00:00","twitter_card":"summary_large_image","twitter_misc":{"Tiempo de lectura":"1 minuto"},"schema":{"@context":"https:\/\/schema.org","@graph":[{"@type":"WebPage","@id":"https:\/\/fcaresystems.com\/es\/productos\/generadores\/","url":"https:\/\/fcaresystems.com\/es\/productos\/generadores\/","name":"Generadores | F Care Systems","isPartOf":{"@id":"https:\/\/fcaresystems.com\/es\/#website"},"datePublished":"2022-11-09T13:35:45+00:00","dateModified":"2023-07-07T07:23:04+00:00","description":"Una visi\u00f3n general de nuestros vers\u00e1tiles generadores de radiofrecuencia y ultrasonidos para la atenci\u00f3n m\u00e9dica m\u00ednimamente invasiva.","breadcrumb":{"@id":"https:\/\/fcaresystems.com\/es\/productos\/generadores\/#breadcrumb"},"inLanguage":"es","potentialAction":[{"@type":"ReadAction","target":["https:\/\/fcaresystems.com\/es\/productos\/generadores\/"]}]},{"@type":"BreadcrumbList","@id":"https:\/\/fcaresystems.com\/es\/productos\/generadores\/#breadcrumb","itemListElement":[{"@type":"ListItem","position":1,"name":"Home","item":"https:\/\/fcaresystems.com\/es\/"},{"@type":"ListItem","position":2,"name":"Productos","item":"https:\/\/fcaresystems.com\/es\/productos\/"},{"@type":"ListItem","position":3,"name":"Generadores"}]},{"@type":"WebSite","@id":"https:\/\/fcaresystems.com\/es\/#website","url":"https:\/\/fcaresystems.com\/es\/","name":"F Care Systems","description":"","publisher":{"@id":"https:\/\/fcaresystems.com\/es\/#organization"},"potentialAction":[{"@type":"SearchAction","target":{"@type":"EntryPoint","urlTemplate":"https:\/\/fcaresystems.com\/es\/?s={search_term_string}"},"query-input":{"@type":"PropertyValueSpecification","valueRequired":true,"valueName":"search_term_string"}}],"inLanguage":"es"},{"@type":"Organization","@id":"https:\/\/fcaresystems.com\/es\/#organization","name":"F Care Systems","url":"https:\/\/fcaresystems.com\/es\/","logo":{"@type":"ImageObject","inLanguage":"es","@id":"https:\/\/fcaresystems.com\/es\/#\/schema\/logo\/image\/","url":"https:\/\/fcaresystems.com\/wp-content\/uploads\/2022\/11\/logo-2.svg","contentUrl":"https:\/\/fcaresystems.com\/wp-content\/uploads\/2022\/11\/logo-2.svg","caption":"F Care Systems"},"image":{"@id":"https:\/\/fcaresystems.com\/es\/#\/schema\/logo\/image\/"}}]}},"_links":{"self":[{"href":"https:\/\/fcaresystems.com\/es\/wp-json\/wp\/v2\/pages\/8220","targetHints":{"allow":["GET"]}}],"collection":[{"href":"https:\/\/fcaresystems.com\/es\/wp-json\/wp\/v2\/pages"}],"about":[{"href":"https:\/\/fcaresystems.com\/es\/wp-json\/wp\/v2\/types\/page"}],"author":[{"embeddable":true,"href":"https:\/\/fcaresystems.com\/es\/wp-json\/wp\/v2\/users\/1"}],"replies":[{"embeddable":true,"href":"https:\/\/fcaresystems.com\/es\/wp-json\/wp\/v2\/comments?post=8220"}],"version-history":[{"count":4,"href":"https:\/\/fcaresystems.com\/es\/wp-json\/wp\/v2\/pages\/8220\/revisions"}],"predecessor-version":[{"id":12077,"href":"https:\/\/fcaresystems.com\/es\/wp-json\/wp\/v2\/pages\/8220\/revisions\/12077"}],"up":[{"embeddable":true,"href":"https:\/\/fcaresystems.com\/es\/wp-json\/wp\/v2\/pages\/8133"}],"wp:attachment":[{"href":"https:\/\/fcaresystems.com\/es\/wp-json\/wp\/v2\/media?parent=8220"}],"curies":[{"name":"wp","href":"https:\/\/api.w.org\/{rel}","templated":true}]}}