{"id":8210,"date":"2022-11-18T12:37:41","date_gmt":"2022-11-18T11:37:41","guid":{"rendered":"https:\/\/fcaresystems.com\/productos\/consumibles\/veineo-rf-catheters\/"},"modified":"2023-07-07T09:00:51","modified_gmt":"2023-07-07T07:00:51","slug":"cateteres-de-radiofrecuencia-veineo","status":"publish","type":"page","link":"https:\/\/fcaresystems.com\/es\/productos\/consumibles\/cateteres-de-radiofrecuencia-veineo\/","title":{"rendered":"Cat\u00e9teres de radiofrecuencia Veineo"},"content":{"rendered":"\n<div class=\"wp-block-fcs-core-container o-container\">\n<div class=\"wp-block-fcs-core-spacer u-padding-md-lg u-padding-md\"><\/div>\n\n\n\n<div class=\"wp-block-group c-breadcrumb\"><div class=\"wp-block-group__inner-container is-layout-flow wp-block-group-is-layout-flow\"><span><span><a href=\"https:\/\/fcaresystems.com\/es\/\">Home<\/a><\/span><\/span>\n<\/div><\/div>\n\n\n\n<div class=\"wp-block-fcs-core-spacer u-padding-md-lg u-padding-md\"><\/div>\n\n\n\n<div class=\"wp-block-columns is-style-largegap is-layout-flex wp-container-core-columns-is-layout-9d6595d7 wp-block-columns-is-layout-flex\">\n<div class=\"wp-block-column is-layout-flow wp-block-column-is-layout-flow\"><div class=\"c-slider-gallery\"><div class=\"c-slider-wrapper\"><div class=\"c-slider c-slider-slick c-slider-slick-for o-block\" ref=\"slickSlide\"><a data-fancybox=\"gallery\" data-caption=\"Veineo thermal ablation catheters\" href=\"https:\/\/fcaresystems.com\/wp-content\/uploads\/2022\/11\/Veineo-thermal-ablation-catheters.jpg\"><img decoding=\"async\" src=\"https:\/\/fcaresystems.com\/wp-content\/uploads\/2022\/11\/Veineo-thermal-ablation-catheters.jpg\" title=\"Veineo thermal ablation catheters\"  \/><\/a><a data-fancybox=\"gallery\" data-caption=\"CR30i rfa catheter\" href=\"https:\/\/fcaresystems.com\/wp-content\/uploads\/2022\/11\/CR30i-RF-catheter.jpg\"><img decoding=\"async\" src=\"https:\/\/fcaresystems.com\/wp-content\/uploads\/2022\/11\/CR30i-RF-catheter.jpg\" title=\"CR30i rfa catheter\"  \/><\/a><a data-fancybox=\"gallery\" data-caption=\"CR30i rfa catheter varicose veins + cable\" href=\"https:\/\/fcaresystems.com\/wp-content\/uploads\/2022\/11\/CR30i-rfa-catheter-varicose-vein-cable.jpg\"><img decoding=\"async\" src=\"https:\/\/fcaresystems.com\/wp-content\/uploads\/2022\/11\/CR30i-rfa-catheter-varicose-vein-cable.jpg\" title=\"CR30i rfa catheter varicose veins + cable\"  \/><\/a><a data-fancybox=\"gallery\" data-caption=\"CR30i rfa catheter varicose veins\" href=\"https:\/\/fcaresystems.com\/wp-content\/uploads\/2022\/11\/CR30i-RFA-catheter-varicose-vein.jpg\"><img decoding=\"async\" src=\"https:\/\/fcaresystems.com\/wp-content\/uploads\/2022\/11\/CR30i-RFA-catheter-varicose-vein.jpg\" title=\"CR30i rfa catheter varicose veins\"  \/><\/a><a data-fancybox=\"gallery\" data-caption=\"CR40i rfa catheter varicose veins\" href=\"https:\/\/fcaresystems.com\/wp-content\/uploads\/2022\/11\/CR40i-rfa-catheter-varicose-vein.jpg\"><img decoding=\"async\" src=\"https:\/\/fcaresystems.com\/wp-content\/uploads\/2022\/11\/CR40i-rfa-catheter-varicose-vein.jpg\" title=\"CR40i rfa catheter varicose veins\"  \/><\/a><a data-fancybox=\"gallery\" data-caption=\"CR45i rfa catheter saphenous vein\" href=\"https:\/\/fcaresystems.com\/wp-content\/uploads\/2022\/11\/CR45i-rfa-catheter-saphneous-vein.jpg\"><img decoding=\"async\" src=\"https:\/\/fcaresystems.com\/wp-content\/uploads\/2022\/11\/CR45i-rfa-catheter-saphneous-vein.jpg\" title=\"CR45i rfa catheter saphenous vein\"  \/><\/a><a data-fancybox=\"gallery\" data-caption=\"CR45i rfa catheter saphenous vein\" href=\"https:\/\/fcaresystems.com\/wp-content\/uploads\/2022\/11\/CR45i-rfa-catheter-saphneous-veins.jpg\"><img decoding=\"async\" src=\"https:\/\/fcaresystems.com\/wp-content\/uploads\/2022\/11\/CR45i-rfa-catheter-saphneous-veins.jpg\" title=\"CR45i rfa catheter saphenous vein\"  \/><\/a><a data-fancybox=\"gallery\" data-caption=\"radiofrequency catheter tip\" href=\"https:\/\/fcaresystems.com\/wp-content\/uploads\/2022\/11\/radiofrequency-catheter-tip.jpg\"><img decoding=\"async\" src=\"https:\/\/fcaresystems.com\/wp-content\/uploads\/2022\/11\/radiofrequency-catheter-tip.jpg\" title=\"radiofrequency catheter tip\"  \/><\/a><a data-fancybox=\"gallery\" data-caption=\"Terumo Surflo IV catheter 16G\" href=\"https:\/\/fcaresystems.com\/wp-content\/uploads\/2022\/11\/Terumo-Surflo-IV-Catheter-16G.jpg\"><img decoding=\"async\" src=\"https:\/\/fcaresystems.com\/wp-content\/uploads\/2022\/11\/Terumo-Surflo-IV-Catheter-16G.jpg\" title=\"Terumo Surflo IV catheter 16G\"  \/><\/a><a data-fancybox=\"gallery\" data-caption=\"Terumo Surflash IV catheter 20G\" href=\"https:\/\/fcaresystems.com\/wp-content\/uploads\/2022\/11\/Terumo-Surflo-IV-Catheter-20G.jpg\"><img decoding=\"async\" src=\"https:\/\/fcaresystems.com\/wp-content\/uploads\/2022\/11\/Terumo-Surflo-IV-Catheter-20G.jpg\" title=\"Terumo Surflash IV catheter 20G\"  \/><\/a><\/div><\/div><div class=\"c-slider-nav-container\"><div class=\"c-slider c-slider-slick c-slider-slick-nav u-margin-top-sm\" ref=\"slickNav\"><div><img decoding=\"async\" class=\"\" src=\"https:\/\/fcaresystems.com\/wp-content\/uploads\/2022\/11\/Veineo-thermal-ablation-catheters.jpg\" srcset=\"\" alt=\"\" \/><\/div><div><img decoding=\"async\" class=\"\" src=\"https:\/\/fcaresystems.com\/wp-content\/uploads\/2022\/11\/CR30i-RF-catheter.jpg\" srcset=\"\" alt=\"\" \/><\/div><div><img decoding=\"async\" class=\"\" src=\"https:\/\/fcaresystems.com\/wp-content\/uploads\/2022\/11\/CR30i-rfa-catheter-varicose-vein-cable.jpg\" srcset=\"\" alt=\"\" \/><\/div><div><img decoding=\"async\" class=\"\" src=\"https:\/\/fcaresystems.com\/wp-content\/uploads\/2022\/11\/CR30i-RFA-catheter-varicose-vein.jpg\" srcset=\"\" alt=\"\" \/><\/div><div><img decoding=\"async\" class=\"\" src=\"https:\/\/fcaresystems.com\/wp-content\/uploads\/2022\/11\/CR40i-rfa-catheter-varicose-vein.jpg\" srcset=\"\" alt=\"\" \/><\/div><div><img decoding=\"async\" class=\"\" src=\"https:\/\/fcaresystems.com\/wp-content\/uploads\/2022\/11\/CR45i-rfa-catheter-saphneous-vein.jpg\" srcset=\"\" alt=\"\" \/><\/div><div><img decoding=\"async\" class=\"\" src=\"https:\/\/fcaresystems.com\/wp-content\/uploads\/2022\/11\/CR45i-rfa-catheter-saphneous-veins.jpg\" srcset=\"\" alt=\"\" \/><\/div><div><img decoding=\"async\" class=\"\" src=\"https:\/\/fcaresystems.com\/wp-content\/uploads\/2022\/11\/radiofrequency-catheter-tip.jpg\" srcset=\"\" alt=\"\" \/><\/div><div><img decoding=\"async\" class=\"\" src=\"https:\/\/fcaresystems.com\/wp-content\/uploads\/2022\/11\/Terumo-Surflo-IV-Catheter-16G.jpg\" srcset=\"\" alt=\"\" \/><\/div><div><img decoding=\"async\" class=\"\" src=\"https:\/\/fcaresystems.com\/wp-content\/uploads\/2022\/11\/Terumo-Surflo-IV-Catheter-20G.jpg\" srcset=\"\" alt=\"\" \/><\/div><\/div><\/div><\/div>\n\n\n<div class=\"wp-block-fcs-core-spacer u-padding-md-lg u-padding-md\"><\/div>\n\n\n\n<div class=\"wp-block-fcs-core-icon-buttons c-buttons--icon\">\n<a href=\"#popmake-10208\" class=\"wp-block-fcs-core-icon-button c-button c-button--icon-inline is-style-small\"><img decoding=\"async\" src=\"https:\/\/fcaresystems.com\/wp-content\/uploads\/2022\/11\/icon-download.svg\"\/>Descargar folleto Veineo\u00ae<\/a>\n<\/div>\n\n\n\n<div class=\"wp-block-fcs-core-spacer u-padding-md-lg u-padding-md\"><\/div>\n<\/div>\n\n\n\n<div class=\"wp-block-column is-layout-flow wp-block-column-is-layout-flow\">\n<figure class=\"wp-block-image size-full is-resized\"><img loading=\"lazy\" decoding=\"async\" src=\"https:\/\/fcaresystems.com\/wp-content\/uploads\/2022\/11\/Veineo.svg\" alt=\"\" class=\"wp-image-1056\" width=\"96\" height=\"24\"\/><\/figure>\n\n\n\n<div class=\"wp-block-fcs-core-spacer u-padding-xs-lg u-padding-xs\"><\/div>\n\n\n\n<h1 class=\"wp-block-heading has-secondary-color has-text-color\">Cat\u00e9teres de radiofrecuencia Veineo\u00ae<\/h1>\n\n\n\n<p><mark style=\"background-color:rgba(0, 0, 0, 0)\" class=\"has-inline-color has-primary-color\"><a href=\"https:\/\/fcaresystems.com\/es\/tratamientos-minimamente-invasivos\/flebologia\/arf-venas-varicosas\/\">Veineo\u00ae<\/a> <\/mark>es una soluci\u00f3n m\u00ednimamente invasiva para el tratamiento r\u00e1pido y seguro de venas safenas, perforantes o colaterales varicosas mediante <mark style=\"background-color:rgba(0, 0, 0, 0)\" class=\"has-inline-color has-primary-color\"><a href=\"https:\/\/fcaresystems.com\/es\/termocoagulacion-por-radiofrecuencia\/\">ablaci\u00f3n por radiofrecuencia<\/a><\/mark>.<strong> <\/strong>La clave del \u00e9xito del tratamiento es un tr\u00edo de cat\u00e9teres de radiofrecuencia sin l\u00famenes. Adem\u00e1s de hacerlos pr\u00e1cticamente indestructibles, los cables de acero internos de refuerzo de los cat\u00e9teres garantizan una visibilidad por ultrasonido muy clara, a la vez que mantienen la flexibilidad necesaria para seguir venas tortuosas, sin necesidad de un cable gu\u00eda adicional. Los dos cat\u00e9teres m\u00e1s grandes tienen marcas a intervalos regulares (cada 7\u00a0mm) para ayudar con la sincronizaci\u00f3n, y los tres cat\u00e9teres tienen un radio de efecto t\u00e9rmico de solo 3\u00a0mm, lo que evita da\u00f1os en el tejido circundante.<\/p>\n\n\n\n<div class=\"wp-block-fcs-core-spacer u-padding-xxs-lg u-padding-xs\"><\/div>\n\n\n\n<p>Los cat\u00e9teres Veineo\u00ae est\u00e1n disponibles en tres tama\u00f1os, en funci\u00f3n del di\u00e1metro de la vena que se desea cortar:<\/p>\n\n\n\n<div class=\"wp-block-fcs-core-spacer u-padding-xs-lg u-padding-xs\"><\/div>\n\n\n\n<figure class=\"wp-block-table\"><table><thead><tr><th><strong>Tipo de cat\u00e9ter<\/strong><\/th><th><strong>CR3Oi<\/strong><\/th><th><strong>CR40i<\/strong><\/th><th><strong>CR45i<\/strong><\/th><\/tr><\/thead><tbody><tr><td><strong>Tipo de vena<\/strong><\/td><td>Vena varicosa <br>de 2-5&nbsp;mm<\/td><td>Vena perforante<\/td><td>Vena safena<\/td><\/tr><tr><td><strong>Di\u00e1metro del cat\u00e9ter<\/strong><\/td><td>0,7&nbsp;mm<\/td><td>1,1&nbsp;mm<\/td><td>1,9&nbsp;mm<\/td><\/tr><tr><td><strong><strong>Longitud del cat\u00e9ter<\/strong><\/strong><\/td><td>275&nbsp;mm<\/td><td>365&nbsp;mm<\/td><td>1190&nbsp;mm<br>o 600&nbsp;mm<\/td><\/tr><tr><td><strong>Longitud de la punta <\/strong><br><strong>del cat\u00e9ter<\/strong><\/td><td>10&nbsp;mm<\/td><td>5&nbsp;mm<\/td><td>5&nbsp;mm<\/td><\/tr><tr><td><strong>Longitud del cable <\/strong><br><strong>de extensi\u00f3n est\u00e9ril<\/strong><\/td><td>1&nbsp;m<\/td><td>2,5&nbsp;mm<\/td><td>2,5&nbsp;mm<\/td><\/tr><tr><td><strong>Marcas<\/strong><\/td><td>\/<\/td><td>cada 7&nbsp;mm<\/td><td>cada 7&nbsp;mm<\/td><\/tr><tr><td><strong>Material de aislamiento<\/strong><\/td><td>PTFE<\/td><td>PTFE<\/td><td>PTFE<\/td><\/tr><tr><td><strong>Material de la punta <\/strong><br><strong>el cat\u00e9ter<\/strong><\/td><td>Acero inoxidable<\/td><td>Acero inoxidable<\/td><td>Acero inoxidable<\/td><\/tr><tr><td><strong>Equipo incluido<\/strong><\/td><td>Introductor 20G<\/td><td>Introductor 16G<\/td><td>\/<\/td><\/tr><tr><td><strong>Referencia del producto <\/strong><\/td><td>05CR30i<\/td><td>05CR40iV2<\/td><td>05CR45iV2 <br>(1190 mm)<br>05CR45i 60 <br>(600 mm)<\/td><\/tr><\/tbody><\/table><\/figure>\n<\/div>\n<\/div>\n\n\n\n<div class=\"wp-block-fcs-core-spacer u-padding-xl-lg u-padding-md\"><\/div>\n<\/div>\n\n\n\n<div class=\"wp-block-group has-secondary-background-color has-background\"><div class=\"wp-block-group__inner-container is-layout-constrained wp-block-group-is-layout-constrained\">\n<div class=\"wp-block-fcs-core-spacer u-padding-md-lg u-padding-md\"><\/div>\n\n\n\n<div class=\"wp-block-fcs-core-container o-container\">\n<figure class=\"wp-block-image size-full is-resized\"><img loading=\"lazy\" decoding=\"async\" src=\"https:\/\/fcaresystems.com\/wp-content\/uploads\/2022\/11\/icon-doctor-white.svg\" alt=\"\" class=\"wp-image-392\" width=\"46\" height=\"48\"\/><\/figure>\n\n\n\n<div class=\"wp-block-fcs-core-spacer u-padding-xxs-lg u-padding-sm\"><\/div>\n\n\n\n<div class=\"wp-block-columns is-layout-flex wp-container-core-columns-is-layout-9d6595d7 wp-block-columns-is-layout-flex\">\n<div class=\"wp-block-column is-layout-flow wp-block-column-is-layout-flow\" style=\"flex-basis:56%\">\n<h2 class=\"wp-block-heading u-margin-none has-white-color has-text-color\">Necesito esto para mi pr\u00e1ctica<\/h2>\n<\/div>\n\n\n\n<div class=\"wp-block-column is-vertically-aligned-bottom is-layout-flow wp-block-column-is-layout-flow\">\n<div class=\"wp-block-buttons is-content-justification-left is-layout-flex wp-container-core-buttons-is-layout-fdcfc74e wp-block-buttons-is-layout-flex\">\n<div class=\"wp-block-button alignright\"><a class=\"wp-block-button__link has-primary-background-color has-background wp-element-button\" href=\"https:\/\/fcaresystems.com\/es\/productos\/pedir-producto\/\">Pedir este producto<\/a><\/div>\n\n\n\n<div class=\"wp-block-button alignright is-style-outline is-style-outline--1\"><a class=\"wp-block-button__link has-white-color has-text-color wp-element-button\" href=\"https:\/\/fcaresystems.com\/es\/productos\/\">Ver todos los productos<\/a><\/div>\n<\/div>\n<\/div>\n<\/div>\n<\/div>\n\n\n\n<div class=\"wp-block-fcs-core-spacer u-padding-md-lg u-padding-md\"><\/div>\n<\/div><\/div>\n\n\n\n<div class=\"wp-block-fcs-core-spacer u-padding-xl-lg u-padding-md\"><\/div>\n\n\n\n<div class=\"wp-block-fcs-core-container o-container\">\n<h2 class=\"wp-block-heading is-style-underline has-secondary-color has-text-color\">Tratamiento relacionado<\/h2>\n\n\n\n<div class=\"wp-block-fcs-core-spacer u-padding-xs-lg u-padding-sm\"><\/div>\n\n\n\n<div class=\"wp-block-columns is-layout-flex wp-container-core-columns-is-layout-9d6595d7 wp-block-columns-is-layout-flex\">\n<div class=\"wp-block-column is-layout-flow wp-block-column-is-layout-flow\">\n<h3 class=\"wp-block-heading has-secondary-color has-text-color\"><strong>Ablaci\u00f3n de varices por radiofrecuencia<\/strong> | <strong>Veineo\u00ae<\/strong><\/h3>\n\n\n\n<p>Para obtener m\u00e1s detalles sobre el tratamiento seguro y eficaz de las venas varicosas con Veineo\u00ae, empuja el bot\u00f3n.<\/p>\n\n\n\n<div class=\"wp-block-buttons is-layout-flex wp-block-buttons-is-layout-flex\">\n<div class=\"wp-block-button\"><a class=\"wp-block-button__link has-primary-background-color has-background wp-element-button\" href=\"https:\/\/fcaresystems.com\/es\/tratamientos-minimamente-invasivos\/flebologia\/arf-venas-varicosas\/\">Procedimiento Veineo\u00ae<\/a><\/div>\n<\/div>\n<\/div>\n\n\n\n<div class=\"wp-block-column is-layout-flow wp-block-column-is-layout-flow\">\n<div class=\"wp-block-fcs-core-spacer u-padding-xs-lg u-padding-sm\"><\/div>\n\n\n\n<figure class=\"wp-block-image size-large\"><a href=\"https:\/\/youtu.be\/CcjkQqCfzeE\"><img loading=\"lazy\" decoding=\"async\" width=\"1024\" height=\"576\" src=\"https:\/\/fcaresystems.com\/wp-content\/uploads\/2023\/01\/Thumbn-Endovenous-RFA-varicose-veins-1024x576.jpg\" alt=\"\" class=\"wp-image-6476\" srcset=\"https:\/\/fcaresystems.com\/wp-content\/uploads\/2023\/01\/Thumbn-Endovenous-RFA-varicose-veins-1024x576.jpg 1024w, https:\/\/fcaresystems.com\/wp-content\/uploads\/2023\/01\/Thumbn-Endovenous-RFA-varicose-veins-300x169.jpg 300w, https:\/\/fcaresystems.com\/wp-content\/uploads\/2023\/01\/Thumbn-Endovenous-RFA-varicose-veins-768x432.jpg 768w, https:\/\/fcaresystems.com\/wp-content\/uploads\/2023\/01\/Thumbn-Endovenous-RFA-varicose-veins.jpg 1280w\" sizes=\"auto, (max-width: 1024px) 100vw, 1024px\" \/><\/a><\/figure>\n<\/div>\n<\/div>\n<\/div>\n\n\n\n<div class=\"wp-block-fcs-core-spacer u-padding-xxl-lg u-padding-md\"><\/div>\n","protected":false},"excerpt":{"rendered":"<p>Irrompibles pero extraordinariamente flexibles: pase con facilidad incluso las venas m\u00e1s tortuosas.<\/p>\n","protected":false},"author":1,"featured_media":5108,"parent":8138,"menu_order":0,"comment_status":"closed","ping_status":"closed","template":"","meta":{"_color_hex":"","_color_slug":"","footnotes":""},"class_list":["post-8210","page","type-page","status-publish","has-post-thumbnail","hentry"],"yoast_head":"<!-- This site is optimized with the Yoast SEO plugin v27.0 - https:\/\/yoast.com\/product\/yoast-seo-wordpress\/ -->\n<title>Cat\u00e9teres de radiofrecuencia Veineo\u00ae | F Care Systems<\/title>\n<meta name=\"description\" content=\"Especificaciones t\u00e9cnicas de nuestro tr\u00edo de cat\u00e9teres monopolares utilizados en la ablaci\u00f3n de varices por radiofrecuencia con Veineo\u00ae.\" \/>\n<meta name=\"robots\" content=\"index, follow, max-snippet:-1, max-image-preview:large, max-video-preview:-1\" \/>\n<link rel=\"canonical\" href=\"https:\/\/fcaresystems.com\/es\/productos\/consumibles\/cateteres-de-radiofrecuencia-veineo\/\" \/>\n<meta property=\"og:locale\" content=\"es_ES\" \/>\n<meta property=\"og:type\" content=\"article\" \/>\n<meta property=\"og:title\" content=\"Cat\u00e9teres de radiofrecuencia Veineo\u00ae | F Care Systems\" \/>\n<meta property=\"og:description\" content=\"Especificaciones t\u00e9cnicas de nuestro tr\u00edo de cat\u00e9teres monopolares utilizados en la ablaci\u00f3n de varices por radiofrecuencia con Veineo\u00ae.\" \/>\n<meta property=\"og:url\" content=\"https:\/\/fcaresystems.com\/es\/productos\/consumibles\/cateteres-de-radiofrecuencia-veineo\/\" \/>\n<meta property=\"og:site_name\" content=\"F Care Systems\" \/>\n<meta property=\"article:modified_time\" content=\"2023-07-07T07:00:51+00:00\" \/>\n<meta property=\"og:image\" content=\"https:\/\/fcaresystems.com\/wp-content\/uploads\/2022\/11\/Veineo-thermal-ablation-catheters.jpg\" \/>\n\t<meta property=\"og:image:width\" content=\"1080\" \/>\n\t<meta property=\"og:image:height\" content=\"810\" \/>\n\t<meta property=\"og:image:type\" content=\"image\/jpeg\" \/>\n<meta name=\"twitter:card\" content=\"summary_large_image\" \/>\n<meta name=\"twitter:label1\" content=\"Tiempo de lectura\" \/>\n\t<meta name=\"twitter:data1\" content=\"3 minutos\" \/>\n<script type=\"application\/ld+json\" class=\"yoast-schema-graph\">{\"@context\":\"https:\/\/schema.org\",\"@graph\":[{\"@type\":\"WebPage\",\"@id\":\"https:\/\/fcaresystems.com\/es\/productos\/consumibles\/cateteres-de-radiofrecuencia-veineo\/\",\"url\":\"https:\/\/fcaresystems.com\/es\/productos\/consumibles\/cateteres-de-radiofrecuencia-veineo\/\",\"name\":\"Cat\u00e9teres de radiofrecuencia Veineo\u00ae | F Care Systems\",\"isPartOf\":{\"@id\":\"https:\/\/fcaresystems.com\/es\/#website\"},\"primaryImageOfPage\":{\"@id\":\"https:\/\/fcaresystems.com\/es\/productos\/consumibles\/cateteres-de-radiofrecuencia-veineo\/#primaryimage\"},\"image\":{\"@id\":\"https:\/\/fcaresystems.com\/es\/productos\/consumibles\/cateteres-de-radiofrecuencia-veineo\/#primaryimage\"},\"thumbnailUrl\":\"https:\/\/fcaresystems.com\/wp-content\/uploads\/2022\/11\/Veineo-thermal-ablation-catheters.jpg\",\"datePublished\":\"2022-11-18T11:37:41+00:00\",\"dateModified\":\"2023-07-07T07:00:51+00:00\",\"description\":\"Especificaciones t\u00e9cnicas de nuestro tr\u00edo de cat\u00e9teres monopolares utilizados en la ablaci\u00f3n de varices por radiofrecuencia con Veineo\u00ae.\",\"breadcrumb\":{\"@id\":\"https:\/\/fcaresystems.com\/es\/productos\/consumibles\/cateteres-de-radiofrecuencia-veineo\/#breadcrumb\"},\"inLanguage\":\"es\",\"potentialAction\":[{\"@type\":\"ReadAction\",\"target\":[\"https:\/\/fcaresystems.com\/es\/productos\/consumibles\/cateteres-de-radiofrecuencia-veineo\/\"]}]},{\"@type\":\"ImageObject\",\"inLanguage\":\"es\",\"@id\":\"https:\/\/fcaresystems.com\/es\/productos\/consumibles\/cateteres-de-radiofrecuencia-veineo\/#primaryimage\",\"url\":\"https:\/\/fcaresystems.com\/wp-content\/uploads\/2022\/11\/Veineo-thermal-ablation-catheters.jpg\",\"contentUrl\":\"https:\/\/fcaresystems.com\/wp-content\/uploads\/2022\/11\/Veineo-thermal-ablation-catheters.jpg\",\"width\":1080,\"height\":810,\"caption\":\"Veineo thermal ablation catheters\"},{\"@type\":\"BreadcrumbList\",\"@id\":\"https:\/\/fcaresystems.com\/es\/productos\/consumibles\/cateteres-de-radiofrecuencia-veineo\/#breadcrumb\",\"itemListElement\":[{\"@type\":\"ListItem\",\"position\":1,\"name\":\"Home\",\"item\":\"https:\/\/fcaresystems.com\/es\/\"},{\"@type\":\"ListItem\",\"position\":2,\"name\":\"Productos\",\"item\":\"https:\/\/fcaresystems.com\/es\/productos\/\"},{\"@type\":\"ListItem\",\"position\":3,\"name\":\"Consumibles\",\"item\":\"https:\/\/fcaresystems.com\/es\/productos\/consumibles\/\"},{\"@type\":\"ListItem\",\"position\":4,\"name\":\"Cat\u00e9teres de radiofrecuencia Veineo\"}]},{\"@type\":\"WebSite\",\"@id\":\"https:\/\/fcaresystems.com\/es\/#website\",\"url\":\"https:\/\/fcaresystems.com\/es\/\",\"name\":\"F Care Systems\",\"description\":\"\",\"publisher\":{\"@id\":\"https:\/\/fcaresystems.com\/es\/#organization\"},\"potentialAction\":[{\"@type\":\"SearchAction\",\"target\":{\"@type\":\"EntryPoint\",\"urlTemplate\":\"https:\/\/fcaresystems.com\/es\/?s={search_term_string}\"},\"query-input\":{\"@type\":\"PropertyValueSpecification\",\"valueRequired\":true,\"valueName\":\"search_term_string\"}}],\"inLanguage\":\"es\"},{\"@type\":\"Organization\",\"@id\":\"https:\/\/fcaresystems.com\/es\/#organization\",\"name\":\"F Care Systems\",\"url\":\"https:\/\/fcaresystems.com\/es\/\",\"logo\":{\"@type\":\"ImageObject\",\"inLanguage\":\"es\",\"@id\":\"https:\/\/fcaresystems.com\/es\/#\/schema\/logo\/image\/\",\"url\":\"https:\/\/fcaresystems.com\/wp-content\/uploads\/2022\/11\/logo-2.svg\",\"contentUrl\":\"https:\/\/fcaresystems.com\/wp-content\/uploads\/2022\/11\/logo-2.svg\",\"caption\":\"F Care Systems\"},\"image\":{\"@id\":\"https:\/\/fcaresystems.com\/es\/#\/schema\/logo\/image\/\"}}]}<\/script>\n<!-- \/ Yoast SEO plugin. -->","yoast_head_json":{"title":"Cat\u00e9teres de radiofrecuencia Veineo\u00ae | F Care Systems","description":"Especificaciones t\u00e9cnicas de nuestro tr\u00edo de cat\u00e9teres monopolares utilizados en la ablaci\u00f3n de varices por radiofrecuencia con Veineo\u00ae.","robots":{"index":"index","follow":"follow","max-snippet":"max-snippet:-1","max-image-preview":"max-image-preview:large","max-video-preview":"max-video-preview:-1"},"canonical":"https:\/\/fcaresystems.com\/es\/productos\/consumibles\/cateteres-de-radiofrecuencia-veineo\/","og_locale":"es_ES","og_type":"article","og_title":"Cat\u00e9teres de radiofrecuencia Veineo\u00ae | F Care Systems","og_description":"Especificaciones t\u00e9cnicas de nuestro tr\u00edo de cat\u00e9teres monopolares utilizados en la ablaci\u00f3n de varices por radiofrecuencia con Veineo\u00ae.","og_url":"https:\/\/fcaresystems.com\/es\/productos\/consumibles\/cateteres-de-radiofrecuencia-veineo\/","og_site_name":"F Care Systems","article_modified_time":"2023-07-07T07:00:51+00:00","og_image":[{"width":1080,"height":810,"url":"https:\/\/fcaresystems.com\/wp-content\/uploads\/2022\/11\/Veineo-thermal-ablation-catheters.jpg","type":"image\/jpeg"}],"twitter_card":"summary_large_image","twitter_misc":{"Tiempo de lectura":"3 minutos"},"schema":{"@context":"https:\/\/schema.org","@graph":[{"@type":"WebPage","@id":"https:\/\/fcaresystems.com\/es\/productos\/consumibles\/cateteres-de-radiofrecuencia-veineo\/","url":"https:\/\/fcaresystems.com\/es\/productos\/consumibles\/cateteres-de-radiofrecuencia-veineo\/","name":"Cat\u00e9teres de radiofrecuencia Veineo\u00ae | F Care Systems","isPartOf":{"@id":"https:\/\/fcaresystems.com\/es\/#website"},"primaryImageOfPage":{"@id":"https:\/\/fcaresystems.com\/es\/productos\/consumibles\/cateteres-de-radiofrecuencia-veineo\/#primaryimage"},"image":{"@id":"https:\/\/fcaresystems.com\/es\/productos\/consumibles\/cateteres-de-radiofrecuencia-veineo\/#primaryimage"},"thumbnailUrl":"https:\/\/fcaresystems.com\/wp-content\/uploads\/2022\/11\/Veineo-thermal-ablation-catheters.jpg","datePublished":"2022-11-18T11:37:41+00:00","dateModified":"2023-07-07T07:00:51+00:00","description":"Especificaciones t\u00e9cnicas de nuestro tr\u00edo de cat\u00e9teres monopolares utilizados en la ablaci\u00f3n de varices por radiofrecuencia con Veineo\u00ae.","breadcrumb":{"@id":"https:\/\/fcaresystems.com\/es\/productos\/consumibles\/cateteres-de-radiofrecuencia-veineo\/#breadcrumb"},"inLanguage":"es","potentialAction":[{"@type":"ReadAction","target":["https:\/\/fcaresystems.com\/es\/productos\/consumibles\/cateteres-de-radiofrecuencia-veineo\/"]}]},{"@type":"ImageObject","inLanguage":"es","@id":"https:\/\/fcaresystems.com\/es\/productos\/consumibles\/cateteres-de-radiofrecuencia-veineo\/#primaryimage","url":"https:\/\/fcaresystems.com\/wp-content\/uploads\/2022\/11\/Veineo-thermal-ablation-catheters.jpg","contentUrl":"https:\/\/fcaresystems.com\/wp-content\/uploads\/2022\/11\/Veineo-thermal-ablation-catheters.jpg","width":1080,"height":810,"caption":"Veineo thermal ablation catheters"},{"@type":"BreadcrumbList","@id":"https:\/\/fcaresystems.com\/es\/productos\/consumibles\/cateteres-de-radiofrecuencia-veineo\/#breadcrumb","itemListElement":[{"@type":"ListItem","position":1,"name":"Home","item":"https:\/\/fcaresystems.com\/es\/"},{"@type":"ListItem","position":2,"name":"Productos","item":"https:\/\/fcaresystems.com\/es\/productos\/"},{"@type":"ListItem","position":3,"name":"Consumibles","item":"https:\/\/fcaresystems.com\/es\/productos\/consumibles\/"},{"@type":"ListItem","position":4,"name":"Cat\u00e9teres de radiofrecuencia Veineo"}]},{"@type":"WebSite","@id":"https:\/\/fcaresystems.com\/es\/#website","url":"https:\/\/fcaresystems.com\/es\/","name":"F Care Systems","description":"","publisher":{"@id":"https:\/\/fcaresystems.com\/es\/#organization"},"potentialAction":[{"@type":"SearchAction","target":{"@type":"EntryPoint","urlTemplate":"https:\/\/fcaresystems.com\/es\/?s={search_term_string}"},"query-input":{"@type":"PropertyValueSpecification","valueRequired":true,"valueName":"search_term_string"}}],"inLanguage":"es"},{"@type":"Organization","@id":"https:\/\/fcaresystems.com\/es\/#organization","name":"F Care Systems","url":"https:\/\/fcaresystems.com\/es\/","logo":{"@type":"ImageObject","inLanguage":"es","@id":"https:\/\/fcaresystems.com\/es\/#\/schema\/logo\/image\/","url":"https:\/\/fcaresystems.com\/wp-content\/uploads\/2022\/11\/logo-2.svg","contentUrl":"https:\/\/fcaresystems.com\/wp-content\/uploads\/2022\/11\/logo-2.svg","caption":"F Care Systems"},"image":{"@id":"https:\/\/fcaresystems.com\/es\/#\/schema\/logo\/image\/"}}]}},"_links":{"self":[{"href":"https:\/\/fcaresystems.com\/es\/wp-json\/wp\/v2\/pages\/8210","targetHints":{"allow":["GET"]}}],"collection":[{"href":"https:\/\/fcaresystems.com\/es\/wp-json\/wp\/v2\/pages"}],"about":[{"href":"https:\/\/fcaresystems.com\/es\/wp-json\/wp\/v2\/types\/page"}],"author":[{"embeddable":true,"href":"https:\/\/fcaresystems.com\/es\/wp-json\/wp\/v2\/users\/1"}],"replies":[{"embeddable":true,"href":"https:\/\/fcaresystems.com\/es\/wp-json\/wp\/v2\/comments?post=8210"}],"version-history":[{"count":10,"href":"https:\/\/fcaresystems.com\/es\/wp-json\/wp\/v2\/pages\/8210\/revisions"}],"predecessor-version":[{"id":12277,"href":"https:\/\/fcaresystems.com\/es\/wp-json\/wp\/v2\/pages\/8210\/revisions\/12277"}],"up":[{"embeddable":true,"href":"https:\/\/fcaresystems.com\/es\/wp-json\/wp\/v2\/pages\/8138"}],"wp:featuredmedia":[{"embeddable":true,"href":"https:\/\/fcaresystems.com\/es\/wp-json\/wp\/v2\/media\/5108"}],"wp:attachment":[{"href":"https:\/\/fcaresystems.com\/es\/wp-json\/wp\/v2\/media?parent=8210"}],"curies":[{"name":"wp","href":"https:\/\/api.w.org\/{rel}","templated":true}]}}