{"id":8204,"date":"2022-11-18T11:36:55","date_gmt":"2022-11-18T10:36:55","guid":{"rendered":"https:\/\/fcaresystems.com\/productos\/consumibles\/rf-probes\/"},"modified":"2026-02-18T11:33:07","modified_gmt":"2026-02-18T10:33:07","slug":"sondas-de-radiofrecuencia","status":"publish","type":"page","link":"https:\/\/fcaresystems.com\/es\/productos\/consumibles\/sondas-de-radiofrecuencia\/","title":{"rendered":"Sondas de radiofrecuencia"},"content":{"rendered":"\n<div class=\"wp-block-fcs-core-container o-container\">\n<div class=\"wp-block-fcs-core-spacer u-padding-md-lg u-padding-md\"><\/div>\n\n\n\n<div class=\"wp-block-group c-breadcrumb\"><div class=\"wp-block-group__inner-container is-layout-flow wp-block-group-is-layout-flow\"><span><span><a href=\"https:\/\/fcaresystems.com\/es\/\">Home<\/a><\/span><\/span>\n<\/div><\/div>\n\n\n\n<div class=\"wp-block-fcs-core-spacer u-padding-md-lg u-padding-md\"><\/div>\n\n\n\n<div class=\"wp-block-columns is-style-largegap is-layout-flex wp-container-core-columns-is-layout-9d6595d7 wp-block-columns-is-layout-flex\">\n<div class=\"wp-block-column is-layout-flow wp-block-column-is-layout-flow\"><div class=\"c-slider-gallery\"><div class=\"c-slider-wrapper\"><div class=\"c-slider c-slider-slick c-slider-slick-for o-block\" ref=\"slickSlide\"><a data-fancybox=\"gallery\" data-caption=\"RF probe HPR45i\" href=\"https:\/\/fcaresystems.com\/wp-content\/uploads\/2022\/11\/radiofrequency-probe-HPR45i.jpg\"><img decoding=\"async\" src=\"https:\/\/fcaresystems.com\/wp-content\/uploads\/2022\/11\/radiofrequency-probe-HPR45i.jpg\" title=\"RF probe HPR45i\"  \/><\/a><a data-fancybox=\"gallery\" data-caption=\"RF needle probe HPR45i\" href=\"https:\/\/fcaresystems.com\/wp-content\/uploads\/2023\/01\/radiofrequency-probe-HPR45i.jpg\"><img decoding=\"async\" src=\"https:\/\/fcaresystems.com\/wp-content\/uploads\/2023\/01\/radiofrequency-probe-HPR45i.jpg\" title=\"RF needle probe HPR45i\"  \/><\/a><a data-fancybox=\"gallery\" data-caption=\"Thermal needle probe HPR45i\" href=\"https:\/\/fcaresystems.com\/wp-content\/uploads\/2022\/11\/thermal-needle-probe-HPR45i.jpg\"><img decoding=\"async\" src=\"https:\/\/fcaresystems.com\/wp-content\/uploads\/2022\/11\/thermal-needle-probe-HPR45i.jpg\" title=\"Thermal needle probe HPR45i\"  \/><\/a><a data-fancybox=\"gallery\" data-caption=\"RF Ball probe\" href=\"https:\/\/fcaresystems.com\/wp-content\/uploads\/2022\/11\/radiofrequency-ball-probe.jpg\"><img decoding=\"async\" src=\"https:\/\/fcaresystems.com\/wp-content\/uploads\/2022\/11\/radiofrequency-ball-probe.jpg\" title=\"RF Ball probe\"  \/><\/a><a data-fancybox=\"gallery\" data-caption=\"Output cable\" href=\"https:\/\/fcaresystems.com\/wp-content\/uploads\/2023\/02\/06OUTPUTKAB_Output-cable.jpg\"><img decoding=\"async\" src=\"https:\/\/fcaresystems.com\/wp-content\/uploads\/2023\/02\/06OUTPUTKAB_Output-cable.jpg\" title=\"Output cable\"  \/><\/a><a data-fancybox=\"gallery\" data-caption=\"Sphera ball probe\" href=\"https:\/\/fcaresystems.com\/wp-content\/uploads\/2023\/01\/radiofrequency-ball-probe-tip.jpg\"><img decoding=\"async\" src=\"https:\/\/fcaresystems.com\/wp-content\/uploads\/2023\/01\/radiofrequency-ball-probe-tip.jpg\" title=\"Sphera ball probe\"  \/><\/a><\/div><\/div><div class=\"c-slider-nav-container\"><div class=\"c-slider c-slider-slick c-slider-slick-nav u-margin-top-sm\" ref=\"slickNav\"><div><img decoding=\"async\" class=\"\" src=\"https:\/\/fcaresystems.com\/wp-content\/uploads\/2022\/11\/radiofrequency-probe-HPR45i.jpg\" srcset=\"\" alt=\"\" \/><\/div><div><img decoding=\"async\" class=\"\" src=\"https:\/\/fcaresystems.com\/wp-content\/uploads\/2023\/01\/radiofrequency-probe-HPR45i.jpg\" srcset=\"\" alt=\"\" \/><\/div><div><img decoding=\"async\" class=\"\" src=\"https:\/\/fcaresystems.com\/wp-content\/uploads\/2022\/11\/thermal-needle-probe-HPR45i.jpg\" srcset=\"\" alt=\"\" \/><\/div><div><img decoding=\"async\" class=\"\" src=\"https:\/\/fcaresystems.com\/wp-content\/uploads\/2022\/11\/radiofrequency-ball-probe.jpg\" srcset=\"\" alt=\"\" \/><\/div><div><img decoding=\"async\" class=\"\" src=\"https:\/\/fcaresystems.com\/wp-content\/uploads\/2023\/02\/06OUTPUTKAB_Output-cable.jpg\" srcset=\"\" alt=\"\" \/><\/div><div><img decoding=\"async\" class=\"\" src=\"https:\/\/fcaresystems.com\/wp-content\/uploads\/2023\/01\/radiofrequency-ball-probe-tip.jpg\" srcset=\"\" alt=\"\" \/><\/div><\/div><\/div><\/div>\n\n\n<div class=\"wp-block-fcs-core-spacer u-padding-md-lg u-padding-sm\"><\/div>\n<\/div>\n\n\n\n<div class=\"wp-block-column is-layout-flow wp-block-column-is-layout-flow\">\n<h1 class=\"wp-block-heading has-secondary-color has-text-color\">Sondas de radiofrecuencia<\/h1>\n\n\n\n<p>Durante muchos a\u00f1os, la tradici\u00f3n m\u00e9dica sostuvo que el tratamiento m\u00ednimamente invasivo era una opci\u00f3n adecuada solo para pacientes con hemorroides en fase inicial (grados 1 y 2); se asum\u00eda que las hemorroides m\u00e1s avanzadas requer\u00edan intervenci\u00f3n quir\u00fargica, lo que normalmente significaba largos periodos de recuperaci\u00f3n y un riesgo significativo de complicaciones. Sin embargo, gracias al innovador <mark style=\"background-color:rgba(0, 0, 0, 0)\" class=\"has-inline-color has-primary-color\"><a href=\"https:\/\/fcaresystems.com\/es\/tratamientos-minimamente-invasivos\/proctologia\/arf-hemorroides\/\">procedimiento Rafaelo\u00ae<\/a><\/mark>, los pacientes con hemorroides internas de grado 2, grado 3 o incluso de grado 4 pueden disfrutar de la comodidad y la practicidad del tratamiento no quir\u00fargico.<\/p>\n\n\n\n<div class=\"wp-block-fcs-core-spacer u-padding-xs-lg\"><\/div>\n\n\n\n<h2 class=\"wp-block-heading is-style-underline has-secondary-color has-text-color\">Sonda de aguja HPR45i<\/h2>\n\n\n\n<div class=\"wp-block-fcs-core-spacer u-padding-xs-lg u-padding-xs\"><\/div>\n\n\n\n<p>Rafaelo\u00ae se realiza con la sonda de aguja HPR45i, que se inserta en la hemorroide y se utiliza para suministrar energ\u00eda de RF espec\u00edfica. A diferencia de la electrocauterizaci\u00f3n, la <a href=\"https:\/\/fcaresystems.com\/es\/termocoagulacion-por-radiofrecuencia\/\"><mark style=\"background-color:rgba(0, 0, 0, 0)\" class=\"has-inline-color has-primary-color\">ablaci\u00f3n por radiofrecuencia<\/mark><\/a> genera muy poca propagaci\u00f3n del calor m\u00e1s all\u00e1 de la punta del electrodo: la sonda de aguja HPR45i de 2&nbsp;mm de di\u00e1metro tiene un radio t\u00e9rmico de solo 3&nbsp;mm, lo que permite una termocoagulaci\u00f3n precisa sin da\u00f1ar el tejido circundante.<\/p>\n\n\n\n<p><em>Aprobada por la FDA<\/em><\/p>\n\n\n\n<div class=\"wp-block-fcs-core-spacer u-padding-xs-lg u-padding-xs\"><\/div>\n\n\n\n<h3 class=\"wp-block-heading\"><mark style=\"background-color:rgba(0, 0, 0, 0)\" class=\"has-inline-color has-secondary-color\">Especificaciones t\u00e9cnicas<\/mark><\/h3>\n\n\n\n<p>Longitud de la sonda: 210&nbsp;mm<br>Di\u00e1metro de la aguja: 2&nbsp;mm<br>Di\u00e1metro de la empu\u00f1adura: 19,5&nbsp;mm<br>Cable de extensi\u00f3n: 2,5&nbsp;m<br>Material de aislamiento: PTFE<br>Longitud del segmento distal: 10&nbsp;mm<br>Material del segmento distal: acero inoxidable<br>Peso: 34&nbsp;g<\/p>\n\n\n\n<p><strong>REF Producto<\/strong>: 05HPR45iV2<\/p>\n\n\n\n<div class=\"wp-block-fcs-core-spacer u-padding-sm-lg u-padding-sm\"><\/div>\n\n\n\n<h2 class=\"wp-block-heading is-style-underline has-secondary-color has-text-color\">Sonda de bola Sphera<\/h2>\n\n\n\n<div class=\"wp-block-fcs-core-spacer u-padding-xs-lg u-padding-xs\"><\/div>\n\n\n\n<p>Los pacientes con hemorroides internas en fase inicial ahora tambi\u00e9n pueden beneficiarse de la ablaci\u00f3n por RF m\u00ednimamente invasiva: la nueva sonda de bola Sphera es compatible con los mismos generadores que el HPR45i, pero su punta esf\u00e9rica est\u00e1 dise\u00f1ada espec\u00edficamente para la<mark style=\"background-color:rgba(0, 0, 0, 0)\" class=\"has-inline-color has-secondary-color\"><strong> coagulaci\u00f3n de la superficie<\/strong><\/mark> de hemorroides internas de grado 1 y 2. El revestimiento de nitruro de cromo del electrodo ayuda a evitar que se adhiera al tejido delicado, mientras suministra energ\u00eda de radiofrecuencia.<\/p>\n\n\n\n<div class=\"wp-block-fcs-core-spacer u-padding-xs-lg\"><\/div>\n\n\n\n<h3 class=\"wp-block-heading has-secondary-color has-text-color\"><strong>Especificaciones t\u00e9cnicas<\/strong><\/h3>\n\n\n\n<p>Longitud de la sonda: 205&nbsp;mm<br>Di\u00e1metro de la punta: 3&nbsp;mm<br>Di\u00e1metro de la empu\u00f1adura: 20&nbsp;mm<br>Material de aislamiento: PFA<br>Material de la punta: acero inoxidable<br>Recubrimiento de la punta: CrN<br>Cable de extensi\u00f3n: 2,5&nbsp;m<br>Peso: 36&nbsp;g (sonda + cable)<\/p>\n\n\n\n<p><strong>REF Producto:<\/strong> 05SPHERA<\/p>\n<\/div>\n<\/div>\n\n\n\n<div class=\"wp-block-fcs-core-spacer u-padding-xl-lg u-padding-md\"><\/div>\n<\/div>\n\n\n\n<div class=\"wp-block-group has-secondary-background-color has-background\"><div class=\"wp-block-group__inner-container is-layout-constrained wp-block-group-is-layout-constrained\">\n<div class=\"wp-block-fcs-core-spacer u-padding-md-lg u-padding-md\"><\/div>\n\n\n\n<div class=\"wp-block-fcs-core-container o-container\">\n<figure class=\"wp-block-image size-full is-resized\"><img decoding=\"async\" src=\"https:\/\/fcaresystems.com\/wp-content\/uploads\/2022\/11\/icon-doctor-white.svg\" alt=\"\" class=\"wp-image-392\" style=\"width:46px;height:48px\"\/><\/figure>\n\n\n\n<div class=\"wp-block-fcs-core-spacer u-padding-xxs-lg u-padding-sm\"><\/div>\n\n\n\n<div class=\"wp-block-columns is-layout-flex wp-container-core-columns-is-layout-9d6595d7 wp-block-columns-is-layout-flex\">\n<div class=\"wp-block-column is-layout-flow wp-block-column-is-layout-flow\" style=\"flex-basis:56%\">\n<h2 class=\"wp-block-heading u-margin-none has-white-color has-text-color\">Necesito esto para mi pr\u00e1ctica<\/h2>\n\n\n\n<div class=\"wp-block-fcs-core-spacer u-padding-xxs-lg u-padding-xs\"><\/div>\n<\/div>\n\n\n\n<div class=\"wp-block-column is-vertically-aligned-bottom is-layout-flow wp-block-column-is-layout-flow\">\n<div class=\"wp-block-buttons is-content-justification-left is-layout-flex wp-container-core-buttons-is-layout-fdcfc74e wp-block-buttons-is-layout-flex\">\n<div class=\"wp-block-button alignright\"><a class=\"wp-block-button__link has-primary-background-color has-background wp-element-button\" href=\"https:\/\/fcaresystems.com\/es\/productos\/pedir-producto\/\">Pedir este producto<\/a><\/div>\n\n\n\n<div class=\"wp-block-button alignright is-style-outline is-style-outline--1\"><a class=\"wp-block-button__link has-white-color has-text-color wp-element-button\" href=\"https:\/\/fcaresystems.com\/es\/productos\/\">Ver todos los productos<\/a><\/div>\n<\/div>\n<\/div>\n<\/div>\n<\/div>\n\n\n\n<div class=\"wp-block-fcs-core-spacer u-padding-md-lg u-padding-md\"><\/div>\n<\/div><\/div>\n\n\n\n<div class=\"wp-block-fcs-core-spacer u-padding-xl-lg u-padding-md\"><\/div>\n\n\n\n<div class=\"wp-block-fcs-core-container o-container\">\n<h2 class=\"wp-block-heading is-style-underline has-secondary-color has-text-color\">Tratamiento relacionado<\/h2>\n\n\n\n<div class=\"wp-block-fcs-core-spacer u-padding-xs-lg u-padding-sm\"><\/div>\n\n\n\n<div class=\"wp-block-columns is-layout-flex wp-container-core-columns-is-layout-9d6595d7 wp-block-columns-is-layout-flex\">\n<div class=\"wp-block-column is-layout-flow wp-block-column-is-layout-flow\">\n<h3 class=\"wp-block-heading has-primary-color has-text-color\"><mark style=\"background-color:rgba(0, 0, 0, 0)\" class=\"has-inline-color has-secondary-color\">Ablaci\u00f3n de hemorroides por radiofrecuencia<\/mark><\/h3>\n\n\n\n<p>Con el uso de la sonda de aguja HPR45i o la sonda de bola Sphera, el profesional aplica energ\u00eda de radiofrecuencia dirigida para inducir la termocoagulaci\u00f3n y ablacionar la hemorroide.<\/p>\n\n\n\n<div class=\"wp-block-fcs-core-spacer u-padding-xs-lg u-padding-sm\"><\/div>\n\n\n\n<div class=\"wp-block-buttons is-layout-flex wp-block-buttons-is-layout-flex\">\n<div class=\"wp-block-button is-style-fill\"><a class=\"wp-block-button__link has-white-color has-primary-background-color has-text-color has-background wp-element-button\" href=\"https:\/\/fcaresystems.com\/es\/tratamientos-minimamente-invasivos\/proctologia\/arf-hemorroides\/\">El procedimiento Rafaelo\u00ae<\/a><\/div>\n<\/div>\n\n\n\n<div class=\"wp-block-fcs-core-spacer u-padding-xs-lg u-padding-sm\"><\/div>\n<\/div>\n\n\n\n<div class=\"wp-block-column is-layout-flow wp-block-column-is-layout-flow\">\n<div class=\"wp-block-fcs-core-spacer u-padding-xxs-lg u-padding-xs\"><\/div>\n\n\n\n<figure class=\"wp-block-image size-large\"><a href=\"https:\/\/youtu.be\/4MG5H-XDURs?si=6SRob7LrF0nxKoc1\" target=\"_blank\" rel=\"noreferrer noopener\"><img loading=\"lazy\" decoding=\"async\" width=\"1024\" height=\"576\" src=\"https:\/\/fcaresystems.com\/wp-content\/uploads\/2026\/02\/Thumbn-Rafaelo-animation_EN-1-1024x576.jpg\" alt=\"\" class=\"wp-image-16094\" srcset=\"https:\/\/fcaresystems.com\/wp-content\/uploads\/2026\/02\/Thumbn-Rafaelo-animation_EN-1-1024x576.jpg 1024w, https:\/\/fcaresystems.com\/wp-content\/uploads\/2026\/02\/Thumbn-Rafaelo-animation_EN-1-300x169.jpg 300w, https:\/\/fcaresystems.com\/wp-content\/uploads\/2026\/02\/Thumbn-Rafaelo-animation_EN-1-768x432.jpg 768w, https:\/\/fcaresystems.com\/wp-content\/uploads\/2026\/02\/Thumbn-Rafaelo-animation_EN-1.jpg 1280w\" sizes=\"auto, (max-width: 1024px) 100vw, 1024px\" \/><\/a><\/figure>\n<\/div>\n<\/div>\n<\/div>\n\n\n\n<div class=\"wp-block-fcs-core-spacer u-padding-xxl-lg u-padding-md\"><\/div>\n","protected":false},"excerpt":{"rendered":"<p>Elija entre la sonda de aguja HPR45i para la inserci\u00f3n en la hemorroide o la sonda de bola Sphera para la coagulaci\u00f3n solo en la superficie.<\/p>\n","protected":false},"author":1,"featured_media":4972,"parent":8138,"menu_order":0,"comment_status":"closed","ping_status":"closed","template":"","meta":{"_color_hex":"","_color_slug":"","footnotes":""},"class_list":["post-8204","page","type-page","status-publish","has-post-thumbnail","hentry"],"yoast_head":"<!-- This site is optimized with the Yoast SEO plugin v27.0 - https:\/\/yoast.com\/product\/yoast-seo-wordpress\/ -->\n<title>Sondas de radiofrecuencia para el tratamiento de hemorroides | F Care Systems<\/title>\n<meta name=\"description\" content=\"Sondas de radiofrecuencia desechables para el tratamiento no invasivo de las hemorroides internas mediante el innovador procedimiento Rafaelo\u00ae.\" \/>\n<meta name=\"robots\" content=\"index, follow, max-snippet:-1, max-image-preview:large, max-video-preview:-1\" \/>\n<link rel=\"canonical\" href=\"https:\/\/fcaresystems.com\/es\/productos\/consumibles\/sondas-de-radiofrecuencia\/\" \/>\n<meta property=\"og:locale\" content=\"es_ES\" \/>\n<meta property=\"og:type\" content=\"article\" \/>\n<meta property=\"og:title\" content=\"Sondas de radiofrecuencia para el tratamiento de hemorroides | F Care Systems\" \/>\n<meta property=\"og:description\" content=\"Sondas de radiofrecuencia desechables para el tratamiento no invasivo de las hemorroides internas mediante el innovador procedimiento Rafaelo\u00ae.\" \/>\n<meta property=\"og:url\" content=\"https:\/\/fcaresystems.com\/es\/productos\/consumibles\/sondas-de-radiofrecuencia\/\" \/>\n<meta property=\"og:site_name\" content=\"F Care Systems\" \/>\n<meta property=\"article:modified_time\" content=\"2026-02-18T10:33:07+00:00\" \/>\n<meta property=\"og:image\" content=\"https:\/\/fcaresystems.com\/wp-content\/uploads\/2022\/11\/radiofrequency-probe-HPR45i.jpg\" \/>\n\t<meta property=\"og:image:width\" content=\"1080\" \/>\n\t<meta property=\"og:image:height\" content=\"810\" \/>\n\t<meta property=\"og:image:type\" content=\"image\/jpeg\" \/>\n<meta name=\"twitter:card\" content=\"summary_large_image\" \/>\n<meta name=\"twitter:label1\" content=\"Tiempo de lectura\" \/>\n\t<meta name=\"twitter:data1\" content=\"3 minutos\" \/>\n<script type=\"application\/ld+json\" class=\"yoast-schema-graph\">{\"@context\":\"https:\/\/schema.org\",\"@graph\":[{\"@type\":\"WebPage\",\"@id\":\"https:\/\/fcaresystems.com\/es\/productos\/consumibles\/sondas-de-radiofrecuencia\/\",\"url\":\"https:\/\/fcaresystems.com\/es\/productos\/consumibles\/sondas-de-radiofrecuencia\/\",\"name\":\"Sondas de radiofrecuencia para el tratamiento de hemorroides | F Care Systems\",\"isPartOf\":{\"@id\":\"https:\/\/fcaresystems.com\/es\/#website\"},\"primaryImageOfPage\":{\"@id\":\"https:\/\/fcaresystems.com\/es\/productos\/consumibles\/sondas-de-radiofrecuencia\/#primaryimage\"},\"image\":{\"@id\":\"https:\/\/fcaresystems.com\/es\/productos\/consumibles\/sondas-de-radiofrecuencia\/#primaryimage\"},\"thumbnailUrl\":\"https:\/\/fcaresystems.com\/wp-content\/uploads\/2022\/11\/radiofrequency-probe-HPR45i.jpg\",\"datePublished\":\"2022-11-18T10:36:55+00:00\",\"dateModified\":\"2026-02-18T10:33:07+00:00\",\"description\":\"Sondas de radiofrecuencia desechables para el tratamiento no invasivo de las hemorroides internas mediante el innovador procedimiento Rafaelo\u00ae.\",\"breadcrumb\":{\"@id\":\"https:\/\/fcaresystems.com\/es\/productos\/consumibles\/sondas-de-radiofrecuencia\/#breadcrumb\"},\"inLanguage\":\"es\",\"potentialAction\":[{\"@type\":\"ReadAction\",\"target\":[\"https:\/\/fcaresystems.com\/es\/productos\/consumibles\/sondas-de-radiofrecuencia\/\"]}]},{\"@type\":\"ImageObject\",\"inLanguage\":\"es\",\"@id\":\"https:\/\/fcaresystems.com\/es\/productos\/consumibles\/sondas-de-radiofrecuencia\/#primaryimage\",\"url\":\"https:\/\/fcaresystems.com\/wp-content\/uploads\/2022\/11\/radiofrequency-probe-HPR45i.jpg\",\"contentUrl\":\"https:\/\/fcaresystems.com\/wp-content\/uploads\/2022\/11\/radiofrequency-probe-HPR45i.jpg\",\"width\":1080,\"height\":810,\"caption\":\"RF probe HPR45i\"},{\"@type\":\"BreadcrumbList\",\"@id\":\"https:\/\/fcaresystems.com\/es\/productos\/consumibles\/sondas-de-radiofrecuencia\/#breadcrumb\",\"itemListElement\":[{\"@type\":\"ListItem\",\"position\":1,\"name\":\"Home\",\"item\":\"https:\/\/fcaresystems.com\/es\/\"},{\"@type\":\"ListItem\",\"position\":2,\"name\":\"Productos\",\"item\":\"https:\/\/fcaresystems.com\/es\/productos\/\"},{\"@type\":\"ListItem\",\"position\":3,\"name\":\"Consumibles\",\"item\":\"https:\/\/fcaresystems.com\/es\/productos\/consumibles\/\"},{\"@type\":\"ListItem\",\"position\":4,\"name\":\"Sondas de radiofrecuencia\"}]},{\"@type\":\"WebSite\",\"@id\":\"https:\/\/fcaresystems.com\/es\/#website\",\"url\":\"https:\/\/fcaresystems.com\/es\/\",\"name\":\"F Care Systems\",\"description\":\"\",\"publisher\":{\"@id\":\"https:\/\/fcaresystems.com\/es\/#organization\"},\"potentialAction\":[{\"@type\":\"SearchAction\",\"target\":{\"@type\":\"EntryPoint\",\"urlTemplate\":\"https:\/\/fcaresystems.com\/es\/?s={search_term_string}\"},\"query-input\":{\"@type\":\"PropertyValueSpecification\",\"valueRequired\":true,\"valueName\":\"search_term_string\"}}],\"inLanguage\":\"es\"},{\"@type\":\"Organization\",\"@id\":\"https:\/\/fcaresystems.com\/es\/#organization\",\"name\":\"F Care Systems\",\"url\":\"https:\/\/fcaresystems.com\/es\/\",\"logo\":{\"@type\":\"ImageObject\",\"inLanguage\":\"es\",\"@id\":\"https:\/\/fcaresystems.com\/es\/#\/schema\/logo\/image\/\",\"url\":\"https:\/\/fcaresystems.com\/wp-content\/uploads\/2022\/11\/logo-2.svg\",\"contentUrl\":\"https:\/\/fcaresystems.com\/wp-content\/uploads\/2022\/11\/logo-2.svg\",\"caption\":\"F Care Systems\"},\"image\":{\"@id\":\"https:\/\/fcaresystems.com\/es\/#\/schema\/logo\/image\/\"}}]}<\/script>\n<!-- \/ Yoast SEO plugin. -->","yoast_head_json":{"title":"Sondas de radiofrecuencia para el tratamiento de hemorroides | F Care Systems","description":"Sondas de radiofrecuencia desechables para el tratamiento no invasivo de las hemorroides internas mediante el innovador procedimiento Rafaelo\u00ae.","robots":{"index":"index","follow":"follow","max-snippet":"max-snippet:-1","max-image-preview":"max-image-preview:large","max-video-preview":"max-video-preview:-1"},"canonical":"https:\/\/fcaresystems.com\/es\/productos\/consumibles\/sondas-de-radiofrecuencia\/","og_locale":"es_ES","og_type":"article","og_title":"Sondas de radiofrecuencia para el tratamiento de hemorroides | F Care Systems","og_description":"Sondas de radiofrecuencia desechables para el tratamiento no invasivo de las hemorroides internas mediante el innovador procedimiento Rafaelo\u00ae.","og_url":"https:\/\/fcaresystems.com\/es\/productos\/consumibles\/sondas-de-radiofrecuencia\/","og_site_name":"F Care Systems","article_modified_time":"2026-02-18T10:33:07+00:00","og_image":[{"width":1080,"height":810,"url":"https:\/\/fcaresystems.com\/wp-content\/uploads\/2022\/11\/radiofrequency-probe-HPR45i.jpg","type":"image\/jpeg"}],"twitter_card":"summary_large_image","twitter_misc":{"Tiempo de lectura":"3 minutos"},"schema":{"@context":"https:\/\/schema.org","@graph":[{"@type":"WebPage","@id":"https:\/\/fcaresystems.com\/es\/productos\/consumibles\/sondas-de-radiofrecuencia\/","url":"https:\/\/fcaresystems.com\/es\/productos\/consumibles\/sondas-de-radiofrecuencia\/","name":"Sondas de radiofrecuencia para el tratamiento de hemorroides | F Care Systems","isPartOf":{"@id":"https:\/\/fcaresystems.com\/es\/#website"},"primaryImageOfPage":{"@id":"https:\/\/fcaresystems.com\/es\/productos\/consumibles\/sondas-de-radiofrecuencia\/#primaryimage"},"image":{"@id":"https:\/\/fcaresystems.com\/es\/productos\/consumibles\/sondas-de-radiofrecuencia\/#primaryimage"},"thumbnailUrl":"https:\/\/fcaresystems.com\/wp-content\/uploads\/2022\/11\/radiofrequency-probe-HPR45i.jpg","datePublished":"2022-11-18T10:36:55+00:00","dateModified":"2026-02-18T10:33:07+00:00","description":"Sondas de radiofrecuencia desechables para el tratamiento no invasivo de las hemorroides internas mediante el innovador procedimiento Rafaelo\u00ae.","breadcrumb":{"@id":"https:\/\/fcaresystems.com\/es\/productos\/consumibles\/sondas-de-radiofrecuencia\/#breadcrumb"},"inLanguage":"es","potentialAction":[{"@type":"ReadAction","target":["https:\/\/fcaresystems.com\/es\/productos\/consumibles\/sondas-de-radiofrecuencia\/"]}]},{"@type":"ImageObject","inLanguage":"es","@id":"https:\/\/fcaresystems.com\/es\/productos\/consumibles\/sondas-de-radiofrecuencia\/#primaryimage","url":"https:\/\/fcaresystems.com\/wp-content\/uploads\/2022\/11\/radiofrequency-probe-HPR45i.jpg","contentUrl":"https:\/\/fcaresystems.com\/wp-content\/uploads\/2022\/11\/radiofrequency-probe-HPR45i.jpg","width":1080,"height":810,"caption":"RF probe HPR45i"},{"@type":"BreadcrumbList","@id":"https:\/\/fcaresystems.com\/es\/productos\/consumibles\/sondas-de-radiofrecuencia\/#breadcrumb","itemListElement":[{"@type":"ListItem","position":1,"name":"Home","item":"https:\/\/fcaresystems.com\/es\/"},{"@type":"ListItem","position":2,"name":"Productos","item":"https:\/\/fcaresystems.com\/es\/productos\/"},{"@type":"ListItem","position":3,"name":"Consumibles","item":"https:\/\/fcaresystems.com\/es\/productos\/consumibles\/"},{"@type":"ListItem","position":4,"name":"Sondas de radiofrecuencia"}]},{"@type":"WebSite","@id":"https:\/\/fcaresystems.com\/es\/#website","url":"https:\/\/fcaresystems.com\/es\/","name":"F Care Systems","description":"","publisher":{"@id":"https:\/\/fcaresystems.com\/es\/#organization"},"potentialAction":[{"@type":"SearchAction","target":{"@type":"EntryPoint","urlTemplate":"https:\/\/fcaresystems.com\/es\/?s={search_term_string}"},"query-input":{"@type":"PropertyValueSpecification","valueRequired":true,"valueName":"search_term_string"}}],"inLanguage":"es"},{"@type":"Organization","@id":"https:\/\/fcaresystems.com\/es\/#organization","name":"F Care Systems","url":"https:\/\/fcaresystems.com\/es\/","logo":{"@type":"ImageObject","inLanguage":"es","@id":"https:\/\/fcaresystems.com\/es\/#\/schema\/logo\/image\/","url":"https:\/\/fcaresystems.com\/wp-content\/uploads\/2022\/11\/logo-2.svg","contentUrl":"https:\/\/fcaresystems.com\/wp-content\/uploads\/2022\/11\/logo-2.svg","caption":"F Care Systems"},"image":{"@id":"https:\/\/fcaresystems.com\/es\/#\/schema\/logo\/image\/"}}]}},"_links":{"self":[{"href":"https:\/\/fcaresystems.com\/es\/wp-json\/wp\/v2\/pages\/8204","targetHints":{"allow":["GET"]}}],"collection":[{"href":"https:\/\/fcaresystems.com\/es\/wp-json\/wp\/v2\/pages"}],"about":[{"href":"https:\/\/fcaresystems.com\/es\/wp-json\/wp\/v2\/types\/page"}],"author":[{"embeddable":true,"href":"https:\/\/fcaresystems.com\/es\/wp-json\/wp\/v2\/users\/1"}],"replies":[{"embeddable":true,"href":"https:\/\/fcaresystems.com\/es\/wp-json\/wp\/v2\/comments?post=8204"}],"version-history":[{"count":17,"href":"https:\/\/fcaresystems.com\/es\/wp-json\/wp\/v2\/pages\/8204\/revisions"}],"predecessor-version":[{"id":16102,"href":"https:\/\/fcaresystems.com\/es\/wp-json\/wp\/v2\/pages\/8204\/revisions\/16102"}],"up":[{"embeddable":true,"href":"https:\/\/fcaresystems.com\/es\/wp-json\/wp\/v2\/pages\/8138"}],"wp:featuredmedia":[{"embeddable":true,"href":"https:\/\/fcaresystems.com\/es\/wp-json\/wp\/v2\/media\/4972"}],"wp:attachment":[{"href":"https:\/\/fcaresystems.com\/es\/wp-json\/wp\/v2\/media?parent=8204"}],"curies":[{"name":"wp","href":"https:\/\/api.w.org\/{rel}","templated":true}]}}