{"id":8196,"date":"2022-11-18T13:08:15","date_gmt":"2022-11-18T12:08:15","guid":{"rendered":"https:\/\/fcaresystems.com\/productos\/consumibles\/rf-needles\/"},"modified":"2024-06-20T10:04:43","modified_gmt":"2024-06-20T08:04:43","slug":"agujas-de-radiofrecuencia","status":"publish","type":"page","link":"https:\/\/fcaresystems.com\/es\/productos\/consumibles\/agujas-de-radiofrecuencia\/","title":{"rendered":"Portaagujas y agujas de radiofrecuencia"},"content":{"rendered":"\n<div class=\"wp-block-fcs-core-container o-container\">\n<div class=\"wp-block-fcs-core-spacer u-padding-md-lg u-padding-md\"><\/div>\n\n\n\n<div class=\"wp-block-group c-breadcrumb\"><div class=\"wp-block-group__inner-container is-layout-flow wp-block-group-is-layout-flow\"><span><span><a href=\"https:\/\/fcaresystems.com\/es\/\">Home<\/a><\/span><\/span>\n<\/div><\/div>\n\n\n\n<div class=\"wp-block-fcs-core-spacer u-padding-md-lg u-padding-md\"><\/div>\n\n\n\n<div class=\"wp-block-columns is-style-largegap is-layout-flex wp-container-core-columns-is-layout-9d6595d7 wp-block-columns-is-layout-flex\">\n<div class=\"wp-block-column is-layout-flow wp-block-column-is-layout-flow\"><div class=\"c-slider-gallery\"><div class=\"c-slider-wrapper\"><div class=\"c-slider c-slider-slick c-slider-slick-for o-block\" ref=\"slickSlide\"><a data-fancybox=\"gallery\" data-caption=\"Needle holder skin therapy\" href=\"https:\/\/fcaresystems.com\/wp-content\/uploads\/2022\/11\/needle-holder-skin-therapy.jpg\"><img decoding=\"async\" src=\"https:\/\/fcaresystems.com\/wp-content\/uploads\/2022\/11\/needle-holder-skin-therapy.jpg\" title=\"Needle holder skin therapy\"  \/><\/a><a data-fancybox=\"gallery\" data-caption=\"Needle holder skin treatment\" href=\"https:\/\/fcaresystems.com\/wp-content\/uploads\/2022\/11\/needle-holder-skin-treatment.jpg\"><img decoding=\"async\" src=\"https:\/\/fcaresystems.com\/wp-content\/uploads\/2022\/11\/needle-holder-skin-treatment.jpg\" title=\"Needle holder skin treatment\"  \/><\/a><a data-fancybox=\"gallery\" data-caption=\"Needle holder skin treatment + cable EVRF MedRF4000\" href=\"https:\/\/fcaresystems.com\/wp-content\/uploads\/2022\/11\/needle-holder-skin-treatment-cable-EVRF-MedRF4000.jpg\"><img decoding=\"async\" src=\"https:\/\/fcaresystems.com\/wp-content\/uploads\/2022\/11\/needle-holder-skin-treatment-cable-EVRF-MedRF4000.jpg\" title=\"Needle holder skin treatment + cable EVRF MedRF4000\"  \/><\/a><a data-fancybox=\"gallery\" data-caption=\"Needle holder skin treatment + cable Viridex RF\" href=\"https:\/\/fcaresystems.com\/wp-content\/uploads\/2022\/11\/needle-holder-skin-treatment-cable-Viridex-RF.jpg\"><img decoding=\"async\" src=\"https:\/\/fcaresystems.com\/wp-content\/uploads\/2022\/11\/needle-holder-skin-treatment-cable-Viridex-RF.jpg\" title=\"Needle holder skin treatment + cable Viridex RF\"  \/><\/a><a data-fancybox=\"gallery\" data-caption=\"needle skin therapy inox\" href=\"https:\/\/fcaresystems.com\/wp-content\/uploads\/2022\/11\/needle-skin-therapy-inox.jpg\"><img decoding=\"async\" src=\"https:\/\/fcaresystems.com\/wp-content\/uploads\/2022\/11\/needle-skin-therapy-inox.jpg\" title=\"needle skin therapy inox\"  \/><\/a><a data-fancybox=\"gallery\" data-caption=\"needles skin therapy gold\" href=\"https:\/\/fcaresystems.com\/wp-content\/uploads\/2022\/11\/needles-skin-therapy-K3i.jpg\"><img decoding=\"async\" src=\"https:\/\/fcaresystems.com\/wp-content\/uploads\/2022\/11\/needles-skin-therapy-K3i.jpg\" title=\"needles skin therapy gold\"  \/><\/a><a data-fancybox=\"gallery\" data-caption=\"needles skin therapy gold\" href=\"https:\/\/fcaresystems.com\/wp-content\/uploads\/2022\/11\/needle-skin-therapy-gold.jpg\"><img decoding=\"async\" src=\"https:\/\/fcaresystems.com\/wp-content\/uploads\/2022\/11\/needle-skin-therapy-gold.jpg\" title=\"needles skin therapy gold\"  \/><\/a><a data-fancybox=\"gallery\" data-caption=\"needles skin therapy gold\" href=\"https:\/\/fcaresystems.com\/wp-content\/uploads\/2022\/11\/needles-skin-therapy-K3G.jpg\"><img decoding=\"async\" src=\"https:\/\/fcaresystems.com\/wp-content\/uploads\/2022\/11\/needles-skin-therapy-K3G.jpg\" title=\"needles skin therapy gold\"  \/><\/a><\/div><\/div><div class=\"c-slider-nav-container\"><div class=\"c-slider c-slider-slick c-slider-slick-nav u-margin-top-sm\" ref=\"slickNav\"><div><img decoding=\"async\" class=\"\" src=\"https:\/\/fcaresystems.com\/wp-content\/uploads\/2022\/11\/needle-holder-skin-therapy.jpg\" srcset=\"\" alt=\"\" \/><\/div><div><img decoding=\"async\" class=\"\" src=\"https:\/\/fcaresystems.com\/wp-content\/uploads\/2022\/11\/needle-holder-skin-treatment.jpg\" srcset=\"\" alt=\"\" \/><\/div><div><img decoding=\"async\" class=\"\" src=\"https:\/\/fcaresystems.com\/wp-content\/uploads\/2022\/11\/needle-holder-skin-treatment-cable-EVRF-MedRF4000.jpg\" srcset=\"\" alt=\"\" \/><\/div><div><img decoding=\"async\" class=\"\" src=\"https:\/\/fcaresystems.com\/wp-content\/uploads\/2022\/11\/needle-holder-skin-treatment-cable-Viridex-RF.jpg\" srcset=\"\" alt=\"\" \/><\/div><div><img decoding=\"async\" class=\"\" src=\"https:\/\/fcaresystems.com\/wp-content\/uploads\/2022\/11\/needle-skin-therapy-inox.jpg\" srcset=\"\" alt=\"\" \/><\/div><div><img decoding=\"async\" class=\"\" src=\"https:\/\/fcaresystems.com\/wp-content\/uploads\/2022\/11\/needles-skin-therapy-K3i.jpg\" srcset=\"\" alt=\"\" \/><\/div><div><img decoding=\"async\" class=\"\" src=\"https:\/\/fcaresystems.com\/wp-content\/uploads\/2022\/11\/needle-skin-therapy-gold.jpg\" srcset=\"\" alt=\"\" \/><\/div><div><img decoding=\"async\" class=\"\" src=\"https:\/\/fcaresystems.com\/wp-content\/uploads\/2022\/11\/needles-skin-therapy-K3G.jpg\" srcset=\"\" alt=\"\" \/><\/div><\/div><\/div><\/div>\n\n\n<div class=\"wp-block-fcs-core-spacer u-padding-md-lg u-padding-md\"><\/div>\n\n\n\n<div class=\"wp-block-fcs-core-icon-buttons c-buttons--icon\">\n<a href=\"#popmake-10444\" class=\"wp-block-fcs-core-icon-button c-button c-button--icon-inline is-style-small\"><img decoding=\"async\" src=\"https:\/\/fcaresystems.com\/wp-content\/uploads\/2022\/11\/icon-download.svg\"\/>Gu\u00eda r\u00e1pida del usuario<\/a>\n<\/div>\n\n\n\n<div class=\"wp-block-fcs-core-spacer u-padding-md-lg u-padding-md\"><\/div>\n<\/div>\n\n\n\n<div class=\"wp-block-column is-layout-flow wp-block-column-is-layout-flow\">\n<h1 class=\"wp-block-heading has-secondary-color has-text-color\">Portaagujas y agujas de radiofrecuencia<\/h1>\n\n\n\n<p>La energ\u00eda de radiofrecuencia se ha convertido en algo indispensable en el campo de la <a href=\"https:\/\/fcaresystems.com\/es\/tratamientos-minimamente-invasivos\/dermatologia-estetica\/\"><mark style=\"background-color:rgba(0, 0, 0, 0)\" class=\"has-inline-color has-primary-color\">dermatolog\u00eda est\u00e9tica<\/mark><\/a>, con aplicaciones que van desde las telangiectasias hasta los angiomas de cereza y los papilomas cut\u00e1neos. Cuando se trata de procedimientos tan delicados, se necesitan herramientas \u00abpeque\u00f1as\u00bb: agujas de RF ultraprecisas y un c\u00f3modo portaagujas tipo l\u00e1piz.<\/p>\n\n\n\n<p>Las puntas de nuestras agujas desechables son lo suficientemente redondeadas como para evitar que penetren m\u00e1s de lo previsto. Las versiones aisladas cuentan con un recubrimiento de grado m\u00e9dico de menos de una micra de grosor, que evita la propagaci\u00f3n no controlada del calor para reducir el riesgo de formaci\u00f3n de costras y de hiperpigmentaci\u00f3n. Las variedades de oro est\u00e1n recubiertas con oro de 24&nbsp;quilates hipoalerg\u00e9nico sin n\u00edquel para tratar a pacientes con alergias al n\u00edquel.<\/p>\n\n\n\n<div class=\"wp-block-fcs-core-spacer u-padding-xxs-lg u-padding-xs\"><\/div>\n\n\n\n<p>La inserci\u00f3n de una aguja en el portaagujas reutilizable es tan sencilla como contar hasta tres:<\/p>\n\n\n\n<ol class=\"wp-block-list\">\n<li>Se mantiene pulsado el bot\u00f3n del expulsor.<\/li>\n\n\n\n<li>Se introduce la aguja en el mandril y se suelta el bot\u00f3n.<\/li>\n\n\n\n<li>Se sujeta el portaagujas en posici\u00f3n vertical, se pulsa el bot\u00f3n de nuevo y la aguja caer\u00e1 en la posici\u00f3n correcta.<\/li>\n<\/ol>\n\n\n\n<div class=\"wp-block-fcs-core-spacer u-padding-md-lg u-padding-xs\"><\/div>\n\n\n\n<h3 class=\"wp-block-heading has-secondary-color has-text-color\"><strong>Especificaciones t\u00e9cnicas<\/strong> | Portaagujas<\/h3>\n\n\n\n<p>Longitud del portaagujas: 110&nbsp;mm<br>Longitud del cable: 2,5&nbsp;m<\/p>\n\n\n\n<div class=\"wp-block-fcs-core-spacer u-padding-xxs-lg u-padding-xs\"><\/div>\n\n\n\n<p><strong>REF<\/strong> <strong>Productos:<\/strong><br>02ALGBALLETNAALDH (portaagujas)<br>06EVRFLKANLDH (replacement connector cable for Viridex\u00ae RF)<br>06OUTPUTKAB (replacement connector cable for EVRF\u00ae and MedRF4000\u00ae)<\/p>\n\n\n\n<p class=\"has-small-font-size\">El portaagujas se incluye en el suministro de los generadores Viridex\u00aeRF, EVRF\u00ae y MedRF4000\u00ae.<\/p>\n\n\n\n<div class=\"wp-block-fcs-core-spacer u-padding-xs-lg u-padding-xs\"><\/div>\n\n\n\n<h3 class=\"wp-block-heading has-secondary-color has-text-color\"><strong>Especificaciones t\u00e9cnicas<\/strong> | Agujas<\/h3>\n\n\n\n<p>Di\u00e1metros de aguja: 0,075&nbsp;mm (K3i) \/ 0,15&nbsp;mm (K6i)<br>Di\u00e1metro del cuerpo de la aguja: 1,25&nbsp;mm<\/p>\n\n\n\n<div class=\"wp-block-fcs-core-spacer u-padding-xxs-lg u-padding-xs\"><\/div>\n\n\n\n<p><strong>REF<\/strong> <strong>Productos:<\/strong><br>05BALLETK3iN (50 agujas aisladas K3i)<br>05BALLETK3G (50 agujas chapadas en oro K3)<br>05BALLETK6iN (50 agujas aisladas K6i)<br>05BALLETK6G (50 agujas chapadas en oro K6)<\/p>\n<\/div>\n<\/div>\n\n\n\n<div class=\"wp-block-fcs-core-spacer u-padding-xl-lg u-padding-md\"><\/div>\n<\/div>\n\n\n\n<div class=\"wp-block-group has-secondary-background-color has-background\"><div class=\"wp-block-group__inner-container is-layout-constrained wp-block-group-is-layout-constrained\">\n<div class=\"wp-block-fcs-core-spacer u-padding-md-lg u-padding-md\"><\/div>\n\n\n\n<div class=\"wp-block-fcs-core-container o-container\">\n<figure class=\"wp-block-image size-full is-resized\"><img decoding=\"async\" src=\"https:\/\/fcaresystems.com\/wp-content\/uploads\/2022\/11\/icon-doctor-white.svg\" alt=\"\" class=\"wp-image-392\" style=\"width:46px;height:48px\"\/><\/figure>\n\n\n\n<div class=\"wp-block-fcs-core-spacer u-padding-xxs-lg u-padding-sm\"><\/div>\n\n\n\n<div class=\"wp-block-columns is-layout-flex wp-container-core-columns-is-layout-9d6595d7 wp-block-columns-is-layout-flex\">\n<div class=\"wp-block-column is-layout-flow wp-block-column-is-layout-flow\" style=\"flex-basis:56%\">\n<h2 class=\"wp-block-heading u-margin-none has-white-color has-text-color\">Necesito esto para mi consulta<\/h2>\n\n\n\n<div class=\"wp-block-fcs-core-spacer u-padding-xxs-lg u-padding-xs\"><\/div>\n<\/div>\n\n\n\n<div class=\"wp-block-column is-vertically-aligned-bottom is-layout-flow wp-block-column-is-layout-flow\">\n<div class=\"wp-block-buttons is-content-justification-left is-layout-flex wp-container-core-buttons-is-layout-fdcfc74e wp-block-buttons-is-layout-flex\">\n<div class=\"wp-block-button alignright\"><a class=\"wp-block-button__link has-primary-background-color has-background wp-element-button\" href=\"https:\/\/fcaresystems.com\/es\/productos\/pedir-producto\/\">Pedir este producto<\/a><\/div>\n\n\n\n<div class=\"wp-block-button alignright is-style-outline is-style-outline--1\"><a class=\"wp-block-button__link has-white-color has-text-color wp-element-button\" href=\"https:\/\/fcaresystems.com\/es\/productos\/\">Ver todos los productos<\/a><\/div>\n<\/div>\n<\/div>\n<\/div>\n<\/div>\n\n\n\n<div class=\"wp-block-fcs-core-spacer u-padding-md-lg u-padding-md\"><\/div>\n<\/div><\/div>\n\n\n\n<div class=\"wp-block-fcs-core-spacer u-padding-xl-lg u-padding-md\"><\/div>\n\n\n\n<div class=\"wp-block-fcs-core-container o-container\">\n<h2 class=\"wp-block-heading is-style-underline has-secondary-color has-text-color\">Tratamiento relacionado<\/h2>\n\n\n\n<div class=\"wp-block-fcs-core-spacer u-padding-xs-lg u-padding-sm\"><\/div>\n\n\n\n<div class=\"wp-block-columns is-layout-flex wp-container-core-columns-is-layout-9d6595d7 wp-block-columns-is-layout-flex\">\n<div class=\"wp-block-column is-layout-flow wp-block-column-is-layout-flow\">\n<h3 class=\"wp-block-heading has-secondary-color has-text-color\"><a href=\"https:\/\/fcaresystems.com\/es\/tratamientos-minimamente-invasivos\/dermatologia-estetica\/terapia-cutanea-por-radiofrecuencia\/\">Terapia cut\u00e1nea por radiofrecuencia<\/a><\/h3>\n\n\n\n<p><strong><a href=\"https:\/\/fcaresystems.com\/es\/tratamientos-minimamente-invasivos\/dermatologia-estetica\/terapia-cutanea-por-radiofrecuencia\/\"><mark style=\"background-color:rgba(0, 0, 0, 0)\" class=\"has-inline-color has-primary-color\">Haga clic aqu\u00ed<\/mark> <\/a><\/strong>para obtener m\u00e1s informaci\u00f3n sobre los numerosos usos de la energ\u00eda de radiofrecuencia en la dermatolog\u00eda est\u00e9tica.<\/p>\n\n\n\n<div class=\"wp-block-fcs-core-spacer u-padding-xs-lg u-padding-xs\"><\/div>\n\n\n\n<p>Nuestras agujas y portaagujas son compatibles con los generadores <mark style=\"background-color:rgba(0, 0, 0, 0)\" class=\"has-inline-color has-primary-color\"><a href=\"https:\/\/fcaresystems.com\/es\/productos\/generadores\/generador-viridex-rf\/\">Viridex\u00ae RF<\/a><\/mark>, <a href=\"https:\/\/fcaresystems.com\/es\/productos\/generadores\/evrf-generador-de-radiofrecuencia\/\"><mark style=\"background-color:rgba(0, 0, 0, 0)\" class=\"has-inline-color has-primary-color\">&nbsp;<\/mark><\/a><mark style=\"background-color:rgba(0, 0, 0, 0)\" class=\"has-inline-color has-primary-color\"><a href=\"https:\/\/fcaresystems.com\/es\/productos\/generadores\/generador-de-radiofrecuencia-evrf\/\">EVRF\u00ae<\/a><\/mark> y el vers\u00e1til <mark style=\"background-color:rgba(0, 0, 0, 0)\" class=\"has-inline-color has-primary-color\"><a href=\"https:\/\/fcaresystems.com\/es\/productos\/generadores\/generador-de-radiofrecuencia-medrf4000\/\">MedRF4000\u00ae<\/a><\/mark>.<\/p>\n<\/div>\n\n\n\n<div class=\"wp-block-column is-layout-flow wp-block-column-is-layout-flow\">\n<figure class=\"wp-block-image size-large\"><a href=\"https:\/\/youtu.be\/5I7geP1c8TI\" target=\"_blank\" rel=\"noreferrer noopener\"><img loading=\"lazy\" decoding=\"async\" width=\"1024\" height=\"576\" src=\"https:\/\/fcaresystems.com\/wp-content\/uploads\/2023\/01\/Thumbn-Veineo-skin-disorders-1-1024x576.jpg\" alt=\"\" class=\"wp-image-6675\" srcset=\"https:\/\/fcaresystems.com\/wp-content\/uploads\/2023\/01\/Thumbn-Veineo-skin-disorders-1-1024x576.jpg 1024w, https:\/\/fcaresystems.com\/wp-content\/uploads\/2023\/01\/Thumbn-Veineo-skin-disorders-1-300x169.jpg 300w, https:\/\/fcaresystems.com\/wp-content\/uploads\/2023\/01\/Thumbn-Veineo-skin-disorders-1-768x432.jpg 768w, https:\/\/fcaresystems.com\/wp-content\/uploads\/2023\/01\/Thumbn-Veineo-skin-disorders-1.jpg 1280w\" sizes=\"auto, (max-width: 1024px) 100vw, 1024px\" \/><\/a><\/figure>\n<\/div>\n<\/div>\n<\/div>\n\n\n\n<div class=\"wp-block-fcs-core-spacer u-padding-xxxl-lg u-padding-md\"><\/div>\n","protected":false},"excerpt":{"rendered":"<p>Agujas ultrafinas para realizar procedimientos dermatol\u00f3gicos delicados.<\/p>\n","protected":false},"author":1,"featured_media":5148,"parent":8138,"menu_order":0,"comment_status":"closed","ping_status":"closed","template":"","meta":{"_color_hex":"","_color_slug":"","footnotes":""},"class_list":["post-8196","page","type-page","status-publish","has-post-thumbnail","hentry"],"yoast_head":"<!-- This site is optimized with the Yoast SEO plugin v27.0 - https:\/\/yoast.com\/product\/yoast-seo-wordpress\/ -->\n<title>Portaagujas y agujas de radiofrecuencia | F Care Systems<\/title>\n<meta name=\"description\" content=\"Informaci\u00f3n sobre las agujas y el portaagujas tipo stylus utilizados en dermatolog\u00eda est\u00e9tica con el Viridex\u00aeRF.\" \/>\n<meta name=\"robots\" content=\"index, follow, max-snippet:-1, max-image-preview:large, max-video-preview:-1\" \/>\n<link rel=\"canonical\" href=\"https:\/\/fcaresystems.com\/es\/productos\/consumibles\/agujas-de-radiofrecuencia\/\" \/>\n<meta property=\"og:locale\" content=\"es_ES\" \/>\n<meta property=\"og:type\" content=\"article\" \/>\n<meta property=\"og:title\" content=\"Portaagujas y agujas de radiofrecuencia | F Care Systems\" \/>\n<meta property=\"og:description\" content=\"Informaci\u00f3n sobre las agujas y el portaagujas tipo stylus utilizados en dermatolog\u00eda est\u00e9tica con el Viridex\u00aeRF.\" \/>\n<meta property=\"og:url\" content=\"https:\/\/fcaresystems.com\/es\/productos\/consumibles\/agujas-de-radiofrecuencia\/\" \/>\n<meta property=\"og:site_name\" content=\"F Care Systems\" \/>\n<meta property=\"article:modified_time\" content=\"2024-06-20T08:04:43+00:00\" \/>\n<meta property=\"og:image\" content=\"https:\/\/fcaresystems.com\/wp-content\/uploads\/2022\/11\/needle-holder-skin-therapy.jpg\" \/>\n\t<meta property=\"og:image:width\" content=\"1080\" \/>\n\t<meta property=\"og:image:height\" content=\"810\" \/>\n\t<meta property=\"og:image:type\" content=\"image\/jpeg\" \/>\n<meta name=\"twitter:card\" content=\"summary_large_image\" \/>\n<meta name=\"twitter:label1\" content=\"Tiempo de lectura\" \/>\n\t<meta name=\"twitter:data1\" content=\"3 minutos\" \/>\n<script type=\"application\/ld+json\" class=\"yoast-schema-graph\">{\"@context\":\"https:\/\/schema.org\",\"@graph\":[{\"@type\":\"WebPage\",\"@id\":\"https:\/\/fcaresystems.com\/es\/productos\/consumibles\/agujas-de-radiofrecuencia\/\",\"url\":\"https:\/\/fcaresystems.com\/es\/productos\/consumibles\/agujas-de-radiofrecuencia\/\",\"name\":\"Portaagujas y agujas de radiofrecuencia | F Care Systems\",\"isPartOf\":{\"@id\":\"https:\/\/fcaresystems.com\/es\/#website\"},\"primaryImageOfPage\":{\"@id\":\"https:\/\/fcaresystems.com\/es\/productos\/consumibles\/agujas-de-radiofrecuencia\/#primaryimage\"},\"image\":{\"@id\":\"https:\/\/fcaresystems.com\/es\/productos\/consumibles\/agujas-de-radiofrecuencia\/#primaryimage\"},\"thumbnailUrl\":\"https:\/\/fcaresystems.com\/wp-content\/uploads\/2022\/11\/needle-holder-skin-therapy.jpg\",\"datePublished\":\"2022-11-18T12:08:15+00:00\",\"dateModified\":\"2024-06-20T08:04:43+00:00\",\"description\":\"Informaci\u00f3n sobre las agujas y el portaagujas tipo stylus utilizados en dermatolog\u00eda est\u00e9tica con el Viridex\u00aeRF.\",\"breadcrumb\":{\"@id\":\"https:\/\/fcaresystems.com\/es\/productos\/consumibles\/agujas-de-radiofrecuencia\/#breadcrumb\"},\"inLanguage\":\"es\",\"potentialAction\":[{\"@type\":\"ReadAction\",\"target\":[\"https:\/\/fcaresystems.com\/es\/productos\/consumibles\/agujas-de-radiofrecuencia\/\"]}]},{\"@type\":\"ImageObject\",\"inLanguage\":\"es\",\"@id\":\"https:\/\/fcaresystems.com\/es\/productos\/consumibles\/agujas-de-radiofrecuencia\/#primaryimage\",\"url\":\"https:\/\/fcaresystems.com\/wp-content\/uploads\/2022\/11\/needle-holder-skin-therapy.jpg\",\"contentUrl\":\"https:\/\/fcaresystems.com\/wp-content\/uploads\/2022\/11\/needle-holder-skin-therapy.jpg\",\"width\":1080,\"height\":810,\"caption\":\"Needle holder skin therapy\"},{\"@type\":\"BreadcrumbList\",\"@id\":\"https:\/\/fcaresystems.com\/es\/productos\/consumibles\/agujas-de-radiofrecuencia\/#breadcrumb\",\"itemListElement\":[{\"@type\":\"ListItem\",\"position\":1,\"name\":\"Home\",\"item\":\"https:\/\/fcaresystems.com\/es\/\"},{\"@type\":\"ListItem\",\"position\":2,\"name\":\"Productos\",\"item\":\"https:\/\/fcaresystems.com\/es\/productos\/\"},{\"@type\":\"ListItem\",\"position\":3,\"name\":\"Consumibles\",\"item\":\"https:\/\/fcaresystems.com\/es\/productos\/consumibles\/\"},{\"@type\":\"ListItem\",\"position\":4,\"name\":\"Portaagujas y agujas de radiofrecuencia\"}]},{\"@type\":\"WebSite\",\"@id\":\"https:\/\/fcaresystems.com\/es\/#website\",\"url\":\"https:\/\/fcaresystems.com\/es\/\",\"name\":\"F Care Systems\",\"description\":\"\",\"publisher\":{\"@id\":\"https:\/\/fcaresystems.com\/es\/#organization\"},\"potentialAction\":[{\"@type\":\"SearchAction\",\"target\":{\"@type\":\"EntryPoint\",\"urlTemplate\":\"https:\/\/fcaresystems.com\/es\/?s={search_term_string}\"},\"query-input\":{\"@type\":\"PropertyValueSpecification\",\"valueRequired\":true,\"valueName\":\"search_term_string\"}}],\"inLanguage\":\"es\"},{\"@type\":\"Organization\",\"@id\":\"https:\/\/fcaresystems.com\/es\/#organization\",\"name\":\"F Care Systems\",\"url\":\"https:\/\/fcaresystems.com\/es\/\",\"logo\":{\"@type\":\"ImageObject\",\"inLanguage\":\"es\",\"@id\":\"https:\/\/fcaresystems.com\/es\/#\/schema\/logo\/image\/\",\"url\":\"https:\/\/fcaresystems.com\/wp-content\/uploads\/2022\/11\/logo-2.svg\",\"contentUrl\":\"https:\/\/fcaresystems.com\/wp-content\/uploads\/2022\/11\/logo-2.svg\",\"caption\":\"F Care Systems\"},\"image\":{\"@id\":\"https:\/\/fcaresystems.com\/es\/#\/schema\/logo\/image\/\"}}]}<\/script>\n<!-- \/ Yoast SEO plugin. -->","yoast_head_json":{"title":"Portaagujas y agujas de radiofrecuencia | F Care Systems","description":"Informaci\u00f3n sobre las agujas y el portaagujas tipo stylus utilizados en dermatolog\u00eda est\u00e9tica con el Viridex\u00aeRF.","robots":{"index":"index","follow":"follow","max-snippet":"max-snippet:-1","max-image-preview":"max-image-preview:large","max-video-preview":"max-video-preview:-1"},"canonical":"https:\/\/fcaresystems.com\/es\/productos\/consumibles\/agujas-de-radiofrecuencia\/","og_locale":"es_ES","og_type":"article","og_title":"Portaagujas y agujas de radiofrecuencia | F Care Systems","og_description":"Informaci\u00f3n sobre las agujas y el portaagujas tipo stylus utilizados en dermatolog\u00eda est\u00e9tica con el Viridex\u00aeRF.","og_url":"https:\/\/fcaresystems.com\/es\/productos\/consumibles\/agujas-de-radiofrecuencia\/","og_site_name":"F Care Systems","article_modified_time":"2024-06-20T08:04:43+00:00","og_image":[{"width":1080,"height":810,"url":"https:\/\/fcaresystems.com\/wp-content\/uploads\/2022\/11\/needle-holder-skin-therapy.jpg","type":"image\/jpeg"}],"twitter_card":"summary_large_image","twitter_misc":{"Tiempo de lectura":"3 minutos"},"schema":{"@context":"https:\/\/schema.org","@graph":[{"@type":"WebPage","@id":"https:\/\/fcaresystems.com\/es\/productos\/consumibles\/agujas-de-radiofrecuencia\/","url":"https:\/\/fcaresystems.com\/es\/productos\/consumibles\/agujas-de-radiofrecuencia\/","name":"Portaagujas y agujas de radiofrecuencia | F Care Systems","isPartOf":{"@id":"https:\/\/fcaresystems.com\/es\/#website"},"primaryImageOfPage":{"@id":"https:\/\/fcaresystems.com\/es\/productos\/consumibles\/agujas-de-radiofrecuencia\/#primaryimage"},"image":{"@id":"https:\/\/fcaresystems.com\/es\/productos\/consumibles\/agujas-de-radiofrecuencia\/#primaryimage"},"thumbnailUrl":"https:\/\/fcaresystems.com\/wp-content\/uploads\/2022\/11\/needle-holder-skin-therapy.jpg","datePublished":"2022-11-18T12:08:15+00:00","dateModified":"2024-06-20T08:04:43+00:00","description":"Informaci\u00f3n sobre las agujas y el portaagujas tipo stylus utilizados en dermatolog\u00eda est\u00e9tica con el Viridex\u00aeRF.","breadcrumb":{"@id":"https:\/\/fcaresystems.com\/es\/productos\/consumibles\/agujas-de-radiofrecuencia\/#breadcrumb"},"inLanguage":"es","potentialAction":[{"@type":"ReadAction","target":["https:\/\/fcaresystems.com\/es\/productos\/consumibles\/agujas-de-radiofrecuencia\/"]}]},{"@type":"ImageObject","inLanguage":"es","@id":"https:\/\/fcaresystems.com\/es\/productos\/consumibles\/agujas-de-radiofrecuencia\/#primaryimage","url":"https:\/\/fcaresystems.com\/wp-content\/uploads\/2022\/11\/needle-holder-skin-therapy.jpg","contentUrl":"https:\/\/fcaresystems.com\/wp-content\/uploads\/2022\/11\/needle-holder-skin-therapy.jpg","width":1080,"height":810,"caption":"Needle holder skin therapy"},{"@type":"BreadcrumbList","@id":"https:\/\/fcaresystems.com\/es\/productos\/consumibles\/agujas-de-radiofrecuencia\/#breadcrumb","itemListElement":[{"@type":"ListItem","position":1,"name":"Home","item":"https:\/\/fcaresystems.com\/es\/"},{"@type":"ListItem","position":2,"name":"Productos","item":"https:\/\/fcaresystems.com\/es\/productos\/"},{"@type":"ListItem","position":3,"name":"Consumibles","item":"https:\/\/fcaresystems.com\/es\/productos\/consumibles\/"},{"@type":"ListItem","position":4,"name":"Portaagujas y agujas de radiofrecuencia"}]},{"@type":"WebSite","@id":"https:\/\/fcaresystems.com\/es\/#website","url":"https:\/\/fcaresystems.com\/es\/","name":"F Care Systems","description":"","publisher":{"@id":"https:\/\/fcaresystems.com\/es\/#organization"},"potentialAction":[{"@type":"SearchAction","target":{"@type":"EntryPoint","urlTemplate":"https:\/\/fcaresystems.com\/es\/?s={search_term_string}"},"query-input":{"@type":"PropertyValueSpecification","valueRequired":true,"valueName":"search_term_string"}}],"inLanguage":"es"},{"@type":"Organization","@id":"https:\/\/fcaresystems.com\/es\/#organization","name":"F Care Systems","url":"https:\/\/fcaresystems.com\/es\/","logo":{"@type":"ImageObject","inLanguage":"es","@id":"https:\/\/fcaresystems.com\/es\/#\/schema\/logo\/image\/","url":"https:\/\/fcaresystems.com\/wp-content\/uploads\/2022\/11\/logo-2.svg","contentUrl":"https:\/\/fcaresystems.com\/wp-content\/uploads\/2022\/11\/logo-2.svg","caption":"F Care Systems"},"image":{"@id":"https:\/\/fcaresystems.com\/es\/#\/schema\/logo\/image\/"}}]}},"_links":{"self":[{"href":"https:\/\/fcaresystems.com\/es\/wp-json\/wp\/v2\/pages\/8196","targetHints":{"allow":["GET"]}}],"collection":[{"href":"https:\/\/fcaresystems.com\/es\/wp-json\/wp\/v2\/pages"}],"about":[{"href":"https:\/\/fcaresystems.com\/es\/wp-json\/wp\/v2\/types\/page"}],"author":[{"embeddable":true,"href":"https:\/\/fcaresystems.com\/es\/wp-json\/wp\/v2\/users\/1"}],"replies":[{"embeddable":true,"href":"https:\/\/fcaresystems.com\/es\/wp-json\/wp\/v2\/comments?post=8196"}],"version-history":[{"count":11,"href":"https:\/\/fcaresystems.com\/es\/wp-json\/wp\/v2\/pages\/8196\/revisions"}],"predecessor-version":[{"id":13560,"href":"https:\/\/fcaresystems.com\/es\/wp-json\/wp\/v2\/pages\/8196\/revisions\/13560"}],"up":[{"embeddable":true,"href":"https:\/\/fcaresystems.com\/es\/wp-json\/wp\/v2\/pages\/8138"}],"wp:featuredmedia":[{"embeddable":true,"href":"https:\/\/fcaresystems.com\/es\/wp-json\/wp\/v2\/media\/5148"}],"wp:attachment":[{"href":"https:\/\/fcaresystems.com\/es\/wp-json\/wp\/v2\/media?parent=8196"}],"curies":[{"name":"wp","href":"https:\/\/api.w.org\/{rel}","templated":true}]}}