{"id":8165,"date":"2022-11-18T12:34:20","date_gmt":"2022-11-18T11:34:20","guid":{"rendered":"https:\/\/fcaresystems.com\/productos\/consumibles\/fistura-rf-catheters\/"},"modified":"2023-07-07T09:01:32","modified_gmt":"2023-07-07T07:01:32","slug":"cateteres-de-radiofrecuencia-fistura","status":"publish","type":"page","link":"https:\/\/fcaresystems.com\/es\/productos\/consumibles\/cateteres-de-radiofrecuencia-fistura\/","title":{"rendered":"Cat\u00e9teres de radiofrecuencia Fistura"},"content":{"rendered":"\n<div class=\"wp-block-fcs-core-container o-container\">\n<div class=\"wp-block-fcs-core-spacer u-padding-md-lg u-padding-md\"><\/div>\n\n\n\n<div class=\"wp-block-group c-breadcrumb\"><div class=\"wp-block-group__inner-container is-layout-flow wp-block-group-is-layout-flow\"><span><span><a href=\"https:\/\/fcaresystems.com\/es\/\">Home<\/a><\/span><\/span>\n<\/div><\/div>\n\n\n\n<div class=\"wp-block-fcs-core-spacer u-padding-md-lg u-padding-md\"><\/div>\n\n\n\n<div class=\"wp-block-columns is-style-largegap is-layout-flex wp-container-core-columns-is-layout-9d6595d7 wp-block-columns-is-layout-flex\">\n<div class=\"wp-block-column is-layout-flow wp-block-column-is-layout-flow\"><div class=\"c-slider-gallery\"><div class=\"c-slider-wrapper\"><div class=\"c-slider c-slider-slick c-slider-slick-for o-block\" ref=\"slickSlide\"><a data-fancybox=\"gallery\" data-caption=\"Fistula catheter 6F\" href=\"https:\/\/fcaresystems.com\/wp-content\/uploads\/2022\/11\/fistula-catheter-6F.jpg\"><img decoding=\"async\" src=\"https:\/\/fcaresystems.com\/wp-content\/uploads\/2022\/11\/fistula-catheter-6F.jpg\" title=\"Fistula catheter 6F\"  \/><\/a><a data-fancybox=\"gallery\" data-caption=\"Rf catheter tip\" href=\"https:\/\/fcaresystems.com\/wp-content\/uploads\/2022\/11\/rf-catheter-tip.jpg\"><img decoding=\"async\" src=\"https:\/\/fcaresystems.com\/wp-content\/uploads\/2022\/11\/rf-catheter-tip.jpg\" title=\"Rf catheter tip\"  \/><\/a><a data-fancybox=\"gallery\" data-caption=\"RF catheters ablation fistulas\" href=\"https:\/\/fcaresystems.com\/wp-content\/uploads\/2022\/11\/rf-catheters-ablation-fistulas.jpg\"><img decoding=\"async\" src=\"https:\/\/fcaresystems.com\/wp-content\/uploads\/2022\/11\/rf-catheters-ablation-fistulas.jpg\" title=\"RF catheters ablation fistulas\"  \/><\/a><a data-fancybox=\"gallery\" data-caption=\"Fistula catheter 7F\" href=\"https:\/\/fcaresystems.com\/wp-content\/uploads\/2022\/11\/fistula-catheter-7F.jpg\"><img decoding=\"async\" src=\"https:\/\/fcaresystems.com\/wp-content\/uploads\/2022\/11\/fistula-catheter-7F.jpg\" title=\"Fistula catheter 7F\"  \/><\/a><a data-fancybox=\"gallery\" data-caption=\"Fistula catheter 8F\" href=\"https:\/\/fcaresystems.com\/wp-content\/uploads\/2022\/11\/fistula-catheter-8F.jpg\"><img decoding=\"async\" src=\"https:\/\/fcaresystems.com\/wp-content\/uploads\/2022\/11\/fistula-catheter-8F.jpg\" title=\"Fistula catheter 8F\"  \/><\/a><a data-fancybox=\"gallery\" data-caption=\"Fistula catheter 9F\" href=\"https:\/\/fcaresystems.com\/wp-content\/uploads\/2022\/11\/fistula-catheter-9F.jpg\"><img decoding=\"async\" src=\"https:\/\/fcaresystems.com\/wp-content\/uploads\/2022\/11\/fistula-catheter-9F.jpg\" title=\"Fistula catheter 9F\"  \/><\/a><a data-fancybox=\"gallery\" data-caption=\"thermal ablation catheter 9F\" href=\"https:\/\/fcaresystems.com\/wp-content\/uploads\/2022\/11\/thermal-ablation-catheter-9F-1.jpg\"><img decoding=\"async\" src=\"https:\/\/fcaresystems.com\/wp-content\/uploads\/2022\/11\/thermal-ablation-catheter-9F-1.jpg\" title=\"thermal ablation catheter 9F\"  \/><\/a><\/div><\/div><div class=\"c-slider-nav-container\"><div class=\"c-slider c-slider-slick c-slider-slick-nav u-margin-top-sm\" ref=\"slickNav\"><div><img decoding=\"async\" class=\"\" src=\"https:\/\/fcaresystems.com\/wp-content\/uploads\/2022\/11\/fistula-catheter-6F.jpg\" srcset=\"\" alt=\"\" \/><\/div><div><img decoding=\"async\" class=\"\" src=\"https:\/\/fcaresystems.com\/wp-content\/uploads\/2022\/11\/rf-catheter-tip.jpg\" srcset=\"\" alt=\"\" \/><\/div><div><img decoding=\"async\" class=\"\" src=\"https:\/\/fcaresystems.com\/wp-content\/uploads\/2022\/11\/rf-catheters-ablation-fistulas.jpg\" srcset=\"\" alt=\"\" \/><\/div><div><img decoding=\"async\" class=\"\" src=\"https:\/\/fcaresystems.com\/wp-content\/uploads\/2022\/11\/fistula-catheter-7F.jpg\" srcset=\"\" alt=\"\" \/><\/div><div><img decoding=\"async\" class=\"\" src=\"https:\/\/fcaresystems.com\/wp-content\/uploads\/2022\/11\/fistula-catheter-8F.jpg\" srcset=\"\" alt=\"\" \/><\/div><div><img decoding=\"async\" class=\"\" src=\"https:\/\/fcaresystems.com\/wp-content\/uploads\/2022\/11\/fistula-catheter-9F.jpg\" srcset=\"\" alt=\"\" \/><\/div><div><img decoding=\"async\" class=\"\" src=\"https:\/\/fcaresystems.com\/wp-content\/uploads\/2022\/11\/thermal-ablation-catheter-9F-1.jpg\" srcset=\"\" alt=\"\" \/><\/div><\/div><\/div><\/div><\/div>\n\n\n\n<div class=\"wp-block-column is-layout-flow wp-block-column-is-layout-flow\">\n<figure class=\"wp-block-image size-full\"><img decoding=\"async\" src=\"https:\/\/fcaresystems.com\/wp-content\/uploads\/2022\/11\/Fistura.svg\" alt=\"\" class=\"wp-image-1051\"\/><\/figure>\n\n\n\n<div class=\"wp-block-fcs-core-spacer u-padding-xs-lg u-padding-xs\"><\/div>\n\n\n\n<h1 class=\"wp-block-heading has-secondary-color has-text-color\" style=\"text-transform:none\">Cat\u00e9teres de radiofrecuencia Fistura\u00ae<\/h1>\n\n\n\n<p>El innovador <mark style=\"background-color:rgba(0, 0, 0, 0)\" class=\"has-inline-color has-primary-color\"><a href=\"https:\/\/fcaresystems.com\/es\/tratamientos-minimamente-invasivos\/proctologia\/arf-fistulas-anales\/\">procedimiento Fistura\u00ae<\/a><\/mark><strong> <\/strong>es un m\u00e9todo m\u00ednimamente invasivo para el tratamiento de f\u00edstulas anales mediante <mark style=\"background-color:rgba(0, 0, 0, 0)\" class=\"has-inline-color has-primary-color\"><a href=\"https:\/\/fcaresystems.com\/es\/termocoagulacion-por-radiofrecuencia\/\">ablaci\u00f3n con cat\u00e9ter de radiofrecuencia<\/a><\/mark> que preserva el esf\u00ednter. Los cat\u00e9teres Fistura\u00ae de alta flexibilidad ayudan a los usuarios a seguir f\u00e1cilmente el tracto de la f\u00edstula, sell\u00e1ndolo en toda su longitud en cuesti\u00f3n de minutos. Las marcas en el cat\u00e9ter son una pr\u00e1ctica gu\u00eda visual: solo tiene que retirar el cat\u00e9ter hasta la siguiente marca cada 12&nbsp;segundos. Adem\u00e1s, la punta del cat\u00e9ter tiene un radio de efecto t\u00e9rmico de solo 3&nbsp;mm, lo que evita da\u00f1os en el tejido circundante.<\/p>\n\n\n\n<div class=\"wp-block-fcs-core-spacer u-padding-xs-lg u-padding-xs\"><\/div>\n\n\n\n<p>Los cat\u00e9teres Fistura\u00ae est\u00e1n disponibles en cuatro tama\u00f1os, en funci\u00f3n del di\u00e1metro de la f\u00edstula anal que se desea cortar:<\/p>\n\n\n\n<figure class=\"wp-block-table\"><table><thead><tr><th><strong>Tama\u00f1o (French)<\/strong><\/th><th>6F<\/th><th>7F<\/th><th>8F<\/th><th>9F<\/th><\/tr><\/thead><tbody><tr><td><strong>Di\u00e1metro del cat\u00e9ter<\/strong><\/td><td>2 mm<\/td><td>2,33 mm<\/td><td>2,66 mm<\/td><td>3 mm<\/td><\/tr><tr><td><strong>Peso del cat\u00e9ter<\/strong><\/td><td>40 g<\/td><td> 41 g<\/td><td>42 g<\/td><td>43 g<\/td><\/tr><tr><td><strong>Referencia del producto<\/strong><\/td><td>05FIS6F<\/td><td>05FIS7F<\/td><td>05FIS8F<\/td><td>05FIS9F<\/td><\/tr><\/tbody><\/table><\/figure>\n\n\n\n<div class=\"wp-block-fcs-core-spacer u-padding-xs-lg u-padding-xs\"><\/div>\n\n\n\n<h3 class=\"wp-block-heading has-secondary-color has-text-color\"><strong>Especificaciones t\u00e9cnicas adicionales<\/strong><\/h3>\n\n\n\n<p>Longitud del cat\u00e9ter: 350&nbsp;mm<br>Marcas: cada 5&nbsp;mm<br>Material de aislamiento: PFTE<br>Longitud de la punta: 4&nbsp;mm<br>Material de la punta: acero inoxidable AISI 316L<br>Longitud del cable de extensi\u00f3n: 2,5&nbsp;m<br>Clase de producto sanitario: IIb<\/p>\n<\/div>\n<\/div>\n\n\n\n<div class=\"wp-block-fcs-core-spacer u-padding-xl-lg u-padding-md\"><\/div>\n<\/div>\n\n\n\n<div class=\"wp-block-group has-secondary-background-color has-background\"><div class=\"wp-block-group__inner-container is-layout-constrained wp-block-group-is-layout-constrained\">\n<div class=\"wp-block-fcs-core-spacer u-padding-md-lg u-padding-md\"><\/div>\n\n\n\n<div class=\"wp-block-fcs-core-container o-container\">\n<figure class=\"wp-block-image size-full is-resized\"><img loading=\"lazy\" decoding=\"async\" src=\"https:\/\/fcaresystems.com\/wp-content\/uploads\/2022\/11\/icon-doctor-white.svg\" alt=\"\" class=\"wp-image-392\" width=\"46\" height=\"48\"\/><\/figure>\n\n\n\n<div class=\"wp-block-fcs-core-spacer u-padding-xxs-lg u-padding-sm\"><\/div>\n\n\n\n<div class=\"wp-block-columns is-layout-flex wp-container-core-columns-is-layout-9d6595d7 wp-block-columns-is-layout-flex\">\n<div class=\"wp-block-column is-layout-flow wp-block-column-is-layout-flow\" style=\"flex-basis:56%\">\n<h2 class=\"wp-block-heading u-margin-none has-white-color has-text-color\">Necesito esto para mi pr\u00e1ctica<\/h2>\n\n\n\n<div class=\"wp-block-fcs-core-spacer u-padding-xxs-lg u-padding-xs\"><\/div>\n<\/div>\n\n\n\n<div class=\"wp-block-column is-vertically-aligned-bottom is-layout-flow wp-block-column-is-layout-flow\">\n<div class=\"wp-block-buttons is-layout-flex wp-block-buttons-is-layout-flex\">\n<div class=\"wp-block-button alignright\"><a class=\"wp-block-button__link has-primary-background-color has-background wp-element-button\" href=\"https:\/\/fcaresystems.com\/es\/productos\/pedir-producto\/\">Pedir este producto<\/a><\/div>\n\n\n\n<div class=\"wp-block-button alignright is-style-outline is-style-outline--1\"><a class=\"wp-block-button__link has-white-color has-text-color wp-element-button\" href=\"https:\/\/fcaresystems.com\/es\/productos\/\">Ver todos los productos<\/a><\/div>\n<\/div>\n<\/div>\n<\/div>\n<\/div>\n\n\n\n<div class=\"wp-block-fcs-core-spacer u-padding-md-lg u-padding-md\"><\/div>\n<\/div><\/div>\n\n\n\n<div class=\"wp-block-fcs-core-spacer u-padding-xl-lg u-padding-md\"><\/div>\n\n\n\n<div class=\"wp-block-fcs-core-container o-container\">\n<h2 class=\"wp-block-heading is-style-underline has-secondary-color has-text-color\">Tratamiento relacionado<\/h2>\n\n\n\n<div class=\"wp-block-fcs-core-spacer u-padding-xs-lg u-padding-sm\"><\/div>\n\n\n\n<div class=\"wp-block-columns is-layout-flex wp-container-core-columns-is-layout-9d6595d7 wp-block-columns-is-layout-flex\">\n<div class=\"wp-block-column is-layout-flow wp-block-column-is-layout-flow\">\n<h3 class=\"wp-block-heading has-secondary-color has-text-color\"><strong>Fistura\u00ae | Ablaci\u00f3n por RF de las fistulas anales<\/strong><\/h3>\n\n\n\n<p>Los cat\u00e9teres flexibles Fistura\u00ae se gu\u00edan hasta la f\u00edstula y luego se retiran gradualmente, sellando el tracto unos mil\u00edmetros cada vez mediante termocoagulaci\u00f3n por radiofrecuencia.<\/p>\n\n\n\n<div class=\"wp-block-fcs-core-spacer u-padding-xs-lg u-padding-sm\"><\/div>\n\n\n\n<div class=\"wp-block-buttons is-layout-flex wp-block-buttons-is-layout-flex\">\n<div class=\"wp-block-button is-style-fill\"><a class=\"wp-block-button__link has-white-color has-primary-background-color has-text-color has-background wp-element-button\" href=\"https:\/\/fcaresystems.com\/es\/tratamientos-minimamente-invasivos\/proctologia\/arf-fistulas-anales\/\">Procedimiento Fistura\u00ae<\/a><\/div>\n<\/div>\n<\/div>\n\n\n\n<div class=\"wp-block-column is-layout-flow wp-block-column-is-layout-flow\">\n<div class=\"wp-block-fcs-core-spacer u-padding-xs-lg u-padding-sm\"><\/div>\n\n\n\n<figure class=\"wp-block-image size-large\"><a href=\"https:\/\/youtu.be\/qObyz3yOpXM\"><img loading=\"lazy\" decoding=\"async\" width=\"1024\" height=\"576\" src=\"https:\/\/fcaresystems.com\/wp-content\/uploads\/2023\/01\/Thumbn-Fistura-1024x576.jpg\" alt=\"\" class=\"wp-image-6481\" srcset=\"https:\/\/fcaresystems.com\/wp-content\/uploads\/2023\/01\/Thumbn-Fistura-1024x576.jpg 1024w, https:\/\/fcaresystems.com\/wp-content\/uploads\/2023\/01\/Thumbn-Fistura-300x169.jpg 300w, https:\/\/fcaresystems.com\/wp-content\/uploads\/2023\/01\/Thumbn-Fistura-768x432.jpg 768w, https:\/\/fcaresystems.com\/wp-content\/uploads\/2023\/01\/Thumbn-Fistura.jpg 1280w\" sizes=\"auto, (max-width: 1024px) 100vw, 1024px\" \/><\/a><\/figure>\n<\/div>\n<\/div>\n<\/div>\n\n\n\n<div class=\"wp-block-fcs-core-spacer u-padding-xxl-lg u-padding-md\"><\/div>\n","protected":false},"excerpt":{"rendered":"<p>Disponibles en varios tama\u00f1os para el tratamiento de f\u00edstulas de distintos di\u00e1metros.<\/p>\n","protected":false},"author":1,"featured_media":5040,"parent":8138,"menu_order":0,"comment_status":"closed","ping_status":"closed","template":"","meta":{"_color_hex":"","_color_slug":"","footnotes":""},"class_list":["post-8165","page","type-page","status-publish","has-post-thumbnail","hentry"],"yoast_head":"<!-- This site is optimized with the Yoast SEO plugin v27.0 - https:\/\/yoast.com\/product\/yoast-seo-wordpress\/ -->\n<title>Cat\u00e9teres de radiofrecuencia Fistura\u00ae | F Care Systems<\/title>\n<meta name=\"description\" content=\"Informaci\u00f3n sobre los cat\u00e9teres de tama\u00f1o 6F, 7F, 8F y 9F utilizados en la ablaci\u00f3n t\u00e9rmica de f\u00edstulas in situ con Fistura\u00ae.\" \/>\n<meta name=\"robots\" content=\"index, follow, max-snippet:-1, max-image-preview:large, max-video-preview:-1\" \/>\n<link rel=\"canonical\" href=\"https:\/\/fcaresystems.com\/es\/productos\/consumibles\/cateteres-de-radiofrecuencia-fistura\/\" \/>\n<meta property=\"og:locale\" content=\"es_ES\" \/>\n<meta property=\"og:type\" content=\"article\" \/>\n<meta property=\"og:title\" content=\"Cat\u00e9teres de radiofrecuencia Fistura\u00ae | F Care Systems\" \/>\n<meta property=\"og:description\" content=\"Informaci\u00f3n sobre los cat\u00e9teres de tama\u00f1o 6F, 7F, 8F y 9F utilizados en la ablaci\u00f3n t\u00e9rmica de f\u00edstulas in situ con Fistura\u00ae.\" \/>\n<meta property=\"og:url\" content=\"https:\/\/fcaresystems.com\/es\/productos\/consumibles\/cateteres-de-radiofrecuencia-fistura\/\" \/>\n<meta property=\"og:site_name\" content=\"F Care Systems\" \/>\n<meta property=\"article:modified_time\" content=\"2023-07-07T07:01:32+00:00\" \/>\n<meta property=\"og:image\" content=\"https:\/\/fcaresystems.com\/wp-content\/uploads\/2022\/11\/fistula-catheter-6F.jpg\" \/>\n\t<meta property=\"og:image:width\" content=\"1080\" \/>\n\t<meta property=\"og:image:height\" content=\"810\" \/>\n\t<meta property=\"og:image:type\" content=\"image\/jpeg\" \/>\n<meta name=\"twitter:card\" content=\"summary_large_image\" \/>\n<meta name=\"twitter:label1\" content=\"Tiempo de lectura\" \/>\n\t<meta name=\"twitter:data1\" content=\"2 minutos\" \/>\n<script type=\"application\/ld+json\" class=\"yoast-schema-graph\">{\"@context\":\"https:\/\/schema.org\",\"@graph\":[{\"@type\":\"WebPage\",\"@id\":\"https:\/\/fcaresystems.com\/es\/productos\/consumibles\/cateteres-de-radiofrecuencia-fistura\/\",\"url\":\"https:\/\/fcaresystems.com\/es\/productos\/consumibles\/cateteres-de-radiofrecuencia-fistura\/\",\"name\":\"Cat\u00e9teres de radiofrecuencia Fistura\u00ae | F Care Systems\",\"isPartOf\":{\"@id\":\"https:\/\/fcaresystems.com\/es\/#website\"},\"primaryImageOfPage\":{\"@id\":\"https:\/\/fcaresystems.com\/es\/productos\/consumibles\/cateteres-de-radiofrecuencia-fistura\/#primaryimage\"},\"image\":{\"@id\":\"https:\/\/fcaresystems.com\/es\/productos\/consumibles\/cateteres-de-radiofrecuencia-fistura\/#primaryimage\"},\"thumbnailUrl\":\"https:\/\/fcaresystems.com\/wp-content\/uploads\/2022\/11\/fistula-catheter-6F.jpg\",\"datePublished\":\"2022-11-18T11:34:20+00:00\",\"dateModified\":\"2023-07-07T07:01:32+00:00\",\"description\":\"Informaci\u00f3n sobre los cat\u00e9teres de tama\u00f1o 6F, 7F, 8F y 9F utilizados en la ablaci\u00f3n t\u00e9rmica de f\u00edstulas in situ con Fistura\u00ae.\",\"breadcrumb\":{\"@id\":\"https:\/\/fcaresystems.com\/es\/productos\/consumibles\/cateteres-de-radiofrecuencia-fistura\/#breadcrumb\"},\"inLanguage\":\"es\",\"potentialAction\":[{\"@type\":\"ReadAction\",\"target\":[\"https:\/\/fcaresystems.com\/es\/productos\/consumibles\/cateteres-de-radiofrecuencia-fistura\/\"]}]},{\"@type\":\"ImageObject\",\"inLanguage\":\"es\",\"@id\":\"https:\/\/fcaresystems.com\/es\/productos\/consumibles\/cateteres-de-radiofrecuencia-fistura\/#primaryimage\",\"url\":\"https:\/\/fcaresystems.com\/wp-content\/uploads\/2022\/11\/fistula-catheter-6F.jpg\",\"contentUrl\":\"https:\/\/fcaresystems.com\/wp-content\/uploads\/2022\/11\/fistula-catheter-6F.jpg\",\"width\":1080,\"height\":810,\"caption\":\"Fistula catheter 6F\"},{\"@type\":\"BreadcrumbList\",\"@id\":\"https:\/\/fcaresystems.com\/es\/productos\/consumibles\/cateteres-de-radiofrecuencia-fistura\/#breadcrumb\",\"itemListElement\":[{\"@type\":\"ListItem\",\"position\":1,\"name\":\"Home\",\"item\":\"https:\/\/fcaresystems.com\/es\/\"},{\"@type\":\"ListItem\",\"position\":2,\"name\":\"Productos\",\"item\":\"https:\/\/fcaresystems.com\/es\/productos\/\"},{\"@type\":\"ListItem\",\"position\":3,\"name\":\"Consumibles\",\"item\":\"https:\/\/fcaresystems.com\/es\/productos\/consumibles\/\"},{\"@type\":\"ListItem\",\"position\":4,\"name\":\"Cat\u00e9teres de radiofrecuencia Fistura\"}]},{\"@type\":\"WebSite\",\"@id\":\"https:\/\/fcaresystems.com\/es\/#website\",\"url\":\"https:\/\/fcaresystems.com\/es\/\",\"name\":\"F Care Systems\",\"description\":\"\",\"publisher\":{\"@id\":\"https:\/\/fcaresystems.com\/es\/#organization\"},\"potentialAction\":[{\"@type\":\"SearchAction\",\"target\":{\"@type\":\"EntryPoint\",\"urlTemplate\":\"https:\/\/fcaresystems.com\/es\/?s={search_term_string}\"},\"query-input\":{\"@type\":\"PropertyValueSpecification\",\"valueRequired\":true,\"valueName\":\"search_term_string\"}}],\"inLanguage\":\"es\"},{\"@type\":\"Organization\",\"@id\":\"https:\/\/fcaresystems.com\/es\/#organization\",\"name\":\"F Care Systems\",\"url\":\"https:\/\/fcaresystems.com\/es\/\",\"logo\":{\"@type\":\"ImageObject\",\"inLanguage\":\"es\",\"@id\":\"https:\/\/fcaresystems.com\/es\/#\/schema\/logo\/image\/\",\"url\":\"https:\/\/fcaresystems.com\/wp-content\/uploads\/2022\/11\/logo-2.svg\",\"contentUrl\":\"https:\/\/fcaresystems.com\/wp-content\/uploads\/2022\/11\/logo-2.svg\",\"caption\":\"F Care Systems\"},\"image\":{\"@id\":\"https:\/\/fcaresystems.com\/es\/#\/schema\/logo\/image\/\"}}]}<\/script>\n<!-- \/ Yoast SEO plugin. -->","yoast_head_json":{"title":"Cat\u00e9teres de radiofrecuencia Fistura\u00ae | F Care Systems","description":"Informaci\u00f3n sobre los cat\u00e9teres de tama\u00f1o 6F, 7F, 8F y 9F utilizados en la ablaci\u00f3n t\u00e9rmica de f\u00edstulas in situ con Fistura\u00ae.","robots":{"index":"index","follow":"follow","max-snippet":"max-snippet:-1","max-image-preview":"max-image-preview:large","max-video-preview":"max-video-preview:-1"},"canonical":"https:\/\/fcaresystems.com\/es\/productos\/consumibles\/cateteres-de-radiofrecuencia-fistura\/","og_locale":"es_ES","og_type":"article","og_title":"Cat\u00e9teres de radiofrecuencia Fistura\u00ae | F Care Systems","og_description":"Informaci\u00f3n sobre los cat\u00e9teres de tama\u00f1o 6F, 7F, 8F y 9F utilizados en la ablaci\u00f3n t\u00e9rmica de f\u00edstulas in situ con Fistura\u00ae.","og_url":"https:\/\/fcaresystems.com\/es\/productos\/consumibles\/cateteres-de-radiofrecuencia-fistura\/","og_site_name":"F Care Systems","article_modified_time":"2023-07-07T07:01:32+00:00","og_image":[{"width":1080,"height":810,"url":"https:\/\/fcaresystems.com\/wp-content\/uploads\/2022\/11\/fistula-catheter-6F.jpg","type":"image\/jpeg"}],"twitter_card":"summary_large_image","twitter_misc":{"Tiempo de lectura":"2 minutos"},"schema":{"@context":"https:\/\/schema.org","@graph":[{"@type":"WebPage","@id":"https:\/\/fcaresystems.com\/es\/productos\/consumibles\/cateteres-de-radiofrecuencia-fistura\/","url":"https:\/\/fcaresystems.com\/es\/productos\/consumibles\/cateteres-de-radiofrecuencia-fistura\/","name":"Cat\u00e9teres de radiofrecuencia Fistura\u00ae | F Care Systems","isPartOf":{"@id":"https:\/\/fcaresystems.com\/es\/#website"},"primaryImageOfPage":{"@id":"https:\/\/fcaresystems.com\/es\/productos\/consumibles\/cateteres-de-radiofrecuencia-fistura\/#primaryimage"},"image":{"@id":"https:\/\/fcaresystems.com\/es\/productos\/consumibles\/cateteres-de-radiofrecuencia-fistura\/#primaryimage"},"thumbnailUrl":"https:\/\/fcaresystems.com\/wp-content\/uploads\/2022\/11\/fistula-catheter-6F.jpg","datePublished":"2022-11-18T11:34:20+00:00","dateModified":"2023-07-07T07:01:32+00:00","description":"Informaci\u00f3n sobre los cat\u00e9teres de tama\u00f1o 6F, 7F, 8F y 9F utilizados en la ablaci\u00f3n t\u00e9rmica de f\u00edstulas in situ con Fistura\u00ae.","breadcrumb":{"@id":"https:\/\/fcaresystems.com\/es\/productos\/consumibles\/cateteres-de-radiofrecuencia-fistura\/#breadcrumb"},"inLanguage":"es","potentialAction":[{"@type":"ReadAction","target":["https:\/\/fcaresystems.com\/es\/productos\/consumibles\/cateteres-de-radiofrecuencia-fistura\/"]}]},{"@type":"ImageObject","inLanguage":"es","@id":"https:\/\/fcaresystems.com\/es\/productos\/consumibles\/cateteres-de-radiofrecuencia-fistura\/#primaryimage","url":"https:\/\/fcaresystems.com\/wp-content\/uploads\/2022\/11\/fistula-catheter-6F.jpg","contentUrl":"https:\/\/fcaresystems.com\/wp-content\/uploads\/2022\/11\/fistula-catheter-6F.jpg","width":1080,"height":810,"caption":"Fistula catheter 6F"},{"@type":"BreadcrumbList","@id":"https:\/\/fcaresystems.com\/es\/productos\/consumibles\/cateteres-de-radiofrecuencia-fistura\/#breadcrumb","itemListElement":[{"@type":"ListItem","position":1,"name":"Home","item":"https:\/\/fcaresystems.com\/es\/"},{"@type":"ListItem","position":2,"name":"Productos","item":"https:\/\/fcaresystems.com\/es\/productos\/"},{"@type":"ListItem","position":3,"name":"Consumibles","item":"https:\/\/fcaresystems.com\/es\/productos\/consumibles\/"},{"@type":"ListItem","position":4,"name":"Cat\u00e9teres de radiofrecuencia Fistura"}]},{"@type":"WebSite","@id":"https:\/\/fcaresystems.com\/es\/#website","url":"https:\/\/fcaresystems.com\/es\/","name":"F Care Systems","description":"","publisher":{"@id":"https:\/\/fcaresystems.com\/es\/#organization"},"potentialAction":[{"@type":"SearchAction","target":{"@type":"EntryPoint","urlTemplate":"https:\/\/fcaresystems.com\/es\/?s={search_term_string}"},"query-input":{"@type":"PropertyValueSpecification","valueRequired":true,"valueName":"search_term_string"}}],"inLanguage":"es"},{"@type":"Organization","@id":"https:\/\/fcaresystems.com\/es\/#organization","name":"F Care Systems","url":"https:\/\/fcaresystems.com\/es\/","logo":{"@type":"ImageObject","inLanguage":"es","@id":"https:\/\/fcaresystems.com\/es\/#\/schema\/logo\/image\/","url":"https:\/\/fcaresystems.com\/wp-content\/uploads\/2022\/11\/logo-2.svg","contentUrl":"https:\/\/fcaresystems.com\/wp-content\/uploads\/2022\/11\/logo-2.svg","caption":"F Care Systems"},"image":{"@id":"https:\/\/fcaresystems.com\/es\/#\/schema\/logo\/image\/"}}]}},"_links":{"self":[{"href":"https:\/\/fcaresystems.com\/es\/wp-json\/wp\/v2\/pages\/8165","targetHints":{"allow":["GET"]}}],"collection":[{"href":"https:\/\/fcaresystems.com\/es\/wp-json\/wp\/v2\/pages"}],"about":[{"href":"https:\/\/fcaresystems.com\/es\/wp-json\/wp\/v2\/types\/page"}],"author":[{"embeddable":true,"href":"https:\/\/fcaresystems.com\/es\/wp-json\/wp\/v2\/users\/1"}],"replies":[{"embeddable":true,"href":"https:\/\/fcaresystems.com\/es\/wp-json\/wp\/v2\/comments?post=8165"}],"version-history":[{"count":9,"href":"https:\/\/fcaresystems.com\/es\/wp-json\/wp\/v2\/pages\/8165\/revisions"}],"predecessor-version":[{"id":12278,"href":"https:\/\/fcaresystems.com\/es\/wp-json\/wp\/v2\/pages\/8165\/revisions\/12278"}],"up":[{"embeddable":true,"href":"https:\/\/fcaresystems.com\/es\/wp-json\/wp\/v2\/pages\/8138"}],"wp:featuredmedia":[{"embeddable":true,"href":"https:\/\/fcaresystems.com\/es\/wp-json\/wp\/v2\/media\/5040"}],"wp:attachment":[{"href":"https:\/\/fcaresystems.com\/es\/wp-json\/wp\/v2\/media?parent=8165"}],"curies":[{"name":"wp","href":"https:\/\/api.w.org\/{rel}","templated":true}]}}