{"id":8158,"date":"2022-12-01T09:33:27","date_gmt":"2022-12-01T08:33:27","guid":{"rendered":"https:\/\/fcaresystems.com\/productos\/consumibles\/fistura-pack\/"},"modified":"2023-03-29T15:14:19","modified_gmt":"2023-03-29T13:14:19","slug":"pack-fistura","status":"publish","type":"page","link":"https:\/\/fcaresystems.com\/es\/productos\/consumibles\/pack-fistura\/","title":{"rendered":"Pack Fistura"},"content":{"rendered":"\n<div class=\"wp-block-fcs-core-container o-container\">\n<div class=\"wp-block-fcs-core-spacer u-padding-md-lg u-padding-md\"><\/div>\n\n\n\n<div class=\"wp-block-group c-breadcrumb\"><div class=\"wp-block-group__inner-container is-layout-flow wp-block-group-is-layout-flow\"><span><span><a href=\"https:\/\/fcaresystems.com\/es\/\">Home<\/a><\/span><\/span>\n<\/div><\/div>\n\n\n\n<div class=\"wp-block-fcs-core-spacer u-padding-md-lg u-padding-md\"><\/div>\n\n\n\n<div class=\"wp-block-columns is-style-largegap is-layout-flex wp-container-core-columns-is-layout-9d6595d7 wp-block-columns-is-layout-flex\">\n<div class=\"wp-block-column is-layout-flow wp-block-column-is-layout-flow\"><div class=\"c-slider-gallery\"><div class=\"c-slider-wrapper\"><div class=\"c-slider c-slider-slick c-slider-slick-for o-block\" ref=\"slickSlide\"><a data-fancybox=\"gallery\" data-caption=\"\" href=\"https:\/\/fcaresystems.com\/wp-content\/uploads\/2023\/01\/Fistura-pack-1.jpg\"><img decoding=\"async\" src=\"https:\/\/fcaresystems.com\/wp-content\/uploads\/2023\/01\/Fistura-pack-1.jpg\" title=\"\"  \/><\/a><a data-fancybox=\"gallery\" data-caption=\"\" href=\"https:\/\/fcaresystems.com\/wp-content\/uploads\/2023\/01\/06PACKFIS9F_Fistura-pack-9F.jpg\"><img decoding=\"async\" src=\"https:\/\/fcaresystems.com\/wp-content\/uploads\/2023\/01\/06PACKFIS9F_Fistura-pack-9F.jpg\" title=\"\"  \/><\/a><\/div><\/div><div class=\"c-slider-nav-container\"><div class=\"c-slider c-slider-slick c-slider-slick-nav u-margin-top-sm\" ref=\"slickNav\"><div><img decoding=\"async\" class=\"\" src=\"https:\/\/fcaresystems.com\/wp-content\/uploads\/2023\/01\/Fistura-pack-1.jpg\" srcset=\"\" alt=\"\" \/><\/div><div><img decoding=\"async\" class=\"\" src=\"https:\/\/fcaresystems.com\/wp-content\/uploads\/2023\/01\/06PACKFIS9F_Fistura-pack-9F.jpg\" srcset=\"\" alt=\"\" \/><\/div><\/div><\/div><\/div><\/div>\n\n\n\n<div class=\"wp-block-column is-layout-flow wp-block-column-is-layout-flow\">\n<figure class=\"wp-block-image size-full\"><img decoding=\"async\" src=\"https:\/\/fcaresystems.com\/wp-content\/uploads\/2022\/11\/Fistura.svg\" alt=\"\" class=\"wp-image-1051\"\/><\/figure>\n\n\n\n<div class=\"wp-block-fcs-core-spacer u-padding-xs-lg u-padding-xs\"><\/div>\n\n\n\n<h1 class=\"is-style-default has-secondary-color has-text-color wp-block-heading\">Pack Fistura<\/h1>\n\n\n\n<p>El pack Fistura incluye una selecci\u00f3n completa de consumibles* que se emplean para realizar el <mark style=\"background-color:rgba(0, 0, 0, 0)\" class=\"has-inline-color has-primary-color\"><a href=\"https:\/\/fcaresystems.com\/es\/tratamientos-minimamente-invasivos\/proctologia\/arf-fistulas-anales\/\">procedimiento Fistura\u00ae<\/a><\/mark>.<\/p>\n\n\n\n<div class=\"wp-block-fcs-core-spacer u-padding-xs-lg u-padding-xs\"><\/div>\n\n\n\n<h3 class=\"has-secondary-color has-text-color wp-block-heading\">Contenido<\/h3>\n\n\n\n<ul class=\"wp-block-list\">\n<li>1 cat\u00e9ter est\u00e9ril*<\/li>\n\n\n\n<li>1 pa\u00f1o perineal est\u00e9ril<\/li>\n\n\n\n<li>1 anoscopio en forma de U<\/li>\n\n\n\n<li>1 gel lubricante<\/li>\n\n\n\n<li>1 cepillo est\u00e9ril<\/li>\n\n\n\n<li>1 almohadilla electroquir\u00fargica s\u00f3lida<\/li>\n<\/ul>\n\n\n\n<p class=\"has-small-font-size\">*Especifique un tama\u00f1o de cat\u00e9ter (6F, 7F, 8F o 9F) al realizar el pedido.<\/p>\n\n\n\n<div class=\"wp-block-fcs-core-spacer u-padding-xs-lg u-padding-xs\"><\/div>\n\n\n\n<p><strong>REF Productos: <\/strong><br>06FISTURAPACK6F<br>06FISTURAPACK7F<br>06FISTURAPACK8F<br>06FISTURAPACK9F<\/p>\n<\/div>\n<\/div>\n\n\n\n<div class=\"wp-block-fcs-core-spacer u-padding-xl-lg u-padding-md\"><\/div>\n<\/div>\n\n\n\n<div class=\"wp-block-group has-secondary-background-color has-background\"><div class=\"wp-block-group__inner-container is-layout-constrained wp-block-group-is-layout-constrained\">\n<div class=\"wp-block-fcs-core-spacer u-padding-md-lg u-padding-md\"><\/div>\n\n\n\n<div class=\"wp-block-fcs-core-container o-container\">\n<figure class=\"wp-block-image size-full is-resized\"><img loading=\"lazy\" decoding=\"async\" src=\"https:\/\/fcaresystems.com\/wp-content\/uploads\/2022\/11\/icon-doctor-white.svg\" alt=\"\" class=\"wp-image-392\" width=\"46\" height=\"48\"\/><\/figure>\n\n\n\n<div class=\"wp-block-fcs-core-spacer u-padding-xxs-lg u-padding-sm\"><\/div>\n\n\n\n<div class=\"wp-block-columns is-layout-flex wp-container-core-columns-is-layout-9d6595d7 wp-block-columns-is-layout-flex\">\n<div class=\"wp-block-column is-layout-flow wp-block-column-is-layout-flow\" style=\"flex-basis:56%\">\n<h2 class=\"u-margin-none has-white-color has-text-color wp-block-heading\">Necesito esto para mi pr\u00e1ctica<\/h2>\n\n\n\n<div class=\"wp-block-fcs-core-spacer u-padding-xxs-lg u-padding-xs\"><\/div>\n<\/div>\n\n\n\n<div class=\"wp-block-column is-vertically-aligned-bottom is-layout-flow wp-block-column-is-layout-flow\">\n<div class=\"wp-block-buttons is-content-justification-left is-layout-flex wp-container-core-buttons-is-layout-fdcfc74e wp-block-buttons-is-layout-flex\">\n<div class=\"wp-block-button alignright\"><a class=\"wp-block-button__link has-primary-background-color has-background wp-element-button\" href=\"https:\/\/fcaresystems.com\/es\/productos\/pedir-producto\/\">Pedir este producto<\/a><\/div>\n\n\n\n<div class=\"wp-block-button alignright is-style-outline is-style-outline--1\"><a class=\"wp-block-button__link has-white-color has-text-color wp-element-button\" href=\"https:\/\/fcaresystems.com\/es\/productos\/\">Ver todos los productos<\/a><\/div>\n<\/div>\n<\/div>\n<\/div>\n<\/div>\n\n\n\n<div class=\"wp-block-fcs-core-spacer u-padding-md-lg u-padding-md\"><\/div>\n<\/div><\/div>\n\n\n\n<div class=\"wp-block-fcs-core-spacer u-padding-xl-lg u-padding-md\"><\/div>\n\n\n\n<div class=\"wp-block-fcs-core-container o-container\">\n<h2 class=\"is-style-underline has-secondary-color has-text-color wp-block-heading\">Tratamiento relacionado<\/h2>\n\n\n\n<div class=\"wp-block-columns is-layout-flex wp-container-core-columns-is-layout-9d6595d7 wp-block-columns-is-layout-flex\">\n<div class=\"wp-block-column is-layout-flow wp-block-column-is-layout-flow\">\n<div class=\"wp-block-fcs-core-spacer u-padding-xs-lg u-padding-sm\"><\/div>\n<\/div>\n<\/div>\n\n\n\n<div class=\"wp-block-columns is-layout-flex wp-container-core-columns-is-layout-9d6595d7 wp-block-columns-is-layout-flex\">\n<div class=\"wp-block-column is-layout-flow wp-block-column-is-layout-flow\">\n<h3 class=\"has-secondary-color has-text-color wp-block-heading\"><strong>Fistura\u00ae<\/strong> | <strong><strong>Ablaci\u00f3n por RF de la f\u00edstula anal<\/strong><\/strong> <\/h3>\n\n\n\n<p>La tecnolog\u00eda de radiofrecuencia ofrece a los proveedores una opci\u00f3n r\u00e1pida y f\u00e1cil de aprender para tratar las f\u00edstulas anales. Los <mark style=\"background-color:rgba(0, 0, 0, 0)\" class=\"has-inline-color has-primary-color\"><a href=\"https:\/\/fcaresystems.com\/es\/productos\/consumibles\/cateteres-de-radiofrecuencia-fistura\/\">cat\u00e9teres Fistura\u00ae<\/a><\/mark>, finos y flexibles, se introducen en la f\u00edstula y se retiran gradualmente, sellando el tracto unos mil\u00edmetros cada vez mediante termocoagulaci\u00f3n por radiofrecuencia. Los cat\u00e9teres est\u00e1n disponibles en cuatro tama\u00f1os (6F, 7F, 8F y 9F), en funci\u00f3n del di\u00e1metro de la f\u00edstula tratada.<\/p>\n\n\n\n<div class=\"wp-block-buttons is-layout-flex wp-block-buttons-is-layout-flex\">\n<div class=\"wp-block-button is-style-fill\"><a class=\"wp-block-button__link has-white-color has-primary-background-color has-text-color has-background wp-element-button\" href=\"https:\/\/fcaresystems.com\/es\/tratamientos-minimamente-invasivos\/proctologia\/arf-fistulas-anales\/\">M\u00e1s informaci\u00f3n sobre Fistura\u00ae<\/a><\/div>\n<\/div>\n<\/div>\n\n\n\n<div class=\"wp-block-column is-layout-flow wp-block-column-is-layout-flow\">\n<div class=\"wp-block-fcs-core-spacer u-padding-xxs-lg u-padding-sm\"><\/div>\n\n\n\n<figure class=\"wp-block-image size-large\"><a href=\"https:\/\/youtu.be\/qObyz3yOpXM\"><img loading=\"lazy\" decoding=\"async\" width=\"1024\" height=\"576\" src=\"https:\/\/fcaresystems.com\/wp-content\/uploads\/2023\/01\/Thumbn-Fistura-1024x576.jpg\" alt=\"\" class=\"wp-image-6481\" srcset=\"https:\/\/fcaresystems.com\/wp-content\/uploads\/2023\/01\/Thumbn-Fistura-1024x576.jpg 1024w, https:\/\/fcaresystems.com\/wp-content\/uploads\/2023\/01\/Thumbn-Fistura-300x169.jpg 300w, https:\/\/fcaresystems.com\/wp-content\/uploads\/2023\/01\/Thumbn-Fistura-768x432.jpg 768w, https:\/\/fcaresystems.com\/wp-content\/uploads\/2023\/01\/Thumbn-Fistura.jpg 1280w\" sizes=\"auto, (max-width: 1024px) 100vw, 1024px\" \/><\/a><\/figure>\n<\/div>\n<\/div>\n<\/div>\n\n\n\n<div class=\"wp-block-fcs-core-spacer u-padding-xxxl-lg u-padding-md\"><\/div>\n","protected":false},"excerpt":{"rendered":"<p>Un kit completo de accesorios de un solo uso para realizar el procedimiento Fistura\u00ae.<\/p>\n","protected":false},"author":1,"featured_media":9022,"parent":8138,"menu_order":0,"comment_status":"closed","ping_status":"closed","template":"","meta":{"_color_hex":"","_color_slug":"","footnotes":""},"class_list":["post-8158","page","type-page","status-publish","has-post-thumbnail","hentry"],"yoast_head":"<!-- This site is optimized with the Yoast SEO plugin v27.0 - https:\/\/yoast.com\/product\/yoast-seo-wordpress\/ -->\n<title>F Care Systems | Pack Fistura<\/title>\n<meta name=\"description\" content=\"Un kit que contiene todo lo que los profesionales necesitan para realizar la ablaci\u00f3n por radiofrecuencia de f\u00edstulas anales con Fistura\u00ae.\" \/>\n<meta name=\"robots\" content=\"index, follow, max-snippet:-1, max-image-preview:large, max-video-preview:-1\" \/>\n<link rel=\"canonical\" href=\"https:\/\/fcaresystems.com\/es\/productos\/consumibles\/pack-fistura\/\" \/>\n<meta property=\"og:locale\" content=\"es_ES\" \/>\n<meta property=\"og:type\" content=\"article\" \/>\n<meta property=\"og:title\" content=\"F Care Systems | Pack Fistura\" \/>\n<meta property=\"og:description\" content=\"Un kit que contiene todo lo que los profesionales necesitan para realizar la ablaci\u00f3n por radiofrecuencia de f\u00edstulas anales con Fistura\u00ae.\" \/>\n<meta property=\"og:url\" content=\"https:\/\/fcaresystems.com\/es\/productos\/consumibles\/pack-fistura\/\" \/>\n<meta property=\"og:site_name\" content=\"F Care Systems\" \/>\n<meta property=\"article:modified_time\" content=\"2023-03-29T13:14:19+00:00\" \/>\n<meta property=\"og:image\" content=\"https:\/\/fcaresystems.com\/wp-content\/uploads\/2023\/01\/Fistura-pack-1.jpg\" \/>\n\t<meta property=\"og:image:width\" content=\"1080\" \/>\n\t<meta property=\"og:image:height\" content=\"810\" \/>\n\t<meta property=\"og:image:type\" content=\"image\/jpeg\" \/>\n<meta name=\"twitter:card\" content=\"summary_large_image\" \/>\n<meta name=\"twitter:label1\" content=\"Tiempo de lectura\" \/>\n\t<meta name=\"twitter:data1\" content=\"2 minutos\" \/>\n<script type=\"application\/ld+json\" class=\"yoast-schema-graph\">{\"@context\":\"https:\/\/schema.org\",\"@graph\":[{\"@type\":\"WebPage\",\"@id\":\"https:\/\/fcaresystems.com\/es\/productos\/consumibles\/pack-fistura\/\",\"url\":\"https:\/\/fcaresystems.com\/es\/productos\/consumibles\/pack-fistura\/\",\"name\":\"F Care Systems | Pack Fistura\",\"isPartOf\":{\"@id\":\"https:\/\/fcaresystems.com\/es\/#website\"},\"primaryImageOfPage\":{\"@id\":\"https:\/\/fcaresystems.com\/es\/productos\/consumibles\/pack-fistura\/#primaryimage\"},\"image\":{\"@id\":\"https:\/\/fcaresystems.com\/es\/productos\/consumibles\/pack-fistura\/#primaryimage\"},\"thumbnailUrl\":\"https:\/\/fcaresystems.com\/wp-content\/uploads\/2023\/01\/Fistura-pack-1.jpg\",\"datePublished\":\"2022-12-01T08:33:27+00:00\",\"dateModified\":\"2023-03-29T13:14:19+00:00\",\"description\":\"Un kit que contiene todo lo que los profesionales necesitan para realizar la ablaci\u00f3n por radiofrecuencia de f\u00edstulas anales con Fistura\u00ae.\",\"breadcrumb\":{\"@id\":\"https:\/\/fcaresystems.com\/es\/productos\/consumibles\/pack-fistura\/#breadcrumb\"},\"inLanguage\":\"es\",\"potentialAction\":[{\"@type\":\"ReadAction\",\"target\":[\"https:\/\/fcaresystems.com\/es\/productos\/consumibles\/pack-fistura\/\"]}]},{\"@type\":\"ImageObject\",\"inLanguage\":\"es\",\"@id\":\"https:\/\/fcaresystems.com\/es\/productos\/consumibles\/pack-fistura\/#primaryimage\",\"url\":\"https:\/\/fcaresystems.com\/wp-content\/uploads\/2023\/01\/Fistura-pack-1.jpg\",\"contentUrl\":\"https:\/\/fcaresystems.com\/wp-content\/uploads\/2023\/01\/Fistura-pack-1.jpg\",\"width\":1080,\"height\":810,\"caption\":\"Fistura Pack and packaging\"},{\"@type\":\"BreadcrumbList\",\"@id\":\"https:\/\/fcaresystems.com\/es\/productos\/consumibles\/pack-fistura\/#breadcrumb\",\"itemListElement\":[{\"@type\":\"ListItem\",\"position\":1,\"name\":\"Home\",\"item\":\"https:\/\/fcaresystems.com\/es\/\"},{\"@type\":\"ListItem\",\"position\":2,\"name\":\"Productos\",\"item\":\"https:\/\/fcaresystems.com\/es\/productos\/\"},{\"@type\":\"ListItem\",\"position\":3,\"name\":\"Consumibles\",\"item\":\"https:\/\/fcaresystems.com\/es\/productos\/consumibles\/\"},{\"@type\":\"ListItem\",\"position\":4,\"name\":\"Pack Fistura\"}]},{\"@type\":\"WebSite\",\"@id\":\"https:\/\/fcaresystems.com\/es\/#website\",\"url\":\"https:\/\/fcaresystems.com\/es\/\",\"name\":\"F Care Systems\",\"description\":\"\",\"publisher\":{\"@id\":\"https:\/\/fcaresystems.com\/es\/#organization\"},\"potentialAction\":[{\"@type\":\"SearchAction\",\"target\":{\"@type\":\"EntryPoint\",\"urlTemplate\":\"https:\/\/fcaresystems.com\/es\/?s={search_term_string}\"},\"query-input\":{\"@type\":\"PropertyValueSpecification\",\"valueRequired\":true,\"valueName\":\"search_term_string\"}}],\"inLanguage\":\"es\"},{\"@type\":\"Organization\",\"@id\":\"https:\/\/fcaresystems.com\/es\/#organization\",\"name\":\"F Care Systems\",\"url\":\"https:\/\/fcaresystems.com\/es\/\",\"logo\":{\"@type\":\"ImageObject\",\"inLanguage\":\"es\",\"@id\":\"https:\/\/fcaresystems.com\/es\/#\/schema\/logo\/image\/\",\"url\":\"https:\/\/fcaresystems.com\/wp-content\/uploads\/2022\/11\/logo-2.svg\",\"contentUrl\":\"https:\/\/fcaresystems.com\/wp-content\/uploads\/2022\/11\/logo-2.svg\",\"caption\":\"F Care Systems\"},\"image\":{\"@id\":\"https:\/\/fcaresystems.com\/es\/#\/schema\/logo\/image\/\"}}]}<\/script>\n<!-- \/ Yoast SEO plugin. -->","yoast_head_json":{"title":"F Care Systems | Pack Fistura","description":"Un kit que contiene todo lo que los profesionales necesitan para realizar la ablaci\u00f3n por radiofrecuencia de f\u00edstulas anales con Fistura\u00ae.","robots":{"index":"index","follow":"follow","max-snippet":"max-snippet:-1","max-image-preview":"max-image-preview:large","max-video-preview":"max-video-preview:-1"},"canonical":"https:\/\/fcaresystems.com\/es\/productos\/consumibles\/pack-fistura\/","og_locale":"es_ES","og_type":"article","og_title":"F Care Systems | Pack Fistura","og_description":"Un kit que contiene todo lo que los profesionales necesitan para realizar la ablaci\u00f3n por radiofrecuencia de f\u00edstulas anales con Fistura\u00ae.","og_url":"https:\/\/fcaresystems.com\/es\/productos\/consumibles\/pack-fistura\/","og_site_name":"F Care Systems","article_modified_time":"2023-03-29T13:14:19+00:00","og_image":[{"width":1080,"height":810,"url":"https:\/\/fcaresystems.com\/wp-content\/uploads\/2023\/01\/Fistura-pack-1.jpg","type":"image\/jpeg"}],"twitter_card":"summary_large_image","twitter_misc":{"Tiempo de lectura":"2 minutos"},"schema":{"@context":"https:\/\/schema.org","@graph":[{"@type":"WebPage","@id":"https:\/\/fcaresystems.com\/es\/productos\/consumibles\/pack-fistura\/","url":"https:\/\/fcaresystems.com\/es\/productos\/consumibles\/pack-fistura\/","name":"F Care Systems | Pack Fistura","isPartOf":{"@id":"https:\/\/fcaresystems.com\/es\/#website"},"primaryImageOfPage":{"@id":"https:\/\/fcaresystems.com\/es\/productos\/consumibles\/pack-fistura\/#primaryimage"},"image":{"@id":"https:\/\/fcaresystems.com\/es\/productos\/consumibles\/pack-fistura\/#primaryimage"},"thumbnailUrl":"https:\/\/fcaresystems.com\/wp-content\/uploads\/2023\/01\/Fistura-pack-1.jpg","datePublished":"2022-12-01T08:33:27+00:00","dateModified":"2023-03-29T13:14:19+00:00","description":"Un kit que contiene todo lo que los profesionales necesitan para realizar la ablaci\u00f3n por radiofrecuencia de f\u00edstulas anales con Fistura\u00ae.","breadcrumb":{"@id":"https:\/\/fcaresystems.com\/es\/productos\/consumibles\/pack-fistura\/#breadcrumb"},"inLanguage":"es","potentialAction":[{"@type":"ReadAction","target":["https:\/\/fcaresystems.com\/es\/productos\/consumibles\/pack-fistura\/"]}]},{"@type":"ImageObject","inLanguage":"es","@id":"https:\/\/fcaresystems.com\/es\/productos\/consumibles\/pack-fistura\/#primaryimage","url":"https:\/\/fcaresystems.com\/wp-content\/uploads\/2023\/01\/Fistura-pack-1.jpg","contentUrl":"https:\/\/fcaresystems.com\/wp-content\/uploads\/2023\/01\/Fistura-pack-1.jpg","width":1080,"height":810,"caption":"Fistura Pack and packaging"},{"@type":"BreadcrumbList","@id":"https:\/\/fcaresystems.com\/es\/productos\/consumibles\/pack-fistura\/#breadcrumb","itemListElement":[{"@type":"ListItem","position":1,"name":"Home","item":"https:\/\/fcaresystems.com\/es\/"},{"@type":"ListItem","position":2,"name":"Productos","item":"https:\/\/fcaresystems.com\/es\/productos\/"},{"@type":"ListItem","position":3,"name":"Consumibles","item":"https:\/\/fcaresystems.com\/es\/productos\/consumibles\/"},{"@type":"ListItem","position":4,"name":"Pack Fistura"}]},{"@type":"WebSite","@id":"https:\/\/fcaresystems.com\/es\/#website","url":"https:\/\/fcaresystems.com\/es\/","name":"F Care Systems","description":"","publisher":{"@id":"https:\/\/fcaresystems.com\/es\/#organization"},"potentialAction":[{"@type":"SearchAction","target":{"@type":"EntryPoint","urlTemplate":"https:\/\/fcaresystems.com\/es\/?s={search_term_string}"},"query-input":{"@type":"PropertyValueSpecification","valueRequired":true,"valueName":"search_term_string"}}],"inLanguage":"es"},{"@type":"Organization","@id":"https:\/\/fcaresystems.com\/es\/#organization","name":"F Care Systems","url":"https:\/\/fcaresystems.com\/es\/","logo":{"@type":"ImageObject","inLanguage":"es","@id":"https:\/\/fcaresystems.com\/es\/#\/schema\/logo\/image\/","url":"https:\/\/fcaresystems.com\/wp-content\/uploads\/2022\/11\/logo-2.svg","contentUrl":"https:\/\/fcaresystems.com\/wp-content\/uploads\/2022\/11\/logo-2.svg","caption":"F Care Systems"},"image":{"@id":"https:\/\/fcaresystems.com\/es\/#\/schema\/logo\/image\/"}}]}},"_links":{"self":[{"href":"https:\/\/fcaresystems.com\/es\/wp-json\/wp\/v2\/pages\/8158","targetHints":{"allow":["GET"]}}],"collection":[{"href":"https:\/\/fcaresystems.com\/es\/wp-json\/wp\/v2\/pages"}],"about":[{"href":"https:\/\/fcaresystems.com\/es\/wp-json\/wp\/v2\/types\/page"}],"author":[{"embeddable":true,"href":"https:\/\/fcaresystems.com\/es\/wp-json\/wp\/v2\/users\/1"}],"replies":[{"embeddable":true,"href":"https:\/\/fcaresystems.com\/es\/wp-json\/wp\/v2\/comments?post=8158"}],"version-history":[{"count":10,"href":"https:\/\/fcaresystems.com\/es\/wp-json\/wp\/v2\/pages\/8158\/revisions"}],"predecessor-version":[{"id":11369,"href":"https:\/\/fcaresystems.com\/es\/wp-json\/wp\/v2\/pages\/8158\/revisions\/11369"}],"up":[{"embeddable":true,"href":"https:\/\/fcaresystems.com\/es\/wp-json\/wp\/v2\/pages\/8138"}],"wp:featuredmedia":[{"embeddable":true,"href":"https:\/\/fcaresystems.com\/es\/wp-json\/wp\/v2\/media\/9022"}],"wp:attachment":[{"href":"https:\/\/fcaresystems.com\/es\/wp-json\/wp\/v2\/media?parent=8158"}],"curies":[{"name":"wp","href":"https:\/\/api.w.org\/{rel}","templated":true}]}}