{"id":8123,"date":"2022-10-06T12:57:19","date_gmt":"2022-10-06T10:57:19","guid":{"rendered":"https:\/\/fcaresystems.com\/privacy-policy\/"},"modified":"2023-07-06T14:53:30","modified_gmt":"2023-07-06T12:53:30","slug":"politica-de-privacidad","status":"publish","type":"page","link":"https:\/\/fcaresystems.com\/es\/politica-de-privacidad\/","title":{"rendered":"Pol\u00edtica de privacidad y cookies"},"content":{"rendered":"\n<div class=\"wp-block-fcs-core-container o-container\"><\/div>\n\n\n\n<div class=\"wp-block-fcs-core-container o-container\">\n<div class=\"wp-block-fcs-core-spacer u-padding-lg-lg u-padding-md\"><\/div>\n\n\n\n<h1 class=\"wp-block-heading has-secondary-color has-text-color\">Pol\u00edtica de privacidad y cookies<\/h1>\n\n\n\n<p>Los t\u00e9rminos y condiciones aqu\u00ed expuestos se aplican al uso del sitio web de F Care Systems. Todo visitante del sitio web est\u00e1 obligado por estas normas y condiciones. Los visitantes aceptan expresamente que es su responsabilidad revisar peri\u00f3dicamente estas normas y condiciones para asegurarse de que est\u00e1n actualizadas.<\/p>\n\n\n\n<h3 class=\"wp-block-heading\">Sus datos personales<\/h3>\n\n\n\n<p>Al visitar este sitio no se procesa ning\u00fan dato, a menos que rellene el formulario de contacto. En este caso, los datos transmitidos a trav\u00e9s del formulario de contacto son tratados por F Care Systems (como responsable del tratamiento) para ponerse en contacto con usted. Adem\u00e1s, tambi\u00e9n se procesan los datos obtenidos a trav\u00e9s del contacto directo con usted como interesado. Estos datos no se procesan sistem\u00e1ticamente, sino que se conservan con el fin de ponerse en contacto con usted. En estos casos, el tratamiento se basa en la relaci\u00f3n contractual o en contactos previos.<br>Si no lo desea, basta con que lo comunique, a trav\u00e9s del formulario de contacto o en <a href=\"mailto:info@fcaresystems.com\">info@fcaresystems.com<\/a>.<\/p>\n\n\n\n<p>En el sitio web de F Care Systems se colocan una serie de cookies con el \u00fanico fin de permitir y optimizar la visita del sitio y permitirle comunicarse a trav\u00e9s del formulario.<br>La Ley de Tratamiento de Datos Personales le permite solicitar el acceso a sus datos y, en caso necesario, su rectificaci\u00f3n. Para ello, puede ponerse en contacto directamente con F Care Systems, a trav\u00e9s del formulario de contacto o en <a href=\"mailto:info@fcaresystems.com\">info@fcaresystems.com<\/a>.<\/p>\n\n\n\n<p>Si no est\u00e1 de acuerdo con la forma en que F Care Systems procesa sus datos, puede ponerse en contacto con la Autoridad de Protecci\u00f3n de Datos: rue du Printing Press 35, 1000 Bruselas en el +32 (0)2 274 48 00 o <a href=\"mailto:contact@apd-gba.be\">contact@apd-gba.be<\/a>.<\/p>\n\n\n\n<p>Si sufriera da\u00f1os y perjuicios como consecuencia del tratamiento de sus datos personales, podr\u00e1 presentar una reclamaci\u00f3n de indemnizaci\u00f3n.<\/p>\n\n\n\n<p><strong>A. <\/strong>Datos personales que Usted puede comunicarnos:<\/p>\n\n\n\n<p><strong>Categor\u00eda 1:<\/strong> sin registro: Su direcci\u00f3n IP;<br><strong>Categor\u00eda 2:<\/strong> Su nombre de perfil, contrase\u00f1a, direcci\u00f3n de correo electr\u00f3nico, datos de acceso (Si el sitio le permite crear una cuenta, por ejemplo, su cuenta personal en tiendas web, canales de medios sociales,\u2026)<br><strong>Categor\u00eda 3:<\/strong> al registrarse: suscripci\u00f3n a nuestro bolet\u00edn: nombre, direcci\u00f3n de correo electr\u00f3nico,\u2026<br><strong>Categor\u00eda 4:<\/strong> a trav\u00e9s de cookies (Google Analytics, Facebook Pixel,\u2026)<br><strong>Categor\u00eda 5:<\/strong> sus datos de direcci\u00f3n en respuesta a la realizaci\u00f3n de un pedido o solicitud de presupuesto, contacto general.<\/p>\n\n\n\n<p><strong>B.<\/strong> F Care Systems puede recopilar datos de usted (datos personales) de varias maneras:<br>Mediante el uso de cookies o durante su registro y uso del sitio web.<br>La <strong>Categor\u00eda 1<\/strong> y la <strong>Categor\u00eda 4 <\/strong>(Google Analytics) se aplican actualmente al sitio web de F Care Systems.<\/p>\n\n\n\n<h3 class=\"wp-block-heading\">Fines del tratamiento<\/h3>\n\n\n\n<p><strong>A.<\/strong> Fines generales:<\/p>\n\n\n\n<p>La Empresa s\u00f3lo utilizar\u00e1 los datos personales que recopile de usted para los siguientes fines:<br><strong>Categor\u00eda 1:<\/strong> el cuidado y la mejora de este sitio web y la inclusi\u00f3n de datos personales en estad\u00edsticas an\u00f3nimas, a partir de las cuales no se puede identificar la identidad de personas o empresas concretas, siendo la base legal los intereses leg\u00edtimos de F Care Systems para mejorar continuamente su sitio web y sus servicios.<br><strong>Categor\u00eda 2:<\/strong> gesti\u00f3n de su cuenta en este sitio web con el fin de utilizar nuestra empresa y nuestro sitio web, siendo la base jur\u00eddica la ejecuci\u00f3n de un contrato solicitado por usted y, si as\u00ed lo indica, tambi\u00e9n el env\u00edo de marketing directo, siendo la base jur\u00eddica su consentimiento expl\u00edcito y previo.<br><strong>Categor\u00eda 3:<\/strong> env\u00edo de marketing directo, boletines, acciones y promociones, siendo la base legal su consentimiento previo y expreso.<br><strong>Categor\u00eda 4: <\/strong>cookies con fines espec\u00edficos, siendo la base jur\u00eddica su consentimiento previo expl\u00edcito.<br><strong>Categor\u00eda 5: <\/strong>entrega y facturaci\u00f3n de productos solicitados por usted, siendo la base jur\u00eddica la prestaci\u00f3n de un servicio solicitado por usted.<br>Usted no est\u00e1 obligado a revelar sus datos personales, pero entiende que la prestaci\u00f3n de determinados servicios se hace imposible si rechaza el tratamiento.<\/p>\n\n\n\n<p><strong>B. <\/strong>Marketing directo:<\/p>\n\n\n\n<p>Los datos personales tambi\u00e9n se utilizar\u00e1n para marketing directo, siempre que Usted haya dado su consentimiento expl\u00edcito adicional (las preferencias de cookies que Usted mismo puede aceptar y\/o rechazar).<br>Si ya est\u00e1 incluido en una lista de correo para recibir material de marketing en papel y\/o en formato electr\u00f3nico, F Care Systems podr\u00e1 utilizar sus datos para enviarle material de marketing y de otro tipo relacionado con los productos y\/o servicios. F Care Systems podr\u00e1 utilizar los datos que nos facilite para actualizar los documentos que obren en su poder.<br>Este consentimiento podr\u00e1 revocarse en cualquier momento, sin justificaci\u00f3n y de forma gratuita, por ejemplo, haciendo clic en el enlace para darse de baja previsto a tal efecto en la parte inferior de cada correo electr\u00f3nico promocional.<br>Tambi\u00e9n puede enviar un correo electr\u00f3nico con este fin a info@fcaresystems.com en cualquier momento, de forma gratuita, tras lo cual F Care Systems tomar\u00e1 las medidas necesarias en un plazo de 48 horas.<\/p>\n\n\n\n<p><strong>C.<\/strong> Transferencia a terceros:<\/p>\n\n\n\n<p>En caso de reorganizaci\u00f3n o transferencia total o parcial de las actividades de F Care Systems por la que se reorganice, transfiera, cese sus actividades empresariales o si F Care Systems entra en quiebra, esto puede implicar la transferencia de sus datos a nuevas entidades o terceros a trav\u00e9s de los cuales se lleven a cabo todas o parte de las actividades empresariales de F Care Systems.<br>F Care Systems se esforzar\u00e1 por avisarle con antelaci\u00f3n de que F Care Systems puede revelar sus datos a dicho tercero, pero usted tambi\u00e9n reconoce que esto puede no ser t\u00e9cnica o comercialmente factible en todas las circunstancias.<br>F Care Systems NUNCA vender\u00e1, alquilar\u00e1, distribuir\u00e1 o pondr\u00e1 a disposici\u00f3n comercial de terceros sus datos personales, salvo en los casos descritos anteriormente o salvo con su consentimiento previo.<br><strong>D.<\/strong> Requisitos legales:<br>En raras ocasiones, F Care Systems puede verse obligado a revelar sus datos personales en virtud de una orden judicial o para cumplir con otras leyes o reglamentos obligatorios. F Care Systems se esforzar\u00e1 por informarle con antelaci\u00f3n, a menos que est\u00e9 sujeto a restricciones legales.<\/p>\n\n\n\n<h3 class=\"wp-block-heading\">Duraci\u00f3n del tratamiento<\/h3>\n\n\n\n<p>Los datos personales ser\u00e1n conservados y tratados por nosotros durante el periodo necesario en funci\u00f3n de los fines del tratamiento y en funci\u00f3n de la relaci\u00f3n contractual entre la Empresa y Usted.<\/p>\n\n\n\n<h3 class=\"wp-block-heading\">Sus derechos<\/h3>\n\n\n\n<p>Tiene derecho a acceder a sus datos personales en cualquier momento, as\u00ed como al uso que hacemos de sus datos personales.<br>Usted es libre de comunicar o no comunicar Sus datos personales a F Care Systems. Adem\u00e1s, siempre tendr\u00e1 derecho a solicitarnos que corrijamos, completemos o eliminemos sus datos personales. Usted reconoce que si se deniega la comunicaci\u00f3n o la solicitud de supresi\u00f3n de datos personales, determinados servicios y productos no estar\u00e1n disponibles. Tambi\u00e9n puede solicitar que se restrinja el tratamiento de sus datos personales.<br>Tambi\u00e9n tiene derecho a oponerse al tratamiento de sus datos personales por motivos graves y leg\u00edtimos. Adem\u00e1s, siempre tiene derecho a oponerse al uso de sus datos personales con fines de marketing directo; en tal caso, no es necesario que indique los motivos.<br>Usted tiene derecho a obtener y\/o transferir a otros responsables del tratamiento Sus datos personales procesados por Nosotros en un formato estructurado, com\u00fan y legible por m\u00e1quina.<br>En la medida en que el tratamiento se base en su consentimiento previo, tiene derecho a retirar dicho consentimiento.<br>Puede ejercer sus derechos poni\u00e9ndose en contacto con nosotros a tal efecto, ya sea por correo electr\u00f3nico a <a href=\"mailto:info@fcaresystems.com\">info@fcaresystems.com<\/a> o utilizando el formulario de contacto, siempre que adjunte una copia de su documento de identidad.<br>El tratamiento de sus datos personales no incluye la elaboraci\u00f3n de perfiles ni le someteremos a decisiones automatizadas.<\/p>\n\n\n\n<h3 class=\"wp-block-heading\">Contenido<\/h3>\n\n\n\n<p>Toda la informaci\u00f3n, ya sea en forma de texto, archivos, im\u00e1genes o cualquier otra forma, es proporcionada por F Care Systems \u00fanicamente con fines informativos.<\/p>\n\n\n\n<h3 class=\"wp-block-heading\">Responsabilidad<\/h3>\n\n\n\n<p>F Care Systems no se hace responsable de las inexactitudes o deficiencias en los datos que figuran en el sitio. Los datos incorrectos o las deficiencias del sitio no dan derecho a compensaci\u00f3n econ\u00f3mica alguna.<\/p>\n\n\n\n<h3 class=\"wp-block-heading\">Propiedad intelectual y derechos de autor<\/h3>\n\n\n\n<p>El usuario de este sitio web reconoce expresamente que los datos proporcionados, como textos y gr\u00e1ficos, est\u00e1n protegidos por derechos de propiedad intelectual y son y seguir\u00e1n siendo propiedad de F Care Systems. Queda prohibida la representaci\u00f3n total o parcial, reproducci\u00f3n, adaptaci\u00f3n y utilizaci\u00f3n con fines comerciales de cualquier forma del sitio web de F Care Systems sin el consentimiento previo por escrito de F Care Systems. Queda igualmente prohibido distribuir o almacenar electr\u00f3nicamente esta informaci\u00f3n, con la excepci\u00f3n del almacenamiento autom\u00e1tico en la memoria \u00abcach\u00e9\u00bb del navegador.<\/p>\n\n\n\n<h3 class=\"wp-block-heading\">Archivos de registro<\/h3>\n\n\n\n<p>En casi todas las visitas a un sitio web, sus acciones se almacenan en archivos de registro en el servidor web. F Care Systems se limita a los archivos de registro est\u00e1ndar. Esto significa que F Care Systems s\u00f3lo almacena informaci\u00f3n b\u00e1sica en los archivos de registro. Esta informaci\u00f3n b\u00e1sica muestra a qu\u00e9 hora se visitaron las p\u00e1ginas. Adem\u00e1s, la direcci\u00f3n IP del visitante tambi\u00e9n se almacena (de forma an\u00f3nima) en una base de datos. Esta informaci\u00f3n s\u00f3lo se utiliza para ajustar el sitio web a sus necesidades, analizar determinadas tendencias, mantener el sitio y recopilar informaci\u00f3n demogr\u00e1fica general. F Care Systems no analiza las direcciones IP.<\/p>\n\n\n\n<h3 class=\"wp-block-heading\">Seguridad y confidencialidad<\/h3>\n\n\n\n<p>El sitio web de F Care Systems cuenta con diversas medidas para proteger la informaci\u00f3n de nuestros visitantes. La informaci\u00f3n confidencial obtenida a trav\u00e9s de este sitio est\u00e1 protegida tanto en l\u00ednea como fuera de l\u00ednea. Su direcci\u00f3n de correo electr\u00f3nico no ser\u00e1 cedida ni vendida a terceros bajo ninguna circunstancia. Tiene derecho a solicitar y modificar su informaci\u00f3n personal almacenada en F Care Systems en caso necesario. Para ello, env\u00ede un correo electr\u00f3nico a <a href=\"mailto:info@fcaresystems.com\">info@fcaresystems.com<\/a>.<br>F Care Systems no ser\u00e1 responsable en ning\u00fan caso de los da\u00f1os directos o indirectos derivados de un uso incorrecto o il\u00edcito de los datos personales por parte de terceros.<br>El usuario deber\u00e1 cumplir en todo momento las normas de seguridad, en particular impidiendo cualquier acceso no autorizado a su nombre de usuario y c\u00f3digo. Por lo tanto, Usted es el \u00fanico responsable del uso que se haga desde el Sitio Web de Su ordenador, direcci\u00f3n IP y de Sus datos de identificaci\u00f3n, as\u00ed como de su confidencialidad.<\/p>\n\n\n\n<h3 class=\"wp-block-heading\">Enlaces<\/h3>\n\n\n\n<p>El sitio web de F Care Systems contiene enlaces a otros sitios. F Care Systems no ejerce ning\u00fan control sobre dichos sitios web y no acepta ninguna responsabilidad en relaci\u00f3n con su contenido. Recomendamos a nuestros visitantes que lean la pol\u00edtica de privacidad de cualquier sitio que recopile informaci\u00f3n personal cuando abandonen el sitio web de F Care Systems. La pol\u00edtica de privacidad del sitio web de F Care Systems se refiere \u00fanicamente a la informaci\u00f3n recogida a trav\u00e9s de este sitio.<\/p>\n\n\n\n<h3 class=\"wp-block-heading\">Avisos y modificaciones<\/h3>\n\n\n\n<p>F Care Systems se reserva el derecho a modificar esta Pol\u00edtica de Privacidad en cualquier momento.<\/p>\n\n\n\n<h2 class=\"wp-block-heading\">Cookies<\/h2>\n\n\n\n<h3 class=\"wp-block-heading\">\u00bfQu\u00e9 son las cookies?<\/h3>\n\n\n\n<p>Una \u00abcookie\u00bb es un peque\u00f1o archivo transmitido por el servidor de F Care Systems y colocado en el disco duro de su ordenador. La informaci\u00f3n almacenada en estas cookies s\u00f3lo puede ser le\u00edda por nosotros y \u00fanicamente mientras dure la visita al sitio web.<\/p>\n\n\n\n<h3 class=\"wp-block-heading\">\u00bfPor qu\u00e9 utilizamos cookies?<\/h3>\n\n\n\n<p>Nuestro sitio web utiliza cookies y tecnolog\u00edas similares para distinguir sus preferencias de las de otros usuarios. Esto nos ayuda a ofrecerle una mejor experiencia de usuario cuando visita nuestro sitio web y tambi\u00e9n nos permite optimizarlo. Como resultado de recientes cambios legislativos, todos los sitios web dirigidos a determinadas partes de la Uni\u00f3n Europea est\u00e1n obligados a pedir su permiso para utilizar o almacenar cookies y tecnolog\u00edas similares en sus ordenadores o dispositivos m\u00f3viles. Esta pol\u00edtica de cookies le ofrece informaci\u00f3n clara y completa sobre las cookies que utilizamos y su finalidad.<\/p>\n\n\n\n<h3 class=\"wp-block-heading\">Tipos de cookies<\/h3>\n\n\n\n<p>Aunque existen diferentes tipos de cookies, que se distinguen por su funcionalidad, origen o periodo de conservaci\u00f3n, la legislaci\u00f3n distingue principalmente entre cookies funcionales o t\u00e9cnicamente necesarias, por un lado, y el resto de cookies, por otro. \u00c9stas sirven para recordar sus preferencias personales en torno a las propias cookies, ajustes de idioma, formularios,\u2026<br>El sitio web s\u00f3lo utiliza cookies funcionales y cookies no funcionales (Facebook Pixel, Google Analytics,\u2026 ). Para las cookies colocadas por terceros, por favor consulte las declaraciones hechas por estas partes en sus respectivos sitios web sobre ellos.<br>Tenga en cuenta que no ejercemos ninguna influencia sobre el contenido de dichas declaraciones, ni sobre el contenido de las cookies de estos terceros.<\/p>\n\n\n\n<h3 class=\"wp-block-heading\">Su consentimiento<\/h3>\n\n\n\n<p>En su primera visita a nuestro sitio web, se le pedir\u00e1 que acepte nuestros diferentes tipos de cookies. Puede permitir\/rechazar las cookies por categor\u00eda o aceptar todas las cookies con un solo clic. Puede rechazar la instalaci\u00f3n de estas cookies rechazando las cookies respectivas en la \u00abpantalla de cambio de preferencias de cookies\u00bb cuando utilice el sitio web por primera vez. Deshabilitar las cookies puede significar que Usted no pueda utilizar ciertas funcionalidades del sitio web.<\/p>\n\n\n\n<p>Si tiene m\u00e1s preguntas o comentarios sobre el tratamiento de sus datos personales, no dude en ponerse en contacto con nosotros por correo electr\u00f3nico a <a href=\"mailto:info@fcaresystems.com\">info@fcaresystems.com<\/a>.<br>Tambi\u00e9n puede encontrar m\u00e1s informaci\u00f3n sobre las cookies en: <a href=\"http:\/\/www.allaboutcookies.org\">www.allaboutcookies.org<\/a><br>Puede encontrar m\u00e1s informaci\u00f3n sobre la publicidad basada en el comportamiento en l\u00ednea y la privacidad en l\u00ednea aqu\u00ed: <a href=\"http:\/\/www.youronlinechoices.eu\">www.youronlinechoices.eu<\/a><\/p>\n\n\n\n<div class=\"wp-block-fcs-core-spacer u-padding-lg-lg u-padding-md\"><\/div>\n<\/div>\n","protected":false},"excerpt":{"rendered":"","protected":false},"author":1,"featured_media":0,"parent":0,"menu_order":0,"comment_status":"closed","ping_status":"closed","template":"","meta":{"_color_hex":"","_color_slug":"","footnotes":""},"class_list":["post-8123","page","type-page","status-publish","hentry"],"yoast_head":"<!-- This site is optimized with the Yoast SEO plugin v27.0 - https:\/\/yoast.com\/product\/yoast-seo-wordpress\/ -->\n<title>Pol\u00edtica de privacidad y cookies | F Care Systems<\/title>\n<meta name=\"description\" content=\"M\u00e1s informaci\u00f3n sobre c\u00f3mo procesamos sus datos personales.\" \/>\n<meta name=\"robots\" content=\"index, follow, max-snippet:-1, max-image-preview:large, max-video-preview:-1\" \/>\n<link rel=\"canonical\" href=\"https:\/\/fcaresystems.com\/es\/politica-de-privacidad\/\" \/>\n<meta property=\"og:locale\" content=\"es_ES\" \/>\n<meta property=\"og:type\" content=\"article\" \/>\n<meta property=\"og:title\" content=\"Pol\u00edtica de privacidad y cookies | F Care Systems\" \/>\n<meta property=\"og:description\" content=\"M\u00e1s informaci\u00f3n sobre c\u00f3mo procesamos sus datos personales.\" \/>\n<meta property=\"og:url\" content=\"https:\/\/fcaresystems.com\/es\/politica-de-privacidad\/\" \/>\n<meta property=\"og:site_name\" content=\"F Care Systems\" \/>\n<meta property=\"article:modified_time\" content=\"2023-07-06T12:53:30+00:00\" \/>\n<meta name=\"twitter:card\" content=\"summary_large_image\" \/>\n<meta name=\"twitter:label1\" content=\"Tiempo de lectura\" \/>\n\t<meta name=\"twitter:data1\" content=\"10 minutos\" \/>\n<script type=\"application\/ld+json\" class=\"yoast-schema-graph\">{\"@context\":\"https:\/\/schema.org\",\"@graph\":[{\"@type\":\"WebPage\",\"@id\":\"https:\/\/fcaresystems.com\/es\/politica-de-privacidad\/\",\"url\":\"https:\/\/fcaresystems.com\/es\/politica-de-privacidad\/\",\"name\":\"Pol\u00edtica de privacidad y cookies | F Care Systems\",\"isPartOf\":{\"@id\":\"https:\/\/fcaresystems.com\/es\/#website\"},\"datePublished\":\"2022-10-06T10:57:19+00:00\",\"dateModified\":\"2023-07-06T12:53:30+00:00\",\"description\":\"M\u00e1s informaci\u00f3n sobre c\u00f3mo procesamos sus datos personales.\",\"breadcrumb\":{\"@id\":\"https:\/\/fcaresystems.com\/es\/politica-de-privacidad\/#breadcrumb\"},\"inLanguage\":\"es\",\"potentialAction\":[{\"@type\":\"ReadAction\",\"target\":[\"https:\/\/fcaresystems.com\/es\/politica-de-privacidad\/\"]}]},{\"@type\":\"BreadcrumbList\",\"@id\":\"https:\/\/fcaresystems.com\/es\/politica-de-privacidad\/#breadcrumb\",\"itemListElement\":[{\"@type\":\"ListItem\",\"position\":1,\"name\":\"Home\",\"item\":\"https:\/\/fcaresystems.com\/es\/\"},{\"@type\":\"ListItem\",\"position\":2,\"name\":\"Pol\u00edtica de privacidad y cookies\"}]},{\"@type\":\"WebSite\",\"@id\":\"https:\/\/fcaresystems.com\/es\/#website\",\"url\":\"https:\/\/fcaresystems.com\/es\/\",\"name\":\"F Care Systems\",\"description\":\"\",\"publisher\":{\"@id\":\"https:\/\/fcaresystems.com\/es\/#organization\"},\"potentialAction\":[{\"@type\":\"SearchAction\",\"target\":{\"@type\":\"EntryPoint\",\"urlTemplate\":\"https:\/\/fcaresystems.com\/es\/?s={search_term_string}\"},\"query-input\":{\"@type\":\"PropertyValueSpecification\",\"valueRequired\":true,\"valueName\":\"search_term_string\"}}],\"inLanguage\":\"es\"},{\"@type\":\"Organization\",\"@id\":\"https:\/\/fcaresystems.com\/es\/#organization\",\"name\":\"F Care Systems\",\"url\":\"https:\/\/fcaresystems.com\/es\/\",\"logo\":{\"@type\":\"ImageObject\",\"inLanguage\":\"es\",\"@id\":\"https:\/\/fcaresystems.com\/es\/#\/schema\/logo\/image\/\",\"url\":\"https:\/\/fcaresystems.com\/wp-content\/uploads\/2022\/11\/logo-2.svg\",\"contentUrl\":\"https:\/\/fcaresystems.com\/wp-content\/uploads\/2022\/11\/logo-2.svg\",\"caption\":\"F Care Systems\"},\"image\":{\"@id\":\"https:\/\/fcaresystems.com\/es\/#\/schema\/logo\/image\/\"}}]}<\/script>\n<!-- \/ Yoast SEO plugin. -->","yoast_head_json":{"title":"Pol\u00edtica de privacidad y cookies | F Care Systems","description":"M\u00e1s informaci\u00f3n sobre c\u00f3mo procesamos sus datos personales.","robots":{"index":"index","follow":"follow","max-snippet":"max-snippet:-1","max-image-preview":"max-image-preview:large","max-video-preview":"max-video-preview:-1"},"canonical":"https:\/\/fcaresystems.com\/es\/politica-de-privacidad\/","og_locale":"es_ES","og_type":"article","og_title":"Pol\u00edtica de privacidad y cookies | F Care Systems","og_description":"M\u00e1s informaci\u00f3n sobre c\u00f3mo procesamos sus datos personales.","og_url":"https:\/\/fcaresystems.com\/es\/politica-de-privacidad\/","og_site_name":"F Care Systems","article_modified_time":"2023-07-06T12:53:30+00:00","twitter_card":"summary_large_image","twitter_misc":{"Tiempo de lectura":"10 minutos"},"schema":{"@context":"https:\/\/schema.org","@graph":[{"@type":"WebPage","@id":"https:\/\/fcaresystems.com\/es\/politica-de-privacidad\/","url":"https:\/\/fcaresystems.com\/es\/politica-de-privacidad\/","name":"Pol\u00edtica de privacidad y cookies | F Care Systems","isPartOf":{"@id":"https:\/\/fcaresystems.com\/es\/#website"},"datePublished":"2022-10-06T10:57:19+00:00","dateModified":"2023-07-06T12:53:30+00:00","description":"M\u00e1s informaci\u00f3n sobre c\u00f3mo procesamos sus datos personales.","breadcrumb":{"@id":"https:\/\/fcaresystems.com\/es\/politica-de-privacidad\/#breadcrumb"},"inLanguage":"es","potentialAction":[{"@type":"ReadAction","target":["https:\/\/fcaresystems.com\/es\/politica-de-privacidad\/"]}]},{"@type":"BreadcrumbList","@id":"https:\/\/fcaresystems.com\/es\/politica-de-privacidad\/#breadcrumb","itemListElement":[{"@type":"ListItem","position":1,"name":"Home","item":"https:\/\/fcaresystems.com\/es\/"},{"@type":"ListItem","position":2,"name":"Pol\u00edtica de privacidad y cookies"}]},{"@type":"WebSite","@id":"https:\/\/fcaresystems.com\/es\/#website","url":"https:\/\/fcaresystems.com\/es\/","name":"F Care Systems","description":"","publisher":{"@id":"https:\/\/fcaresystems.com\/es\/#organization"},"potentialAction":[{"@type":"SearchAction","target":{"@type":"EntryPoint","urlTemplate":"https:\/\/fcaresystems.com\/es\/?s={search_term_string}"},"query-input":{"@type":"PropertyValueSpecification","valueRequired":true,"valueName":"search_term_string"}}],"inLanguage":"es"},{"@type":"Organization","@id":"https:\/\/fcaresystems.com\/es\/#organization","name":"F Care Systems","url":"https:\/\/fcaresystems.com\/es\/","logo":{"@type":"ImageObject","inLanguage":"es","@id":"https:\/\/fcaresystems.com\/es\/#\/schema\/logo\/image\/","url":"https:\/\/fcaresystems.com\/wp-content\/uploads\/2022\/11\/logo-2.svg","contentUrl":"https:\/\/fcaresystems.com\/wp-content\/uploads\/2022\/11\/logo-2.svg","caption":"F Care Systems"},"image":{"@id":"https:\/\/fcaresystems.com\/es\/#\/schema\/logo\/image\/"}}]}},"_links":{"self":[{"href":"https:\/\/fcaresystems.com\/es\/wp-json\/wp\/v2\/pages\/8123","targetHints":{"allow":["GET"]}}],"collection":[{"href":"https:\/\/fcaresystems.com\/es\/wp-json\/wp\/v2\/pages"}],"about":[{"href":"https:\/\/fcaresystems.com\/es\/wp-json\/wp\/v2\/types\/page"}],"author":[{"embeddable":true,"href":"https:\/\/fcaresystems.com\/es\/wp-json\/wp\/v2\/users\/1"}],"replies":[{"embeddable":true,"href":"https:\/\/fcaresystems.com\/es\/wp-json\/wp\/v2\/comments?post=8123"}],"version-history":[{"count":9,"href":"https:\/\/fcaresystems.com\/es\/wp-json\/wp\/v2\/pages\/8123\/revisions"}],"predecessor-version":[{"id":12219,"href":"https:\/\/fcaresystems.com\/es\/wp-json\/wp\/v2\/pages\/8123\/revisions\/12219"}],"wp:attachment":[{"href":"https:\/\/fcaresystems.com\/es\/wp-json\/wp\/v2\/media?parent=8123"}],"curies":[{"name":"wp","href":"https:\/\/api.w.org\/{rel}","templated":true}]}}