{"id":8042,"date":"2022-10-24T14:25:57","date_gmt":"2022-10-24T12:25:57","guid":{"rendered":"https:\/\/fcaresystems.com\/patient-information\/"},"modified":"2023-07-06T14:12:19","modified_gmt":"2023-07-06T12:12:19","slug":"informacion-al-paciente","status":"publish","type":"page","link":"https:\/\/fcaresystems.com\/es\/informacion-al-paciente\/","title":{"rendered":"Informaci\u00f3n al paciente"},"content":{"rendered":"\n<section class=\"wp-block-fcs-core-header is-style-gradient--patient\"><header class=\"c-header c-header-wrapper c-header-wrapper-s\"><figure class=\"c-header-img \"><img decoding=\"async\" src=\"https:\/\/fcaresystems.com\/wp-content\/uploads\/2023\/01\/Hero_patients-overview-3.jpg\" class=\"c-header-img\"\/><figcaption class=\"c-header-content\"><div class=\"o-container\">\n<div class=\"wp-block-fcs-core-spacer u-padding-sm-lg u-padding-sm\"><\/div>\n\n\n\n<div class=\"wp-block-group c-breadcrumb\"><div class=\"wp-block-group__inner-container is-layout-flow wp-block-group-is-layout-flow\"><span><span><a href=\"https:\/\/fcaresystems.com\/es\/\">Home<\/a><\/span><\/span>\n<\/div><\/div>\n\n\n\n<div class=\"wp-block-fcs-core-spacer u-padding-sm-lg u-padding-md\"><\/div>\n\n\n\n<h1 class=\"wp-block-heading has-white-color has-text-color\">Informaci\u00f3n al paciente<\/h1>\n<\/div><\/figcaption><\/figure><\/header><\/section>\n\n\n\n<div class=\"wp-block-group has-quaternary-light-background-color has-background\"><div class=\"wp-block-group__inner-container is-layout-constrained wp-block-group-is-layout-constrained\">\n<div class=\"wp-block-fcs-core-container o-container\">\n<div class=\"wp-block-fcs-core-spacer u-padding-md-lg u-padding-md\"><\/div>\n\n\n\n<div class=\"wp-block-columns is-layout-flex wp-container-core-columns-is-layout-9d6595d7 wp-block-columns-is-layout-flex\">\n<div class=\"wp-block-column is-layout-flow wp-block-column-is-layout-flow\" style=\"flex-basis:66.66%\">\n<h2 class=\"wp-block-heading has-quaternary-color has-text-color\"><strong>Informaci\u00f3n sobre los tratamientos<\/strong><\/h2>\n\n\n\n<p>\u00a1Bienvenido!<\/p>\n\n\n\n<div class=\"wp-block-fcs-core-spacer u-padding-xxs-lg u-padding-xs\"><\/div>\n\n\n\n<p>Hemos recopilado informaci\u00f3n sobre diferentes trastornos para los que est\u00e1n dise\u00f1ados nuestros productos: qu\u00e9 son, cu\u00e1les son sus causas, c\u00f3mo prevenirlos y qu\u00e9 opciones est\u00e1n disponibles para tratarlos (incluidas las nuestras, por supuesto). Esperamos que las explicaciones le ayuden durante su b\u00fasqueda de atenci\u00f3n m\u00e9dica. \u00a1Disfrute de la lectura!<\/p>\n<\/div>\n\n\n\n<div class=\"wp-block-column is-layout-flow wp-block-column-is-layout-flow\" style=\"flex-basis:33.33%\"><\/div>\n<\/div>\n\n\n\n<div class=\"wp-block-fcs-core-spacer u-padding-sm-lg u-padding-sm\"><\/div>\n\n\n<div class='o-grid o-grid-3-lg o-grid-gap-s c-thumbnails--patient'><a href=\"https:\/\/fcaresystems.com\/es\/informacion-al-paciente\/hemorroides\/\" class=\"c-thumbnail\">\n    <figure>\n        <img decoding=\"async\" src=\"https:\/\/fcaresystems.com\/wp-content\/uploads\/2022\/11\/teaser-patient-haemorrhoids.jpg\" alt=\"\" title=\"\" width=\"364\" height=\"188\" loading=\"lazy\" \/>\n    <\/figure>\n    <div class=\"c-thumbnail__content\">\n        <div>\n            <h3>Hemorroides<\/h3>\n            <p>Si ha estado experimentando picor, dolor o sangrado \u00aben su trasero\u00bb, no es el \u00fanico: las hemorroides (almorranas) podr\u00edan ser el problema de salud m\u00e1s extendido del que nadie habla. Descubra por qu\u00e9 se desarrollan y, lo que es m\u00e1s importante, c\u00f3mo deshacerse de ellas.<\/p>\n        <\/div>\n        <p class=\"c-button-link c-button-link--icon u-margin-none\">Leer m\u00e1s<\/p>\n    <\/div>\n<\/a><a href=\"https:\/\/fcaresystems.com\/es\/informacion-al-paciente\/fistulas-anales\/\" class=\"c-thumbnail\">\n    <figure>\n        <img decoding=\"async\" src=\"https:\/\/fcaresystems.com\/wp-content\/uploads\/2023\/01\/Patient-anal-fistulas.jpg\" alt=\"\" title=\"\" width=\"364\" height=\"188\" loading=\"lazy\" \/>\n    <\/figure>\n    <div class=\"c-thumbnail__content\">\n        <div>\n            <h3>F\u00edstulas anales<\/h3>\n            <p>La buena noticia es que las f\u00edstulas anales no est\u00e1n causadas por una mala higiene. La mala noticia es que, una vez formadas, casi nunca desaparecen solas. Siga leyendo para obtener informaci\u00f3n sobre el origen de las f\u00edstulas anales y la forma de sellarlas.<\/p>\n        <\/div>\n        <p class=\"c-button-link c-button-link--icon u-margin-none\">Leer m\u00e1s<\/p>\n    <\/div>\n<\/a><a href=\"https:\/\/fcaresystems.com\/es\/informacion-al-paciente\/venas-varicosas\/\" class=\"c-thumbnail\">\n    <figure>\n        <img decoding=\"async\" src=\"https:\/\/fcaresystems.com\/wp-content\/uploads\/2022\/11\/teaser-patient\u2013varicose-veins.jpg\" alt=\"\" title=\"\" width=\"364\" height=\"188\" loading=\"lazy\" \/>\n    <\/figure>\n    <div class=\"c-thumbnail__content\">\n        <div>\n            <h3>Venas varicosas<\/h3>\n            <p>\u00bfAlguna vez se ha preguntado por qu\u00e9 las venas de las piernas de algunas personas sobresalen? \u00bfSiente las pantorrillas y los pies hinchados y pesados al final del d\u00eda? Para algunas personas, las venas varicosas son solo un impedimento a la hora de llevar pantalones cortos, pero para otras, pueden provocar s\u00edntomas m\u00e1s graves. Afortunadamente, son m\u00e1s f\u00e1ciles de tratar que nunca.<\/p>\n        <\/div>\n        <p class=\"c-button-link c-button-link--icon u-margin-none\">Leer m\u00e1s<\/p>\n    <\/div>\n<\/a><a href=\"https:\/\/fcaresystems.com\/es\/informacion-al-paciente\/trastornos-cutaneos\/\" class=\"c-thumbnail\">\n    <figure>\n        <img decoding=\"async\" src=\"https:\/\/fcaresystems.com\/wp-content\/uploads\/2022\/11\/teaser-patient\u2013skin-disorder.jpg\" alt=\"\" title=\"\" width=\"364\" height=\"188\" loading=\"lazy\" \/>\n    <\/figure>\n    <div class=\"c-thumbnail__content\">\n        <div>\n            <h3>Trastornos cut\u00e1neos<\/h3>\n            <p>Arrugas, ara\u00f1as vasculares, estr\u00edas, lunares rojos, papilomas cut\u00e1neos&#8230; Aunque ninguno de ellos es un problema de salud importante, pueden afectar la imagen que una persona tiene de s\u00ed misma. Hemos recopilado informaci\u00f3n sobre una gran variedad de trastornos cut\u00e1neos, incluyendo c\u00f3mo se pueden prevenir (si se puede) y c\u00f3mo la medicina moderna puede ayudar.<\/p>\n        <\/div>\n        <p class=\"c-button-link c-button-link--icon u-margin-none\">Leer m\u00e1s<\/p>\n    <\/div>\n<\/a><a href=\"https:\/\/fcaresystems.com\/es\/informacion-al-paciente\/celulitis\/\" class=\"c-thumbnail\">\n    <figure>\n        <img decoding=\"async\" src=\"https:\/\/fcaresystems.com\/wp-content\/uploads\/2022\/11\/teaser-patient\u2013cellulite.jpg\" alt=\"\" title=\"\" width=\"364\" height=\"188\" loading=\"lazy\" \/>\n    <\/figure>\n    <div class=\"c-thumbnail__content\">\n        <div>\n            <h3>Celulitis<\/h3>\n            <p>A pesar de lo que le muestran las revistas, la gran mayor\u00eda de las mujeres (y algunos hombres) tienen celulitis. Aunque los investigadores todav\u00eda tienen preguntas sobre c\u00f3mo y por qu\u00e9 se desarrolla, hay varios enfoques nuevos y prometedores para reducir su aspecto. <\/p>\n        <\/div>\n        <p class=\"c-button-link c-button-link--icon u-margin-none\">Leer m\u00e1s<\/p>\n    <\/div>\n<\/a><\/div>\n\n\n<div class=\"wp-block-fcs-core-spacer u-padding-xl-lg u-padding-md\"><\/div>\n<\/div>\n<\/div><\/div>\n\n\n\n<div class=\"wp-block-fcs-core-spacer u-padding-lg-lg u-padding-md\"><\/div>\n\n\n\n<div class=\"wp-block-fcs-core-container o-container\">\n<div class=\"wp-block-columns is-layout-flex wp-container-core-columns-is-layout-9d6595d7 wp-block-columns-is-layout-flex\">\n<div class=\"wp-block-column is-layout-flow wp-block-column-is-layout-flow\">\n<h2 class=\"wp-block-heading has-quaternary-color has-text-color\">Radiofrequencia<\/h2>\n\n\n\n<p>Estamos especializados en tratamientos m\u00ednimamente invasivos con energ\u00eda de radiofrecuencia (RF). Muchos de ellos implican un proceso llamado <mark style=\"background-color:rgba(0, 0, 0, 0)\" class=\"has-inline-color has-primary-color\"><a href=\"https:\/\/fcaresystems.com\/es\/termocoagulacion-por-radiofrecuencia\/\">termocoagulaci\u00f3n<\/a><\/mark>, que utiliza RF dirigida con precisi\u00f3n a calentar y destruir el tejido no saludable (como hemorroides o venas varicosas). Las sondas y los cat\u00e9teres ultrafinos utilizados para suministrar la energ\u00eda evitan da\u00f1os en el tejido sano circundante.<\/p>\n<\/div>\n\n\n\n<div class=\"wp-block-column is-layout-flow wp-block-column-is-layout-flow\">\n<div class=\"wp-block-fcs-core-spacer u-padding-xs-lg\"><\/div>\n\n\n\n<p class=\"has-medium-font-size\"><strong><mark style=\"background-color:rgba(0, 0, 0, 0)\" class=\"has-inline-color has-quaternary-color\"><strong>Ventajas de la <\/strong>radiofrequencia:<\/mark><\/strong><\/p>\n\n\n\n<ul class=\"is-style-patient wp-block-list\">\n<li>No se requiere incisi\u00f3n y no hay riesgos asociados a la cirug\u00eda<\/li>\n\n\n\n<li>Se puede realizar de forma ambulatoria en un solo d\u00eda<\/li>\n\n\n\n<li>M\u00e9todo extremadamente seguro con un riesgo m\u00ednimo de complicaciones<\/li>\n\n\n\n<li>Le permite reanudar r\u00e1pidamente sus actividades cotidianas<\/li>\n<\/ul>\n<\/div>\n<\/div>\n<\/div>\n\n\n\n<div class=\"wp-block-fcs-core-spacer u-padding-lg-lg u-padding-md\"><\/div>\n\n\n\n<div class=\"wp-block-group has-secondary-background-color has-background\"><div class=\"wp-block-group__inner-container is-layout-constrained wp-block-group-is-layout-constrained\">\n<div class=\"wp-block-fcs-core-container o-container\">\n<div class=\"wp-block-fcs-core-spacer u-padding-xl-lg u-padding-md\"><\/div>\n\n\n\n<h2 class=\"wp-block-heading has-text-align-center has-white-color has-text-color\">\u00bfQuiere saber m\u00e1s?<\/h2>\n\n\n\n<div class=\"wp-block-buttons is-content-justification-center is-layout-flex wp-container-core-buttons-is-layout-16018d1d wp-block-buttons-is-layout-flex\">\n<div class=\"wp-block-button is-style-fill\"><a class=\"wp-block-button__link has-primary-background-color has-background wp-element-button\" href=\"https:\/\/fcaresystems.com\/es\/contacto\/\">Cont\u00e1ctenos<\/a><\/div>\n<\/div>\n\n\n\n<div class=\"wp-block-fcs-core-spacer u-padding-xl-lg u-padding-md\"><\/div>\n<\/div>\n<\/div><\/div>\n","protected":false},"excerpt":{"rendered":"","protected":false},"author":1,"featured_media":0,"parent":0,"menu_order":0,"comment_status":"closed","ping_status":"closed","template":"","meta":{"_color_hex":"","_color_slug":"","footnotes":""},"class_list":["post-8042","page","type-page","status-publish","hentry"],"yoast_head":"<!-- This site is optimized with the Yoast SEO plugin v27.0 - https:\/\/yoast.com\/product\/yoast-seo-wordpress\/ -->\n<title>Informaci\u00f3n al paciente | F Care Systems<\/title>\n<meta name=\"description\" content=\"Informaci\u00f3n para pacientes sobre las causas, los tratamientos y la prevenci\u00f3n de diversas afecciones, como las hemorroides, las f\u00edstulas anales, las varices y otras.\" \/>\n<meta name=\"robots\" content=\"index, follow, max-snippet:-1, max-image-preview:large, max-video-preview:-1\" \/>\n<link rel=\"canonical\" href=\"https:\/\/fcaresystems.com\/es\/informacion-al-paciente\/\" \/>\n<meta property=\"og:locale\" content=\"es_ES\" \/>\n<meta property=\"og:type\" content=\"article\" \/>\n<meta property=\"og:title\" content=\"Informaci\u00f3n al paciente | F Care Systems\" \/>\n<meta property=\"og:description\" content=\"Informaci\u00f3n para pacientes sobre las causas, los tratamientos y la prevenci\u00f3n de diversas afecciones, como las hemorroides, las f\u00edstulas anales, las varices y otras.\" \/>\n<meta property=\"og:url\" content=\"https:\/\/fcaresystems.com\/es\/informacion-al-paciente\/\" \/>\n<meta property=\"og:site_name\" content=\"F Care Systems\" \/>\n<meta property=\"article:modified_time\" content=\"2023-07-06T12:12:19+00:00\" \/>\n<meta property=\"og:image\" content=\"https:\/\/fcaresystems.com\/wp-content\/uploads\/2023\/01\/Hero_patients-overview-3.jpg\" \/>\n<meta name=\"twitter:card\" content=\"summary_large_image\" \/>\n<meta name=\"twitter:label1\" content=\"Tiempo de lectura\" \/>\n\t<meta name=\"twitter:data1\" content=\"1 minuto\" \/>\n<script type=\"application\/ld+json\" class=\"yoast-schema-graph\">{\"@context\":\"https:\/\/schema.org\",\"@graph\":[{\"@type\":\"WebPage\",\"@id\":\"https:\/\/fcaresystems.com\/es\/informacion-al-paciente\/\",\"url\":\"https:\/\/fcaresystems.com\/es\/informacion-al-paciente\/\",\"name\":\"Informaci\u00f3n al paciente | F Care Systems\",\"isPartOf\":{\"@id\":\"https:\/\/fcaresystems.com\/es\/#website\"},\"primaryImageOfPage\":{\"@id\":\"https:\/\/fcaresystems.com\/es\/informacion-al-paciente\/#primaryimage\"},\"image\":{\"@id\":\"https:\/\/fcaresystems.com\/es\/informacion-al-paciente\/#primaryimage\"},\"thumbnailUrl\":\"https:\/\/fcaresystems.com\/wp-content\/uploads\/2023\/01\/Hero_patients-overview-3.jpg\",\"datePublished\":\"2022-10-24T12:25:57+00:00\",\"dateModified\":\"2023-07-06T12:12:19+00:00\",\"description\":\"Informaci\u00f3n para pacientes sobre las causas, los tratamientos y la prevenci\u00f3n de diversas afecciones, como las hemorroides, las f\u00edstulas anales, las varices y otras.\",\"breadcrumb\":{\"@id\":\"https:\/\/fcaresystems.com\/es\/informacion-al-paciente\/#breadcrumb\"},\"inLanguage\":\"es\",\"potentialAction\":[{\"@type\":\"ReadAction\",\"target\":[\"https:\/\/fcaresystems.com\/es\/informacion-al-paciente\/\"]}]},{\"@type\":\"ImageObject\",\"inLanguage\":\"es\",\"@id\":\"https:\/\/fcaresystems.com\/es\/informacion-al-paciente\/#primaryimage\",\"url\":\"https:\/\/fcaresystems.com\/wp-content\/uploads\/2023\/01\/Hero_patients-overview-3.jpg\",\"contentUrl\":\"https:\/\/fcaresystems.com\/wp-content\/uploads\/2023\/01\/Hero_patients-overview-3.jpg\"},{\"@type\":\"BreadcrumbList\",\"@id\":\"https:\/\/fcaresystems.com\/es\/informacion-al-paciente\/#breadcrumb\",\"itemListElement\":[{\"@type\":\"ListItem\",\"position\":1,\"name\":\"Home\",\"item\":\"https:\/\/fcaresystems.com\/es\/\"},{\"@type\":\"ListItem\",\"position\":2,\"name\":\"Informaci\u00f3n al paciente\"}]},{\"@type\":\"WebSite\",\"@id\":\"https:\/\/fcaresystems.com\/es\/#website\",\"url\":\"https:\/\/fcaresystems.com\/es\/\",\"name\":\"F Care Systems\",\"description\":\"\",\"publisher\":{\"@id\":\"https:\/\/fcaresystems.com\/es\/#organization\"},\"potentialAction\":[{\"@type\":\"SearchAction\",\"target\":{\"@type\":\"EntryPoint\",\"urlTemplate\":\"https:\/\/fcaresystems.com\/es\/?s={search_term_string}\"},\"query-input\":{\"@type\":\"PropertyValueSpecification\",\"valueRequired\":true,\"valueName\":\"search_term_string\"}}],\"inLanguage\":\"es\"},{\"@type\":\"Organization\",\"@id\":\"https:\/\/fcaresystems.com\/es\/#organization\",\"name\":\"F Care Systems\",\"url\":\"https:\/\/fcaresystems.com\/es\/\",\"logo\":{\"@type\":\"ImageObject\",\"inLanguage\":\"es\",\"@id\":\"https:\/\/fcaresystems.com\/es\/#\/schema\/logo\/image\/\",\"url\":\"https:\/\/fcaresystems.com\/wp-content\/uploads\/2022\/11\/logo-2.svg\",\"contentUrl\":\"https:\/\/fcaresystems.com\/wp-content\/uploads\/2022\/11\/logo-2.svg\",\"caption\":\"F Care Systems\"},\"image\":{\"@id\":\"https:\/\/fcaresystems.com\/es\/#\/schema\/logo\/image\/\"}}]}<\/script>\n<!-- \/ Yoast SEO plugin. -->","yoast_head_json":{"title":"Informaci\u00f3n al paciente | F Care Systems","description":"Informaci\u00f3n para pacientes sobre las causas, los tratamientos y la prevenci\u00f3n de diversas afecciones, como las hemorroides, las f\u00edstulas anales, las varices y otras.","robots":{"index":"index","follow":"follow","max-snippet":"max-snippet:-1","max-image-preview":"max-image-preview:large","max-video-preview":"max-video-preview:-1"},"canonical":"https:\/\/fcaresystems.com\/es\/informacion-al-paciente\/","og_locale":"es_ES","og_type":"article","og_title":"Informaci\u00f3n al paciente | F Care Systems","og_description":"Informaci\u00f3n para pacientes sobre las causas, los tratamientos y la prevenci\u00f3n de diversas afecciones, como las hemorroides, las f\u00edstulas anales, las varices y otras.","og_url":"https:\/\/fcaresystems.com\/es\/informacion-al-paciente\/","og_site_name":"F Care Systems","article_modified_time":"2023-07-06T12:12:19+00:00","og_image":[{"url":"https:\/\/fcaresystems.com\/wp-content\/uploads\/2023\/01\/Hero_patients-overview-3.jpg","type":"","width":"","height":""}],"twitter_card":"summary_large_image","twitter_misc":{"Tiempo de lectura":"1 minuto"},"schema":{"@context":"https:\/\/schema.org","@graph":[{"@type":"WebPage","@id":"https:\/\/fcaresystems.com\/es\/informacion-al-paciente\/","url":"https:\/\/fcaresystems.com\/es\/informacion-al-paciente\/","name":"Informaci\u00f3n al paciente | F Care Systems","isPartOf":{"@id":"https:\/\/fcaresystems.com\/es\/#website"},"primaryImageOfPage":{"@id":"https:\/\/fcaresystems.com\/es\/informacion-al-paciente\/#primaryimage"},"image":{"@id":"https:\/\/fcaresystems.com\/es\/informacion-al-paciente\/#primaryimage"},"thumbnailUrl":"https:\/\/fcaresystems.com\/wp-content\/uploads\/2023\/01\/Hero_patients-overview-3.jpg","datePublished":"2022-10-24T12:25:57+00:00","dateModified":"2023-07-06T12:12:19+00:00","description":"Informaci\u00f3n para pacientes sobre las causas, los tratamientos y la prevenci\u00f3n de diversas afecciones, como las hemorroides, las f\u00edstulas anales, las varices y otras.","breadcrumb":{"@id":"https:\/\/fcaresystems.com\/es\/informacion-al-paciente\/#breadcrumb"},"inLanguage":"es","potentialAction":[{"@type":"ReadAction","target":["https:\/\/fcaresystems.com\/es\/informacion-al-paciente\/"]}]},{"@type":"ImageObject","inLanguage":"es","@id":"https:\/\/fcaresystems.com\/es\/informacion-al-paciente\/#primaryimage","url":"https:\/\/fcaresystems.com\/wp-content\/uploads\/2023\/01\/Hero_patients-overview-3.jpg","contentUrl":"https:\/\/fcaresystems.com\/wp-content\/uploads\/2023\/01\/Hero_patients-overview-3.jpg"},{"@type":"BreadcrumbList","@id":"https:\/\/fcaresystems.com\/es\/informacion-al-paciente\/#breadcrumb","itemListElement":[{"@type":"ListItem","position":1,"name":"Home","item":"https:\/\/fcaresystems.com\/es\/"},{"@type":"ListItem","position":2,"name":"Informaci\u00f3n al paciente"}]},{"@type":"WebSite","@id":"https:\/\/fcaresystems.com\/es\/#website","url":"https:\/\/fcaresystems.com\/es\/","name":"F Care Systems","description":"","publisher":{"@id":"https:\/\/fcaresystems.com\/es\/#organization"},"potentialAction":[{"@type":"SearchAction","target":{"@type":"EntryPoint","urlTemplate":"https:\/\/fcaresystems.com\/es\/?s={search_term_string}"},"query-input":{"@type":"PropertyValueSpecification","valueRequired":true,"valueName":"search_term_string"}}],"inLanguage":"es"},{"@type":"Organization","@id":"https:\/\/fcaresystems.com\/es\/#organization","name":"F Care Systems","url":"https:\/\/fcaresystems.com\/es\/","logo":{"@type":"ImageObject","inLanguage":"es","@id":"https:\/\/fcaresystems.com\/es\/#\/schema\/logo\/image\/","url":"https:\/\/fcaresystems.com\/wp-content\/uploads\/2022\/11\/logo-2.svg","contentUrl":"https:\/\/fcaresystems.com\/wp-content\/uploads\/2022\/11\/logo-2.svg","caption":"F Care Systems"},"image":{"@id":"https:\/\/fcaresystems.com\/es\/#\/schema\/logo\/image\/"}}]}},"_links":{"self":[{"href":"https:\/\/fcaresystems.com\/es\/wp-json\/wp\/v2\/pages\/8042","targetHints":{"allow":["GET"]}}],"collection":[{"href":"https:\/\/fcaresystems.com\/es\/wp-json\/wp\/v2\/pages"}],"about":[{"href":"https:\/\/fcaresystems.com\/es\/wp-json\/wp\/v2\/types\/page"}],"author":[{"embeddable":true,"href":"https:\/\/fcaresystems.com\/es\/wp-json\/wp\/v2\/users\/1"}],"replies":[{"embeddable":true,"href":"https:\/\/fcaresystems.com\/es\/wp-json\/wp\/v2\/comments?post=8042"}],"version-history":[{"count":5,"href":"https:\/\/fcaresystems.com\/es\/wp-json\/wp\/v2\/pages\/8042\/revisions"}],"predecessor-version":[{"id":12179,"href":"https:\/\/fcaresystems.com\/es\/wp-json\/wp\/v2\/pages\/8042\/revisions\/12179"}],"wp:attachment":[{"href":"https:\/\/fcaresystems.com\/es\/wp-json\/wp\/v2\/media?parent=8042"}],"curies":[{"name":"wp","href":"https:\/\/api.w.org\/{rel}","templated":true}]}}