{"id":8037,"date":"2022-10-24T14:26:07","date_gmt":"2022-10-24T12:26:07","guid":{"rendered":"https:\/\/fcaresystems.com\/news\/"},"modified":"2023-07-06T09:41:57","modified_gmt":"2023-07-06T07:41:57","slug":"actualidad","status":"publish","type":"page","link":"https:\/\/fcaresystems.com\/es\/actualidad\/","title":{"rendered":"Actualidad"},"content":{"rendered":"\n<section class=\"wp-block-fcs-core-header is-style-gradient\"><header class=\"c-header c-header-wrapper c-header-wrapper-s\"><figure class=\"c-header-img  o-flex o-flex-align-items-center\"><img decoding=\"async\" src=\"https:\/\/fcaresystems.com\/wp-content\/uploads\/2023\/01\/Hero_News.jpg\" class=\"c-header-img\"\/><figcaption class=\"c-header-content\"><div class=\"o-container\">\n<div class=\"wp-block-fcs-core-spacer u-padding-sm-lg u-padding-sm\"><\/div>\n\n\n\n<div class=\"wp-block-group c-breadcrumb\"><div class=\"wp-block-group__inner-container is-layout-flow wp-block-group-is-layout-flow\"><span><span><a href=\"https:\/\/fcaresystems.com\/es\/\">Home<\/a><\/span><\/span>\n<\/div><\/div>\n\n\n\n<div class=\"wp-block-fcs-core-spacer u-padding-sm-lg u-padding-md\"><\/div>\n\n\n\n<h1 class=\"wp-block-heading has-white-color has-text-color\">Actualidad<\/h1>\n\n\n\n<div class=\"wp-block-fcs-core-spacer u-padding-xs-lg u-padding-sm\"><\/div>\n<\/div><\/figcaption><\/figure><\/header><\/section>\n\n\n\n<div class=\"wp-block-fcs-core-container o-container\">\n<div class=\"wp-block-fcs-core-spacer u-padding-lg-lg u-padding-md\"><\/div>\n\n\n\n<div class=\"wp-block-fcs-core-spacer u-padding-xs-lg u-padding-xs\"><\/div>\n\n\n<div class='o-grid o-grid-3-lg o-grid-gap-xs'><a href=\"https:\/\/fcaresystems.com\/es\/primer-caso-de-ablacion-tiroidea-en-portugal\/\" class=\"c-thumbnail\">\n    <figure>\n        <img decoding=\"async\" src=\"https:\/\/fcaresystems.com\/wp-content\/uploads\/2025\/03\/e.jpg\" alt=\"\" title=\"\" width=\"1517\" height=\"784\" loading=\"lazy\" \/>\n    <\/figure>\n    <div class=\"c-thumbnail__content\">\n        <div>\n            <h3>Primer caso de ablaci\u00f3n tiroidea en Portugal<\/h3>\n            <p>Primer caso de ablaci\u00f3n de tiroides en Portugal y nuestra&#8230;<\/p>\n        <\/div>\n        <p class=\"c-button-link c-button-link--icon u-margin-none\">Leer m\u00e1s<\/p>\n    <\/div>\n<\/a><a href=\"https:\/\/fcaresystems.com\/es\/the-sphera-a-patient-friendly-treatment\/\" class=\"c-thumbnail\">\n    <figure>\n        <img decoding=\"async\" src=\"https:\/\/fcaresystems.com\/wp-content\/uploads\/2025\/02\/importante-Hersteld_c-kopie-1.png\" alt=\"The Sphera a patient friendly treatment\" title=\"The Sphera a patient friendly treatment\" width=\"1517\" height=\"784\" loading=\"lazy\" \/>\n    <\/figure>\n    <div class=\"c-thumbnail__content\">\n        <div>\n            <h3>Sphera, un tratamiento amigable para el paciente para hemorroides de grado I y II.<\/h3>\n            <p>Aprenda sobre Sphera \u00a1Estamos emocionados de anunciar el lanzamiento de&#8230;<\/p>\n        <\/div>\n        <p class=\"c-button-link c-button-link--icon u-margin-none\">Leer m\u00e1s<\/p>\n    <\/div>\n<\/a><a href=\"https:\/\/fcaresystems.com\/es\/nuevo-distribuidor-en-canada\/\" class=\"c-thumbnail\">\n    <figure>\n        <img decoding=\"async\" src=\"https:\/\/fcaresystems.com\/wp-content\/uploads\/2024\/06\/POST-Sales-team-Southmedic-Canada.jpg\" alt=\"\" title=\"\" width=\"728\" height=\"376\" loading=\"lazy\" \/>\n    <\/figure>\n    <div class=\"c-thumbnail__content\">\n        <div>\n            <h3>Nuevo distribuidor en Canad\u00e1<\/h3>\n            <p>Estamos encantados de anunciar que tenemos un nuevo distribuidor en Canad\u00e1. <\/p>\n        <\/div>\n        <p class=\"c-button-link c-button-link--icon u-margin-none\">Leer m\u00e1s<\/p>\n    <\/div>\n<\/a><a href=\"https:\/\/fcaresystems.com\/es\/talleres-de-febrero-se-completan-rapidamente\/\" class=\"c-thumbnail\">\n    <figure>\n        <img decoding=\"async\" src=\"https:\/\/fcaresystems.com\/wp-content\/uploads\/2022\/10\/blogthumb.jpg\" alt=\"\" title=\"\" width=\"728\" height=\"376\" loading=\"lazy\" \/>\n    <\/figure>\n    <div class=\"c-thumbnail__content\">\n        <div>\n            <h3>Talleres de febrero se completan r\u00e1pidamente<\/h3>\n            <p>Nuestros talleres son una oportunidad inestimable para experimentar los productos de F Care Systems en un entorno de tratamiento real. Nuestra sesi\u00f3n del 23 de febrero ya est\u00e1 reservada, pero a\u00fan nos quedan plazas disponibles para el 12 de abril en Colonia. \u00a1No se lo pierda!<\/p>\n        <\/div>\n        <p class=\"c-button-link c-button-link--icon u-margin-none\">Leer m\u00e1s<\/p>\n    <\/div>\n<\/a><a href=\"https:\/\/fcaresystems.com\/es\/rafaelo-masterclasses\/\" class=\"c-thumbnail\">\n    <figure>\n        <img decoding=\"async\" src=\"https:\/\/fcaresystems.com\/wp-content\/uploads\/2024\/01\/POST-Rafaelo-Masterclass-Delhi-1.jpg\" alt=\"\" title=\"\" width=\"728\" height=\"376\" loading=\"lazy\" \/>\n    <\/figure>\n    <div class=\"c-thumbnail__content\">\n        <div>\n            <h3>Rafaelo Masterclasses<\/h3>\n            <p>Recientemente se celebraron en Delhi y Mumbai dos sesiones de formaci\u00f3n sobre el m\u00e9todo Rafaelo, a las que asistieron expertos y estudiantes entusiastas.<\/p>\n        <\/div>\n        <p class=\"c-button-link c-button-link--icon u-margin-none\">Leer m\u00e1s<\/p>\n    <\/div>\n<\/a><a href=\"https:\/\/fcaresystems.com\/es\/f-care-systems-en-medica-2023\/\" class=\"c-thumbnail\">\n    <figure>\n        <img decoding=\"async\" src=\"https:\/\/fcaresystems.com\/wp-content\/uploads\/2023\/11\/2023_MEDICA_728x376-website-news.jpg\" alt=\"\" title=\"\" width=\"728\" height=\"376\" loading=\"lazy\" \/>\n    <\/figure>\n    <div class=\"c-thumbnail__content\">\n        <div>\n            <h3>Vis\u00edtenos en Medica 2023<\/h3>\n            <p>Este a\u00f1o estaremos nuevamente presentes en Medica, la feria l\u00edder de la industria m\u00e9dica, que se celebra del 13 al 16 de noviembre en D\u00fcsseldorf.<\/p>\n        <\/div>\n        <p class=\"c-button-link c-button-link--icon u-margin-none\">Leer m\u00e1s<\/p>\n    <\/div>\n<\/a><a href=\"https:\/\/fcaresystems.com\/es\/ya-esta-disponible-el-nuevo-paquete-fistura\/\" class=\"c-thumbnail\">\n    <figure>\n        <img decoding=\"async\" src=\"https:\/\/fcaresystems.com\/wp-content\/uploads\/2023\/05\/06FISTURAPACK9F_Fistura-pack-with-box.jpg\" alt=\"\" title=\"\" width=\"728\" height=\"376\" loading=\"lazy\" \/>\n    <\/figure>\n    <div class=\"c-thumbnail__content\">\n        <div>\n            <h3>Ya est\u00e1 disponible el nuevo paquete Fistura!<\/h3>\n            <p>Un kit pr\u00e1ctico y completo para el tratamiento de las f\u00edstulas anales<\/p>\n        <\/div>\n        <p class=\"c-button-link c-button-link--icon u-margin-none\">Leer m\u00e1s<\/p>\n    <\/div>\n<\/a><a href=\"https:\/\/fcaresystems.com\/es\/estudio-multicentrico-prospectivo-frances-rafaelo\/\" class=\"c-thumbnail\">\n    <figure>\n        <img decoding=\"async\" src=\"https:\/\/fcaresystems.com\/wp-content\/uploads\/2023\/01\/Clinical-study-RFA-fistels.jpg\" alt=\"\" title=\"\" width=\"728\" height=\"376\" loading=\"lazy\" \/>\n    <\/figure>\n    <div class=\"c-thumbnail__content\">\n        <div>\n            <h3>Rafaelo\u00ae cumple las expectativas de una t\u00e9cnica m\u00ednimamente invasiva.<\/h3>\n            <p>Los investigadores de un estudio multic\u00e9ntrico prospectivo franc\u00e9s concluyeron que la ARF (Rafaelo\u00ae) se asocia a una mejora de la calidad de vida y de los s\u00edntomas con un buen perfil de seguridad.<\/p>\n        <\/div>\n        <p class=\"c-button-link c-button-link--icon u-margin-none\">Leer m\u00e1s<\/p>\n    <\/div>\n<\/a><a href=\"https:\/\/fcaresystems.com\/es\/aprobacion-de-la-fda-para-el-electrodo-hpr45i\/\" class=\"c-thumbnail\">\n    <figure>\n        <img decoding=\"async\" src=\"https:\/\/fcaresystems.com\/wp-content\/uploads\/2023\/03\/FDA.jpg\" alt=\"\" title=\"\" width=\"728\" height=\"376\" loading=\"lazy\" \/>\n    <\/figure>\n    <div class=\"c-thumbnail__content\">\n        <div>\n            <h3>Aprobaci\u00f3n de la FDA para el electrodo HPR45i<\/h3>\n            <p>F Care Systems anuncia la aprobaci\u00f3n por la FDA del electrodo electroquir\u00fargico HPR45i.<\/p>\n        <\/div>\n        <p class=\"c-button-link c-button-link--icon u-margin-none\">Leer m\u00e1s<\/p>\n    <\/div>\n<\/a><a href=\"https:\/\/fcaresystems.com\/es\/f-care-systems-asistira-a-la-conferencia-anual-sobre-proctologia\/\" class=\"c-thumbnail\">\n    <figure>\n        <img decoding=\"async\" src=\"https:\/\/fcaresystems.com\/wp-content\/uploads\/2023\/01\/Annual-proctology-event.jpg\" alt=\"\" title=\"\" width=\"728\" height=\"376\" loading=\"lazy\" \/>\n    <\/figure>\n    <div class=\"c-thumbnail__content\">\n        <div>\n            <h3>F Care Systems asistir\u00e1 a la conferencia anual sobre proctolog\u00eda<\/h3>\n            <p>Nuestro calendario de eventos se est\u00e1 llenando. Pr\u00f3xima parada: el 45\u00ba congreso anual de la Sociedad Alemana de Coloproctolog\u00eda, que se celebrar\u00e1 del 16 al 18 de marzo en M\u00fanich. \u00bfNos vemos all\u00ed?<\/p>\n        <\/div>\n        <p class=\"c-button-link c-button-link--icon u-margin-none\">Leer m\u00e1s<\/p>\n    <\/div>\n<\/a><a href=\"https:\/\/fcaresystems.com\/es\/nueva-sonda-esferica-sphera\/\" class=\"c-thumbnail\">\n    <figure>\n        <img decoding=\"async\" src=\"https:\/\/fcaresystems.com\/wp-content\/uploads\/2023\/01\/News-Sphera.jpg\" alt=\"\" title=\"\" width=\"728\" height=\"376\" loading=\"lazy\" \/>\n    <\/figure>\n    <div class=\"c-thumbnail__content\">\n        <div>\n            <h3>Nueva sonda esf\u00e9rica Sphera<\/h3>\n            <p>F Care Systems se enorgullece de anunciar el lanzamiento de Sphera, una nueva sonda redondeada dise\u00f1ada para la coagulaci\u00f3n superficial de hemorroides internas de grado I y II. <\/p>\n        <\/div>\n        <p class=\"c-button-link c-button-link--icon u-margin-none\">Leer m\u00e1s<\/p>\n    <\/div>\n<\/a><a href=\"https:\/\/fcaresystems.com\/es\/taller-rafaelo\/\" class=\"c-thumbnail\">\n    <figure>\n        <img decoding=\"async\" src=\"https:\/\/fcaresystems.com\/wp-content\/uploads\/2023\/02\/Rafaelo-workshop.jpg\" alt=\"\" title=\"\" width=\"728\" height=\"376\" loading=\"lazy\" \/>\n    <\/figure>\n    <div class=\"c-thumbnail__content\">\n        <div>\n            <h3>Taller Rafaelo\u00ae<\/h3>\n            <p>Nuestro pr\u00f3ximo taller Rafaelo\u00ae tendr\u00e1 lugar el 21 de abril en Colonia. Las plazas son limitadas: no se pierda esta oportunidad de conocer de primera mano nuestra tecnolog\u00eda de ablaci\u00f3n por RF.<\/p>\n        <\/div>\n        <p class=\"c-button-link c-button-link--icon u-margin-none\">Leer m\u00e1s<\/p>\n    <\/div>\n<\/a><\/div><div class='u-margin-top-xl o-flex o-flex-justify-content-center'><div class=\"c-pagination\"><ul><li class=\"active\"><a href=\"https:\/\/fcaresystems.com\/es\/wp-json\/wp\/v2\/pages\/8037\/\">1<\/a><\/li><li><a href=\"https:\/\/fcaresystems.com\/es\/wp-json\/wp\/v2\/pages\/8037\/page\/2\/\">2<\/a><\/li><li><a href=\"https:\/\/fcaresystems.com\/es\/wp-json\/wp\/v2\/pages\/8037\/page\/2\/\" >P\u00e1gina siguiente &raquo;<\/a><\/li><\/ul><\/div><\/div><\/div>\n\n\n\n<div class=\"wp-block-fcs-core-container o-container\">\n<div class=\"wp-block-fcs-core-spacer u-padding-xl-lg u-padding-md\"><\/div>\n<\/div>\n","protected":false},"excerpt":{"rendered":"<p>Anuncios de productos, noticias del mundo de la terapia de radiofrecuencia, pr\u00f3ximos eventos de F Care Systems y mucho m\u00e1s.<\/p>\n","protected":false},"author":1,"featured_media":14531,"parent":0,"menu_order":0,"comment_status":"closed","ping_status":"closed","template":"","meta":{"_color_hex":"","_color_slug":"","footnotes":""},"class_list":["post-8037","page","type-page","status-publish","has-post-thumbnail","hentry"],"yoast_head":"<!-- This site is optimized with the Yoast SEO plugin v27.5 - https:\/\/yoast.com\/product\/yoast-seo-wordpress\/ -->\n<title>Actualidad | F Care Systems<\/title>\n<meta name=\"description\" content=\"Anuncios de productos, noticias del mundo de la terapia de radiofrecuencia, pr\u00f3ximos eventos de F Care Systems y mucho m\u00e1s.\" \/>\n<meta name=\"robots\" content=\"index, follow, max-snippet:-1, max-image-preview:large, max-video-preview:-1\" \/>\n<link rel=\"canonical\" href=\"https:\/\/fcaresystems.com\/es\/actualidad\/\" \/>\n<meta property=\"og:locale\" content=\"es_ES\" \/>\n<meta property=\"og:type\" content=\"article\" \/>\n<meta property=\"og:title\" content=\"Actualidad | F Care Systems\" \/>\n<meta property=\"og:description\" content=\"Anuncios de productos, noticias del mundo de la terapia de radiofrecuencia, pr\u00f3ximos eventos de F Care Systems y mucho m\u00e1s.\" \/>\n<meta property=\"og:url\" content=\"https:\/\/fcaresystems.com\/es\/actualidad\/\" \/>\n<meta property=\"og:site_name\" content=\"F Care Systems\" \/>\n<meta property=\"article:modified_time\" content=\"2023-07-06T07:41:57+00:00\" \/>\n<meta property=\"og:image\" content=\"https:\/\/fcaresystems.com\/wp-content\/uploads\/2023\/01\/Hero_News.jpg\" \/>\n<meta name=\"twitter:card\" content=\"summary_large_image\" \/>\n<meta name=\"twitter:label1\" content=\"Tiempo de lectura\" \/>\n\t<meta name=\"twitter:data1\" content=\"1 minuto\" \/>\n<script type=\"application\/ld+json\" class=\"yoast-schema-graph\">{\"@context\":\"https:\\\/\\\/schema.org\",\"@graph\":[{\"@type\":\"WebPage\",\"@id\":\"https:\\\/\\\/fcaresystems.com\\\/es\\\/actualidad\\\/\",\"url\":\"https:\\\/\\\/fcaresystems.com\\\/es\\\/actualidad\\\/\",\"name\":\"Actualidad | F Care Systems\",\"isPartOf\":{\"@id\":\"https:\\\/\\\/fcaresystems.com\\\/es\\\/#website\"},\"primaryImageOfPage\":{\"@id\":\"https:\\\/\\\/fcaresystems.com\\\/es\\\/actualidad\\\/#primaryimage\"},\"image\":{\"@id\":\"https:\\\/\\\/fcaresystems.com\\\/es\\\/actualidad\\\/#primaryimage\"},\"thumbnailUrl\":\"https:\\\/\\\/fcaresystems.com\\\/wp-content\\\/uploads\\\/2025\\\/03\\\/Tekengebied-8-kopie.jpg\",\"datePublished\":\"2022-10-24T12:26:07+00:00\",\"dateModified\":\"2023-07-06T07:41:57+00:00\",\"description\":\"Anuncios de productos, noticias del mundo de la terapia de radiofrecuencia, pr\u00f3ximos eventos de F Care Systems y mucho m\u00e1s.\",\"breadcrumb\":{\"@id\":\"https:\\\/\\\/fcaresystems.com\\\/es\\\/actualidad\\\/#breadcrumb\"},\"inLanguage\":\"es\",\"potentialAction\":[{\"@type\":\"ReadAction\",\"target\":[\"https:\\\/\\\/fcaresystems.com\\\/es\\\/actualidad\\\/\"]}]},{\"@type\":\"ImageObject\",\"inLanguage\":\"es\",\"@id\":\"https:\\\/\\\/fcaresystems.com\\\/es\\\/actualidad\\\/#primaryimage\",\"url\":\"https:\\\/\\\/fcaresystems.com\\\/wp-content\\\/uploads\\\/2025\\\/03\\\/Tekengebied-8-kopie.jpg\",\"contentUrl\":\"https:\\\/\\\/fcaresystems.com\\\/wp-content\\\/uploads\\\/2025\\\/03\\\/Tekengebied-8-kopie.jpg\",\"width\":465,\"height\":240},{\"@type\":\"BreadcrumbList\",\"@id\":\"https:\\\/\\\/fcaresystems.com\\\/es\\\/actualidad\\\/#breadcrumb\",\"itemListElement\":[{\"@type\":\"ListItem\",\"position\":1,\"name\":\"Home\",\"item\":\"https:\\\/\\\/fcaresystems.com\\\/es\\\/\"},{\"@type\":\"ListItem\",\"position\":2,\"name\":\"Actualidad\"}]},{\"@type\":\"WebSite\",\"@id\":\"https:\\\/\\\/fcaresystems.com\\\/es\\\/#website\",\"url\":\"https:\\\/\\\/fcaresystems.com\\\/es\\\/\",\"name\":\"F Care Systems\",\"description\":\"\",\"publisher\":{\"@id\":\"https:\\\/\\\/fcaresystems.com\\\/es\\\/#organization\"},\"potentialAction\":[{\"@type\":\"SearchAction\",\"target\":{\"@type\":\"EntryPoint\",\"urlTemplate\":\"https:\\\/\\\/fcaresystems.com\\\/es\\\/?s={search_term_string}\"},\"query-input\":{\"@type\":\"PropertyValueSpecification\",\"valueRequired\":true,\"valueName\":\"search_term_string\"}}],\"inLanguage\":\"es\"},{\"@type\":\"Organization\",\"@id\":\"https:\\\/\\\/fcaresystems.com\\\/es\\\/#organization\",\"name\":\"F Care Systems\",\"url\":\"https:\\\/\\\/fcaresystems.com\\\/es\\\/\",\"logo\":{\"@type\":\"ImageObject\",\"inLanguage\":\"es\",\"@id\":\"https:\\\/\\\/fcaresystems.com\\\/es\\\/#\\\/schema\\\/logo\\\/image\\\/\",\"url\":\"https:\\\/\\\/fcaresystems.com\\\/wp-content\\\/uploads\\\/2022\\\/11\\\/logo-2.svg\",\"contentUrl\":\"https:\\\/\\\/fcaresystems.com\\\/wp-content\\\/uploads\\\/2022\\\/11\\\/logo-2.svg\",\"caption\":\"F Care Systems\"},\"image\":{\"@id\":\"https:\\\/\\\/fcaresystems.com\\\/es\\\/#\\\/schema\\\/logo\\\/image\\\/\"}}]}<\/script>\n<!-- \/ Yoast SEO plugin. -->","yoast_head_json":{"title":"Actualidad | F Care Systems","description":"Anuncios de productos, noticias del mundo de la terapia de radiofrecuencia, pr\u00f3ximos eventos de F Care Systems y mucho m\u00e1s.","robots":{"index":"index","follow":"follow","max-snippet":"max-snippet:-1","max-image-preview":"max-image-preview:large","max-video-preview":"max-video-preview:-1"},"canonical":"https:\/\/fcaresystems.com\/es\/actualidad\/","og_locale":"es_ES","og_type":"article","og_title":"Actualidad | F Care Systems","og_description":"Anuncios de productos, noticias del mundo de la terapia de radiofrecuencia, pr\u00f3ximos eventos de F Care Systems y mucho m\u00e1s.","og_url":"https:\/\/fcaresystems.com\/es\/actualidad\/","og_site_name":"F Care Systems","article_modified_time":"2023-07-06T07:41:57+00:00","og_image":[{"url":"https:\/\/fcaresystems.com\/wp-content\/uploads\/2023\/01\/Hero_News.jpg","type":"","width":"","height":""}],"twitter_card":"summary_large_image","twitter_misc":{"Tiempo de lectura":"1 minuto"},"schema":{"@context":"https:\/\/schema.org","@graph":[{"@type":"WebPage","@id":"https:\/\/fcaresystems.com\/es\/actualidad\/","url":"https:\/\/fcaresystems.com\/es\/actualidad\/","name":"Actualidad | F Care Systems","isPartOf":{"@id":"https:\/\/fcaresystems.com\/es\/#website"},"primaryImageOfPage":{"@id":"https:\/\/fcaresystems.com\/es\/actualidad\/#primaryimage"},"image":{"@id":"https:\/\/fcaresystems.com\/es\/actualidad\/#primaryimage"},"thumbnailUrl":"https:\/\/fcaresystems.com\/wp-content\/uploads\/2025\/03\/Tekengebied-8-kopie.jpg","datePublished":"2022-10-24T12:26:07+00:00","dateModified":"2023-07-06T07:41:57+00:00","description":"Anuncios de productos, noticias del mundo de la terapia de radiofrecuencia, pr\u00f3ximos eventos de F Care Systems y mucho m\u00e1s.","breadcrumb":{"@id":"https:\/\/fcaresystems.com\/es\/actualidad\/#breadcrumb"},"inLanguage":"es","potentialAction":[{"@type":"ReadAction","target":["https:\/\/fcaresystems.com\/es\/actualidad\/"]}]},{"@type":"ImageObject","inLanguage":"es","@id":"https:\/\/fcaresystems.com\/es\/actualidad\/#primaryimage","url":"https:\/\/fcaresystems.com\/wp-content\/uploads\/2025\/03\/Tekengebied-8-kopie.jpg","contentUrl":"https:\/\/fcaresystems.com\/wp-content\/uploads\/2025\/03\/Tekengebied-8-kopie.jpg","width":465,"height":240},{"@type":"BreadcrumbList","@id":"https:\/\/fcaresystems.com\/es\/actualidad\/#breadcrumb","itemListElement":[{"@type":"ListItem","position":1,"name":"Home","item":"https:\/\/fcaresystems.com\/es\/"},{"@type":"ListItem","position":2,"name":"Actualidad"}]},{"@type":"WebSite","@id":"https:\/\/fcaresystems.com\/es\/#website","url":"https:\/\/fcaresystems.com\/es\/","name":"F Care Systems","description":"","publisher":{"@id":"https:\/\/fcaresystems.com\/es\/#organization"},"potentialAction":[{"@type":"SearchAction","target":{"@type":"EntryPoint","urlTemplate":"https:\/\/fcaresystems.com\/es\/?s={search_term_string}"},"query-input":{"@type":"PropertyValueSpecification","valueRequired":true,"valueName":"search_term_string"}}],"inLanguage":"es"},{"@type":"Organization","@id":"https:\/\/fcaresystems.com\/es\/#organization","name":"F Care Systems","url":"https:\/\/fcaresystems.com\/es\/","logo":{"@type":"ImageObject","inLanguage":"es","@id":"https:\/\/fcaresystems.com\/es\/#\/schema\/logo\/image\/","url":"https:\/\/fcaresystems.com\/wp-content\/uploads\/2022\/11\/logo-2.svg","contentUrl":"https:\/\/fcaresystems.com\/wp-content\/uploads\/2022\/11\/logo-2.svg","caption":"F Care Systems"},"image":{"@id":"https:\/\/fcaresystems.com\/es\/#\/schema\/logo\/image\/"}}]}},"_links":{"self":[{"href":"https:\/\/fcaresystems.com\/es\/wp-json\/wp\/v2\/pages\/8037","targetHints":{"allow":["GET"]}}],"collection":[{"href":"https:\/\/fcaresystems.com\/es\/wp-json\/wp\/v2\/pages"}],"about":[{"href":"https:\/\/fcaresystems.com\/es\/wp-json\/wp\/v2\/types\/page"}],"author":[{"embeddable":true,"href":"https:\/\/fcaresystems.com\/es\/wp-json\/wp\/v2\/users\/1"}],"replies":[{"embeddable":true,"href":"https:\/\/fcaresystems.com\/es\/wp-json\/wp\/v2\/comments?post=8037"}],"version-history":[{"count":4,"href":"https:\/\/fcaresystems.com\/es\/wp-json\/wp\/v2\/pages\/8037\/revisions"}],"predecessor-version":[{"id":12159,"href":"https:\/\/fcaresystems.com\/es\/wp-json\/wp\/v2\/pages\/8037\/revisions\/12159"}],"wp:featuredmedia":[{"embeddable":true,"href":"https:\/\/fcaresystems.com\/es\/wp-json\/wp\/v2\/media\/14531"}],"wp:attachment":[{"href":"https:\/\/fcaresystems.com\/es\/wp-json\/wp\/v2\/media?parent=8037"}],"curies":[{"name":"wp","href":"https:\/\/api.w.org\/{rel}","templated":true}]}}