{"id":8026,"date":"2022-10-06T12:57:19","date_gmt":"2022-10-06T10:57:19","guid":{"rendered":"https:\/\/fcaresystems.com\/home\/"},"modified":"2024-02-16T09:21:49","modified_gmt":"2024-02-16T08:21:49","slug":"inicio","status":"publish","type":"page","link":"https:\/\/fcaresystems.com\/es\/","title":{"rendered":"Home"},"content":{"rendered":"\n<section class=\"wp-block-fcs-core-header is-style-gradient\"><header class=\"c-header c-header-wrapper c-header-wrapper-l\"><figure class=\"c-header-img  o-flex o-flex-align-items-center\"><img loading=\"lazy\" decoding=\"async\" src=\"https:\/\/fcaresystems.com\/wp-content\/uploads\/2022\/10\/hero-home.jpg\" width=\"2160\" height=\"912\" class=\"c-header-img\"\/><figcaption class=\"c-header-content\"><div class=\"o-container\">\n<h1 class=\"wp-block-heading has-white-color has-text-color\">Dispositivos m\u00e9dicos de calidad <br><strong>para la ablaci\u00f3n por radiofrecuencia<\/strong><\/h1>\n\n\n\n<p class=\"has-white-color has-text-color\">La ARF es un procedimiento eficaz, m\u00ednimamente invasivo, <br>con menos molestias y una mejor calidad de vida para los pacientes<\/p>\n\n\n\n<div class=\"wp-block-fcs-core-spacer u-padding-xs-lg u-padding-xs\"><\/div>\n\n\n\n<div class=\"wp-block-buttons is-layout-flex wp-block-buttons-is-layout-flex\">\n<div class=\"wp-block-button is-style-fill\"><a class=\"wp-block-button__link has-primary-background-color has-background wp-element-button\" href=\"https:\/\/fcaresystems.com\/es\/productos\/\">Ver los productos<\/a><\/div>\n<\/div>\n<\/div><\/figcaption><\/figure><\/header><\/section>\n\n\n\n<div class=\"wp-block-fcs-core-container o-container\">\n<div class=\"wp-block-fcs-core-spacer u-padding-md-lg u-padding-md\"><\/div>\n\n\n\n<h2 class=\"wp-block-heading has-secondary-color has-text-color\"><strong>\u00c1reas de especialidad<\/strong><\/h2>\n\n\n\n<div class=\"wp-block-fcs-core-spacer u-padding-xs-lg u-padding-xs\"><\/div>\n\n\n\n<div class=\"wp-block-fcs-core-icon-buttons c-buttons--icon\">\n<a href=\"https:\/\/fcaresystems.com\/es\/tratamientos-minimamente-invasivos\/proctologia\/arf-hemorroides\/\" class=\"wp-block-fcs-core-icon-button c-button c-button--icon-inline\"><img loading=\"lazy\" decoding=\"async\" src=\"https:\/\/fcaresystems.com\/wp-content\/uploads\/2022\/11\/icon-proctology.svg\" width=\"34\" height=\"32\"\/>Hemorroides<\/a>\n\n\n\n<a href=\"https:\/\/fcaresystems.com\/es\/tratamientos-minimamente-invasivos\/proctologia\/arf-fistulas-anales\/\" class=\"wp-block-fcs-core-icon-button c-button c-button--icon-inline\"><img loading=\"lazy\" decoding=\"async\" src=\"https:\/\/fcaresystems.com\/wp-content\/uploads\/2022\/11\/icon-proctology.svg\" width=\"34\" height=\"32\"\/>F\u00edstulas anales<\/a>\n\n\n\n<a href=\"https:\/\/fcaresystems.com\/es\/tratamientos-minimamente-invasivos\/flebologia\/arf-venas-varicosas\/\" class=\"wp-block-fcs-core-icon-button c-button c-button--icon-inline\"><img loading=\"lazy\" decoding=\"async\" src=\"https:\/\/fcaresystems.com\/wp-content\/uploads\/2022\/11\/icon-phlebology.svg\" width=\"13\" height=\"32\"\/>Venas varicosas<\/a>\n\n\n\n<a href=\"https:\/\/fcaresystems.com\/es\/tratamientos-minimamente-invasivos\/dermatologia-estetica\/terapia-cutanea-por-radiofrecuencia\/\" class=\"wp-block-fcs-core-icon-button c-button c-button--icon-inline\"><img loading=\"lazy\" decoding=\"async\" src=\"https:\/\/fcaresystems.com\/wp-content\/uploads\/2022\/11\/icon-aesthetic-dermatology.svg\" width=\"22\" height=\"32\"\/>Trastornos cut\u00e1neos<\/a>\n<\/div>\n\n\n\n<div class=\"wp-block-fcs-core-spacer u-padding-md-lg u-padding-md\"><\/div>\n<\/div>\n\n\n\n<div class=\"wp-block-group has-light-background-color has-background\"><div class=\"wp-block-group__inner-container is-layout-constrained wp-block-group-is-layout-constrained\">\n<div class=\"wp-block-fcs-core-container o-container\">\n<div class=\"wp-block-columns is-style-default is-layout-flex wp-container-core-columns-is-layout-9d6595d7 wp-block-columns-is-layout-flex\">\n<div class=\"wp-block-column is-vertically-aligned-center is-style-default is-layout-flow wp-block-column-is-layout-flow\">\n<div class=\"wp-block-fcs-core-spacer u-padding-xl-lg u-padding-md\"><\/div>\n\n\n\n<h2 class=\"wp-block-heading has-primary-color has-text-color\">\u00bfPor qu\u00e9 la Radiofrecuencia?<\/h2>\n\n\n\n<p>La energ\u00eda de radiofrecuencia (RF) se encuentra entre las herramientas m\u00e1s vers\u00e1tiles de la medicina moderna, con aplicaciones que van desde la ablaci\u00f3n de hemorroides hasta el rejuvenecimiento de la piel. En F Care Systems desarrollamos y fabricamos generadores de RF monopolares y accesorios para el tratamiento m\u00ednimamente invasivo de numerosos trastornos.<\/p>\n\n\n\n<div class=\"wp-block-fcs-core-spacer u-padding-sm-lg u-padding-sm\"><\/div>\n\n\n\n<div class=\"wp-block-buttons is-layout-flex wp-block-buttons-is-layout-flex\">\n<div class=\"wp-block-button\"><a class=\"wp-block-button__link has-primary-background-color has-background wp-element-button\" href=\"https:\/\/fcaresystems.com\/es\/termocoagulacion-por-radiofrecuencia\/\">M\u00e1s informaci\u00f3n sobre la radiofrecuencia<\/a><\/div>\n<\/div>\n\n\n\n<div class=\"wp-block-fcs-core-spacer u-padding-xl-lg u-padding-xs\"><\/div>\n<\/div>\n\n\n\n<div class=\"wp-block-column is-layout-flow wp-block-column-is-layout-flow\">\n<figure class=\"wp-block-gallery aligncenter has-nested-images columns-default is-cropped wp-block-gallery-1 is-layout-flex wp-block-gallery-is-layout-flex\">\n<figure class=\"wp-block-image size-large is-style-default\"><img loading=\"lazy\" decoding=\"async\" width=\"1024\" height=\"876\" data-id=\"4325\" src=\"https:\/\/fcaresystems.com\/wp-content\/uploads\/2023\/01\/Hero_Radiofrequency-page_wave-1024x876.jpg\" alt=\"\" class=\"wp-image-4325\" srcset=\"https:\/\/fcaresystems.com\/wp-content\/uploads\/2023\/01\/Hero_Radiofrequency-page_wave-1024x876.jpg 1024w, https:\/\/fcaresystems.com\/wp-content\/uploads\/2023\/01\/Hero_Radiofrequency-page_wave-300x257.jpg 300w, https:\/\/fcaresystems.com\/wp-content\/uploads\/2023\/01\/Hero_Radiofrequency-page_wave-768x657.jpg 768w, https:\/\/fcaresystems.com\/wp-content\/uploads\/2023\/01\/Hero_Radiofrequency-page_wave.jpg 1080w\" sizes=\"auto, (max-width: 1024px) 100vw, 1024px\" \/><\/figure>\n<\/figure>\n<\/div>\n<\/div>\n<\/div>\n<\/div><\/div>\n\n\n\n<div class=\"wp-block-group has-primary-background-color has-background\"><div class=\"wp-block-group__inner-container is-layout-flow wp-block-group-is-layout-flow\">\n<div class=\"wp-block-fcs-core-container o-container\">\n<div class=\"wp-block-fcs-core-spacer u-padding-md-lg u-padding-md\"><\/div>\n\n\n\n<section class=\"c-testimonials\"><div class=\"c-slider-testimonials\"><div class=\"c-slider-item c-testimonial\"><div><div class=\"c-testimonial-content\"><!-- wp:paragraph -->\n<p>Este tratamiento m\u00ednimamente invasivo llena el vac\u00edo existente entre el tratamiento con ligaduras y la resecci\u00f3n quir\u00fargica de la enfermedad hemorroidal. Se adapta perfectamente al tratamiento ambulatorio en la consulta proctol\u00f3gica. Estoy especialmente entusiasmado con el escaso dolor postoperatorio tras la terapia Rafaelo.<\/p>\n<!-- \/wp:paragraph -->\n\n<!-- wp:paragraph {\"fontSize\":\"small\"} -->\n<p class=\"has-small-font-size\"><em>Dr. Daniel Sterzing, especialista en cirug\u00eda general, cirujano visceral, Proktologisches Zentrum Berlin, Alemania<\/em><\/p>\n<!-- \/wp:paragraph --><\/div><\/div><\/div>\n\n<div class=\"c-slider-item c-testimonial\"><div><div class=\"c-testimonial-content\"><!-- wp:paragraph -->\n<p>Rafaelo es una t\u00e9cnica que completa el panel de t\u00e9cnicas quir\u00fargicas que tenemos en relaci\u00f3n con la patolog\u00eda hemorroidal. Creo que todos ellos deber\u00edan conocerse y estar disponibles, y es una herramienta que deber\u00eda estar disponible para garantizar un tratamiento adecuado para todos.<\/p>\n<!-- \/wp:paragraph -->\n\n<!-- wp:paragraph {\"fontSize\":\"small\"} -->\n<p class=\"has-small-font-size\"><em>Dra. Antonella Liddo, cirujana visceral y abdominal, H\u00f4pital de la Victoire, Tourcoing<\/em>, <em>Francia<\/em><\/p>\n<!-- \/wp:paragraph --><\/div><\/div><\/div>\n\n<div class=\"c-slider-item c-testimonial\"><div><div class=\"c-testimonial-content\"><!-- wp:paragraph {\"align\":\"left\"} -->\n<p class=\"has-text-align-left\">Tengo muy buenos comentarios de pacientes que apenas tienen dolor y pueden volver al trabajo en 3 o 5 d\u00edas.<\/p>\n<!-- \/wp:paragraph -->\n\n<!-- wp:paragraph {\"align\":\"left\",\"fontSize\":\"small\"} -->\n<p class=\"has-text-align-left has-small-font-size\"><em>Dr Yann Redon, Cirujano visceral y digestivo, Saint-Nazaire, Francia<\/em><\/p>\n<!-- \/wp:paragraph --><\/div><\/div><\/div><\/div><div class=\"c-testimonials-buttons\"><a href=\"#\" class=\"c-testimonials-prev\"><\/a><a href=\"#\" class=\"c-testimonials-next\"><\/a><\/div><\/section>\n\n\n\n<div class=\"wp-block-fcs-core-spacer u-padding-md-lg u-padding-md\"><\/div>\n<\/div>\n<\/div><\/div>\n\n\n\n<div class=\"wp-block-columns is-layout-flex wp-container-core-columns-is-layout-9d6595d7 wp-block-columns-is-layout-flex\">\n<div class=\"wp-block-column is-layout-flow wp-block-column-is-layout-flow\">\n<div class=\"wp-block-fcs-core-spacer u-padding-lg-lg u-padding-lg\"><\/div>\n<\/div>\n<\/div>\n\n\n\n<div class=\"wp-block-fcs-core-container o-container\">\n<div class=\"wp-block-columns is-style-largegap is-layout-flex wp-container-core-columns-is-layout-9d6595d7 wp-block-columns-is-layout-flex\">\n<div class=\"wp-block-column is-style-default is-layout-flow wp-block-column-is-layout-flow\">\n<figure class=\"wp-block-image size-large is-style-default\"><img loading=\"lazy\" decoding=\"async\" width=\"1024\" height=\"768\" src=\"https:\/\/fcaresystems.com\/wp-content\/uploads\/2022\/10\/home-patient-1024x768.jpg\" alt=\"\" class=\"wp-image-72\" srcset=\"https:\/\/fcaresystems.com\/wp-content\/uploads\/2022\/10\/home-patient-1024x768.jpg 1024w, https:\/\/fcaresystems.com\/wp-content\/uploads\/2022\/10\/home-patient-300x225.jpg 300w, https:\/\/fcaresystems.com\/wp-content\/uploads\/2022\/10\/home-patient-768x576.jpg 768w, https:\/\/fcaresystems.com\/wp-content\/uploads\/2022\/10\/home-patient.jpg 1080w\" sizes=\"auto, (max-width: 1024px) 100vw, 1024px\" \/><\/figure>\n<\/div>\n\n\n\n<div class=\"wp-block-column is-vertically-aligned-center is-style-default is-layout-flow wp-block-column-is-layout-flow\">\n<div class=\"wp-block-fcs-core-spacer u-padding-xs-lg u-padding-xs\"><\/div>\n\n\n\n<figure class=\"wp-block-image size-full\"><img decoding=\"async\" src=\"https:\/\/fcaresystems.com\/wp-content\/uploads\/2022\/11\/icon-patient-home.svg\" alt=\"\" class=\"wp-image-1025\"\/><\/figure>\n\n\n\n<div class=\"wp-block-fcs-core-spacer u-padding-xs-lg u-padding-xs\"><\/div>\n\n\n\n<h2 class=\"wp-block-heading has-quaternary-color has-text-color\">\u00bfEs usted paciente?<\/h2>\n\n\n\n<p class=\"has-medium-font-size\"><strong>Para pacientes y cuidadores <\/strong><\/p>\n\n\n\n<p>\u00bfEst\u00e1 buscando opciones de tratamiento para uno de los trastornos enumerados anteriormente? \u00bfSu m\u00e9dico le ha planteado la posibilidad de someterse al procedimiento de ablaci\u00f3n por radiofrecuencia? En nuestra secci\u00f3n de informaci\u00f3n para el paciente se explica c\u00f3mo se desarrollan varios trastornos y se describen formas de tratarlos sin cirug\u00eda invasiva.<\/p>\n\n\n\n<div class=\"wp-block-fcs-core-spacer u-padding-xs-lg u-padding-xs\"><\/div>\n\n\n\n<div class=\"wp-block-buttons is-layout-flex wp-block-buttons-is-layout-flex\">\n<div class=\"wp-block-button\"><a class=\"wp-block-button__link has-quaternary-background-color has-background wp-element-button\" href=\"https:\/\/fcaresystems.com\/es\/informacion-al-paciente\/\">M\u00e1s informaci\u00f3n<\/a><\/div>\n<\/div>\n<\/div>\n<\/div>\n<\/div>\n\n\n\n<div class=\"wp-block-fcs-core-spacer u-padding-xl-lg u-padding-md\"><\/div>\n\n\n\n<div class=\"wp-block-fcs-core-container o-container\">\n<h2 class=\"wp-block-heading is-style-underline has-secondary-color has-text-color\"><strong>Actualidad<\/strong><\/h2>\n\n\n\n<div class=\"wp-block-fcs-core-spacer u-padding-xs-lg u-padding-xs\"><\/div>\n\n\n<div class='o-grid o-grid-3-lg o-grid-gap-xs'><a href=\"https:\/\/fcaresystems.com\/es\/primer-caso-de-ablacion-tiroidea-en-portugal\/\" class=\"c-thumbnail\">\n    <figure>\n        <img decoding=\"async\" src=\"https:\/\/fcaresystems.com\/wp-content\/uploads\/2025\/03\/e.jpg\" alt=\"\" title=\"\" width=\"1517\" height=\"784\" loading=\"lazy\" \/>\n    <\/figure>\n    <div class=\"c-thumbnail__content\">\n        <div>\n            <h3>Primer caso de ablaci\u00f3n tiroidea en Portugal<\/h3>\n            <p>Primer caso de ablaci\u00f3n de tiroides en Portugal y nuestra&#8230;<\/p>\n        <\/div>\n        <p class=\"c-button-link c-button-link--icon u-margin-none\">Leer m\u00e1s<\/p>\n    <\/div>\n<\/a><a href=\"https:\/\/fcaresystems.com\/es\/the-sphera-a-patient-friendly-treatment\/\" class=\"c-thumbnail\">\n    <figure>\n        <img decoding=\"async\" src=\"https:\/\/fcaresystems.com\/wp-content\/uploads\/2025\/02\/importante-Hersteld_c-kopie-1.png\" alt=\"The Sphera a patient friendly treatment\" title=\"The Sphera a patient friendly treatment\" width=\"1517\" height=\"784\" loading=\"lazy\" \/>\n    <\/figure>\n    <div class=\"c-thumbnail__content\">\n        <div>\n            <h3>Sphera, un tratamiento amigable para el paciente para hemorroides de grado I y II.<\/h3>\n            <p>Aprenda sobre Sphera \u00a1Estamos emocionados de anunciar el lanzamiento de&#8230;<\/p>\n        <\/div>\n        <p class=\"c-button-link c-button-link--icon u-margin-none\">Leer m\u00e1s<\/p>\n    <\/div>\n<\/a><a href=\"https:\/\/fcaresystems.com\/es\/nuevo-distribuidor-en-canada\/\" class=\"c-thumbnail\">\n    <figure>\n        <img decoding=\"async\" src=\"https:\/\/fcaresystems.com\/wp-content\/uploads\/2024\/06\/POST-Sales-team-Southmedic-Canada.jpg\" alt=\"\" title=\"\" width=\"728\" height=\"376\" loading=\"lazy\" \/>\n    <\/figure>\n    <div class=\"c-thumbnail__content\">\n        <div>\n            <h3>Nuevo distribuidor en Canad\u00e1<\/h3>\n            <p>Estamos encantados de anunciar que tenemos un nuevo distribuidor en Canad\u00e1. <\/p>\n        <\/div>\n        <p class=\"c-button-link c-button-link--icon u-margin-none\">Leer m\u00e1s<\/p>\n    <\/div>\n<\/a><\/div>\n\n\n<div class=\"wp-block-fcs-core-spacer u-padding-md-lg u-padding-md\"><\/div>\n\n\n\n<div class=\"wp-block-buttons is-layout-flex wp-block-buttons-is-layout-flex\">\n<div class=\"wp-block-button\"><a class=\"wp-block-button__link has-primary-background-color has-background wp-element-button\" href=\"https:\/\/fcaresystems.com\/es\/actualidad\/\">Ver todos los art\u00edculos<\/a><\/div>\n<\/div>\n\n\n\n<div class=\"wp-block-fcs-core-spacer u-padding-xl-lg u-padding-md\"><\/div>\n<\/div>\n\n\n\n<p><\/p>\n","protected":false},"excerpt":{"rendered":"","protected":false},"author":1,"featured_media":0,"parent":0,"menu_order":0,"comment_status":"closed","ping_status":"closed","template":"","meta":{"_color_hex":"","_color_slug":"","footnotes":""},"class_list":["post-8026","page","type-page","status-publish","hentry"],"yoast_head":"<!-- This site is optimized with the Yoast SEO plugin v27.5 - https:\/\/yoast.com\/product\/yoast-seo-wordpress\/ -->\n<title>F Care Systems | Fabricantes de dispositivos m\u00e9dicos de radiofrecuencia<\/title>\n<meta name=\"description\" content=\"Los expertos en dispositivos m\u00e9dicos de radiofrecuencia de F Care Systems desarrollan soluciones innovadoras para aplicaciones de proctolog\u00eda, flebolog\u00eda y dermatolog\u00eda.\" \/>\n<meta name=\"robots\" content=\"index, follow, max-snippet:-1, max-image-preview:large, max-video-preview:-1\" \/>\n<link rel=\"canonical\" href=\"https:\/\/fcaresystems.com\/es\/\" \/>\n<meta property=\"og:locale\" content=\"es_ES\" \/>\n<meta property=\"og:type\" content=\"article\" \/>\n<meta property=\"og:title\" content=\"F Care Systems | Fabricantes de dispositivos m\u00e9dicos de radiofrecuencia\" \/>\n<meta property=\"og:description\" content=\"Los expertos en dispositivos m\u00e9dicos de radiofrecuencia de F Care Systems desarrollan soluciones innovadoras para aplicaciones de proctolog\u00eda, flebolog\u00eda y dermatolog\u00eda.\" \/>\n<meta property=\"og:url\" content=\"https:\/\/fcaresystems.com\/es\/\" \/>\n<meta property=\"og:site_name\" content=\"F Care Systems\" \/>\n<meta property=\"article:modified_time\" content=\"2024-02-16T08:21:49+00:00\" \/>\n<meta property=\"og:image\" content=\"https:\/\/fcaresystems.com\/wp-content\/uploads\/2022\/10\/hero-home.jpg\" \/>\n<meta name=\"twitter:card\" content=\"summary_large_image\" \/>\n<meta name=\"twitter:label1\" content=\"Tiempo de lectura\" \/>\n\t<meta name=\"twitter:data1\" content=\"3 minutos\" \/>\n<script type=\"application\/ld+json\" class=\"yoast-schema-graph\">{\"@context\":\"https:\\\/\\\/schema.org\",\"@graph\":[{\"@type\":\"WebPage\",\"@id\":\"https:\\\/\\\/fcaresystems.com\\\/es\\\/\",\"url\":\"https:\\\/\\\/fcaresystems.com\\\/es\\\/\",\"name\":\"F Care Systems | Fabricantes de dispositivos m\u00e9dicos de radiofrecuencia\",\"isPartOf\":{\"@id\":\"https:\\\/\\\/fcaresystems.com\\\/es\\\/#website\"},\"primaryImageOfPage\":{\"@id\":\"https:\\\/\\\/fcaresystems.com\\\/es\\\/#primaryimage\"},\"image\":{\"@id\":\"https:\\\/\\\/fcaresystems.com\\\/es\\\/#primaryimage\"},\"thumbnailUrl\":\"https:\\\/\\\/fcaresystems.com\\\/wp-content\\\/uploads\\\/2022\\\/10\\\/hero-home.jpg\",\"datePublished\":\"2022-10-06T10:57:19+00:00\",\"dateModified\":\"2024-02-16T08:21:49+00:00\",\"description\":\"Los expertos en dispositivos m\u00e9dicos de radiofrecuencia de F Care Systems desarrollan soluciones innovadoras para aplicaciones de proctolog\u00eda, flebolog\u00eda y dermatolog\u00eda.\",\"breadcrumb\":{\"@id\":\"https:\\\/\\\/fcaresystems.com\\\/es\\\/#breadcrumb\"},\"inLanguage\":\"es\",\"potentialAction\":[{\"@type\":\"ReadAction\",\"target\":[\"https:\\\/\\\/fcaresystems.com\\\/es\\\/\"]}]},{\"@type\":\"ImageObject\",\"inLanguage\":\"es\",\"@id\":\"https:\\\/\\\/fcaresystems.com\\\/es\\\/#primaryimage\",\"url\":\"https:\\\/\\\/fcaresystems.com\\\/wp-content\\\/uploads\\\/2022\\\/10\\\/hero-home.jpg\",\"contentUrl\":\"https:\\\/\\\/fcaresystems.com\\\/wp-content\\\/uploads\\\/2022\\\/10\\\/hero-home.jpg\"},{\"@type\":\"BreadcrumbList\",\"@id\":\"https:\\\/\\\/fcaresystems.com\\\/es\\\/#breadcrumb\",\"itemListElement\":[{\"@type\":\"ListItem\",\"position\":1,\"name\":\"Home\",\"item\":\"https:\\\/\\\/fcaresystems.com\\\/es\\\/\"},{\"@type\":\"ListItem\",\"position\":2,\"name\":\"Home\"}]},{\"@type\":\"WebSite\",\"@id\":\"https:\\\/\\\/fcaresystems.com\\\/es\\\/#website\",\"url\":\"https:\\\/\\\/fcaresystems.com\\\/es\\\/\",\"name\":\"F Care Systems\",\"description\":\"\",\"publisher\":{\"@id\":\"https:\\\/\\\/fcaresystems.com\\\/es\\\/#organization\"},\"potentialAction\":[{\"@type\":\"SearchAction\",\"target\":{\"@type\":\"EntryPoint\",\"urlTemplate\":\"https:\\\/\\\/fcaresystems.com\\\/es\\\/?s={search_term_string}\"},\"query-input\":{\"@type\":\"PropertyValueSpecification\",\"valueRequired\":true,\"valueName\":\"search_term_string\"}}],\"inLanguage\":\"es\"},{\"@type\":\"Organization\",\"@id\":\"https:\\\/\\\/fcaresystems.com\\\/es\\\/#organization\",\"name\":\"F Care Systems\",\"url\":\"https:\\\/\\\/fcaresystems.com\\\/es\\\/\",\"logo\":{\"@type\":\"ImageObject\",\"inLanguage\":\"es\",\"@id\":\"https:\\\/\\\/fcaresystems.com\\\/es\\\/#\\\/schema\\\/logo\\\/image\\\/\",\"url\":\"https:\\\/\\\/fcaresystems.com\\\/wp-content\\\/uploads\\\/2022\\\/11\\\/logo-2.svg\",\"contentUrl\":\"https:\\\/\\\/fcaresystems.com\\\/wp-content\\\/uploads\\\/2022\\\/11\\\/logo-2.svg\",\"caption\":\"F Care Systems\"},\"image\":{\"@id\":\"https:\\\/\\\/fcaresystems.com\\\/es\\\/#\\\/schema\\\/logo\\\/image\\\/\"}}]}<\/script>\n<!-- \/ Yoast SEO plugin. -->","yoast_head_json":{"title":"F Care Systems | Fabricantes de dispositivos m\u00e9dicos de radiofrecuencia","description":"Los expertos en dispositivos m\u00e9dicos de radiofrecuencia de F Care Systems desarrollan soluciones innovadoras para aplicaciones de proctolog\u00eda, flebolog\u00eda y dermatolog\u00eda.","robots":{"index":"index","follow":"follow","max-snippet":"max-snippet:-1","max-image-preview":"max-image-preview:large","max-video-preview":"max-video-preview:-1"},"canonical":"https:\/\/fcaresystems.com\/es\/","og_locale":"es_ES","og_type":"article","og_title":"F Care Systems | Fabricantes de dispositivos m\u00e9dicos de radiofrecuencia","og_description":"Los expertos en dispositivos m\u00e9dicos de radiofrecuencia de F Care Systems desarrollan soluciones innovadoras para aplicaciones de proctolog\u00eda, flebolog\u00eda y dermatolog\u00eda.","og_url":"https:\/\/fcaresystems.com\/es\/","og_site_name":"F Care Systems","article_modified_time":"2024-02-16T08:21:49+00:00","og_image":[{"url":"https:\/\/fcaresystems.com\/wp-content\/uploads\/2022\/10\/hero-home.jpg","type":"","width":"","height":""}],"twitter_card":"summary_large_image","twitter_misc":{"Tiempo de lectura":"3 minutos"},"schema":{"@context":"https:\/\/schema.org","@graph":[{"@type":"WebPage","@id":"https:\/\/fcaresystems.com\/es\/","url":"https:\/\/fcaresystems.com\/es\/","name":"F Care Systems | Fabricantes de dispositivos m\u00e9dicos de radiofrecuencia","isPartOf":{"@id":"https:\/\/fcaresystems.com\/es\/#website"},"primaryImageOfPage":{"@id":"https:\/\/fcaresystems.com\/es\/#primaryimage"},"image":{"@id":"https:\/\/fcaresystems.com\/es\/#primaryimage"},"thumbnailUrl":"https:\/\/fcaresystems.com\/wp-content\/uploads\/2022\/10\/hero-home.jpg","datePublished":"2022-10-06T10:57:19+00:00","dateModified":"2024-02-16T08:21:49+00:00","description":"Los expertos en dispositivos m\u00e9dicos de radiofrecuencia de F Care Systems desarrollan soluciones innovadoras para aplicaciones de proctolog\u00eda, flebolog\u00eda y dermatolog\u00eda.","breadcrumb":{"@id":"https:\/\/fcaresystems.com\/es\/#breadcrumb"},"inLanguage":"es","potentialAction":[{"@type":"ReadAction","target":["https:\/\/fcaresystems.com\/es\/"]}]},{"@type":"ImageObject","inLanguage":"es","@id":"https:\/\/fcaresystems.com\/es\/#primaryimage","url":"https:\/\/fcaresystems.com\/wp-content\/uploads\/2022\/10\/hero-home.jpg","contentUrl":"https:\/\/fcaresystems.com\/wp-content\/uploads\/2022\/10\/hero-home.jpg"},{"@type":"BreadcrumbList","@id":"https:\/\/fcaresystems.com\/es\/#breadcrumb","itemListElement":[{"@type":"ListItem","position":1,"name":"Home","item":"https:\/\/fcaresystems.com\/es\/"},{"@type":"ListItem","position":2,"name":"Home"}]},{"@type":"WebSite","@id":"https:\/\/fcaresystems.com\/es\/#website","url":"https:\/\/fcaresystems.com\/es\/","name":"F Care Systems","description":"","publisher":{"@id":"https:\/\/fcaresystems.com\/es\/#organization"},"potentialAction":[{"@type":"SearchAction","target":{"@type":"EntryPoint","urlTemplate":"https:\/\/fcaresystems.com\/es\/?s={search_term_string}"},"query-input":{"@type":"PropertyValueSpecification","valueRequired":true,"valueName":"search_term_string"}}],"inLanguage":"es"},{"@type":"Organization","@id":"https:\/\/fcaresystems.com\/es\/#organization","name":"F Care Systems","url":"https:\/\/fcaresystems.com\/es\/","logo":{"@type":"ImageObject","inLanguage":"es","@id":"https:\/\/fcaresystems.com\/es\/#\/schema\/logo\/image\/","url":"https:\/\/fcaresystems.com\/wp-content\/uploads\/2022\/11\/logo-2.svg","contentUrl":"https:\/\/fcaresystems.com\/wp-content\/uploads\/2022\/11\/logo-2.svg","caption":"F Care Systems"},"image":{"@id":"https:\/\/fcaresystems.com\/es\/#\/schema\/logo\/image\/"}}]}},"_links":{"self":[{"href":"https:\/\/fcaresystems.com\/es\/wp-json\/wp\/v2\/pages\/8026","targetHints":{"allow":["GET"]}}],"collection":[{"href":"https:\/\/fcaresystems.com\/es\/wp-json\/wp\/v2\/pages"}],"about":[{"href":"https:\/\/fcaresystems.com\/es\/wp-json\/wp\/v2\/types\/page"}],"author":[{"embeddable":true,"href":"https:\/\/fcaresystems.com\/es\/wp-json\/wp\/v2\/users\/1"}],"replies":[{"embeddable":true,"href":"https:\/\/fcaresystems.com\/es\/wp-json\/wp\/v2\/comments?post=8026"}],"version-history":[{"count":13,"href":"https:\/\/fcaresystems.com\/es\/wp-json\/wp\/v2\/pages\/8026\/revisions"}],"predecessor-version":[{"id":13294,"href":"https:\/\/fcaresystems.com\/es\/wp-json\/wp\/v2\/pages\/8026\/revisions\/13294"}],"wp:attachment":[{"href":"https:\/\/fcaresystems.com\/es\/wp-json\/wp\/v2\/media?parent=8026"}],"curies":[{"name":"wp","href":"https:\/\/api.w.org\/{rel}","templated":true}]}}