{"id":8018,"date":"2023-01-09T13:05:26","date_gmt":"2023-01-09T12:05:26","guid":{"rendered":"https:\/\/fcaresystems.com\/general-conditions\/"},"modified":"2023-07-06T14:10:03","modified_gmt":"2023-07-06T12:10:03","slug":"condiciones-generales","status":"publish","type":"page","link":"https:\/\/fcaresystems.com\/es\/condiciones-generales\/","title":{"rendered":"Condiciones generales"},"content":{"rendered":"\n<div class=\"wp-block-fcs-core-container o-container\">\n<div class=\"wp-block-fcs-core-spacer u-padding-xl-lg u-padding-md\"><\/div>\n\n\n\n<h1 class=\"wp-block-heading has-secondary-color has-text-color\">Condiciones generales de venta<\/h1>\n\n\n\n<p><strong>1.<\/strong>&nbsp;Todas las cotizaciones y ventas de F Care Systems NV se gestionar\u00e1n seg\u00fan las condiciones siguientes. F Care Systems NV considera estos t\u00e9rminos como conocidos y aceptados por el contratista, sea o no un distribuidor. A menos que se indique especialmente, solo una aplicaci\u00f3n estricta de estos t\u00e9rminos, sin que existan t\u00e9rminos contradictorios, mencionados en los documentos del contratista. Cualquier excepci\u00f3n a estas condiciones generales no es v\u00e1lida, a menos que F Care Systems NV haya aprobado diferentes t\u00e9rminos por adelantado y por escrito. Prevalecen los conflictos con las condiciones actuales. La nulidad de un art\u00edculo o cl\u00e1usula no implica la nulidad del conjunto de t\u00e9rminos con ellos.<\/p>\n\n\n\n<p><strong>2. <\/strong>Las ofertas elaboradas por F Care Systems NV son sin compromiso, a menos que se acuerde lo contrario. Cualquier oferta puede ser retirada por F Care Systems NV a la aceptaci\u00f3n del contratista y caduca autom\u00e1ticamente 20 d\u00edas despu\u00e9s de la fecha, a menos que haya otra indicaci\u00f3n del per\u00edodo de oferta. Cada pedido vincula al contratista, pero vincula a F Care Systems NV solo despu\u00e9s de la confirmaci\u00f3n por escrito.<\/p>\n\n\n\n<p><strong>3. <\/strong>El tiempo de entrega es solo una indicaci\u00f3n dada por F Care Systems NV y en la medida de lo posible realizado. Los retrasos en el plazo de entrega en ning\u00fan caso justifican la anulaci\u00f3n del pedido, cancelaci\u00f3n de la venta, rebaja de precio o reclamaci\u00f3n de indemnizaci\u00f3n de cualquier tipo.<\/p>\n\n\n\n<p><strong>4.<\/strong> Los bienes se env\u00edan por cuenta y riesgo del cliente o comprador, a menos que se ofrezcan o acepten desviaciones expl\u00edcitas y por parte de F Care Systems NV.<\/p>\n\n\n\n<p><strong>5.<\/strong> Cualquier cancelaci\u00f3n de un pedido debe realizarse por escrito y solo est\u00e1 disponible con la aceptaci\u00f3n por escrito de F Care Systems NV. En caso de cancelaci\u00f3n del pedido, el contratista de F Care Systems NV deber\u00e1 pagar una compensaci\u00f3n fija del 25% del precio de compra, con un m\u00ednimo de 125 EUR por cancelaci\u00f3n. El contratista tambi\u00e9n reembolsar\u00e1 los costos incurridos por F Care Systems NV.<\/p>\n\n\n\n<p><strong>6.<\/strong> En caso de huelga, fuerza mayor, accidente y \/ o regulaciones gubernamentales, F Care Systems NV queda liberado de la obligaci\u00f3n de entregar y \/ o cumplir. Las fallas incluyen fallas por parte del proveedor de F Care Systems NV, por cualquier motivo. F Care Systems NV tiene la opci\u00f3n entre infringir la ley del contrato sin compensaci\u00f3n o extender el plazo de entrega y \/ o ejecuci\u00f3n de una duraci\u00f3n igual a la de la interrupci\u00f3n. El incumplimiento de la pr\u00f3rroga del plazo se notificar\u00e1 por correo certificado.<\/p>\n\n\n\n<p><strong>7.<\/strong> El precio es el indicado en la cotizaci\u00f3n. Un incremento en el precio, m\u00e1s all\u00e1 del control del vendedor, siempre se puede pasar. El comprador tiene derecho, a m\u00e1s tardar en la fecha de entrega de la venta, a renunciar al pago de una indemnizaci\u00f3n a tanto alzado que cubra el 25% del precio acordado, si el aumento supera el 5%.<\/p>\n\n\n\n<p><strong>8.<\/strong> Cualquier informaci\u00f3n relacionada con F Care Systems NV proporciona los productos ofrecidos o vendidos de buena fe bajo la gu\u00eda propia del fabricante, productor y \/ o vendedor que haya recibido. F Care Systems NV no se hace responsable de la informaci\u00f3n incorrecta que hubieran recibido y son notificados sobre el contenido, la calidad, la cantidad y la descripci\u00f3n general de lo ofrecido o vendido.<\/p>\n\n\n\n<p><strong>9.<\/strong> Cualquier queja, comentario, protesta o disputa relacionada con los productos ser\u00e1 admisible solo si est\u00e1 por escrito y se reporta que se registr\u00f3 dentro de los 5 d\u00edas posteriores a la entrega. Transcurrido este plazo de cinco d\u00edas, el contrato tambi\u00e9n se considerar\u00e1 consentido con la mercanc\u00eda y no se aceptar\u00e1n reclamaciones. Despu\u00e9s de la puesta en marcha, manipulaci\u00f3n, procesamiento o entrega a terceros de la totalidad o parte de la entrega, F Care Systems NV no acepta quejas. No se aceptar\u00e1n devoluciones de mercanc\u00edas sin autorizaci\u00f3n previa. La devoluci\u00f3n a\u00fan debe ser gratuita. Si una devoluci\u00f3n que ocurri\u00f3 F Care Systems NV ha acordado no declarar a\u00fan pero la mercanc\u00eda es recibida, est\u00e1 siempre estar\u00e1 sujeta a todos los derechos y en nombre del contratista. El env\u00edo correr\u00e1 a cargo de F Care Systems NV y ser\u00e1 proporcionado y almacenado por el comprador. Cualquier queja relacionada con una factura solo es admisible si se formula por escrito y se presenta dentro de los 5 d\u00edas posteriores a la fecha de la factura. Una vez transcurrido este plazo, se considerar\u00e1 que el contratista ha aceptado esta factura.<\/p>\n\n\n\n<p><strong>10.<\/strong> El contratista debe suministrar la mercanc\u00eda de inmediato y revisada minuciosamente. Cualquier incumplimiento debe ser informado dentro de los 5 d\u00edas previstos en el art\u00edculo correspondiente. Una vez expirado, este plazo se acepta definitivamente y es indiscutible que la mercanc\u00eda entregada est\u00e1 en conformidad y libre de cualquier defecto visible.<\/p>\n\n\n\n<p><strong>11.<\/strong> La garant\u00eda otorgada por F Care Systems NV a\u00fan se limita a los productos que son presentados por el fabricante, importador. En todos los casos, y sin perjuicio de los estrictos requisitos del fabricante y \/ o importador, la garant\u00eda se define con arreglo a la legislaci\u00f3n local y seg\u00fan acuerdo. Si se encuentra un defecto, el comprador \/ contratista debe devolver la mercanc\u00eda en su embalaje original y acompa\u00f1ada de la factura original. Las piezas que se reemplazan siguen siendo propiedad de F Care Systems NV, el comprador ser\u00e1 co-contratista en caso de que F Care Systems NV de acuerdo con una oferta de producto posterior (reparada o reemplazada), ninguna terminaci\u00f3n de la venta pueda requerir una o da\u00f1os. En ning\u00fan caso el valor de la obligaci\u00f3n de garant\u00eda podr\u00e1 exceder el valor de la compra.<\/p>\n\n\n\n<p><strong>12.<\/strong> Todas las facturas ser\u00e1n autom\u00e1ticamente pagaderas inmediatamente despu\u00e9s de la recepci\u00f3n de la factura en la oficina de F Care Systems NV o en su cuenta, a menos que se indique lo contrario. Esta afirmaci\u00f3n es port\u00e1til. Si no se paga antes de la fecha de vencimiento, el monto de la factura se incrementar\u00e1 con una multa fija del 15% del monto de la factura con un m\u00ednimo de 125 EUR por factura. Este monto corresponde al da\u00f1o sufrido por F Care Systems NV por pago atrasado y la tarifa requerida. F Care Systems NV tiene derecho a reclamar da\u00f1os mayores si pueden probarlo. Adem\u00e1s, se requiere un inter\u00e9s del 15% anual, sin previo aviso. El capital, los intereses y los da\u00f1os son exigibles legalmente, sin notificaci\u00f3n formal. El pago en efectivo es la esencia de cualquier acuerdo con F Care Systems NV, que act\u00faa como vendedor.<\/p>\n\n\n\n<p><strong>13.<\/strong> Cuando no se paga una sola factura al vencimiento cualquier saldo adeudado de todas las dem\u00e1s facturas, incluso las no vencidas, legalmente pagaderas inmediatamente.<\/p>\n\n\n\n<p><strong>14.<\/strong> Cuando el comprador no contrata el compromiso del socio, la venta del derecho y sin previo aviso se cancela en forma de da\u00f1os e intereses. Si la confianza de F Care Systems NV en la solvencia del comprador &#8211; contratante se ve sacudida por acciones legales emprendidas contra el comprador y \/ u otros hechos demostrables que la confianza en el correcto desempe\u00f1o por parte del comprador contrayendo compromisos sea cuestionada y \/ o imposible, F Care Systems NV se reserva el derecho a la totalidad del pedido o parte del mismo y a suspender la contrataci\u00f3n del comprador para exigir garant\u00edas adecuadas, incluso si la mercanc\u00eda ya ha sido parcialmente o enviada. Si el contratista comprador se niega a acudir, F Care Systems NV se reserva el derecho a ordenar la cancelaci\u00f3n total o parcial, sin perjuicio de su derecho y a indemnizaci\u00f3n por da\u00f1os e intereses.<\/p>\n\n\n\n<p><strong>15.<\/strong> Las mercanc\u00edas vendidas siguen siendo propiedad del vendedor hasta que se haya realizado el pago completo. En caso de venta, el vendedor se reserva la opci\u00f3n de reclamar la suma correspondiente al valor de la mercanc\u00eda vendida. La reserva de dominio se traslada al precio de reventa. Una vez entregada la mercanc\u00eda, el comprador asume todos los riesgos, casos fortuitos, almacenamiento y destrucci\u00f3n. Puede resultar en la falta de pago de los montos adeudados en la fecha de vencimiento y de la recuperaci\u00f3n de la propiedad.<\/p>\n\n\n\n<p><strong>16. <\/strong>Si el comprador del contratista F Care Systems NV proces\u00f3 o revende bienes que le pertenecen, a partir de ese momento, F Care Systems NV asumir\u00e1 todas las reclamaciones que surjan de dicha reventa. En caso de disputa, solo los tribunales de Amberes o la jurisdicci\u00f3n del Tribunal de Paz. En este acuerdo, la ley belga. Todos los costos relacionados con la recuperaci\u00f3n a trav\u00e9s de los tribunales, correr\u00e1n a cargo del cliente recuperado.<\/p>\n\n\n\n<div class=\"wp-block-fcs-core-spacer u-padding-xl-lg u-padding-md\"><\/div>\n<\/div>\n","protected":false},"excerpt":{"rendered":"","protected":false},"author":1,"featured_media":0,"parent":0,"menu_order":0,"comment_status":"closed","ping_status":"closed","template":"","meta":{"_color_hex":"","_color_slug":"","footnotes":""},"class_list":["post-8018","page","type-page","status-publish","hentry"],"yoast_head":"<!-- This site is optimized with the Yoast SEO plugin v27.0 - https:\/\/yoast.com\/product\/yoast-seo-wordpress\/ -->\n<title>Condiciones generales de venta | F Care Systems<\/title>\n<meta name=\"description\" content=\"Estas condiciones generales se aplican a cualquier presupuesto u oferta realizada por F Care Systems.\" \/>\n<meta name=\"robots\" content=\"index, follow, max-snippet:-1, max-image-preview:large, max-video-preview:-1\" \/>\n<link rel=\"canonical\" href=\"https:\/\/fcaresystems.com\/es\/condiciones-generales\/\" \/>\n<meta property=\"og:locale\" content=\"es_ES\" \/>\n<meta property=\"og:type\" content=\"article\" \/>\n<meta property=\"og:title\" content=\"Condiciones generales de venta | F Care Systems\" \/>\n<meta property=\"og:description\" content=\"Estas condiciones generales se aplican a cualquier presupuesto u oferta realizada por F Care Systems.\" \/>\n<meta property=\"og:url\" content=\"https:\/\/fcaresystems.com\/es\/condiciones-generales\/\" \/>\n<meta property=\"og:site_name\" content=\"F Care Systems\" \/>\n<meta property=\"article:modified_time\" content=\"2023-07-06T12:10:03+00:00\" \/>\n<meta name=\"twitter:card\" content=\"summary_large_image\" \/>\n<meta name=\"twitter:label1\" content=\"Tiempo de lectura\" \/>\n\t<meta name=\"twitter:data1\" content=\"7 minutos\" \/>\n<script type=\"application\/ld+json\" class=\"yoast-schema-graph\">{\"@context\":\"https:\/\/schema.org\",\"@graph\":[{\"@type\":\"WebPage\",\"@id\":\"https:\/\/fcaresystems.com\/es\/condiciones-generales\/\",\"url\":\"https:\/\/fcaresystems.com\/es\/condiciones-generales\/\",\"name\":\"Condiciones generales de venta | F Care Systems\",\"isPartOf\":{\"@id\":\"https:\/\/fcaresystems.com\/es\/#website\"},\"datePublished\":\"2023-01-09T12:05:26+00:00\",\"dateModified\":\"2023-07-06T12:10:03+00:00\",\"description\":\"Estas condiciones generales se aplican a cualquier presupuesto u oferta realizada por F Care Systems.\",\"breadcrumb\":{\"@id\":\"https:\/\/fcaresystems.com\/es\/condiciones-generales\/#breadcrumb\"},\"inLanguage\":\"es\",\"potentialAction\":[{\"@type\":\"ReadAction\",\"target\":[\"https:\/\/fcaresystems.com\/es\/condiciones-generales\/\"]}]},{\"@type\":\"BreadcrumbList\",\"@id\":\"https:\/\/fcaresystems.com\/es\/condiciones-generales\/#breadcrumb\",\"itemListElement\":[{\"@type\":\"ListItem\",\"position\":1,\"name\":\"Home\",\"item\":\"https:\/\/fcaresystems.com\/es\/\"},{\"@type\":\"ListItem\",\"position\":2,\"name\":\"Condiciones generales\"}]},{\"@type\":\"WebSite\",\"@id\":\"https:\/\/fcaresystems.com\/es\/#website\",\"url\":\"https:\/\/fcaresystems.com\/es\/\",\"name\":\"F Care Systems\",\"description\":\"\",\"publisher\":{\"@id\":\"https:\/\/fcaresystems.com\/es\/#organization\"},\"potentialAction\":[{\"@type\":\"SearchAction\",\"target\":{\"@type\":\"EntryPoint\",\"urlTemplate\":\"https:\/\/fcaresystems.com\/es\/?s={search_term_string}\"},\"query-input\":{\"@type\":\"PropertyValueSpecification\",\"valueRequired\":true,\"valueName\":\"search_term_string\"}}],\"inLanguage\":\"es\"},{\"@type\":\"Organization\",\"@id\":\"https:\/\/fcaresystems.com\/es\/#organization\",\"name\":\"F Care Systems\",\"url\":\"https:\/\/fcaresystems.com\/es\/\",\"logo\":{\"@type\":\"ImageObject\",\"inLanguage\":\"es\",\"@id\":\"https:\/\/fcaresystems.com\/es\/#\/schema\/logo\/image\/\",\"url\":\"https:\/\/fcaresystems.com\/wp-content\/uploads\/2022\/11\/logo-2.svg\",\"contentUrl\":\"https:\/\/fcaresystems.com\/wp-content\/uploads\/2022\/11\/logo-2.svg\",\"caption\":\"F Care Systems\"},\"image\":{\"@id\":\"https:\/\/fcaresystems.com\/es\/#\/schema\/logo\/image\/\"}}]}<\/script>\n<!-- \/ Yoast SEO plugin. -->","yoast_head_json":{"title":"Condiciones generales de venta | F Care Systems","description":"Estas condiciones generales se aplican a cualquier presupuesto u oferta realizada por F Care Systems.","robots":{"index":"index","follow":"follow","max-snippet":"max-snippet:-1","max-image-preview":"max-image-preview:large","max-video-preview":"max-video-preview:-1"},"canonical":"https:\/\/fcaresystems.com\/es\/condiciones-generales\/","og_locale":"es_ES","og_type":"article","og_title":"Condiciones generales de venta | F Care Systems","og_description":"Estas condiciones generales se aplican a cualquier presupuesto u oferta realizada por F Care Systems.","og_url":"https:\/\/fcaresystems.com\/es\/condiciones-generales\/","og_site_name":"F Care Systems","article_modified_time":"2023-07-06T12:10:03+00:00","twitter_card":"summary_large_image","twitter_misc":{"Tiempo de lectura":"7 minutos"},"schema":{"@context":"https:\/\/schema.org","@graph":[{"@type":"WebPage","@id":"https:\/\/fcaresystems.com\/es\/condiciones-generales\/","url":"https:\/\/fcaresystems.com\/es\/condiciones-generales\/","name":"Condiciones generales de venta | F Care Systems","isPartOf":{"@id":"https:\/\/fcaresystems.com\/es\/#website"},"datePublished":"2023-01-09T12:05:26+00:00","dateModified":"2023-07-06T12:10:03+00:00","description":"Estas condiciones generales se aplican a cualquier presupuesto u oferta realizada por F Care Systems.","breadcrumb":{"@id":"https:\/\/fcaresystems.com\/es\/condiciones-generales\/#breadcrumb"},"inLanguage":"es","potentialAction":[{"@type":"ReadAction","target":["https:\/\/fcaresystems.com\/es\/condiciones-generales\/"]}]},{"@type":"BreadcrumbList","@id":"https:\/\/fcaresystems.com\/es\/condiciones-generales\/#breadcrumb","itemListElement":[{"@type":"ListItem","position":1,"name":"Home","item":"https:\/\/fcaresystems.com\/es\/"},{"@type":"ListItem","position":2,"name":"Condiciones generales"}]},{"@type":"WebSite","@id":"https:\/\/fcaresystems.com\/es\/#website","url":"https:\/\/fcaresystems.com\/es\/","name":"F Care Systems","description":"","publisher":{"@id":"https:\/\/fcaresystems.com\/es\/#organization"},"potentialAction":[{"@type":"SearchAction","target":{"@type":"EntryPoint","urlTemplate":"https:\/\/fcaresystems.com\/es\/?s={search_term_string}"},"query-input":{"@type":"PropertyValueSpecification","valueRequired":true,"valueName":"search_term_string"}}],"inLanguage":"es"},{"@type":"Organization","@id":"https:\/\/fcaresystems.com\/es\/#organization","name":"F Care Systems","url":"https:\/\/fcaresystems.com\/es\/","logo":{"@type":"ImageObject","inLanguage":"es","@id":"https:\/\/fcaresystems.com\/es\/#\/schema\/logo\/image\/","url":"https:\/\/fcaresystems.com\/wp-content\/uploads\/2022\/11\/logo-2.svg","contentUrl":"https:\/\/fcaresystems.com\/wp-content\/uploads\/2022\/11\/logo-2.svg","caption":"F Care Systems"},"image":{"@id":"https:\/\/fcaresystems.com\/es\/#\/schema\/logo\/image\/"}}]}},"_links":{"self":[{"href":"https:\/\/fcaresystems.com\/es\/wp-json\/wp\/v2\/pages\/8018","targetHints":{"allow":["GET"]}}],"collection":[{"href":"https:\/\/fcaresystems.com\/es\/wp-json\/wp\/v2\/pages"}],"about":[{"href":"https:\/\/fcaresystems.com\/es\/wp-json\/wp\/v2\/types\/page"}],"author":[{"embeddable":true,"href":"https:\/\/fcaresystems.com\/es\/wp-json\/wp\/v2\/users\/1"}],"replies":[{"embeddable":true,"href":"https:\/\/fcaresystems.com\/es\/wp-json\/wp\/v2\/comments?post=8018"}],"version-history":[{"count":5,"href":"https:\/\/fcaresystems.com\/es\/wp-json\/wp\/v2\/pages\/8018\/revisions"}],"predecessor-version":[{"id":12178,"href":"https:\/\/fcaresystems.com\/es\/wp-json\/wp\/v2\/pages\/8018\/revisions\/12178"}],"wp:attachment":[{"href":"https:\/\/fcaresystems.com\/es\/wp-json\/wp\/v2\/media?parent=8018"}],"curies":[{"name":"wp","href":"https:\/\/api.w.org\/{rel}","templated":true}]}}