{"id":7963,"date":"2022-10-24T14:23:49","date_gmt":"2022-10-24T12:23:49","guid":{"rendered":"https:\/\/fcaresystems.com\/about-us\/"},"modified":"2024-03-04T22:35:26","modified_gmt":"2024-03-04T21:35:26","slug":"acerca-de-nosotros","status":"publish","type":"page","link":"https:\/\/fcaresystems.com\/es\/acerca-de-nosotros\/","title":{"rendered":"Acerca de nosotros"},"content":{"rendered":"\n<section class=\"wp-block-fcs-core-header is-style-gradient\"><header class=\"c-header c-header-wrapper c-header-wrapper-s\"><figure class=\"c-header-img \"><img loading=\"lazy\" decoding=\"async\" src=\"https:\/\/fcaresystems.com\/wp-content\/uploads\/2022\/12\/Quality-control.jpg\" width=\"5120\" height=\"2880\" class=\"c-header-img\"\/><figcaption class=\"c-header-content\"><div class=\"o-container\">\n<div class=\"wp-block-fcs-core-spacer u-padding-sm-lg u-padding-sm\"><\/div>\n\n\n\n<div class=\"wp-block-group c-breadcrumb\"><div class=\"wp-block-group__inner-container is-layout-flow wp-block-group-is-layout-flow\"><span><span><a href=\"https:\/\/fcaresystems.com\/es\/\">Home<\/a><\/span><\/span>\n<\/div><\/div>\n\n\n\n<div class=\"wp-block-fcs-core-spacer u-padding-md-lg u-padding-md\"><\/div>\n\n\n\n<h1 class=\"wp-block-heading\"><strong>Acerca de nosotros<\/strong><\/h1>\n<\/div><\/figcaption><\/figure><\/header><\/section>\n\n\n\n<div class=\"wp-block-fcs-core-container o-container\">\n<div class=\"wp-block-fcs-core-spacer u-padding-lg-lg u-padding-md\"><\/div>\n\n\n\n<h2 class=\"wp-block-heading has-text-align-left has-primary-color has-text-color\">Nuestra empresa<\/h2>\n\n\n\n<div class=\"wp-block-fcs-core-spacer u-padding-xxs-lg u-padding-xs\"><\/div>\n\n\n\n<div class=\"wp-block-columns is-layout-flex wp-container-core-columns-is-layout-9d6595d7 wp-block-columns-is-layout-flex\">\n<div class=\"wp-block-column is-layout-flow wp-block-column-is-layout-flow\" style=\"flex-basis:66.66%\">\n<p>Fundada por Rudi Devers en Amberes (BE) en 2001, F Care Systems ahora cuenta con pr\u00f3speras sucursales en Francia, Alemania, Estados Unidos y Hong Kong, junto con una red de socios que se extiende por todo el mundo. Nuestro negocio principal se centra en la energ\u00eda de radiofrecuencia, basado en<mark style=\"background-color:rgba(0, 0, 0, 0)\" class=\"has-inline-color has-primary-color\"><a href=\"https:\/\/fcaresystems.com\/es\/tratamientos-minimamente-invasivos\/\"> soluciones m\u00ednimamente invasivas<\/a><\/mark> que proporcionan resultados duraderos con tiempos de inactividad m\u00ednimos. Ofrecemos una gama de generadores de RF monopolares vers\u00e1tiles e intuitivos, as\u00ed como consumibles relacionados para el tratamiento de numerosos trastornos, y tambi\u00e9n actuamos como distribuidores de accesorios de tratamiento de alta calidad fabricados por empresas asociadas.<\/p>\n<\/div>\n\n\n\n<div class=\"wp-block-column is-layout-flow wp-block-column-is-layout-flow\" style=\"flex-basis:33.33%\"><\/div>\n<\/div>\n\n\n\n<div class=\"wp-block-fcs-core-spacer u-padding-md-lg u-padding-sm\"><\/div>\n\n\n\n<h2 class=\"wp-block-heading has-text-align-left has-primary-color has-text-color\">Investigaci\u00f3n y desarrollo<\/h2>\n\n\n\n<div class=\"wp-block-fcs-core-spacer u-padding-xs-lg u-padding-xs\"><\/div>\n\n\n\n<div class=\"wp-block-columns is-layout-flex wp-container-core-columns-is-layout-9d6595d7 wp-block-columns-is-layout-flex\">\n<div class=\"wp-block-column is-layout-flow wp-block-column-is-layout-flow\" style=\"flex-basis:66.66%\">\n<p>Como pioneros en equipos de termocoagulaci\u00f3n por radiofrecuencia, trabajamos en estrecha colaboraci\u00f3n con hospitales universitarios para identificar y abordar las necesidades de un mercado que se transforma r\u00e1pidamente. Nuestros <strong>ingenieros y desarrolladores de software internos<\/strong> nos mantienen a la vanguardia de la tecnolog\u00eda m\u00e9dica, explorando nuevas tecnolog\u00edas y especialidades, mientras mejoran constantemente la eficiencia y la fiabilidad de los dispositivos existentes. Las interfaces de pantalla t\u00e1ctil redise\u00f1adas, la detecci\u00f3n autom\u00e1tica de las sondas y una variedad cada vez mayor de aplicaciones son solo algunos de los procedimientos en los que nos esforzamos a la hora de maximizar los beneficios del cliente.<\/p>\n<\/div>\n\n\n\n<div class=\"wp-block-column is-layout-flow wp-block-column-is-layout-flow\" style=\"flex-basis:33.33%\"><\/div>\n<\/div>\n\n\n\n<div class=\"wp-block-fcs-core-spacer u-padding-md-lg u-padding-sm\"><\/div>\n\n\n\n<h2 class=\"wp-block-heading has-primary-color has-text-color\">Calidad y seguridad<\/h2>\n\n\n\n<div class=\"wp-block-fcs-core-spacer u-padding-xs-lg u-padding-xs\"><\/div>\n\n\n\n<div class=\"wp-block-columns is-layout-flex wp-container-core-columns-is-layout-9d6595d7 wp-block-columns-is-layout-flex\">\n<div class=\"wp-block-column is-layout-flow wp-block-column-is-layout-flow\" style=\"flex-basis:66.66%\">\n<p>En F Care Systems, entendemos que la calidad es una cuesti\u00f3n de vida o muerte en el \u00e1mbito m\u00e9dico, por eso lucimos con orgullo nuestra etiqueta de \u00abperfeccionistas\u00bb. Todas las funciones de cada dispositivo se comprueban rigurosamente antes de llegar al mercado, y los sistemas de medici\u00f3n inteligentes garantizan una detecci\u00f3n r\u00e1pida de cualquier problema posterior. Mantenemos la <strong>certificaci\u00f3n ISO&nbsp;13485 <\/strong>como fabricante de dispositivos m\u00e9dicos de alta calidad, y nuestros productos m\u00e9dicos han recibido el <strong>marcado CE<\/strong> y la aprobaci\u00f3n de la <strong>FDA&nbsp;510K<\/strong> en los EE.&nbsp;UU. Nos enorgullecemos de implementar las nuevas normativas lo m\u00e1s r\u00e1pido posible. Despu\u00e9s de todo, en este mundo en constante evoluci\u00f3n, detenerse es retroceder.<\/p>\n<\/div>\n\n\n\n<div class=\"wp-block-column is-layout-flow wp-block-column-is-layout-flow\" style=\"flex-basis:33.33%\"><\/div>\n<\/div>\n\n\n\n<div class=\"wp-block-fcs-core-spacer u-padding-md-lg u-padding-sm\"><\/div>\n\n\n\n<h2 class=\"wp-block-heading has-primary-color has-text-color\">Colaboraci\u00f3n mundial<\/h2>\n\n\n\n<div class=\"wp-block-fcs-core-spacer u-padding-sm-lg u-padding-sm\"><\/div>\n\n\n\n<figure class=\"wp-block-image size-full is-style-full\"><img decoding=\"async\" src=\"https:\/\/fcaresystems.com\/wp-content\/uploads\/2023\/01\/Map-FCS.svg\" alt=\"\" class=\"wp-image-4390\"\/><\/figure>\n\n\n\n<div class=\"wp-block-fcs-core-spacer u-padding-xl-lg u-padding-md\"><\/div>\n<\/div>\n\n\n\n<div class=\"wp-block-group has-secondary-background-color has-background\"><div class=\"wp-block-group__inner-container is-layout-constrained wp-block-group-is-layout-constrained\">\n<div class=\"wp-block-fcs-core-container o-container\">\n<div class=\"wp-block-fcs-core-spacer u-padding-xl-lg u-padding-md\"><\/div>\n\n\n\n<h2 class=\"wp-block-heading has-text-align-center has-white-color has-text-color\">\u00bfQuiere saber m\u00e1s?<\/h2>\n\n\n\n<div class=\"wp-block-buttons is-content-justification-center is-layout-flex wp-container-core-buttons-is-layout-16018d1d wp-block-buttons-is-layout-flex\">\n<div class=\"wp-block-button is-style-fill\"><a class=\"wp-block-button__link has-primary-background-color has-background wp-element-button\" href=\"https:\/\/fcaresystems.com\/es\/contacto\/\">Cont\u00e1ctenos<\/a><\/div>\n<\/div>\n\n\n\n<div class=\"wp-block-fcs-core-spacer u-padding-xl-lg u-padding-md\"><\/div>\n<\/div>\n<\/div><\/div>\n","protected":false},"excerpt":{"rendered":"","protected":false},"author":1,"featured_media":0,"parent":0,"menu_order":0,"comment_status":"closed","ping_status":"closed","template":"","meta":{"_color_hex":"","_color_slug":"","footnotes":""},"class_list":["post-7963","page","type-page","status-publish","hentry"],"yoast_head":"<!-- This site is optimized with the Yoast SEO plugin v27.0 - https:\/\/yoast.com\/product\/yoast-seo-wordpress\/ -->\n<title>Acerca de nosotros | Fabricante de dispositivos m\u00e9dicos | F Care Systems<\/title>\n<meta name=\"description\" content=\"F Care Systems es desarrollador, fabricante y distribuidor mundial de dispositivos m\u00e9dicos de calidad.\" \/>\n<meta name=\"robots\" content=\"index, follow, max-snippet:-1, max-image-preview:large, max-video-preview:-1\" \/>\n<link rel=\"canonical\" href=\"https:\/\/fcaresystems.com\/es\/acerca-de-nosotros\/\" \/>\n<meta property=\"og:locale\" content=\"es_ES\" \/>\n<meta property=\"og:type\" content=\"article\" \/>\n<meta property=\"og:title\" content=\"Acerca de nosotros | Fabricante de dispositivos m\u00e9dicos | F Care Systems\" \/>\n<meta property=\"og:description\" content=\"F Care Systems es desarrollador, fabricante y distribuidor mundial de dispositivos m\u00e9dicos de calidad.\" \/>\n<meta property=\"og:url\" content=\"https:\/\/fcaresystems.com\/es\/acerca-de-nosotros\/\" \/>\n<meta property=\"og:site_name\" content=\"F Care Systems\" \/>\n<meta property=\"article:modified_time\" content=\"2024-03-04T21:35:26+00:00\" \/>\n<meta property=\"og:image\" content=\"https:\/\/fcaresystems.com\/wp-content\/uploads\/2022\/12\/Quality-control.jpg\" \/>\n<meta name=\"twitter:card\" content=\"summary_large_image\" \/>\n<meta name=\"twitter:label1\" content=\"Tiempo de lectura\" \/>\n\t<meta name=\"twitter:data1\" content=\"2 minutos\" \/>\n<script type=\"application\/ld+json\" class=\"yoast-schema-graph\">{\"@context\":\"https:\/\/schema.org\",\"@graph\":[{\"@type\":\"WebPage\",\"@id\":\"https:\/\/fcaresystems.com\/es\/acerca-de-nosotros\/\",\"url\":\"https:\/\/fcaresystems.com\/es\/acerca-de-nosotros\/\",\"name\":\"Acerca de nosotros | Fabricante de dispositivos m\u00e9dicos | F Care Systems\",\"isPartOf\":{\"@id\":\"https:\/\/fcaresystems.com\/es\/#website\"},\"primaryImageOfPage\":{\"@id\":\"https:\/\/fcaresystems.com\/es\/acerca-de-nosotros\/#primaryimage\"},\"image\":{\"@id\":\"https:\/\/fcaresystems.com\/es\/acerca-de-nosotros\/#primaryimage\"},\"thumbnailUrl\":\"https:\/\/fcaresystems.com\/wp-content\/uploads\/2022\/12\/Quality-control.jpg\",\"datePublished\":\"2022-10-24T12:23:49+00:00\",\"dateModified\":\"2024-03-04T21:35:26+00:00\",\"description\":\"F Care Systems es desarrollador, fabricante y distribuidor mundial de dispositivos m\u00e9dicos de calidad.\",\"breadcrumb\":{\"@id\":\"https:\/\/fcaresystems.com\/es\/acerca-de-nosotros\/#breadcrumb\"},\"inLanguage\":\"es\",\"potentialAction\":[{\"@type\":\"ReadAction\",\"target\":[\"https:\/\/fcaresystems.com\/es\/acerca-de-nosotros\/\"]}]},{\"@type\":\"ImageObject\",\"inLanguage\":\"es\",\"@id\":\"https:\/\/fcaresystems.com\/es\/acerca-de-nosotros\/#primaryimage\",\"url\":\"https:\/\/fcaresystems.com\/wp-content\/uploads\/2022\/12\/Quality-control.jpg\",\"contentUrl\":\"https:\/\/fcaresystems.com\/wp-content\/uploads\/2022\/12\/Quality-control.jpg\"},{\"@type\":\"BreadcrumbList\",\"@id\":\"https:\/\/fcaresystems.com\/es\/acerca-de-nosotros\/#breadcrumb\",\"itemListElement\":[{\"@type\":\"ListItem\",\"position\":1,\"name\":\"Home\",\"item\":\"https:\/\/fcaresystems.com\/es\/\"},{\"@type\":\"ListItem\",\"position\":2,\"name\":\"Acerca de nosotros\"}]},{\"@type\":\"WebSite\",\"@id\":\"https:\/\/fcaresystems.com\/es\/#website\",\"url\":\"https:\/\/fcaresystems.com\/es\/\",\"name\":\"F Care Systems\",\"description\":\"\",\"publisher\":{\"@id\":\"https:\/\/fcaresystems.com\/es\/#organization\"},\"potentialAction\":[{\"@type\":\"SearchAction\",\"target\":{\"@type\":\"EntryPoint\",\"urlTemplate\":\"https:\/\/fcaresystems.com\/es\/?s={search_term_string}\"},\"query-input\":{\"@type\":\"PropertyValueSpecification\",\"valueRequired\":true,\"valueName\":\"search_term_string\"}}],\"inLanguage\":\"es\"},{\"@type\":\"Organization\",\"@id\":\"https:\/\/fcaresystems.com\/es\/#organization\",\"name\":\"F Care Systems\",\"url\":\"https:\/\/fcaresystems.com\/es\/\",\"logo\":{\"@type\":\"ImageObject\",\"inLanguage\":\"es\",\"@id\":\"https:\/\/fcaresystems.com\/es\/#\/schema\/logo\/image\/\",\"url\":\"https:\/\/fcaresystems.com\/wp-content\/uploads\/2022\/11\/logo-2.svg\",\"contentUrl\":\"https:\/\/fcaresystems.com\/wp-content\/uploads\/2022\/11\/logo-2.svg\",\"caption\":\"F Care Systems\"},\"image\":{\"@id\":\"https:\/\/fcaresystems.com\/es\/#\/schema\/logo\/image\/\"}}]}<\/script>\n<!-- \/ Yoast SEO plugin. -->","yoast_head_json":{"title":"Acerca de nosotros | Fabricante de dispositivos m\u00e9dicos | F Care Systems","description":"F Care Systems es desarrollador, fabricante y distribuidor mundial de dispositivos m\u00e9dicos de calidad.","robots":{"index":"index","follow":"follow","max-snippet":"max-snippet:-1","max-image-preview":"max-image-preview:large","max-video-preview":"max-video-preview:-1"},"canonical":"https:\/\/fcaresystems.com\/es\/acerca-de-nosotros\/","og_locale":"es_ES","og_type":"article","og_title":"Acerca de nosotros | Fabricante de dispositivos m\u00e9dicos | F Care Systems","og_description":"F Care Systems es desarrollador, fabricante y distribuidor mundial de dispositivos m\u00e9dicos de calidad.","og_url":"https:\/\/fcaresystems.com\/es\/acerca-de-nosotros\/","og_site_name":"F Care Systems","article_modified_time":"2024-03-04T21:35:26+00:00","og_image":[{"url":"https:\/\/fcaresystems.com\/wp-content\/uploads\/2022\/12\/Quality-control.jpg","type":"","width":"","height":""}],"twitter_card":"summary_large_image","twitter_misc":{"Tiempo de lectura":"2 minutos"},"schema":{"@context":"https:\/\/schema.org","@graph":[{"@type":"WebPage","@id":"https:\/\/fcaresystems.com\/es\/acerca-de-nosotros\/","url":"https:\/\/fcaresystems.com\/es\/acerca-de-nosotros\/","name":"Acerca de nosotros | Fabricante de dispositivos m\u00e9dicos | F Care Systems","isPartOf":{"@id":"https:\/\/fcaresystems.com\/es\/#website"},"primaryImageOfPage":{"@id":"https:\/\/fcaresystems.com\/es\/acerca-de-nosotros\/#primaryimage"},"image":{"@id":"https:\/\/fcaresystems.com\/es\/acerca-de-nosotros\/#primaryimage"},"thumbnailUrl":"https:\/\/fcaresystems.com\/wp-content\/uploads\/2022\/12\/Quality-control.jpg","datePublished":"2022-10-24T12:23:49+00:00","dateModified":"2024-03-04T21:35:26+00:00","description":"F Care Systems es desarrollador, fabricante y distribuidor mundial de dispositivos m\u00e9dicos de calidad.","breadcrumb":{"@id":"https:\/\/fcaresystems.com\/es\/acerca-de-nosotros\/#breadcrumb"},"inLanguage":"es","potentialAction":[{"@type":"ReadAction","target":["https:\/\/fcaresystems.com\/es\/acerca-de-nosotros\/"]}]},{"@type":"ImageObject","inLanguage":"es","@id":"https:\/\/fcaresystems.com\/es\/acerca-de-nosotros\/#primaryimage","url":"https:\/\/fcaresystems.com\/wp-content\/uploads\/2022\/12\/Quality-control.jpg","contentUrl":"https:\/\/fcaresystems.com\/wp-content\/uploads\/2022\/12\/Quality-control.jpg"},{"@type":"BreadcrumbList","@id":"https:\/\/fcaresystems.com\/es\/acerca-de-nosotros\/#breadcrumb","itemListElement":[{"@type":"ListItem","position":1,"name":"Home","item":"https:\/\/fcaresystems.com\/es\/"},{"@type":"ListItem","position":2,"name":"Acerca de nosotros"}]},{"@type":"WebSite","@id":"https:\/\/fcaresystems.com\/es\/#website","url":"https:\/\/fcaresystems.com\/es\/","name":"F Care Systems","description":"","publisher":{"@id":"https:\/\/fcaresystems.com\/es\/#organization"},"potentialAction":[{"@type":"SearchAction","target":{"@type":"EntryPoint","urlTemplate":"https:\/\/fcaresystems.com\/es\/?s={search_term_string}"},"query-input":{"@type":"PropertyValueSpecification","valueRequired":true,"valueName":"search_term_string"}}],"inLanguage":"es"},{"@type":"Organization","@id":"https:\/\/fcaresystems.com\/es\/#organization","name":"F Care Systems","url":"https:\/\/fcaresystems.com\/es\/","logo":{"@type":"ImageObject","inLanguage":"es","@id":"https:\/\/fcaresystems.com\/es\/#\/schema\/logo\/image\/","url":"https:\/\/fcaresystems.com\/wp-content\/uploads\/2022\/11\/logo-2.svg","contentUrl":"https:\/\/fcaresystems.com\/wp-content\/uploads\/2022\/11\/logo-2.svg","caption":"F Care Systems"},"image":{"@id":"https:\/\/fcaresystems.com\/es\/#\/schema\/logo\/image\/"}}]}},"_links":{"self":[{"href":"https:\/\/fcaresystems.com\/es\/wp-json\/wp\/v2\/pages\/7963","targetHints":{"allow":["GET"]}}],"collection":[{"href":"https:\/\/fcaresystems.com\/es\/wp-json\/wp\/v2\/pages"}],"about":[{"href":"https:\/\/fcaresystems.com\/es\/wp-json\/wp\/v2\/types\/page"}],"author":[{"embeddable":true,"href":"https:\/\/fcaresystems.com\/es\/wp-json\/wp\/v2\/users\/1"}],"replies":[{"embeddable":true,"href":"https:\/\/fcaresystems.com\/es\/wp-json\/wp\/v2\/comments?post=7963"}],"version-history":[{"count":8,"href":"https:\/\/fcaresystems.com\/es\/wp-json\/wp\/v2\/pages\/7963\/revisions"}],"predecessor-version":[{"id":13343,"href":"https:\/\/fcaresystems.com\/es\/wp-json\/wp\/v2\/pages\/7963\/revisions\/13343"}],"wp:attachment":[{"href":"https:\/\/fcaresystems.com\/es\/wp-json\/wp\/v2\/media?parent=7963"}],"curies":[{"name":"wp","href":"https:\/\/api.w.org\/{rel}","templated":true}]}}