{"id":14851,"date":"2022-11-18T10:17:51","date_gmt":"2022-11-18T09:17:51","guid":{"rendered":"https:\/\/fcaresystems.com\/productos\/generadores\/aj-500a-rf-generator\/"},"modified":"2025-05-28T15:18:18","modified_gmt":"2025-05-28T13:18:18","slug":"aj-500a-rf-generator","status":"publish","type":"page","link":"https:\/\/fcaresystems.com\/es\/productos\/generadores\/aj-500a-rf-generator\/","title":{"rendered":"Generador AJ-500A"},"content":{"rendered":"\n<div class=\"wp-block-fcs-core-container o-container\">\n<div class=\"wp-block-fcs-core-spacer u-padding-md-lg u-padding-md\"><\/div>\n\n\n\n<div class=\"wp-block-group c-breadcrumb\"><div class=\"wp-block-group__inner-container is-layout-flow wp-block-group-is-layout-flow\"><span><span><a href=\"https:\/\/fcaresystems.com\/es\/\">Home<\/a><\/span><\/span>\n<\/div><\/div>\n\n\n\n<div class=\"wp-block-fcs-core-spacer u-padding-md-lg u-padding-md\"><\/div>\n\n\n\n<div class=\"wp-block-columns is-style-largegap is-layout-flex wp-container-core-columns-is-layout-9d6595d7 wp-block-columns-is-layout-flex\">\n<div class=\"wp-block-column is-layout-flow wp-block-column-is-layout-flow\"><div class=\"c-slider-gallery\"><div class=\"c-slider-wrapper\"><div class=\"c-slider c-slider-slick c-slider-slick-for o-block\" ref=\"slickSlide\"><a data-fancybox=\"gallery\" data-caption=\"MedRF5000 generator and peristaltic cooling pump\" href=\"https:\/\/fcaresystems.com\/wp-content\/uploads\/2022\/11\/MedRF5000-generator-and-peristaltic-cooling-pump.jpg\"><img decoding=\"async\" src=\"https:\/\/fcaresystems.com\/wp-content\/uploads\/2022\/11\/MedRF5000-generator-and-peristaltic-cooling-pump.jpg\" title=\"MedRF5000 generator and peristaltic cooling pump\"  \/><\/a><a data-fancybox=\"gallery\" data-caption=\"MedRF5000 percuteaneous radiofrequency coagulation\" href=\"https:\/\/fcaresystems.com\/wp-content\/uploads\/2022\/11\/MedRF5000-percuteaneous-radiofrequency-coagulation.jpg\"><img decoding=\"async\" src=\"https:\/\/fcaresystems.com\/wp-content\/uploads\/2022\/11\/MedRF5000-percuteaneous-radiofrequency-coagulation.jpg\" title=\"MedRF5000 percuteaneous radiofrequency coagulation\"  \/><\/a><\/div><\/div><div class=\"c-slider-nav-container\"><div class=\"c-slider c-slider-slick c-slider-slick-nav u-margin-top-sm\" ref=\"slickNav\"><div><img decoding=\"async\" class=\"\" src=\"https:\/\/fcaresystems.com\/wp-content\/uploads\/2022\/11\/MedRF5000-generator-and-peristaltic-cooling-pump.jpg\" srcset=\"\" alt=\"\" \/><\/div><div><img decoding=\"async\" class=\"\" src=\"https:\/\/fcaresystems.com\/wp-content\/uploads\/2022\/11\/MedRF5000-percuteaneous-radiofrequency-coagulation.jpg\" srcset=\"\" alt=\"\" \/><\/div><\/div><\/div><\/div>\n\n\n<div class=\"wp-block-fcs-core-spacer u-padding-md-lg u-padding-md\"><\/div>\n\n\n\n<div class=\"wp-block-fcs-core-icon-buttons c-buttons--icon popmake-14828\">\n<a href=\"#\" class=\"wp-block-fcs-core-icon-button c-button c-button--icon-inline is-style-small popmake-14828\"><img decoding=\"async\" src=\"https:\/\/fcaresystems.com\/wp-content\/uploads\/2022\/11\/icon-download.svg\"\/>AJ-500A brochure<\/a>\n<\/div>\n\n\n\n<div class=\"wp-block-fcs-core-spacer u-padding-md-lg u-padding-md\"><\/div>\n<\/div>\n\n\n\n<div class=\"wp-block-column is-layout-flow wp-block-column-is-layout-flow\">\n<h1 class=\"wp-block-heading has-secondary-color has-text-color\"><strong><strong>Sistema de ablaci\u00f3n por radiofrecuencia AJ-500A para tumores<\/strong><\/strong><\/h1>\n\n\n\n<p>Eficaz, vers\u00e1til y relativamente econ\u00f3mica, la termocoagulaci\u00f3n por radiofrecuencia sigue siendo la opci\u00f3n m\u00e1s destacada entre las numerosas opciones de ablaci\u00f3n tumoral m\u00ednimamente invasiva disponibles actualmente en el mercado. En los \u00faltimos a\u00f1os, se han estudiado diversas opciones para controlar y mejorar el efecto de la ablaci\u00f3n, entre ellas la refrigeraci\u00f3n interna de la sonda, el calentamiento lento o pulsado, la infusi\u00f3n de soluci\u00f3n salina y las matrices de sondas m\u00faltiples.<br><\/p>\n\n\n\n<p>Afortunadamente, el AJ-500A es compatible con todas ellas.<\/p>\n\n\n\n<p>Basta con conectar la <strong>bomba perist\u00e1ltica<\/strong> y enchufar hasta tres <strong>electrodos de aguja<\/strong>, y la pantalla t\u00e1ctil inclinada e intuitiva mostrar\u00e1 autom\u00e1ticamente la informaci\u00f3n correspondiente:<br><\/p>\n\n\n\n<h3 class=\"wp-block-heading has-primary-color has-text-color has-link-color wp-elements-0325b4efbd659d436d91987a36efc7eb\">Modos<\/h3>\n\n\n\n<p><br><strong>Modo pulsado (P):<\/strong> una vez que se alcanza un m\u00faltiplo determinado del nivel de impedancia inicial, la energ\u00eda de radiofrecuencia se desconecta autom\u00e1ticamente para permitir la refrigeraci\u00f3n hasta que la impedancia desciende por debajo del umbral definido. Este entorno controlado por impedancia es ideal para tratar tumores m\u00e1s grandes, como las neoplasias <strong>hep\u00e1ticas<\/strong>.<\/p>\n\n\n\n<p><em>Se utiliza a menudo con<\/em> el <strong>electrodo en forma de L con refrigeraci\u00f3n interna:<\/strong> tiene una barra de agujas hueca que hace circular hasta 130 ml de agua por minuto desde la <strong>bomba perist\u00e1ltica<\/strong>, lo que ayuda a prevenir la adhesi\u00f3n y la carbonataci\u00f3n.<\/p>\n\n\n\n<p><strong>Modo manual (M)<\/strong>: la energ\u00eda de RF se suministra de forma continua; una vez que se alcanza un umbral de impedancia definido, un tono de se\u00f1al indica al usuario que cambie la posici\u00f3n de la sonda, por ejemplo, cuando se realiza una ablaci\u00f3n multipunto.<\/p>\n\n\n\n<p><em>Se utiliza a menudo con<\/em> el <strong>electrodo recto con refrigeraci\u00f3n interna<\/strong>: tiene un mango ergon\u00f3mico que permite reposicionarlo r\u00e1pidamente cuando se ablan m\u00faltiples crecimientos superficiales. Al igual que su hom\u00f3logo en forma de L, cuenta con una barra de aguja hueca integrada con refrigeraci\u00f3n por circulaci\u00f3n.<\/p>\n\n\n\n<p><strong>Modo TEMP:<\/strong> ambos <strong>electrodos con refrigeraci\u00f3n interna<\/strong> tambi\u00e9n se pueden utilizar en modo de control de temperatura, en el que la energ\u00eda de RF se corta cuando se alcanza una temperatura determinada. Los usuarios pueden ajustar la temperatura objetivo en funci\u00f3n del ancho de ablaci\u00f3n deseado. Este modo es especialmente \u00fatil en la ablaci\u00f3n \u00abMoving Shot\u00bb de n\u00f3dulos <strong>tiroideos<\/strong>.<\/p>\n\n\n\n<p><strong>Modo C-track:<\/strong> un modo especial para garantizar una <strong>ablaci\u00f3n con Cool Needle<\/strong> <strong>tract<\/strong> precisa y evitar la diseminaci\u00f3n del tumor. Cuando la temperatura desciende por debajo de un umbral especificado, el generador indica al usuario que deje de retirar la aguja y espere hasta que se restablezca la temperatura objetivo.<\/p>\n\n\n\n<p><strong>Modo A-track (afusi\u00f3n):<\/strong> proporciona un control preciso de la temperatura mientras libera gradualmente l\u00edquido al entorno.<\/p>\n\n\n\n<p><em>Se utiliza con: <\/em><strong>Electrodo de aguja de inyecci\u00f3n de agua<\/strong> de longitud ajustable con peque\u00f1os orificios a aproximadamente 5 mm de la punta para permitir la ablaci\u00f3n modulada con soluci\u00f3n salina, lo que mejora la forma y el alcance de la ablaci\u00f3n al extirpar tumores s\u00f3lidos de mayor impedancia, como los crecimientos <strong>pulmonares<\/strong>.<\/p>\n\n\n\n<div class=\"wp-block-fcs-core-spacer u-padding-xs-lg u-padding-xs\"><\/div>\n\n\n\n<div class=\"wp-block-fcs-core-spacer u-padding-xs-lg u-padding-xs\"><\/div>\n\n\n\n<h3 class=\"wp-block-heading has-secondary-color has-text-color\"><strong><strong><strong>Especificaciones t\u00e9cnicas<\/strong><\/strong><\/strong><\/h3>\n\n\n\n<p><strong>Tecnolog\u00eda<\/strong>: generador de RF monopolar<\/p>\n\n\n\n<p><strong>Clasificaci\u00f3n de las partes aplicadas<\/strong>: tipo CF<\/p>\n\n\n\n<p><strong>Dimensiones del generador<\/strong>: L 444 mm \u00d7 An 387 mm \u00d7 Al 153 mm<\/p>\n\n\n\n<p><strong>Peso del generador<\/strong>: 9,4 kg<\/p>\n\n\n\n<p><strong>Dimensiones de la bomba perist\u00e1ltica<\/strong>: L 335 mm \u00d7 An 172 mm \u00d7 Al 253 mm<\/p>\n\n\n\n<p><strong>Peso de la bomba perist\u00e1ltica<\/strong>: 6,3 kg<\/p>\n\n\n\n<p><strong>Frecuencia de trabajo<\/strong>: 471 kHz \u00b110 %<\/p>\n\n\n\n<p><strong>Tensi\u00f3n de entrada<\/strong>: 230 V CA<\/p>\n\n\n\n<p><strong>Potencia de entrada<\/strong>: 500 V A<\/p>\n\n\n\n<p><strong>Carga nominal<\/strong>: 50 \u03a9<\/p>\n\n\n\n<div class=\"wp-block-fcs-core-spacer u-padding-xs-lg u-padding-xs\"><\/div>\n\n\n\n<div class=\"wp-block-fcs-core-spacer u-padding-xs-lg u-padding-xs\"><\/div>\n\n\n\n<h3 class=\"wp-block-heading has-secondary-color has-text-color\"><strong><strong><strong>Especificaciones de salida<\/strong><\/strong><\/strong><\/h3>\n\n\n\n<p><\/p>\n\n\n\n<figure class=\"wp-block-table\"><table><tbody><tr><td><strong><strong>Modo de funcionamiento<\/strong><\/strong><\/td><td><strong><strong>Potencia nominal<\/strong><\/strong><\/td><td><strong><strong>Salida m\u00e1xima<\/strong><\/strong><\/td><\/tr><tr><td>Affusion<\/td><td>200 W<\/td><td>450 V<\/td><\/tr><tr><td>A-track<\/td><td>50 W<\/td><td>450 V<\/td><\/tr><tr><td>Cool Needle(M)<\/td><td>150 W<\/td><td>670 V<\/td><\/tr><tr><td>Cool Needle (P)<\/td><td>150 W<\/td><td>670 V<\/td><\/tr><tr><td>Cool Needle (TEMP)<\/td><td>80 W<\/td><td>550 V<\/td><\/tr><tr><td>C-track<\/td><td>50 W<\/td><td>330 V<\/td><\/tr><\/tbody><\/table><\/figure>\n<\/div>\n<\/div>\n\n\n\n<div class=\"wp-block-fcs-core-spacer u-padding-xl-lg u-padding-md\"><\/div>\n<\/div>\n\n\n\n<div class=\"wp-block-group has-secondary-background-color has-background\"><div class=\"wp-block-group__inner-container is-layout-constrained wp-block-group-is-layout-constrained\">\n<div class=\"wp-block-fcs-core-spacer u-padding-md-lg u-padding-md\"><\/div>\n\n\n\n<div class=\"wp-block-fcs-core-container o-container\">\n<figure class=\"wp-block-image size-full is-resized\"><img decoding=\"async\" src=\"https:\/\/fcaresystems.com\/wp-content\/uploads\/2022\/11\/icon-doctor-white.svg\" alt=\"\" class=\"wp-image-392\" style=\"width:46px;height:48px\"\/><\/figure>\n\n\n\n<div class=\"wp-block-fcs-core-spacer u-padding-xxs-lg u-padding-sm\"><\/div>\n\n\n\n<div class=\"wp-block-columns is-layout-flex wp-container-core-columns-is-layout-9d6595d7 wp-block-columns-is-layout-flex\">\n<div class=\"wp-block-column is-layout-flow wp-block-column-is-layout-flow\" style=\"flex-basis:56%\">\n<h2 class=\"wp-block-heading u-margin-none has-white-color has-text-color\">Necesito esto para mi pr\u00e1ctica<\/h2>\n<\/div>\n\n\n\n<div class=\"wp-block-column is-vertically-aligned-bottom is-layout-flow wp-block-column-is-layout-flow\">\n<div class=\"wp-block-buttons is-content-justification-left is-layout-flex wp-container-core-buttons-is-layout-fdcfc74e wp-block-buttons-is-layout-flex\">\n<div class=\"wp-block-button alignright\"><a class=\"wp-block-button__link has-primary-background-color has-background wp-element-button\" href=\"https:\/\/fcaresystems.com\/es\/productos\/pedir-producto\/\">Pedir este producto<\/a><\/div>\n\n\n\n<div class=\"wp-block-button alignright is-style-outline is-style-outline--1\"><a class=\"wp-block-button__link has-white-color has-text-color has-link-color wp-element-button\" href=\"https:\/\/fcaresystems.com\/es\/productos\/\">Ver todos los productos<\/a><\/div>\n<\/div>\n<\/div>\n<\/div>\n<\/div>\n\n\n\n<div class=\"wp-block-fcs-core-spacer u-padding-md-lg u-padding-md\"><\/div>\n<\/div><\/div>\n\n\n\n<div class=\"wp-block-fcs-core-spacer u-padding-xl-lg u-padding-md\"><\/div>\n\n\n\n<div class=\"wp-block-fcs-core-container o-container\">\n<h2 class=\"wp-block-heading is-style-underline has-secondary-color has-text-color\">Consumibles relacionados<\/h2>\n\n\n\n<div class=\"wp-block-fcs-core-spacer u-padding-xs-lg u-padding-xs\"><\/div>\n\n\n\n<div class=\"o-grid o-grid-3-lg o-grid-gap-s\"><div class=\"c-card__wrapper\">\n    <a href=\"https:\/\/fcaresystems.com\/es\/productos\/consumibles\/electrodos-rf\/\" class=\"c-card c-card--product\">\n    <figure>\n    <img decoding=\"async\" src=\"https:\/\/fcaresystems.com\/wp-content\/uploads\/2022\/11\/percutaneous-rf-needle-electrodes.jpg\" alt=\"\" title=\"\" width=\"1080\" height=\"810\" loading=\"lazy\" \/>\n    <\/figure>\n        <div class=\"u-padding-sm o-flex o-flex-column o-flex-justify-content-between o-flex-grow\">\n            <div>\n                <h3>Electrodos de radiofrecuencia AJ-500A<\/h3>\n                <p>Un tr\u00edo de electrodos de aguja refrigerados por agua para una termocoagulaci\u00f3n precisa con control de temperatura o impedancia.<\/p>\n            <\/div>\n            <p class=\"c-button-link c-button-link--icon u-margin-none\">Leer m\u00e1s<\/p>\n        <\/div>\n    <\/a>\n<\/div><\/div>\n\n\n\n<div class=\"wp-block-fcs-core-spacer u-padding-xl-lg u-padding-md\"><\/div>\n\n\n\n<h2 class=\"wp-block-heading is-style-underline has-secondary-color has-text-color\">Tratamientos relacionados<\/h2>\n\n\n\n<div class=\"wp-block-fcs-core-spacer u-padding-xs-lg u-padding-xs\"><\/div>\n\n\n\n<div class=\"o-grid o-grid-3-lg o-grid-gap-s\"><\/div>\n\n\n\n<div class=\"wp-block-fcs-core-spacer u-padding-xl-lg u-padding-md\"><\/div>\n\n\n\n<div class=\"wp-block-fcs-core-spacer u-padding-xl-lg u-padding-md\"><\/div>\n\n\n\n<div class=\"wp-block-fcs-core-spacer u-padding-xs-lg u-padding-sm\"><\/div>\n<\/div>\n\n\n\n<div class=\"wp-block-fcs-core-spacer u-padding-xs-lg u-padding-sm\"><\/div>\n\n\n\n<div class=\"wp-block-fcs-core-spacer u-padding-xl-lg u-padding-md\"><\/div>\n\n\n\n<div class=\"wp-block-fcs-core-spacer u-padding-xxl-lg u-padding-md\"><\/div>\n","protected":false},"excerpt":{"rendered":"<p>Dedicated to precise water-cooled thermocoagulation of tumours.<\/p>\n","protected":false},"author":1,"featured_media":4944,"parent":8220,"menu_order":0,"comment_status":"closed","ping_status":"closed","template":"","meta":{"_color_hex":"","_color_slug":"","footnotes":""},"class_list":["post-14851","page","type-page","status-publish","has-post-thumbnail","hentry"],"yoast_head":"<!-- This site is optimized with the Yoast SEO plugin v27.0 - https:\/\/yoast.com\/product\/yoast-seo-wordpress\/ -->\n<title>F Care Systems | AJ-500A generator for tumours<\/title>\n<meta name=\"description\" content=\"Discover the AJ-500A the most user-friendly radiofrequency ablation system on the market for ablating benign liver, thyroid and lung tumours.\" \/>\n<meta name=\"robots\" content=\"index, follow, max-snippet:-1, max-image-preview:large, max-video-preview:-1\" \/>\n<link rel=\"canonical\" href=\"https:\/\/fcaresystems.com\/es\/productos\/generadores\/aj-500a-rf-generator\/\" \/>\n<meta property=\"og:locale\" content=\"es_ES\" \/>\n<meta property=\"og:type\" content=\"article\" \/>\n<meta property=\"og:title\" content=\"F Care Systems | AJ-500A generator for tumours\" \/>\n<meta property=\"og:description\" content=\"Discover the AJ-500A the most user-friendly radiofrequency ablation system on the market for ablating benign liver, thyroid and lung tumours.\" \/>\n<meta property=\"og:url\" content=\"https:\/\/fcaresystems.com\/es\/productos\/generadores\/aj-500a-rf-generator\/\" \/>\n<meta property=\"og:site_name\" content=\"F Care Systems\" \/>\n<meta property=\"article:modified_time\" content=\"2025-05-28T13:18:18+00:00\" \/>\n<meta property=\"og:image\" content=\"https:\/\/fcaresystems.com\/wp-content\/uploads\/2022\/11\/MedRF5000-percuteaneous-radiofrequency-coagulation.jpg\" \/>\n\t<meta property=\"og:image:width\" content=\"1080\" \/>\n\t<meta property=\"og:image:height\" content=\"810\" \/>\n\t<meta property=\"og:image:type\" content=\"image\/jpeg\" \/>\n<meta name=\"twitter:card\" content=\"summary_large_image\" \/>\n<meta name=\"twitter:label1\" content=\"Tiempo de lectura\" \/>\n\t<meta name=\"twitter:data1\" content=\"4 minutos\" \/>\n<script type=\"application\/ld+json\" class=\"yoast-schema-graph\">{\"@context\":\"https:\/\/schema.org\",\"@graph\":[{\"@type\":\"WebPage\",\"@id\":\"https:\/\/fcaresystems.com\/es\/productos\/generadores\/aj-500a-rf-generator\/\",\"url\":\"https:\/\/fcaresystems.com\/es\/productos\/generadores\/aj-500a-rf-generator\/\",\"name\":\"F Care Systems | AJ-500A generator for tumours\",\"isPartOf\":{\"@id\":\"https:\/\/fcaresystems.com\/es\/#website\"},\"primaryImageOfPage\":{\"@id\":\"https:\/\/fcaresystems.com\/es\/productos\/generadores\/aj-500a-rf-generator\/#primaryimage\"},\"image\":{\"@id\":\"https:\/\/fcaresystems.com\/es\/productos\/generadores\/aj-500a-rf-generator\/#primaryimage\"},\"thumbnailUrl\":\"https:\/\/fcaresystems.com\/wp-content\/uploads\/2022\/11\/MedRF5000-percuteaneous-radiofrequency-coagulation.jpg\",\"datePublished\":\"2022-11-18T09:17:51+00:00\",\"dateModified\":\"2025-05-28T13:18:18+00:00\",\"description\":\"Discover the AJ-500A the most user-friendly radiofrequency ablation system on the market for ablating benign liver, thyroid and lung tumours.\",\"breadcrumb\":{\"@id\":\"https:\/\/fcaresystems.com\/es\/productos\/generadores\/aj-500a-rf-generator\/#breadcrumb\"},\"inLanguage\":\"es\",\"potentialAction\":[{\"@type\":\"ReadAction\",\"target\":[\"https:\/\/fcaresystems.com\/es\/productos\/generadores\/aj-500a-rf-generator\/\"]}]},{\"@type\":\"ImageObject\",\"inLanguage\":\"es\",\"@id\":\"https:\/\/fcaresystems.com\/es\/productos\/generadores\/aj-500a-rf-generator\/#primaryimage\",\"url\":\"https:\/\/fcaresystems.com\/wp-content\/uploads\/2022\/11\/MedRF5000-percuteaneous-radiofrequency-coagulation.jpg\",\"contentUrl\":\"https:\/\/fcaresystems.com\/wp-content\/uploads\/2022\/11\/MedRF5000-percuteaneous-radiofrequency-coagulation.jpg\",\"width\":1080,\"height\":810,\"caption\":\"MedRF5000 percuteaneous radiofrequency coagulation\"},{\"@type\":\"BreadcrumbList\",\"@id\":\"https:\/\/fcaresystems.com\/es\/productos\/generadores\/aj-500a-rf-generator\/#breadcrumb\",\"itemListElement\":[{\"@type\":\"ListItem\",\"position\":1,\"name\":\"Home\",\"item\":\"https:\/\/fcaresystems.com\/es\/\"},{\"@type\":\"ListItem\",\"position\":2,\"name\":\"Productos\",\"item\":\"https:\/\/fcaresystems.com\/es\/productos\/\"},{\"@type\":\"ListItem\",\"position\":3,\"name\":\"Generadores\",\"item\":\"https:\/\/fcaresystems.com\/es\/productos\/generadores\/\"},{\"@type\":\"ListItem\",\"position\":4,\"name\":\"Generador AJ-500A\"}]},{\"@type\":\"WebSite\",\"@id\":\"https:\/\/fcaresystems.com\/es\/#website\",\"url\":\"https:\/\/fcaresystems.com\/es\/\",\"name\":\"F Care Systems\",\"description\":\"\",\"publisher\":{\"@id\":\"https:\/\/fcaresystems.com\/es\/#organization\"},\"potentialAction\":[{\"@type\":\"SearchAction\",\"target\":{\"@type\":\"EntryPoint\",\"urlTemplate\":\"https:\/\/fcaresystems.com\/es\/?s={search_term_string}\"},\"query-input\":{\"@type\":\"PropertyValueSpecification\",\"valueRequired\":true,\"valueName\":\"search_term_string\"}}],\"inLanguage\":\"es\"},{\"@type\":\"Organization\",\"@id\":\"https:\/\/fcaresystems.com\/es\/#organization\",\"name\":\"F Care Systems\",\"url\":\"https:\/\/fcaresystems.com\/es\/\",\"logo\":{\"@type\":\"ImageObject\",\"inLanguage\":\"es\",\"@id\":\"https:\/\/fcaresystems.com\/es\/#\/schema\/logo\/image\/\",\"url\":\"https:\/\/fcaresystems.com\/wp-content\/uploads\/2022\/11\/logo-2.svg\",\"contentUrl\":\"https:\/\/fcaresystems.com\/wp-content\/uploads\/2022\/11\/logo-2.svg\",\"caption\":\"F Care Systems\"},\"image\":{\"@id\":\"https:\/\/fcaresystems.com\/es\/#\/schema\/logo\/image\/\"}}]}<\/script>\n<!-- \/ Yoast SEO plugin. -->","yoast_head_json":{"title":"F Care Systems | AJ-500A generator for tumours","description":"Discover the AJ-500A the most user-friendly radiofrequency ablation system on the market for ablating benign liver, thyroid and lung tumours.","robots":{"index":"index","follow":"follow","max-snippet":"max-snippet:-1","max-image-preview":"max-image-preview:large","max-video-preview":"max-video-preview:-1"},"canonical":"https:\/\/fcaresystems.com\/es\/productos\/generadores\/aj-500a-rf-generator\/","og_locale":"es_ES","og_type":"article","og_title":"F Care Systems | AJ-500A generator for tumours","og_description":"Discover the AJ-500A the most user-friendly radiofrequency ablation system on the market for ablating benign liver, thyroid and lung tumours.","og_url":"https:\/\/fcaresystems.com\/es\/productos\/generadores\/aj-500a-rf-generator\/","og_site_name":"F Care Systems","article_modified_time":"2025-05-28T13:18:18+00:00","og_image":[{"width":1080,"height":810,"url":"https:\/\/fcaresystems.com\/wp-content\/uploads\/2022\/11\/MedRF5000-percuteaneous-radiofrequency-coagulation.jpg","type":"image\/jpeg"}],"twitter_card":"summary_large_image","twitter_misc":{"Tiempo de lectura":"4 minutos"},"schema":{"@context":"https:\/\/schema.org","@graph":[{"@type":"WebPage","@id":"https:\/\/fcaresystems.com\/es\/productos\/generadores\/aj-500a-rf-generator\/","url":"https:\/\/fcaresystems.com\/es\/productos\/generadores\/aj-500a-rf-generator\/","name":"F Care Systems | AJ-500A generator for tumours","isPartOf":{"@id":"https:\/\/fcaresystems.com\/es\/#website"},"primaryImageOfPage":{"@id":"https:\/\/fcaresystems.com\/es\/productos\/generadores\/aj-500a-rf-generator\/#primaryimage"},"image":{"@id":"https:\/\/fcaresystems.com\/es\/productos\/generadores\/aj-500a-rf-generator\/#primaryimage"},"thumbnailUrl":"https:\/\/fcaresystems.com\/wp-content\/uploads\/2022\/11\/MedRF5000-percuteaneous-radiofrequency-coagulation.jpg","datePublished":"2022-11-18T09:17:51+00:00","dateModified":"2025-05-28T13:18:18+00:00","description":"Discover the AJ-500A the most user-friendly radiofrequency ablation system on the market for ablating benign liver, thyroid and lung tumours.","breadcrumb":{"@id":"https:\/\/fcaresystems.com\/es\/productos\/generadores\/aj-500a-rf-generator\/#breadcrumb"},"inLanguage":"es","potentialAction":[{"@type":"ReadAction","target":["https:\/\/fcaresystems.com\/es\/productos\/generadores\/aj-500a-rf-generator\/"]}]},{"@type":"ImageObject","inLanguage":"es","@id":"https:\/\/fcaresystems.com\/es\/productos\/generadores\/aj-500a-rf-generator\/#primaryimage","url":"https:\/\/fcaresystems.com\/wp-content\/uploads\/2022\/11\/MedRF5000-percuteaneous-radiofrequency-coagulation.jpg","contentUrl":"https:\/\/fcaresystems.com\/wp-content\/uploads\/2022\/11\/MedRF5000-percuteaneous-radiofrequency-coagulation.jpg","width":1080,"height":810,"caption":"MedRF5000 percuteaneous radiofrequency coagulation"},{"@type":"BreadcrumbList","@id":"https:\/\/fcaresystems.com\/es\/productos\/generadores\/aj-500a-rf-generator\/#breadcrumb","itemListElement":[{"@type":"ListItem","position":1,"name":"Home","item":"https:\/\/fcaresystems.com\/es\/"},{"@type":"ListItem","position":2,"name":"Productos","item":"https:\/\/fcaresystems.com\/es\/productos\/"},{"@type":"ListItem","position":3,"name":"Generadores","item":"https:\/\/fcaresystems.com\/es\/productos\/generadores\/"},{"@type":"ListItem","position":4,"name":"Generador AJ-500A"}]},{"@type":"WebSite","@id":"https:\/\/fcaresystems.com\/es\/#website","url":"https:\/\/fcaresystems.com\/es\/","name":"F Care Systems","description":"","publisher":{"@id":"https:\/\/fcaresystems.com\/es\/#organization"},"potentialAction":[{"@type":"SearchAction","target":{"@type":"EntryPoint","urlTemplate":"https:\/\/fcaresystems.com\/es\/?s={search_term_string}"},"query-input":{"@type":"PropertyValueSpecification","valueRequired":true,"valueName":"search_term_string"}}],"inLanguage":"es"},{"@type":"Organization","@id":"https:\/\/fcaresystems.com\/es\/#organization","name":"F Care Systems","url":"https:\/\/fcaresystems.com\/es\/","logo":{"@type":"ImageObject","inLanguage":"es","@id":"https:\/\/fcaresystems.com\/es\/#\/schema\/logo\/image\/","url":"https:\/\/fcaresystems.com\/wp-content\/uploads\/2022\/11\/logo-2.svg","contentUrl":"https:\/\/fcaresystems.com\/wp-content\/uploads\/2022\/11\/logo-2.svg","caption":"F Care Systems"},"image":{"@id":"https:\/\/fcaresystems.com\/es\/#\/schema\/logo\/image\/"}}]}},"_links":{"self":[{"href":"https:\/\/fcaresystems.com\/es\/wp-json\/wp\/v2\/pages\/14851","targetHints":{"allow":["GET"]}}],"collection":[{"href":"https:\/\/fcaresystems.com\/es\/wp-json\/wp\/v2\/pages"}],"about":[{"href":"https:\/\/fcaresystems.com\/es\/wp-json\/wp\/v2\/types\/page"}],"author":[{"embeddable":true,"href":"https:\/\/fcaresystems.com\/es\/wp-json\/wp\/v2\/users\/1"}],"replies":[{"embeddable":true,"href":"https:\/\/fcaresystems.com\/es\/wp-json\/wp\/v2\/comments?post=14851"}],"version-history":[{"count":1,"href":"https:\/\/fcaresystems.com\/es\/wp-json\/wp\/v2\/pages\/14851\/revisions"}],"predecessor-version":[{"id":14853,"href":"https:\/\/fcaresystems.com\/es\/wp-json\/wp\/v2\/pages\/14851\/revisions\/14853"}],"up":[{"embeddable":true,"href":"https:\/\/fcaresystems.com\/es\/wp-json\/wp\/v2\/pages\/8220"}],"wp:featuredmedia":[{"embeddable":true,"href":"https:\/\/fcaresystems.com\/es\/wp-json\/wp\/v2\/media\/4944"}],"wp:attachment":[{"href":"https:\/\/fcaresystems.com\/es\/wp-json\/wp\/v2\/media?parent=14851"}],"curies":[{"name":"wp","href":"https:\/\/api.w.org\/{rel}","templated":true}]}}