{"id":7845,"date":"2022-11-07T11:54:34","date_gmt":"2022-11-07T10:54:34","guid":{"rendered":"https:\/\/fcaresystems.com\/minimalinvasive-behandlungen\/proctology\/"},"modified":"2023-07-06T15:00:18","modified_gmt":"2023-07-06T13:00:18","slug":"proktologie","status":"publish","type":"page","link":"https:\/\/fcaresystems.com\/de\/minimalinvasive-behandlungen\/proktologie\/","title":{"rendered":"Proktologie"},"content":{"rendered":"\n<section class=\"wp-block-fcs-core-header is-style-gradient\"><header class=\"c-header c-header-wrapper c-header-wrapper-s\"><figure class=\"c-header-img \"><img decoding=\"async\" src=\"https:\/\/fcaresystems.com\/wp-content\/uploads\/2022\/11\/hero-proctology.jpg\" class=\"c-header-img\"\/><figcaption class=\"c-header-content\"><div class=\"o-container\">\n<div class=\"wp-block-fcs-core-spacer u-padding-sm-lg u-padding-sm\"><\/div>\n\n\n\n<div class=\"wp-block-group c-breadcrumb\"><div class=\"wp-block-group__inner-container is-layout-flow wp-block-group-is-layout-flow\"><span><span><a href=\"https:\/\/fcaresystems.com\/de\/\">Home<\/a><\/span><\/span>\n<\/div><\/div>\n\n\n\n<div class=\"wp-block-fcs-core-spacer u-padding-xs-lg u-padding-xs\"><\/div>\n\n\n\n<figure class=\"wp-block-image size-full\"><img decoding=\"async\" src=\"https:\/\/fcaresystems.com\/wp-content\/uploads\/2022\/11\/icon-big-proctology-dik-wit.svg\" alt=\"\" class=\"wp-image-1031\"\/><\/figure>\n\n\n\n<div class=\"wp-block-fcs-core-spacer u-padding-xs-lg u-padding-xs\"><\/div>\n\n\n\n<h1 class=\"wp-block-heading has-white-color has-text-color\">Minimalinvasive Behandlungen f\u00fcr Koloproktologen<\/h1>\n<\/div><\/figcaption><\/figure><\/header><\/section>\n\n\n\n<div class=\"wp-block-fcs-core-container o-container\">\n<div class=\"wp-block-fcs-core-spacer u-padding-lg-lg u-padding-md\"><\/div>\n\n\n\n<div class=\"wp-block-columns is-layout-flex wp-container-core-columns-is-layout-9d6595d7 wp-block-columns-is-layout-flex\">\n<div class=\"wp-block-column is-layout-flow wp-block-column-is-layout-flow\" style=\"flex-basis:33.33%\">\n<h2 class=\"wp-block-heading has-primary-color has-text-color\">H\u00e4morrhoiden<\/h2>\n<\/div>\n\n\n\n<div class=\"wp-block-column is-layout-flow wp-block-column-is-layout-flow\" style=\"flex-basis:66.66%\">\n<div class=\"wp-block-columns is-layout-flex wp-container-core-columns-is-layout-9d6595d7 wp-block-columns-is-layout-flex\">\n<div class=\"wp-block-column is-layout-flow wp-block-column-is-layout-flow\">\n<a href=\"https:\/\/fcaresystems.com\/de\/minimalinvasive-behandlungen\/proktologie\/rf-ablation-haemorrhoiden\/\" class=\"c-card c-card--image\"><div class=\"u-padding-sm o-flex o-flex-column o-flex-justify-content-between o-flex-grow\"><div>\n<h3 class=\"wp-block-heading has-primary-color has-text-color\"><strong>Radiofrequenzablation | Rafaelo\u00ae<\/strong><\/h3>\n\n\n\n<p>Das Rafaelo\u00ae-Verfahren ist eine sichere und effektive nicht-chirurgische Methode zur Ablation von inneren H\u00e4morrhoiden der Grade 2, 3 und des fr\u00fchen 4. Grades durch Radiofrequenz-Thermokoagulation.<\/p>\n<\/div><div class=\"c-card__button\">Behandlungsdetails<\/div><\/div><\/a>\n<\/div>\n\n\n\n<div class=\"wp-block-column is-layout-flow wp-block-column-is-layout-flow\">\n<a href=\"https:\/\/fcaresystems.com\/de\/minimalinvasive-behandlungen\/proktologie\/gummibandligatur\/\" class=\"c-card c-card--image\"><div class=\"u-padding-sm o-flex o-flex-column o-flex-justify-content-between o-flex-grow\"><div>\n<h3 class=\"wp-block-heading has-primary-color has-text-color\"><strong><strong>Gummibandligatur<\/strong><\/strong> | Pilex<\/h3>\n\n\n\n<p>Die Gummibandligatur wird seit Jahrzehnten h\u00e4ufig als schnelle, praktische ambulante Option zur Behandlung von inneren H\u00e4morrhoiden 1. und 2. Grades verwendet, die nicht allein auf Ern\u00e4hrungs\u00e4nderungen reagieren.<\/p>\n<\/div><div class=\"c-card__button\">Behandlungsdetails<\/div><\/div><\/a>\n<\/div>\n<\/div>\n<\/div>\n<\/div>\n\n\n\n<div class=\"wp-block-fcs-core-spacer u-padding-md-lg u-padding-md\"><\/div>\n\n\n\n<div class=\"wp-block-columns is-layout-flex wp-container-core-columns-is-layout-9d6595d7 wp-block-columns-is-layout-flex\">\n<div class=\"wp-block-column is-layout-flow wp-block-column-is-layout-flow\" style=\"flex-basis:33.33%\">\n<h2 class=\"wp-block-heading has-primary-color has-text-color\">Analfisteln<\/h2>\n<\/div>\n\n\n\n<div class=\"wp-block-column is-layout-flow wp-block-column-is-layout-flow\" style=\"flex-basis:66.66%\">\n<div class=\"wp-block-columns is-layout-flex wp-container-core-columns-is-layout-9d6595d7 wp-block-columns-is-layout-flex\">\n<div class=\"wp-block-column is-layout-flow wp-block-column-is-layout-flow\">\n<a href=\"https:\/\/fcaresystems.com\/de\/minimalinvasive-behandlungen\/proktologie\/rf-ablation-analfisteln\/\" class=\"c-card c-card--image\"><div class=\"u-padding-sm o-flex o-flex-column o-flex-justify-content-between o-flex-grow\"><div>\n<h3 class=\"wp-block-heading has-primary-color has-text-color\"><strong>RF<strong>-Katheterablation<\/strong> | Fistura\u00ae<\/strong><\/h3>\n\n\n\n<p>Die Radiofrequenzkatheterablation mit Fistura\u00ae f\u00fchrt zu weniger postoperativen Schmerzen und einem geringeren Komplikationsrisiko als die Fistulotomie.<\/p>\n<\/div><div class=\"c-card__button\">Behandlungsdetails<\/div><\/div><\/a>\n<\/div>\n\n\n\n<div class=\"wp-block-column is-layout-flow wp-block-column-is-layout-flow\"><\/div>\n<\/div>\n<\/div>\n<\/div>\n\n\n\n<div class=\"wp-block-fcs-core-spacer u-padding-xxl-lg u-padding-md\"><\/div>\n<\/div>\n","protected":false},"excerpt":{"rendered":"","protected":false},"author":1,"featured_media":0,"parent":7839,"menu_order":0,"comment_status":"closed","ping_status":"closed","template":"","meta":{"_color_hex":"","_color_slug":"","footnotes":""},"class_list":["post-7845","page","type-page","status-publish","hentry"],"yoast_head":"<!-- This site is optimized with the Yoast SEO plugin v27.5 - https:\/\/yoast.com\/product\/yoast-seo-wordpress\/ -->\n<title>Proktologie | F Care Systems<\/title>\n<meta name=\"description\" content=\"Wir r\u00fcsten Proktologen f\u00fcr die minimalinvasive RF-Ablation von H\u00e4morrhoiden (Rafaelo\u00ae) und Analfisteln (Fistura\u00ae) sowie f\u00fcr die Bandligatur (Pilex) aus.\" \/>\n<meta name=\"robots\" content=\"index, follow, max-snippet:-1, max-image-preview:large, max-video-preview:-1\" \/>\n<link rel=\"canonical\" href=\"https:\/\/fcaresystems.com\/de\/minimalinvasive-behandlungen\/proktologie\/\" \/>\n<meta property=\"og:locale\" content=\"de_DE\" \/>\n<meta property=\"og:type\" content=\"article\" \/>\n<meta property=\"og:title\" content=\"Proktologie | F Care Systems\" \/>\n<meta property=\"og:description\" content=\"Wir r\u00fcsten Proktologen f\u00fcr die minimalinvasive RF-Ablation von H\u00e4morrhoiden (Rafaelo\u00ae) und Analfisteln (Fistura\u00ae) sowie f\u00fcr die Bandligatur (Pilex) aus.\" \/>\n<meta property=\"og:url\" content=\"https:\/\/fcaresystems.com\/de\/minimalinvasive-behandlungen\/proktologie\/\" \/>\n<meta property=\"og:site_name\" content=\"F Care Systems\" \/>\n<meta property=\"article:modified_time\" content=\"2023-07-06T13:00:18+00:00\" \/>\n<meta property=\"og:image\" content=\"https:\/\/fcaresystems.com\/wp-content\/uploads\/2022\/11\/hero-proctology.jpg\" \/>\n<meta name=\"twitter:card\" content=\"summary_large_image\" \/>\n<meta name=\"twitter:label1\" content=\"Gesch\u00e4tzte Lesezeit\" \/>\n\t<meta name=\"twitter:data1\" content=\"1\u00a0Minute\" \/>\n<script type=\"application\/ld+json\" class=\"yoast-schema-graph\">{\"@context\":\"https:\\\/\\\/schema.org\",\"@graph\":[{\"@type\":\"WebPage\",\"@id\":\"https:\\\/\\\/fcaresystems.com\\\/de\\\/minimalinvasive-behandlungen\\\/proktologie\\\/\",\"url\":\"https:\\\/\\\/fcaresystems.com\\\/de\\\/minimalinvasive-behandlungen\\\/proktologie\\\/\",\"name\":\"Proktologie | F Care Systems\",\"isPartOf\":{\"@id\":\"https:\\\/\\\/fcaresystems.com\\\/de\\\/#website\"},\"primaryImageOfPage\":{\"@id\":\"https:\\\/\\\/fcaresystems.com\\\/de\\\/minimalinvasive-behandlungen\\\/proktologie\\\/#primaryimage\"},\"image\":{\"@id\":\"https:\\\/\\\/fcaresystems.com\\\/de\\\/minimalinvasive-behandlungen\\\/proktologie\\\/#primaryimage\"},\"thumbnailUrl\":\"https:\\\/\\\/fcaresystems.com\\\/wp-content\\\/uploads\\\/2022\\\/11\\\/hero-proctology.jpg\",\"datePublished\":\"2022-11-07T10:54:34+00:00\",\"dateModified\":\"2023-07-06T13:00:18+00:00\",\"description\":\"Wir r\u00fcsten Proktologen f\u00fcr die minimalinvasive RF-Ablation von H\u00e4morrhoiden (Rafaelo\u00ae) und Analfisteln (Fistura\u00ae) sowie f\u00fcr die Bandligatur (Pilex) aus.\",\"breadcrumb\":{\"@id\":\"https:\\\/\\\/fcaresystems.com\\\/de\\\/minimalinvasive-behandlungen\\\/proktologie\\\/#breadcrumb\"},\"inLanguage\":\"de\",\"potentialAction\":[{\"@type\":\"ReadAction\",\"target\":[\"https:\\\/\\\/fcaresystems.com\\\/de\\\/minimalinvasive-behandlungen\\\/proktologie\\\/\"]}]},{\"@type\":\"ImageObject\",\"inLanguage\":\"de\",\"@id\":\"https:\\\/\\\/fcaresystems.com\\\/de\\\/minimalinvasive-behandlungen\\\/proktologie\\\/#primaryimage\",\"url\":\"https:\\\/\\\/fcaresystems.com\\\/wp-content\\\/uploads\\\/2022\\\/11\\\/hero-proctology.jpg\",\"contentUrl\":\"https:\\\/\\\/fcaresystems.com\\\/wp-content\\\/uploads\\\/2022\\\/11\\\/hero-proctology.jpg\"},{\"@type\":\"BreadcrumbList\",\"@id\":\"https:\\\/\\\/fcaresystems.com\\\/de\\\/minimalinvasive-behandlungen\\\/proktologie\\\/#breadcrumb\",\"itemListElement\":[{\"@type\":\"ListItem\",\"position\":1,\"name\":\"Home\",\"item\":\"https:\\\/\\\/fcaresystems.com\\\/de\\\/\"},{\"@type\":\"ListItem\",\"position\":2,\"name\":\"Behandlungen\",\"item\":\"https:\\\/\\\/fcaresystems.com\\\/de\\\/minimalinvasive-behandlungen\\\/\"},{\"@type\":\"ListItem\",\"position\":3,\"name\":\"Proktologie\"}]},{\"@type\":\"WebSite\",\"@id\":\"https:\\\/\\\/fcaresystems.com\\\/de\\\/#website\",\"url\":\"https:\\\/\\\/fcaresystems.com\\\/de\\\/\",\"name\":\"F Care Systems\",\"description\":\"\",\"publisher\":{\"@id\":\"https:\\\/\\\/fcaresystems.com\\\/de\\\/#organization\"},\"potentialAction\":[{\"@type\":\"SearchAction\",\"target\":{\"@type\":\"EntryPoint\",\"urlTemplate\":\"https:\\\/\\\/fcaresystems.com\\\/de\\\/?s={search_term_string}\"},\"query-input\":{\"@type\":\"PropertyValueSpecification\",\"valueRequired\":true,\"valueName\":\"search_term_string\"}}],\"inLanguage\":\"de\"},{\"@type\":\"Organization\",\"@id\":\"https:\\\/\\\/fcaresystems.com\\\/de\\\/#organization\",\"name\":\"F Care Systems\",\"url\":\"https:\\\/\\\/fcaresystems.com\\\/de\\\/\",\"logo\":{\"@type\":\"ImageObject\",\"inLanguage\":\"de\",\"@id\":\"https:\\\/\\\/fcaresystems.com\\\/de\\\/#\\\/schema\\\/logo\\\/image\\\/\",\"url\":\"https:\\\/\\\/fcaresystems.com\\\/wp-content\\\/uploads\\\/2022\\\/11\\\/logo-2.svg\",\"contentUrl\":\"https:\\\/\\\/fcaresystems.com\\\/wp-content\\\/uploads\\\/2022\\\/11\\\/logo-2.svg\",\"caption\":\"F Care Systems\"},\"image\":{\"@id\":\"https:\\\/\\\/fcaresystems.com\\\/de\\\/#\\\/schema\\\/logo\\\/image\\\/\"}}]}<\/script>\n<!-- \/ Yoast SEO plugin. -->","yoast_head_json":{"title":"Proktologie | F Care Systems","description":"Wir r\u00fcsten Proktologen f\u00fcr die minimalinvasive RF-Ablation von H\u00e4morrhoiden (Rafaelo\u00ae) und Analfisteln (Fistura\u00ae) sowie f\u00fcr die Bandligatur (Pilex) aus.","robots":{"index":"index","follow":"follow","max-snippet":"max-snippet:-1","max-image-preview":"max-image-preview:large","max-video-preview":"max-video-preview:-1"},"canonical":"https:\/\/fcaresystems.com\/de\/minimalinvasive-behandlungen\/proktologie\/","og_locale":"de_DE","og_type":"article","og_title":"Proktologie | F Care Systems","og_description":"Wir r\u00fcsten Proktologen f\u00fcr die minimalinvasive RF-Ablation von H\u00e4morrhoiden (Rafaelo\u00ae) und Analfisteln (Fistura\u00ae) sowie f\u00fcr die Bandligatur (Pilex) aus.","og_url":"https:\/\/fcaresystems.com\/de\/minimalinvasive-behandlungen\/proktologie\/","og_site_name":"F Care Systems","article_modified_time":"2023-07-06T13:00:18+00:00","og_image":[{"url":"https:\/\/fcaresystems.com\/wp-content\/uploads\/2022\/11\/hero-proctology.jpg","type":"","width":"","height":""}],"twitter_card":"summary_large_image","twitter_misc":{"Gesch\u00e4tzte Lesezeit":"1\u00a0Minute"},"schema":{"@context":"https:\/\/schema.org","@graph":[{"@type":"WebPage","@id":"https:\/\/fcaresystems.com\/de\/minimalinvasive-behandlungen\/proktologie\/","url":"https:\/\/fcaresystems.com\/de\/minimalinvasive-behandlungen\/proktologie\/","name":"Proktologie | F Care Systems","isPartOf":{"@id":"https:\/\/fcaresystems.com\/de\/#website"},"primaryImageOfPage":{"@id":"https:\/\/fcaresystems.com\/de\/minimalinvasive-behandlungen\/proktologie\/#primaryimage"},"image":{"@id":"https:\/\/fcaresystems.com\/de\/minimalinvasive-behandlungen\/proktologie\/#primaryimage"},"thumbnailUrl":"https:\/\/fcaresystems.com\/wp-content\/uploads\/2022\/11\/hero-proctology.jpg","datePublished":"2022-11-07T10:54:34+00:00","dateModified":"2023-07-06T13:00:18+00:00","description":"Wir r\u00fcsten Proktologen f\u00fcr die minimalinvasive RF-Ablation von H\u00e4morrhoiden (Rafaelo\u00ae) und Analfisteln (Fistura\u00ae) sowie f\u00fcr die Bandligatur (Pilex) aus.","breadcrumb":{"@id":"https:\/\/fcaresystems.com\/de\/minimalinvasive-behandlungen\/proktologie\/#breadcrumb"},"inLanguage":"de","potentialAction":[{"@type":"ReadAction","target":["https:\/\/fcaresystems.com\/de\/minimalinvasive-behandlungen\/proktologie\/"]}]},{"@type":"ImageObject","inLanguage":"de","@id":"https:\/\/fcaresystems.com\/de\/minimalinvasive-behandlungen\/proktologie\/#primaryimage","url":"https:\/\/fcaresystems.com\/wp-content\/uploads\/2022\/11\/hero-proctology.jpg","contentUrl":"https:\/\/fcaresystems.com\/wp-content\/uploads\/2022\/11\/hero-proctology.jpg"},{"@type":"BreadcrumbList","@id":"https:\/\/fcaresystems.com\/de\/minimalinvasive-behandlungen\/proktologie\/#breadcrumb","itemListElement":[{"@type":"ListItem","position":1,"name":"Home","item":"https:\/\/fcaresystems.com\/de\/"},{"@type":"ListItem","position":2,"name":"Behandlungen","item":"https:\/\/fcaresystems.com\/de\/minimalinvasive-behandlungen\/"},{"@type":"ListItem","position":3,"name":"Proktologie"}]},{"@type":"WebSite","@id":"https:\/\/fcaresystems.com\/de\/#website","url":"https:\/\/fcaresystems.com\/de\/","name":"F Care Systems","description":"","publisher":{"@id":"https:\/\/fcaresystems.com\/de\/#organization"},"potentialAction":[{"@type":"SearchAction","target":{"@type":"EntryPoint","urlTemplate":"https:\/\/fcaresystems.com\/de\/?s={search_term_string}"},"query-input":{"@type":"PropertyValueSpecification","valueRequired":true,"valueName":"search_term_string"}}],"inLanguage":"de"},{"@type":"Organization","@id":"https:\/\/fcaresystems.com\/de\/#organization","name":"F Care Systems","url":"https:\/\/fcaresystems.com\/de\/","logo":{"@type":"ImageObject","inLanguage":"de","@id":"https:\/\/fcaresystems.com\/de\/#\/schema\/logo\/image\/","url":"https:\/\/fcaresystems.com\/wp-content\/uploads\/2022\/11\/logo-2.svg","contentUrl":"https:\/\/fcaresystems.com\/wp-content\/uploads\/2022\/11\/logo-2.svg","caption":"F Care Systems"},"image":{"@id":"https:\/\/fcaresystems.com\/de\/#\/schema\/logo\/image\/"}}]}},"_links":{"self":[{"href":"https:\/\/fcaresystems.com\/de\/wp-json\/wp\/v2\/pages\/7845","targetHints":{"allow":["GET"]}}],"collection":[{"href":"https:\/\/fcaresystems.com\/de\/wp-json\/wp\/v2\/pages"}],"about":[{"href":"https:\/\/fcaresystems.com\/de\/wp-json\/wp\/v2\/types\/page"}],"author":[{"embeddable":true,"href":"https:\/\/fcaresystems.com\/de\/wp-json\/wp\/v2\/users\/1"}],"replies":[{"embeddable":true,"href":"https:\/\/fcaresystems.com\/de\/wp-json\/wp\/v2\/comments?post=7845"}],"version-history":[{"count":3,"href":"https:\/\/fcaresystems.com\/de\/wp-json\/wp\/v2\/pages\/7845\/revisions"}],"predecessor-version":[{"id":12231,"href":"https:\/\/fcaresystems.com\/de\/wp-json\/wp\/v2\/pages\/7845\/revisions\/12231"}],"up":[{"embeddable":true,"href":"https:\/\/fcaresystems.com\/de\/wp-json\/wp\/v2\/pages\/7839"}],"wp:attachment":[{"href":"https:\/\/fcaresystems.com\/de\/wp-json\/wp\/v2\/media?parent=7845"}],"curies":[{"name":"wp","href":"https:\/\/api.w.org\/{rel}","templated":true}]}}