{"id":7839,"date":"2022-10-24T14:23:11","date_gmt":"2022-10-24T12:23:11","guid":{"rendered":"https:\/\/fcaresystems.com\/minimally-invasive-treatments\/"},"modified":"2025-05-26T08:43:29","modified_gmt":"2025-05-26T06:43:29","slug":"minimalinvasive-behandlungen","status":"publish","type":"page","link":"https:\/\/fcaresystems.com\/de\/minimalinvasive-behandlungen\/","title":{"rendered":"Behandlungen"},"content":{"rendered":"\n<section class=\"wp-block-fcs-core-header is-style-gradient\"><header class=\"c-header c-header-wrapper c-header-wrapper-s\"><figure class=\"c-header-img \"><img decoding=\"async\" src=\"https:\/\/fcaresystems.com\/wp-content\/uploads\/2022\/11\/hero-treatments.jpg\" class=\"c-header-img\"\/><figcaption class=\"c-header-content\"><div class=\"o-container\">\n\n<div class=\"wp-block-fcs-core-spacer u-padding-sm-lg u-padding-sm\"><\/div>\n\n\n<div class=\"wp-block-group c-breadcrumb\"><div class=\"wp-block-group__inner-container is-layout-flow wp-block-group-is-layout-flow\">\n<span><span><a href=\"https:\/\/fcaresystems.com\/de\/\">Home<\/a><\/span><\/span>\n\n<\/div><\/div>\n\n\n<div class=\"wp-block-fcs-core-spacer u-padding-md-lg u-padding-md\"><\/div>\n\n\n<h1 class=\"is-style-default has-white-color has-text-color wp-block-heading\">Minimalinvasive Behandlungen nach Spezialgebiet<\/h1>\n\n<\/div><\/figcaption><\/figure><\/header><\/section>\n\n\n\n<div class=\"wp-block-fcs-core-container o-container\">\n<div class=\"wp-block-fcs-core-spacer u-padding-xl-lg u-padding-md\"><\/div>\n\n\n\n<div class=\"wp-block-group u-padding-md has-light-background-color has-background\"><div class=\"wp-block-group__inner-container is-layout-constrained wp-block-group-is-layout-constrained\">\n<div class=\"wp-block-columns is-layout-flex wp-container-core-columns-is-layout-9d6595d7 wp-block-columns-is-layout-flex\">\n<div class=\"wp-block-column is-style-default is-layout-flow wp-block-column-is-layout-flow\" style=\"flex-basis:64px\">\n<figure class=\"wp-block-image size-full is-resized\"><img decoding=\"async\" src=\"https:\/\/fcaresystems.com\/wp-content\/uploads\/2022\/11\/icon-big-proctology-dik.svg\" alt=\"\" class=\"wp-image-1024\" style=\"width:66px;height:66px\"\/><\/figure>\n<\/div>\n\n\n\n<div class=\"wp-block-column is-vertically-aligned-top is-layout-flow wp-block-column-is-layout-flow\" style=\"flex-basis:20%\">\n<h3 class=\"wp-block-heading has-primary-color has-text-color\"><a href=\"https:\/\/fcaresystems.com\/de\/minimalinvasive-behandlungen\/proktologie\/\">Proktologie<\/a><\/h3>\n<\/div>\n\n\n\n<div class=\"wp-block-column is-vertically-aligned-center is-layout-flow wp-block-column-is-layout-flow\">\n<p>Zwei unserer Flaggschiff-RF-Ablationsbehandlungen wurden speziell f\u00fcr Koloproktologen entwickelt: Rafaelo\u00ae f\u00fcr H\u00e4morrhoiden und Fistura\u00ae f\u00fcr Analfisteln. Wir bieten auch die Pilex an, eine praktische Gummiband-Ligaturpistole.<\/p>\n\n\n\n<div class=\"wp-block-buttons is-layout-flex wp-block-buttons-is-layout-flex\">\n<div class=\"wp-block-button is-style-text-inline\"><a class=\"wp-block-button__link wp-element-button\" href=\"https:\/\/fcaresystems.com\/de\/minimalinvasive-behandlungen\/proktologie\/\">Behandlungen ansehen<\/a><\/div>\n<\/div>\n<\/div>\n<\/div>\n<\/div><\/div>\n\n\n\n<div class=\"wp-block-fcs-core-spacer u-padding-sm-lg u-padding-sm\"><\/div>\n\n\n\n<div class=\"wp-block-group u-padding-md has-light-background-color has-background\"><div class=\"wp-block-group__inner-container is-layout-constrained wp-block-group-is-layout-constrained\">\n<div class=\"wp-block-columns is-layout-flex wp-container-core-columns-is-layout-9d6595d7 wp-block-columns-is-layout-flex\">\n<div class=\"wp-block-column is-style-default is-layout-flow wp-block-column-is-layout-flow\" style=\"flex-basis:64px\">\n<figure class=\"wp-block-image size-full is-resized\"><img decoding=\"async\" src=\"https:\/\/fcaresystems.com\/wp-content\/uploads\/2022\/11\/icon-big-phebology-dik.svg\" alt=\"\" class=\"wp-image-1023\" style=\"width:66px;height:66px\"\/><\/figure>\n<\/div>\n\n\n\n<div class=\"wp-block-column is-vertically-aligned-top is-layout-flow wp-block-column-is-layout-flow\" style=\"flex-basis:20%\">\n<h3 class=\"wp-block-heading has-primary-color has-text-color\"><a href=\"https:\/\/fcaresystems.com\/de\/minimalinvasive-behandlungen\/phlebologie\/\">Phlebologie<\/a><\/h3>\n<\/div>\n\n\n\n<div class=\"wp-block-column is-vertically-aligned-center is-layout-flow wp-block-column-is-layout-flow\">\n<p>Die Hochfrequenzkatheterablation mit Veineo\u00ae eliminiert varik\u00f6se Rosen-, Perforans- und Kollateralvenen ohne Narbenbildung oder Hyperpigmentierung.<\/p>\n\n\n\n<div class=\"wp-block-buttons is-layout-flex wp-block-buttons-is-layout-flex\">\n<div class=\"wp-block-button is-style-text-inline\"><a class=\"wp-block-button__link wp-element-button\" href=\"https:\/\/fcaresystems.com\/de\/minimalinvasive-behandlungen\/phlebologie\/\">Behandlungen ansehen<\/a><\/div>\n<\/div>\n<\/div>\n<\/div>\n<\/div><\/div>\n\n\n\n<div class=\"wp-block-fcs-core-spacer u-padding-sm-lg u-padding-sm\"><\/div>\n\n\n\n<div class=\"wp-block-group u-padding-md has-light-background-color has-background\"><div class=\"wp-block-group__inner-container is-layout-constrained wp-block-group-is-layout-constrained\">\n<div class=\"wp-block-columns is-layout-flex wp-container-core-columns-is-layout-9d6595d7 wp-block-columns-is-layout-flex\">\n<div class=\"wp-block-column is-style-default is-layout-flow wp-block-column-is-layout-flow\" style=\"flex-basis:64px\">\n<figure class=\"wp-block-image size-full is-resized\"><img decoding=\"async\" src=\"https:\/\/fcaresystems.com\/wp-content\/uploads\/2022\/11\/icon-big-dermatology-dik.svg\" alt=\"\" class=\"wp-image-1021\" style=\"width:66px;height:66px\"\/><\/figure>\n<\/div>\n\n\n\n<div class=\"wp-block-column is-vertically-aligned-top is-layout-flow wp-block-column-is-layout-flow\" style=\"flex-basis:20%\">\n<h3 class=\"wp-block-heading has-primary-color has-text-color\"><a href=\"https:\/\/fcaresystems.com\/de\/minimalinvasive-behandlungen\/aesthetische-dermatologie\/\">\u00c4sthetische Dermatologie<\/a><\/h3>\n<\/div>\n\n\n\n<div class=\"wp-block-column is-vertically-aligned-center is-layout-flow wp-block-column-is-layout-flow\">\n<p>\u00c4sthetische Dermatologen: Viridex hat alles, was Sie brauchen! Behandeln Sie Stielwarzen, Kirschangiome, Besenreiser, Falten und mehr mit Viridex\u00aeRF. Unser einziger Ultraschallgenerator, der Viridex\u00aeUS, bek\u00e4mpft st\u00f6rende Cellulite sicher.<\/p>\n\n\n\n<div class=\"wp-block-buttons is-layout-flex wp-block-buttons-is-layout-flex\">\n<div class=\"wp-block-button is-style-text-inline\"><a class=\"wp-block-button__link wp-element-button\" href=\"https:\/\/fcaresystems.com\/de\/minimalinvasive-behandlungen\/aesthetische-dermatologie\/\">Behandlungen ansehen<\/a><\/div>\n<\/div>\n<\/div>\n<\/div>\n<\/div><\/div>\n\n\n\n<div class=\"wp-block-fcs-core-spacer u-padding-xxl-lg u-padding-md\"><\/div>\n<\/div>\n","protected":false},"excerpt":{"rendered":"","protected":false},"author":1,"featured_media":0,"parent":0,"menu_order":0,"comment_status":"closed","ping_status":"closed","template":"","meta":{"_color_hex":"","_color_slug":"","footnotes":""},"class_list":["post-7839","page","type-page","status-publish","hentry"],"yoast_head":"<!-- This site is optimized with the Yoast SEO plugin v27.0 - https:\/\/yoast.com\/product\/yoast-seo-wordpress\/ -->\n<title>F Care Systems | Minimalinvasive Behandlungen<\/title>\n<meta name=\"description\" content=\"Eine Seite, die Fach\u00e4rzten hilft, Produkte und minimalinvasive L\u00f6sungen speziell f\u00fcr ihren Bereich zu finden.\" \/>\n<meta name=\"robots\" content=\"index, follow, max-snippet:-1, max-image-preview:large, max-video-preview:-1\" \/>\n<link rel=\"canonical\" href=\"https:\/\/fcaresystems.com\/de\/minimalinvasive-behandlungen\/\" \/>\n<meta property=\"og:locale\" content=\"de_DE\" \/>\n<meta property=\"og:type\" content=\"article\" \/>\n<meta property=\"og:title\" content=\"F Care Systems | Minimalinvasive Behandlungen\" \/>\n<meta property=\"og:description\" content=\"Eine Seite, die Fach\u00e4rzten hilft, Produkte und minimalinvasive L\u00f6sungen speziell f\u00fcr ihren Bereich zu finden.\" \/>\n<meta property=\"og:url\" content=\"https:\/\/fcaresystems.com\/de\/minimalinvasive-behandlungen\/\" \/>\n<meta property=\"og:site_name\" content=\"F Care Systems\" \/>\n<meta property=\"article:modified_time\" content=\"2025-05-26T06:43:29+00:00\" \/>\n<meta property=\"og:image\" content=\"https:\/\/fcaresystems.com\/wp-content\/uploads\/2022\/11\/hero-treatments.jpg\" \/>\n<meta name=\"twitter:card\" content=\"summary_large_image\" \/>\n<meta name=\"twitter:label1\" content=\"Gesch\u00e4tzte Lesezeit\" \/>\n\t<meta name=\"twitter:data1\" content=\"2\u00a0Minuten\" \/>\n<script type=\"application\/ld+json\" class=\"yoast-schema-graph\">{\"@context\":\"https:\/\/schema.org\",\"@graph\":[{\"@type\":\"WebPage\",\"@id\":\"https:\/\/fcaresystems.com\/de\/minimalinvasive-behandlungen\/\",\"url\":\"https:\/\/fcaresystems.com\/de\/minimalinvasive-behandlungen\/\",\"name\":\"F Care Systems | Minimalinvasive Behandlungen\",\"isPartOf\":{\"@id\":\"https:\/\/fcaresystems.com\/de\/#website\"},\"primaryImageOfPage\":{\"@id\":\"https:\/\/fcaresystems.com\/de\/minimalinvasive-behandlungen\/#primaryimage\"},\"image\":{\"@id\":\"https:\/\/fcaresystems.com\/de\/minimalinvasive-behandlungen\/#primaryimage\"},\"thumbnailUrl\":\"https:\/\/fcaresystems.com\/wp-content\/uploads\/2022\/11\/hero-treatments.jpg\",\"datePublished\":\"2022-10-24T12:23:11+00:00\",\"dateModified\":\"2025-05-26T06:43:29+00:00\",\"description\":\"Eine Seite, die Fach\u00e4rzten hilft, Produkte und minimalinvasive L\u00f6sungen speziell f\u00fcr ihren Bereich zu finden.\",\"breadcrumb\":{\"@id\":\"https:\/\/fcaresystems.com\/de\/minimalinvasive-behandlungen\/#breadcrumb\"},\"inLanguage\":\"de\",\"potentialAction\":[{\"@type\":\"ReadAction\",\"target\":[\"https:\/\/fcaresystems.com\/de\/minimalinvasive-behandlungen\/\"]}]},{\"@type\":\"ImageObject\",\"inLanguage\":\"de\",\"@id\":\"https:\/\/fcaresystems.com\/de\/minimalinvasive-behandlungen\/#primaryimage\",\"url\":\"https:\/\/fcaresystems.com\/wp-content\/uploads\/2022\/11\/hero-treatments.jpg\",\"contentUrl\":\"https:\/\/fcaresystems.com\/wp-content\/uploads\/2022\/11\/hero-treatments.jpg\"},{\"@type\":\"BreadcrumbList\",\"@id\":\"https:\/\/fcaresystems.com\/de\/minimalinvasive-behandlungen\/#breadcrumb\",\"itemListElement\":[{\"@type\":\"ListItem\",\"position\":1,\"name\":\"Home\",\"item\":\"https:\/\/fcaresystems.com\/de\/\"},{\"@type\":\"ListItem\",\"position\":2,\"name\":\"Behandlungen\"}]},{\"@type\":\"WebSite\",\"@id\":\"https:\/\/fcaresystems.com\/de\/#website\",\"url\":\"https:\/\/fcaresystems.com\/de\/\",\"name\":\"F Care Systems\",\"description\":\"\",\"publisher\":{\"@id\":\"https:\/\/fcaresystems.com\/de\/#organization\"},\"potentialAction\":[{\"@type\":\"SearchAction\",\"target\":{\"@type\":\"EntryPoint\",\"urlTemplate\":\"https:\/\/fcaresystems.com\/de\/?s={search_term_string}\"},\"query-input\":{\"@type\":\"PropertyValueSpecification\",\"valueRequired\":true,\"valueName\":\"search_term_string\"}}],\"inLanguage\":\"de\"},{\"@type\":\"Organization\",\"@id\":\"https:\/\/fcaresystems.com\/de\/#organization\",\"name\":\"F Care Systems\",\"url\":\"https:\/\/fcaresystems.com\/de\/\",\"logo\":{\"@type\":\"ImageObject\",\"inLanguage\":\"de\",\"@id\":\"https:\/\/fcaresystems.com\/de\/#\/schema\/logo\/image\/\",\"url\":\"https:\/\/fcaresystems.com\/wp-content\/uploads\/2022\/11\/logo-2.svg\",\"contentUrl\":\"https:\/\/fcaresystems.com\/wp-content\/uploads\/2022\/11\/logo-2.svg\",\"caption\":\"F Care Systems\"},\"image\":{\"@id\":\"https:\/\/fcaresystems.com\/de\/#\/schema\/logo\/image\/\"}}]}<\/script>\n<!-- \/ Yoast SEO plugin. -->","yoast_head_json":{"title":"F Care Systems | Minimalinvasive Behandlungen","description":"Eine Seite, die Fach\u00e4rzten hilft, Produkte und minimalinvasive L\u00f6sungen speziell f\u00fcr ihren Bereich zu finden.","robots":{"index":"index","follow":"follow","max-snippet":"max-snippet:-1","max-image-preview":"max-image-preview:large","max-video-preview":"max-video-preview:-1"},"canonical":"https:\/\/fcaresystems.com\/de\/minimalinvasive-behandlungen\/","og_locale":"de_DE","og_type":"article","og_title":"F Care Systems | Minimalinvasive Behandlungen","og_description":"Eine Seite, die Fach\u00e4rzten hilft, Produkte und minimalinvasive L\u00f6sungen speziell f\u00fcr ihren Bereich zu finden.","og_url":"https:\/\/fcaresystems.com\/de\/minimalinvasive-behandlungen\/","og_site_name":"F Care Systems","article_modified_time":"2025-05-26T06:43:29+00:00","og_image":[{"url":"https:\/\/fcaresystems.com\/wp-content\/uploads\/2022\/11\/hero-treatments.jpg","type":"","width":"","height":""}],"twitter_card":"summary_large_image","twitter_misc":{"Gesch\u00e4tzte Lesezeit":"2\u00a0Minuten"},"schema":{"@context":"https:\/\/schema.org","@graph":[{"@type":"WebPage","@id":"https:\/\/fcaresystems.com\/de\/minimalinvasive-behandlungen\/","url":"https:\/\/fcaresystems.com\/de\/minimalinvasive-behandlungen\/","name":"F Care Systems | Minimalinvasive Behandlungen","isPartOf":{"@id":"https:\/\/fcaresystems.com\/de\/#website"},"primaryImageOfPage":{"@id":"https:\/\/fcaresystems.com\/de\/minimalinvasive-behandlungen\/#primaryimage"},"image":{"@id":"https:\/\/fcaresystems.com\/de\/minimalinvasive-behandlungen\/#primaryimage"},"thumbnailUrl":"https:\/\/fcaresystems.com\/wp-content\/uploads\/2022\/11\/hero-treatments.jpg","datePublished":"2022-10-24T12:23:11+00:00","dateModified":"2025-05-26T06:43:29+00:00","description":"Eine Seite, die Fach\u00e4rzten hilft, Produkte und minimalinvasive L\u00f6sungen speziell f\u00fcr ihren Bereich zu finden.","breadcrumb":{"@id":"https:\/\/fcaresystems.com\/de\/minimalinvasive-behandlungen\/#breadcrumb"},"inLanguage":"de","potentialAction":[{"@type":"ReadAction","target":["https:\/\/fcaresystems.com\/de\/minimalinvasive-behandlungen\/"]}]},{"@type":"ImageObject","inLanguage":"de","@id":"https:\/\/fcaresystems.com\/de\/minimalinvasive-behandlungen\/#primaryimage","url":"https:\/\/fcaresystems.com\/wp-content\/uploads\/2022\/11\/hero-treatments.jpg","contentUrl":"https:\/\/fcaresystems.com\/wp-content\/uploads\/2022\/11\/hero-treatments.jpg"},{"@type":"BreadcrumbList","@id":"https:\/\/fcaresystems.com\/de\/minimalinvasive-behandlungen\/#breadcrumb","itemListElement":[{"@type":"ListItem","position":1,"name":"Home","item":"https:\/\/fcaresystems.com\/de\/"},{"@type":"ListItem","position":2,"name":"Behandlungen"}]},{"@type":"WebSite","@id":"https:\/\/fcaresystems.com\/de\/#website","url":"https:\/\/fcaresystems.com\/de\/","name":"F Care Systems","description":"","publisher":{"@id":"https:\/\/fcaresystems.com\/de\/#organization"},"potentialAction":[{"@type":"SearchAction","target":{"@type":"EntryPoint","urlTemplate":"https:\/\/fcaresystems.com\/de\/?s={search_term_string}"},"query-input":{"@type":"PropertyValueSpecification","valueRequired":true,"valueName":"search_term_string"}}],"inLanguage":"de"},{"@type":"Organization","@id":"https:\/\/fcaresystems.com\/de\/#organization","name":"F Care Systems","url":"https:\/\/fcaresystems.com\/de\/","logo":{"@type":"ImageObject","inLanguage":"de","@id":"https:\/\/fcaresystems.com\/de\/#\/schema\/logo\/image\/","url":"https:\/\/fcaresystems.com\/wp-content\/uploads\/2022\/11\/logo-2.svg","contentUrl":"https:\/\/fcaresystems.com\/wp-content\/uploads\/2022\/11\/logo-2.svg","caption":"F Care Systems"},"image":{"@id":"https:\/\/fcaresystems.com\/de\/#\/schema\/logo\/image\/"}}]}},"_links":{"self":[{"href":"https:\/\/fcaresystems.com\/de\/wp-json\/wp\/v2\/pages\/7839","targetHints":{"allow":["GET"]}}],"collection":[{"href":"https:\/\/fcaresystems.com\/de\/wp-json\/wp\/v2\/pages"}],"about":[{"href":"https:\/\/fcaresystems.com\/de\/wp-json\/wp\/v2\/types\/page"}],"author":[{"embeddable":true,"href":"https:\/\/fcaresystems.com\/de\/wp-json\/wp\/v2\/users\/1"}],"replies":[{"embeddable":true,"href":"https:\/\/fcaresystems.com\/de\/wp-json\/wp\/v2\/comments?post=7839"}],"version-history":[{"count":5,"href":"https:\/\/fcaresystems.com\/de\/wp-json\/wp\/v2\/pages\/7839\/revisions"}],"predecessor-version":[{"id":14819,"href":"https:\/\/fcaresystems.com\/de\/wp-json\/wp\/v2\/pages\/7839\/revisions\/14819"}],"wp:attachment":[{"href":"https:\/\/fcaresystems.com\/de\/wp-json\/wp\/v2\/media?parent=7839"}],"curies":[{"name":"wp","href":"https:\/\/api.w.org\/{rel}","templated":true}]}}