{"id":7827,"date":"2022-10-24T14:23:36","date_gmt":"2022-10-24T12:23:36","guid":{"rendered":"https:\/\/fcaresystems.com\/radiofrequency-thermocoagulation\/"},"modified":"2023-12-28T10:49:37","modified_gmt":"2023-12-28T09:49:37","slug":"radiofrequenz-thermokoagulation","status":"publish","type":"page","link":"https:\/\/fcaresystems.com\/de\/radiofrequenz-thermokoagulation\/","title":{"rendered":"Radiofrequenzablation"},"content":{"rendered":"\n<section class=\"wp-block-fcs-core-header is-style-gradient\"><header class=\"c-header c-header-wrapper c-header-wrapper-s\"><figure class=\"c-header-img \"><img decoding=\"async\" src=\"https:\/\/fcaresystems.com\/wp-content\/uploads\/2023\/01\/Hero_Radiofrequency-page-2.jpg\" class=\"c-header-img\"\/><figcaption class=\"c-header-content\"><div class=\"o-container\">\n<div class=\"wp-block-fcs-core-spacer u-padding-sm-lg u-padding-sm\"><\/div>\n\n\n\n<div class=\"wp-block-group c-breadcrumb\"><div class=\"wp-block-group__inner-container is-layout-flow wp-block-group-is-layout-flow\"><span><span><a href=\"https:\/\/fcaresystems.com\/de\/\">Home<\/a><\/span><\/span>\n<\/div><\/div>\n\n\n\n<div class=\"wp-block-fcs-core-spacer u-padding-md-lg u-padding-md\"><\/div>\n\n\n\n<h1 class=\"wp-block-heading\">Radiofrequenz-Thermokoagulation<\/h1>\n<\/div><\/figcaption><\/figure><\/header><\/section>\n\n\n\n<div class=\"wp-block-fcs-core-container o-container\">\n<div class=\"wp-block-fcs-core-spacer u-padding-lg-lg u-padding-md\"><\/div>\n\n\n\n<div class=\"wp-block-columns is-layout-flex wp-container-core-columns-is-layout-9d6595d7 wp-block-columns-is-layout-flex\">\n<div class=\"wp-block-column is-layout-flow wp-block-column-is-layout-flow\">\n<h2 class=\"wp-block-heading has-primary-color has-text-color\">\u00dcber Radiofrequenzablation<\/h2>\n\n\n\n<p>Radiofrequenzgeneratoren werden seit etwa einem Jahrhundert in der Medizin eingesetzt, und die Radiofrequenz wird in einer Vielzahl von Disziplinen verwendet. Tats\u00e4chlich wird sch\u00e4tzungsweise bei vier von f\u00fcnf chirurgischen Eingriffen heute Radiofrequenzenergie in irgendeiner Form genutzt. Einige der vielversprechendsten neueren Anwendungen basieren auf dem Prinzip der Thermokoagulation, bei dem W\u00e4rme zur Zerst\u00f6rung von Gewebe verwendet wird&nbsp;\u2013 aber wie bei vielen Dingen trifft diese Beschreibung nur die Oberfl\u00e4che des tats\u00e4chlichen Vorgangs.<\/p>\n\n\n\n<p>Beispielsweise k\u00f6nnte der Begriff \u201eHitze wird zur Gewebezerst\u00f6rung verwendet\u201c auch f\u00fcr die Elektrokauterisation gelten, aber die beiden Verfahren unterscheiden sich in mehreren wichtigen Aspekten. Bei der Elektrokauterisation wird die erzeugte Energie dazu verwendet, einen Metalldraht zu erhitzen, den der Arzt dann direkt auf das Gewebe auftr\u00e4gt, wodurch \u00e4hnliche Sch\u00e4den wie Verbrennungen dritten Grades entstehen. Bei der Radiofrequenzablation hingegen bleibt die Elektrode k\u00fchl, da die f\u00fcr die Thermokoagulation genutzte W\u00e4rme im Gewebe selbst erzeugt wird.<\/p>\n\n\n\n<div class=\"wp-block-fcs-core-spacer u-padding-xs-lg\"><\/div>\n\n\n\n<p>Wie das geht? <mark style=\"background-color:rgba(0, 0, 0, 0)\" class=\"has-inline-color has-primary-color\"><a href=\"https:\/\/fcaresystems.com\/de\/produkte\/generatoren\/\">Monopolare RF-Generatoren<\/a><\/mark> erzeugen einen geschlossenen Stromkreis: vom Generator zum K\u00f6rper des Patienten, zum elektrochirurgischen Pad (falls verwendet), zum Generator. Dieser elektrische Strom ist f\u00fcr den Patienten schmerzfrei, da die Frequenz zu hoch ist, um eine Depolarisation der Nervenmembranen auszul\u00f6sen, sodass die Nerven niemals ausl\u00f6sen. Der Radiofrequente Strom f\u00fchrt zur Inonenagitation im Gewebe, w\u00e4hrend diese versuchen, den Richtungs\u00e4nderungen des Wechselstroms zu folgen&nbsp;\u2013 die so schnell ablaufen, dass die Ionen vibrieren, ohne sich zu bewegen. Diese Vibrationen erzeugen in unmittelbarer N\u00e4he der Elektrode erhebliche Reibungsw\u00e4rme, der Effekt nimmt jedoch mit der Entfernung dramatisch ab: Eine 2&nbsp;mm <mark style=\"background-color:rgba(0, 0, 0, 0)\" class=\"has-inline-color has-primary-color\"><a href=\"https:\/\/fcaresystems.com\/de\/produkte\/verbrauchsmaterialien\/rf-sonden\/\">Rafaelo\u00ae-Elektrode<\/a><\/mark> zum Beispiel hat einen thermischen Radius von nur 3&nbsp;mm. Dies stellt einen gro\u00dfen Vorteil gegen\u00fcber der Elektrokauterisation dar, die in der Regel eine deutlich gr\u00f6\u00dfere Bandbreite an W\u00e4rmeausbreitung (und damit ein gr\u00f6\u00dferes Risiko f\u00fcr unbeabsichtigte Gewebesch\u00e4den) aufweist.<\/p>\n<\/div>\n\n\n\n<div class=\"wp-block-column is-layout-flow wp-block-column-is-layout-flow\">\n<div class=\"wp-block-fcs-core-spacer u-padding-lg-lg\"><\/div>\n\n\n\n<figure class=\"wp-block-image size-large\"><a href=\"https:\/\/youtu.be\/ZBde2xG1uHQ\" target=\"_blank\" rel=\"noreferrer noopener\"><img loading=\"lazy\" decoding=\"async\" width=\"1024\" height=\"576\" src=\"https:\/\/fcaresystems.com\/wp-content\/uploads\/2023\/01\/Thumbn-RF-1024x576.jpg\" alt=\"\" class=\"wp-image-6526\" srcset=\"https:\/\/fcaresystems.com\/wp-content\/uploads\/2023\/01\/Thumbn-RF-1024x576.jpg 1024w, https:\/\/fcaresystems.com\/wp-content\/uploads\/2023\/01\/Thumbn-RF-300x169.jpg 300w, https:\/\/fcaresystems.com\/wp-content\/uploads\/2023\/01\/Thumbn-RF-768x432.jpg 768w, https:\/\/fcaresystems.com\/wp-content\/uploads\/2023\/01\/Thumbn-RF.jpg 1280w\" sizes=\"auto, (max-width: 1024px) 100vw, 1024px\" \/><\/a><\/figure>\n<\/div>\n<\/div>\n<\/div>\n\n\n\n<div class=\"wp-block-fcs-core-container o-container\">\n<div class=\"wp-block-fcs-core-spacer u-padding-sm-lg u-padding-sm\"><\/div>\n\n\n\n<h2 class=\"wp-block-heading has-primary-color has-text-color\"><strong><strong><strong>Hauptvorteile der Radiofrequenzablation<\/strong><\/strong><\/strong><\/h2>\n\n\n\n<ul class=\"is-style-doctor wp-block-list\">\n<li><strong>Minimalinvasiv:<\/strong> keine Inzision erforderlich, wodurch das Komplikationsrisiko reduziert wird<\/li>\n\n\n\n<li><strong>Kleiner thermischer Radius: <\/strong>Der Mechanismus der W\u00e4rmeerzeugung verhindert Sch\u00e4den am umgebenden Gewebe<\/li>\n\n\n\n<li><strong>Einfach zu bedienen:<\/strong> 4&nbsp;MHz -Strom hat einen vorhersehbaren thermischen Effekt<\/li>\n\n\n\n<li><strong><strong>Schnell:<\/strong> <\/strong>Erzeugt Temperaturen, die einen raschen Zelltod verursachen k\u00f6nnen, so dass viele Verfahren nur wenige Minuten dauern<\/li>\n\n\n\n<li><strong>Vielseitig:<\/strong> Anwendungen in der Proktologie, Dermatologie, Phlebologie und zahlreichen anderen Bereichen<\/li>\n<\/ul>\n\n\n\n<div class=\"wp-block-fcs-core-spacer u-padding-sm-lg\"><\/div>\n\n\n\n<div class=\"wp-block-fcs-core-spacer u-padding-md-lg u-padding-md\"><\/div>\n<\/div>\n\n\n\n<div class=\"wp-block-group has-quinary-background-color has-background\"><div class=\"wp-block-group__inner-container is-layout-constrained wp-block-group-is-layout-constrained\">\n<div class=\"wp-block-fcs-core-container o-container\">\n<div class=\"wp-block-fcs-core-spacer u-padding-xl-lg u-padding-md\"><\/div>\n\n\n\n<h2 class=\"wp-block-heading has-text-align-center has-primary-color has-text-color\">Der eigentliche Prozess der Radiofrequenz-Thermokoagulation l\u00e4sst sich in vier Hauptelemente unterteilen:<\/h2>\n\n\n\n<div class=\"wp-block-fcs-core-spacer u-padding-xs-lg u-padding-xs\"><\/div>\n\n\n\n<div class=\"wp-block-columns is-layout-flex wp-container-core-columns-is-layout-9d6595d7 wp-block-columns-is-layout-flex\">\n<div class=\"wp-block-column is-layout-flow wp-block-column-is-layout-flow\"><div class=\"wp-block-image\">\n<figure class=\"aligncenter size-full\"><img decoding=\"async\" src=\"https:\/\/fcaresystems.com\/wp-content\/uploads\/2022\/11\/icon-ionic-agitation.svg\" alt=\"\" class=\"wp-image-566\"\/><\/figure>\n<\/div>\n\n\n<p class=\"has-text-align-center has-secondary-color has-text-color\" style=\"font-size:18px\">Schritt 1<br><mark style=\"background-color:rgba(0, 0, 0, 0)\" class=\"has-inline-color has-secondary-color\"><strong><strong>Ionenagitation<\/strong><\/strong><\/mark><\/p>\n\n\n\n<div class=\"wp-block-fcs-core-spacer  u-padding-xs\"><\/div>\n\n\n\n<p class=\"has-text-align-center\">Ionen im Gewebe vibrieren schnell und erzeugen W\u00e4rme.<\/p>\n<\/div>\n\n\n\n<div class=\"wp-block-column is-layout-flow wp-block-column-is-layout-flow\"><div class=\"wp-block-image\">\n<figure class=\"aligncenter size-full\"><img decoding=\"async\" src=\"https:\/\/fcaresystems.com\/wp-content\/uploads\/2022\/11\/icon-dehydration.svg\" alt=\"\" class=\"wp-image-568\"\/><\/figure>\n<\/div>\n\n\n<p class=\"has-text-align-center has-secondary-color has-text-color\" style=\"font-size:18px\">Schritt 2<br><strong>Dehydrierung<\/strong><\/p>\n\n\n\n<div class=\"wp-block-fcs-core-spacer  u-padding-xs\"><\/div>\n\n\n\n<p class=\"has-text-align-center\" style=\"font-size:18px\"> Durch die Vibration entsteht Reibungsw\u00e4rme, die das Wasser in den Zellen verdampft.<\/p>\n<\/div>\n\n\n\n<div class=\"wp-block-column is-layout-flow wp-block-column-is-layout-flow\"><div class=\"wp-block-image\">\n<figure class=\"aligncenter size-full\"><img decoding=\"async\" src=\"https:\/\/fcaresystems.com\/wp-content\/uploads\/2022\/11\/icon-denaturation.svg\" alt=\"\" class=\"wp-image-567\"\/><\/figure>\n<\/div>\n\n\n<p class=\"has-text-align-center has-secondary-color has-text-color\" style=\"font-size:18px\">Schritt 3<br><strong>Proteindenaturierung<\/strong><\/p>\n\n\n\n<div class=\"wp-block-fcs-core-spacer  u-padding-xs\"><\/div>\n\n\n\n<p class=\"has-text-align-center\">Durch die Hitze werden die Proteine im Gewebe abgebaut, so dass sie sich entfalten.<\/p>\n<\/div>\n\n\n\n<div class=\"wp-block-column is-layout-flow wp-block-column-is-layout-flow\"><div class=\"wp-block-image\">\n<figure class=\"aligncenter size-full\"><img decoding=\"async\" src=\"https:\/\/fcaresystems.com\/wp-content\/uploads\/2022\/11\/icon-coagulation.svg\" alt=\"\" class=\"wp-image-565\"\/><\/figure>\n<\/div>\n\n\n<p class=\"has-text-align-center has-secondary-color has-text-color\" style=\"font-size:18px\">Schritt 4<br><mark style=\"background-color:rgba(0, 0, 0, 0)\" class=\"has-inline-color has-secondary-color\"><strong>Koagulation<\/strong><\/mark><\/p>\n\n\n\n<div class=\"wp-block-fcs-core-spacer  u-padding-xs\"><\/div>\n\n\n\n<p class=\"has-text-align-center\">Die Proteine koagulieren und bilden Kollagenderivate, die einen \u201eKlebeeffekt\u201c erzeugen.<\/p>\n<\/div>\n<\/div>\n\n\n\n<div class=\"wp-block-fcs-core-spacer u-padding-xl-lg u-padding-md\"><\/div>\n<\/div>\n<\/div><\/div>\n\n\n\n<div class=\"wp-block-fcs-core-container o-container\">\n<div class=\"wp-block-columns is-layout-flex wp-container-core-columns-is-layout-9d6595d7 wp-block-columns-is-layout-flex\">\n<div class=\"wp-block-column is-style-horizontal-center is-layout-flow wp-block-column-is-layout-flow\">\n<div class=\"wp-block-fcs-core-spacer u-padding-xl-lg u-padding-md\"><\/div>\n\n\n\n<h2 class=\"wp-block-heading has-text-align-left has-secondary-color has-text-color\">Informieren Sie sich \u00fcber unsere Behandlungen f\u00fcr<\/h2>\n\n\n\n<div class=\"wp-block-fcs-core-icon-buttons c-buttons--icon\">\n<a href=\"https:\/\/fcaresystems.com\/de\/minimalinvasive-behandlungen\/proktologie\/rf-ablation-haemorrhoiden\/\" class=\"wp-block-fcs-core-icon-button c-button c-button--icon-inline\"><img decoding=\"async\" src=\"https:\/\/fcaresystems.com\/wp-content\/uploads\/2022\/11\/icon-proctology.svg\"\/>H\u00e4morrhoiden<\/a>\n\n\n\n<a href=\"https:\/\/fcaresystems.com\/de\/minimalinvasive-behandlungen\/proktologie\/rf-ablation-analfisteln\/\" class=\"wp-block-fcs-core-icon-button c-button c-button--icon-inline\"><img decoding=\"async\" src=\"https:\/\/fcaresystems.com\/wp-content\/uploads\/2022\/11\/icon-proctology.svg\"\/>Analfisteln<\/a>\n\n\n\n<a href=\"https:\/\/fcaresystems.com\/de\/minimalinvasive-behandlungen\/phlebologie\/rf-ablation-krampfadern\/\" class=\"wp-block-fcs-core-icon-button c-button c-button--icon-inline\"><img decoding=\"async\" src=\"https:\/\/fcaresystems.com\/wp-content\/uploads\/2022\/11\/icon-phlebology.svg\"\/>Krampfadern<\/a>\n\n\n\n<a href=\"https:\/\/fcaresystems.com\/de\/minimalinvasive-behandlungen\/aesthetische-dermatologie\/rf-hauttherapie\/\" class=\"wp-block-fcs-core-icon-button c-button c-button--icon-inline is-style-default\"><img decoding=\"async\" src=\"https:\/\/fcaresystems.com\/wp-content\/uploads\/2022\/11\/icon-aesthetic-dermatology.svg\"\/>Hautst\u00f6rungen<\/a>\n<\/div>\n\n\n\n<div class=\"wp-block-fcs-core-spacer u-padding-xl-lg u-padding-md\"><\/div>\n<\/div>\n<\/div>\n<\/div>\n\n\n\n<div class=\"wp-block-group has-secondary-background-color has-background\"><div class=\"wp-block-group__inner-container is-layout-constrained wp-block-group-is-layout-constrained\">\n<div class=\"wp-block-fcs-core-container o-container\">\n<div class=\"wp-block-fcs-core-spacer u-padding-xl-lg u-padding-md\"><\/div>\n\n\n\n<h2 class=\"wp-block-heading has-text-align-center has-white-color has-text-color\">M\u00f6chten Sie mehr erfahren?<\/h2>\n\n\n\n<div class=\"wp-block-buttons is-content-justification-center is-layout-flex wp-container-core-buttons-is-layout-16018d1d wp-block-buttons-is-layout-flex\">\n<div class=\"wp-block-button is-style-fill\"><a class=\"wp-block-button__link has-primary-background-color has-background wp-element-button\" href=\"https:\/\/fcaresystems.com\/de\/kontakt\/\">Kontaktieren Sie uns<\/a><\/div>\n<\/div>\n\n\n\n<div class=\"wp-block-fcs-core-spacer u-padding-xl-lg u-padding-md\"><\/div>\n<\/div>\n<\/div><\/div>\n","protected":false},"excerpt":{"rendered":"","protected":false},"author":1,"featured_media":0,"parent":0,"menu_order":0,"comment_status":"closed","ping_status":"closed","template":"","meta":{"_color_hex":"","_color_slug":"","footnotes":""},"class_list":["post-7827","page","type-page","status-publish","hentry"],"yoast_head":"<!-- This site is optimized with the Yoast SEO plugin v27.5 - https:\/\/yoast.com\/product\/yoast-seo-wordpress\/ -->\n<title>Radiofrequenzablation | F Care Systems<\/title>\n<meta name=\"description\" content=\"Eine Erkl\u00e4rung, wie genau die Radiofrequenzenergie zur sicheren und effektiven Gewebeablation eingesetzt wird.\" \/>\n<meta name=\"robots\" content=\"index, follow, max-snippet:-1, max-image-preview:large, max-video-preview:-1\" \/>\n<link rel=\"canonical\" href=\"https:\/\/fcaresystems.com\/de\/radiofrequenz-thermokoagulation\/\" \/>\n<meta property=\"og:locale\" content=\"de_DE\" \/>\n<meta property=\"og:type\" content=\"article\" \/>\n<meta property=\"og:title\" content=\"Radiofrequenzablation | F Care Systems\" \/>\n<meta property=\"og:description\" content=\"Eine Erkl\u00e4rung, wie genau die Radiofrequenzenergie zur sicheren und effektiven Gewebeablation eingesetzt wird.\" \/>\n<meta property=\"og:url\" content=\"https:\/\/fcaresystems.com\/de\/radiofrequenz-thermokoagulation\/\" \/>\n<meta property=\"og:site_name\" content=\"F Care Systems\" \/>\n<meta property=\"article:modified_time\" content=\"2023-12-28T09:49:37+00:00\" \/>\n<meta property=\"og:image\" content=\"https:\/\/fcaresystems.com\/wp-content\/uploads\/2023\/01\/Hero_Radiofrequency-page-2.jpg\" \/>\n<meta name=\"twitter:card\" content=\"summary_large_image\" \/>\n<meta name=\"twitter:label1\" content=\"Gesch\u00e4tzte Lesezeit\" \/>\n\t<meta name=\"twitter:data1\" content=\"4\u00a0Minuten\" \/>\n<script type=\"application\/ld+json\" class=\"yoast-schema-graph\">{\"@context\":\"https:\\\/\\\/schema.org\",\"@graph\":[{\"@type\":\"WebPage\",\"@id\":\"https:\\\/\\\/fcaresystems.com\\\/de\\\/radiofrequenz-thermokoagulation\\\/\",\"url\":\"https:\\\/\\\/fcaresystems.com\\\/de\\\/radiofrequenz-thermokoagulation\\\/\",\"name\":\"Radiofrequenzablation | F Care Systems\",\"isPartOf\":{\"@id\":\"https:\\\/\\\/fcaresystems.com\\\/de\\\/#website\"},\"primaryImageOfPage\":{\"@id\":\"https:\\\/\\\/fcaresystems.com\\\/de\\\/radiofrequenz-thermokoagulation\\\/#primaryimage\"},\"image\":{\"@id\":\"https:\\\/\\\/fcaresystems.com\\\/de\\\/radiofrequenz-thermokoagulation\\\/#primaryimage\"},\"thumbnailUrl\":\"https:\\\/\\\/fcaresystems.com\\\/wp-content\\\/uploads\\\/2023\\\/01\\\/Hero_Radiofrequency-page-2.jpg\",\"datePublished\":\"2022-10-24T12:23:36+00:00\",\"dateModified\":\"2023-12-28T09:49:37+00:00\",\"description\":\"Eine Erkl\u00e4rung, wie genau die Radiofrequenzenergie zur sicheren und effektiven Gewebeablation eingesetzt wird.\",\"breadcrumb\":{\"@id\":\"https:\\\/\\\/fcaresystems.com\\\/de\\\/radiofrequenz-thermokoagulation\\\/#breadcrumb\"},\"inLanguage\":\"de\",\"potentialAction\":[{\"@type\":\"ReadAction\",\"target\":[\"https:\\\/\\\/fcaresystems.com\\\/de\\\/radiofrequenz-thermokoagulation\\\/\"]}]},{\"@type\":\"ImageObject\",\"inLanguage\":\"de\",\"@id\":\"https:\\\/\\\/fcaresystems.com\\\/de\\\/radiofrequenz-thermokoagulation\\\/#primaryimage\",\"url\":\"https:\\\/\\\/fcaresystems.com\\\/wp-content\\\/uploads\\\/2023\\\/01\\\/Hero_Radiofrequency-page-2.jpg\",\"contentUrl\":\"https:\\\/\\\/fcaresystems.com\\\/wp-content\\\/uploads\\\/2023\\\/01\\\/Hero_Radiofrequency-page-2.jpg\"},{\"@type\":\"BreadcrumbList\",\"@id\":\"https:\\\/\\\/fcaresystems.com\\\/de\\\/radiofrequenz-thermokoagulation\\\/#breadcrumb\",\"itemListElement\":[{\"@type\":\"ListItem\",\"position\":1,\"name\":\"Home\",\"item\":\"https:\\\/\\\/fcaresystems.com\\\/de\\\/\"},{\"@type\":\"ListItem\",\"position\":2,\"name\":\"Radiofrequenzablation\"}]},{\"@type\":\"WebSite\",\"@id\":\"https:\\\/\\\/fcaresystems.com\\\/de\\\/#website\",\"url\":\"https:\\\/\\\/fcaresystems.com\\\/de\\\/\",\"name\":\"F Care Systems\",\"description\":\"\",\"publisher\":{\"@id\":\"https:\\\/\\\/fcaresystems.com\\\/de\\\/#organization\"},\"potentialAction\":[{\"@type\":\"SearchAction\",\"target\":{\"@type\":\"EntryPoint\",\"urlTemplate\":\"https:\\\/\\\/fcaresystems.com\\\/de\\\/?s={search_term_string}\"},\"query-input\":{\"@type\":\"PropertyValueSpecification\",\"valueRequired\":true,\"valueName\":\"search_term_string\"}}],\"inLanguage\":\"de\"},{\"@type\":\"Organization\",\"@id\":\"https:\\\/\\\/fcaresystems.com\\\/de\\\/#organization\",\"name\":\"F Care Systems\",\"url\":\"https:\\\/\\\/fcaresystems.com\\\/de\\\/\",\"logo\":{\"@type\":\"ImageObject\",\"inLanguage\":\"de\",\"@id\":\"https:\\\/\\\/fcaresystems.com\\\/de\\\/#\\\/schema\\\/logo\\\/image\\\/\",\"url\":\"https:\\\/\\\/fcaresystems.com\\\/wp-content\\\/uploads\\\/2022\\\/11\\\/logo-2.svg\",\"contentUrl\":\"https:\\\/\\\/fcaresystems.com\\\/wp-content\\\/uploads\\\/2022\\\/11\\\/logo-2.svg\",\"caption\":\"F Care Systems\"},\"image\":{\"@id\":\"https:\\\/\\\/fcaresystems.com\\\/de\\\/#\\\/schema\\\/logo\\\/image\\\/\"}}]}<\/script>\n<!-- \/ Yoast SEO plugin. -->","yoast_head_json":{"title":"Radiofrequenzablation | F Care Systems","description":"Eine Erkl\u00e4rung, wie genau die Radiofrequenzenergie zur sicheren und effektiven Gewebeablation eingesetzt wird.","robots":{"index":"index","follow":"follow","max-snippet":"max-snippet:-1","max-image-preview":"max-image-preview:large","max-video-preview":"max-video-preview:-1"},"canonical":"https:\/\/fcaresystems.com\/de\/radiofrequenz-thermokoagulation\/","og_locale":"de_DE","og_type":"article","og_title":"Radiofrequenzablation | F Care Systems","og_description":"Eine Erkl\u00e4rung, wie genau die Radiofrequenzenergie zur sicheren und effektiven Gewebeablation eingesetzt wird.","og_url":"https:\/\/fcaresystems.com\/de\/radiofrequenz-thermokoagulation\/","og_site_name":"F Care Systems","article_modified_time":"2023-12-28T09:49:37+00:00","og_image":[{"url":"https:\/\/fcaresystems.com\/wp-content\/uploads\/2023\/01\/Hero_Radiofrequency-page-2.jpg","type":"","width":"","height":""}],"twitter_card":"summary_large_image","twitter_misc":{"Gesch\u00e4tzte Lesezeit":"4\u00a0Minuten"},"schema":{"@context":"https:\/\/schema.org","@graph":[{"@type":"WebPage","@id":"https:\/\/fcaresystems.com\/de\/radiofrequenz-thermokoagulation\/","url":"https:\/\/fcaresystems.com\/de\/radiofrequenz-thermokoagulation\/","name":"Radiofrequenzablation | F Care Systems","isPartOf":{"@id":"https:\/\/fcaresystems.com\/de\/#website"},"primaryImageOfPage":{"@id":"https:\/\/fcaresystems.com\/de\/radiofrequenz-thermokoagulation\/#primaryimage"},"image":{"@id":"https:\/\/fcaresystems.com\/de\/radiofrequenz-thermokoagulation\/#primaryimage"},"thumbnailUrl":"https:\/\/fcaresystems.com\/wp-content\/uploads\/2023\/01\/Hero_Radiofrequency-page-2.jpg","datePublished":"2022-10-24T12:23:36+00:00","dateModified":"2023-12-28T09:49:37+00:00","description":"Eine Erkl\u00e4rung, wie genau die Radiofrequenzenergie zur sicheren und effektiven Gewebeablation eingesetzt wird.","breadcrumb":{"@id":"https:\/\/fcaresystems.com\/de\/radiofrequenz-thermokoagulation\/#breadcrumb"},"inLanguage":"de","potentialAction":[{"@type":"ReadAction","target":["https:\/\/fcaresystems.com\/de\/radiofrequenz-thermokoagulation\/"]}]},{"@type":"ImageObject","inLanguage":"de","@id":"https:\/\/fcaresystems.com\/de\/radiofrequenz-thermokoagulation\/#primaryimage","url":"https:\/\/fcaresystems.com\/wp-content\/uploads\/2023\/01\/Hero_Radiofrequency-page-2.jpg","contentUrl":"https:\/\/fcaresystems.com\/wp-content\/uploads\/2023\/01\/Hero_Radiofrequency-page-2.jpg"},{"@type":"BreadcrumbList","@id":"https:\/\/fcaresystems.com\/de\/radiofrequenz-thermokoagulation\/#breadcrumb","itemListElement":[{"@type":"ListItem","position":1,"name":"Home","item":"https:\/\/fcaresystems.com\/de\/"},{"@type":"ListItem","position":2,"name":"Radiofrequenzablation"}]},{"@type":"WebSite","@id":"https:\/\/fcaresystems.com\/de\/#website","url":"https:\/\/fcaresystems.com\/de\/","name":"F Care Systems","description":"","publisher":{"@id":"https:\/\/fcaresystems.com\/de\/#organization"},"potentialAction":[{"@type":"SearchAction","target":{"@type":"EntryPoint","urlTemplate":"https:\/\/fcaresystems.com\/de\/?s={search_term_string}"},"query-input":{"@type":"PropertyValueSpecification","valueRequired":true,"valueName":"search_term_string"}}],"inLanguage":"de"},{"@type":"Organization","@id":"https:\/\/fcaresystems.com\/de\/#organization","name":"F Care Systems","url":"https:\/\/fcaresystems.com\/de\/","logo":{"@type":"ImageObject","inLanguage":"de","@id":"https:\/\/fcaresystems.com\/de\/#\/schema\/logo\/image\/","url":"https:\/\/fcaresystems.com\/wp-content\/uploads\/2022\/11\/logo-2.svg","contentUrl":"https:\/\/fcaresystems.com\/wp-content\/uploads\/2022\/11\/logo-2.svg","caption":"F Care Systems"},"image":{"@id":"https:\/\/fcaresystems.com\/de\/#\/schema\/logo\/image\/"}}]}},"_links":{"self":[{"href":"https:\/\/fcaresystems.com\/de\/wp-json\/wp\/v2\/pages\/7827","targetHints":{"allow":["GET"]}}],"collection":[{"href":"https:\/\/fcaresystems.com\/de\/wp-json\/wp\/v2\/pages"}],"about":[{"href":"https:\/\/fcaresystems.com\/de\/wp-json\/wp\/v2\/types\/page"}],"author":[{"embeddable":true,"href":"https:\/\/fcaresystems.com\/de\/wp-json\/wp\/v2\/users\/1"}],"replies":[{"embeddable":true,"href":"https:\/\/fcaresystems.com\/de\/wp-json\/wp\/v2\/comments?post=7827"}],"version-history":[{"count":10,"href":"https:\/\/fcaresystems.com\/de\/wp-json\/wp\/v2\/pages\/7827\/revisions"}],"predecessor-version":[{"id":13087,"href":"https:\/\/fcaresystems.com\/de\/wp-json\/wp\/v2\/pages\/7827\/revisions\/13087"}],"wp:attachment":[{"href":"https:\/\/fcaresystems.com\/de\/wp-json\/wp\/v2\/media?parent=7827"}],"curies":[{"name":"wp","href":"https:\/\/api.w.org\/{rel}","templated":true}]}}