{"id":7815,"date":"2022-11-09T14:36:08","date_gmt":"2022-11-09T13:36:08","guid":{"rendered":"https:\/\/fcaresystems.com\/produkte\/medical-accessoires\/"},"modified":"2023-07-06T14:56:47","modified_gmt":"2023-07-06T12:56:47","slug":"medizinisches-zubehoer","status":"publish","type":"page","link":"https:\/\/fcaresystems.com\/de\/produkte\/medizinisches-zubehoer\/","title":{"rendered":"Medizinisches Zubeh\u00f6r"},"content":{"rendered":"\n<section class=\"wp-block-fcs-core-header\"><header class=\"c-header c-header-wrapper c-header-wrapper-s\"><figure class=\"c-header-img \"><img decoding=\"async\" src=\"https:\/\/fcaresystems.com\/wp-content\/uploads\/2022\/11\/treatments.jpg\" class=\"c-header-img\"\/><figcaption class=\"c-header-content\"><div class=\"o-container\">\n<div class=\"wp-block-fcs-core-spacer u-padding-sm-lg u-padding-sm\"><\/div>\n\n\n\n<div class=\"wp-block-group c-breadcrumb\"><div class=\"wp-block-group__inner-container is-layout-flow wp-block-group-is-layout-flow\"><span><span><a href=\"https:\/\/fcaresystems.com\/de\/\">Home<\/a><\/span><\/span>\n<\/div><\/div>\n\n\n\n<div class=\"wp-block-fcs-core-spacer u-padding-md-lg u-padding-md\"><\/div>\n\n\n\n<h1 class=\"wp-block-heading has-white-color has-text-color\">Medizinisches Zubeh\u00f6r<\/h1>\n<\/div><\/figcaption><\/figure><\/header><\/section>\n\n\n\n<div class=\"wp-block-fcs-core-container o-container\">\n<div class=\"wp-block-fcs-core-spacer u-padding-lg-lg u-padding-md\"><\/div>\n\n\n\n<h2 class=\"wp-block-heading has-secondary-color has-text-color\">Zus\u00e4tzliche medizinische Ausr\u00fcstung<\/h2>\n\n\n\n<p>Wir sind stolz darauf, mit international renommierten Herstellern zusammenzuarbeiten, um wichtiges Zubeh\u00f6r f\u00fcr minimalinvasive Behandlungen anzubieten.<br>Bitte beachten Sie, dass Sie \u00fcber die folgenden Links zu einer Drittanbieterwebsite gelangen, die sich in einem neuen Fenster \u00f6ffnet.<\/p>\n\n\n\n<div class=\"wp-block-fcs-core-spacer u-padding-md-lg u-padding-sm\"><\/div>\n\n\n\n<div class=\"wp-block-columns is-layout-flex wp-container-core-columns-is-layout-9d6595d7 wp-block-columns-is-layout-flex\">\n<div class=\"wp-block-column is-layout-flow wp-block-column-is-layout-flow\">\n<a href=\"https:\/\/www.veinlite.com\/\" target=\"_blank\" class=\"c-card c-card--image\" rel=\"noopener\"><img decoding=\"async\" src=\"https:\/\/fcaresystems.com\/wp-content\/uploads\/2023\/01\/Veinpuncture-veinlite.jpg\"\/><div class=\"u-padding-sm o-flex o-flex-column o-flex-justify-content-between o-flex-grow\"><div>\n\n<h3 class=\"wp-block-heading has-secondary-color has-text-color\">Venenpunktion (Veinlite)<\/h3>\n\n\n<p>Die tragbaren Venensucher Veinlite bieten eine optimale Sicht bei der Behandlung von Krampfadern oder Besenreisern.<\/p>\n\n<\/div><div class=\"c-card__button\">Zur Website von Veinlite<\/div><\/div><\/a>\n<\/div>\n\n\n\n<div class=\"wp-block-column is-layout-flow wp-block-column-is-layout-flow\">\n<a href=\"https:\/\/syrisscientific.com\/product\/v900l\/\" target=\"_blank\" class=\"c-card c-card--image\" rel=\"noopener\"><img decoding=\"async\" src=\"https:\/\/fcaresystems.com\/wp-content\/uploads\/2023\/01\/Head-light-Syris.jpg\"\/><div class=\"u-padding-sm o-flex o-flex-column o-flex-justify-content-between o-flex-grow\"><div>\n\n<h3 class=\"wp-block-heading has-secondary-color has-text-color\">Medizinisches-Zubeh\u00f6r (Syris)<\/h3>\n\n\n<p>Das 900L-Visualisierungssystem von Syris Scientific gew\u00e4hrleistet eine unvergleichliche Klarheit der Sicht bei der Durchf\u00fchrung empfindlicher dermatologischer Verfahren.<\/p>\n\n<\/div><div class=\"c-card__button\">Zur Website von Syris<\/div><\/div><\/a>\n<\/div>\n\n\n\n<div class=\"wp-block-column is-layout-flow wp-block-column-is-layout-flow\">\n<a href=\"https:\/\/www.nouvag.com\/en\/medical\/infiltration-pumps\" target=\"_blank\" class=\"c-card c-card--image\" rel=\"noopener\"><img decoding=\"async\" src=\"https:\/\/fcaresystems.com\/wp-content\/uploads\/2023\/01\/Tumescence-pump-Nouvag.jpg\"\/><div class=\"u-padding-sm o-flex o-flex-column o-flex-justify-content-between o-flex-grow\"><div>\n\n<h3 class=\"wp-block-heading has-secondary-color has-text-color\">Tumeszenz-Pumpe (Nouvag)<\/h3>\n\n\n<p>Die ergonomische, tragbare Nouvag DP30-Tumeszenzpumpe wurde speziell f\u00fcr die Behandlung von Krampfadern entwickelt.<\/p>\n\n<\/div><div class=\"c-card__button\">Zur Website von Nouvag<\/div><\/div><\/a>\n<\/div>\n<\/div>\n\n\n\n<div class=\"wp-block-fcs-core-spacer u-padding-md-lg u-padding-sm\"><\/div>\n\n\n\n<div class=\"wp-block-columns is-layout-flex wp-container-core-columns-is-layout-9d6595d7 wp-block-columns-is-layout-flex\">\n<div class=\"wp-block-column is-layout-flow wp-block-column-is-layout-flow\">\n<a href=\"https:\/\/superseton.com\/\" target=\"_blank\" class=\"c-card c-card--image\" rel=\"noopener\"><img decoding=\"async\" src=\"https:\/\/fcaresystems.com\/wp-content\/uploads\/2023\/04\/picture-2-superseton.jpg\"\/><div class=\"u-padding-sm o-flex o-flex-column o-flex-justify-content-between o-flex-grow\"><div>\n\n<h3 class=\"wp-block-heading has-secondary-color has-text-color\" id=\"SuperSeton\">Seton ohne Knoten (SuperSeton)<\/h3>\n\n\n<p>Der Superseton ist knotenlos und glatt und verf\u00fcgt \u00fcber einen innovativen Verschluss, der sicher und flexibel ist und mit dem patentierten Einweg-Applikator in Sekundenschnelle manuell angelegt werden kann.<\/p>\n\n<\/div><div class=\"c-card__button\">Zur Website von SuperSeton<\/div><\/div><\/a>\n<\/div>\n\n\n\n<div class=\"wp-block-column is-layout-flow wp-block-column-is-layout-flow\"><\/div>\n\n\n\n<div class=\"wp-block-column is-layout-flow wp-block-column-is-layout-flow\"><\/div>\n<\/div>\n\n\n\n<div class=\"wp-block-fcs-core-spacer u-padding-xxl-lg u-padding-md\"><\/div>\n<\/div>\n\n\n\n<div class=\"wp-block-group has-secondary-background-color has-background\"><div class=\"wp-block-group__inner-container is-layout-constrained wp-block-group-is-layout-constrained\">\n<div class=\"wp-block-fcs-core-container o-container\">\n<div class=\"wp-block-fcs-core-spacer u-padding-sm-lg u-padding-sm\"><\/div>\n\n\n\n<div class=\"wp-block-fcs-core-spacer u-padding-xxs-lg u-padding-sm\"><\/div>\n\n\n\n<div class=\"wp-block-columns is-layout-flex wp-container-core-columns-is-layout-9d6595d7 wp-block-columns-is-layout-flex\">\n<div class=\"wp-block-column is-layout-flow wp-block-column-is-layout-flow\" style=\"flex-basis:48%\">\n<h2 class=\"wp-block-heading u-margin-none has-white-color has-text-color\">Ich brauche dies f\u00fcr meine Praxis<\/h2>\n\n\n\n<div class=\"wp-block-fcs-core-spacer u-padding-xxs-lg u-padding-xs\"><\/div>\n<\/div>\n\n\n\n<div class=\"wp-block-column is-vertically-aligned-bottom is-layout-flow wp-block-column-is-layout-flow\">\n<div class=\"wp-block-buttons is-layout-flex wp-block-buttons-is-layout-flex\">\n<div class=\"wp-block-button alignright\"><a class=\"wp-block-button__link has-primary-background-color has-background wp-element-button\" href=\"https:\/\/fcaresystems.com\/products\/order-product\/\">Eines dieser Produkte bestellen<\/a><\/div>\n\n\n\n<div class=\"wp-block-button is-style-outline is-style-outline--1\"><a class=\"wp-block-button__link has-white-color has-secondary-background-color has-text-color has-background wp-element-button\" href=\"https:\/\/fcaresystems.com\/de\/produkte\/\">alle Produkte anzeigen<\/a><\/div>\n<\/div>\n<\/div>\n<\/div>\n\n\n\n<div class=\"wp-block-fcs-core-spacer u-padding-md-lg u-padding-md\"><\/div>\n<\/div>\n<\/div><\/div>\n","protected":false},"excerpt":{"rendered":"","protected":false},"author":1,"featured_media":0,"parent":7650,"menu_order":0,"comment_status":"closed","ping_status":"closed","template":"","meta":{"_color_hex":"","_color_slug":"","footnotes":""},"class_list":["post-7815","page","type-page","status-publish","hentry"],"yoast_head":"<!-- This site is optimized with the Yoast SEO plugin v27.0 - https:\/\/yoast.com\/product\/yoast-seo-wordpress\/ -->\n<title>Medizinisches Zubeh\u00f6r | F Care Systems<\/title>\n<meta name=\"description\" content=\"Eine \u00dcbersicht \u00fcber das von uns vertriebene medizinische Zubeh\u00f6r von Drittanbietern.\" \/>\n<meta name=\"robots\" content=\"index, follow, max-snippet:-1, max-image-preview:large, max-video-preview:-1\" \/>\n<link rel=\"canonical\" href=\"https:\/\/fcaresystems.com\/de\/produkte\/medizinisches-zubehoer\/\" \/>\n<meta property=\"og:locale\" content=\"de_DE\" \/>\n<meta property=\"og:type\" content=\"article\" \/>\n<meta property=\"og:title\" content=\"Medizinisches Zubeh\u00f6r | F Care Systems\" \/>\n<meta property=\"og:description\" content=\"Eine \u00dcbersicht \u00fcber das von uns vertriebene medizinische Zubeh\u00f6r von Drittanbietern.\" \/>\n<meta property=\"og:url\" content=\"https:\/\/fcaresystems.com\/de\/produkte\/medizinisches-zubehoer\/\" \/>\n<meta property=\"og:site_name\" content=\"F Care Systems\" \/>\n<meta property=\"article:modified_time\" content=\"2023-07-06T12:56:47+00:00\" \/>\n<meta property=\"og:image\" content=\"https:\/\/fcaresystems.com\/wp-content\/uploads\/2022\/11\/treatments.jpg\" \/>\n<meta name=\"twitter:card\" content=\"summary_large_image\" \/>\n<meta name=\"twitter:label1\" content=\"Gesch\u00e4tzte Lesezeit\" \/>\n\t<meta name=\"twitter:data1\" content=\"2\u00a0Minuten\" \/>\n<script type=\"application\/ld+json\" class=\"yoast-schema-graph\">{\"@context\":\"https:\/\/schema.org\",\"@graph\":[{\"@type\":\"WebPage\",\"@id\":\"https:\/\/fcaresystems.com\/de\/produkte\/medizinisches-zubehoer\/\",\"url\":\"https:\/\/fcaresystems.com\/de\/produkte\/medizinisches-zubehoer\/\",\"name\":\"Medizinisches Zubeh\u00f6r | F Care Systems\",\"isPartOf\":{\"@id\":\"https:\/\/fcaresystems.com\/de\/#website\"},\"primaryImageOfPage\":{\"@id\":\"https:\/\/fcaresystems.com\/de\/produkte\/medizinisches-zubehoer\/#primaryimage\"},\"image\":{\"@id\":\"https:\/\/fcaresystems.com\/de\/produkte\/medizinisches-zubehoer\/#primaryimage\"},\"thumbnailUrl\":\"https:\/\/fcaresystems.com\/wp-content\/uploads\/2022\/11\/treatments.jpg\",\"datePublished\":\"2022-11-09T13:36:08+00:00\",\"dateModified\":\"2023-07-06T12:56:47+00:00\",\"description\":\"Eine \u00dcbersicht \u00fcber das von uns vertriebene medizinische Zubeh\u00f6r von Drittanbietern.\",\"breadcrumb\":{\"@id\":\"https:\/\/fcaresystems.com\/de\/produkte\/medizinisches-zubehoer\/#breadcrumb\"},\"inLanguage\":\"de\",\"potentialAction\":[{\"@type\":\"ReadAction\",\"target\":[\"https:\/\/fcaresystems.com\/de\/produkte\/medizinisches-zubehoer\/\"]}]},{\"@type\":\"ImageObject\",\"inLanguage\":\"de\",\"@id\":\"https:\/\/fcaresystems.com\/de\/produkte\/medizinisches-zubehoer\/#primaryimage\",\"url\":\"https:\/\/fcaresystems.com\/wp-content\/uploads\/2022\/11\/treatments.jpg\",\"contentUrl\":\"https:\/\/fcaresystems.com\/wp-content\/uploads\/2022\/11\/treatments.jpg\"},{\"@type\":\"BreadcrumbList\",\"@id\":\"https:\/\/fcaresystems.com\/de\/produkte\/medizinisches-zubehoer\/#breadcrumb\",\"itemListElement\":[{\"@type\":\"ListItem\",\"position\":1,\"name\":\"Home\",\"item\":\"https:\/\/fcaresystems.com\/de\/\"},{\"@type\":\"ListItem\",\"position\":2,\"name\":\"Produkte\",\"item\":\"https:\/\/fcaresystems.com\/de\/produkte\/\"},{\"@type\":\"ListItem\",\"position\":3,\"name\":\"Medizinisches Zubeh\u00f6r\"}]},{\"@type\":\"WebSite\",\"@id\":\"https:\/\/fcaresystems.com\/de\/#website\",\"url\":\"https:\/\/fcaresystems.com\/de\/\",\"name\":\"F Care Systems\",\"description\":\"\",\"publisher\":{\"@id\":\"https:\/\/fcaresystems.com\/de\/#organization\"},\"potentialAction\":[{\"@type\":\"SearchAction\",\"target\":{\"@type\":\"EntryPoint\",\"urlTemplate\":\"https:\/\/fcaresystems.com\/de\/?s={search_term_string}\"},\"query-input\":{\"@type\":\"PropertyValueSpecification\",\"valueRequired\":true,\"valueName\":\"search_term_string\"}}],\"inLanguage\":\"de\"},{\"@type\":\"Organization\",\"@id\":\"https:\/\/fcaresystems.com\/de\/#organization\",\"name\":\"F Care Systems\",\"url\":\"https:\/\/fcaresystems.com\/de\/\",\"logo\":{\"@type\":\"ImageObject\",\"inLanguage\":\"de\",\"@id\":\"https:\/\/fcaresystems.com\/de\/#\/schema\/logo\/image\/\",\"url\":\"https:\/\/fcaresystems.com\/wp-content\/uploads\/2022\/11\/logo-2.svg\",\"contentUrl\":\"https:\/\/fcaresystems.com\/wp-content\/uploads\/2022\/11\/logo-2.svg\",\"caption\":\"F Care Systems\"},\"image\":{\"@id\":\"https:\/\/fcaresystems.com\/de\/#\/schema\/logo\/image\/\"}}]}<\/script>\n<!-- \/ Yoast SEO plugin. -->","yoast_head_json":{"title":"Medizinisches Zubeh\u00f6r | F Care Systems","description":"Eine \u00dcbersicht \u00fcber das von uns vertriebene medizinische Zubeh\u00f6r von Drittanbietern.","robots":{"index":"index","follow":"follow","max-snippet":"max-snippet:-1","max-image-preview":"max-image-preview:large","max-video-preview":"max-video-preview:-1"},"canonical":"https:\/\/fcaresystems.com\/de\/produkte\/medizinisches-zubehoer\/","og_locale":"de_DE","og_type":"article","og_title":"Medizinisches Zubeh\u00f6r | F Care Systems","og_description":"Eine \u00dcbersicht \u00fcber das von uns vertriebene medizinische Zubeh\u00f6r von Drittanbietern.","og_url":"https:\/\/fcaresystems.com\/de\/produkte\/medizinisches-zubehoer\/","og_site_name":"F Care Systems","article_modified_time":"2023-07-06T12:56:47+00:00","og_image":[{"url":"https:\/\/fcaresystems.com\/wp-content\/uploads\/2022\/11\/treatments.jpg","type":"","width":"","height":""}],"twitter_card":"summary_large_image","twitter_misc":{"Gesch\u00e4tzte Lesezeit":"2\u00a0Minuten"},"schema":{"@context":"https:\/\/schema.org","@graph":[{"@type":"WebPage","@id":"https:\/\/fcaresystems.com\/de\/produkte\/medizinisches-zubehoer\/","url":"https:\/\/fcaresystems.com\/de\/produkte\/medizinisches-zubehoer\/","name":"Medizinisches Zubeh\u00f6r | F Care Systems","isPartOf":{"@id":"https:\/\/fcaresystems.com\/de\/#website"},"primaryImageOfPage":{"@id":"https:\/\/fcaresystems.com\/de\/produkte\/medizinisches-zubehoer\/#primaryimage"},"image":{"@id":"https:\/\/fcaresystems.com\/de\/produkte\/medizinisches-zubehoer\/#primaryimage"},"thumbnailUrl":"https:\/\/fcaresystems.com\/wp-content\/uploads\/2022\/11\/treatments.jpg","datePublished":"2022-11-09T13:36:08+00:00","dateModified":"2023-07-06T12:56:47+00:00","description":"Eine \u00dcbersicht \u00fcber das von uns vertriebene medizinische Zubeh\u00f6r von Drittanbietern.","breadcrumb":{"@id":"https:\/\/fcaresystems.com\/de\/produkte\/medizinisches-zubehoer\/#breadcrumb"},"inLanguage":"de","potentialAction":[{"@type":"ReadAction","target":["https:\/\/fcaresystems.com\/de\/produkte\/medizinisches-zubehoer\/"]}]},{"@type":"ImageObject","inLanguage":"de","@id":"https:\/\/fcaresystems.com\/de\/produkte\/medizinisches-zubehoer\/#primaryimage","url":"https:\/\/fcaresystems.com\/wp-content\/uploads\/2022\/11\/treatments.jpg","contentUrl":"https:\/\/fcaresystems.com\/wp-content\/uploads\/2022\/11\/treatments.jpg"},{"@type":"BreadcrumbList","@id":"https:\/\/fcaresystems.com\/de\/produkte\/medizinisches-zubehoer\/#breadcrumb","itemListElement":[{"@type":"ListItem","position":1,"name":"Home","item":"https:\/\/fcaresystems.com\/de\/"},{"@type":"ListItem","position":2,"name":"Produkte","item":"https:\/\/fcaresystems.com\/de\/produkte\/"},{"@type":"ListItem","position":3,"name":"Medizinisches Zubeh\u00f6r"}]},{"@type":"WebSite","@id":"https:\/\/fcaresystems.com\/de\/#website","url":"https:\/\/fcaresystems.com\/de\/","name":"F Care Systems","description":"","publisher":{"@id":"https:\/\/fcaresystems.com\/de\/#organization"},"potentialAction":[{"@type":"SearchAction","target":{"@type":"EntryPoint","urlTemplate":"https:\/\/fcaresystems.com\/de\/?s={search_term_string}"},"query-input":{"@type":"PropertyValueSpecification","valueRequired":true,"valueName":"search_term_string"}}],"inLanguage":"de"},{"@type":"Organization","@id":"https:\/\/fcaresystems.com\/de\/#organization","name":"F Care Systems","url":"https:\/\/fcaresystems.com\/de\/","logo":{"@type":"ImageObject","inLanguage":"de","@id":"https:\/\/fcaresystems.com\/de\/#\/schema\/logo\/image\/","url":"https:\/\/fcaresystems.com\/wp-content\/uploads\/2022\/11\/logo-2.svg","contentUrl":"https:\/\/fcaresystems.com\/wp-content\/uploads\/2022\/11\/logo-2.svg","caption":"F Care Systems"},"image":{"@id":"https:\/\/fcaresystems.com\/de\/#\/schema\/logo\/image\/"}}]}},"_links":{"self":[{"href":"https:\/\/fcaresystems.com\/de\/wp-json\/wp\/v2\/pages\/7815","targetHints":{"allow":["GET"]}}],"collection":[{"href":"https:\/\/fcaresystems.com\/de\/wp-json\/wp\/v2\/pages"}],"about":[{"href":"https:\/\/fcaresystems.com\/de\/wp-json\/wp\/v2\/types\/page"}],"author":[{"embeddable":true,"href":"https:\/\/fcaresystems.com\/de\/wp-json\/wp\/v2\/users\/1"}],"replies":[{"embeddable":true,"href":"https:\/\/fcaresystems.com\/de\/wp-json\/wp\/v2\/comments?post=7815"}],"version-history":[{"count":13,"href":"https:\/\/fcaresystems.com\/de\/wp-json\/wp\/v2\/pages\/7815\/revisions"}],"predecessor-version":[{"id":12225,"href":"https:\/\/fcaresystems.com\/de\/wp-json\/wp\/v2\/pages\/7815\/revisions\/12225"}],"up":[{"embeddable":true,"href":"https:\/\/fcaresystems.com\/de\/wp-json\/wp\/v2\/pages\/7650"}],"wp:attachment":[{"href":"https:\/\/fcaresystems.com\/de\/wp-json\/wp\/v2\/media?parent=7815"}],"curies":[{"name":"wp","href":"https:\/\/api.w.org\/{rel}","templated":true}]}}