{"id":7799,"date":"2022-11-18T10:18:45","date_gmt":"2022-11-18T09:18:45","guid":{"rendered":"https:\/\/fcaresystems.com\/produkte\/generatoren\/viridex-us-generator\/"},"modified":"2023-07-07T09:52:29","modified_gmt":"2023-07-07T07:52:29","slug":"viridex-us-ultraschallgenerator","status":"publish","type":"page","link":"https:\/\/fcaresystems.com\/de\/produkte\/generatoren\/viridex-us-ultraschallgenerator\/","title":{"rendered":"Viridex\u00aeUS-Generator"},"content":{"rendered":"\n<div class=\"wp-block-fcs-core-container o-container\">\n<div class=\"wp-block-fcs-core-spacer u-padding-md-lg u-padding-md\"><\/div>\n\n\n\n<div class=\"wp-block-group c-breadcrumb\"><div class=\"wp-block-group__inner-container is-layout-flow wp-block-group-is-layout-flow\"><span><span><a href=\"https:\/\/fcaresystems.com\/de\/\">Home<\/a><\/span><\/span>\n<\/div><\/div>\n\n\n\n<div class=\"wp-block-fcs-core-spacer u-padding-md-lg u-padding-md\"><\/div>\n\n\n\n<div class=\"wp-block-columns is-style-largegap is-layout-flex wp-container-core-columns-is-layout-9d6595d7 wp-block-columns-is-layout-flex\">\n<div class=\"wp-block-column is-layout-flow wp-block-column-is-layout-flow\"><div class=\"c-slider-gallery\"><div class=\"c-slider-wrapper\"><div class=\"c-slider c-slider-slick c-slider-slick-for o-block\" ref=\"slickSlide\"><a data-fancybox=\"gallery\" data-caption=\"Viridex\u00aeUS ultrasound cavitation\" href=\"https:\/\/fcaresystems.com\/wp-content\/uploads\/2023\/01\/00VIRIDEXUS_Viridex-US-generator_01-1.jpg\"><img decoding=\"async\" src=\"https:\/\/fcaresystems.com\/wp-content\/uploads\/2023\/01\/00VIRIDEXUS_Viridex-US-generator_01-1.jpg\" title=\"Viridex\u00aeUS ultrasound cavitation\"  \/><\/a><a data-fancybox=\"gallery\" data-caption=\"ViridexUS\u00ae generator\" href=\"https:\/\/fcaresystems.com\/wp-content\/uploads\/2022\/11\/Viridex-US-generator-1.jpg\"><img decoding=\"async\" src=\"https:\/\/fcaresystems.com\/wp-content\/uploads\/2022\/11\/Viridex-US-generator-1.jpg\" title=\"ViridexUS\u00ae generator\"  \/><\/a><\/div><\/div><div class=\"c-slider-nav-container\"><div class=\"c-slider c-slider-slick c-slider-slick-nav u-margin-top-sm\" ref=\"slickNav\"><div><img decoding=\"async\" class=\"\" src=\"https:\/\/fcaresystems.com\/wp-content\/uploads\/2023\/01\/00VIRIDEXUS_Viridex-US-generator_01-1.jpg\" srcset=\"\" alt=\"\" \/><\/div><div><img decoding=\"async\" class=\"\" src=\"https:\/\/fcaresystems.com\/wp-content\/uploads\/2022\/11\/Viridex-US-generator-1.jpg\" srcset=\"\" alt=\"\" \/><\/div><\/div><\/div><\/div>\n\n\n<div class=\"wp-block-fcs-core-spacer u-padding-md-lg u-padding-md\"><\/div>\n\n\n\n<figure class=\"wp-block-image size-large\"><a href=\"https:\/\/youtu.be\/przMeLhuCZc\"><img decoding=\"async\" src=\"https:\/\/fcaresystems.com\/wp-content\/uploads\/2023\/01\/Thumbn-Viridex-US-1024x576.jpg\" alt=\"\" class=\"wp-image-6443\"\/><\/a><\/figure>\n\n\n\n<div class=\"wp-block-fcs-core-spacer u-padding-xxs-lg u-padding-sm\"><\/div>\n<\/div>\n\n\n\n<div class=\"wp-block-column is-layout-flow wp-block-column-is-layout-flow\">\n<figure class=\"wp-block-image size-full is-resized\"><img loading=\"lazy\" decoding=\"async\" src=\"https:\/\/fcaresystems.com\/wp-content\/uploads\/2022\/11\/Viridex-US.svg\" alt=\"\" class=\"wp-image-1059\" width=\"139\" height=\"24\"\/><\/figure>\n\n\n\n<div class=\"wp-block-fcs-core-spacer u-padding-xs-lg u-padding-xs\"><\/div>\n\n\n\n<h1 class=\"wp-block-heading has-secondary-color has-text-color\">Viridex\u00aeUS Ultraschallgenerator<\/h1>\n\n\n\n<p>Mit ihrem multimodalen Wirkmechanismus und dem au\u00dfergew\u00f6hnlichen Sicherheitsprofil geh\u00f6rt die <mark style=\"background-color:rgba(0, 0, 0, 0)\" class=\"has-inline-color has-primary-color\"><a href=\"https:\/\/fcaresystems.com\/de\/minimalinvasive-behandlungen\/aesthetische-dermatologie\/ultraschallkavitation\/\">Ultraschall-Kavitation<\/a><\/mark> zu den erfolgversprechendsten neueren Methoden zur Bek\u00e4mpfung von st\u00f6render Cellulite, was die Vielzahl der auf dem Markt erh\u00e4ltlichen Kavitationsausr\u00fcstung erkl\u00e4rt. Warum also Viridex\u00aeUS?<\/p>\n\n\n\n<div class=\"wp-block-fcs-core-spacer u-padding-xs-lg u-padding-xs\"><\/div>\n\n\n\n<h3 class=\"wp-block-heading has-secondary-color has-text-color\"><strong>Der Viridex<\/strong>\u00ae<strong>US-Unterschied<\/strong><\/h3>\n\n\n\n<p><strong><strong>Gleichm\u00e4\u00dfigkeit:<\/strong> <\/strong>W\u00e4hrend viele der auf dem Markt erh\u00e4ltlichen Ger\u00e4te ein tragbares Tr\u00e4gersystem verwenden, nutzt Viridex\u00aeUS starre Keramikplatten, die miteinander verbunden sind und w\u00e4hrend des gesamten Eingriffs an Ort und Stelle bleiben. Die Platten gew\u00e4hrleisten eine gleichm\u00e4\u00dfige Anwendung von Ultraschallenergie im gesamten Behandlungsbereich, ohne dass Patienten oder \u00c4rzte h\u00e4ufig die Position wechseln m\u00fcssen.<\/p>\n\n\n\n<div class=\"wp-block-fcs-core-spacer u-padding-xxs-lg u-padding-xs\"><\/div>\n\n\n\n<p><strong>Konnektivit\u00e4t:<\/strong> F\u00fcr noch mehr Komfort verf\u00fcgt das Viridex\u00aeUS \u00fcber zwei separate Generatoren; \u00c4rzte k\u00f6nnen bis zu sechs Ultraschallplatten \u00fcber einen Anschlusskasten an jeden Generator anschlie\u00dfen, insgesamt zw\u00f6lf Platten pro Behandlung. Die beiden miteinander verbundenen Generatoren k\u00f6nnen sogar unterschiedliche Einstellungen verwenden, um zum Beispiel mehr oder weniger Energie an einen Behandlungsbereich zu liefern, ohne zwischendurch eine Neukalibrierung durchf\u00fchren zu m\u00fcssen.<\/p>\n\n\n\n<div class=\"wp-block-fcs-core-spacer u-padding-xxs-lg u-padding-xs\"><\/div>\n\n\n\n<p><strong>Komfort:<\/strong> Im Gegensatz zu einigen vorprogrammierten Kavitationssystemen ist die Leistung des Viridex\u00aeUS-Generators in Schritten von 5&nbsp;% einstellbar, was wichtig ist, um m\u00f6gliche Empfindlichkeiten gegen\u00fcber Ultraschallenergie auszuschlie\u00dfen. Neben dem standardm\u00e4\u00dfigen \u201ekontinuierlichen\u201c Modus bietet das Ger\u00e4t auch drei \u201ePuls\u201c-Modi f\u00fcr Patienten, die den Tinnitus-Effekt f\u00fcr l\u00e4ngere Zeit als zu unangenehm empfinden.<\/p>\n\n\n\n<div class=\"wp-block-fcs-core-spacer u-padding-xs-lg u-padding-xs\"><\/div>\n\n\n\n<h3 class=\"wp-block-heading has-secondary-color has-text-color\"><strong>Technische Spezifikationen<\/strong><\/h3>\n\n\n\n<p>Maximale Leistung: 2 W\/cm<sup>2<\/sup><br>Eingangsleistung: 110\u2013240&nbsp;VAC<br>Eingangsfrequenz: 50\u201360&nbsp;Hz<br>Frequenz: 28\u201332 kHz<br>Ma\u00dfe: (B) 360&nbsp;mm x (T) 280&nbsp;mm x (H) 120&nbsp;mm<br>Stromversorgung: 110\u2013230&nbsp;V\/50-60&nbsp;Hz<br>Max. Eingangsleistung: 125&nbsp;VA<br>Max. Strom pro Anschluss: 6&nbsp;A<br>Anschluss: max. 12&nbsp;Ultraschallplatten (3&nbsp;Transducer\/Platte)<\/p>\n\n\n\n<p><strong>Produktref: <\/strong>00VIRIDEXUS<\/p>\n<\/div>\n<\/div>\n\n\n\n<div class=\"wp-block-fcs-core-spacer u-padding-xl-lg u-padding-md\"><\/div>\n<\/div>\n\n\n\n<div class=\"wp-block-group has-secondary-background-color has-background\"><div class=\"wp-block-group__inner-container is-layout-constrained wp-block-group-is-layout-constrained\">\n<div class=\"wp-block-fcs-core-spacer u-padding-md-lg u-padding-md\"><\/div>\n\n\n\n<div class=\"wp-block-fcs-core-container o-container\">\n<figure class=\"wp-block-image size-full is-resized\"><img loading=\"lazy\" decoding=\"async\" src=\"https:\/\/fcaresystems.com\/wp-content\/uploads\/2022\/11\/icon-doctor-white.svg\" alt=\"\" class=\"wp-image-392\" width=\"46\" height=\"48\"\/><\/figure>\n\n\n\n<div class=\"wp-block-fcs-core-spacer u-padding-xxs-lg u-padding-sm\"><\/div>\n\n\n\n<div class=\"wp-block-columns is-layout-flex wp-container-core-columns-is-layout-9d6595d7 wp-block-columns-is-layout-flex\">\n<div class=\"wp-block-column is-layout-flow wp-block-column-is-layout-flow\" style=\"flex-basis:54%\">\n<h2 class=\"wp-block-heading u-margin-none has-white-color has-text-color\">Ich brauche dies f\u00fcr meine Praxis<\/h2>\n\n\n\n<div class=\"wp-block-fcs-core-spacer u-padding-xxs-lg u-padding-xs\"><\/div>\n<\/div>\n\n\n\n<div class=\"wp-block-column is-vertically-aligned-bottom is-layout-flow wp-block-column-is-layout-flow\">\n<div class=\"wp-block-buttons is-content-justification-left is-layout-flex wp-container-core-buttons-is-layout-fdcfc74e wp-block-buttons-is-layout-flex\">\n<div class=\"wp-block-button alignright\"><a class=\"wp-block-button__link has-primary-background-color has-background wp-element-button\" href=\"https:\/\/fcaresystems.com\/de\/produkte\/bestellungen\/\">Dieses Produkt bestellen<\/a><\/div>\n\n\n\n<div class=\"wp-block-button alignright is-style-outline is-style-outline--1\"><a class=\"wp-block-button__link has-white-color has-text-color wp-element-button\" href=\"https:\/\/fcaresystems.com\/de\/produkte\/\">alle Produkte anzeigen<\/a><\/div>\n<\/div>\n<\/div>\n<\/div>\n<\/div>\n\n\n\n<div class=\"wp-block-fcs-core-spacer u-padding-md-lg u-padding-md\"><\/div>\n<\/div><\/div>\n\n\n\n<div class=\"wp-block-fcs-core-spacer u-padding-xl-lg u-padding-md\"><\/div>\n\n\n\n<div class=\"wp-block-fcs-core-container o-container\">\n<h2 class=\"wp-block-heading is-style-underline has-secondary-color has-text-color\">Verbundene Behandlung<\/h2>\n\n\n\n<div class=\"wp-block-fcs-core-spacer u-padding-xs-lg u-padding-sm\"><\/div>\n\n\n\n<div class=\"wp-block-columns is-layout-flex wp-container-core-columns-is-layout-9d6595d7 wp-block-columns-is-layout-flex\">\n<div class=\"wp-block-column is-layout-flow wp-block-column-is-layout-flow\">\n<h3 class=\"wp-block-heading has-secondary-color has-text-color\">Ultraschallkavitation gegen Cellulite<\/h3>\n\n\n\n<p>Erfahren Sie mehr dar\u00fcber, wie die Ultraschallenergie eingesetzt wird, um Cellulite sicher und ohne Ausfallzeiten zu beseitigen.<\/p>\n\n\n\n<div class=\"wp-block-fcs-core-spacer u-padding-xs-lg u-padding-sm\"><\/div>\n\n\n\n<div class=\"wp-block-buttons is-layout-flex wp-block-buttons-is-layout-flex\">\n<div class=\"wp-block-button is-style-fill\"><a class=\"wp-block-button__link has-white-color has-primary-background-color has-text-color has-background wp-element-button\" href=\"https:\/\/fcaresystems.com\/de\/minimalinvasive-behandlungen\/aesthetische-dermatologie\/ultraschallkavitation\/\">Mehr \u00fcber Ultraschallkavitation<\/a><\/div>\n<\/div>\n<\/div>\n\n\n\n<div class=\"wp-block-column is-layout-flow wp-block-column-is-layout-flow\"><\/div>\n<\/div>\n<\/div>\n\n\n\n<div class=\"wp-block-fcs-core-spacer u-padding-xxl-lg u-padding-md\"><\/div>\n","protected":false},"excerpt":{"rendered":"<p>Insbesondere f\u00fcr die Ultraschallkavitation bei st\u00f6render Cellulite.<\/p>\n","protected":false},"author":1,"featured_media":6011,"parent":7734,"menu_order":0,"comment_status":"closed","ping_status":"closed","template":"","meta":{"_color_hex":"","_color_slug":"","footnotes":""},"class_list":["post-7799","page","type-page","status-publish","has-post-thumbnail","hentry"],"yoast_head":"<!-- This site is optimized with the Yoast SEO plugin v27.0 - https:\/\/yoast.com\/product\/yoast-seo-wordpress\/ -->\n<title>Viridex\u00aeUS-Generator | F Care Systems<\/title>\n<meta name=\"description\" content=\"Details zum Viridex\u00aeUS, einem vielseitigen und innovativen Generator zur Behandlung von Cellulite durch Ultraschallkavitation.\" \/>\n<meta name=\"robots\" content=\"index, follow, max-snippet:-1, max-image-preview:large, max-video-preview:-1\" \/>\n<link rel=\"canonical\" href=\"https:\/\/fcaresystems.com\/de\/produkte\/generatoren\/viridex-us-ultraschallgenerator\/\" \/>\n<meta property=\"og:locale\" content=\"de_DE\" \/>\n<meta property=\"og:type\" content=\"article\" \/>\n<meta property=\"og:title\" content=\"Viridex\u00aeUS-Generator | F Care Systems\" \/>\n<meta property=\"og:description\" content=\"Details zum Viridex\u00aeUS, einem vielseitigen und innovativen Generator zur Behandlung von Cellulite durch Ultraschallkavitation.\" \/>\n<meta property=\"og:url\" content=\"https:\/\/fcaresystems.com\/de\/produkte\/generatoren\/viridex-us-ultraschallgenerator\/\" \/>\n<meta property=\"og:site_name\" content=\"F Care Systems\" \/>\n<meta property=\"article:modified_time\" content=\"2023-07-07T07:52:29+00:00\" \/>\n<meta property=\"og:image\" content=\"https:\/\/fcaresystems.com\/wp-content\/uploads\/2023\/01\/00VIRIDEXUS_Viridex-US-generator_01-1.jpg\" \/>\n\t<meta property=\"og:image:width\" content=\"1080\" \/>\n\t<meta property=\"og:image:height\" content=\"810\" \/>\n\t<meta property=\"og:image:type\" content=\"image\/jpeg\" \/>\n<meta name=\"twitter:card\" content=\"summary_large_image\" \/>\n<meta name=\"twitter:label1\" content=\"Gesch\u00e4tzte Lesezeit\" \/>\n\t<meta name=\"twitter:data1\" content=\"2\u00a0Minuten\" \/>\n<script type=\"application\/ld+json\" class=\"yoast-schema-graph\">{\"@context\":\"https:\/\/schema.org\",\"@graph\":[{\"@type\":\"WebPage\",\"@id\":\"https:\/\/fcaresystems.com\/de\/produkte\/generatoren\/viridex-us-ultraschallgenerator\/\",\"url\":\"https:\/\/fcaresystems.com\/de\/produkte\/generatoren\/viridex-us-ultraschallgenerator\/\",\"name\":\"Viridex\u00aeUS-Generator | F Care Systems\",\"isPartOf\":{\"@id\":\"https:\/\/fcaresystems.com\/de\/#website\"},\"primaryImageOfPage\":{\"@id\":\"https:\/\/fcaresystems.com\/de\/produkte\/generatoren\/viridex-us-ultraschallgenerator\/#primaryimage\"},\"image\":{\"@id\":\"https:\/\/fcaresystems.com\/de\/produkte\/generatoren\/viridex-us-ultraschallgenerator\/#primaryimage\"},\"thumbnailUrl\":\"https:\/\/fcaresystems.com\/wp-content\/uploads\/2023\/01\/00VIRIDEXUS_Viridex-US-generator_01-1.jpg\",\"datePublished\":\"2022-11-18T09:18:45+00:00\",\"dateModified\":\"2023-07-07T07:52:29+00:00\",\"description\":\"Details zum Viridex\u00aeUS, einem vielseitigen und innovativen Generator zur Behandlung von Cellulite durch Ultraschallkavitation.\",\"breadcrumb\":{\"@id\":\"https:\/\/fcaresystems.com\/de\/produkte\/generatoren\/viridex-us-ultraschallgenerator\/#breadcrumb\"},\"inLanguage\":\"de\",\"potentialAction\":[{\"@type\":\"ReadAction\",\"target\":[\"https:\/\/fcaresystems.com\/de\/produkte\/generatoren\/viridex-us-ultraschallgenerator\/\"]}]},{\"@type\":\"ImageObject\",\"inLanguage\":\"de\",\"@id\":\"https:\/\/fcaresystems.com\/de\/produkte\/generatoren\/viridex-us-ultraschallgenerator\/#primaryimage\",\"url\":\"https:\/\/fcaresystems.com\/wp-content\/uploads\/2023\/01\/00VIRIDEXUS_Viridex-US-generator_01-1.jpg\",\"contentUrl\":\"https:\/\/fcaresystems.com\/wp-content\/uploads\/2023\/01\/00VIRIDEXUS_Viridex-US-generator_01-1.jpg\",\"width\":1080,\"height\":810,\"caption\":\"Viridex\u00aeUS ultrasound cavitation\"},{\"@type\":\"BreadcrumbList\",\"@id\":\"https:\/\/fcaresystems.com\/de\/produkte\/generatoren\/viridex-us-ultraschallgenerator\/#breadcrumb\",\"itemListElement\":[{\"@type\":\"ListItem\",\"position\":1,\"name\":\"Home\",\"item\":\"https:\/\/fcaresystems.com\/de\/\"},{\"@type\":\"ListItem\",\"position\":2,\"name\":\"Produkte\",\"item\":\"https:\/\/fcaresystems.com\/de\/produkte\/\"},{\"@type\":\"ListItem\",\"position\":3,\"name\":\"Generatoren\",\"item\":\"https:\/\/fcaresystems.com\/de\/produkte\/generatoren\/\"},{\"@type\":\"ListItem\",\"position\":4,\"name\":\"Viridex\u00aeUS-Generator\"}]},{\"@type\":\"WebSite\",\"@id\":\"https:\/\/fcaresystems.com\/de\/#website\",\"url\":\"https:\/\/fcaresystems.com\/de\/\",\"name\":\"F Care Systems\",\"description\":\"\",\"publisher\":{\"@id\":\"https:\/\/fcaresystems.com\/de\/#organization\"},\"potentialAction\":[{\"@type\":\"SearchAction\",\"target\":{\"@type\":\"EntryPoint\",\"urlTemplate\":\"https:\/\/fcaresystems.com\/de\/?s={search_term_string}\"},\"query-input\":{\"@type\":\"PropertyValueSpecification\",\"valueRequired\":true,\"valueName\":\"search_term_string\"}}],\"inLanguage\":\"de\"},{\"@type\":\"Organization\",\"@id\":\"https:\/\/fcaresystems.com\/de\/#organization\",\"name\":\"F Care Systems\",\"url\":\"https:\/\/fcaresystems.com\/de\/\",\"logo\":{\"@type\":\"ImageObject\",\"inLanguage\":\"de\",\"@id\":\"https:\/\/fcaresystems.com\/de\/#\/schema\/logo\/image\/\",\"url\":\"https:\/\/fcaresystems.com\/wp-content\/uploads\/2022\/11\/logo-2.svg\",\"contentUrl\":\"https:\/\/fcaresystems.com\/wp-content\/uploads\/2022\/11\/logo-2.svg\",\"caption\":\"F Care Systems\"},\"image\":{\"@id\":\"https:\/\/fcaresystems.com\/de\/#\/schema\/logo\/image\/\"}}]}<\/script>\n<!-- \/ Yoast SEO plugin. -->","yoast_head_json":{"title":"Viridex\u00aeUS-Generator | F Care Systems","description":"Details zum Viridex\u00aeUS, einem vielseitigen und innovativen Generator zur Behandlung von Cellulite durch Ultraschallkavitation.","robots":{"index":"index","follow":"follow","max-snippet":"max-snippet:-1","max-image-preview":"max-image-preview:large","max-video-preview":"max-video-preview:-1"},"canonical":"https:\/\/fcaresystems.com\/de\/produkte\/generatoren\/viridex-us-ultraschallgenerator\/","og_locale":"de_DE","og_type":"article","og_title":"Viridex\u00aeUS-Generator | F Care Systems","og_description":"Details zum Viridex\u00aeUS, einem vielseitigen und innovativen Generator zur Behandlung von Cellulite durch Ultraschallkavitation.","og_url":"https:\/\/fcaresystems.com\/de\/produkte\/generatoren\/viridex-us-ultraschallgenerator\/","og_site_name":"F Care Systems","article_modified_time":"2023-07-07T07:52:29+00:00","og_image":[{"width":1080,"height":810,"url":"https:\/\/fcaresystems.com\/wp-content\/uploads\/2023\/01\/00VIRIDEXUS_Viridex-US-generator_01-1.jpg","type":"image\/jpeg"}],"twitter_card":"summary_large_image","twitter_misc":{"Gesch\u00e4tzte Lesezeit":"2\u00a0Minuten"},"schema":{"@context":"https:\/\/schema.org","@graph":[{"@type":"WebPage","@id":"https:\/\/fcaresystems.com\/de\/produkte\/generatoren\/viridex-us-ultraschallgenerator\/","url":"https:\/\/fcaresystems.com\/de\/produkte\/generatoren\/viridex-us-ultraschallgenerator\/","name":"Viridex\u00aeUS-Generator | F Care Systems","isPartOf":{"@id":"https:\/\/fcaresystems.com\/de\/#website"},"primaryImageOfPage":{"@id":"https:\/\/fcaresystems.com\/de\/produkte\/generatoren\/viridex-us-ultraschallgenerator\/#primaryimage"},"image":{"@id":"https:\/\/fcaresystems.com\/de\/produkte\/generatoren\/viridex-us-ultraschallgenerator\/#primaryimage"},"thumbnailUrl":"https:\/\/fcaresystems.com\/wp-content\/uploads\/2023\/01\/00VIRIDEXUS_Viridex-US-generator_01-1.jpg","datePublished":"2022-11-18T09:18:45+00:00","dateModified":"2023-07-07T07:52:29+00:00","description":"Details zum Viridex\u00aeUS, einem vielseitigen und innovativen Generator zur Behandlung von Cellulite durch Ultraschallkavitation.","breadcrumb":{"@id":"https:\/\/fcaresystems.com\/de\/produkte\/generatoren\/viridex-us-ultraschallgenerator\/#breadcrumb"},"inLanguage":"de","potentialAction":[{"@type":"ReadAction","target":["https:\/\/fcaresystems.com\/de\/produkte\/generatoren\/viridex-us-ultraschallgenerator\/"]}]},{"@type":"ImageObject","inLanguage":"de","@id":"https:\/\/fcaresystems.com\/de\/produkte\/generatoren\/viridex-us-ultraschallgenerator\/#primaryimage","url":"https:\/\/fcaresystems.com\/wp-content\/uploads\/2023\/01\/00VIRIDEXUS_Viridex-US-generator_01-1.jpg","contentUrl":"https:\/\/fcaresystems.com\/wp-content\/uploads\/2023\/01\/00VIRIDEXUS_Viridex-US-generator_01-1.jpg","width":1080,"height":810,"caption":"Viridex\u00aeUS ultrasound cavitation"},{"@type":"BreadcrumbList","@id":"https:\/\/fcaresystems.com\/de\/produkte\/generatoren\/viridex-us-ultraschallgenerator\/#breadcrumb","itemListElement":[{"@type":"ListItem","position":1,"name":"Home","item":"https:\/\/fcaresystems.com\/de\/"},{"@type":"ListItem","position":2,"name":"Produkte","item":"https:\/\/fcaresystems.com\/de\/produkte\/"},{"@type":"ListItem","position":3,"name":"Generatoren","item":"https:\/\/fcaresystems.com\/de\/produkte\/generatoren\/"},{"@type":"ListItem","position":4,"name":"Viridex\u00aeUS-Generator"}]},{"@type":"WebSite","@id":"https:\/\/fcaresystems.com\/de\/#website","url":"https:\/\/fcaresystems.com\/de\/","name":"F Care Systems","description":"","publisher":{"@id":"https:\/\/fcaresystems.com\/de\/#organization"},"potentialAction":[{"@type":"SearchAction","target":{"@type":"EntryPoint","urlTemplate":"https:\/\/fcaresystems.com\/de\/?s={search_term_string}"},"query-input":{"@type":"PropertyValueSpecification","valueRequired":true,"valueName":"search_term_string"}}],"inLanguage":"de"},{"@type":"Organization","@id":"https:\/\/fcaresystems.com\/de\/#organization","name":"F Care Systems","url":"https:\/\/fcaresystems.com\/de\/","logo":{"@type":"ImageObject","inLanguage":"de","@id":"https:\/\/fcaresystems.com\/de\/#\/schema\/logo\/image\/","url":"https:\/\/fcaresystems.com\/wp-content\/uploads\/2022\/11\/logo-2.svg","contentUrl":"https:\/\/fcaresystems.com\/wp-content\/uploads\/2022\/11\/logo-2.svg","caption":"F Care Systems"},"image":{"@id":"https:\/\/fcaresystems.com\/de\/#\/schema\/logo\/image\/"}}]}},"_links":{"self":[{"href":"https:\/\/fcaresystems.com\/de\/wp-json\/wp\/v2\/pages\/7799","targetHints":{"allow":["GET"]}}],"collection":[{"href":"https:\/\/fcaresystems.com\/de\/wp-json\/wp\/v2\/pages"}],"about":[{"href":"https:\/\/fcaresystems.com\/de\/wp-json\/wp\/v2\/types\/page"}],"author":[{"embeddable":true,"href":"https:\/\/fcaresystems.com\/de\/wp-json\/wp\/v2\/users\/1"}],"replies":[{"embeddable":true,"href":"https:\/\/fcaresystems.com\/de\/wp-json\/wp\/v2\/comments?post=7799"}],"version-history":[{"count":11,"href":"https:\/\/fcaresystems.com\/de\/wp-json\/wp\/v2\/pages\/7799\/revisions"}],"predecessor-version":[{"id":12315,"href":"https:\/\/fcaresystems.com\/de\/wp-json\/wp\/v2\/pages\/7799\/revisions\/12315"}],"up":[{"embeddable":true,"href":"https:\/\/fcaresystems.com\/de\/wp-json\/wp\/v2\/pages\/7734"}],"wp:featuredmedia":[{"embeddable":true,"href":"https:\/\/fcaresystems.com\/de\/wp-json\/wp\/v2\/media\/6011"}],"wp:attachment":[{"href":"https:\/\/fcaresystems.com\/de\/wp-json\/wp\/v2\/media?parent=7799"}],"curies":[{"name":"wp","href":"https:\/\/api.w.org\/{rel}","templated":true}]}}