{"id":7790,"date":"2022-11-18T10:18:26","date_gmt":"2022-11-18T09:18:26","guid":{"rendered":"https:\/\/fcaresystems.com\/produkte\/generatoren\/viridex-rf-generator\/"},"modified":"2023-12-22T10:48:14","modified_gmt":"2023-12-22T09:48:14","slug":"viridex-rf-generator","status":"publish","type":"page","link":"https:\/\/fcaresystems.com\/de\/produkte\/generatoren\/viridex-rf-generator\/","title":{"rendered":"Viridex\u00aeRF-Generator"},"content":{"rendered":"\n<div class=\"wp-block-fcs-core-container o-container\">\n<div class=\"wp-block-fcs-core-spacer u-padding-md-lg u-padding-md\"><\/div>\n\n\n\n<div class=\"wp-block-group c-breadcrumb\"><div class=\"wp-block-group__inner-container is-layout-flow wp-block-group-is-layout-flow\"><span><span><a href=\"https:\/\/fcaresystems.com\/de\/\">Home<\/a><\/span><\/span>\n<\/div><\/div>\n\n\n\n<div class=\"wp-block-fcs-core-spacer u-padding-md-lg u-padding-md\"><\/div>\n\n\n\n<div class=\"wp-block-columns is-style-largegap is-layout-flex wp-container-core-columns-is-layout-9d6595d7 wp-block-columns-is-layout-flex\">\n<div class=\"wp-block-column is-layout-flow wp-block-column-is-layout-flow\"><div class=\"c-slider-gallery\"><div class=\"c-slider-wrapper\"><div class=\"c-slider c-slider-slick c-slider-slick-for o-block\" ref=\"slickSlide\"><a data-fancybox=\"gallery\" data-caption=\"Viridex\u00aeRF skin treatments\" href=\"https:\/\/fcaresystems.com\/wp-content\/uploads\/2023\/01\/00VIRIDEXRF_Viridex-RF-generator_01-1.jpg\"><img decoding=\"async\" src=\"https:\/\/fcaresystems.com\/wp-content\/uploads\/2023\/01\/00VIRIDEXRF_Viridex-RF-generator_01-1.jpg\" title=\"Viridex\u00aeRF skin treatments\"  \/><\/a><a data-fancybox=\"gallery\" data-caption=\"Viridex\u00aeRF skin treatment device\" href=\"https:\/\/fcaresystems.com\/wp-content\/uploads\/2022\/11\/Viridex-RF-skin-treatment-device-2.jpg\"><img decoding=\"async\" src=\"https:\/\/fcaresystems.com\/wp-content\/uploads\/2022\/11\/Viridex-RF-skin-treatment-device-2.jpg\" title=\"Viridex\u00aeRF skin treatment device\"  \/><\/a><a data-fancybox=\"gallery\" data-caption=\"Viridex\u00aeRF skin therapy\" href=\"https:\/\/fcaresystems.com\/wp-content\/uploads\/2022\/11\/Viridex-RF-skin-therapy-1.jpg\"><img decoding=\"async\" src=\"https:\/\/fcaresystems.com\/wp-content\/uploads\/2022\/11\/Viridex-RF-skin-therapy-1.jpg\" title=\"Viridex\u00aeRF skin therapy\"  \/><\/a><\/div><\/div><div class=\"c-slider-nav-container\"><div class=\"c-slider c-slider-slick c-slider-slick-nav u-margin-top-sm\" ref=\"slickNav\"><div><img decoding=\"async\" class=\"\" src=\"https:\/\/fcaresystems.com\/wp-content\/uploads\/2023\/01\/00VIRIDEXRF_Viridex-RF-generator_01-1.jpg\" srcset=\"\" alt=\"\" \/><\/div><div><img decoding=\"async\" class=\"\" src=\"https:\/\/fcaresystems.com\/wp-content\/uploads\/2022\/11\/Viridex-RF-skin-treatment-device-2.jpg\" srcset=\"\" alt=\"\" \/><\/div><div><img decoding=\"async\" class=\"\" src=\"https:\/\/fcaresystems.com\/wp-content\/uploads\/2022\/11\/Viridex-RF-skin-therapy-1.jpg\" srcset=\"\" alt=\"\" \/><\/div><\/div><\/div><\/div>\n\n\n<div class=\"wp-block-fcs-core-spacer u-padding-md-lg u-padding-md\"><\/div>\n\n\n\n<h3 class=\"wp-block-heading has-secondary-color has-text-color\"><strong>Technische Spezifikationen<\/strong><\/h3>\n\n\n\n<p>Technologie: monopolarer RF-Generator<br>Ausgangsfrequenz:&nbsp; 4&nbsp;MHz<br>Ma\u00dfe: (B) 360&nbsp;mm x (T) 280&nbsp;mm x (H) 120&nbsp;mm<br>Stromversorgung:&nbsp; 115\u2013230&nbsp;V\/50-60&nbsp;Hz<br>Max. Eingangsleistung:&nbsp; 125&nbsp;VA<br>Ausgangseinstellung:&nbsp; 25&nbsp;W<br>Gewicht: \u00b1 4kg<\/p>\n\n\n\n<p><strong>Produktref: <\/strong>00VIRIDEXRF<\/p>\n\n\n\n<div class=\"wp-block-fcs-core-spacer u-padding-sm-lg u-padding-md\"><\/div>\n<\/div>\n\n\n\n<div class=\"wp-block-column is-layout-flow wp-block-column-is-layout-flow\">\n<figure class=\"wp-block-image size-full is-resized\"><img decoding=\"async\" src=\"https:\/\/fcaresystems.com\/wp-content\/uploads\/2022\/11\/Viridex-RF.svg\" alt=\"\" class=\"wp-image-1058\" style=\"width:137px;height:24px\"\/><\/figure>\n\n\n\n<div class=\"wp-block-fcs-core-spacer u-padding-xs-lg u-padding-xs\"><\/div>\n\n\n\n<h1 class=\"wp-block-heading has-secondary-color has-text-color\">Viridex\u00aeRF Generator f\u00fcr die Hauttherapie<\/h1>\n\n\n\n<p>Kryochirurgie? Laserchirurgie? Elektrokauterisation? UV-Therapie? Inmitten der st\u00e4ndig wachsenden Bandbreite an Behandlungsans\u00e4tzen fragen sich kleinere Praxen f\u00fcr <mark style=\"background-color:rgba(0, 0, 0, 0)\" class=\"has-inline-color has-primary-color\"><a href=\"https:\/\/fcaresystems.com\/de\/minimalinvasive-behandlungen\/aesthetische-dermatologie\/rf-hauttherapie\/\">kosmetische Dermatologie<\/a><\/mark> h\u00e4ufig, wo sie anfangen sollen. Selbst nachdem die oft betr\u00e4chtlichen anf\u00e4nglichen Investitionen gemeistert sind, m\u00fcssen die Kosten f\u00fcr Wartung und Verbrauchsmaterialien einer schwindelerregenden Zahl unterschiedlicher Instrumente bew\u00e4ltigt werden, ganz zu schweigen von den Zeit- und Arbeitskosten, die mit der Schulung aller Mitarbeiter in den neuen Verfahren verbunden sind. Die Spezialisierung auf eine Handvoll Hautbehandlungen ist nat\u00fcrlich eine L\u00f6sung, aber nur wenige Praxen haben den Luxus, ihren potenziellen Patientenpool auf diese Weise zu begrenzen.<\/p>\n\n\n\n<p>Wir bei F Care Systems m\u00f6chten, dass kosmetische Dermatologen alles behandeln k\u00f6nnen. Deshalb freuen wir uns, Ihnen Viridex\u00aeRF vorzustellen: eine Komplettl\u00f6sung f\u00fcr alle Aspekte rund um die Hochfrequenzenergie. Mithilfe gezielter Hochfrequenzenergie und einer Auswahl speziell entwickelter Mikronadeln k\u00f6nnen Dermatologen zahlreiche Hauterkrankungen behandeln, einschlie\u00dflich (aber nicht beschr\u00e4nkt auf):<\/p>\n\n\n\n<ul class=\"wp-block-list\">\n<li>Faltenbildung<\/li>\n\n\n\n<li>Dehnungsstreifen<\/li>\n\n\n\n<li>Altersflecken<\/li>\n\n\n\n<li>Angiome<\/li>\n\n\n\n<li>Rosacea<\/li>\n\n\n\n<li>Fibrome<\/li>\n\n\n\n<li>Stielwarzen<\/li>\n\n\n\n<li>Besenreiser<\/li>\n<\/ul>\n\n\n\n<p>Rufen Sie einfach die entsprechende Behandlung auf dem Touchscreen-Display auf und Viridex RF wendet automatisch die voreingestellten Standardparameter an, die Sie an die individuelle Anatomie Ihres Patienten anpassen k\u00f6nnen.<\/p>\n\n\n\n<div class=\"wp-block-fcs-core-spacer u-padding-sm-lg u-padding-xs\"><\/div>\n<\/div>\n<\/div>\n\n\n\n<figure class=\"wp-block-table\"><table><thead><tr><th><strong>Behandlungsart<\/strong><\/th><th>Strom<\/th><th><strong>Pulsdauer<\/strong><\/th><th><strong>Nadeln<\/strong><\/th><\/tr><\/thead><tbody><tr><td>Teleangiektasien (Gesicht)<br>\u00d8 max. 0,3&nbsp;mm<\/td><td>5 Watt<\/td><td>0,2 s<\/td><td><br>K3i (0,075 mm)<\/td><\/tr><tr><td>Teleangiektasien (Beine)<br>\u00d8 max. 1&nbsp;mm<\/td><td>8&nbsp;Watt (5\u201312&nbsp;Watt je nach Venengr\u00f6\u00dfe und Hauttyp)<\/td><td>0,3 s<\/td><td>K6i (0,150 mm)<\/td><\/tr><tr><td>Haarentfernung<\/td><td>8 Watt<\/td><td>0,2 s<\/td><td>K3i (0,075 mm)<\/td><\/tr><tr><td>Faltenbildung<\/td><td>10 Watt<\/td><td>kontinuierlich<\/td><td>K3i (0,075 mm)<\/td><\/tr><tr><td>Fibrome<\/td><td>13 Watt<\/td><td>0,3 s<\/td><td>K6i (0,150 mm)<\/td><\/tr><tr><td>Angiome<\/td><td>8 Watt<\/td><td>0,3 s<\/td><td>K6i (0,150 mm)<\/td><\/tr><tr><td>Altersflecken<\/td><td>6&nbsp;Watt<br>(6&nbsp;Watt bis 15&nbsp;Watt je nach Hauttyp, Fleckengr\u00f6\u00dfe und F\u00e4rbung)<\/td><td>0,5 s<\/td><td>L-f\u00f6rmige Nadel<\/td><\/tr><tr><td>Dehnungsstreifen<\/td><td>6 Watt<\/td><td>kontinuierlich<\/td><td>K6i (0,150 mm)<\/td><\/tr><\/tbody><\/table><\/figure>\n\n\n\n<div class=\"wp-block-fcs-core-spacer u-padding-xl-lg u-padding-md\"><\/div>\n<\/div>\n\n\n\n<div class=\"wp-block-group has-secondary-background-color has-background\"><div class=\"wp-block-group__inner-container is-layout-constrained wp-block-group-is-layout-constrained\">\n<div class=\"wp-block-fcs-core-spacer u-padding-md-lg u-padding-md\"><\/div>\n\n\n\n<div class=\"wp-block-fcs-core-container o-container\">\n<figure class=\"wp-block-image size-full is-resized\"><img decoding=\"async\" src=\"https:\/\/fcaresystems.com\/wp-content\/uploads\/2022\/11\/icon-doctor-white.svg\" alt=\"\" class=\"wp-image-392\" style=\"width:46px;height:48px\"\/><\/figure>\n\n\n\n<div class=\"wp-block-fcs-core-spacer u-padding-xxs-lg u-padding-sm\"><\/div>\n\n\n\n<div class=\"wp-block-columns is-layout-flex wp-container-core-columns-is-layout-9d6595d7 wp-block-columns-is-layout-flex\">\n<div class=\"wp-block-column is-layout-flow wp-block-column-is-layout-flow\" style=\"flex-basis:54%\">\n<h2 class=\"wp-block-heading u-margin-none has-white-color has-text-color\">Ich brauche dies f\u00fcr meine Praxis<\/h2>\n\n\n\n<div class=\"wp-block-fcs-core-spacer u-padding-xxs-lg u-padding-xs\"><\/div>\n<\/div>\n\n\n\n<div class=\"wp-block-column is-vertically-aligned-bottom is-layout-flow wp-block-column-is-layout-flow\">\n<div class=\"wp-block-buttons is-content-justification-left is-layout-flex wp-container-core-buttons-is-layout-fdcfc74e wp-block-buttons-is-layout-flex\">\n<div class=\"wp-block-button alignright\"><a class=\"wp-block-button__link has-primary-background-color has-background wp-element-button\" href=\"https:\/\/fcaresystems.com\/de\/produkte\/bestellungen\/\">dieses Produkt bestellen<\/a><\/div>\n\n\n\n<div class=\"wp-block-button alignright is-style-outline is-style-outline--1\"><a class=\"wp-block-button__link has-white-color has-text-color wp-element-button\" href=\"https:\/\/fcaresystems.com\/de\/produkte\/\">alle Produkte anzeigen<\/a><\/div>\n<\/div>\n<\/div>\n<\/div>\n<\/div>\n\n\n\n<div class=\"wp-block-fcs-core-spacer u-padding-md-lg u-padding-md\"><\/div>\n<\/div><\/div>\n\n\n\n<div class=\"wp-block-fcs-core-spacer u-padding-xl-lg u-padding-md\"><\/div>\n\n\n\n<div class=\"wp-block-fcs-core-container o-container\">\n<h2 class=\"wp-block-heading is-style-underline has-secondary-color has-text-color\">Zugeh\u00f6rige Verbrauchsmaterialien<\/h2>\n\n\n\n<div class=\"wp-block-fcs-core-spacer u-padding-xs-lg u-padding-xs\"><\/div>\n\n\n\n<div class=\"o-grid o-grid-3-lg o-grid-gap-s\"><div class=\"c-card__wrapper\">\n    <a href=\"https:\/\/fcaresystems.com\/de\/produkte\/verbrauchsmaterialien\/rf-nadeln\/\" class=\"c-card c-card--product\">\n    <figure>\n    <img decoding=\"async\" src=\"https:\/\/fcaresystems.com\/wp-content\/uploads\/2022\/11\/needle-holder-skin-therapy.jpg\" alt=\"\" title=\"\" width=\"1080\" height=\"810\" loading=\"lazy\" \/>\n    <\/figure>\n        <div class=\"u-padding-sm o-flex o-flex-column o-flex-justify-content-between o-flex-grow\">\n            <div>\n                <h3>RF-Nadeln und Nadelhalterung<\/h3>\n                <p>Ultrafeine Nadeln f\u00fcr die Durchf\u00fchrung filigraner dermatologischer Eingriffe.<\/p>\n            <\/div>\n            <p class=\"c-button-link c-button-link--icon u-margin-none\">Weiterlesen<\/p>\n        <\/div>\n    <\/a>\n<\/div><\/div>\n\n\n\n<div class=\"wp-block-fcs-core-spacer u-padding-xl-lg u-padding-md\"><\/div>\n\n\n\n<h2 class=\"wp-block-heading is-style-underline has-secondary-color has-text-color\">Verbundene Behandlungen<\/h2>\n\n\n\n<div class=\"wp-block-fcs-core-spacer u-padding-xs-lg u-padding-sm\"><\/div>\n\n\n\n<div class=\"wp-block-columns is-layout-flex wp-container-core-columns-is-layout-9d6595d7 wp-block-columns-is-layout-flex\">\n<div class=\"wp-block-column is-layout-flow wp-block-column-is-layout-flow\">\n<h3 class=\"wp-block-heading has-secondary-color has-text-color\">\u00c4sthetische Dermatologie | RF-Hauttherapie<\/h3>\n\n\n\n<p>Die Parametervoreinstellungen des Viridex RF erm\u00f6glichen die minimalinvasive Behandlung zahlreicher Hauterkrankungen auf Knopfdruck. <br>F\u00fcr weitere Informationen \u00fcber RF-Anwendungen in der \u00e4sthetischen Dermatologie klicken Sie bitte hier:<\/p>\n\n\n\n<div class=\"wp-block-buttons is-layout-flex wp-block-buttons-is-layout-flex\">\n<div class=\"wp-block-button\"><a class=\"wp-block-button__link has-primary-background-color has-background wp-element-button\" href=\"https:\/\/fcaresystems.com\/de\/minimalinvasive-behandlungen\/aesthetische-dermatologie\/rf-hauttherapie\/\">\u00c4sthetische Dermatologie<\/a><\/div>\n<\/div>\n<\/div>\n\n\n\n<div class=\"wp-block-column is-layout-flow wp-block-column-is-layout-flow\">\n<div class=\"wp-block-fcs-core-spacer u-padding-xs-lg u-padding-sm\"><\/div>\n<\/div>\n<\/div>\n<\/div>\n\n\n\n<div class=\"wp-block-fcs-core-spacer u-padding-xxl-lg u-padding-md\"><\/div>\n","protected":false},"excerpt":{"rendered":"<p>Bietet eine Vielzahl von Plug-and-Play-Voreinstellungen speziell f\u00fcr die \u00e4sthetische Dermatologie.<\/p>\n","protected":false},"author":1,"featured_media":6007,"parent":7734,"menu_order":0,"comment_status":"closed","ping_status":"closed","template":"","meta":{"_color_hex":"","_color_slug":"","footnotes":""},"class_list":["post-7790","page","type-page","status-publish","has-post-thumbnail","hentry"],"yoast_head":"<!-- This site is optimized with the Yoast SEO plugin v27.0 - https:\/\/yoast.com\/product\/yoast-seo-wordpress\/ -->\n<title>Viridex\u00aeRF-Generator | F Care Systems<\/title>\n<meta name=\"description\" content=\"Der Viridex\u00aeRF ist ein innovativer All-in-One-Radiofrequenzgenerator zur Behandlung einer Vielzahl von Hautkrankheiten.\" \/>\n<meta name=\"robots\" content=\"index, follow, max-snippet:-1, max-image-preview:large, max-video-preview:-1\" \/>\n<link rel=\"canonical\" href=\"https:\/\/fcaresystems.com\/de\/produkte\/generatoren\/viridex-rf-generator\/\" \/>\n<meta property=\"og:locale\" content=\"de_DE\" \/>\n<meta property=\"og:type\" content=\"article\" \/>\n<meta property=\"og:title\" content=\"Viridex\u00aeRF-Generator | F Care Systems\" \/>\n<meta property=\"og:description\" content=\"Der Viridex\u00aeRF ist ein innovativer All-in-One-Radiofrequenzgenerator zur Behandlung einer Vielzahl von Hautkrankheiten.\" \/>\n<meta property=\"og:url\" content=\"https:\/\/fcaresystems.com\/de\/produkte\/generatoren\/viridex-rf-generator\/\" \/>\n<meta property=\"og:site_name\" content=\"F Care Systems\" \/>\n<meta property=\"article:modified_time\" content=\"2023-12-22T09:48:14+00:00\" \/>\n<meta property=\"og:image\" content=\"https:\/\/fcaresystems.com\/wp-content\/uploads\/2023\/01\/00VIRIDEXRF_Viridex-RF-generator_01-1.jpg\" \/>\n\t<meta property=\"og:image:width\" content=\"1080\" \/>\n\t<meta property=\"og:image:height\" content=\"810\" \/>\n\t<meta property=\"og:image:type\" content=\"image\/jpeg\" \/>\n<meta name=\"twitter:card\" content=\"summary_large_image\" \/>\n<meta name=\"twitter:label1\" content=\"Gesch\u00e4tzte Lesezeit\" \/>\n\t<meta name=\"twitter:data1\" content=\"2\u00a0Minuten\" \/>\n<script type=\"application\/ld+json\" class=\"yoast-schema-graph\">{\"@context\":\"https:\/\/schema.org\",\"@graph\":[{\"@type\":\"WebPage\",\"@id\":\"https:\/\/fcaresystems.com\/de\/produkte\/generatoren\/viridex-rf-generator\/\",\"url\":\"https:\/\/fcaresystems.com\/de\/produkte\/generatoren\/viridex-rf-generator\/\",\"name\":\"Viridex\u00aeRF-Generator | F Care Systems\",\"isPartOf\":{\"@id\":\"https:\/\/fcaresystems.com\/de\/#website\"},\"primaryImageOfPage\":{\"@id\":\"https:\/\/fcaresystems.com\/de\/produkte\/generatoren\/viridex-rf-generator\/#primaryimage\"},\"image\":{\"@id\":\"https:\/\/fcaresystems.com\/de\/produkte\/generatoren\/viridex-rf-generator\/#primaryimage\"},\"thumbnailUrl\":\"https:\/\/fcaresystems.com\/wp-content\/uploads\/2023\/01\/00VIRIDEXRF_Viridex-RF-generator_01-1.jpg\",\"datePublished\":\"2022-11-18T09:18:26+00:00\",\"dateModified\":\"2023-12-22T09:48:14+00:00\",\"description\":\"Der Viridex\u00aeRF ist ein innovativer All-in-One-Radiofrequenzgenerator zur Behandlung einer Vielzahl von Hautkrankheiten.\",\"breadcrumb\":{\"@id\":\"https:\/\/fcaresystems.com\/de\/produkte\/generatoren\/viridex-rf-generator\/#breadcrumb\"},\"inLanguage\":\"de\",\"potentialAction\":[{\"@type\":\"ReadAction\",\"target\":[\"https:\/\/fcaresystems.com\/de\/produkte\/generatoren\/viridex-rf-generator\/\"]}]},{\"@type\":\"ImageObject\",\"inLanguage\":\"de\",\"@id\":\"https:\/\/fcaresystems.com\/de\/produkte\/generatoren\/viridex-rf-generator\/#primaryimage\",\"url\":\"https:\/\/fcaresystems.com\/wp-content\/uploads\/2023\/01\/00VIRIDEXRF_Viridex-RF-generator_01-1.jpg\",\"contentUrl\":\"https:\/\/fcaresystems.com\/wp-content\/uploads\/2023\/01\/00VIRIDEXRF_Viridex-RF-generator_01-1.jpg\",\"width\":1080,\"height\":810,\"caption\":\"Viridex\u00aeRF skin treatments\"},{\"@type\":\"BreadcrumbList\",\"@id\":\"https:\/\/fcaresystems.com\/de\/produkte\/generatoren\/viridex-rf-generator\/#breadcrumb\",\"itemListElement\":[{\"@type\":\"ListItem\",\"position\":1,\"name\":\"Home\",\"item\":\"https:\/\/fcaresystems.com\/de\/\"},{\"@type\":\"ListItem\",\"position\":2,\"name\":\"Produkte\",\"item\":\"https:\/\/fcaresystems.com\/de\/produkte\/\"},{\"@type\":\"ListItem\",\"position\":3,\"name\":\"Generatoren\",\"item\":\"https:\/\/fcaresystems.com\/de\/produkte\/generatoren\/\"},{\"@type\":\"ListItem\",\"position\":4,\"name\":\"Viridex\u00aeRF-Generator\"}]},{\"@type\":\"WebSite\",\"@id\":\"https:\/\/fcaresystems.com\/de\/#website\",\"url\":\"https:\/\/fcaresystems.com\/de\/\",\"name\":\"F Care Systems\",\"description\":\"\",\"publisher\":{\"@id\":\"https:\/\/fcaresystems.com\/de\/#organization\"},\"potentialAction\":[{\"@type\":\"SearchAction\",\"target\":{\"@type\":\"EntryPoint\",\"urlTemplate\":\"https:\/\/fcaresystems.com\/de\/?s={search_term_string}\"},\"query-input\":{\"@type\":\"PropertyValueSpecification\",\"valueRequired\":true,\"valueName\":\"search_term_string\"}}],\"inLanguage\":\"de\"},{\"@type\":\"Organization\",\"@id\":\"https:\/\/fcaresystems.com\/de\/#organization\",\"name\":\"F Care Systems\",\"url\":\"https:\/\/fcaresystems.com\/de\/\",\"logo\":{\"@type\":\"ImageObject\",\"inLanguage\":\"de\",\"@id\":\"https:\/\/fcaresystems.com\/de\/#\/schema\/logo\/image\/\",\"url\":\"https:\/\/fcaresystems.com\/wp-content\/uploads\/2022\/11\/logo-2.svg\",\"contentUrl\":\"https:\/\/fcaresystems.com\/wp-content\/uploads\/2022\/11\/logo-2.svg\",\"caption\":\"F Care Systems\"},\"image\":{\"@id\":\"https:\/\/fcaresystems.com\/de\/#\/schema\/logo\/image\/\"}}]}<\/script>\n<!-- \/ Yoast SEO plugin. -->","yoast_head_json":{"title":"Viridex\u00aeRF-Generator | F Care Systems","description":"Der Viridex\u00aeRF ist ein innovativer All-in-One-Radiofrequenzgenerator zur Behandlung einer Vielzahl von Hautkrankheiten.","robots":{"index":"index","follow":"follow","max-snippet":"max-snippet:-1","max-image-preview":"max-image-preview:large","max-video-preview":"max-video-preview:-1"},"canonical":"https:\/\/fcaresystems.com\/de\/produkte\/generatoren\/viridex-rf-generator\/","og_locale":"de_DE","og_type":"article","og_title":"Viridex\u00aeRF-Generator | F Care Systems","og_description":"Der Viridex\u00aeRF ist ein innovativer All-in-One-Radiofrequenzgenerator zur Behandlung einer Vielzahl von Hautkrankheiten.","og_url":"https:\/\/fcaresystems.com\/de\/produkte\/generatoren\/viridex-rf-generator\/","og_site_name":"F Care Systems","article_modified_time":"2023-12-22T09:48:14+00:00","og_image":[{"width":1080,"height":810,"url":"https:\/\/fcaresystems.com\/wp-content\/uploads\/2023\/01\/00VIRIDEXRF_Viridex-RF-generator_01-1.jpg","type":"image\/jpeg"}],"twitter_card":"summary_large_image","twitter_misc":{"Gesch\u00e4tzte Lesezeit":"2\u00a0Minuten"},"schema":{"@context":"https:\/\/schema.org","@graph":[{"@type":"WebPage","@id":"https:\/\/fcaresystems.com\/de\/produkte\/generatoren\/viridex-rf-generator\/","url":"https:\/\/fcaresystems.com\/de\/produkte\/generatoren\/viridex-rf-generator\/","name":"Viridex\u00aeRF-Generator | F Care Systems","isPartOf":{"@id":"https:\/\/fcaresystems.com\/de\/#website"},"primaryImageOfPage":{"@id":"https:\/\/fcaresystems.com\/de\/produkte\/generatoren\/viridex-rf-generator\/#primaryimage"},"image":{"@id":"https:\/\/fcaresystems.com\/de\/produkte\/generatoren\/viridex-rf-generator\/#primaryimage"},"thumbnailUrl":"https:\/\/fcaresystems.com\/wp-content\/uploads\/2023\/01\/00VIRIDEXRF_Viridex-RF-generator_01-1.jpg","datePublished":"2022-11-18T09:18:26+00:00","dateModified":"2023-12-22T09:48:14+00:00","description":"Der Viridex\u00aeRF ist ein innovativer All-in-One-Radiofrequenzgenerator zur Behandlung einer Vielzahl von Hautkrankheiten.","breadcrumb":{"@id":"https:\/\/fcaresystems.com\/de\/produkte\/generatoren\/viridex-rf-generator\/#breadcrumb"},"inLanguage":"de","potentialAction":[{"@type":"ReadAction","target":["https:\/\/fcaresystems.com\/de\/produkte\/generatoren\/viridex-rf-generator\/"]}]},{"@type":"ImageObject","inLanguage":"de","@id":"https:\/\/fcaresystems.com\/de\/produkte\/generatoren\/viridex-rf-generator\/#primaryimage","url":"https:\/\/fcaresystems.com\/wp-content\/uploads\/2023\/01\/00VIRIDEXRF_Viridex-RF-generator_01-1.jpg","contentUrl":"https:\/\/fcaresystems.com\/wp-content\/uploads\/2023\/01\/00VIRIDEXRF_Viridex-RF-generator_01-1.jpg","width":1080,"height":810,"caption":"Viridex\u00aeRF skin treatments"},{"@type":"BreadcrumbList","@id":"https:\/\/fcaresystems.com\/de\/produkte\/generatoren\/viridex-rf-generator\/#breadcrumb","itemListElement":[{"@type":"ListItem","position":1,"name":"Home","item":"https:\/\/fcaresystems.com\/de\/"},{"@type":"ListItem","position":2,"name":"Produkte","item":"https:\/\/fcaresystems.com\/de\/produkte\/"},{"@type":"ListItem","position":3,"name":"Generatoren","item":"https:\/\/fcaresystems.com\/de\/produkte\/generatoren\/"},{"@type":"ListItem","position":4,"name":"Viridex\u00aeRF-Generator"}]},{"@type":"WebSite","@id":"https:\/\/fcaresystems.com\/de\/#website","url":"https:\/\/fcaresystems.com\/de\/","name":"F Care Systems","description":"","publisher":{"@id":"https:\/\/fcaresystems.com\/de\/#organization"},"potentialAction":[{"@type":"SearchAction","target":{"@type":"EntryPoint","urlTemplate":"https:\/\/fcaresystems.com\/de\/?s={search_term_string}"},"query-input":{"@type":"PropertyValueSpecification","valueRequired":true,"valueName":"search_term_string"}}],"inLanguage":"de"},{"@type":"Organization","@id":"https:\/\/fcaresystems.com\/de\/#organization","name":"F Care Systems","url":"https:\/\/fcaresystems.com\/de\/","logo":{"@type":"ImageObject","inLanguage":"de","@id":"https:\/\/fcaresystems.com\/de\/#\/schema\/logo\/image\/","url":"https:\/\/fcaresystems.com\/wp-content\/uploads\/2022\/11\/logo-2.svg","contentUrl":"https:\/\/fcaresystems.com\/wp-content\/uploads\/2022\/11\/logo-2.svg","caption":"F Care Systems"},"image":{"@id":"https:\/\/fcaresystems.com\/de\/#\/schema\/logo\/image\/"}}]}},"_links":{"self":[{"href":"https:\/\/fcaresystems.com\/de\/wp-json\/wp\/v2\/pages\/7790","targetHints":{"allow":["GET"]}}],"collection":[{"href":"https:\/\/fcaresystems.com\/de\/wp-json\/wp\/v2\/pages"}],"about":[{"href":"https:\/\/fcaresystems.com\/de\/wp-json\/wp\/v2\/types\/page"}],"author":[{"embeddable":true,"href":"https:\/\/fcaresystems.com\/de\/wp-json\/wp\/v2\/users\/1"}],"replies":[{"embeddable":true,"href":"https:\/\/fcaresystems.com\/de\/wp-json\/wp\/v2\/comments?post=7790"}],"version-history":[{"count":13,"href":"https:\/\/fcaresystems.com\/de\/wp-json\/wp\/v2\/pages\/7790\/revisions"}],"predecessor-version":[{"id":13076,"href":"https:\/\/fcaresystems.com\/de\/wp-json\/wp\/v2\/pages\/7790\/revisions\/13076"}],"up":[{"embeddable":true,"href":"https:\/\/fcaresystems.com\/de\/wp-json\/wp\/v2\/pages\/7734"}],"wp:featuredmedia":[{"embeddable":true,"href":"https:\/\/fcaresystems.com\/de\/wp-json\/wp\/v2\/media\/6007"}],"wp:attachment":[{"href":"https:\/\/fcaresystems.com\/de\/wp-json\/wp\/v2\/media?parent=7790"}],"curies":[{"name":"wp","href":"https:\/\/api.w.org\/{rel}","templated":true}]}}