{"id":7734,"date":"2022-11-09T14:35:45","date_gmt":"2022-11-09T13:35:45","guid":{"rendered":"https:\/\/fcaresystems.com\/produkte\/generators\/"},"modified":"2023-07-07T09:22:22","modified_gmt":"2023-07-07T07:22:22","slug":"generatoren","status":"publish","type":"page","link":"https:\/\/fcaresystems.com\/de\/produkte\/generatoren\/","title":{"rendered":"Generatoren"},"content":{"rendered":"\n<div class=\"wp-block-fcs-core-container o-container\">\n<div class=\"wp-block-fcs-core-spacer u-padding-md-lg u-padding-md\"><\/div>\n\n\n\n<div class=\"wp-block-group c-breadcrumb\"><div class=\"wp-block-group__inner-container is-layout-flow wp-block-group-is-layout-flow\"><span><span><a href=\"https:\/\/fcaresystems.com\/de\/\">Home<\/a><\/span><\/span>\n<\/div><\/div>\n\n\n\n<div class=\"wp-block-fcs-core-spacer u-padding-xs-lg u-padding-xs\"><\/div>\n\n\n\n<h1 class=\"wp-block-heading has-secondary-color has-text-color\">Innovative Generatoren f\u00fcr modernste medizinische Versorgunge<\/h1>\n\n\n\n<div class=\"wp-block-fcs-core-spacer u-padding-xs-lg u-padding-xs\"><\/div>\n\n\n\n<div class=\"wp-block-columns is-layout-flex wp-container-core-columns-is-layout-9d6595d7 wp-block-columns-is-layout-flex\">\n<div class=\"wp-block-column is-layout-flow wp-block-column-is-layout-flow\" style=\"flex-basis:66.66%\">\n<p>Unsere Generatoren wurden sorgf\u00e4ltig entwickelt und bieten eine breite Palette von Funktionen und M\u00f6glichkeiten, die dem medizinischen Fachpersonal Pr\u00e4zision, Effizienz und Sicherheit bei ihren Eingriffen erm\u00f6glichen.<\/p>\n<\/div>\n\n\n\n<div class=\"wp-block-column is-layout-flow wp-block-column-is-layout-flow\" style=\"flex-basis:33.33%\"><\/div>\n<\/div>\n\n\n\n<div class=\"wp-block-fcs-core-spacer u-padding-md-lg u-padding-md\"><\/div>\n\n\n\n<div class=\"wp-block-columns is-layout-flex wp-container-core-columns-is-layout-9d6595d7 wp-block-columns-is-layout-flex\">\n<div class=\"wp-block-column is-layout-flow wp-block-column-is-layout-flow\">\n<h2 class=\"wp-block-heading has-primary-color has-text-color\">Radiofrequenz-Generatoren<\/h2>\n<\/div>\n\n\n\n<div class=\"wp-block-column is-layout-flow wp-block-column-is-layout-flow\"><div class=\"c-card__wrapper\">\n    <a href=\"https:\/\/fcaresystems.com\/de\/produkte\/generatoren\/rafaelo-radiofrequenzgenerator\/\" class=\"c-card c-card--product\">\n    <figure>\n    <img decoding=\"async\" src=\"https:\/\/fcaresystems.com\/wp-content\/uploads\/2023\/01\/00RAFELO_Rafaelo-generator_02_Screen-treatment-menu-1.jpg\" alt=\"\" title=\"\" width=\"1080\" height=\"810\" loading=\"lazy\" \/>\n    <\/figure>\n        <div class=\"u-padding-sm o-flex o-flex-column o-flex-justify-content-between o-flex-grow\">\n            <div>\n                <h3>Rafaelo\u00ae-Generator<\/h3>\n                <p>Die Voreinstellungen f\u00fcr H\u00e4morrhoiden- und Analfistel-Verfahren machen es ideal f\u00fcr proktologische Praxen.<\/p>\n            <\/div>\n            <p class=\"c-button-link c-button-link--icon u-margin-none\">Weiterlesen<\/p>\n        <\/div>\n    <\/a>\n<\/div><\/div>\n\n\n\n<div class=\"wp-block-column is-layout-flow wp-block-column-is-layout-flow\"><div class=\"c-card__wrapper\">\n    <a href=\"https:\/\/fcaresystems.com\/de\/produkte\/generatoren\/evrf-radiofrequenz-generator\/\" class=\"c-card c-card--product\">\n    <figure>\n    <img decoding=\"async\" src=\"https:\/\/fcaresystems.com\/wp-content\/uploads\/2023\/01\/00EVRFV2_EVRF-generator_Screen-treatment-menu_01.jpg\" alt=\"\" title=\"\" width=\"1080\" height=\"810\" loading=\"lazy\" \/>\n    <\/figure>\n        <div class=\"u-padding-sm o-flex o-flex-column o-flex-justify-content-between o-flex-grow\">\n            <div>\n                <h3>EVRF\u00ae-Generator<\/h3>\n                <p>Der EndoVenous RadioFRequency-Generator ist auf Gef\u00e4\u00dfanwendungen zugeschnitten.<\/p>\n            <\/div>\n            <p class=\"c-button-link c-button-link--icon u-margin-none\">Weiterlesen<\/p>\n        <\/div>\n    <\/a>\n<\/div><\/div>\n<\/div>\n\n\n\n<div class=\"wp-block-fcs-core-spacer u-padding-lg-lg u-padding-md\"><\/div>\n\n\n\n<div class=\"wp-block-columns is-layout-flex wp-container-core-columns-is-layout-9d6595d7 wp-block-columns-is-layout-flex\">\n<div class=\"wp-block-column is-layout-flow wp-block-column-is-layout-flow\"><\/div>\n\n\n\n<div class=\"wp-block-column is-layout-flow wp-block-column-is-layout-flow\"><div class=\"c-card__wrapper\">\n    <a href=\"https:\/\/fcaresystems.com\/de\/produkte\/generatoren\/medrf4000-radiofrequenzgenerator\/\" class=\"c-card c-card--product\">\n    <figure>\n    <img decoding=\"async\" src=\"https:\/\/fcaresystems.com\/wp-content\/uploads\/2022\/11\/MedRF4000-generator-treatment-menu.jpg\" alt=\"\" title=\"\" width=\"1080\" height=\"810\" loading=\"lazy\" \/>\n    <\/figure>\n        <div class=\"u-padding-sm o-flex o-flex-column o-flex-justify-content-between o-flex-grow\">\n            <div>\n                <h3>MedRF4000\u00ae-Generator<\/h3>\n                <p>Unser neuester Generator deckt vaskul\u00e4re, proktologische und dermatologische HF-Bed\u00fcrfnisse ab \u2013 f\u00fcgen Sie neue Funktionen hinzu, sobald sie auf den Markt kommen!<\/p>\n            <\/div>\n            <p class=\"c-button-link c-button-link--icon u-margin-none\">Weiterlesen<\/p>\n        <\/div>\n    <\/a>\n<\/div><\/div>\n\n\n\n<div class=\"wp-block-column is-layout-flow wp-block-column-is-layout-flow\"><div class=\"c-card__wrapper\">\n    <a href=\"https:\/\/fcaresystems.com\/de\/produkte\/generatoren\/viridex-rf-generator\/\" class=\"c-card c-card--product\">\n    <figure>\n    <img decoding=\"async\" src=\"https:\/\/fcaresystems.com\/wp-content\/uploads\/2023\/01\/00VIRIDEXRF_Viridex-RF-generator_01-1.jpg\" alt=\"\" title=\"\" width=\"1080\" height=\"810\" loading=\"lazy\" \/>\n    <\/figure>\n        <div class=\"u-padding-sm o-flex o-flex-column o-flex-justify-content-between o-flex-grow\">\n            <div>\n                <h3>Viridex\u00aeRF-Generator<\/h3>\n                <p>Bietet eine Vielzahl von Plug-and-Play-Voreinstellungen speziell f\u00fcr die \u00e4sthetische Dermatologie.<\/p>\n            <\/div>\n            <p class=\"c-button-link c-button-link--icon u-margin-none\">Weiterlesen<\/p>\n        <\/div>\n    <\/a>\n<\/div><\/div>\n<\/div>\n\n\n\n<div class=\"wp-block-fcs-core-spacer u-padding-md-lg u-padding-md\"><\/div>\n\n\n\n<div class=\"wp-block-columns is-layout-flex wp-container-core-columns-is-layout-9d6595d7 wp-block-columns-is-layout-flex\">\n<div class=\"wp-block-column is-layout-flow wp-block-column-is-layout-flow\">\n<h2 class=\"wp-block-heading has-primary-color has-text-color\">Ultraschall-Generator<\/h2>\n<\/div>\n\n\n\n<div class=\"wp-block-column is-layout-flow wp-block-column-is-layout-flow\"><div class=\"c-card__wrapper\">\n    <a href=\"https:\/\/fcaresystems.com\/de\/produkte\/generatoren\/viridex-us-ultraschallgenerator\/\" class=\"c-card c-card--product\">\n    <figure>\n    <img decoding=\"async\" src=\"https:\/\/fcaresystems.com\/wp-content\/uploads\/2023\/01\/00VIRIDEXUS_Viridex-US-generator_01-1.jpg\" alt=\"\" title=\"\" width=\"1080\" height=\"810\" loading=\"lazy\" \/>\n    <\/figure>\n        <div class=\"u-padding-sm o-flex o-flex-column o-flex-justify-content-between o-flex-grow\">\n            <div>\n                <h3>Viridex\u00aeUS-Generator<\/h3>\n                <p>Insbesondere f\u00fcr die Ultraschallkavitation bei st\u00f6render Cellulite.<\/p>\n            <\/div>\n            <p class=\"c-button-link c-button-link--icon u-margin-none\">Weiterlesen<\/p>\n        <\/div>\n    <\/a>\n<\/div><\/div>\n\n\n\n<div class=\"wp-block-column is-layout-flow wp-block-column-is-layout-flow\"><\/div>\n<\/div>\n\n\n\n<div class=\"wp-block-fcs-core-spacer u-padding-xl-lg u-padding-md\"><\/div>\n\n\n\n<div class=\"wp-block-fcs-core-spacer u-padding-xl-lg u-padding-md\"><\/div>\n<\/div>\n","protected":false},"excerpt":{"rendered":"","protected":false},"author":1,"featured_media":0,"parent":7650,"menu_order":0,"comment_status":"closed","ping_status":"closed","template":"","meta":{"_color_hex":"","_color_slug":"","footnotes":""},"class_list":["post-7734","page","type-page","status-publish","hentry"],"yoast_head":"<!-- This site is optimized with the Yoast SEO plugin v27.5 - https:\/\/yoast.com\/product\/yoast-seo-wordpress\/ -->\n<title>Generatoren | F Care Systems<\/title>\n<meta name=\"description\" content=\"Ein \u00dcberblick \u00fcber unsere vielseitigen Radiofrequenz- und Ultraschallgeneratoren f\u00fcr die minimalinvasive medizinische Versorgung.\" \/>\n<meta name=\"robots\" content=\"index, follow, max-snippet:-1, max-image-preview:large, max-video-preview:-1\" \/>\n<link rel=\"canonical\" href=\"https:\/\/fcaresystems.com\/de\/produkte\/generatoren\/\" \/>\n<meta property=\"og:locale\" content=\"de_DE\" \/>\n<meta property=\"og:type\" content=\"article\" \/>\n<meta property=\"og:title\" content=\"Generatoren | F Care Systems\" \/>\n<meta property=\"og:description\" content=\"Ein \u00dcberblick \u00fcber unsere vielseitigen Radiofrequenz- und Ultraschallgeneratoren f\u00fcr die minimalinvasive medizinische Versorgung.\" \/>\n<meta property=\"og:url\" content=\"https:\/\/fcaresystems.com\/de\/produkte\/generatoren\/\" \/>\n<meta property=\"og:site_name\" content=\"F Care Systems\" \/>\n<meta property=\"article:modified_time\" content=\"2023-07-07T07:22:22+00:00\" \/>\n<meta name=\"twitter:card\" content=\"summary_large_image\" \/>\n<meta name=\"twitter:label1\" content=\"Gesch\u00e4tzte Lesezeit\" \/>\n\t<meta name=\"twitter:data1\" content=\"1\u00a0Minute\" \/>\n<script type=\"application\/ld+json\" class=\"yoast-schema-graph\">{\"@context\":\"https:\\\/\\\/schema.org\",\"@graph\":[{\"@type\":\"WebPage\",\"@id\":\"https:\\\/\\\/fcaresystems.com\\\/de\\\/produkte\\\/generatoren\\\/\",\"url\":\"https:\\\/\\\/fcaresystems.com\\\/de\\\/produkte\\\/generatoren\\\/\",\"name\":\"Generatoren | F Care Systems\",\"isPartOf\":{\"@id\":\"https:\\\/\\\/fcaresystems.com\\\/de\\\/#website\"},\"datePublished\":\"2022-11-09T13:35:45+00:00\",\"dateModified\":\"2023-07-07T07:22:22+00:00\",\"description\":\"Ein \u00dcberblick \u00fcber unsere vielseitigen Radiofrequenz- und Ultraschallgeneratoren f\u00fcr die minimalinvasive medizinische Versorgung.\",\"breadcrumb\":{\"@id\":\"https:\\\/\\\/fcaresystems.com\\\/de\\\/produkte\\\/generatoren\\\/#breadcrumb\"},\"inLanguage\":\"de\",\"potentialAction\":[{\"@type\":\"ReadAction\",\"target\":[\"https:\\\/\\\/fcaresystems.com\\\/de\\\/produkte\\\/generatoren\\\/\"]}]},{\"@type\":\"BreadcrumbList\",\"@id\":\"https:\\\/\\\/fcaresystems.com\\\/de\\\/produkte\\\/generatoren\\\/#breadcrumb\",\"itemListElement\":[{\"@type\":\"ListItem\",\"position\":1,\"name\":\"Home\",\"item\":\"https:\\\/\\\/fcaresystems.com\\\/de\\\/\"},{\"@type\":\"ListItem\",\"position\":2,\"name\":\"Produkte\",\"item\":\"https:\\\/\\\/fcaresystems.com\\\/de\\\/produkte\\\/\"},{\"@type\":\"ListItem\",\"position\":3,\"name\":\"Generatoren\"}]},{\"@type\":\"WebSite\",\"@id\":\"https:\\\/\\\/fcaresystems.com\\\/de\\\/#website\",\"url\":\"https:\\\/\\\/fcaresystems.com\\\/de\\\/\",\"name\":\"F Care Systems\",\"description\":\"\",\"publisher\":{\"@id\":\"https:\\\/\\\/fcaresystems.com\\\/de\\\/#organization\"},\"potentialAction\":[{\"@type\":\"SearchAction\",\"target\":{\"@type\":\"EntryPoint\",\"urlTemplate\":\"https:\\\/\\\/fcaresystems.com\\\/de\\\/?s={search_term_string}\"},\"query-input\":{\"@type\":\"PropertyValueSpecification\",\"valueRequired\":true,\"valueName\":\"search_term_string\"}}],\"inLanguage\":\"de\"},{\"@type\":\"Organization\",\"@id\":\"https:\\\/\\\/fcaresystems.com\\\/de\\\/#organization\",\"name\":\"F Care Systems\",\"url\":\"https:\\\/\\\/fcaresystems.com\\\/de\\\/\",\"logo\":{\"@type\":\"ImageObject\",\"inLanguage\":\"de\",\"@id\":\"https:\\\/\\\/fcaresystems.com\\\/de\\\/#\\\/schema\\\/logo\\\/image\\\/\",\"url\":\"https:\\\/\\\/fcaresystems.com\\\/wp-content\\\/uploads\\\/2022\\\/11\\\/logo-2.svg\",\"contentUrl\":\"https:\\\/\\\/fcaresystems.com\\\/wp-content\\\/uploads\\\/2022\\\/11\\\/logo-2.svg\",\"caption\":\"F Care Systems\"},\"image\":{\"@id\":\"https:\\\/\\\/fcaresystems.com\\\/de\\\/#\\\/schema\\\/logo\\\/image\\\/\"}}]}<\/script>\n<!-- \/ Yoast SEO plugin. -->","yoast_head_json":{"title":"Generatoren | F Care Systems","description":"Ein \u00dcberblick \u00fcber unsere vielseitigen Radiofrequenz- und Ultraschallgeneratoren f\u00fcr die minimalinvasive medizinische Versorgung.","robots":{"index":"index","follow":"follow","max-snippet":"max-snippet:-1","max-image-preview":"max-image-preview:large","max-video-preview":"max-video-preview:-1"},"canonical":"https:\/\/fcaresystems.com\/de\/produkte\/generatoren\/","og_locale":"de_DE","og_type":"article","og_title":"Generatoren | F Care Systems","og_description":"Ein \u00dcberblick \u00fcber unsere vielseitigen Radiofrequenz- und Ultraschallgeneratoren f\u00fcr die minimalinvasive medizinische Versorgung.","og_url":"https:\/\/fcaresystems.com\/de\/produkte\/generatoren\/","og_site_name":"F Care Systems","article_modified_time":"2023-07-07T07:22:22+00:00","twitter_card":"summary_large_image","twitter_misc":{"Gesch\u00e4tzte Lesezeit":"1\u00a0Minute"},"schema":{"@context":"https:\/\/schema.org","@graph":[{"@type":"WebPage","@id":"https:\/\/fcaresystems.com\/de\/produkte\/generatoren\/","url":"https:\/\/fcaresystems.com\/de\/produkte\/generatoren\/","name":"Generatoren | F Care Systems","isPartOf":{"@id":"https:\/\/fcaresystems.com\/de\/#website"},"datePublished":"2022-11-09T13:35:45+00:00","dateModified":"2023-07-07T07:22:22+00:00","description":"Ein \u00dcberblick \u00fcber unsere vielseitigen Radiofrequenz- und Ultraschallgeneratoren f\u00fcr die minimalinvasive medizinische Versorgung.","breadcrumb":{"@id":"https:\/\/fcaresystems.com\/de\/produkte\/generatoren\/#breadcrumb"},"inLanguage":"de","potentialAction":[{"@type":"ReadAction","target":["https:\/\/fcaresystems.com\/de\/produkte\/generatoren\/"]}]},{"@type":"BreadcrumbList","@id":"https:\/\/fcaresystems.com\/de\/produkte\/generatoren\/#breadcrumb","itemListElement":[{"@type":"ListItem","position":1,"name":"Home","item":"https:\/\/fcaresystems.com\/de\/"},{"@type":"ListItem","position":2,"name":"Produkte","item":"https:\/\/fcaresystems.com\/de\/produkte\/"},{"@type":"ListItem","position":3,"name":"Generatoren"}]},{"@type":"WebSite","@id":"https:\/\/fcaresystems.com\/de\/#website","url":"https:\/\/fcaresystems.com\/de\/","name":"F Care Systems","description":"","publisher":{"@id":"https:\/\/fcaresystems.com\/de\/#organization"},"potentialAction":[{"@type":"SearchAction","target":{"@type":"EntryPoint","urlTemplate":"https:\/\/fcaresystems.com\/de\/?s={search_term_string}"},"query-input":{"@type":"PropertyValueSpecification","valueRequired":true,"valueName":"search_term_string"}}],"inLanguage":"de"},{"@type":"Organization","@id":"https:\/\/fcaresystems.com\/de\/#organization","name":"F Care Systems","url":"https:\/\/fcaresystems.com\/de\/","logo":{"@type":"ImageObject","inLanguage":"de","@id":"https:\/\/fcaresystems.com\/de\/#\/schema\/logo\/image\/","url":"https:\/\/fcaresystems.com\/wp-content\/uploads\/2022\/11\/logo-2.svg","contentUrl":"https:\/\/fcaresystems.com\/wp-content\/uploads\/2022\/11\/logo-2.svg","caption":"F Care Systems"},"image":{"@id":"https:\/\/fcaresystems.com\/de\/#\/schema\/logo\/image\/"}}]}},"_links":{"self":[{"href":"https:\/\/fcaresystems.com\/de\/wp-json\/wp\/v2\/pages\/7734","targetHints":{"allow":["GET"]}}],"collection":[{"href":"https:\/\/fcaresystems.com\/de\/wp-json\/wp\/v2\/pages"}],"about":[{"href":"https:\/\/fcaresystems.com\/de\/wp-json\/wp\/v2\/types\/page"}],"author":[{"embeddable":true,"href":"https:\/\/fcaresystems.com\/de\/wp-json\/wp\/v2\/users\/1"}],"replies":[{"embeddable":true,"href":"https:\/\/fcaresystems.com\/de\/wp-json\/wp\/v2\/comments?post=7734"}],"version-history":[{"count":2,"href":"https:\/\/fcaresystems.com\/de\/wp-json\/wp\/v2\/pages\/7734\/revisions"}],"predecessor-version":[{"id":12075,"href":"https:\/\/fcaresystems.com\/de\/wp-json\/wp\/v2\/pages\/7734\/revisions\/12075"}],"up":[{"embeddable":true,"href":"https:\/\/fcaresystems.com\/de\/wp-json\/wp\/v2\/pages\/7650"}],"wp:attachment":[{"href":"https:\/\/fcaresystems.com\/de\/wp-json\/wp\/v2\/media?parent=7734"}],"curies":[{"name":"wp","href":"https:\/\/api.w.org\/{rel}","templated":true}]}}