{"id":7711,"date":"2022-11-18T13:08:15","date_gmt":"2022-11-18T12:08:15","guid":{"rendered":"https:\/\/fcaresystems.com\/produkte\/verbrauchsmaterialien\/rf-needles\/"},"modified":"2024-06-20T09:48:43","modified_gmt":"2024-06-20T07:48:43","slug":"rf-nadeln","status":"publish","type":"page","link":"https:\/\/fcaresystems.com\/de\/produkte\/verbrauchsmaterialien\/rf-nadeln\/","title":{"rendered":"RF-Nadeln und Nadelhalterung"},"content":{"rendered":"\n<div class=\"wp-block-fcs-core-container o-container\">\n<div class=\"wp-block-fcs-core-spacer u-padding-md-lg u-padding-md\"><\/div>\n\n\n\n<div class=\"wp-block-group c-breadcrumb\"><div class=\"wp-block-group__inner-container is-layout-flow wp-block-group-is-layout-flow\"><span><span><a href=\"https:\/\/fcaresystems.com\/de\/\">Home<\/a><\/span><\/span>\n<\/div><\/div>\n\n\n\n<div class=\"wp-block-fcs-core-spacer u-padding-md-lg u-padding-md\"><\/div>\n\n\n\n<div class=\"wp-block-columns is-style-largegap is-layout-flex wp-container-core-columns-is-layout-9d6595d7 wp-block-columns-is-layout-flex\">\n<div class=\"wp-block-column is-layout-flow wp-block-column-is-layout-flow\"><div class=\"c-slider-gallery\"><div class=\"c-slider-wrapper\"><div class=\"c-slider c-slider-slick c-slider-slick-for o-block\" ref=\"slickSlide\"><a data-fancybox=\"gallery\" data-caption=\"Needle holder skin therapy\" href=\"https:\/\/fcaresystems.com\/wp-content\/uploads\/2022\/11\/needle-holder-skin-therapy.jpg\"><img decoding=\"async\" src=\"https:\/\/fcaresystems.com\/wp-content\/uploads\/2022\/11\/needle-holder-skin-therapy.jpg\" title=\"Needle holder skin therapy\"  \/><\/a><a data-fancybox=\"gallery\" data-caption=\"Needle holder skin treatment\" href=\"https:\/\/fcaresystems.com\/wp-content\/uploads\/2022\/11\/needle-holder-skin-treatment.jpg\"><img decoding=\"async\" src=\"https:\/\/fcaresystems.com\/wp-content\/uploads\/2022\/11\/needle-holder-skin-treatment.jpg\" title=\"Needle holder skin treatment\"  \/><\/a><a data-fancybox=\"gallery\" data-caption=\"Needle holder skin treatment + cable EVRF MedRF4000\" href=\"https:\/\/fcaresystems.com\/wp-content\/uploads\/2022\/11\/needle-holder-skin-treatment-cable-EVRF-MedRF4000.jpg\"><img decoding=\"async\" src=\"https:\/\/fcaresystems.com\/wp-content\/uploads\/2022\/11\/needle-holder-skin-treatment-cable-EVRF-MedRF4000.jpg\" title=\"Needle holder skin treatment + cable EVRF MedRF4000\"  \/><\/a><a data-fancybox=\"gallery\" data-caption=\"Needle holder skin treatment + cable Viridex RF\" href=\"https:\/\/fcaresystems.com\/wp-content\/uploads\/2022\/11\/needle-holder-skin-treatment-cable-Viridex-RF.jpg\"><img decoding=\"async\" src=\"https:\/\/fcaresystems.com\/wp-content\/uploads\/2022\/11\/needle-holder-skin-treatment-cable-Viridex-RF.jpg\" title=\"Needle holder skin treatment + cable Viridex RF\"  \/><\/a><a data-fancybox=\"gallery\" data-caption=\"needle skin therapy inox\" href=\"https:\/\/fcaresystems.com\/wp-content\/uploads\/2022\/11\/needle-skin-therapy-inox.jpg\"><img decoding=\"async\" src=\"https:\/\/fcaresystems.com\/wp-content\/uploads\/2022\/11\/needle-skin-therapy-inox.jpg\" title=\"needle skin therapy inox\"  \/><\/a><a data-fancybox=\"gallery\" data-caption=\"needles skin therapy gold\" href=\"https:\/\/fcaresystems.com\/wp-content\/uploads\/2022\/11\/needles-skin-therapy-K3i.jpg\"><img decoding=\"async\" src=\"https:\/\/fcaresystems.com\/wp-content\/uploads\/2022\/11\/needles-skin-therapy-K3i.jpg\" title=\"needles skin therapy gold\"  \/><\/a><a data-fancybox=\"gallery\" data-caption=\"needles skin therapy gold\" href=\"https:\/\/fcaresystems.com\/wp-content\/uploads\/2022\/11\/needle-skin-therapy-gold.jpg\"><img decoding=\"async\" src=\"https:\/\/fcaresystems.com\/wp-content\/uploads\/2022\/11\/needle-skin-therapy-gold.jpg\" title=\"needles skin therapy gold\"  \/><\/a><a data-fancybox=\"gallery\" data-caption=\"needles skin therapy gold\" href=\"https:\/\/fcaresystems.com\/wp-content\/uploads\/2022\/11\/needles-skin-therapy-K3G.jpg\"><img decoding=\"async\" src=\"https:\/\/fcaresystems.com\/wp-content\/uploads\/2022\/11\/needles-skin-therapy-K3G.jpg\" title=\"needles skin therapy gold\"  \/><\/a><\/div><\/div><div class=\"c-slider-nav-container\"><div class=\"c-slider c-slider-slick c-slider-slick-nav u-margin-top-sm\" ref=\"slickNav\"><div><img decoding=\"async\" class=\"\" src=\"https:\/\/fcaresystems.com\/wp-content\/uploads\/2022\/11\/needle-holder-skin-therapy.jpg\" srcset=\"\" alt=\"\" \/><\/div><div><img decoding=\"async\" class=\"\" src=\"https:\/\/fcaresystems.com\/wp-content\/uploads\/2022\/11\/needle-holder-skin-treatment.jpg\" srcset=\"\" alt=\"\" \/><\/div><div><img decoding=\"async\" class=\"\" src=\"https:\/\/fcaresystems.com\/wp-content\/uploads\/2022\/11\/needle-holder-skin-treatment-cable-EVRF-MedRF4000.jpg\" srcset=\"\" alt=\"\" \/><\/div><div><img decoding=\"async\" class=\"\" src=\"https:\/\/fcaresystems.com\/wp-content\/uploads\/2022\/11\/needle-holder-skin-treatment-cable-Viridex-RF.jpg\" srcset=\"\" alt=\"\" \/><\/div><div><img decoding=\"async\" class=\"\" src=\"https:\/\/fcaresystems.com\/wp-content\/uploads\/2022\/11\/needle-skin-therapy-inox.jpg\" srcset=\"\" alt=\"\" \/><\/div><div><img decoding=\"async\" class=\"\" src=\"https:\/\/fcaresystems.com\/wp-content\/uploads\/2022\/11\/needles-skin-therapy-K3i.jpg\" srcset=\"\" alt=\"\" \/><\/div><div><img decoding=\"async\" class=\"\" src=\"https:\/\/fcaresystems.com\/wp-content\/uploads\/2022\/11\/needle-skin-therapy-gold.jpg\" srcset=\"\" alt=\"\" \/><\/div><div><img decoding=\"async\" class=\"\" src=\"https:\/\/fcaresystems.com\/wp-content\/uploads\/2022\/11\/needles-skin-therapy-K3G.jpg\" srcset=\"\" alt=\"\" \/><\/div><\/div><\/div><\/div>\n\n\n<div class=\"wp-block-fcs-core-spacer u-padding-md-lg u-padding-md\"><\/div>\n\n\n\n<div class=\"wp-block-fcs-core-icon-buttons c-buttons--icon\">\n<a href=\"#popmake-10441\" class=\"wp-block-fcs-core-icon-button c-button c-button--icon-inline is-style-small\"><img decoding=\"async\" src=\"https:\/\/fcaresystems.com\/wp-content\/uploads\/2022\/11\/icon-download.svg\"\/>Kurzbedienungsanleitung<\/a>\n<\/div>\n\n\n\n<div class=\"wp-block-fcs-core-spacer u-padding-md-lg u-padding-md\"><\/div>\n<\/div>\n\n\n\n<div class=\"wp-block-column is-layout-flow wp-block-column-is-layout-flow\">\n<h1 class=\"wp-block-heading has-secondary-color has-text-color\"><strong> <\/strong>RF-Nadeln und Nadelhalter<\/h1>\n\n\n\n<p>Radiofrequenzenergie ist im Bereich der \u00e4sthetischen Dermatologie unverzichtbar geworden, mit Anwendungen von <mark style=\"background-color:rgba(0, 0, 0, 0)\" class=\"has-inline-color has-primary-color\"><a href=\"https:\/\/fcaresystems.com\/de\/patienteninformation\/hautstoerungen\/\">Teleangiektasien<\/a><\/mark> \u00fcber Kirschangiomen bis hin zu Stielwarzen. Bei so filigranen Verfahren geht es um \u201eKleinigkeiten\u201c: ultrapr\u00e4zise RF-Nadeln und einen komfortablen Nadelhalter in Stiftform.<\/p>\n\n\n\n<div class=\"wp-block-fcs-core-spacer u-padding-xxs-lg u-padding-xs\"><\/div>\n\n\n\n<p>Die Spitzen unserer Einweg-Nadeln sind gerade so abgerundet, dass sie nicht weiter als vorgesehen eindringen. Die isolierten Versionen verf\u00fcgen \u00fcber eine medizinische Beschichtung mit einer Dicke von weniger als einem Mikrometer, die eine unkontrollierte W\u00e4rmeausbreitung verhindert, um das Risiko von Verschorfung und Hyperpigmentierung zu verringern. Die Goldvarianten sind zur Behandlung von Patienten mit Nickelallergien mit nickelfreiem, hypoallergenem 24K-Gold beschichtet.<\/p>\n\n\n\n<div class=\"wp-block-fcs-core-spacer u-padding-xxs-lg u-padding-xs\"><\/div>\n\n\n\n<p>Das Einf\u00fchren einer Nadel in den wiederverwendbaren Nadelhalter ist kinderleicht.<\/p>\n\n\n\n<ol class=\"wp-block-list\">\n<li>Auswerferknopf gedr\u00fcckt halten.<\/li>\n\n\n\n<li>F\u00fchren Sie die Nadel in die Einspannvorrichtung ein und lassen Sie die Taste los.<\/li>\n\n\n\n<li>Halten Sie den Nadelhalter aufrecht und dr\u00fccken Sie die Taste erneut&nbsp;\u2013 die Nadel f\u00e4llt in die richtige Position.<\/li>\n<\/ol>\n\n\n\n<div class=\"wp-block-fcs-core-spacer u-padding-md-lg u-padding-xs\"><\/div>\n\n\n\n<h3 class=\"wp-block-heading has-secondary-color has-text-color\"><strong>Technische Spezifikationen<\/strong> | Nadelhalterung<\/h3>\n\n\n\n<p>Nadelhalterl\u00e4nge: 110&nbsp;mm<br>Kabell\u00e4nge: 2,5&nbsp;m<\/p>\n\n\n\n<div class=\"wp-block-fcs-core-spacer u-padding-xxs-lg u-padding-xs\"><\/div>\n\n\n\n<p><strong><strong>Produktreferenzen<\/strong>:<\/strong><br>02ALGBALLETNAALDH (Nadelhalterung)<br>06EVRFLKANLDH (Ersatzanschlusskabel f\u00fcr Viridex\u00ae RF)<br>06OUTPUTKAB (Ersatzanschlusskabel f\u00fcr EVRF\u00ae und MedRF4000\u00ae)<\/p>\n\n\n\n<p class=\"has-small-font-size\">Der Nadelhalter ist im Lieferumfang der Viridex\u00ae HF-, EVRF\u00ae- und MedRF4000\u00ae-Generatoren enthalten.<\/p>\n\n\n\n<div class=\"wp-block-fcs-core-spacer u-padding-xs-lg u-padding-xs\"><\/div>\n\n\n\n<h3 class=\"wp-block-heading has-secondary-color has-text-color\"><strong>Technische Spezifikationen<\/strong> | Nadeln<\/h3>\n\n\n\n<p>Nadeldurchmesser: 0,075 mm (K3i) \/ 0,15 mm (K6i)<br>Nadelschaftdurchmesser: 1,25 mm<\/p>\n\n\n\n<div class=\"wp-block-fcs-core-spacer u-padding-xxs-lg u-padding-xs\"><\/div>\n\n\n\n<p><strong>Produktreferenzen:<\/strong><br>05BALLETK3iN (50 isolierte K3i-Nadeln)<br>05BALLETK3G (50\u00a0vergoldete K3-Nadeln)<br>05BALLETK6iN (50 isolierte K6i-Nadeln)<br>05BALLETK6G (50 vergoldete K6-Nadeln)<\/p>\n<\/div>\n<\/div>\n\n\n\n<div class=\"wp-block-fcs-core-spacer u-padding-xl-lg u-padding-md\"><\/div>\n<\/div>\n\n\n\n<div class=\"wp-block-group has-secondary-background-color has-background\"><div class=\"wp-block-group__inner-container is-layout-constrained wp-block-group-is-layout-constrained\">\n<div class=\"wp-block-fcs-core-spacer u-padding-md-lg u-padding-md\"><\/div>\n\n\n\n<div class=\"wp-block-fcs-core-container o-container\">\n<figure class=\"wp-block-image size-full is-resized\"><img decoding=\"async\" src=\"https:\/\/fcaresystems.com\/wp-content\/uploads\/2022\/11\/icon-doctor-white.svg\" alt=\"\" class=\"wp-image-392\" style=\"width:46px;height:48px\"\/><\/figure>\n\n\n\n<div class=\"wp-block-fcs-core-spacer u-padding-xxs-lg u-padding-sm\"><\/div>\n\n\n\n<div class=\"wp-block-columns is-layout-flex wp-container-core-columns-is-layout-9d6595d7 wp-block-columns-is-layout-flex\">\n<div class=\"wp-block-column is-layout-flow wp-block-column-is-layout-flow\" style=\"flex-basis:54%\">\n<h2 class=\"wp-block-heading u-margin-none has-white-color has-text-color\">Ich brauche dies f\u00fcr meine Praxis<\/h2>\n\n\n\n<div class=\"wp-block-fcs-core-spacer u-padding-xxs-lg u-padding-xs\"><\/div>\n<\/div>\n\n\n\n<div class=\"wp-block-column is-vertically-aligned-bottom is-layout-flow wp-block-column-is-layout-flow\">\n<div class=\"wp-block-buttons is-content-justification-left is-layout-flex wp-container-core-buttons-is-layout-fdcfc74e wp-block-buttons-is-layout-flex\">\n<div class=\"wp-block-button alignright\"><a class=\"wp-block-button__link has-primary-background-color has-background wp-element-button\" href=\"https:\/\/fcaresystems.com\/de\/produkte\/bestellungen\/\">Dieses Produkt bestellen<\/a><\/div>\n\n\n\n<div class=\"wp-block-button alignright is-style-outline is-style-outline--1\"><a class=\"wp-block-button__link has-white-color has-text-color wp-element-button\" href=\"https:\/\/fcaresystems.com\/de\/produkte\/\">alle Produkte anzeigen<\/a><\/div>\n<\/div>\n<\/div>\n<\/div>\n<\/div>\n\n\n\n<div class=\"wp-block-fcs-core-spacer u-padding-md-lg u-padding-md\"><\/div>\n<\/div><\/div>\n\n\n\n<div class=\"wp-block-fcs-core-spacer u-padding-xl-lg u-padding-md\"><\/div>\n\n\n\n<div class=\"wp-block-fcs-core-container o-container\">\n<h2 class=\"wp-block-heading is-style-underline has-secondary-color has-text-color\">Verbundene Behandlung<\/h2>\n\n\n\n<div class=\"wp-block-fcs-core-spacer u-padding-xs-lg u-padding-sm\"><\/div>\n\n\n\n<div class=\"wp-block-columns is-layout-flex wp-container-core-columns-is-layout-9d6595d7 wp-block-columns-is-layout-flex\">\n<div class=\"wp-block-column is-layout-flow wp-block-column-is-layout-flow\">\n<h3 class=\"wp-block-heading has-secondary-color has-text-color\"><a href=\"https:\/\/fcaresystems.com\/de\/minimalinvasive-behandlungen\/aesthetische-dermatologie\/rf-hauttherapie\/\">Radiofrequenz-Hauttherapie<\/a><\/h3>\n\n\n\n<p><mark style=\"background-color:rgba(0, 0, 0, 0)\" class=\"has-inline-color has-primary-color\"><a href=\"https:\/\/fcaresystems.com\/de\/minimalinvasive-behandlungen\/aesthetische-dermatologie\/rf-hauttherapie\/\"><strong>Klicken Sie hier,<\/strong> <\/a><\/mark>&nbsp;um mehr \u00fcber die vielen Anwendungen von Hochfrequenzenergie in der \u00e4sthetischen Dermatologie zu erfahren.<\/p>\n\n\n\n<div class=\"wp-block-fcs-core-spacer u-padding-xs-lg u-padding-xs\"><\/div>\n\n\n\n<p>Unsere Nadeln und Nadelhalter sind mit <mark style=\"background-color:rgba(0, 0, 0, 0)\" class=\"has-inline-color has-primary-color\"><a href=\"https:\/\/fcaresystems.com\/de\/produkte\/generatoren\/viridex-rf-generator\/\">Viridex\u00aeRF-<\/a><\/mark><strong>, <\/strong>&nbsp;<mark style=\"background-color:rgba(0, 0, 0, 0)\" class=\"has-inline-color has-primary-color\"><a href=\"https:\/\/fcaresystems.com\/de\/produkte\/generatoren\/evrf-radiofrequenz-generator\/\">EVRF\u00ae-<\/a><\/mark> und dem vielseitigen <mark style=\"background-color:rgba(0, 0, 0, 0)\" class=\"has-inline-color has-primary-color\"><a href=\"https:\/\/fcaresystems.com\/de\/produkte\/generatoren\/medrf4000-radiofrequenzgenerator\/\">MedRF4000\u00ae-Generator<\/a><\/mark> kompatibel.<\/p>\n<\/div>\n\n\n\n<div class=\"wp-block-column is-layout-flow wp-block-column-is-layout-flow\">\n<figure class=\"wp-block-image size-large\"><a href=\"https:\/\/youtu.be\/5I7geP1c8TI\" target=\"_blank\" rel=\"noreferrer noopener\"><img loading=\"lazy\" decoding=\"async\" width=\"1024\" height=\"576\" src=\"https:\/\/fcaresystems.com\/wp-content\/uploads\/2023\/01\/Thumbn-Veineo-skin-disorders-1-1024x576.jpg\" alt=\"\" class=\"wp-image-6675\" srcset=\"https:\/\/fcaresystems.com\/wp-content\/uploads\/2023\/01\/Thumbn-Veineo-skin-disorders-1-1024x576.jpg 1024w, https:\/\/fcaresystems.com\/wp-content\/uploads\/2023\/01\/Thumbn-Veineo-skin-disorders-1-300x169.jpg 300w, https:\/\/fcaresystems.com\/wp-content\/uploads\/2023\/01\/Thumbn-Veineo-skin-disorders-1-768x432.jpg 768w, https:\/\/fcaresystems.com\/wp-content\/uploads\/2023\/01\/Thumbn-Veineo-skin-disorders-1.jpg 1280w\" sizes=\"auto, (max-width: 1024px) 100vw, 1024px\" \/><\/a><\/figure>\n\n\n\n<div class=\"wp-block-fcs-core-spacer u-padding-xxs-lg u-padding-sm\"><\/div>\n<\/div>\n<\/div>\n<\/div>\n\n\n\n<div class=\"wp-block-fcs-core-spacer u-padding-xxxl-lg u-padding-md\"><\/div>\n","protected":false},"excerpt":{"rendered":"<p>Ultrafeine Nadeln f\u00fcr die Durchf\u00fchrung filigraner dermatologischer Eingriffe.<\/p>\n","protected":false},"author":1,"featured_media":5147,"parent":7656,"menu_order":0,"comment_status":"closed","ping_status":"closed","template":"","meta":{"_color_hex":"","_color_slug":"","footnotes":""},"class_list":["post-7711","page","type-page","status-publish","has-post-thumbnail","hentry"],"yoast_head":"<!-- This site is optimized with the Yoast SEO plugin v27.0 - https:\/\/yoast.com\/product\/yoast-seo-wordpress\/ -->\n<title>RF-Nadeln und Nadelhalterung | F Care Systems<\/title>\n<meta name=\"description\" content=\"Informationen \u00fcber die Nadeln und den Nadelhalter, die in der \u00e4sthetischen Dermatologie mit dem Viridex\u00ae RF verwendet werden.\" \/>\n<meta name=\"robots\" content=\"index, follow, max-snippet:-1, max-image-preview:large, max-video-preview:-1\" \/>\n<link rel=\"canonical\" href=\"https:\/\/fcaresystems.com\/de\/produkte\/verbrauchsmaterialien\/rf-nadeln\/\" \/>\n<meta property=\"og:locale\" content=\"de_DE\" \/>\n<meta property=\"og:type\" content=\"article\" \/>\n<meta property=\"og:title\" content=\"RF-Nadeln und Nadelhalterung | F Care Systems\" \/>\n<meta property=\"og:description\" content=\"Informationen \u00fcber die Nadeln und den Nadelhalter, die in der \u00e4sthetischen Dermatologie mit dem Viridex\u00ae RF verwendet werden.\" \/>\n<meta property=\"og:url\" content=\"https:\/\/fcaresystems.com\/de\/produkte\/verbrauchsmaterialien\/rf-nadeln\/\" \/>\n<meta property=\"og:site_name\" content=\"F Care Systems\" \/>\n<meta property=\"article:modified_time\" content=\"2024-06-20T07:48:43+00:00\" \/>\n<meta property=\"og:image\" content=\"https:\/\/fcaresystems.com\/wp-content\/uploads\/2022\/11\/needle-holder-skin-therapy.jpg\" \/>\n\t<meta property=\"og:image:width\" content=\"1080\" \/>\n\t<meta property=\"og:image:height\" content=\"810\" \/>\n\t<meta property=\"og:image:type\" content=\"image\/jpeg\" \/>\n<meta name=\"twitter:card\" content=\"summary_large_image\" \/>\n<meta name=\"twitter:label1\" content=\"Gesch\u00e4tzte Lesezeit\" \/>\n\t<meta name=\"twitter:data1\" content=\"2\u00a0Minuten\" \/>\n<script type=\"application\/ld+json\" class=\"yoast-schema-graph\">{\"@context\":\"https:\/\/schema.org\",\"@graph\":[{\"@type\":\"WebPage\",\"@id\":\"https:\/\/fcaresystems.com\/de\/produkte\/verbrauchsmaterialien\/rf-nadeln\/\",\"url\":\"https:\/\/fcaresystems.com\/de\/produkte\/verbrauchsmaterialien\/rf-nadeln\/\",\"name\":\"RF-Nadeln und Nadelhalterung | F Care Systems\",\"isPartOf\":{\"@id\":\"https:\/\/fcaresystems.com\/de\/#website\"},\"primaryImageOfPage\":{\"@id\":\"https:\/\/fcaresystems.com\/de\/produkte\/verbrauchsmaterialien\/rf-nadeln\/#primaryimage\"},\"image\":{\"@id\":\"https:\/\/fcaresystems.com\/de\/produkte\/verbrauchsmaterialien\/rf-nadeln\/#primaryimage\"},\"thumbnailUrl\":\"https:\/\/fcaresystems.com\/wp-content\/uploads\/2022\/11\/needle-holder-skin-therapy.jpg\",\"datePublished\":\"2022-11-18T12:08:15+00:00\",\"dateModified\":\"2024-06-20T07:48:43+00:00\",\"description\":\"Informationen \u00fcber die Nadeln und den Nadelhalter, die in der \u00e4sthetischen Dermatologie mit dem Viridex\u00ae RF verwendet werden.\",\"breadcrumb\":{\"@id\":\"https:\/\/fcaresystems.com\/de\/produkte\/verbrauchsmaterialien\/rf-nadeln\/#breadcrumb\"},\"inLanguage\":\"de\",\"potentialAction\":[{\"@type\":\"ReadAction\",\"target\":[\"https:\/\/fcaresystems.com\/de\/produkte\/verbrauchsmaterialien\/rf-nadeln\/\"]}]},{\"@type\":\"ImageObject\",\"inLanguage\":\"de\",\"@id\":\"https:\/\/fcaresystems.com\/de\/produkte\/verbrauchsmaterialien\/rf-nadeln\/#primaryimage\",\"url\":\"https:\/\/fcaresystems.com\/wp-content\/uploads\/2022\/11\/needle-holder-skin-therapy.jpg\",\"contentUrl\":\"https:\/\/fcaresystems.com\/wp-content\/uploads\/2022\/11\/needle-holder-skin-therapy.jpg\",\"width\":1080,\"height\":810,\"caption\":\"Needle holder skin therapy\"},{\"@type\":\"BreadcrumbList\",\"@id\":\"https:\/\/fcaresystems.com\/de\/produkte\/verbrauchsmaterialien\/rf-nadeln\/#breadcrumb\",\"itemListElement\":[{\"@type\":\"ListItem\",\"position\":1,\"name\":\"Home\",\"item\":\"https:\/\/fcaresystems.com\/de\/\"},{\"@type\":\"ListItem\",\"position\":2,\"name\":\"Produkte\",\"item\":\"https:\/\/fcaresystems.com\/de\/produkte\/\"},{\"@type\":\"ListItem\",\"position\":3,\"name\":\"Verbrauchsmaterialien\",\"item\":\"https:\/\/fcaresystems.com\/de\/produkte\/verbrauchsmaterialien\/\"},{\"@type\":\"ListItem\",\"position\":4,\"name\":\"RF-Nadeln und Nadelhalterung\"}]},{\"@type\":\"WebSite\",\"@id\":\"https:\/\/fcaresystems.com\/de\/#website\",\"url\":\"https:\/\/fcaresystems.com\/de\/\",\"name\":\"F Care Systems\",\"description\":\"\",\"publisher\":{\"@id\":\"https:\/\/fcaresystems.com\/de\/#organization\"},\"potentialAction\":[{\"@type\":\"SearchAction\",\"target\":{\"@type\":\"EntryPoint\",\"urlTemplate\":\"https:\/\/fcaresystems.com\/de\/?s={search_term_string}\"},\"query-input\":{\"@type\":\"PropertyValueSpecification\",\"valueRequired\":true,\"valueName\":\"search_term_string\"}}],\"inLanguage\":\"de\"},{\"@type\":\"Organization\",\"@id\":\"https:\/\/fcaresystems.com\/de\/#organization\",\"name\":\"F Care Systems\",\"url\":\"https:\/\/fcaresystems.com\/de\/\",\"logo\":{\"@type\":\"ImageObject\",\"inLanguage\":\"de\",\"@id\":\"https:\/\/fcaresystems.com\/de\/#\/schema\/logo\/image\/\",\"url\":\"https:\/\/fcaresystems.com\/wp-content\/uploads\/2022\/11\/logo-2.svg\",\"contentUrl\":\"https:\/\/fcaresystems.com\/wp-content\/uploads\/2022\/11\/logo-2.svg\",\"caption\":\"F Care Systems\"},\"image\":{\"@id\":\"https:\/\/fcaresystems.com\/de\/#\/schema\/logo\/image\/\"}}]}<\/script>\n<!-- \/ Yoast SEO plugin. -->","yoast_head_json":{"title":"RF-Nadeln und Nadelhalterung | F Care Systems","description":"Informationen \u00fcber die Nadeln und den Nadelhalter, die in der \u00e4sthetischen Dermatologie mit dem Viridex\u00ae RF verwendet werden.","robots":{"index":"index","follow":"follow","max-snippet":"max-snippet:-1","max-image-preview":"max-image-preview:large","max-video-preview":"max-video-preview:-1"},"canonical":"https:\/\/fcaresystems.com\/de\/produkte\/verbrauchsmaterialien\/rf-nadeln\/","og_locale":"de_DE","og_type":"article","og_title":"RF-Nadeln und Nadelhalterung | F Care Systems","og_description":"Informationen \u00fcber die Nadeln und den Nadelhalter, die in der \u00e4sthetischen Dermatologie mit dem Viridex\u00ae RF verwendet werden.","og_url":"https:\/\/fcaresystems.com\/de\/produkte\/verbrauchsmaterialien\/rf-nadeln\/","og_site_name":"F Care Systems","article_modified_time":"2024-06-20T07:48:43+00:00","og_image":[{"width":1080,"height":810,"url":"https:\/\/fcaresystems.com\/wp-content\/uploads\/2022\/11\/needle-holder-skin-therapy.jpg","type":"image\/jpeg"}],"twitter_card":"summary_large_image","twitter_misc":{"Gesch\u00e4tzte Lesezeit":"2\u00a0Minuten"},"schema":{"@context":"https:\/\/schema.org","@graph":[{"@type":"WebPage","@id":"https:\/\/fcaresystems.com\/de\/produkte\/verbrauchsmaterialien\/rf-nadeln\/","url":"https:\/\/fcaresystems.com\/de\/produkte\/verbrauchsmaterialien\/rf-nadeln\/","name":"RF-Nadeln und Nadelhalterung | F Care Systems","isPartOf":{"@id":"https:\/\/fcaresystems.com\/de\/#website"},"primaryImageOfPage":{"@id":"https:\/\/fcaresystems.com\/de\/produkte\/verbrauchsmaterialien\/rf-nadeln\/#primaryimage"},"image":{"@id":"https:\/\/fcaresystems.com\/de\/produkte\/verbrauchsmaterialien\/rf-nadeln\/#primaryimage"},"thumbnailUrl":"https:\/\/fcaresystems.com\/wp-content\/uploads\/2022\/11\/needle-holder-skin-therapy.jpg","datePublished":"2022-11-18T12:08:15+00:00","dateModified":"2024-06-20T07:48:43+00:00","description":"Informationen \u00fcber die Nadeln und den Nadelhalter, die in der \u00e4sthetischen Dermatologie mit dem Viridex\u00ae RF verwendet werden.","breadcrumb":{"@id":"https:\/\/fcaresystems.com\/de\/produkte\/verbrauchsmaterialien\/rf-nadeln\/#breadcrumb"},"inLanguage":"de","potentialAction":[{"@type":"ReadAction","target":["https:\/\/fcaresystems.com\/de\/produkte\/verbrauchsmaterialien\/rf-nadeln\/"]}]},{"@type":"ImageObject","inLanguage":"de","@id":"https:\/\/fcaresystems.com\/de\/produkte\/verbrauchsmaterialien\/rf-nadeln\/#primaryimage","url":"https:\/\/fcaresystems.com\/wp-content\/uploads\/2022\/11\/needle-holder-skin-therapy.jpg","contentUrl":"https:\/\/fcaresystems.com\/wp-content\/uploads\/2022\/11\/needle-holder-skin-therapy.jpg","width":1080,"height":810,"caption":"Needle holder skin therapy"},{"@type":"BreadcrumbList","@id":"https:\/\/fcaresystems.com\/de\/produkte\/verbrauchsmaterialien\/rf-nadeln\/#breadcrumb","itemListElement":[{"@type":"ListItem","position":1,"name":"Home","item":"https:\/\/fcaresystems.com\/de\/"},{"@type":"ListItem","position":2,"name":"Produkte","item":"https:\/\/fcaresystems.com\/de\/produkte\/"},{"@type":"ListItem","position":3,"name":"Verbrauchsmaterialien","item":"https:\/\/fcaresystems.com\/de\/produkte\/verbrauchsmaterialien\/"},{"@type":"ListItem","position":4,"name":"RF-Nadeln und Nadelhalterung"}]},{"@type":"WebSite","@id":"https:\/\/fcaresystems.com\/de\/#website","url":"https:\/\/fcaresystems.com\/de\/","name":"F Care Systems","description":"","publisher":{"@id":"https:\/\/fcaresystems.com\/de\/#organization"},"potentialAction":[{"@type":"SearchAction","target":{"@type":"EntryPoint","urlTemplate":"https:\/\/fcaresystems.com\/de\/?s={search_term_string}"},"query-input":{"@type":"PropertyValueSpecification","valueRequired":true,"valueName":"search_term_string"}}],"inLanguage":"de"},{"@type":"Organization","@id":"https:\/\/fcaresystems.com\/de\/#organization","name":"F Care Systems","url":"https:\/\/fcaresystems.com\/de\/","logo":{"@type":"ImageObject","inLanguage":"de","@id":"https:\/\/fcaresystems.com\/de\/#\/schema\/logo\/image\/","url":"https:\/\/fcaresystems.com\/wp-content\/uploads\/2022\/11\/logo-2.svg","contentUrl":"https:\/\/fcaresystems.com\/wp-content\/uploads\/2022\/11\/logo-2.svg","caption":"F Care Systems"},"image":{"@id":"https:\/\/fcaresystems.com\/de\/#\/schema\/logo\/image\/"}}]}},"_links":{"self":[{"href":"https:\/\/fcaresystems.com\/de\/wp-json\/wp\/v2\/pages\/7711","targetHints":{"allow":["GET"]}}],"collection":[{"href":"https:\/\/fcaresystems.com\/de\/wp-json\/wp\/v2\/pages"}],"about":[{"href":"https:\/\/fcaresystems.com\/de\/wp-json\/wp\/v2\/types\/page"}],"author":[{"embeddable":true,"href":"https:\/\/fcaresystems.com\/de\/wp-json\/wp\/v2\/users\/1"}],"replies":[{"embeddable":true,"href":"https:\/\/fcaresystems.com\/de\/wp-json\/wp\/v2\/comments?post=7711"}],"version-history":[{"count":11,"href":"https:\/\/fcaresystems.com\/de\/wp-json\/wp\/v2\/pages\/7711\/revisions"}],"predecessor-version":[{"id":13559,"href":"https:\/\/fcaresystems.com\/de\/wp-json\/wp\/v2\/pages\/7711\/revisions\/13559"}],"up":[{"embeddable":true,"href":"https:\/\/fcaresystems.com\/de\/wp-json\/wp\/v2\/pages\/7656"}],"wp:featuredmedia":[{"embeddable":true,"href":"https:\/\/fcaresystems.com\/de\/wp-json\/wp\/v2\/media\/5147"}],"wp:attachment":[{"href":"https:\/\/fcaresystems.com\/de\/wp-json\/wp\/v2\/media?parent=7711"}],"curies":[{"name":"wp","href":"https:\/\/api.w.org\/{rel}","templated":true}]}}