{"id":7702,"date":"2022-11-07T17:35:07","date_gmt":"2022-11-07T16:35:07","guid":{"rendered":"https:\/\/fcaresystems.com\/produkte\/verbrauchsmaterialien\/rafaelo-pack\/"},"modified":"2023-09-05T14:38:25","modified_gmt":"2023-09-05T12:38:25","slug":"rafaelo-pack","status":"publish","type":"page","link":"https:\/\/fcaresystems.com\/de\/produkte\/verbrauchsmaterialien\/rafaelo-pack\/","title":{"rendered":"Rafaelo-Pack"},"content":{"rendered":"\n<div class=\"wp-block-fcs-core-container o-container\">\n<div class=\"wp-block-fcs-core-spacer u-padding-md-lg u-padding-md\"><\/div>\n\n\n\n<div class=\"wp-block-group c-breadcrumb\"><div class=\"wp-block-group__inner-container is-layout-flow wp-block-group-is-layout-flow\"><span><span><a href=\"https:\/\/fcaresystems.com\/de\/\">Home<\/a><\/span><\/span>\n<\/div><\/div>\n\n\n\n<div class=\"wp-block-fcs-core-spacer u-padding-md-lg u-padding-md\"><\/div>\n\n\n\n<div class=\"wp-block-columns is-style-largegap is-layout-flex wp-container-core-columns-is-layout-9d6595d7 wp-block-columns-is-layout-flex\">\n<div class=\"wp-block-column is-layout-flow wp-block-column-is-layout-flow\"><div class=\"c-slider-gallery\"><div class=\"c-slider-wrapper\"><div class=\"c-slider c-slider-slick c-slider-slick-for o-block\" ref=\"slickSlide\"><a data-fancybox=\"gallery\" data-caption=\"Rafaelo Pack\" href=\"https:\/\/fcaresystems.com\/wp-content\/uploads\/2023\/09\/06RAFAELOPACK_Rafaelo-Pack_Content-and-box_03.jpg\"><img decoding=\"async\" src=\"https:\/\/fcaresystems.com\/wp-content\/uploads\/2023\/09\/06RAFAELOPACK_Rafaelo-Pack_Content-and-box_03.jpg\" title=\"Rafaelo Pack\"  \/><\/a><a data-fancybox=\"gallery\" data-caption=\"Content Rafaelo Pack\" href=\"https:\/\/fcaresystems.com\/wp-content\/uploads\/2023\/09\/06RAFAELOPACK_Rafaelo-Pack_Content-unpacked_02.jpg\"><img decoding=\"async\" src=\"https:\/\/fcaresystems.com\/wp-content\/uploads\/2023\/09\/06RAFAELOPACK_Rafaelo-Pack_Content-unpacked_02.jpg\" title=\"Content Rafaelo Pack\"  \/><\/a><\/div><\/div><div class=\"c-slider-nav-container\"><div class=\"c-slider c-slider-slick c-slider-slick-nav u-margin-top-sm\" ref=\"slickNav\"><div><img decoding=\"async\" class=\"\" src=\"https:\/\/fcaresystems.com\/wp-content\/uploads\/2023\/09\/06RAFAELOPACK_Rafaelo-Pack_Content-and-box_03.jpg\" srcset=\"\" alt=\"\" \/><\/div><div><img decoding=\"async\" class=\"\" src=\"https:\/\/fcaresystems.com\/wp-content\/uploads\/2023\/09\/06RAFAELOPACK_Rafaelo-Pack_Content-unpacked_02.jpg\" srcset=\"\" alt=\"\" \/><\/div><\/div><\/div><\/div><\/div>\n\n\n\n<div class=\"wp-block-column is-layout-flow wp-block-column-is-layout-flow\">\n<figure class=\"wp-block-image size-full is-resized\"><img loading=\"lazy\" decoding=\"async\" src=\"https:\/\/fcaresystems.com\/wp-content\/uploads\/2022\/11\/Rafaelo.svg\" alt=\"\" class=\"wp-image-1055\" style=\"width:98px;height:24px\" width=\"98\" height=\"24\"\/><\/figure>\n\n\n\n<div class=\"wp-block-fcs-core-spacer u-padding-xs-lg u-padding-xs\"><\/div>\n\n\n\n<h1 class=\"wp-block-heading has-secondary-color has-text-color\"><strong>Rafaelo-Pack<\/strong><\/h1>\n\n\n\n<p>Das Rafaelo-Pack ist ein All-in-One-RF-Sonden-Kit, das eine vollst\u00e4ndige Auswahl an Verbrauchsmaterialien enth\u00e4lt, die bei der Durchf\u00fchrung de<a href=\"https:\/\/fcaresystems.com\/de\/minimalinvasive-behandlungen\/proktologie\/rf-ablation-haemorrhoiden\/\">s <mark style=\"background-color:rgba(0, 0, 0, 0)\" class=\"has-inline-color has-primary-color\">Rafaelo\u00ae-Verfahrens<\/mark><\/a> verwendet werden:<\/p>\n\n\n\n<div class=\"wp-block-fcs-core-spacer u-padding-xs-lg u-padding-xs\"><\/div>\n\n\n\n<h3 class=\"wp-block-heading has-secondary-color has-text-color\">Inhalt<\/h3>\n\n\n\n<ul class=\"wp-block-list\">\n<li>1x steriles Perinealtuch<\/li>\n\n\n\n<li>1x <mark style=\"background-color:rgba(0, 0, 0, 0)\" class=\"has-inline-color has-primary-color\"><a href=\"https:\/\/fcaresystems.com\/de\/produkte\/verbrauchsmaterialien\/anoskope\/\">Anoskop mit LED<\/a><\/mark><strong><a href=\"https:\/\/fcaresystems.com\/de\/produkte\/verbrauchsmaterialien\/anoskope\/\"> <\/a><\/strong>(96 x \u00d823 mm)<\/li>\n\n\n\n<li>1x Gleitgel<\/li>\n\n\n\n<li>1x sterile 21G-Nadel<\/li>\n\n\n\n<li>1x sterile <mark style=\"background-color:rgba(0, 0, 0, 0)\" class=\"has-inline-color has-primary-color\"><a href=\"https:\/\/fcaresystems.com\/de\/produkte\/verbrauchsmaterialien\/rf-sonden\/\">HPR45i RF-Sonde<\/a><\/mark><\/li>\n\n\n\n<li>3x sterile Kompressen, 10 x 10&nbsp;mm<\/li>\n\n\n\n<li>1x sterile medizinische Klammer<\/li>\n<\/ul>\n\n\n\n<p class=\"has-small-font-size\">Bitte beachten Sie, dass Inhalt und Verf\u00fcgbarkeit je nach Region variieren k\u00f6nnen.<\/p>\n\n\n\n<div class=\"wp-block-fcs-core-spacer u-padding-xs-lg u-padding-xs\"><\/div>\n\n\n\n<p><strong>Produktref.:<\/strong> 06RAFAELOPACK<\/p>\n<\/div>\n<\/div>\n\n\n\n<div class=\"wp-block-fcs-core-spacer u-padding-xl-lg u-padding-md\"><\/div>\n<\/div>\n\n\n\n<div class=\"wp-block-group has-secondary-background-color has-background\"><div class=\"wp-block-group__inner-container is-layout-constrained wp-block-group-is-layout-constrained\">\n<div class=\"wp-block-fcs-core-spacer u-padding-md-lg u-padding-md\"><\/div>\n\n\n\n<div class=\"wp-block-fcs-core-container o-container\">\n<figure class=\"wp-block-image size-full is-resized\"><img loading=\"lazy\" decoding=\"async\" src=\"https:\/\/fcaresystems.com\/wp-content\/uploads\/2022\/11\/icon-doctor-white.svg\" alt=\"\" class=\"wp-image-392\" style=\"width:46px;height:48px\" width=\"46\" height=\"48\"\/><\/figure>\n\n\n\n<div class=\"wp-block-fcs-core-spacer u-padding-xxs-lg u-padding-sm\"><\/div>\n\n\n\n<div class=\"wp-block-columns is-layout-flex wp-container-core-columns-is-layout-9d6595d7 wp-block-columns-is-layout-flex\">\n<div class=\"wp-block-column is-layout-flow wp-block-column-is-layout-flow\" style=\"flex-basis:54%\">\n<h2 class=\"wp-block-heading u-margin-none has-white-color has-text-color\">Ich brauche dies f\u00fcr meine Praxis<\/h2>\n\n\n\n<div class=\"wp-block-fcs-core-spacer u-padding-xxs-lg u-padding-xs\"><\/div>\n<\/div>\n\n\n\n<div class=\"wp-block-column is-vertically-aligned-bottom is-layout-flow wp-block-column-is-layout-flow\">\n<div class=\"wp-block-buttons is-content-justification-left is-layout-flex wp-container-core-buttons-is-layout-fdcfc74e wp-block-buttons-is-layout-flex\">\n<div class=\"wp-block-button alignright\"><a class=\"wp-block-button__link has-primary-background-color has-background wp-element-button\" href=\"https:\/\/fcaresystems.com\/de\/produkte\/bestellungen\/\">dieses Produkt bestellen<\/a><\/div>\n\n\n\n<div class=\"wp-block-button alignright is-style-outline is-style-outline--1\"><a class=\"wp-block-button__link has-white-color has-text-color wp-element-button\" href=\"https:\/\/fcaresystems.com\/de\/produkte\/\">alle Produkte anzeigen<\/a><\/div>\n<\/div>\n<\/div>\n<\/div>\n<\/div>\n\n\n\n<div class=\"wp-block-fcs-core-spacer u-padding-md-lg u-padding-md\"><\/div>\n<\/div><\/div>\n\n\n\n<div class=\"wp-block-fcs-core-spacer u-padding-xl-lg u-padding-md\"><\/div>\n\n\n\n<div class=\"wp-block-fcs-core-container o-container\">\n<h2 class=\"wp-block-heading is-style-underline has-secondary-color has-text-color\">Verbundene Behandlungen<\/h2>\n\n\n\n<div class=\"wp-block-fcs-core-spacer u-padding-xs-lg u-padding-sm\"><\/div>\n\n\n\n<div class=\"wp-block-columns is-layout-flex wp-container-core-columns-is-layout-9d6595d7 wp-block-columns-is-layout-flex\">\n<div class=\"wp-block-column is-layout-flow wp-block-column-is-layout-flow\">\n<h3 class=\"wp-block-heading has-secondary-color has-text-color\"><strong>RF-Ablation von H\u00e4morrhoiden | Rafaelo\u00ae-Verfahren<\/strong><\/h3>\n\n\n\n<p>Die Rafaelo-Packung wurde speziell f\u00fcr das Rafaelo\u00ae-Verfahren entwickelt, eine innovative Methode zur Ablation von inneren H\u00e4morrhoiden des Grades 2, 3 und einiger Grade 4 mit Hilfe von Radiofrequenzenergie.<\/p>\n\n\n\n<div class=\"wp-block-buttons is-layout-flex wp-block-buttons-is-layout-flex\">\n<div class=\"wp-block-button is-style-fill\"><a class=\"wp-block-button__link has-white-color has-primary-background-color has-text-color has-background wp-element-button\" href=\"https:\/\/fcaresystems.com\/de\/minimalinvasive-behandlungen\/proktologie\/rf-ablation-haemorrhoiden\/\">Erfahren Sie mehr \u00fcber Rafaelo\u00ae<\/a><\/div>\n<\/div>\n<\/div>\n\n\n\n<div class=\"wp-block-column is-layout-flow wp-block-column-is-layout-flow\">\n<div class=\"wp-block-fcs-core-spacer u-padding-xs-lg u-padding-sm\"><\/div>\n<\/div>\n<\/div>\n<\/div>\n\n\n\n<div class=\"wp-block-fcs-core-spacer u-padding-xxxl-lg u-padding-md\"><\/div>\n","protected":false},"excerpt":{"rendered":"<p>Ein komplettes Set mit Einwegzubeh\u00f6r f\u00fcr die Durchf\u00fchrung des Rafaelo\u00ae-Verfahrens.<\/p>\n","protected":false},"author":1,"featured_media":12565,"parent":7656,"menu_order":0,"comment_status":"closed","ping_status":"closed","template":"","meta":{"_color_hex":"","_color_slug":"","footnotes":""},"class_list":["post-7702","page","type-page","status-publish","has-post-thumbnail","hentry"],"yoast_head":"<!-- This site is optimized with the Yoast SEO plugin v27.0 - https:\/\/yoast.com\/product\/yoast-seo-wordpress\/ -->\n<title>Rafaelo-Pack | F Care Systems<\/title>\n<meta name=\"description\" content=\"Das Rafaelo\u00ae-Pack ist ein komplettes Satz mit Verbrauchsmaterialien f\u00fcr die Radiofrequenzablation von inneren H\u00e4morrhoiden nach dem Rafaelo\u00ae-Verfahren.\" \/>\n<meta name=\"robots\" content=\"index, follow, max-snippet:-1, max-image-preview:large, max-video-preview:-1\" \/>\n<link rel=\"canonical\" href=\"https:\/\/fcaresystems.com\/de\/produkte\/verbrauchsmaterialien\/rafaelo-pack\/\" \/>\n<meta property=\"og:locale\" content=\"de_DE\" \/>\n<meta property=\"og:type\" content=\"article\" \/>\n<meta property=\"og:title\" content=\"Rafaelo-Pack | F Care Systems\" \/>\n<meta property=\"og:description\" content=\"Das Rafaelo\u00ae-Pack ist ein komplettes Satz mit Verbrauchsmaterialien f\u00fcr die Radiofrequenzablation von inneren H\u00e4morrhoiden nach dem Rafaelo\u00ae-Verfahren.\" \/>\n<meta property=\"og:url\" content=\"https:\/\/fcaresystems.com\/de\/produkte\/verbrauchsmaterialien\/rafaelo-pack\/\" \/>\n<meta property=\"og:site_name\" content=\"F Care Systems\" \/>\n<meta property=\"article:modified_time\" content=\"2023-09-05T12:38:25+00:00\" \/>\n<meta property=\"og:image\" content=\"https:\/\/fcaresystems.com\/wp-content\/uploads\/2023\/09\/06RAFAELOPACK_Rafaelo-Pack_Content-and-box_03.jpg\" \/>\n\t<meta property=\"og:image:width\" content=\"1080\" \/>\n\t<meta property=\"og:image:height\" content=\"810\" \/>\n\t<meta property=\"og:image:type\" content=\"image\/jpeg\" \/>\n<meta name=\"twitter:card\" content=\"summary_large_image\" \/>\n<meta name=\"twitter:label1\" content=\"Gesch\u00e4tzte Lesezeit\" \/>\n\t<meta name=\"twitter:data1\" content=\"1\u00a0Minute\" \/>\n<script type=\"application\/ld+json\" class=\"yoast-schema-graph\">{\"@context\":\"https:\/\/schema.org\",\"@graph\":[{\"@type\":\"WebPage\",\"@id\":\"https:\/\/fcaresystems.com\/de\/produkte\/verbrauchsmaterialien\/rafaelo-pack\/\",\"url\":\"https:\/\/fcaresystems.com\/de\/produkte\/verbrauchsmaterialien\/rafaelo-pack\/\",\"name\":\"Rafaelo-Pack | F Care Systems\",\"isPartOf\":{\"@id\":\"https:\/\/fcaresystems.com\/de\/#website\"},\"primaryImageOfPage\":{\"@id\":\"https:\/\/fcaresystems.com\/de\/produkte\/verbrauchsmaterialien\/rafaelo-pack\/#primaryimage\"},\"image\":{\"@id\":\"https:\/\/fcaresystems.com\/de\/produkte\/verbrauchsmaterialien\/rafaelo-pack\/#primaryimage\"},\"thumbnailUrl\":\"https:\/\/fcaresystems.com\/wp-content\/uploads\/2023\/09\/06RAFAELOPACK_Rafaelo-Pack_Content-and-box_03.jpg\",\"datePublished\":\"2022-11-07T16:35:07+00:00\",\"dateModified\":\"2023-09-05T12:38:25+00:00\",\"description\":\"Das Rafaelo\u00ae-Pack ist ein komplettes Satz mit Verbrauchsmaterialien f\u00fcr die Radiofrequenzablation von inneren H\u00e4morrhoiden nach dem Rafaelo\u00ae-Verfahren.\",\"breadcrumb\":{\"@id\":\"https:\/\/fcaresystems.com\/de\/produkte\/verbrauchsmaterialien\/rafaelo-pack\/#breadcrumb\"},\"inLanguage\":\"de\",\"potentialAction\":[{\"@type\":\"ReadAction\",\"target\":[\"https:\/\/fcaresystems.com\/de\/produkte\/verbrauchsmaterialien\/rafaelo-pack\/\"]}]},{\"@type\":\"ImageObject\",\"inLanguage\":\"de\",\"@id\":\"https:\/\/fcaresystems.com\/de\/produkte\/verbrauchsmaterialien\/rafaelo-pack\/#primaryimage\",\"url\":\"https:\/\/fcaresystems.com\/wp-content\/uploads\/2023\/09\/06RAFAELOPACK_Rafaelo-Pack_Content-and-box_03.jpg\",\"contentUrl\":\"https:\/\/fcaresystems.com\/wp-content\/uploads\/2023\/09\/06RAFAELOPACK_Rafaelo-Pack_Content-and-box_03.jpg\",\"width\":1080,\"height\":810,\"caption\":\"Rafaelo Pack\"},{\"@type\":\"BreadcrumbList\",\"@id\":\"https:\/\/fcaresystems.com\/de\/produkte\/verbrauchsmaterialien\/rafaelo-pack\/#breadcrumb\",\"itemListElement\":[{\"@type\":\"ListItem\",\"position\":1,\"name\":\"Home\",\"item\":\"https:\/\/fcaresystems.com\/de\/\"},{\"@type\":\"ListItem\",\"position\":2,\"name\":\"Produkte\",\"item\":\"https:\/\/fcaresystems.com\/de\/produkte\/\"},{\"@type\":\"ListItem\",\"position\":3,\"name\":\"Verbrauchsmaterialien\",\"item\":\"https:\/\/fcaresystems.com\/de\/produkte\/verbrauchsmaterialien\/\"},{\"@type\":\"ListItem\",\"position\":4,\"name\":\"Rafaelo-Pack\"}]},{\"@type\":\"WebSite\",\"@id\":\"https:\/\/fcaresystems.com\/de\/#website\",\"url\":\"https:\/\/fcaresystems.com\/de\/\",\"name\":\"F Care Systems\",\"description\":\"\",\"publisher\":{\"@id\":\"https:\/\/fcaresystems.com\/de\/#organization\"},\"potentialAction\":[{\"@type\":\"SearchAction\",\"target\":{\"@type\":\"EntryPoint\",\"urlTemplate\":\"https:\/\/fcaresystems.com\/de\/?s={search_term_string}\"},\"query-input\":{\"@type\":\"PropertyValueSpecification\",\"valueRequired\":true,\"valueName\":\"search_term_string\"}}],\"inLanguage\":\"de\"},{\"@type\":\"Organization\",\"@id\":\"https:\/\/fcaresystems.com\/de\/#organization\",\"name\":\"F Care Systems\",\"url\":\"https:\/\/fcaresystems.com\/de\/\",\"logo\":{\"@type\":\"ImageObject\",\"inLanguage\":\"de\",\"@id\":\"https:\/\/fcaresystems.com\/de\/#\/schema\/logo\/image\/\",\"url\":\"https:\/\/fcaresystems.com\/wp-content\/uploads\/2022\/11\/logo-2.svg\",\"contentUrl\":\"https:\/\/fcaresystems.com\/wp-content\/uploads\/2022\/11\/logo-2.svg\",\"caption\":\"F Care Systems\"},\"image\":{\"@id\":\"https:\/\/fcaresystems.com\/de\/#\/schema\/logo\/image\/\"}}]}<\/script>\n<!-- \/ Yoast SEO plugin. -->","yoast_head_json":{"title":"Rafaelo-Pack | F Care Systems","description":"Das Rafaelo\u00ae-Pack ist ein komplettes Satz mit Verbrauchsmaterialien f\u00fcr die Radiofrequenzablation von inneren H\u00e4morrhoiden nach dem Rafaelo\u00ae-Verfahren.","robots":{"index":"index","follow":"follow","max-snippet":"max-snippet:-1","max-image-preview":"max-image-preview:large","max-video-preview":"max-video-preview:-1"},"canonical":"https:\/\/fcaresystems.com\/de\/produkte\/verbrauchsmaterialien\/rafaelo-pack\/","og_locale":"de_DE","og_type":"article","og_title":"Rafaelo-Pack | F Care Systems","og_description":"Das Rafaelo\u00ae-Pack ist ein komplettes Satz mit Verbrauchsmaterialien f\u00fcr die Radiofrequenzablation von inneren H\u00e4morrhoiden nach dem Rafaelo\u00ae-Verfahren.","og_url":"https:\/\/fcaresystems.com\/de\/produkte\/verbrauchsmaterialien\/rafaelo-pack\/","og_site_name":"F Care Systems","article_modified_time":"2023-09-05T12:38:25+00:00","og_image":[{"width":1080,"height":810,"url":"https:\/\/fcaresystems.com\/wp-content\/uploads\/2023\/09\/06RAFAELOPACK_Rafaelo-Pack_Content-and-box_03.jpg","type":"image\/jpeg"}],"twitter_card":"summary_large_image","twitter_misc":{"Gesch\u00e4tzte Lesezeit":"1\u00a0Minute"},"schema":{"@context":"https:\/\/schema.org","@graph":[{"@type":"WebPage","@id":"https:\/\/fcaresystems.com\/de\/produkte\/verbrauchsmaterialien\/rafaelo-pack\/","url":"https:\/\/fcaresystems.com\/de\/produkte\/verbrauchsmaterialien\/rafaelo-pack\/","name":"Rafaelo-Pack | F Care Systems","isPartOf":{"@id":"https:\/\/fcaresystems.com\/de\/#website"},"primaryImageOfPage":{"@id":"https:\/\/fcaresystems.com\/de\/produkte\/verbrauchsmaterialien\/rafaelo-pack\/#primaryimage"},"image":{"@id":"https:\/\/fcaresystems.com\/de\/produkte\/verbrauchsmaterialien\/rafaelo-pack\/#primaryimage"},"thumbnailUrl":"https:\/\/fcaresystems.com\/wp-content\/uploads\/2023\/09\/06RAFAELOPACK_Rafaelo-Pack_Content-and-box_03.jpg","datePublished":"2022-11-07T16:35:07+00:00","dateModified":"2023-09-05T12:38:25+00:00","description":"Das Rafaelo\u00ae-Pack ist ein komplettes Satz mit Verbrauchsmaterialien f\u00fcr die Radiofrequenzablation von inneren H\u00e4morrhoiden nach dem Rafaelo\u00ae-Verfahren.","breadcrumb":{"@id":"https:\/\/fcaresystems.com\/de\/produkte\/verbrauchsmaterialien\/rafaelo-pack\/#breadcrumb"},"inLanguage":"de","potentialAction":[{"@type":"ReadAction","target":["https:\/\/fcaresystems.com\/de\/produkte\/verbrauchsmaterialien\/rafaelo-pack\/"]}]},{"@type":"ImageObject","inLanguage":"de","@id":"https:\/\/fcaresystems.com\/de\/produkte\/verbrauchsmaterialien\/rafaelo-pack\/#primaryimage","url":"https:\/\/fcaresystems.com\/wp-content\/uploads\/2023\/09\/06RAFAELOPACK_Rafaelo-Pack_Content-and-box_03.jpg","contentUrl":"https:\/\/fcaresystems.com\/wp-content\/uploads\/2023\/09\/06RAFAELOPACK_Rafaelo-Pack_Content-and-box_03.jpg","width":1080,"height":810,"caption":"Rafaelo Pack"},{"@type":"BreadcrumbList","@id":"https:\/\/fcaresystems.com\/de\/produkte\/verbrauchsmaterialien\/rafaelo-pack\/#breadcrumb","itemListElement":[{"@type":"ListItem","position":1,"name":"Home","item":"https:\/\/fcaresystems.com\/de\/"},{"@type":"ListItem","position":2,"name":"Produkte","item":"https:\/\/fcaresystems.com\/de\/produkte\/"},{"@type":"ListItem","position":3,"name":"Verbrauchsmaterialien","item":"https:\/\/fcaresystems.com\/de\/produkte\/verbrauchsmaterialien\/"},{"@type":"ListItem","position":4,"name":"Rafaelo-Pack"}]},{"@type":"WebSite","@id":"https:\/\/fcaresystems.com\/de\/#website","url":"https:\/\/fcaresystems.com\/de\/","name":"F Care Systems","description":"","publisher":{"@id":"https:\/\/fcaresystems.com\/de\/#organization"},"potentialAction":[{"@type":"SearchAction","target":{"@type":"EntryPoint","urlTemplate":"https:\/\/fcaresystems.com\/de\/?s={search_term_string}"},"query-input":{"@type":"PropertyValueSpecification","valueRequired":true,"valueName":"search_term_string"}}],"inLanguage":"de"},{"@type":"Organization","@id":"https:\/\/fcaresystems.com\/de\/#organization","name":"F Care Systems","url":"https:\/\/fcaresystems.com\/de\/","logo":{"@type":"ImageObject","inLanguage":"de","@id":"https:\/\/fcaresystems.com\/de\/#\/schema\/logo\/image\/","url":"https:\/\/fcaresystems.com\/wp-content\/uploads\/2022\/11\/logo-2.svg","contentUrl":"https:\/\/fcaresystems.com\/wp-content\/uploads\/2022\/11\/logo-2.svg","caption":"F Care Systems"},"image":{"@id":"https:\/\/fcaresystems.com\/de\/#\/schema\/logo\/image\/"}}]}},"_links":{"self":[{"href":"https:\/\/fcaresystems.com\/de\/wp-json\/wp\/v2\/pages\/7702","targetHints":{"allow":["GET"]}}],"collection":[{"href":"https:\/\/fcaresystems.com\/de\/wp-json\/wp\/v2\/pages"}],"about":[{"href":"https:\/\/fcaresystems.com\/de\/wp-json\/wp\/v2\/types\/page"}],"author":[{"embeddable":true,"href":"https:\/\/fcaresystems.com\/de\/wp-json\/wp\/v2\/users\/1"}],"replies":[{"embeddable":true,"href":"https:\/\/fcaresystems.com\/de\/wp-json\/wp\/v2\/comments?post=7702"}],"version-history":[{"count":12,"href":"https:\/\/fcaresystems.com\/de\/wp-json\/wp\/v2\/pages\/7702\/revisions"}],"predecessor-version":[{"id":12577,"href":"https:\/\/fcaresystems.com\/de\/wp-json\/wp\/v2\/pages\/7702\/revisions\/12577"}],"up":[{"embeddable":true,"href":"https:\/\/fcaresystems.com\/de\/wp-json\/wp\/v2\/pages\/7656"}],"wp:featuredmedia":[{"embeddable":true,"href":"https:\/\/fcaresystems.com\/de\/wp-json\/wp\/v2\/media\/12565"}],"wp:attachment":[{"href":"https:\/\/fcaresystems.com\/de\/wp-json\/wp\/v2\/media?parent=7702"}],"curies":[{"name":"wp","href":"https:\/\/api.w.org\/{rel}","templated":true}]}}