{"id":7680,"date":"2022-11-18T12:34:20","date_gmt":"2022-11-18T11:34:20","guid":{"rendered":"https:\/\/fcaresystems.com\/produkte\/verbrauchsmaterialien\/fistura-rf-catheters\/"},"modified":"2023-07-07T09:06:42","modified_gmt":"2023-07-07T07:06:42","slug":"fistura-rf-ablationskatheter","status":"publish","type":"page","link":"https:\/\/fcaresystems.com\/de\/produkte\/verbrauchsmaterialien\/fistura-rf-ablationskatheter\/","title":{"rendered":"RF-Katheter Fistura"},"content":{"rendered":"\n<div class=\"wp-block-fcs-core-container o-container\">\n<div class=\"wp-block-fcs-core-spacer u-padding-md-lg u-padding-md\"><\/div>\n\n\n\n<div class=\"wp-block-group c-breadcrumb\"><div class=\"wp-block-group__inner-container is-layout-flow wp-block-group-is-layout-flow\"><span><span><a href=\"https:\/\/fcaresystems.com\/de\/\">Home<\/a><\/span><\/span>\n<\/div><\/div>\n\n\n\n<div class=\"wp-block-fcs-core-spacer u-padding-md-lg u-padding-md\"><\/div>\n\n\n\n<div class=\"wp-block-columns is-style-largegap is-layout-flex wp-container-core-columns-is-layout-9d6595d7 wp-block-columns-is-layout-flex\">\n<div class=\"wp-block-column is-layout-flow wp-block-column-is-layout-flow\"><div class=\"c-slider-gallery\"><div class=\"c-slider-wrapper\"><div class=\"c-slider c-slider-slick c-slider-slick-for o-block\" ref=\"slickSlide\"><a data-fancybox=\"gallery\" data-caption=\"Fistula catheter 6F\" href=\"https:\/\/fcaresystems.com\/wp-content\/uploads\/2022\/11\/fistula-catheter-6F.jpg\"><img decoding=\"async\" src=\"https:\/\/fcaresystems.com\/wp-content\/uploads\/2022\/11\/fistula-catheter-6F.jpg\" title=\"Fistula catheter 6F\"  \/><\/a><a data-fancybox=\"gallery\" data-caption=\"Rf catheter tip\" href=\"https:\/\/fcaresystems.com\/wp-content\/uploads\/2022\/11\/rf-catheter-tip.jpg\"><img decoding=\"async\" src=\"https:\/\/fcaresystems.com\/wp-content\/uploads\/2022\/11\/rf-catheter-tip.jpg\" title=\"Rf catheter tip\"  \/><\/a><a data-fancybox=\"gallery\" data-caption=\"RF catheters ablation fistulas\" href=\"https:\/\/fcaresystems.com\/wp-content\/uploads\/2022\/11\/rf-catheters-ablation-fistulas.jpg\"><img decoding=\"async\" src=\"https:\/\/fcaresystems.com\/wp-content\/uploads\/2022\/11\/rf-catheters-ablation-fistulas.jpg\" title=\"RF catheters ablation fistulas\"  \/><\/a><a data-fancybox=\"gallery\" data-caption=\"Fistula catheter 7F\" href=\"https:\/\/fcaresystems.com\/wp-content\/uploads\/2022\/11\/fistula-catheter-7F.jpg\"><img decoding=\"async\" src=\"https:\/\/fcaresystems.com\/wp-content\/uploads\/2022\/11\/fistula-catheter-7F.jpg\" title=\"Fistula catheter 7F\"  \/><\/a><a data-fancybox=\"gallery\" data-caption=\"Fistula catheter 8F\" href=\"https:\/\/fcaresystems.com\/wp-content\/uploads\/2022\/11\/fistula-catheter-8F.jpg\"><img decoding=\"async\" src=\"https:\/\/fcaresystems.com\/wp-content\/uploads\/2022\/11\/fistula-catheter-8F.jpg\" title=\"Fistula catheter 8F\"  \/><\/a><a data-fancybox=\"gallery\" data-caption=\"Fistula catheter 9F\" href=\"https:\/\/fcaresystems.com\/wp-content\/uploads\/2022\/11\/fistula-catheter-9F.jpg\"><img decoding=\"async\" src=\"https:\/\/fcaresystems.com\/wp-content\/uploads\/2022\/11\/fistula-catheter-9F.jpg\" title=\"Fistula catheter 9F\"  \/><\/a><a data-fancybox=\"gallery\" data-caption=\"thermal ablation catheter 9F\" href=\"https:\/\/fcaresystems.com\/wp-content\/uploads\/2022\/11\/thermal-ablation-catheter-9F-1.jpg\"><img decoding=\"async\" src=\"https:\/\/fcaresystems.com\/wp-content\/uploads\/2022\/11\/thermal-ablation-catheter-9F-1.jpg\" title=\"thermal ablation catheter 9F\"  \/><\/a><\/div><\/div><div class=\"c-slider-nav-container\"><div class=\"c-slider c-slider-slick c-slider-slick-nav u-margin-top-sm\" ref=\"slickNav\"><div><img decoding=\"async\" class=\"\" src=\"https:\/\/fcaresystems.com\/wp-content\/uploads\/2022\/11\/fistula-catheter-6F.jpg\" srcset=\"\" alt=\"\" \/><\/div><div><img decoding=\"async\" class=\"\" src=\"https:\/\/fcaresystems.com\/wp-content\/uploads\/2022\/11\/rf-catheter-tip.jpg\" srcset=\"\" alt=\"\" \/><\/div><div><img decoding=\"async\" class=\"\" src=\"https:\/\/fcaresystems.com\/wp-content\/uploads\/2022\/11\/rf-catheters-ablation-fistulas.jpg\" srcset=\"\" alt=\"\" \/><\/div><div><img decoding=\"async\" class=\"\" src=\"https:\/\/fcaresystems.com\/wp-content\/uploads\/2022\/11\/fistula-catheter-7F.jpg\" srcset=\"\" alt=\"\" \/><\/div><div><img decoding=\"async\" class=\"\" src=\"https:\/\/fcaresystems.com\/wp-content\/uploads\/2022\/11\/fistula-catheter-8F.jpg\" srcset=\"\" alt=\"\" \/><\/div><div><img decoding=\"async\" class=\"\" src=\"https:\/\/fcaresystems.com\/wp-content\/uploads\/2022\/11\/fistula-catheter-9F.jpg\" srcset=\"\" alt=\"\" \/><\/div><div><img decoding=\"async\" class=\"\" src=\"https:\/\/fcaresystems.com\/wp-content\/uploads\/2022\/11\/thermal-ablation-catheter-9F-1.jpg\" srcset=\"\" alt=\"\" \/><\/div><\/div><\/div><\/div><\/div>\n\n\n\n<div class=\"wp-block-column is-layout-flow wp-block-column-is-layout-flow\">\n<figure class=\"wp-block-image size-full\"><img decoding=\"async\" src=\"https:\/\/fcaresystems.com\/wp-content\/uploads\/2022\/11\/Fistura.svg\" alt=\"\" class=\"wp-image-1051\"\/><\/figure>\n\n\n\n<div class=\"wp-block-fcs-core-spacer u-padding-xs-lg u-padding-xs\"><\/div>\n\n\n\n<h1 class=\"wp-block-heading has-secondary-color has-text-color\" style=\"text-transform:none\">Fistura\u00ae-Ablationskatheter<\/h1>\n\n\n\n<p>Das innovative <mark style=\"background-color:rgba(0, 0, 0, 0)\" class=\"has-inline-color has-primary-color\"><a href=\"https:\/\/fcaresystems.com\/de\/minimalinvasive-behandlungen\/proktologie\/rf-ablation-analfisteln\/\">Fistura\u00ae-Verfahren<\/a><\/mark> ist eine minimalinvasive, f\u00fcr den Schlie\u00dfmuskel schonende Methode zur Behandlung von Analfisteln mit <mark style=\"background-color:rgba(0, 0, 0, 0)\" class=\"has-inline-color has-primary-color\"><a href=\"https:\/\/fcaresystems.com\/de\/radiofrequenz-thermokoagulation\/\">Radiofrequenzkatheterablation<\/a><\/mark>. Hochflexible Fistura\u00ae-Katheter helfen Anwendern, den Fisteltrakt einfach zu verfolgen und ihn in wenigen Minuten \u00fcber seine gesamte L\u00e4nge zu versiegeln. Markierungen entlang des Katheters dienen als praktische visuelle Anleitung: Ziehen Sie den Katheter alle 12&nbsp;Sekunden einfach um eine Markierung heraus. Dar\u00fcber hinaus hat die Katheterspitze einen thermischen Wirkungsradius von nur 3&nbsp;mm, wodurch eine Sch\u00e4digung des umgebenden Gewebes vermieden wird.<\/p>\n\n\n\n<div class=\"wp-block-fcs-core-spacer u-padding-xs-lg u-padding-xs\"><\/div>\n\n\n\n<p>Fistura\u00ae-Katheter sind in vier Gr\u00f6\u00dfen erh\u00e4ltlich, je nach Durchmesser der abzutragenden Analfistel:<\/p>\n\n\n\n<figure class=\"wp-block-table\"><table><thead><tr><th class=\"has-text-align-left\" data-align=\"left\"><strong>Gr\u00f6\u00dfe<\/strong><\/th><th>6F<\/th><th>7F<\/th><th>8F<\/th><th>9F<\/th><\/tr><\/thead><tbody><tr><td class=\"has-text-align-left\" data-align=\"left\"><strong>Katheterdurchmesser<\/strong><\/td><td>2 mm<\/td><td>2,33 mm<\/td><td>2,66 mm<\/td><td>3 mm<\/td><\/tr><tr><td class=\"has-text-align-left\" data-align=\"left\"><strong>Kathetergewicht<\/strong><\/td><td>40 g<\/td><td> 41 g<\/td><td>42 g<\/td><td>43 g<\/td><\/tr><tr><td class=\"has-text-align-left\" data-align=\"left\">Produktreferenzen<\/td><td>05FIS6F<\/td><td>05FIS7F<\/td><td>05FIS8F<\/td><td>05FIS9F<\/td><\/tr><\/tbody><\/table><\/figure>\n\n\n\n<div class=\"wp-block-fcs-core-spacer u-padding-xs-lg u-padding-xs\"><\/div>\n\n\n\n<h3 class=\"wp-block-heading has-secondary-color has-text-color\">Zus\u00e4tzliche technische Spezifikationen<\/h3>\n\n\n\n<p>Katheterl\u00e4nge: 350&nbsp;mm<br>Markierungen: alle 5&nbsp;mm<br>Isoliermaterial: PFTE<br>Spitzenl\u00e4nge: 4&nbsp;mm<br>Spitzen-Material: AISI 316L Edelstahl<br>Verl\u00e4ngerungskabell\u00e4nge: 2,5&nbsp;m<br>Medizinprodukteklasse: IIb<\/p>\n<\/div>\n<\/div>\n\n\n\n<div class=\"wp-block-fcs-core-spacer u-padding-xl-lg u-padding-md\"><\/div>\n<\/div>\n\n\n\n<div class=\"wp-block-group has-secondary-background-color has-background\"><div class=\"wp-block-group__inner-container is-layout-constrained wp-block-group-is-layout-constrained\">\n<div class=\"wp-block-fcs-core-spacer u-padding-md-lg u-padding-md\"><\/div>\n\n\n\n<div class=\"wp-block-fcs-core-container o-container\">\n<figure class=\"wp-block-image size-full is-resized\"><img loading=\"lazy\" decoding=\"async\" src=\"https:\/\/fcaresystems.com\/wp-content\/uploads\/2022\/11\/icon-doctor-white.svg\" alt=\"\" class=\"wp-image-392\" width=\"46\" height=\"48\"\/><\/figure>\n\n\n\n<div class=\"wp-block-fcs-core-spacer u-padding-xxs-lg u-padding-sm\"><\/div>\n\n\n\n<div class=\"wp-block-columns is-layout-flex wp-container-core-columns-is-layout-9d6595d7 wp-block-columns-is-layout-flex\">\n<div class=\"wp-block-column is-layout-flow wp-block-column-is-layout-flow\" style=\"flex-basis:54%\">\n<h2 class=\"wp-block-heading u-margin-none has-white-color has-text-color\">Ich brauche dies f\u00fcr meine Praxis<\/h2>\n\n\n\n<div class=\"wp-block-fcs-core-spacer u-padding-xxs-lg u-padding-xs\"><\/div>\n<\/div>\n\n\n\n<div class=\"wp-block-column is-vertically-aligned-bottom is-layout-flow wp-block-column-is-layout-flow\">\n<div class=\"wp-block-buttons is-content-justification-left is-layout-flex wp-container-core-buttons-is-layout-fdcfc74e wp-block-buttons-is-layout-flex\">\n<div class=\"wp-block-button alignright\"><a class=\"wp-block-button__link has-primary-background-color has-background wp-element-button\" href=\"https:\/\/fcaresystems.com\/de\/produkte\/bestellungen\/\">dieses Produkt bestellen<\/a><\/div>\n\n\n\n<div class=\"wp-block-button alignright is-style-outline is-style-outline--1\"><a class=\"wp-block-button__link has-white-color has-text-color wp-element-button\" href=\"https:\/\/fcaresystems.com\/de\/produkte\/\">alle Produkte anzeigen<\/a><\/div>\n<\/div>\n<\/div>\n<\/div>\n<\/div>\n\n\n\n<div class=\"wp-block-fcs-core-spacer u-padding-md-lg u-padding-md\"><\/div>\n<\/div><\/div>\n\n\n\n<div class=\"wp-block-fcs-core-spacer u-padding-xl-lg u-padding-md\"><\/div>\n\n\n\n<div class=\"wp-block-fcs-core-container o-container\">\n<h2 class=\"wp-block-heading is-style-underline has-secondary-color has-text-color\">Verbundene Behandlungen<\/h2>\n\n\n\n<div class=\"wp-block-fcs-core-spacer u-padding-xs-lg u-padding-sm\"><\/div>\n\n\n\n<div class=\"wp-block-columns is-layout-flex wp-container-core-columns-is-layout-9d6595d7 wp-block-columns-is-layout-flex\">\n<div class=\"wp-block-column is-layout-flow wp-block-column-is-layout-flow\">\n<h3 class=\"wp-block-heading has-secondary-color has-text-color\"><strong>Fistura\u00ae | RF-Ablation von Analfisteln<\/strong><\/h3>\n\n\n\n<p>Die flexiblen Fistura\u00ae-Katheter werden in die Fistel eingef\u00fchrt und dann schrittweise zur\u00fcckgezogen, um den Trakt mit Hilfe der Radiofrequenz-Thermokoagulation millimeterweise zu verschlie\u00dfen.<\/p>\n\n\n\n<div class=\"wp-block-fcs-core-spacer u-padding-xs-lg u-padding-sm\"><\/div>\n\n\n\n<div class=\"wp-block-buttons is-layout-flex wp-block-buttons-is-layout-flex\">\n<div class=\"wp-block-button is-style-fill\"><a class=\"wp-block-button__link has-white-color has-primary-background-color has-text-color has-background wp-element-button\" href=\"https:\/\/fcaresystems.com\/de\/minimalinvasive-behandlungen\/proktologie\/rf-ablation-analfisteln\/\">\u00dcber das Fistura\u00ae-Verfahren<\/a><\/div>\n<\/div>\n<\/div>\n\n\n\n<div class=\"wp-block-column is-layout-flow wp-block-column-is-layout-flow\">\n<div class=\"wp-block-fcs-core-spacer u-padding-xs-lg u-padding-sm\"><\/div>\n\n\n\n<figure class=\"wp-block-image size-large\"><a href=\"https:\/\/youtu.be\/qObyz3yOpXM\" target=\"_blank\" rel=\"noreferrer noopener\"><img loading=\"lazy\" decoding=\"async\" width=\"1024\" height=\"576\" src=\"https:\/\/fcaresystems.com\/wp-content\/uploads\/2023\/01\/Thumbn-Fistura-1024x576.jpg\" alt=\"\" class=\"wp-image-6481\" srcset=\"https:\/\/fcaresystems.com\/wp-content\/uploads\/2023\/01\/Thumbn-Fistura-1024x576.jpg 1024w, https:\/\/fcaresystems.com\/wp-content\/uploads\/2023\/01\/Thumbn-Fistura-300x169.jpg 300w, https:\/\/fcaresystems.com\/wp-content\/uploads\/2023\/01\/Thumbn-Fistura-768x432.jpg 768w, https:\/\/fcaresystems.com\/wp-content\/uploads\/2023\/01\/Thumbn-Fistura.jpg 1280w\" sizes=\"auto, (max-width: 1024px) 100vw, 1024px\" \/><\/a><\/figure>\n<\/div>\n<\/div>\n<\/div>\n\n\n\n<div class=\"wp-block-fcs-core-spacer u-padding-xxxl-lg u-padding-md\"><\/div>\n","protected":false},"excerpt":{"rendered":"<p>Erh\u00e4ltlich in verschiedenen Gr\u00f6\u00dfen f\u00fcr die Behandlung von Fisteln mit unterschiedlichem Durchmesser.<\/p>\n","protected":false},"author":1,"featured_media":5039,"parent":7656,"menu_order":0,"comment_status":"closed","ping_status":"closed","template":"","meta":{"_color_hex":"","_color_slug":"","footnotes":""},"class_list":["post-7680","page","type-page","status-publish","has-post-thumbnail","hentry"],"yoast_head":"<!-- This site is optimized with the Yoast SEO plugin v27.0 - https:\/\/yoast.com\/product\/yoast-seo-wordpress\/ -->\n<title>Fistura\u00ae-RF-Ablationskatheter f\u00fcr Analfisteln | F Care Systems<\/title>\n<meta name=\"description\" content=\"Informationen zu den Kathetern der Gr\u00f6\u00dfen 6F, 7F, 8F und 9F, die bei der thermischen Ablation von Fistula-in-Ano mit Fistura\u00ae verwendet werden.\" \/>\n<meta name=\"robots\" content=\"index, follow, max-snippet:-1, max-image-preview:large, max-video-preview:-1\" \/>\n<link rel=\"canonical\" href=\"https:\/\/fcaresystems.com\/de\/produkte\/verbrauchsmaterialien\/fistura-rf-ablationskatheter\/\" \/>\n<meta property=\"og:locale\" content=\"de_DE\" \/>\n<meta property=\"og:type\" content=\"article\" \/>\n<meta property=\"og:title\" content=\"Fistura\u00ae-RF-Ablationskatheter f\u00fcr Analfisteln | F Care Systems\" \/>\n<meta property=\"og:description\" content=\"Informationen zu den Kathetern der Gr\u00f6\u00dfen 6F, 7F, 8F und 9F, die bei der thermischen Ablation von Fistula-in-Ano mit Fistura\u00ae verwendet werden.\" \/>\n<meta property=\"og:url\" content=\"https:\/\/fcaresystems.com\/de\/produkte\/verbrauchsmaterialien\/fistura-rf-ablationskatheter\/\" \/>\n<meta property=\"og:site_name\" content=\"F Care Systems\" \/>\n<meta property=\"article:modified_time\" content=\"2023-07-07T07:06:42+00:00\" \/>\n<meta property=\"og:image\" content=\"https:\/\/fcaresystems.com\/wp-content\/uploads\/2022\/11\/fistula-catheter-6F.jpg\" \/>\n\t<meta property=\"og:image:width\" content=\"1080\" \/>\n\t<meta property=\"og:image:height\" content=\"810\" \/>\n\t<meta property=\"og:image:type\" content=\"image\/jpeg\" \/>\n<meta name=\"twitter:card\" content=\"summary_large_image\" \/>\n<meta name=\"twitter:label1\" content=\"Gesch\u00e4tzte Lesezeit\" \/>\n\t<meta name=\"twitter:data1\" content=\"2\u00a0Minuten\" \/>\n<script type=\"application\/ld+json\" class=\"yoast-schema-graph\">{\"@context\":\"https:\/\/schema.org\",\"@graph\":[{\"@type\":\"WebPage\",\"@id\":\"https:\/\/fcaresystems.com\/de\/produkte\/verbrauchsmaterialien\/fistura-rf-ablationskatheter\/\",\"url\":\"https:\/\/fcaresystems.com\/de\/produkte\/verbrauchsmaterialien\/fistura-rf-ablationskatheter\/\",\"name\":\"Fistura\u00ae-RF-Ablationskatheter f\u00fcr Analfisteln | F Care Systems\",\"isPartOf\":{\"@id\":\"https:\/\/fcaresystems.com\/de\/#website\"},\"primaryImageOfPage\":{\"@id\":\"https:\/\/fcaresystems.com\/de\/produkte\/verbrauchsmaterialien\/fistura-rf-ablationskatheter\/#primaryimage\"},\"image\":{\"@id\":\"https:\/\/fcaresystems.com\/de\/produkte\/verbrauchsmaterialien\/fistura-rf-ablationskatheter\/#primaryimage\"},\"thumbnailUrl\":\"https:\/\/fcaresystems.com\/wp-content\/uploads\/2022\/11\/fistula-catheter-6F.jpg\",\"datePublished\":\"2022-11-18T11:34:20+00:00\",\"dateModified\":\"2023-07-07T07:06:42+00:00\",\"description\":\"Informationen zu den Kathetern der Gr\u00f6\u00dfen 6F, 7F, 8F und 9F, die bei der thermischen Ablation von Fistula-in-Ano mit Fistura\u00ae verwendet werden.\",\"breadcrumb\":{\"@id\":\"https:\/\/fcaresystems.com\/de\/produkte\/verbrauchsmaterialien\/fistura-rf-ablationskatheter\/#breadcrumb\"},\"inLanguage\":\"de\",\"potentialAction\":[{\"@type\":\"ReadAction\",\"target\":[\"https:\/\/fcaresystems.com\/de\/produkte\/verbrauchsmaterialien\/fistura-rf-ablationskatheter\/\"]}]},{\"@type\":\"ImageObject\",\"inLanguage\":\"de\",\"@id\":\"https:\/\/fcaresystems.com\/de\/produkte\/verbrauchsmaterialien\/fistura-rf-ablationskatheter\/#primaryimage\",\"url\":\"https:\/\/fcaresystems.com\/wp-content\/uploads\/2022\/11\/fistula-catheter-6F.jpg\",\"contentUrl\":\"https:\/\/fcaresystems.com\/wp-content\/uploads\/2022\/11\/fistula-catheter-6F.jpg\",\"width\":1080,\"height\":810,\"caption\":\"Fistula catheter 6F\"},{\"@type\":\"BreadcrumbList\",\"@id\":\"https:\/\/fcaresystems.com\/de\/produkte\/verbrauchsmaterialien\/fistura-rf-ablationskatheter\/#breadcrumb\",\"itemListElement\":[{\"@type\":\"ListItem\",\"position\":1,\"name\":\"Home\",\"item\":\"https:\/\/fcaresystems.com\/de\/\"},{\"@type\":\"ListItem\",\"position\":2,\"name\":\"Produkte\",\"item\":\"https:\/\/fcaresystems.com\/de\/produkte\/\"},{\"@type\":\"ListItem\",\"position\":3,\"name\":\"Verbrauchsmaterialien\",\"item\":\"https:\/\/fcaresystems.com\/de\/produkte\/verbrauchsmaterialien\/\"},{\"@type\":\"ListItem\",\"position\":4,\"name\":\"RF-Katheter Fistura\"}]},{\"@type\":\"WebSite\",\"@id\":\"https:\/\/fcaresystems.com\/de\/#website\",\"url\":\"https:\/\/fcaresystems.com\/de\/\",\"name\":\"F Care Systems\",\"description\":\"\",\"publisher\":{\"@id\":\"https:\/\/fcaresystems.com\/de\/#organization\"},\"potentialAction\":[{\"@type\":\"SearchAction\",\"target\":{\"@type\":\"EntryPoint\",\"urlTemplate\":\"https:\/\/fcaresystems.com\/de\/?s={search_term_string}\"},\"query-input\":{\"@type\":\"PropertyValueSpecification\",\"valueRequired\":true,\"valueName\":\"search_term_string\"}}],\"inLanguage\":\"de\"},{\"@type\":\"Organization\",\"@id\":\"https:\/\/fcaresystems.com\/de\/#organization\",\"name\":\"F Care Systems\",\"url\":\"https:\/\/fcaresystems.com\/de\/\",\"logo\":{\"@type\":\"ImageObject\",\"inLanguage\":\"de\",\"@id\":\"https:\/\/fcaresystems.com\/de\/#\/schema\/logo\/image\/\",\"url\":\"https:\/\/fcaresystems.com\/wp-content\/uploads\/2022\/11\/logo-2.svg\",\"contentUrl\":\"https:\/\/fcaresystems.com\/wp-content\/uploads\/2022\/11\/logo-2.svg\",\"caption\":\"F Care Systems\"},\"image\":{\"@id\":\"https:\/\/fcaresystems.com\/de\/#\/schema\/logo\/image\/\"}}]}<\/script>\n<!-- \/ Yoast SEO plugin. -->","yoast_head_json":{"title":"Fistura\u00ae-RF-Ablationskatheter f\u00fcr Analfisteln | F Care Systems","description":"Informationen zu den Kathetern der Gr\u00f6\u00dfen 6F, 7F, 8F und 9F, die bei der thermischen Ablation von Fistula-in-Ano mit Fistura\u00ae verwendet werden.","robots":{"index":"index","follow":"follow","max-snippet":"max-snippet:-1","max-image-preview":"max-image-preview:large","max-video-preview":"max-video-preview:-1"},"canonical":"https:\/\/fcaresystems.com\/de\/produkte\/verbrauchsmaterialien\/fistura-rf-ablationskatheter\/","og_locale":"de_DE","og_type":"article","og_title":"Fistura\u00ae-RF-Ablationskatheter f\u00fcr Analfisteln | F Care Systems","og_description":"Informationen zu den Kathetern der Gr\u00f6\u00dfen 6F, 7F, 8F und 9F, die bei der thermischen Ablation von Fistula-in-Ano mit Fistura\u00ae verwendet werden.","og_url":"https:\/\/fcaresystems.com\/de\/produkte\/verbrauchsmaterialien\/fistura-rf-ablationskatheter\/","og_site_name":"F Care Systems","article_modified_time":"2023-07-07T07:06:42+00:00","og_image":[{"width":1080,"height":810,"url":"https:\/\/fcaresystems.com\/wp-content\/uploads\/2022\/11\/fistula-catheter-6F.jpg","type":"image\/jpeg"}],"twitter_card":"summary_large_image","twitter_misc":{"Gesch\u00e4tzte Lesezeit":"2\u00a0Minuten"},"schema":{"@context":"https:\/\/schema.org","@graph":[{"@type":"WebPage","@id":"https:\/\/fcaresystems.com\/de\/produkte\/verbrauchsmaterialien\/fistura-rf-ablationskatheter\/","url":"https:\/\/fcaresystems.com\/de\/produkte\/verbrauchsmaterialien\/fistura-rf-ablationskatheter\/","name":"Fistura\u00ae-RF-Ablationskatheter f\u00fcr Analfisteln | F Care Systems","isPartOf":{"@id":"https:\/\/fcaresystems.com\/de\/#website"},"primaryImageOfPage":{"@id":"https:\/\/fcaresystems.com\/de\/produkte\/verbrauchsmaterialien\/fistura-rf-ablationskatheter\/#primaryimage"},"image":{"@id":"https:\/\/fcaresystems.com\/de\/produkte\/verbrauchsmaterialien\/fistura-rf-ablationskatheter\/#primaryimage"},"thumbnailUrl":"https:\/\/fcaresystems.com\/wp-content\/uploads\/2022\/11\/fistula-catheter-6F.jpg","datePublished":"2022-11-18T11:34:20+00:00","dateModified":"2023-07-07T07:06:42+00:00","description":"Informationen zu den Kathetern der Gr\u00f6\u00dfen 6F, 7F, 8F und 9F, die bei der thermischen Ablation von Fistula-in-Ano mit Fistura\u00ae verwendet werden.","breadcrumb":{"@id":"https:\/\/fcaresystems.com\/de\/produkte\/verbrauchsmaterialien\/fistura-rf-ablationskatheter\/#breadcrumb"},"inLanguage":"de","potentialAction":[{"@type":"ReadAction","target":["https:\/\/fcaresystems.com\/de\/produkte\/verbrauchsmaterialien\/fistura-rf-ablationskatheter\/"]}]},{"@type":"ImageObject","inLanguage":"de","@id":"https:\/\/fcaresystems.com\/de\/produkte\/verbrauchsmaterialien\/fistura-rf-ablationskatheter\/#primaryimage","url":"https:\/\/fcaresystems.com\/wp-content\/uploads\/2022\/11\/fistula-catheter-6F.jpg","contentUrl":"https:\/\/fcaresystems.com\/wp-content\/uploads\/2022\/11\/fistula-catheter-6F.jpg","width":1080,"height":810,"caption":"Fistula catheter 6F"},{"@type":"BreadcrumbList","@id":"https:\/\/fcaresystems.com\/de\/produkte\/verbrauchsmaterialien\/fistura-rf-ablationskatheter\/#breadcrumb","itemListElement":[{"@type":"ListItem","position":1,"name":"Home","item":"https:\/\/fcaresystems.com\/de\/"},{"@type":"ListItem","position":2,"name":"Produkte","item":"https:\/\/fcaresystems.com\/de\/produkte\/"},{"@type":"ListItem","position":3,"name":"Verbrauchsmaterialien","item":"https:\/\/fcaresystems.com\/de\/produkte\/verbrauchsmaterialien\/"},{"@type":"ListItem","position":4,"name":"RF-Katheter Fistura"}]},{"@type":"WebSite","@id":"https:\/\/fcaresystems.com\/de\/#website","url":"https:\/\/fcaresystems.com\/de\/","name":"F Care Systems","description":"","publisher":{"@id":"https:\/\/fcaresystems.com\/de\/#organization"},"potentialAction":[{"@type":"SearchAction","target":{"@type":"EntryPoint","urlTemplate":"https:\/\/fcaresystems.com\/de\/?s={search_term_string}"},"query-input":{"@type":"PropertyValueSpecification","valueRequired":true,"valueName":"search_term_string"}}],"inLanguage":"de"},{"@type":"Organization","@id":"https:\/\/fcaresystems.com\/de\/#organization","name":"F Care Systems","url":"https:\/\/fcaresystems.com\/de\/","logo":{"@type":"ImageObject","inLanguage":"de","@id":"https:\/\/fcaresystems.com\/de\/#\/schema\/logo\/image\/","url":"https:\/\/fcaresystems.com\/wp-content\/uploads\/2022\/11\/logo-2.svg","contentUrl":"https:\/\/fcaresystems.com\/wp-content\/uploads\/2022\/11\/logo-2.svg","caption":"F Care Systems"},"image":{"@id":"https:\/\/fcaresystems.com\/de\/#\/schema\/logo\/image\/"}}]}},"_links":{"self":[{"href":"https:\/\/fcaresystems.com\/de\/wp-json\/wp\/v2\/pages\/7680","targetHints":{"allow":["GET"]}}],"collection":[{"href":"https:\/\/fcaresystems.com\/de\/wp-json\/wp\/v2\/pages"}],"about":[{"href":"https:\/\/fcaresystems.com\/de\/wp-json\/wp\/v2\/types\/page"}],"author":[{"embeddable":true,"href":"https:\/\/fcaresystems.com\/de\/wp-json\/wp\/v2\/users\/1"}],"replies":[{"embeddable":true,"href":"https:\/\/fcaresystems.com\/de\/wp-json\/wp\/v2\/comments?post=7680"}],"version-history":[{"count":9,"href":"https:\/\/fcaresystems.com\/de\/wp-json\/wp\/v2\/pages\/7680\/revisions"}],"predecessor-version":[{"id":12281,"href":"https:\/\/fcaresystems.com\/de\/wp-json\/wp\/v2\/pages\/7680\/revisions\/12281"}],"up":[{"embeddable":true,"href":"https:\/\/fcaresystems.com\/de\/wp-json\/wp\/v2\/pages\/7656"}],"wp:featuredmedia":[{"embeddable":true,"href":"https:\/\/fcaresystems.com\/de\/wp-json\/wp\/v2\/media\/5039"}],"wp:attachment":[{"href":"https:\/\/fcaresystems.com\/de\/wp-json\/wp\/v2\/media?parent=7680"}],"curies":[{"name":"wp","href":"https:\/\/api.w.org\/{rel}","templated":true}]}}