{"id":7671,"date":"2022-11-18T12:54:38","date_gmt":"2022-11-18T11:54:38","guid":{"rendered":"https:\/\/fcaresystems.com\/produkte\/verbrauchsmaterialien\/cr45i-packs\/"},"modified":"2023-07-07T08:44:40","modified_gmt":"2023-07-07T06:44:40","slug":"cr45i-packs","status":"publish","type":"page","link":"https:\/\/fcaresystems.com\/de\/produkte\/verbrauchsmaterialien\/cr45i-packs\/","title":{"rendered":"CR45i Packs"},"content":{"rendered":"\n<div class=\"wp-block-fcs-core-container o-container\">\n<div class=\"wp-block-fcs-core-spacer u-padding-md-lg u-padding-md\"><\/div>\n\n\n\n<div class=\"wp-block-group c-breadcrumb\"><div class=\"wp-block-group__inner-container is-layout-flow wp-block-group-is-layout-flow\"><span><span><a href=\"https:\/\/fcaresystems.com\/de\/\">Home<\/a><\/span><\/span>\n<\/div><\/div>\n\n\n\n<div class=\"wp-block-fcs-core-spacer u-padding-md-lg u-padding-md\"><\/div>\n\n\n\n<div class=\"wp-block-columns is-style-largegap is-layout-flex wp-container-core-columns-is-layout-9d6595d7 wp-block-columns-is-layout-flex\">\n<div class=\"wp-block-column is-layout-flow wp-block-column-is-layout-flow\"><div class=\"c-slider-gallery\"><div class=\"c-slider-wrapper\"><div class=\"c-slider c-slider-slick c-slider-slick-for o-block\" ref=\"slickSlide\"><a data-fancybox=\"gallery\" data-caption=\"CR45i Pack S with packaging\" href=\"https:\/\/fcaresystems.com\/wp-content\/uploads\/2023\/02\/06CR45iPACK-S_CR45i-S-Pack-with-6F-introducer-set_02.jpg\"><img decoding=\"async\" src=\"https:\/\/fcaresystems.com\/wp-content\/uploads\/2023\/02\/06CR45iPACK-S_CR45i-S-Pack-with-6F-introducer-set_02.jpg\" title=\"CR45i Pack S with packaging\"  \/><\/a><a data-fancybox=\"gallery\" data-caption=\"CR45i Pack S\" href=\"https:\/\/fcaresystems.com\/wp-content\/uploads\/2023\/02\/06CR45iPACK-S_CR45i-S-Pack-with-6F-introducer-set_01.jpg\"><img decoding=\"async\" src=\"https:\/\/fcaresystems.com\/wp-content\/uploads\/2023\/02\/06CR45iPACK-S_CR45i-S-Pack-with-6F-introducer-set_01.jpg\" title=\"CR45i Pack S\"  \/><\/a><a data-fancybox=\"gallery\" data-caption=\"CR45i Pack with pakaging\" href=\"https:\/\/fcaresystems.com\/wp-content\/uploads\/2023\/02\/06CR45iPACK_CR45i-Pack-with-6F-introducer-set_02.jpg\"><img decoding=\"async\" src=\"https:\/\/fcaresystems.com\/wp-content\/uploads\/2023\/02\/06CR45iPACK_CR45i-Pack-with-6F-introducer-set_02.jpg\" title=\"CR45i Pack with pakaging\"  \/><\/a><a data-fancybox=\"gallery\" data-caption=\"CR45i Pack \" href=\"https:\/\/fcaresystems.com\/wp-content\/uploads\/2023\/02\/06CR45iPACK_CR45i-Pack-with-6F-introducer-set_01.jpg\"><img decoding=\"async\" src=\"https:\/\/fcaresystems.com\/wp-content\/uploads\/2023\/02\/06CR45iPACK_CR45i-Pack-with-6F-introducer-set_01.jpg\" title=\"CR45i Pack \"  \/><\/a><\/div><\/div><div class=\"c-slider-nav-container\"><div class=\"c-slider c-slider-slick c-slider-slick-nav u-margin-top-sm\" ref=\"slickNav\"><div><img decoding=\"async\" class=\"\" src=\"https:\/\/fcaresystems.com\/wp-content\/uploads\/2023\/02\/06CR45iPACK-S_CR45i-S-Pack-with-6F-introducer-set_02.jpg\" srcset=\"\" alt=\"\" \/><\/div><div><img decoding=\"async\" class=\"\" src=\"https:\/\/fcaresystems.com\/wp-content\/uploads\/2023\/02\/06CR45iPACK-S_CR45i-S-Pack-with-6F-introducer-set_01.jpg\" srcset=\"\" alt=\"\" \/><\/div><div><img decoding=\"async\" class=\"\" src=\"https:\/\/fcaresystems.com\/wp-content\/uploads\/2023\/02\/06CR45iPACK_CR45i-Pack-with-6F-introducer-set_02.jpg\" srcset=\"\" alt=\"\" \/><\/div><div><img decoding=\"async\" class=\"\" src=\"https:\/\/fcaresystems.com\/wp-content\/uploads\/2023\/02\/06CR45iPACK_CR45i-Pack-with-6F-introducer-set_01.jpg\" srcset=\"\" alt=\"\" \/><\/div><\/div><\/div><\/div><\/div>\n\n\n\n<div class=\"wp-block-column is-layout-flow wp-block-column-is-layout-flow\">\n<figure class=\"wp-block-image size-full is-resized\"><img loading=\"lazy\" decoding=\"async\" src=\"https:\/\/fcaresystems.com\/wp-content\/uploads\/2022\/11\/Veineo.svg\" alt=\"\" class=\"wp-image-1056\" width=\"96\" height=\"24\"\/><\/figure>\n\n\n\n<div class=\"wp-block-fcs-core-spacer u-padding-xs-lg u-padding-xs\"><\/div>\n\n\n\n<h1 class=\"wp-block-heading has-secondary-color has-text-color\"><strong>CR45i Packs<\/strong><\/h1>\n\n\n\n<p>CR45i-Packs enthalten alles, was \u00c4rzte f\u00fcr die nicht-chirurgische <mark style=\"background-color:rgba(0, 0, 0, 0)\" class=\"has-inline-color has-primary-color\"><a href=\"https:\/\/fcaresystems.com\/de\/minimalinvasive-behandlungen\/phlebologie\/rf-ablation-krampfadern\/\">Radiofrequenz-Thermokoagulation von Rosenvenen<\/a><\/mark> ben\u00f6tigen:<\/p>\n\n\n\n<div class=\"wp-block-fcs-core-spacer u-padding-xs-lg u-padding-xs\"><\/div>\n\n\n\n<h3 class=\"wp-block-heading has-secondary-color has-text-color\">Inhalt<\/h3>\n\n\n\n<ul class=\"wp-block-list\">\n<li>1x steriler CR45i-Katheter<\/li>\n\n\n\n<li>1x steriles Einf\u00fchrset 6F<\/li>\n\n\n\n<li>1x sterile Nadel 21G<\/li>\n\n\n\n<li>1x steriles Schlauchset f\u00fcr Tumeszenzpumpe<\/li>\n\n\n\n<li>1x sterile Abdeckung f\u00fcr Transducer<\/li>\n\n\n\n<li>1x universelles elektrochirurgisches Pad (festes oder zweigeteiltes)<\/li>\n<\/ul>\n\n\n\n<div class=\"wp-block-fcs-core-spacer u-padding-xs-lg u-padding-xs\"><\/div>\n\n\n\n<p>Es sind zwei Varianten des CR45i-Packs erh\u00e4ltlich: das regul\u00e4re CR45i-Pack, das ein festes elektrochirurgisches Pad zur Verwendung mit dem <mark style=\"background-color:rgba(0, 0, 0, 0)\" class=\"has-inline-color has-primary-color\"><a href=\"https:\/\/fcaresystems.com\/de\/produkte\/generatoren\/evrf-radiofrequenz-generator\/\">EVRF\u00ae-Generator<\/a><\/mark> enth\u00e4lt, und das CR45i-Pack S, das \u00fcber ein zweigeteiltes Pad zur Verwendung mit dem <mark style=\"background-color:rgba(0, 0, 0, 0)\" class=\"has-inline-color has-primary-color\"><a href=\"https:\/\/fcaresystems.com\/de\/produkte\/generatoren\/medrf4000-radiofrequenzgenerator\/\">MedRF4000\u00ae-Generator<\/a><\/mark> verf\u00fcgt.<\/p>\n\n\n\n<div class=\"wp-block-fcs-core-spacer u-padding-xs-lg u-padding-xs\"><\/div>\n\n\n\n<p><strong>Produktreferenzen: <\/strong><br>06CR45iPACK (mit festem Pad)<br>06CR45iPACK-S (mit zweigeteiltem Pad)<\/p>\n<\/div>\n<\/div>\n\n\n\n<div class=\"wp-block-fcs-core-spacer u-padding-xl-lg u-padding-md\"><\/div>\n<\/div>\n\n\n\n<div class=\"wp-block-group has-secondary-background-color has-background\"><div class=\"wp-block-group__inner-container is-layout-constrained wp-block-group-is-layout-constrained\">\n<div class=\"wp-block-fcs-core-spacer u-padding-md-lg u-padding-md\"><\/div>\n\n\n\n<div class=\"wp-block-fcs-core-container o-container\">\n<figure class=\"wp-block-image size-full is-resized\"><img loading=\"lazy\" decoding=\"async\" src=\"https:\/\/fcaresystems.com\/wp-content\/uploads\/2022\/11\/icon-doctor-white.svg\" alt=\"\" class=\"wp-image-392\" width=\"46\" height=\"48\"\/><\/figure>\n\n\n\n<div class=\"wp-block-fcs-core-spacer u-padding-xxs-lg u-padding-sm\"><\/div>\n\n\n\n<div class=\"wp-block-columns is-layout-flex wp-container-core-columns-is-layout-9d6595d7 wp-block-columns-is-layout-flex\">\n<div class=\"wp-block-column is-layout-flow wp-block-column-is-layout-flow\" style=\"flex-basis:54%\">\n<h2 class=\"wp-block-heading u-margin-none has-white-color has-text-color\">Ich brauche dies f\u00fcr meine Praxis<\/h2>\n\n\n\n<div class=\"wp-block-fcs-core-spacer u-padding-xxs-lg u-padding-xs\"><\/div>\n<\/div>\n\n\n\n<div class=\"wp-block-column is-vertically-aligned-bottom is-layout-flow wp-block-column-is-layout-flow\">\n<div class=\"wp-block-buttons is-content-justification-left is-layout-flex wp-container-core-buttons-is-layout-fdcfc74e wp-block-buttons-is-layout-flex\">\n<div class=\"wp-block-button alignright\"><a class=\"wp-block-button__link has-primary-background-color has-background wp-element-button\" href=\"https:\/\/fcaresystems.com\/de\/produkte\/bestellungen\/\">dieses Produkt bestellen<\/a><\/div>\n\n\n\n<div class=\"wp-block-button alignright is-style-outline is-style-outline--1\"><a class=\"wp-block-button__link has-white-color has-text-color wp-element-button\" href=\"https:\/\/fcaresystems.com\/de\/produkte\/\">alle Produkte anzeigen<\/a><\/div>\n<\/div>\n<\/div>\n<\/div>\n<\/div>\n\n\n\n<div class=\"wp-block-fcs-core-spacer u-padding-md-lg u-padding-md\"><\/div>\n<\/div><\/div>\n\n\n\n<div class=\"wp-block-fcs-core-spacer u-padding-xl-lg u-padding-md\"><\/div>\n\n\n\n<div class=\"wp-block-fcs-core-container o-container\">\n<h2 class=\"wp-block-heading is-style-underline has-secondary-color has-text-color\">Verbundene Behandlungen<\/h2>\n\n\n\n<div class=\"wp-block-fcs-core-spacer u-padding-xs-lg u-padding-sm\"><\/div>\n\n\n\n<div class=\"wp-block-columns is-layout-flex wp-container-core-columns-is-layout-9d6595d7 wp-block-columns-is-layout-flex\">\n<div class=\"wp-block-column is-layout-flow wp-block-column-is-layout-flow\">\n<h3 class=\"wp-block-heading has-secondary-color has-text-color\">Veineo\u00ae | RFA f\u00fcr Krampfadern<\/h3>\n\n\n\n<p>Erfahren Sie mehr \u00fcber die Radiofrequenzablation von Krampfadern mit Veineo<\/p>\n\n\n\n<div class=\"wp-block-buttons is-layout-flex wp-block-buttons-is-layout-flex\">\n<div class=\"wp-block-button\"><a class=\"wp-block-button__link has-primary-background-color has-background wp-element-button\" href=\"https:\/\/fcaresystems.com\/de\/minimalinvasive-behandlungen\/phlebologie\/rf-ablation-krampfadern\/\">Veineo\u00ae-Verfahren<\/a><\/div>\n<\/div>\n<\/div>\n\n\n\n<div class=\"wp-block-column is-layout-flow wp-block-column-is-layout-flow\">\n<div class=\"wp-block-fcs-core-spacer u-padding-xs-lg u-padding-sm\"><\/div>\n\n\n\n<figure class=\"wp-block-image size-large\"><a href=\"https:\/\/youtu.be\/tF9c4GPQKts\" target=\"_blank\" rel=\"noreferrer noopener\"><img loading=\"lazy\" decoding=\"async\" width=\"1024\" height=\"576\" src=\"https:\/\/fcaresystems.com\/wp-content\/uploads\/2023\/01\/Thumbn-Endovenous-RFA-GSV-1024x576.jpg\" alt=\"\" class=\"wp-image-6466\" srcset=\"https:\/\/fcaresystems.com\/wp-content\/uploads\/2023\/01\/Thumbn-Endovenous-RFA-GSV-1024x576.jpg 1024w, https:\/\/fcaresystems.com\/wp-content\/uploads\/2023\/01\/Thumbn-Endovenous-RFA-GSV-300x169.jpg 300w, https:\/\/fcaresystems.com\/wp-content\/uploads\/2023\/01\/Thumbn-Endovenous-RFA-GSV-768x432.jpg 768w, https:\/\/fcaresystems.com\/wp-content\/uploads\/2023\/01\/Thumbn-Endovenous-RFA-GSV.jpg 1280w\" sizes=\"auto, (max-width: 1024px) 100vw, 1024px\" \/><\/a><\/figure>\n<\/div>\n<\/div>\n<\/div>\n\n\n\n<div class=\"wp-block-fcs-core-spacer u-padding-xxl-lg u-padding-md\"><\/div>\n","protected":false},"excerpt":{"rendered":"<p>Alles, was Gef\u00e4\u00dfspezialisten f\u00fcr die RF-Ablation von Stammvenen ben\u00f6tigen.<\/p>\n","protected":false},"author":1,"featured_media":10958,"parent":7656,"menu_order":0,"comment_status":"closed","ping_status":"closed","template":"","meta":{"_color_hex":"","_color_slug":"","footnotes":""},"class_list":["post-7671","page","type-page","status-publish","has-post-thumbnail","hentry"],"yoast_head":"<!-- This site is optimized with the Yoast SEO plugin v27.0 - https:\/\/yoast.com\/product\/yoast-seo-wordpress\/ -->\n<title>CR45i Packs | F Care Systems<\/title>\n<meta name=\"description\" content=\"Ein All-in-One-Kit f\u00fcr die Radiofrequenzablation der gro\u00dfen und kleinen Saphena-Venen (GSV und SSV) mit Veineo.\" \/>\n<meta name=\"robots\" content=\"index, follow, max-snippet:-1, max-image-preview:large, max-video-preview:-1\" \/>\n<link rel=\"canonical\" href=\"https:\/\/fcaresystems.com\/de\/produkte\/verbrauchsmaterialien\/cr45i-packs\/\" \/>\n<meta property=\"og:locale\" content=\"de_DE\" \/>\n<meta property=\"og:type\" content=\"article\" \/>\n<meta property=\"og:title\" content=\"CR45i Packs | F Care Systems\" \/>\n<meta property=\"og:description\" content=\"Ein All-in-One-Kit f\u00fcr die Radiofrequenzablation der gro\u00dfen und kleinen Saphena-Venen (GSV und SSV) mit Veineo.\" \/>\n<meta property=\"og:url\" content=\"https:\/\/fcaresystems.com\/de\/produkte\/verbrauchsmaterialien\/cr45i-packs\/\" \/>\n<meta property=\"og:site_name\" content=\"F Care Systems\" \/>\n<meta property=\"article:modified_time\" content=\"2023-07-07T06:44:40+00:00\" \/>\n<meta property=\"og:image\" content=\"https:\/\/fcaresystems.com\/wp-content\/uploads\/2023\/02\/06CR45iPACK-S_CR45i-S-Pack-with-6F-introducer-set_02.jpg\" \/>\n\t<meta property=\"og:image:width\" content=\"1080\" \/>\n\t<meta property=\"og:image:height\" content=\"810\" \/>\n\t<meta property=\"og:image:type\" content=\"image\/jpeg\" \/>\n<meta name=\"twitter:card\" content=\"summary_large_image\" \/>\n<meta name=\"twitter:label1\" content=\"Gesch\u00e4tzte Lesezeit\" \/>\n\t<meta name=\"twitter:data1\" content=\"2\u00a0Minuten\" \/>\n<script type=\"application\/ld+json\" class=\"yoast-schema-graph\">{\"@context\":\"https:\/\/schema.org\",\"@graph\":[{\"@type\":\"WebPage\",\"@id\":\"https:\/\/fcaresystems.com\/de\/produkte\/verbrauchsmaterialien\/cr45i-packs\/\",\"url\":\"https:\/\/fcaresystems.com\/de\/produkte\/verbrauchsmaterialien\/cr45i-packs\/\",\"name\":\"CR45i Packs | F Care Systems\",\"isPartOf\":{\"@id\":\"https:\/\/fcaresystems.com\/de\/#website\"},\"primaryImageOfPage\":{\"@id\":\"https:\/\/fcaresystems.com\/de\/produkte\/verbrauchsmaterialien\/cr45i-packs\/#primaryimage\"},\"image\":{\"@id\":\"https:\/\/fcaresystems.com\/de\/produkte\/verbrauchsmaterialien\/cr45i-packs\/#primaryimage\"},\"thumbnailUrl\":\"https:\/\/fcaresystems.com\/wp-content\/uploads\/2023\/02\/06CR45iPACK-S_CR45i-S-Pack-with-6F-introducer-set_02.jpg\",\"datePublished\":\"2022-11-18T11:54:38+00:00\",\"dateModified\":\"2023-07-07T06:44:40+00:00\",\"description\":\"Ein All-in-One-Kit f\u00fcr die Radiofrequenzablation der gro\u00dfen und kleinen Saphena-Venen (GSV und SSV) mit Veineo.\",\"breadcrumb\":{\"@id\":\"https:\/\/fcaresystems.com\/de\/produkte\/verbrauchsmaterialien\/cr45i-packs\/#breadcrumb\"},\"inLanguage\":\"de\",\"potentialAction\":[{\"@type\":\"ReadAction\",\"target\":[\"https:\/\/fcaresystems.com\/de\/produkte\/verbrauchsmaterialien\/cr45i-packs\/\"]}]},{\"@type\":\"ImageObject\",\"inLanguage\":\"de\",\"@id\":\"https:\/\/fcaresystems.com\/de\/produkte\/verbrauchsmaterialien\/cr45i-packs\/#primaryimage\",\"url\":\"https:\/\/fcaresystems.com\/wp-content\/uploads\/2023\/02\/06CR45iPACK-S_CR45i-S-Pack-with-6F-introducer-set_02.jpg\",\"contentUrl\":\"https:\/\/fcaresystems.com\/wp-content\/uploads\/2023\/02\/06CR45iPACK-S_CR45i-S-Pack-with-6F-introducer-set_02.jpg\",\"width\":1080,\"height\":810,\"caption\":\"CR45i Pack S with packaging\"},{\"@type\":\"BreadcrumbList\",\"@id\":\"https:\/\/fcaresystems.com\/de\/produkte\/verbrauchsmaterialien\/cr45i-packs\/#breadcrumb\",\"itemListElement\":[{\"@type\":\"ListItem\",\"position\":1,\"name\":\"Home\",\"item\":\"https:\/\/fcaresystems.com\/de\/\"},{\"@type\":\"ListItem\",\"position\":2,\"name\":\"Produkte\",\"item\":\"https:\/\/fcaresystems.com\/de\/produkte\/\"},{\"@type\":\"ListItem\",\"position\":3,\"name\":\"Verbrauchsmaterialien\",\"item\":\"https:\/\/fcaresystems.com\/de\/produkte\/verbrauchsmaterialien\/\"},{\"@type\":\"ListItem\",\"position\":4,\"name\":\"CR45i Packs\"}]},{\"@type\":\"WebSite\",\"@id\":\"https:\/\/fcaresystems.com\/de\/#website\",\"url\":\"https:\/\/fcaresystems.com\/de\/\",\"name\":\"F Care Systems\",\"description\":\"\",\"publisher\":{\"@id\":\"https:\/\/fcaresystems.com\/de\/#organization\"},\"potentialAction\":[{\"@type\":\"SearchAction\",\"target\":{\"@type\":\"EntryPoint\",\"urlTemplate\":\"https:\/\/fcaresystems.com\/de\/?s={search_term_string}\"},\"query-input\":{\"@type\":\"PropertyValueSpecification\",\"valueRequired\":true,\"valueName\":\"search_term_string\"}}],\"inLanguage\":\"de\"},{\"@type\":\"Organization\",\"@id\":\"https:\/\/fcaresystems.com\/de\/#organization\",\"name\":\"F Care Systems\",\"url\":\"https:\/\/fcaresystems.com\/de\/\",\"logo\":{\"@type\":\"ImageObject\",\"inLanguage\":\"de\",\"@id\":\"https:\/\/fcaresystems.com\/de\/#\/schema\/logo\/image\/\",\"url\":\"https:\/\/fcaresystems.com\/wp-content\/uploads\/2022\/11\/logo-2.svg\",\"contentUrl\":\"https:\/\/fcaresystems.com\/wp-content\/uploads\/2022\/11\/logo-2.svg\",\"caption\":\"F Care Systems\"},\"image\":{\"@id\":\"https:\/\/fcaresystems.com\/de\/#\/schema\/logo\/image\/\"}}]}<\/script>\n<!-- \/ Yoast SEO plugin. -->","yoast_head_json":{"title":"CR45i Packs | F Care Systems","description":"Ein All-in-One-Kit f\u00fcr die Radiofrequenzablation der gro\u00dfen und kleinen Saphena-Venen (GSV und SSV) mit Veineo.","robots":{"index":"index","follow":"follow","max-snippet":"max-snippet:-1","max-image-preview":"max-image-preview:large","max-video-preview":"max-video-preview:-1"},"canonical":"https:\/\/fcaresystems.com\/de\/produkte\/verbrauchsmaterialien\/cr45i-packs\/","og_locale":"de_DE","og_type":"article","og_title":"CR45i Packs | F Care Systems","og_description":"Ein All-in-One-Kit f\u00fcr die Radiofrequenzablation der gro\u00dfen und kleinen Saphena-Venen (GSV und SSV) mit Veineo.","og_url":"https:\/\/fcaresystems.com\/de\/produkte\/verbrauchsmaterialien\/cr45i-packs\/","og_site_name":"F Care Systems","article_modified_time":"2023-07-07T06:44:40+00:00","og_image":[{"width":1080,"height":810,"url":"https:\/\/fcaresystems.com\/wp-content\/uploads\/2023\/02\/06CR45iPACK-S_CR45i-S-Pack-with-6F-introducer-set_02.jpg","type":"image\/jpeg"}],"twitter_card":"summary_large_image","twitter_misc":{"Gesch\u00e4tzte Lesezeit":"2\u00a0Minuten"},"schema":{"@context":"https:\/\/schema.org","@graph":[{"@type":"WebPage","@id":"https:\/\/fcaresystems.com\/de\/produkte\/verbrauchsmaterialien\/cr45i-packs\/","url":"https:\/\/fcaresystems.com\/de\/produkte\/verbrauchsmaterialien\/cr45i-packs\/","name":"CR45i Packs | F Care Systems","isPartOf":{"@id":"https:\/\/fcaresystems.com\/de\/#website"},"primaryImageOfPage":{"@id":"https:\/\/fcaresystems.com\/de\/produkte\/verbrauchsmaterialien\/cr45i-packs\/#primaryimage"},"image":{"@id":"https:\/\/fcaresystems.com\/de\/produkte\/verbrauchsmaterialien\/cr45i-packs\/#primaryimage"},"thumbnailUrl":"https:\/\/fcaresystems.com\/wp-content\/uploads\/2023\/02\/06CR45iPACK-S_CR45i-S-Pack-with-6F-introducer-set_02.jpg","datePublished":"2022-11-18T11:54:38+00:00","dateModified":"2023-07-07T06:44:40+00:00","description":"Ein All-in-One-Kit f\u00fcr die Radiofrequenzablation der gro\u00dfen und kleinen Saphena-Venen (GSV und SSV) mit Veineo.","breadcrumb":{"@id":"https:\/\/fcaresystems.com\/de\/produkte\/verbrauchsmaterialien\/cr45i-packs\/#breadcrumb"},"inLanguage":"de","potentialAction":[{"@type":"ReadAction","target":["https:\/\/fcaresystems.com\/de\/produkte\/verbrauchsmaterialien\/cr45i-packs\/"]}]},{"@type":"ImageObject","inLanguage":"de","@id":"https:\/\/fcaresystems.com\/de\/produkte\/verbrauchsmaterialien\/cr45i-packs\/#primaryimage","url":"https:\/\/fcaresystems.com\/wp-content\/uploads\/2023\/02\/06CR45iPACK-S_CR45i-S-Pack-with-6F-introducer-set_02.jpg","contentUrl":"https:\/\/fcaresystems.com\/wp-content\/uploads\/2023\/02\/06CR45iPACK-S_CR45i-S-Pack-with-6F-introducer-set_02.jpg","width":1080,"height":810,"caption":"CR45i Pack S with packaging"},{"@type":"BreadcrumbList","@id":"https:\/\/fcaresystems.com\/de\/produkte\/verbrauchsmaterialien\/cr45i-packs\/#breadcrumb","itemListElement":[{"@type":"ListItem","position":1,"name":"Home","item":"https:\/\/fcaresystems.com\/de\/"},{"@type":"ListItem","position":2,"name":"Produkte","item":"https:\/\/fcaresystems.com\/de\/produkte\/"},{"@type":"ListItem","position":3,"name":"Verbrauchsmaterialien","item":"https:\/\/fcaresystems.com\/de\/produkte\/verbrauchsmaterialien\/"},{"@type":"ListItem","position":4,"name":"CR45i Packs"}]},{"@type":"WebSite","@id":"https:\/\/fcaresystems.com\/de\/#website","url":"https:\/\/fcaresystems.com\/de\/","name":"F Care Systems","description":"","publisher":{"@id":"https:\/\/fcaresystems.com\/de\/#organization"},"potentialAction":[{"@type":"SearchAction","target":{"@type":"EntryPoint","urlTemplate":"https:\/\/fcaresystems.com\/de\/?s={search_term_string}"},"query-input":{"@type":"PropertyValueSpecification","valueRequired":true,"valueName":"search_term_string"}}],"inLanguage":"de"},{"@type":"Organization","@id":"https:\/\/fcaresystems.com\/de\/#organization","name":"F Care Systems","url":"https:\/\/fcaresystems.com\/de\/","logo":{"@type":"ImageObject","inLanguage":"de","@id":"https:\/\/fcaresystems.com\/de\/#\/schema\/logo\/image\/","url":"https:\/\/fcaresystems.com\/wp-content\/uploads\/2022\/11\/logo-2.svg","contentUrl":"https:\/\/fcaresystems.com\/wp-content\/uploads\/2022\/11\/logo-2.svg","caption":"F Care Systems"},"image":{"@id":"https:\/\/fcaresystems.com\/de\/#\/schema\/logo\/image\/"}}]}},"_links":{"self":[{"href":"https:\/\/fcaresystems.com\/de\/wp-json\/wp\/v2\/pages\/7671","targetHints":{"allow":["GET"]}}],"collection":[{"href":"https:\/\/fcaresystems.com\/de\/wp-json\/wp\/v2\/pages"}],"about":[{"href":"https:\/\/fcaresystems.com\/de\/wp-json\/wp\/v2\/types\/page"}],"author":[{"embeddable":true,"href":"https:\/\/fcaresystems.com\/de\/wp-json\/wp\/v2\/users\/1"}],"replies":[{"embeddable":true,"href":"https:\/\/fcaresystems.com\/de\/wp-json\/wp\/v2\/comments?post=7671"}],"version-history":[{"count":11,"href":"https:\/\/fcaresystems.com\/de\/wp-json\/wp\/v2\/pages\/7671\/revisions"}],"predecessor-version":[{"id":11718,"href":"https:\/\/fcaresystems.com\/de\/wp-json\/wp\/v2\/pages\/7671\/revisions\/11718"}],"up":[{"embeddable":true,"href":"https:\/\/fcaresystems.com\/de\/wp-json\/wp\/v2\/pages\/7656"}],"wp:featuredmedia":[{"embeddable":true,"href":"https:\/\/fcaresystems.com\/de\/wp-json\/wp\/v2\/media\/10958"}],"wp:attachment":[{"href":"https:\/\/fcaresystems.com\/de\/wp-json\/wp\/v2\/media?parent=7671"}],"curies":[{"name":"wp","href":"https:\/\/api.w.org\/{rel}","templated":true}]}}