{"id":7664,"date":"2022-11-18T11:56:04","date_gmt":"2022-11-18T10:56:04","guid":{"rendered":"https:\/\/fcaresystems.com\/produkte\/verbrauchsmaterialien\/anoscopes\/"},"modified":"2026-04-23T16:10:32","modified_gmt":"2026-04-23T14:10:32","slug":"anoskope","status":"publish","type":"page","link":"https:\/\/fcaresystems.com\/de\/produkte\/verbrauchsmaterialien\/anoskope\/","title":{"rendered":"Anoskope"},"content":{"rendered":"\n<div class=\"wp-block-fcs-core-container o-container\">\n<div class=\"wp-block-fcs-core-spacer u-padding-md-lg u-padding-md\"><\/div>\n\n\n\n<div class=\"wp-block-group c-breadcrumb\"><div class=\"wp-block-group__inner-container is-layout-flow wp-block-group-is-layout-flow\"><span><span><a href=\"https:\/\/fcaresystems.com\/de\/\">Home<\/a><\/span><\/span>\n<\/div><\/div>\n\n\n\n<div class=\"wp-block-fcs-core-spacer u-padding-md-lg u-padding-md\"><\/div>\n\n\n\n<div class=\"wp-block-columns is-style-largegap is-layout-flex wp-container-core-columns-is-layout-9d6595d7 wp-block-columns-is-layout-flex\">\n<div class=\"wp-block-column is-layout-flow wp-block-column-is-layout-flow\"><div class=\"c-slider-gallery\"><div class=\"c-slider-wrapper\"><div class=\"c-slider c-slider-slick c-slider-slick-for o-block\" ref=\"slickSlide\"><a data-fancybox=\"gallery\" data-caption=\"Anoscope 05ANOL\" href=\"https:\/\/fcaresystems.com\/wp-content\/uploads\/2023\/09\/05ANOL_Anoscope-96xO23mm_01-1.jpg\"><img decoding=\"async\" src=\"https:\/\/fcaresystems.com\/wp-content\/uploads\/2023\/09\/05ANOL_Anoscope-96xO23mm_01-1.jpg\" title=\"Anoscope 05ANOL\"  \/><\/a><a data-fancybox=\"gallery\" data-caption=\"Anoscope with light 05ANOL\" href=\"https:\/\/fcaresystems.com\/wp-content\/uploads\/2023\/09\/05ANOL_Anoscope-96xO23mm_03_Shadow.jpg\"><img decoding=\"async\" src=\"https:\/\/fcaresystems.com\/wp-content\/uploads\/2023\/09\/05ANOL_Anoscope-96xO23mm_03_Shadow.jpg\" title=\"Anoscope with light 05ANOL\"  \/><\/a><a data-fancybox=\"gallery\" data-caption=\"Slotted Anoscope 05ANOL\" href=\"https:\/\/fcaresystems.com\/wp-content\/uploads\/2023\/09\/05ANOL_Anoscope-96xO23mm_opening-2.jpg\"><img decoding=\"async\" src=\"https:\/\/fcaresystems.com\/wp-content\/uploads\/2023\/09\/05ANOL_Anoscope-96xO23mm_opening-2.jpg\" title=\"Slotted Anoscope 05ANOL\"  \/><\/a><a data-fancybox=\"gallery\" data-caption=\"Anoscope 05ANOEKM\" href=\"https:\/\/fcaresystems.com\/wp-content\/uploads\/2022\/12\/05ANOEKM_Anoscope-light-M-95x18-1.jpg\"><img decoding=\"async\" src=\"https:\/\/fcaresystems.com\/wp-content\/uploads\/2022\/12\/05ANOEKM_Anoscope-light-M-95x18-1.jpg\" title=\"Anoscope 05ANOEKM\"  \/><\/a><a data-fancybox=\"gallery\" data-caption=\"Anoscope with ligth 05ANOEKM\" href=\"https:\/\/fcaresystems.com\/wp-content\/uploads\/2022\/12\/05ANOEKL_Anoscope-M.jpg\"><img decoding=\"async\" src=\"https:\/\/fcaresystems.com\/wp-content\/uploads\/2022\/12\/05ANOEKL_Anoscope-M.jpg\" title=\"Anoscope with ligth 05ANOEKM\"  \/><\/a><a data-fancybox=\"gallery\" data-caption=\"Slotted anoscope 05ANOEKM\" href=\"https:\/\/fcaresystems.com\/wp-content\/uploads\/2023\/01\/slotted-anoscope-hemorrhoids-detail.jpg\"><img decoding=\"async\" src=\"https:\/\/fcaresystems.com\/wp-content\/uploads\/2023\/01\/slotted-anoscope-hemorrhoids-detail.jpg\" title=\"Slotted anoscope 05ANOEKM\"  \/><\/a><\/div><\/div><div class=\"c-slider-nav-container\"><div class=\"c-slider c-slider-slick c-slider-slick-nav u-margin-top-sm\" ref=\"slickNav\"><div><img decoding=\"async\" class=\"\" src=\"https:\/\/fcaresystems.com\/wp-content\/uploads\/2023\/09\/05ANOL_Anoscope-96xO23mm_01-1.jpg\" srcset=\"\" alt=\"\" \/><\/div><div><img decoding=\"async\" class=\"\" src=\"https:\/\/fcaresystems.com\/wp-content\/uploads\/2023\/09\/05ANOL_Anoscope-96xO23mm_03_Shadow.jpg\" srcset=\"\" alt=\"\" \/><\/div><div><img decoding=\"async\" class=\"\" src=\"https:\/\/fcaresystems.com\/wp-content\/uploads\/2023\/09\/05ANOL_Anoscope-96xO23mm_opening-2.jpg\" srcset=\"\" alt=\"\" \/><\/div><div><img decoding=\"async\" class=\"\" src=\"https:\/\/fcaresystems.com\/wp-content\/uploads\/2022\/12\/05ANOEKM_Anoscope-light-M-95x18-1.jpg\" srcset=\"\" alt=\"\" \/><\/div><div><img decoding=\"async\" class=\"\" src=\"https:\/\/fcaresystems.com\/wp-content\/uploads\/2022\/12\/05ANOEKL_Anoscope-M.jpg\" srcset=\"\" alt=\"\" \/><\/div><div><img decoding=\"async\" class=\"\" src=\"https:\/\/fcaresystems.com\/wp-content\/uploads\/2023\/01\/slotted-anoscope-hemorrhoids-detail.jpg\" srcset=\"\" alt=\"\" \/><\/div><\/div><\/div><\/div>\n\n\n<div class=\"wp-block-fcs-core-spacer u-padding-md-lg u-padding-md\"><\/div>\n<\/div>\n\n\n\n<div class=\"wp-block-column is-layout-flow wp-block-column-is-layout-flow\">\n<h1 class=\"wp-block-heading has-secondary-color has-text-color\">Schlitzanoskope mit Licht<\/h1>\n\n\n\n<p>Unsere Einweg-Anoskope haben eine aufgeweitete \u00d6ffnung f\u00fcr einen besseren Zugang und einen praktischen Griff, der die Positionierung des Schlitzes \u00fcber den H\u00e4morrhoiden erleichtert. Beide Anoskope sind mit einer LED-Lichtquelle ausgestattet, die die Untersuchung durch hervorragende Sichtbarkeit verbessert.<\/p>\n\n\n\n<p><\/p>\n\n\n\n<p><strong>Produktreferenzen<\/strong><br>05ANOL (Gro\u00df)<br>05ANOEKM (Mittle)<\/p>\n\n\n\n<div class=\"wp-block-fcs-core-spacer u-padding-xs-lg u-padding-xs\"><\/div>\n\n\n\n<h3 class=\"wp-block-heading has-secondary-color has-text-color\">Technische Spezifikationen 05ANOL<\/h3>\n\n\n\n<p>Material: ABS<br>Griffl\u00e4nge: 100 mm<br>Ma\u00dfe: \u00d823 x L 96 mm<\/p>\n\n\n\n<h3 class=\"wp-block-heading has-secondary-color has-text-color\">Technische Spezifikationen 05ANOEKM<\/h3>\n\n\n\n<p>Material: Polystyrol<br>Griffl\u00e4nge: 110 mm<br>Ma\u00dfe: &nbsp;\u00d818 x L 95 mm<br>Das Batteriefach ist abnehmbar, sodass es nach Gebrauch separat recycelt werden kann.<\/p>\n\n\n\n<div class=\"wp-block-fcs-core-spacer u-padding-xs-lg u-padding-xs\"><\/div>\n\n\n\n<p><em>Kontaktieren Sie uns, um zu pr\u00fcfen, ob diese Produkte in Ihrer Region verf\u00fcgbar sind.<\/em><\/p>\n<\/div>\n<\/div>\n\n\n\n<div class=\"wp-block-fcs-core-spacer u-padding-xl-lg u-padding-md\"><\/div>\n<\/div>\n\n\n\n<div class=\"wp-block-group has-secondary-background-color has-background\"><div class=\"wp-block-group__inner-container is-layout-constrained wp-block-group-is-layout-constrained\">\n<div class=\"wp-block-fcs-core-spacer u-padding-md-lg u-padding-md\"><\/div>\n\n\n\n<div class=\"wp-block-fcs-core-container o-container\">\n<figure class=\"wp-block-image size-full is-resized\"><img decoding=\"async\" src=\"https:\/\/fcaresystems.com\/wp-content\/uploads\/2022\/11\/icon-doctor-white.svg\" alt=\"\" class=\"wp-image-392\" style=\"width:46px;height:48px\"\/><\/figure>\n\n\n\n<div class=\"wp-block-fcs-core-spacer u-padding-xxs-lg u-padding-sm\"><\/div>\n\n\n\n<div class=\"wp-block-columns is-layout-flex wp-container-core-columns-is-layout-9d6595d7 wp-block-columns-is-layout-flex\">\n<div class=\"wp-block-column is-layout-flow wp-block-column-is-layout-flow\" style=\"flex-basis:54%\">\n<h2 class=\"wp-block-heading u-margin-none has-white-color has-text-color\">Ich brauche dies f\u00fcr meine Praxis<\/h2>\n\n\n\n<div class=\"wp-block-fcs-core-spacer u-padding-xxs-lg u-padding-xs\"><\/div>\n<\/div>\n\n\n\n<div class=\"wp-block-column is-vertically-aligned-bottom is-layout-flow wp-block-column-is-layout-flow\">\n<div class=\"wp-block-buttons is-content-justification-left is-layout-flex wp-container-core-buttons-is-layout-fdcfc74e wp-block-buttons-is-layout-flex\">\n<div class=\"wp-block-button alignright\"><a class=\"wp-block-button__link has-primary-background-color has-background wp-element-button\" href=\"https:\/\/fcaresystems.com\/de\/produkte\/bestellungen\/\">Dieses Produkt bestellen<\/a><\/div>\n\n\n\n<div class=\"wp-block-button alignright is-style-outline is-style-outline--1\"><a class=\"wp-block-button__link has-white-color has-text-color wp-element-button\" href=\"https:\/\/fcaresystems.com\/de\/produkte\/\">alle Produkte anzeigen<\/a><\/div>\n<\/div>\n<\/div>\n<\/div>\n<\/div>\n\n\n\n<div class=\"wp-block-fcs-core-spacer u-padding-md-lg u-padding-md\"><\/div>\n<\/div><\/div>\n\n\n\n<div class=\"wp-block-fcs-core-spacer u-padding-xl-lg u-padding-md\"><\/div>\n\n\n\n<div class=\"wp-block-fcs-core-container o-container\">\n<h2 class=\"wp-block-heading is-style-underline has-secondary-color has-text-color\">Verbundene Behandlungen<\/h2>\n\n\n\n<div class=\"wp-block-fcs-core-spacer u-padding-xs-lg u-padding-sm\"><\/div>\n\n\n\n<div class=\"wp-block-columns is-layout-flex wp-container-core-columns-is-layout-9d6595d7 wp-block-columns-is-layout-flex\">\n<div class=\"wp-block-column is-layout-flow wp-block-column-is-layout-flow\">\n<h3 class=\"wp-block-heading has-secondary-color has-text-color\">H\u00e4morrhoiden-Behandlung<\/h3>\n\n\n\n<p>Erfahren wie unsere Einweg-Anoskope bei der nicht-chirurgischen Behandlung von inneren H\u00e4morrhoiden mit Rafaelo\u00ae eingesetzt werden.<\/p>\n\n\n\n<div class=\"wp-block-fcs-core-spacer u-padding-xs-lg u-padding-sm\"><\/div>\n\n\n\n<div class=\"wp-block-buttons is-layout-flex wp-block-buttons-is-layout-flex\">\n<div class=\"wp-block-button is-style-fill\"><a class=\"wp-block-button__link has-white-color has-primary-background-color has-text-color has-background wp-element-button\" href=\"https:\/\/fcaresystems.com\/de\/minimalinvasive-behandlungen\/proktologie\/rf-ablation-haemorrhoiden\/\">Mehr \u00fcber Rafaelo\u00ae erfahren<\/a><\/div>\n<\/div>\n<\/div>\n\n\n\n<div class=\"wp-block-column is-layout-flow wp-block-column-is-layout-flow\"><\/div>\n<\/div>\n<\/div>\n\n\n\n<div class=\"wp-block-fcs-core-spacer u-padding-xxxl-lg u-padding-md\"><\/div>\n","protected":false},"excerpt":{"rendered":"<p>Unsere Schlitz-Anoskopsets bieten ausgezeichnete Sicht und Man\u00f6vrierf\u00e4higkeit.<\/p>\n","protected":false},"author":1,"featured_media":12523,"parent":7656,"menu_order":0,"comment_status":"closed","ping_status":"closed","template":"","meta":{"_color_hex":"","_color_slug":"","footnotes":""},"class_list":["post-7664","page","type-page","status-publish","has-post-thumbnail","hentry"],"yoast_head":"<!-- This site is optimized with the Yoast SEO plugin v27.5 - https:\/\/yoast.com\/product\/yoast-seo-wordpress\/ -->\n<title>Einweg-Schlitzanoskope mit Licht | F Care Systems<\/title>\n<meta name=\"description\" content=\"Geschlitzten Einweg-Anoskop- und -Obturator-Sets f\u00fcr die Behandlung von inneren H\u00e4morrhoiden mit Rafaelo\u00ae.\" \/>\n<meta name=\"robots\" content=\"index, follow, max-snippet:-1, max-image-preview:large, max-video-preview:-1\" \/>\n<link rel=\"canonical\" href=\"https:\/\/fcaresystems.com\/de\/produkte\/verbrauchsmaterialien\/anoskope\/\" \/>\n<meta property=\"og:locale\" content=\"de_DE\" \/>\n<meta property=\"og:type\" content=\"article\" \/>\n<meta property=\"og:title\" content=\"Einweg-Schlitzanoskope mit Licht | F Care Systems\" \/>\n<meta property=\"og:description\" content=\"Geschlitzten Einweg-Anoskop- und -Obturator-Sets f\u00fcr die Behandlung von inneren H\u00e4morrhoiden mit Rafaelo\u00ae.\" \/>\n<meta property=\"og:url\" content=\"https:\/\/fcaresystems.com\/de\/produkte\/verbrauchsmaterialien\/anoskope\/\" \/>\n<meta property=\"og:site_name\" content=\"F Care Systems\" \/>\n<meta property=\"article:modified_time\" content=\"2026-04-23T14:10:32+00:00\" \/>\n<meta property=\"og:image\" content=\"https:\/\/fcaresystems.com\/wp-content\/uploads\/2023\/09\/05ANOL_Anoscope-96xO23mm_01-1.jpg\" \/>\n\t<meta property=\"og:image:width\" content=\"1080\" \/>\n\t<meta property=\"og:image:height\" content=\"810\" \/>\n\t<meta property=\"og:image:type\" content=\"image\/jpeg\" \/>\n<meta name=\"twitter:card\" content=\"summary_large_image\" \/>\n<meta name=\"twitter:label1\" content=\"Gesch\u00e4tzte Lesezeit\" \/>\n\t<meta name=\"twitter:data1\" content=\"1\u00a0Minute\" \/>\n<script type=\"application\/ld+json\" class=\"yoast-schema-graph\">{\"@context\":\"https:\\\/\\\/schema.org\",\"@graph\":[{\"@type\":\"WebPage\",\"@id\":\"https:\\\/\\\/fcaresystems.com\\\/de\\\/produkte\\\/verbrauchsmaterialien\\\/anoskope\\\/\",\"url\":\"https:\\\/\\\/fcaresystems.com\\\/de\\\/produkte\\\/verbrauchsmaterialien\\\/anoskope\\\/\",\"name\":\"Einweg-Schlitzanoskope mit Licht | F Care Systems\",\"isPartOf\":{\"@id\":\"https:\\\/\\\/fcaresystems.com\\\/de\\\/#website\"},\"primaryImageOfPage\":{\"@id\":\"https:\\\/\\\/fcaresystems.com\\\/de\\\/produkte\\\/verbrauchsmaterialien\\\/anoskope\\\/#primaryimage\"},\"image\":{\"@id\":\"https:\\\/\\\/fcaresystems.com\\\/de\\\/produkte\\\/verbrauchsmaterialien\\\/anoskope\\\/#primaryimage\"},\"thumbnailUrl\":\"https:\\\/\\\/fcaresystems.com\\\/wp-content\\\/uploads\\\/2023\\\/09\\\/05ANOL_Anoscope-96xO23mm_01-1.jpg\",\"datePublished\":\"2022-11-18T10:56:04+00:00\",\"dateModified\":\"2026-04-23T14:10:32+00:00\",\"description\":\"Geschlitzten Einweg-Anoskop- und -Obturator-Sets f\u00fcr die Behandlung von inneren H\u00e4morrhoiden mit Rafaelo\u00ae.\",\"breadcrumb\":{\"@id\":\"https:\\\/\\\/fcaresystems.com\\\/de\\\/produkte\\\/verbrauchsmaterialien\\\/anoskope\\\/#breadcrumb\"},\"inLanguage\":\"de\",\"potentialAction\":[{\"@type\":\"ReadAction\",\"target\":[\"https:\\\/\\\/fcaresystems.com\\\/de\\\/produkte\\\/verbrauchsmaterialien\\\/anoskope\\\/\"]}]},{\"@type\":\"ImageObject\",\"inLanguage\":\"de\",\"@id\":\"https:\\\/\\\/fcaresystems.com\\\/de\\\/produkte\\\/verbrauchsmaterialien\\\/anoskope\\\/#primaryimage\",\"url\":\"https:\\\/\\\/fcaresystems.com\\\/wp-content\\\/uploads\\\/2023\\\/09\\\/05ANOL_Anoscope-96xO23mm_01-1.jpg\",\"contentUrl\":\"https:\\\/\\\/fcaresystems.com\\\/wp-content\\\/uploads\\\/2023\\\/09\\\/05ANOL_Anoscope-96xO23mm_01-1.jpg\",\"width\":1080,\"height\":810,\"caption\":\"Anoscope 05ANOL\"},{\"@type\":\"BreadcrumbList\",\"@id\":\"https:\\\/\\\/fcaresystems.com\\\/de\\\/produkte\\\/verbrauchsmaterialien\\\/anoskope\\\/#breadcrumb\",\"itemListElement\":[{\"@type\":\"ListItem\",\"position\":1,\"name\":\"Home\",\"item\":\"https:\\\/\\\/fcaresystems.com\\\/de\\\/\"},{\"@type\":\"ListItem\",\"position\":2,\"name\":\"Produkte\",\"item\":\"https:\\\/\\\/fcaresystems.com\\\/de\\\/produkte\\\/\"},{\"@type\":\"ListItem\",\"position\":3,\"name\":\"Verbrauchsmaterialien\",\"item\":\"https:\\\/\\\/fcaresystems.com\\\/de\\\/produkte\\\/verbrauchsmaterialien\\\/\"},{\"@type\":\"ListItem\",\"position\":4,\"name\":\"Anoskope\"}]},{\"@type\":\"WebSite\",\"@id\":\"https:\\\/\\\/fcaresystems.com\\\/de\\\/#website\",\"url\":\"https:\\\/\\\/fcaresystems.com\\\/de\\\/\",\"name\":\"F Care Systems\",\"description\":\"\",\"publisher\":{\"@id\":\"https:\\\/\\\/fcaresystems.com\\\/de\\\/#organization\"},\"potentialAction\":[{\"@type\":\"SearchAction\",\"target\":{\"@type\":\"EntryPoint\",\"urlTemplate\":\"https:\\\/\\\/fcaresystems.com\\\/de\\\/?s={search_term_string}\"},\"query-input\":{\"@type\":\"PropertyValueSpecification\",\"valueRequired\":true,\"valueName\":\"search_term_string\"}}],\"inLanguage\":\"de\"},{\"@type\":\"Organization\",\"@id\":\"https:\\\/\\\/fcaresystems.com\\\/de\\\/#organization\",\"name\":\"F Care Systems\",\"url\":\"https:\\\/\\\/fcaresystems.com\\\/de\\\/\",\"logo\":{\"@type\":\"ImageObject\",\"inLanguage\":\"de\",\"@id\":\"https:\\\/\\\/fcaresystems.com\\\/de\\\/#\\\/schema\\\/logo\\\/image\\\/\",\"url\":\"https:\\\/\\\/fcaresystems.com\\\/wp-content\\\/uploads\\\/2022\\\/11\\\/logo-2.svg\",\"contentUrl\":\"https:\\\/\\\/fcaresystems.com\\\/wp-content\\\/uploads\\\/2022\\\/11\\\/logo-2.svg\",\"caption\":\"F Care Systems\"},\"image\":{\"@id\":\"https:\\\/\\\/fcaresystems.com\\\/de\\\/#\\\/schema\\\/logo\\\/image\\\/\"}}]}<\/script>\n<!-- \/ Yoast SEO plugin. -->","yoast_head_json":{"title":"Einweg-Schlitzanoskope mit Licht | F Care Systems","description":"Geschlitzten Einweg-Anoskop- und -Obturator-Sets f\u00fcr die Behandlung von inneren H\u00e4morrhoiden mit Rafaelo\u00ae.","robots":{"index":"index","follow":"follow","max-snippet":"max-snippet:-1","max-image-preview":"max-image-preview:large","max-video-preview":"max-video-preview:-1"},"canonical":"https:\/\/fcaresystems.com\/de\/produkte\/verbrauchsmaterialien\/anoskope\/","og_locale":"de_DE","og_type":"article","og_title":"Einweg-Schlitzanoskope mit Licht | F Care Systems","og_description":"Geschlitzten Einweg-Anoskop- und -Obturator-Sets f\u00fcr die Behandlung von inneren H\u00e4morrhoiden mit Rafaelo\u00ae.","og_url":"https:\/\/fcaresystems.com\/de\/produkte\/verbrauchsmaterialien\/anoskope\/","og_site_name":"F Care Systems","article_modified_time":"2026-04-23T14:10:32+00:00","og_image":[{"width":1080,"height":810,"url":"https:\/\/fcaresystems.com\/wp-content\/uploads\/2023\/09\/05ANOL_Anoscope-96xO23mm_01-1.jpg","type":"image\/jpeg"}],"twitter_card":"summary_large_image","twitter_misc":{"Gesch\u00e4tzte Lesezeit":"1\u00a0Minute"},"schema":{"@context":"https:\/\/schema.org","@graph":[{"@type":"WebPage","@id":"https:\/\/fcaresystems.com\/de\/produkte\/verbrauchsmaterialien\/anoskope\/","url":"https:\/\/fcaresystems.com\/de\/produkte\/verbrauchsmaterialien\/anoskope\/","name":"Einweg-Schlitzanoskope mit Licht | F Care Systems","isPartOf":{"@id":"https:\/\/fcaresystems.com\/de\/#website"},"primaryImageOfPage":{"@id":"https:\/\/fcaresystems.com\/de\/produkte\/verbrauchsmaterialien\/anoskope\/#primaryimage"},"image":{"@id":"https:\/\/fcaresystems.com\/de\/produkte\/verbrauchsmaterialien\/anoskope\/#primaryimage"},"thumbnailUrl":"https:\/\/fcaresystems.com\/wp-content\/uploads\/2023\/09\/05ANOL_Anoscope-96xO23mm_01-1.jpg","datePublished":"2022-11-18T10:56:04+00:00","dateModified":"2026-04-23T14:10:32+00:00","description":"Geschlitzten Einweg-Anoskop- und -Obturator-Sets f\u00fcr die Behandlung von inneren H\u00e4morrhoiden mit Rafaelo\u00ae.","breadcrumb":{"@id":"https:\/\/fcaresystems.com\/de\/produkte\/verbrauchsmaterialien\/anoskope\/#breadcrumb"},"inLanguage":"de","potentialAction":[{"@type":"ReadAction","target":["https:\/\/fcaresystems.com\/de\/produkte\/verbrauchsmaterialien\/anoskope\/"]}]},{"@type":"ImageObject","inLanguage":"de","@id":"https:\/\/fcaresystems.com\/de\/produkte\/verbrauchsmaterialien\/anoskope\/#primaryimage","url":"https:\/\/fcaresystems.com\/wp-content\/uploads\/2023\/09\/05ANOL_Anoscope-96xO23mm_01-1.jpg","contentUrl":"https:\/\/fcaresystems.com\/wp-content\/uploads\/2023\/09\/05ANOL_Anoscope-96xO23mm_01-1.jpg","width":1080,"height":810,"caption":"Anoscope 05ANOL"},{"@type":"BreadcrumbList","@id":"https:\/\/fcaresystems.com\/de\/produkte\/verbrauchsmaterialien\/anoskope\/#breadcrumb","itemListElement":[{"@type":"ListItem","position":1,"name":"Home","item":"https:\/\/fcaresystems.com\/de\/"},{"@type":"ListItem","position":2,"name":"Produkte","item":"https:\/\/fcaresystems.com\/de\/produkte\/"},{"@type":"ListItem","position":3,"name":"Verbrauchsmaterialien","item":"https:\/\/fcaresystems.com\/de\/produkte\/verbrauchsmaterialien\/"},{"@type":"ListItem","position":4,"name":"Anoskope"}]},{"@type":"WebSite","@id":"https:\/\/fcaresystems.com\/de\/#website","url":"https:\/\/fcaresystems.com\/de\/","name":"F Care Systems","description":"","publisher":{"@id":"https:\/\/fcaresystems.com\/de\/#organization"},"potentialAction":[{"@type":"SearchAction","target":{"@type":"EntryPoint","urlTemplate":"https:\/\/fcaresystems.com\/de\/?s={search_term_string}"},"query-input":{"@type":"PropertyValueSpecification","valueRequired":true,"valueName":"search_term_string"}}],"inLanguage":"de"},{"@type":"Organization","@id":"https:\/\/fcaresystems.com\/de\/#organization","name":"F Care Systems","url":"https:\/\/fcaresystems.com\/de\/","logo":{"@type":"ImageObject","inLanguage":"de","@id":"https:\/\/fcaresystems.com\/de\/#\/schema\/logo\/image\/","url":"https:\/\/fcaresystems.com\/wp-content\/uploads\/2022\/11\/logo-2.svg","contentUrl":"https:\/\/fcaresystems.com\/wp-content\/uploads\/2022\/11\/logo-2.svg","caption":"F Care Systems"},"image":{"@id":"https:\/\/fcaresystems.com\/de\/#\/schema\/logo\/image\/"}}]}},"_links":{"self":[{"href":"https:\/\/fcaresystems.com\/de\/wp-json\/wp\/v2\/pages\/7664","targetHints":{"allow":["GET"]}}],"collection":[{"href":"https:\/\/fcaresystems.com\/de\/wp-json\/wp\/v2\/pages"}],"about":[{"href":"https:\/\/fcaresystems.com\/de\/wp-json\/wp\/v2\/types\/page"}],"author":[{"embeddable":true,"href":"https:\/\/fcaresystems.com\/de\/wp-json\/wp\/v2\/users\/1"}],"replies":[{"embeddable":true,"href":"https:\/\/fcaresystems.com\/de\/wp-json\/wp\/v2\/comments?post=7664"}],"version-history":[{"count":14,"href":"https:\/\/fcaresystems.com\/de\/wp-json\/wp\/v2\/pages\/7664\/revisions"}],"predecessor-version":[{"id":16333,"href":"https:\/\/fcaresystems.com\/de\/wp-json\/wp\/v2\/pages\/7664\/revisions\/16333"}],"up":[{"embeddable":true,"href":"https:\/\/fcaresystems.com\/de\/wp-json\/wp\/v2\/pages\/7656"}],"wp:featuredmedia":[{"embeddable":true,"href":"https:\/\/fcaresystems.com\/de\/wp-json\/wp\/v2\/media\/12523"}],"wp:attachment":[{"href":"https:\/\/fcaresystems.com\/de\/wp-json\/wp\/v2\/media?parent=7664"}],"curies":[{"name":"wp","href":"https:\/\/api.w.org\/{rel}","templated":true}]}}